{"id":1637,"date":"2022-12-11T09:03:40","date_gmt":"2022-12-11T08:03:40","guid":{"rendered":"https:\/\/lions-pharmacy.com\/options-de-paiement"},"modified":"2023-09-07T11:12:53","modified_gmt":"2023-09-07T10:12:53","slug":"options-de-paiement","status":"publish","type":"page","link":"https:\/\/loewentestneu.metafex.io\/fr\/options-de-paiement","title":{"rendered":"Options de paiement"},"content":{"rendered":"\n<h3 class=\"wp-block-heading\">PAIEMENT &#8211; VOS OPTIONS DE PAIEMENT<\/h3>\n\n<p>Quelles sont les options de paiement disponibles pour les commandes en ligne ?<\/p>\n\n<h4 class=\"wp-block-heading\">PAIEMENT ANTICIP\u00c9<\/h4>\n\n<p>Si vous choisissez le mode de paiement &#8220;Pr\u00e9paiement&#8221;, vous recevrez une confirmation de commande avec nos coordonn\u00e9es bancaires et le montant de la facture apr\u00e8s votre commande. Vous transf\u00e9rez le montant de la facture et d\u00e8s que nous le recevons, votre commande est trait\u00e9e et exp\u00e9di\u00e9e.<\/p>\n\n<h4 class=\"wp-block-heading\">PAYPAL<\/h4>\n\n<p>Si vous choisissez &#8220;<a href=\"https:\/\/www.paypal.com\/us\/home\" target=\"_blank\" rel=\"noreferrer noopener\">PayPal<\/a>&#8221; comme mode de paiement, vous payez le montant de la facture directement via votre compte Paypal existant ou nouveau. Nous traiterons et exp\u00e9dierons la commande imm\u00e9diatement.<\/p>\n\n<p><\/p>\n\n<h4 class=\"wp-block-heading\">SYST\u00c8ME DE DOMICILIATION SEPA<\/h4>\n\n<p>Si vous s\u00e9lectionnez &#8220;SEPA Direct Debit&#8221; comme mode de paiement, vos donn\u00e9es bancaires seront demand\u00e9es et v\u00e9rifi\u00e9es. Vous recevrez une confirmation de commande avec le montant de la facture. Par la suite, ce montant sera automatiquement d\u00e9bit\u00e9 de votre compte bancaire. D\u00e8s r\u00e9ception du paiement (environ 2 \u00e0 3 jours ouvrables), votre commande sera trait\u00e9e et exp\u00e9di\u00e9e.<\/p>\n\n<h4 class=\"wp-block-heading\">CARTE DE CR\u00c9DIT (VIA LE COMPTE PAYPAL)<\/h4>\n\n<p>Si vous s\u00e9lectionnez &#8220;carte de cr\u00e9dit&#8221; comme mode de paiement, vous serez redirig\u00e9 vers Paypal au cours du processus de commande. Dans votre compte PayPal, vous pouvez saisir ou d\u00e9poser les donn\u00e9es de votre carte de cr\u00e9dit. Nous traiterons et exp\u00e9dierons la commande imm\u00e9diatement.<\/p>\n\n<p><\/p>\n\n<p class=\"has-text-align-left\"><strong>CARTE  <\/strong><\/p>\n\n<p><\/p>\n<div class=\"woocommerce woocommerce-gzd\">\n\t<ul class=\"payment_methods methods\">\n\t\t\t\t\t<li class=\"payment_method_mollie_wc_gateway_bancontact\">\n\t\t\t\t<label>Bancontact<img data-src='https:\/\/loewentestneu.metafex.io\/wp-content\/plugins\/mollie-payments-for-woocommerce\/public\/images\/bancontact.svg' alt='bancontact icon' class='mollie-gateway-icon lazyload' src='data:image\/svg+xml;base64,PHN2ZyB3aWR0aD0iMSIgaGVpZ2h0PSIxIiB4bWxucz0iaHR0cDovL3d3dy53My5vcmcvMjAwMC9zdmciPjwvc3ZnPg==' \/><\/label>\n\t\t\t\t\t\t\t<\/li>\n\t\t\t\t\t<li class=\"payment_method_mollie_wc_gateway_bancomatpay\">\n\t\t\t\t<label>Bancomat Pay<img data-src='https:\/\/loewentestneu.metafex.io\/wp-content\/plugins\/mollie-payments-for-woocommerce\/public\/images\/bancomatpay.svg' alt='bancomatpay icon' class='mollie-gateway-icon lazyload' src='data:image\/svg+xml;base64,PHN2ZyB3aWR0aD0iMSIgaGVpZ2h0PSIxIiB4bWxucz0iaHR0cDovL3d3dy53My5vcmcvMjAwMC9zdmciPjwvc3ZnPg==' \/><\/label>\n\t\t\t\t\t\t\t<\/li>\n\t\t\t\t\t<li class=\"payment_method_mollie_wc_gateway_przelewy24\">\n\t\t\t\t<label>Przelewy24<img data-src='https:\/\/loewentestneu.metafex.io\/wp-content\/plugins\/mollie-payments-for-woocommerce\/public\/images\/przelewy24.svg' alt='przelewy24 icon' class='mollie-gateway-icon lazyload' src='data:image\/svg+xml;base64,PHN2ZyB3aWR0aD0iMSIgaGVpZ2h0PSIxIiB4bWxucz0iaHR0cDovL3d3dy53My5vcmcvMjAwMC9zdmciPjwvc3ZnPg==' \/><\/label>\n\t\t\t\t\t\t\t<\/li>\n\t\t\t\t\t<li class=\"payment_method_mollie_wc_gateway_belfius\">\n\t\t\t\t<label>Belfius Direct Net<img data-src='https:\/\/loewentestneu.metafex.io\/wp-content\/plugins\/mollie-payments-for-woocommerce\/public\/images\/belfius.svg' alt='belfius icon' class='mollie-gateway-icon lazyload' src='data:image\/svg+xml;base64,PHN2ZyB3aWR0aD0iMSIgaGVpZ2h0PSIxIiB4bWxucz0iaHR0cDovL3d3dy53My5vcmcvMjAwMC9zdmciPjwvc3ZnPg==' \/><\/label>\n\t\t\t\t\t\t\t<\/li>\n\t\t\t\t\t<li class=\"payment_method_mollie_wc_gateway_twint\">\n\t\t\t\t<label>TWINT<img data-src='https:\/\/loewentestneu.metafex.io\/wp-content\/plugins\/mollie-payments-for-woocommerce\/public\/images\/twint.svg' alt='twint icon' class='mollie-gateway-icon lazyload' src='data:image\/svg+xml;base64,PHN2ZyB3aWR0aD0iMSIgaGVpZ2h0PSIxIiB4bWxucz0iaHR0cDovL3d3dy53My5vcmcvMjAwMC9zdmciPjwvc3ZnPg==' \/><\/label>\n\t\t\t\t\t\t\t<\/li>\n\t\t\t\t\t<li class=\"payment_method_mollie_wc_gateway_eps\">\n\t\t\t\t<label>EPS<img data-src='https:\/\/loewentestneu.metafex.io\/wp-content\/plugins\/mollie-payments-for-woocommerce\/public\/images\/eps.svg' alt='eps icon' class='mollie-gateway-icon lazyload' src='data:image\/svg+xml;base64,PHN2ZyB3aWR0aD0iMSIgaGVpZ2h0PSIxIiB4bWxucz0iaHR0cDovL3d3dy53My5vcmcvMjAwMC9zdmciPjwvc3ZnPg==' \/><\/label>\n\t\t\t\t\t\t\t<\/li>\n\t\t\t\t\t<li class=\"payment_method_mollie_wc_gateway_ideal\">\n\t\t\t\t<label>iDEAL<img data-src='https:\/\/loewentestneu.metafex.io\/wp-content\/plugins\/mollie-payments-for-woocommerce\/public\/images\/ideal.svg' alt='ideal icon' class='mollie-gateway-icon lazyload' src='data:image\/svg+xml;base64,PHN2ZyB3aWR0aD0iMSIgaGVpZ2h0PSIxIiB4bWxucz0iaHR0cDovL3d3dy53My5vcmcvMjAwMC9zdmciPjwvc3ZnPg==' \/><\/label>\n\t\t\t\t\t\t\t\t\t<div class=\"payment_box payment_method_mollie_wc_gateway_ideal\">\n\t\t\t\t\t\t<p>S\u00e9lectionnez votre banque<\/p>\n\t\t\t\t\t<\/div>\n\t\t\t\t\t\t\t<\/li>\n\t\t\t\t\t<li class=\"payment_method_mollie_wc_gateway_applepay\">\n\t\t\t\t<label>Apple Pay<img data-src='https:\/\/loewentestneu.metafex.io\/wp-content\/plugins\/mollie-payments-for-woocommerce\/public\/images\/applepay.svg' alt='applepay icon' class='mollie-gateway-icon lazyload' src='data:image\/svg+xml;base64,PHN2ZyB3aWR0aD0iMSIgaGVpZ2h0PSIxIiB4bWxucz0iaHR0cDovL3d3dy53My5vcmcvMjAwMC9zdmciPjwvc3ZnPg==' \/><\/label>\n\t\t\t\t\t\t\t<\/li>\n\t\t\t\t\t<li class=\"payment_method_mollie_wc_gateway_creditcard\">\n\t\t\t\t<label>Carte de cr\u00e9dit<img data-src='https:\/\/loewentestneu.metafex.io\/wp-content\/plugins\/mollie-payments-for-woocommerce\/\/public\/images\/amex.svg' alt='creditcard icon' class='mollie-gateway-icon lazyload' src='data:image\/svg+xml;base64,PHN2ZyB3aWR0aD0iMSIgaGVpZ2h0PSIxIiB4bWxucz0iaHR0cDovL3d3dy53My5vcmcvMjAwMC9zdmciPjwvc3ZnPg==' \/><img data-src='https:\/\/loewentestneu.metafex.io\/wp-content\/plugins\/mollie-payments-for-woocommerce\/\/public\/images\/mastercard.svg' alt='creditcard icon' class='mollie-gateway-icon lazyload' src='data:image\/svg+xml;base64,PHN2ZyB3aWR0aD0iMSIgaGVpZ2h0PSIxIiB4bWxucz0iaHR0cDovL3d3dy53My5vcmcvMjAwMC9zdmciPjwvc3ZnPg==' \/><img data-src='https:\/\/loewentestneu.metafex.io\/wp-content\/plugins\/mollie-payments-for-woocommerce\/\/public\/images\/visa.svg' alt='creditcard icon' class='mollie-gateway-icon lazyload' src='data:image\/svg+xml;base64,PHN2ZyB3aWR0aD0iMSIgaGVpZ2h0PSIxIiB4bWxucz0iaHR0cDovL3d3dy53My5vcmcvMjAwMC9zdmciPjwvc3ZnPg==' \/><\/label>\n\t\t\t\t\t\t\t\t\t<div class=\"payment_box payment_method_mollie_wc_gateway_creditcard\">\n\t\t\t\t\t\t<p><\/p>\n\t\t\t\t\t<\/div>\n\t\t\t\t\t\t\t<\/li>\n\t\t\t\t\t<li class=\"payment_method_ppcp-gateway\">\n\t\t\t\t<label>PayPal<img decoding=\"async\" data-src=\"https:\/\/loewentestneu.metafex.io\/wp-content\/plugins\/woocommerce-paypal-payments\/modules\/ppcp-wc-gateway\/assets\/images\/paypal.svg\" alt=\"PayPal\" src=\"data:image\/svg+xml;base64,PHN2ZyB3aWR0aD0iMSIgaGVpZ2h0PSIxIiB4bWxucz0iaHR0cDovL3d3dy53My5vcmcvMjAwMC9zdmciPjwvc3ZnPg==\" class=\"lazyload\" \/><\/label>\n\t\t\t\t\t\t\t<\/li>\n\t\t\t\t\t<li class=\"payment_method_ppcp-googlepay\">\n\t\t\t\t<label>Google Pay<img decoding=\"async\" data-src=\"https:\/\/loewentestneu.metafex.io\/wp-content\/plugins\/woocommerce-paypal-payments\/modules\/ppcp-googlepay\/assets\/images\/googlepay.svg\" alt=\"Google Pay\" src=\"data:image\/svg+xml;base64,PHN2ZyB3aWR0aD0iMSIgaGVpZ2h0PSIxIiB4bWxucz0iaHR0cDovL3d3dy53My5vcmcvMjAwMC9zdmciPjwvc3ZnPg==\" class=\"lazyload\" \/><\/label>\n\t\t\t\t\t\t\t<\/li>\n\t\t\t\t\t<li class=\"payment_method_mollie_wc_gateway_trustly\">\n\t\t\t\t<label>Trustly<img data-src='https:\/\/loewentestneu.metafex.io\/wp-content\/plugins\/mollie-payments-for-woocommerce\/public\/images\/trustly.svg' alt='trustly icon' class='mollie-gateway-icon lazyload' src='data:image\/svg+xml;base64,PHN2ZyB3aWR0aD0iMSIgaGVpZ2h0PSIxIiB4bWxucz0iaHR0cDovL3d3dy53My5vcmcvMjAwMC9zdmciPjwvc3ZnPg==' \/><\/label>\n\t\t\t\t\t\t\t<\/li>\n\t\t\t\t\t<li class=\"payment_method_invoice\">\n\t\t\t\t<label>Pay by Invoice<\/label>\n\t\t\t\t\t\t\t\t\t<div class=\"payment_box payment_method_invoice\">\n\t\t\t\t\t\t<p>You'll receive an invoice after your order. Please transfer the order amount to our bank account within 14 days.<\/p>\n\t\t\t\t\t<\/div>\n\t\t\t\t\t\t\t<\/li>\n\t\t\t\t\t<li class=\"payment_method_bacs\">\n\t\t\t\t<label>Virement bancaire<\/label>\n\t\t\t\t\t\t\t\t\t<div class=\"payment_box payment_method_bacs\">\n\t\t\t\t\t\t<p>Vous recevrez les d\u00e9tails du paiement anticip\u00e9 apr\u00e8s votre commande. Veuillez virer le montant de la commande sur notre compte bancaire.<\/p>\n\t\t\t\t\t<\/div>\n\t\t\t\t\t\t\t<\/li>\n\t\t\t\t\t<li class=\"payment_method_mollie_wc_gateway_satispay\">\n\t\t\t\t<label>Satispay<img data-src='https:\/\/loewentestneu.metafex.io\/wp-content\/plugins\/mollie-payments-for-woocommerce\/public\/images\/satispay.svg' alt='satispay icon' class='mollie-gateway-icon lazyload' src='data:image\/svg+xml;base64,PHN2ZyB3aWR0aD0iMSIgaGVpZ2h0PSIxIiB4bWxucz0iaHR0cDovL3d3dy53My5vcmcvMjAwMC9zdmciPjwvc3ZnPg==' \/><\/label>\n\t\t\t\t\t\t\t<\/li>\n\t\t\t\t\t<li class=\"payment_method_mollie_wc_gateway_swish\">\n\t\t\t\t<label>Swish<img data-src='https:\/\/loewentestneu.metafex.io\/wp-content\/plugins\/mollie-payments-for-woocommerce\/public\/images\/swish.svg' alt='swish icon' class='mollie-gateway-icon lazyload' src='data:image\/svg+xml;base64,PHN2ZyB3aWR0aD0iMSIgaGVpZ2h0PSIxIiB4bWxucz0iaHR0cDovL3d3dy53My5vcmcvMjAwMC9zdmciPjwvc3ZnPg==' \/><\/label>\n\t\t\t\t\t\t\t<\/li>\n\t\t\t\t\t<li class=\"payment_method_mollie_wc_gateway_mbway\">\n\t\t\t\t<label>MB Way<img data-src='https:\/\/loewentestneu.metafex.io\/wp-content\/plugins\/mollie-payments-for-woocommerce\/public\/images\/mbway.svg' alt='mbway icon' class='mollie-gateway-icon lazyload' src='data:image\/svg+xml;base64,PHN2ZyB3aWR0aD0iMSIgaGVpZ2h0PSIxIiB4bWxucz0iaHR0cDovL3d3dy53My5vcmcvMjAwMC9zdmciPjwvc3ZnPg==' \/><\/label>\n\t\t\t\t\t\t\t<\/li>\n\t\t\t\t\t<li class=\"payment_method_mollie_wc_gateway_multibanco\">\n\t\t\t\t<label>Multibanco<img data-src='https:\/\/loewentestneu.metafex.io\/wp-content\/plugins\/mollie-payments-for-woocommerce\/public\/images\/multibanco.svg' alt='multibanco icon' class='mollie-gateway-icon lazyload' src='data:image\/svg+xml;base64,PHN2ZyB3aWR0aD0iMSIgaGVpZ2h0PSIxIiB4bWxucz0iaHR0cDovL3d3dy53My5vcmcvMjAwMC9zdmciPjwvc3ZnPg==' \/><\/label>\n\t\t\t\t\t\t\t<\/li>\n\t\t\t<\/ul>\n<\/div>\n\n<p><\/p>\n\n<p><\/p>\n\n<h4 class=\"wp-block-heading\">FACTURE<\/h4>\n\n<p>Si vous choisissez &#8220;Paiement par facture&#8221;, vous recevrez une confirmation de commande avec nos coordonn\u00e9es bancaires et le montant de la facture apr\u00e8s votre commande. V\u00e9rification de la solvabilit\u00e9 r\u00e9serv\u00e9e. Ce mode de paiement n&#8217;est pas disponible pour les nouveaux clients. En cas d&#8217;achat sur facture, vous disposez d&#8217;un d\u00e9lai de 14 jours \u00e0 compter de la r\u00e9ception de la marchandise jusqu&#8217;au paiement. Vous transf\u00e9rez le montant de la facture sur le compte indiqu\u00e9.<\/p>\n\n<p>Pour que votre paiement soit toujours affect\u00e9 \u00e0 la bonne commande, veuillez indiquer le num\u00e9ro complet de la commande et le num\u00e9ro du client dans le motif du paiement. L&#8217;information figure sur le re\u00e7u de la facture.<\/p>\n\n<p>Nos coordonn\u00e9es bancaires sont les suivantes<\/p>\n\n<p>BANQUE : Volksbank Karlsruhe Baden-Baden<br\/>NUM\u00c9RO DE COMPTE : 00056813209<br\/>CODE BANQUE : 6629000<br\/>IBAN : DE056619000056813209<br\/>BIC : GENODE61KA1<\/p>\n\n<p>Jusqu&#8217;au paiement int\u00e9gral, les marchandises restent la propri\u00e9t\u00e9 de L\u00f6wen Apotheke.<\/p>\n","protected":false},"excerpt":{"rendered":"<p>PAIEMENT &#8211; VOS OPTIONS DE PAIEMENT Quelles sont les options de paiement disponibles pour les commandes en ligne ? PAIEMENT ANTICIP\u00c9 Si vous choisissez le mode de paiement &#8220;Pr\u00e9paiement&#8221;, vous recevrez une confirmation de commande avec nos coordonn\u00e9es bancaires et le montant de la facture apr\u00e8s votre commande. Vous transf\u00e9rez le montant de la facture [&hellip;]<\/p>\n","protected":false},"author":1,"featured_media":0,"parent":0,"menu_order":0,"comment_status":"closed","ping_status":"closed","template":"","meta":{"footnotes":""},"class_list":["post-1637","page","type-page","status-publish","hentry"],"yoast_head":"<!-- This site is optimized with the Yoast SEO plugin v26.5 - https:\/\/yoast.com\/wordpress\/plugins\/seo\/ -->\n<title>Options de paiement &#187; Lion Pharmacy<\/title>\n<meta name=\"description\" content=\"Lion Pharmacy | pharmacie en ligne allemande enregistr\u00e9e | Achats pratiques et s\u00fbrs, avec PayPal, cartes de cr\u00e9dit et autres : Options de paiement%.\" \/>\n<meta name=\"robots\" content=\"noindex, follow, max-snippet:-1, max-image-preview:large, max-video-preview:-1\" \/>\n<meta property=\"og:locale\" content=\"fr_FR\" \/>\n<meta property=\"og:type\" content=\"article\" \/>\n<meta property=\"og:title\" content=\"Options de paiement &#187; Lion Pharmacy\" \/>\n<meta property=\"og:description\" content=\"Lion Pharmacy | pharmacie en ligne allemande enregistr\u00e9e | Achats pratiques et s\u00fbrs, avec PayPal, cartes de cr\u00e9dit et autres : Options de paiement%.\" \/>\n<meta property=\"og:url\" content=\"https:\/\/loewentestneu.metafex.io\/fr\/options-de-paiement\" \/>\n<meta property=\"og:site_name\" content=\"Lion Pharmacy\" \/>\n<meta property=\"article:modified_time\" content=\"2023-09-07T10:12:53+00:00\" \/>\n<meta property=\"og:image\" content=\"https:\/\/loewentestneu.metafex.io\/wp-content\/uploads\/2023\/01\/lion-pharmacy-fallback-image-.jpg\" \/>\n\t<meta property=\"og:image:width\" content=\"1200\" \/>\n\t<meta property=\"og:image:height\" content=\"675\" \/>\n\t<meta property=\"og:image:type\" content=\"image\/jpeg\" \/>\n<meta name=\"twitter:card\" content=\"summary_large_image\" \/>\n<meta name=\"twitter:label1\" content=\"Dur\u00e9e de lecture estim\u00e9e\" \/>\n\t<meta name=\"twitter:data1\" content=\"2 minutes\" \/>\n<script type=\"application\/ld+json\" class=\"yoast-schema-graph\">{\"@context\":\"https:\/\/schema.org\",\"@graph\":[{\"@type\":\"WebPage\",\"@id\":\"https:\/\/loewentestneu.metafex.io\/fr\/options-de-paiement\",\"url\":\"https:\/\/loewentestneu.metafex.io\/fr\/options-de-paiement\",\"name\":\"Options de paiement &#187; Lion Pharmacy\",\"isPartOf\":{\"@id\":\"https:\/\/loewentestneu.metafex.io\/fr#website\"},\"datePublished\":\"2022-12-11T08:03:40+00:00\",\"dateModified\":\"2023-09-07T10:12:53+00:00\",\"description\":\"Lion Pharmacy | pharmacie en ligne allemande enregistr\u00e9e | Achats pratiques et s\u00fbrs, avec PayPal, cartes de cr\u00e9dit et autres : Options de paiement%.\",\"breadcrumb\":{\"@id\":\"https:\/\/loewentestneu.metafex.io\/fr\/options-de-paiement#breadcrumb\"},\"inLanguage\":\"fr-FR\",\"potentialAction\":[{\"@type\":\"ReadAction\",\"target\":[\"https:\/\/loewentestneu.metafex.io\/fr\/options-de-paiement\"]}]},{\"@type\":\"BreadcrumbList\",\"@id\":\"https:\/\/loewentestneu.metafex.io\/fr\/options-de-paiement#breadcrumb\",\"itemListElement\":[{\"@type\":\"ListItem\",\"position\":1,\"name\":\"Home\",\"item\":\"https:\/\/loewentestneu.metafex.io\/fr\/homepage-lion-pharmacy\"},{\"@type\":\"ListItem\",\"position\":2,\"name\":\"Options de paiement\"}]},{\"@type\":\"WebSite\",\"@id\":\"https:\/\/loewentestneu.metafex.io\/fr#website\",\"url\":\"https:\/\/loewentestneu.metafex.io\/fr\",\"name\":\"Lions Pharmacy\",\"description\":\"Pharmacie sp\u00e9cialis\u00e9e en naturopathie de Baden-Baden, Allemagne\",\"publisher\":{\"@id\":\"https:\/\/loewentestneu.metafex.io\/fr#organization\"},\"alternateName\":\"Lion Pharmacy\",\"potentialAction\":[{\"@type\":\"SearchAction\",\"target\":{\"@type\":\"EntryPoint\",\"urlTemplate\":\"https:\/\/loewentestneu.metafex.io\/fr?s={search_term_string}\"},\"query-input\":{\"@type\":\"PropertyValueSpecification\",\"valueRequired\":true,\"valueName\":\"search_term_string\"}}],\"inLanguage\":\"fr-FR\"},{\"@type\":\"Organization\",\"@id\":\"https:\/\/loewentestneu.metafex.io\/fr#organization\",\"name\":\"Lions Pharmacy\",\"alternateName\":\"Lions Pharmacy24\",\"url\":\"https:\/\/loewentestneu.metafex.io\/fr\",\"logo\":{\"@type\":\"ImageObject\",\"inLanguage\":\"fr-FR\",\"@id\":\"https:\/\/loewentestneu.metafex.io\/fr#\/schema\/logo\/image\/\",\"url\":\"https:\/\/loewentestneu.metafex.io\/wp-content\/uploads\/2022\/12\/Logo-Lion-Pharmacy-c-o-Loewen-Apotheke-smal.jpg\",\"contentUrl\":\"https:\/\/loewentestneu.metafex.io\/wp-content\/uploads\/2022\/12\/Logo-Lion-Pharmacy-c-o-Loewen-Apotheke-smal.jpg\",\"width\":298,\"height\":99,\"caption\":\"Lions Pharmacy\"},\"image\":{\"@id\":\"https:\/\/loewentestneu.metafex.io\/fr#\/schema\/logo\/image\/\"}}]}<\/script>\n<!-- \/ Yoast SEO plugin. -->","yoast_head_json":{"title":"Options de paiement &#187; Lion Pharmacy","description":"Lion Pharmacy | pharmacie en ligne allemande enregistr\u00e9e | Achats pratiques et s\u00fbrs, avec PayPal, cartes de cr\u00e9dit et autres : Options de paiement%.","robots":{"index":"noindex","follow":"follow","max-snippet":"max-snippet:-1","max-image-preview":"max-image-preview:large","max-video-preview":"max-video-preview:-1"},"og_locale":"fr_FR","og_type":"article","og_title":"Options de paiement &#187; Lion Pharmacy","og_description":"Lion Pharmacy | pharmacie en ligne allemande enregistr\u00e9e | Achats pratiques et s\u00fbrs, avec PayPal, cartes de cr\u00e9dit et autres : Options de paiement%.","og_url":"https:\/\/loewentestneu.metafex.io\/fr\/options-de-paiement","og_site_name":"Lion Pharmacy","article_modified_time":"2023-09-07T10:12:53+00:00","og_image":[{"width":1200,"height":675,"url":"https:\/\/loewentestneu.metafex.io\/wp-content\/uploads\/2023\/01\/lion-pharmacy-fallback-image-.jpg","type":"image\/jpeg"}],"twitter_card":"summary_large_image","twitter_misc":{"Dur\u00e9e de lecture estim\u00e9e":"2 minutes"},"schema":{"@context":"https:\/\/schema.org","@graph":[{"@type":"WebPage","@id":"https:\/\/loewentestneu.metafex.io\/fr\/options-de-paiement","url":"https:\/\/loewentestneu.metafex.io\/fr\/options-de-paiement","name":"Options de paiement &#187; Lion Pharmacy","isPartOf":{"@id":"https:\/\/loewentestneu.metafex.io\/fr#website"},"datePublished":"2022-12-11T08:03:40+00:00","dateModified":"2023-09-07T10:12:53+00:00","description":"Lion Pharmacy | pharmacie en ligne allemande enregistr\u00e9e | Achats pratiques et s\u00fbrs, avec PayPal, cartes de cr\u00e9dit et autres : Options de paiement%.","breadcrumb":{"@id":"https:\/\/loewentestneu.metafex.io\/fr\/options-de-paiement#breadcrumb"},"inLanguage":"fr-FR","potentialAction":[{"@type":"ReadAction","target":["https:\/\/loewentestneu.metafex.io\/fr\/options-de-paiement"]}]},{"@type":"BreadcrumbList","@id":"https:\/\/loewentestneu.metafex.io\/fr\/options-de-paiement#breadcrumb","itemListElement":[{"@type":"ListItem","position":1,"name":"Home","item":"https:\/\/loewentestneu.metafex.io\/fr\/homepage-lion-pharmacy"},{"@type":"ListItem","position":2,"name":"Options de paiement"}]},{"@type":"WebSite","@id":"https:\/\/loewentestneu.metafex.io\/fr#website","url":"https:\/\/loewentestneu.metafex.io\/fr","name":"Lions Pharmacy","description":"Pharmacie sp\u00e9cialis\u00e9e en naturopathie de Baden-Baden, Allemagne","publisher":{"@id":"https:\/\/loewentestneu.metafex.io\/fr#organization"},"alternateName":"Lion Pharmacy","potentialAction":[{"@type":"SearchAction","target":{"@type":"EntryPoint","urlTemplate":"https:\/\/loewentestneu.metafex.io\/fr?s={search_term_string}"},"query-input":{"@type":"PropertyValueSpecification","valueRequired":true,"valueName":"search_term_string"}}],"inLanguage":"fr-FR"},{"@type":"Organization","@id":"https:\/\/loewentestneu.metafex.io\/fr#organization","name":"Lions Pharmacy","alternateName":"Lions Pharmacy24","url":"https:\/\/loewentestneu.metafex.io\/fr","logo":{"@type":"ImageObject","inLanguage":"fr-FR","@id":"https:\/\/loewentestneu.metafex.io\/fr#\/schema\/logo\/image\/","url":"https:\/\/loewentestneu.metafex.io\/wp-content\/uploads\/2022\/12\/Logo-Lion-Pharmacy-c-o-Loewen-Apotheke-smal.jpg","contentUrl":"https:\/\/loewentestneu.metafex.io\/wp-content\/uploads\/2022\/12\/Logo-Lion-Pharmacy-c-o-Loewen-Apotheke-smal.jpg","width":298,"height":99,"caption":"Lions Pharmacy"},"image":{"@id":"https:\/\/loewentestneu.metafex.io\/fr#\/schema\/logo\/image\/"}}]}},"_links":{"self":[{"href":"https:\/\/loewentestneu.metafex.io\/fr\/wp-json\/wp\/v2\/pages\/1637","targetHints":{"allow":["GET"]}}],"collection":[{"href":"https:\/\/loewentestneu.metafex.io\/fr\/wp-json\/wp\/v2\/pages"}],"about":[{"href":"https:\/\/loewentestneu.metafex.io\/fr\/wp-json\/wp\/v2\/types\/page"}],"author":[{"embeddable":true,"href":"https:\/\/loewentestneu.metafex.io\/fr\/wp-json\/wp\/v2\/users\/1"}],"replies":[{"embeddable":true,"href":"https:\/\/loewentestneu.metafex.io\/fr\/wp-json\/wp\/v2\/comments?post=1637"}],"version-history":[{"count":0,"href":"https:\/\/loewentestneu.metafex.io\/fr\/wp-json\/wp\/v2\/pages\/1637\/revisions"}],"wp:attachment":[{"href":"https:\/\/loewentestneu.metafex.io\/fr\/wp-json\/wp\/v2\/media?parent=1637"}],"curies":[{"name":"wp","href":"https:\/\/api.w.org\/{rel}","templated":true}]}}