{"id":10006,"date":"2025-03-12T14:53:04","date_gmt":"2025-03-12T13:53:04","guid":{"rendered":"https:\/\/lions-pharmacy.com\/?post_type=product&#038;p=10006"},"modified":"2025-03-18T06:36:47","modified_gmt":"2025-03-18T05:36:47","slug":"horvi-enzyme-c300-liquida-50-ml","status":"publish","type":"product","link":"https:\/\/loewentestneu.metafex.io\/fr\/produit\/horvi-enzyme-c300-liquida-50-ml","title":{"rendered":"Horvi Enzyme C300 Liquida (50 ml)"},"content":{"rendered":"<h3>Horvi Enzyme C300 Liquida<\/h3>\n<p>Horvi Enzyme C300 Liquida est une pr\u00e9paration enzymatique destin\u00e9e \u00e0 soutenir le syst\u00e8me immunitaire.<\/p>\n<p>La Lions Pharmacy importe les produits Horvi \u00e0 votre demande. M\u00e9decine d&#8217;importation individuelle.<\/p>\n<p>Les pr\u00e9parations enzymatiques Horvi sont synonymes de d\u00e9couvertes pionni\u00e8res et de succ\u00e8s pour l&#8217;homme et l&#8217;animal. Les pr\u00e9parations enzymatiques sont commercialis\u00e9es en fonction de leur recette et de leur processus de fabrication unique au monde. Horvi-EnzyMed se veut le partenaire de tous ceux qui souhaitent maintenir ou promouvoir la sant\u00e9 de mani\u00e8re naturelle. L&#8217;accent est mis sur le patient dans sa globalit\u00e9. L&#8217;utilisation responsable des pr\u00e9parations naturelles traditionnelles et des nouvelles d\u00e9couvertes scientifiques est au c\u0153ur de tout ce que nous faisons, pour le b\u00e9n\u00e9fice des humains et des animaux.<\/p>\n<p>Notice\/instructions d&#8217;utilisation\/fiche de donn\u00e9es sur les articles : &#8211; (lecteur PDF) et informations sur les denr\u00e9es alimentaires : &#8211; (lecteur PDF).<\/p>\n<p>D\u00e9couvrez d&#8217;autres produits du fabricant <a href=\"https:\/\/loewentestneu.metafex.io\/product-category\/horvi-enzymed\">Horvi-Enyzmed<\/a>.<\/p>\n<p>Autres produits pour l&#8217;application : <a href=\"https:\/\/loewentestneu.metafex.io\/product-tag\/cold-flu\">Infections<\/a> &#8211; <a href=\"https:\/\/loewentestneu.metafex.io\/product-tag\/natural-remedies\" rel=\"tag\">Rem\u00e8des naturels<\/a><\/p>\n<p>En savoir plus sur le fabricant et ce produit : Horvi (lien vers un site web externe)<\/p>\n<p>Les informations contenues dans ce site web sont fournies \u00e0 titre informatif uniquement. Ils ne remplacent en aucun cas l&#8217;examen et le traitement par un m\u00e9decin. Veuillez noter que cela signifie qu&#8217;aucun diagnostic ne peut \u00eatre \u00e9tabli et qu&#8217;aucune th\u00e9rapie ne peut \u00eatre mise en place. Importation unique &#8211; Nous importons ce m\u00e9dicament pour vous. Le d\u00e9lai de livraison est donc plus long. Les retours pour les importations individuelles sont exclus.<\/p>\n<p>Pour conna\u00eetre les risques et les effets secondaires, lisez la notice et demandez conseil \u00e0 votre m\u00e9decin ou \u00e0 votre pharmacien.<\/p>\n<h3 style=\"text-align: left;\">Ordonnance | e-prescription disponible ?<\/h3>\n<p>Soumettez votre e-prescription d\u00e8s maintenant. Utilisez notre application <a href=\"https:\/\/e-rezept-app.de\/shop-rezept\" target=\"_blank\" rel=\"noopener\">d\u2019ordonnance \u00e9lectronique<\/a> . Et nous vous donnons les frais de port gratuits en Allemagne !<\/p>\n","protected":false},"excerpt":{"rendered":"<h2>Horvi Enzyme C300 Liquida<\/h2>\n<p>Horvi Enzyme C300 Liquida est une pr\u00e9paration enzymatique destin\u00e9e \u00e0 soutenir le syst\u00e8me immunitaire.<\/p>\n<p>Horvi No. 4028050<\/p>\n<p><strong>PZN<\/strong>: &#8211;<\/p>\n<p><strong>Forme gal\u00e9nique<\/strong> : gouttes<\/p>\n<p><strong>Type de prescription<\/strong>: sans ordonnance, importation simgle sur demande<\/p>\n<p><strong>Marque<\/strong>: Horvi<\/p>\n<p><strong>Fabricant<\/strong>: Horvi EnzyMed B.V, Pays-Bas<\/p>\n","protected":false},"featured_media":9025,"comment_status":"closed","ping_status":"closed","template":"","meta":[],"product_brand":[],"product_cat":[774,114],"product_tag":[306,466,602,783,464],"class_list":{"0":"post-10006","1":"product","2":"type-product","3":"status-publish","4":"has-post-thumbnail","6":"product_cat-horvi-enzymed-fr","7":"product_cat-non-classifiee","8":"product_tag-homeopathie","9":"product_tag-ingredient-actif-a-base-de-plantes","10":"product_tag-medecine-veterinaire","11":"product_tag-individual-import-product-fr","12":"product_tag-remedes-naturels","13":"ts_product_brand-all-fr","14":"ts_product_brand-horvi-fr","16":"first","17":"instock","18":"taxable","19":"shipping-taxable","20":"purchasable","21":"product-type-simple"},"yoast_head":"<!-- This site is optimized with the Yoast SEO plugin v26.5 - https:\/\/yoast.com\/wordpress\/plugins\/seo\/ -->\n<title>Horvi Enzyme C300 Liquida (50 ml) &#187; En savoir plus<\/title>\n<meta name=\"description\" content=\"Fabricant : Horvi Enyzmed. En savoir plus sur Horvi Enzyme C300 Liquida (50 ml). Nous offrons\u00a0: Exp\u00e9dition internationale rapide et achats en ligne s\u00e9curis\u00e9s.\" \/>\n<meta name=\"robots\" content=\"noindex, follow, max-snippet:-1, max-image-preview:large, max-video-preview:-1\" \/>\n<meta property=\"og:locale\" content=\"fr_FR\" \/>\n<meta property=\"og:type\" content=\"article\" \/>\n<meta property=\"og:title\" content=\"Horvi Enzyme C300 Liquida (50 ml) &#187; En savoir plus\" \/>\n<meta property=\"og:description\" content=\"Fabricant : Horvi Enyzmed. En savoir plus sur Horvi Enzyme C300 Liquida (50 ml). Nous offrons\u00a0: Exp\u00e9dition internationale rapide et achats en ligne s\u00e9curis\u00e9s.\" \/>\n<meta property=\"og:url\" content=\"https:\/\/loewentestneu.metafex.io\/fr\/produit\/horvi-enzyme-c300-liquida-50-ml\" \/>\n<meta property=\"og:site_name\" content=\"Lion Pharmacy\" \/>\n<meta property=\"article:modified_time\" content=\"2025-03-18T05:36:47+00:00\" \/>\n<meta property=\"og:image\" content=\"https:\/\/loewentestneu.metafex.io\/wp-content\/uploads\/2025\/02\/Horvi-Enzym_Liquida_Lions_Pharmacy_Transparent.webp\" \/>\n\t<meta property=\"og:image:width\" content=\"600\" \/>\n\t<meta property=\"og:image:height\" content=\"600\" \/>\n\t<meta property=\"og:image:type\" content=\"image\/webp\" \/>\n<meta name=\"twitter:card\" content=\"summary_large_image\" \/>\n<meta name=\"twitter:label1\" content=\"Dur\u00e9e de lecture estim\u00e9e\" \/>\n\t<meta name=\"twitter:data1\" content=\"2 minutes\" \/>\n<script type=\"application\/ld+json\" class=\"yoast-schema-graph\">{\"@context\":\"https:\/\/schema.org\",\"@graph\":[{\"@type\":\"WebPage\",\"@id\":\"https:\/\/loewentestneu.metafex.io\/fr\/produit\/horvi-enzyme-c300-liquida-50-ml\",\"url\":\"https:\/\/loewentestneu.metafex.io\/fr\/produit\/horvi-enzyme-c300-liquida-50-ml\",\"name\":\"Horvi Enzyme C300 Liquida (50 ml) &#187; En savoir plus\",\"isPartOf\":{\"@id\":\"https:\/\/loewentestneu.metafex.io\/fr#website\"},\"primaryImageOfPage\":{\"@id\":\"https:\/\/loewentestneu.metafex.io\/fr\/produit\/horvi-enzyme-c300-liquida-50-ml#primaryimage\"},\"image\":{\"@id\":\"https:\/\/loewentestneu.metafex.io\/fr\/produit\/horvi-enzyme-c300-liquida-50-ml#primaryimage\"},\"thumbnailUrl\":\"https:\/\/loewentestneu.metafex.io\/wp-content\/uploads\/2025\/02\/Horvi-Enzym_Liquida_Lions_Pharmacy_Transparent.webp\",\"datePublished\":\"2025-03-12T13:53:04+00:00\",\"dateModified\":\"2025-03-18T05:36:47+00:00\",\"description\":\"Fabricant : Horvi Enyzmed. En savoir plus sur Horvi Enzyme C300 Liquida (50 ml). Nous offrons\u00a0: Exp\u00e9dition internationale rapide et achats en ligne s\u00e9curis\u00e9s.\",\"breadcrumb\":{\"@id\":\"https:\/\/loewentestneu.metafex.io\/fr\/produit\/horvi-enzyme-c300-liquida-50-ml#breadcrumb\"},\"inLanguage\":\"fr-FR\",\"potentialAction\":[{\"@type\":\"ReadAction\",\"target\":[\"https:\/\/loewentestneu.metafex.io\/fr\/produit\/horvi-enzyme-c300-liquida-50-ml\"]}]},{\"@type\":\"ImageObject\",\"inLanguage\":\"fr-FR\",\"@id\":\"https:\/\/loewentestneu.metafex.io\/fr\/produit\/horvi-enzyme-c300-liquida-50-ml#primaryimage\",\"url\":\"https:\/\/loewentestneu.metafex.io\/wp-content\/uploads\/2025\/02\/Horvi-Enzym_Liquida_Lions_Pharmacy_Transparent.webp\",\"contentUrl\":\"https:\/\/loewentestneu.metafex.io\/wp-content\/uploads\/2025\/02\/Horvi-Enzym_Liquida_Lions_Pharmacy_Transparent.webp\",\"width\":600,\"height\":600,\"caption\":\"packshot des produits, bo\u00eete g\u00e9n\u00e9rale pour tous les produits, Horvi-Enzym Liquida Lions Pharmacy\"},{\"@type\":\"BreadcrumbList\",\"@id\":\"https:\/\/loewentestneu.metafex.io\/fr\/produit\/horvi-enzyme-c300-liquida-50-ml#breadcrumb\",\"itemListElement\":[{\"@type\":\"ListItem\",\"position\":1,\"name\":\"Home\",\"item\":\"https:\/\/loewentestneu.metafex.io\/fr\/homepage-lion-pharmacy\"},{\"@type\":\"ListItem\",\"position\":2,\"name\":\"Shop\",\"item\":\"https:\/\/loewentestneu.metafex.io\/fr\/boutique\"},{\"@type\":\"ListItem\",\"position\":3,\"name\":\"Horvi Enzyme C300 Liquida (50 ml)\"}]},{\"@type\":\"WebSite\",\"@id\":\"https:\/\/loewentestneu.metafex.io\/fr#website\",\"url\":\"https:\/\/loewentestneu.metafex.io\/fr\",\"name\":\"Lions Pharmacy\",\"description\":\"Pharmacie sp\u00e9cialis\u00e9e en naturopathie de Baden-Baden, Allemagne\",\"publisher\":{\"@id\":\"https:\/\/loewentestneu.metafex.io\/fr#organization\"},\"alternateName\":\"Lion Pharmacy\",\"potentialAction\":[{\"@type\":\"SearchAction\",\"target\":{\"@type\":\"EntryPoint\",\"urlTemplate\":\"https:\/\/loewentestneu.metafex.io\/fr?s={search_term_string}\"},\"query-input\":{\"@type\":\"PropertyValueSpecification\",\"valueRequired\":true,\"valueName\":\"search_term_string\"}}],\"inLanguage\":\"fr-FR\"},{\"@type\":\"Organization\",\"@id\":\"https:\/\/loewentestneu.metafex.io\/fr#organization\",\"name\":\"Lions Pharmacy\",\"alternateName\":\"Lions Pharmacy24\",\"url\":\"https:\/\/loewentestneu.metafex.io\/fr\",\"logo\":{\"@type\":\"ImageObject\",\"inLanguage\":\"fr-FR\",\"@id\":\"https:\/\/loewentestneu.metafex.io\/fr#\/schema\/logo\/image\/\",\"url\":\"https:\/\/loewentestneu.metafex.io\/wp-content\/uploads\/2022\/12\/Logo-Lion-Pharmacy-c-o-Loewen-Apotheke-smal.jpg\",\"contentUrl\":\"https:\/\/loewentestneu.metafex.io\/wp-content\/uploads\/2022\/12\/Logo-Lion-Pharmacy-c-o-Loewen-Apotheke-smal.jpg\",\"width\":298,\"height\":99,\"caption\":\"Lions Pharmacy\"},\"image\":{\"@id\":\"https:\/\/loewentestneu.metafex.io\/fr#\/schema\/logo\/image\/\"}}]}<\/script>\n<!-- \/ Yoast SEO plugin. -->","yoast_head_json":{"title":"Horvi Enzyme C300 Liquida (50 ml) &#187; En savoir plus","description":"Fabricant : Horvi Enyzmed. En savoir plus sur Horvi Enzyme C300 Liquida (50 ml). Nous offrons\u00a0: Exp\u00e9dition internationale rapide et achats en ligne s\u00e9curis\u00e9s.","robots":{"index":"noindex","follow":"follow","max-snippet":"max-snippet:-1","max-image-preview":"max-image-preview:large","max-video-preview":"max-video-preview:-1"},"og_locale":"fr_FR","og_type":"article","og_title":"Horvi Enzyme C300 Liquida (50 ml) &#187; En savoir plus","og_description":"Fabricant : Horvi Enyzmed. En savoir plus sur Horvi Enzyme C300 Liquida (50 ml). Nous offrons\u00a0: Exp\u00e9dition internationale rapide et achats en ligne s\u00e9curis\u00e9s.","og_url":"https:\/\/loewentestneu.metafex.io\/fr\/produit\/horvi-enzyme-c300-liquida-50-ml","og_site_name":"Lion Pharmacy","article_modified_time":"2025-03-18T05:36:47+00:00","og_image":[{"width":600,"height":600,"url":"https:\/\/loewentestneu.metafex.io\/wp-content\/uploads\/2025\/02\/Horvi-Enzym_Liquida_Lions_Pharmacy_Transparent.webp","type":"image\/webp"}],"twitter_card":"summary_large_image","twitter_misc":{"Dur\u00e9e de lecture estim\u00e9e":"2 minutes"},"schema":{"@context":"https:\/\/schema.org","@graph":[{"@type":"WebPage","@id":"https:\/\/loewentestneu.metafex.io\/fr\/produit\/horvi-enzyme-c300-liquida-50-ml","url":"https:\/\/loewentestneu.metafex.io\/fr\/produit\/horvi-enzyme-c300-liquida-50-ml","name":"Horvi Enzyme C300 Liquida (50 ml) &#187; En savoir plus","isPartOf":{"@id":"https:\/\/loewentestneu.metafex.io\/fr#website"},"primaryImageOfPage":{"@id":"https:\/\/loewentestneu.metafex.io\/fr\/produit\/horvi-enzyme-c300-liquida-50-ml#primaryimage"},"image":{"@id":"https:\/\/loewentestneu.metafex.io\/fr\/produit\/horvi-enzyme-c300-liquida-50-ml#primaryimage"},"thumbnailUrl":"https:\/\/loewentestneu.metafex.io\/wp-content\/uploads\/2025\/02\/Horvi-Enzym_Liquida_Lions_Pharmacy_Transparent.webp","datePublished":"2025-03-12T13:53:04+00:00","dateModified":"2025-03-18T05:36:47+00:00","description":"Fabricant : Horvi Enyzmed. En savoir plus sur Horvi Enzyme C300 Liquida (50 ml). Nous offrons\u00a0: Exp\u00e9dition internationale rapide et achats en ligne s\u00e9curis\u00e9s.","breadcrumb":{"@id":"https:\/\/loewentestneu.metafex.io\/fr\/produit\/horvi-enzyme-c300-liquida-50-ml#breadcrumb"},"inLanguage":"fr-FR","potentialAction":[{"@type":"ReadAction","target":["https:\/\/loewentestneu.metafex.io\/fr\/produit\/horvi-enzyme-c300-liquida-50-ml"]}]},{"@type":"ImageObject","inLanguage":"fr-FR","@id":"https:\/\/loewentestneu.metafex.io\/fr\/produit\/horvi-enzyme-c300-liquida-50-ml#primaryimage","url":"https:\/\/loewentestneu.metafex.io\/wp-content\/uploads\/2025\/02\/Horvi-Enzym_Liquida_Lions_Pharmacy_Transparent.webp","contentUrl":"https:\/\/loewentestneu.metafex.io\/wp-content\/uploads\/2025\/02\/Horvi-Enzym_Liquida_Lions_Pharmacy_Transparent.webp","width":600,"height":600,"caption":"packshot des produits, bo\u00eete g\u00e9n\u00e9rale pour tous les produits, Horvi-Enzym Liquida Lions Pharmacy"},{"@type":"BreadcrumbList","@id":"https:\/\/loewentestneu.metafex.io\/fr\/produit\/horvi-enzyme-c300-liquida-50-ml#breadcrumb","itemListElement":[{"@type":"ListItem","position":1,"name":"Home","item":"https:\/\/loewentestneu.metafex.io\/fr\/homepage-lion-pharmacy"},{"@type":"ListItem","position":2,"name":"Shop","item":"https:\/\/loewentestneu.metafex.io\/fr\/boutique"},{"@type":"ListItem","position":3,"name":"Horvi Enzyme C300 Liquida (50 ml)"}]},{"@type":"WebSite","@id":"https:\/\/loewentestneu.metafex.io\/fr#website","url":"https:\/\/loewentestneu.metafex.io\/fr","name":"Lions Pharmacy","description":"Pharmacie sp\u00e9cialis\u00e9e en naturopathie de Baden-Baden, Allemagne","publisher":{"@id":"https:\/\/loewentestneu.metafex.io\/fr#organization"},"alternateName":"Lion Pharmacy","potentialAction":[{"@type":"SearchAction","target":{"@type":"EntryPoint","urlTemplate":"https:\/\/loewentestneu.metafex.io\/fr?s={search_term_string}"},"query-input":{"@type":"PropertyValueSpecification","valueRequired":true,"valueName":"search_term_string"}}],"inLanguage":"fr-FR"},{"@type":"Organization","@id":"https:\/\/loewentestneu.metafex.io\/fr#organization","name":"Lions Pharmacy","alternateName":"Lions Pharmacy24","url":"https:\/\/loewentestneu.metafex.io\/fr","logo":{"@type":"ImageObject","inLanguage":"fr-FR","@id":"https:\/\/loewentestneu.metafex.io\/fr#\/schema\/logo\/image\/","url":"https:\/\/loewentestneu.metafex.io\/wp-content\/uploads\/2022\/12\/Logo-Lion-Pharmacy-c-o-Loewen-Apotheke-smal.jpg","contentUrl":"https:\/\/loewentestneu.metafex.io\/wp-content\/uploads\/2022\/12\/Logo-Lion-Pharmacy-c-o-Loewen-Apotheke-smal.jpg","width":298,"height":99,"caption":"Lions Pharmacy"},"image":{"@id":"https:\/\/loewentestneu.metafex.io\/fr#\/schema\/logo\/image\/"}}]}},"_links":{"self":[{"href":"https:\/\/loewentestneu.metafex.io\/fr\/wp-json\/wp\/v2\/product\/10006","targetHints":{"allow":["GET"]}}],"collection":[{"href":"https:\/\/loewentestneu.metafex.io\/fr\/wp-json\/wp\/v2\/product"}],"about":[{"href":"https:\/\/loewentestneu.metafex.io\/fr\/wp-json\/wp\/v2\/types\/product"}],"replies":[{"embeddable":true,"href":"https:\/\/loewentestneu.metafex.io\/fr\/wp-json\/wp\/v2\/comments?post=10006"}],"wp:featuredmedia":[{"embeddable":true,"href":"https:\/\/loewentestneu.metafex.io\/fr\/wp-json\/wp\/v2\/media\/9025"}],"wp:attachment":[{"href":"https:\/\/loewentestneu.metafex.io\/fr\/wp-json\/wp\/v2\/media?parent=10006"}],"wp:term":[{"taxonomy":"product_brand","embeddable":true,"href":"https:\/\/loewentestneu.metafex.io\/fr\/wp-json\/wp\/v2\/product_brand?post=10006"},{"taxonomy":"product_cat","embeddable":true,"href":"https:\/\/loewentestneu.metafex.io\/fr\/wp-json\/wp\/v2\/product_cat?post=10006"},{"taxonomy":"product_tag","embeddable":true,"href":"https:\/\/loewentestneu.metafex.io\/fr\/wp-json\/wp\/v2\/product_tag?post=10006"}],"curies":[{"name":"wp","href":"https:\/\/api.w.org\/{rel}","templated":true}]}}