{"id":10187,"date":"2025-03-18T21:41:24","date_gmt":"2025-03-18T20:41:24","guid":{"rendered":"https:\/\/lions-pharmacy.com\/?post_type=product&#038;p=10187"},"modified":"2025-03-26T11:03:54","modified_gmt":"2025-03-26T10:03:54","slug":"bio-h-tin-hair-essentials-men-forte-90-pcs-19451716","status":"publish","type":"product","link":"https:\/\/loewentestneu.metafex.io\/fr\/produit\/bio-h-tin-hair-essentials-men-forte-90-pcs-19451716","title":{"rendered":"BIO-H-TIN Hair Essentials Men Forte (90 pcs.)"},"content":{"rendered":"<h3>BIO-H-TIN Hair Essentials Men Forte<\/h3>\n<p>BIO-H-TIN Hair Essentials Men Forte sp\u00e9cialement con\u00e7u pour les cheveux des hommes avec de la biotine, du zinc et du s\u00e9l\u00e9nium. BIO-H-TIN Hair Essentials Men Forte aide les hommes \u00e0 conserver leurs cheveux naturels.<\/p>\n<p>Compl\u00e9ments alimentaires pour hommes.<\/p>\n<p>La formule innovante \u00e0 base de biotine, de zinc et de s\u00e9l\u00e9nium contribue au maintien de cheveux normaux. La taurine compl\u00e8te la formule. Une seule g\u00e9lule par jour favorise l&#8217;apport de micronutriments importants \u00e0 vos cheveux &#8211; pour plus de vitalit\u00e9 et une apparence plus confiante.<\/p>\n<p>D\u00e9pliant\/mode d\u2019emploi\/fiche technique de l\u2019article : \u2013 (lecteur PDF)<\/p>\n<p>Autres produits pour l&#8217;application : <a href=\"https:\/\/loewentestneu.metafex.io\/product-tag\/homeopathy\" rel=\"tag\">Hom\u00e9opathie<\/a> | <a href=\"https:\/\/loewentestneu.metafex.io\/product-tag\/vitamins-supplements\">Vitamines et suppl\u00e9ments Produits<\/a><\/p>\n<p>En savoir plus sur le fabricant et ce produit : <a href=\"https:\/\/www.biohtin.de\/produkte\/hair-essentials-men-forte\" target=\"_blank\" rel=\"noopener\">Biothin<\/a> (lien vers un site web externe) Pfleger Arzneimittel.<\/p>\n<p>Les compl\u00e9ments alimentaires ne se substituent pas \u00e0 une alimentation \u00e9quilibr\u00e9e et vari\u00e9e et \u00e0 un mode de vie sain. Ne d\u00e9passez pas la dose journali\u00e8re recommand\u00e9e. Tenir hors de port\u00e9e des jeunes enfants.<\/p>\n<p>Les informations contenues dans ce site web sont fournies \u00e0 titre informatif uniquement. Ils ne remplacent en aucun cas l&#8217;examen et le traitement par un m\u00e9decin. Veuillez noter que cela signifie qu&#8217;aucun diagnostic ne peut \u00eatre \u00e9tabli et qu&#8217;aucune th\u00e9rapie ne peut \u00eatre mise en place.<\/p>\n<p>Pour conna\u00eetre les risques et les effets secondaires, lisez la notice et demandez conseil \u00e0 votre m\u00e9decin ou \u00e0 votre pharmacien.<\/p>\n<p>&nbsp;<\/p>\n<h3>Ordonnance | e-prescription disponible ?<\/h3>\n<p>Soumettez votre e-prescription d\u00e8s maintenant. Utilisez notre application <a href=\"https:\/\/e-rezept-app.de\/shop-rezept\" target=\"_blank\" rel=\"noopener\">d\u2019ordonnance \u00e9lectronique<\/a> . Et nous vous donnons les frais de port gratuits en Allemagne !<\/p>\n","protected":false},"excerpt":{"rendered":"<h2>Essentiels pour cheveux BIO-H-TIN<\/h2>\n<p>sp\u00e9cialement con\u00e7u pour les cheveux des hommes avec de la biotine, du zinc et du s\u00e9l\u00e9nium.<\/p>\n<p>&nbsp;<\/p>\n<p><strong>PZN<\/strong>: 19451716<\/p>\n<p><strong>Forme posologique<\/strong> : G\u00e9lules<\/p>\n<p><strong>Dimensions, pli\u00e9<\/strong>&nbsp;: 90 pi\u00e8ces<\/p>\n<p><strong>Type d\u2019ordonnance :<\/strong> sans ordonnance<\/p>\n<p><strong>Marque<\/strong>: BIO-H-TIN<\/p>\n<p><strong>Fabricant<\/strong>: Pfleger Arzneimittel GmbH, Allemagne<\/p>\n","protected":false},"featured_media":10192,"comment_status":"closed","ping_status":"closed","template":"","meta":[],"product_brand":[],"product_cat":[120,114],"product_tag":[266,297,265,306,466,267,464,264],"class_list":{"0":"post-10187","1":"product","2":"type-product","3":"status-publish","4":"has-post-thumbnail","6":"product_cat-sale-fr","7":"product_cat-non-classifiee","8":"product_tag-bien-etre","9":"product_tag-concentration-stress-fr","10":"product_tag-gestion-du-poids","11":"product_tag-homeopathie","12":"product_tag-ingredient-actif-a-base-de-plantes","13":"product_tag-poids-et-forme","14":"product_tag-remedes-naturels","15":"product_tag-vitamines-et-supplements","16":"ts_product_brand-all-fr","17":"ts_product_brand-bio-h-tin-fr","19":"first","20":"instock","21":"sale","22":"taxable","23":"shipping-taxable","24":"purchasable","25":"product-type-simple"},"yoast_head":"<!-- This site is optimized with the Yoast SEO plugin v26.5 - https:\/\/yoast.com\/wordpress\/plugins\/seo\/ -->\n<title>BIO-H-TIN Hair Essentials Men Forte (90 pcs.) &#187; En savoir plus<\/title>\n<meta name=\"description\" content=\"Pharmacie allemande agr\u00e9\u00e9e. Nous offrons\u00a0: une livraison rapide dans le monde entier et un service de premier ordre. En savoir plus sur BIO-H-TIN Hair Essentials Men Forte (90 pcs.)\" \/>\n<meta name=\"robots\" content=\"noindex, follow, max-snippet:-1, max-image-preview:large, max-video-preview:-1\" \/>\n<meta property=\"og:locale\" content=\"fr_FR\" \/>\n<meta property=\"og:type\" content=\"article\" \/>\n<meta property=\"og:title\" content=\"BIO-H-TIN Hair Essentials Men Forte (90 pcs.) &#187; En savoir plus\" \/>\n<meta property=\"og:description\" content=\"Pharmacie allemande agr\u00e9\u00e9e. Nous offrons\u00a0: une livraison rapide dans le monde entier et un service de premier ordre. En savoir plus sur BIO-H-TIN Hair Essentials Men Forte (90 pcs.)\" \/>\n<meta property=\"og:url\" content=\"https:\/\/loewentestneu.metafex.io\/fr\/produit\/bio-h-tin-hair-essentials-men-forte-90-pcs-19451716\" \/>\n<meta property=\"og:site_name\" content=\"Lion Pharmacy\" \/>\n<meta property=\"article:modified_time\" content=\"2025-03-26T10:03:54+00:00\" \/>\n<meta property=\"og:image\" content=\"https:\/\/loewentestneu.metafex.io\/wp-content\/uploads\/2025\/03\/BIO-H-TIN-Hair-Essentials-Men-Forte-Capsoules-PZN-19451716-on-Lions-Pharmacy.webp\" \/>\n\t<meta property=\"og:image:width\" content=\"600\" \/>\n\t<meta property=\"og:image:height\" content=\"600\" \/>\n\t<meta property=\"og:image:type\" content=\"image\/webp\" \/>\n<meta name=\"twitter:card\" content=\"summary_large_image\" \/>\n<meta name=\"twitter:label1\" content=\"Dur\u00e9e de lecture estim\u00e9e\" \/>\n\t<meta name=\"twitter:data1\" content=\"1 minute\" \/>\n<script type=\"application\/ld+json\" class=\"yoast-schema-graph\">{\"@context\":\"https:\/\/schema.org\",\"@graph\":[{\"@type\":\"WebPage\",\"@id\":\"https:\/\/loewentestneu.metafex.io\/fr\/produit\/bio-h-tin-hair-essentials-men-forte-90-pcs-19451716\",\"url\":\"https:\/\/loewentestneu.metafex.io\/fr\/produit\/bio-h-tin-hair-essentials-men-forte-90-pcs-19451716\",\"name\":\"BIO-H-TIN Hair Essentials Men Forte (90 pcs.) &#187; En savoir plus\",\"isPartOf\":{\"@id\":\"https:\/\/loewentestneu.metafex.io\/fr#website\"},\"primaryImageOfPage\":{\"@id\":\"https:\/\/loewentestneu.metafex.io\/fr\/produit\/bio-h-tin-hair-essentials-men-forte-90-pcs-19451716#primaryimage\"},\"image\":{\"@id\":\"https:\/\/loewentestneu.metafex.io\/fr\/produit\/bio-h-tin-hair-essentials-men-forte-90-pcs-19451716#primaryimage\"},\"thumbnailUrl\":\"https:\/\/loewentestneu.metafex.io\/wp-content\/uploads\/2025\/03\/BIO-H-TIN-Hair-Essentials-Men-Forte-Capsoules-PZN-19451716-on-Lions-Pharmacy.webp\",\"datePublished\":\"2025-03-18T20:41:24+00:00\",\"dateModified\":\"2025-03-26T10:03:54+00:00\",\"description\":\"Pharmacie allemande agr\u00e9\u00e9e. Nous offrons\u00a0: une livraison rapide dans le monde entier et un service de premier ordre. En savoir plus sur BIO-H-TIN Hair Essentials Men Forte (90 pcs.)\",\"breadcrumb\":{\"@id\":\"https:\/\/loewentestneu.metafex.io\/fr\/produit\/bio-h-tin-hair-essentials-men-forte-90-pcs-19451716#breadcrumb\"},\"inLanguage\":\"fr-FR\",\"potentialAction\":[{\"@type\":\"ReadAction\",\"target\":[\"https:\/\/loewentestneu.metafex.io\/fr\/produit\/bio-h-tin-hair-essentials-men-forte-90-pcs-19451716\"]}]},{\"@type\":\"ImageObject\",\"inLanguage\":\"fr-FR\",\"@id\":\"https:\/\/loewentestneu.metafex.io\/fr\/produit\/bio-h-tin-hair-essentials-men-forte-90-pcs-19451716#primaryimage\",\"url\":\"https:\/\/loewentestneu.metafex.io\/wp-content\/uploads\/2025\/03\/BIO-H-TIN-Hair-Essentials-Men-Forte-Capsoules-PZN-19451716-on-Lions-Pharmacy.webp\",\"contentUrl\":\"https:\/\/loewentestneu.metafex.io\/wp-content\/uploads\/2025\/03\/BIO-H-TIN-Hair-Essentials-Men-Forte-Capsoules-PZN-19451716-on-Lions-Pharmacy.webp\",\"width\":600,\"height\":600,\"caption\":\"Une bo\u00eete de Capsules BIO-H-TIN Hair Essentials Men Forte, PZN 19451716 sur Lions-Pharmacie\"},{\"@type\":\"BreadcrumbList\",\"@id\":\"https:\/\/loewentestneu.metafex.io\/fr\/produit\/bio-h-tin-hair-essentials-men-forte-90-pcs-19451716#breadcrumb\",\"itemListElement\":[{\"@type\":\"ListItem\",\"position\":1,\"name\":\"Home\",\"item\":\"https:\/\/loewentestneu.metafex.io\/fr\/homepage-lion-pharmacy\"},{\"@type\":\"ListItem\",\"position\":2,\"name\":\"Shop\",\"item\":\"https:\/\/loewentestneu.metafex.io\/fr\/boutique\"},{\"@type\":\"ListItem\",\"position\":3,\"name\":\"BIO-H-TIN Hair Essentials Men Forte (90 pcs.)\"}]},{\"@type\":\"WebSite\",\"@id\":\"https:\/\/loewentestneu.metafex.io\/fr#website\",\"url\":\"https:\/\/loewentestneu.metafex.io\/fr\",\"name\":\"Lions Pharmacy\",\"description\":\"Pharmacie sp\u00e9cialis\u00e9e en naturopathie de Baden-Baden, Allemagne\",\"publisher\":{\"@id\":\"https:\/\/loewentestneu.metafex.io\/fr#organization\"},\"alternateName\":\"Lion Pharmacy\",\"potentialAction\":[{\"@type\":\"SearchAction\",\"target\":{\"@type\":\"EntryPoint\",\"urlTemplate\":\"https:\/\/loewentestneu.metafex.io\/fr?s={search_term_string}\"},\"query-input\":{\"@type\":\"PropertyValueSpecification\",\"valueRequired\":true,\"valueName\":\"search_term_string\"}}],\"inLanguage\":\"fr-FR\"},{\"@type\":\"Organization\",\"@id\":\"https:\/\/loewentestneu.metafex.io\/fr#organization\",\"name\":\"Lions Pharmacy\",\"alternateName\":\"Lions Pharmacy24\",\"url\":\"https:\/\/loewentestneu.metafex.io\/fr\",\"logo\":{\"@type\":\"ImageObject\",\"inLanguage\":\"fr-FR\",\"@id\":\"https:\/\/loewentestneu.metafex.io\/fr#\/schema\/logo\/image\/\",\"url\":\"https:\/\/loewentestneu.metafex.io\/wp-content\/uploads\/2022\/12\/Logo-Lion-Pharmacy-c-o-Loewen-Apotheke-smal.jpg\",\"contentUrl\":\"https:\/\/loewentestneu.metafex.io\/wp-content\/uploads\/2022\/12\/Logo-Lion-Pharmacy-c-o-Loewen-Apotheke-smal.jpg\",\"width\":298,\"height\":99,\"caption\":\"Lions Pharmacy\"},\"image\":{\"@id\":\"https:\/\/loewentestneu.metafex.io\/fr#\/schema\/logo\/image\/\"}}]}<\/script>\n<!-- \/ Yoast SEO plugin. -->","yoast_head_json":{"title":"BIO-H-TIN Hair Essentials Men Forte (90 pcs.) &#187; En savoir plus","description":"Pharmacie allemande agr\u00e9\u00e9e. Nous offrons\u00a0: une livraison rapide dans le monde entier et un service de premier ordre. En savoir plus sur BIO-H-TIN Hair Essentials Men Forte (90 pcs.)","robots":{"index":"noindex","follow":"follow","max-snippet":"max-snippet:-1","max-image-preview":"max-image-preview:large","max-video-preview":"max-video-preview:-1"},"og_locale":"fr_FR","og_type":"article","og_title":"BIO-H-TIN Hair Essentials Men Forte (90 pcs.) &#187; En savoir plus","og_description":"Pharmacie allemande agr\u00e9\u00e9e. Nous offrons\u00a0: une livraison rapide dans le monde entier et un service de premier ordre. En savoir plus sur BIO-H-TIN Hair Essentials Men Forte (90 pcs.)","og_url":"https:\/\/loewentestneu.metafex.io\/fr\/produit\/bio-h-tin-hair-essentials-men-forte-90-pcs-19451716","og_site_name":"Lion Pharmacy","article_modified_time":"2025-03-26T10:03:54+00:00","og_image":[{"width":600,"height":600,"url":"https:\/\/loewentestneu.metafex.io\/wp-content\/uploads\/2025\/03\/BIO-H-TIN-Hair-Essentials-Men-Forte-Capsoules-PZN-19451716-on-Lions-Pharmacy.webp","type":"image\/webp"}],"twitter_card":"summary_large_image","twitter_misc":{"Dur\u00e9e de lecture estim\u00e9e":"1 minute"},"schema":{"@context":"https:\/\/schema.org","@graph":[{"@type":"WebPage","@id":"https:\/\/loewentestneu.metafex.io\/fr\/produit\/bio-h-tin-hair-essentials-men-forte-90-pcs-19451716","url":"https:\/\/loewentestneu.metafex.io\/fr\/produit\/bio-h-tin-hair-essentials-men-forte-90-pcs-19451716","name":"BIO-H-TIN Hair Essentials Men Forte (90 pcs.) &#187; En savoir plus","isPartOf":{"@id":"https:\/\/loewentestneu.metafex.io\/fr#website"},"primaryImageOfPage":{"@id":"https:\/\/loewentestneu.metafex.io\/fr\/produit\/bio-h-tin-hair-essentials-men-forte-90-pcs-19451716#primaryimage"},"image":{"@id":"https:\/\/loewentestneu.metafex.io\/fr\/produit\/bio-h-tin-hair-essentials-men-forte-90-pcs-19451716#primaryimage"},"thumbnailUrl":"https:\/\/loewentestneu.metafex.io\/wp-content\/uploads\/2025\/03\/BIO-H-TIN-Hair-Essentials-Men-Forte-Capsoules-PZN-19451716-on-Lions-Pharmacy.webp","datePublished":"2025-03-18T20:41:24+00:00","dateModified":"2025-03-26T10:03:54+00:00","description":"Pharmacie allemande agr\u00e9\u00e9e. Nous offrons\u00a0: une livraison rapide dans le monde entier et un service de premier ordre. En savoir plus sur BIO-H-TIN Hair Essentials Men Forte (90 pcs.)","breadcrumb":{"@id":"https:\/\/loewentestneu.metafex.io\/fr\/produit\/bio-h-tin-hair-essentials-men-forte-90-pcs-19451716#breadcrumb"},"inLanguage":"fr-FR","potentialAction":[{"@type":"ReadAction","target":["https:\/\/loewentestneu.metafex.io\/fr\/produit\/bio-h-tin-hair-essentials-men-forte-90-pcs-19451716"]}]},{"@type":"ImageObject","inLanguage":"fr-FR","@id":"https:\/\/loewentestneu.metafex.io\/fr\/produit\/bio-h-tin-hair-essentials-men-forte-90-pcs-19451716#primaryimage","url":"https:\/\/loewentestneu.metafex.io\/wp-content\/uploads\/2025\/03\/BIO-H-TIN-Hair-Essentials-Men-Forte-Capsoules-PZN-19451716-on-Lions-Pharmacy.webp","contentUrl":"https:\/\/loewentestneu.metafex.io\/wp-content\/uploads\/2025\/03\/BIO-H-TIN-Hair-Essentials-Men-Forte-Capsoules-PZN-19451716-on-Lions-Pharmacy.webp","width":600,"height":600,"caption":"Une bo\u00eete de Capsules BIO-H-TIN Hair Essentials Men Forte, PZN 19451716 sur Lions-Pharmacie"},{"@type":"BreadcrumbList","@id":"https:\/\/loewentestneu.metafex.io\/fr\/produit\/bio-h-tin-hair-essentials-men-forte-90-pcs-19451716#breadcrumb","itemListElement":[{"@type":"ListItem","position":1,"name":"Home","item":"https:\/\/loewentestneu.metafex.io\/fr\/homepage-lion-pharmacy"},{"@type":"ListItem","position":2,"name":"Shop","item":"https:\/\/loewentestneu.metafex.io\/fr\/boutique"},{"@type":"ListItem","position":3,"name":"BIO-H-TIN Hair Essentials Men Forte (90 pcs.)"}]},{"@type":"WebSite","@id":"https:\/\/loewentestneu.metafex.io\/fr#website","url":"https:\/\/loewentestneu.metafex.io\/fr","name":"Lions Pharmacy","description":"Pharmacie sp\u00e9cialis\u00e9e en naturopathie de Baden-Baden, Allemagne","publisher":{"@id":"https:\/\/loewentestneu.metafex.io\/fr#organization"},"alternateName":"Lion Pharmacy","potentialAction":[{"@type":"SearchAction","target":{"@type":"EntryPoint","urlTemplate":"https:\/\/loewentestneu.metafex.io\/fr?s={search_term_string}"},"query-input":{"@type":"PropertyValueSpecification","valueRequired":true,"valueName":"search_term_string"}}],"inLanguage":"fr-FR"},{"@type":"Organization","@id":"https:\/\/loewentestneu.metafex.io\/fr#organization","name":"Lions Pharmacy","alternateName":"Lions Pharmacy24","url":"https:\/\/loewentestneu.metafex.io\/fr","logo":{"@type":"ImageObject","inLanguage":"fr-FR","@id":"https:\/\/loewentestneu.metafex.io\/fr#\/schema\/logo\/image\/","url":"https:\/\/loewentestneu.metafex.io\/wp-content\/uploads\/2022\/12\/Logo-Lion-Pharmacy-c-o-Loewen-Apotheke-smal.jpg","contentUrl":"https:\/\/loewentestneu.metafex.io\/wp-content\/uploads\/2022\/12\/Logo-Lion-Pharmacy-c-o-Loewen-Apotheke-smal.jpg","width":298,"height":99,"caption":"Lions Pharmacy"},"image":{"@id":"https:\/\/loewentestneu.metafex.io\/fr#\/schema\/logo\/image\/"}}]}},"_links":{"self":[{"href":"https:\/\/loewentestneu.metafex.io\/fr\/wp-json\/wp\/v2\/product\/10187","targetHints":{"allow":["GET"]}}],"collection":[{"href":"https:\/\/loewentestneu.metafex.io\/fr\/wp-json\/wp\/v2\/product"}],"about":[{"href":"https:\/\/loewentestneu.metafex.io\/fr\/wp-json\/wp\/v2\/types\/product"}],"replies":[{"embeddable":true,"href":"https:\/\/loewentestneu.metafex.io\/fr\/wp-json\/wp\/v2\/comments?post=10187"}],"wp:featuredmedia":[{"embeddable":true,"href":"https:\/\/loewentestneu.metafex.io\/fr\/wp-json\/wp\/v2\/media\/10192"}],"wp:attachment":[{"href":"https:\/\/loewentestneu.metafex.io\/fr\/wp-json\/wp\/v2\/media?parent=10187"}],"wp:term":[{"taxonomy":"product_brand","embeddable":true,"href":"https:\/\/loewentestneu.metafex.io\/fr\/wp-json\/wp\/v2\/product_brand?post=10187"},{"taxonomy":"product_cat","embeddable":true,"href":"https:\/\/loewentestneu.metafex.io\/fr\/wp-json\/wp\/v2\/product_cat?post=10187"},{"taxonomy":"product_tag","embeddable":true,"href":"https:\/\/loewentestneu.metafex.io\/fr\/wp-json\/wp\/v2\/product_tag?post=10187"}],"curies":[{"name":"wp","href":"https:\/\/api.w.org\/{rel}","templated":true}]}}