{"id":10489,"date":"2025-03-27T07:26:22","date_gmt":"2025-03-27T06:26:22","guid":{"rendered":"https:\/\/lions-pharmacy.com\/?post_type=product&#038;p=10489"},"modified":"2025-03-28T21:03:32","modified_gmt":"2025-03-28T20:03:32","slug":"omni-biotic-colonize-powder-28x3g","status":"publish","type":"product","link":"https:\/\/loewentestneu.metafex.io\/fr\/produit\/omni-biotic-colonize-powder-28x3g","title":{"rendered":"Omni Biotic Colonize Powder (28x 3g)"},"content":{"rendered":"<h3>Omni Biotic Colonize Powder<\/h3>\n<p>Omni Biotic Colonize Powder contient 6 souches scientifiquement combin\u00e9es de bact\u00e9ries naturellement pr\u00e9sentes dans l&#8217;intestin humain. Dosage tr\u00e8s \u00e9lev\u00e9 &#8211; 18 milliards de bact\u00e9ries par dose journali\u00e8re.<\/p>\n<p>Compl\u00e8te la flore intestinale apr\u00e8s votre coloscopie &#8211; prouv\u00e9 et naturel.<\/p>\n<p>Notice \/ mode d\u2019emploi\/fiche technique de l\u2019article: &#8211; (Lecteur PDF)<\/p>\n<p>Autres produits pour l\u2019application : <a href=\"https:\/\/loewentestneu.metafex.io\/product-tag\/concentration-stress\">Stress et syst\u00e8me immunitaire<\/a> | <a href=\"https:\/\/loewentestneu.metafex.io\/product-tag\/homeopathy\">Hom\u00e9opathie<\/a> | <a href=\"https:\/\/loewentestneu.metafex.io\/product-tag\/vitamins-supplements\">Vitamines et suppl\u00e9ments Produits<\/a><\/p>\n<p>En savoir plus sur le manufactorer et le produit : <a href=\"https:\/\/www.allergosan.com\/de\/unsere-produkte\/omni-biotic\/\" target=\"_blank\" rel=\"noopener\">Omni-Biotic<\/a> (lien vers un site externe)<\/p>\n<p>Les informations contenues dans ce site web sont fournies \u00e0 titre informatif uniquement. Ils ne remplacent en aucun cas l&#8217;examen et le traitement par un m\u00e9decin. Veuillez noter que cela signifie qu&#8217;aucun diagnostic ne peut \u00eatre \u00e9tabli et qu&#8217;aucune th\u00e9rapie ne peut \u00eatre mise en place. Les compl\u00e9ments alimentaires ne remplacent pas une alimentation \u00e9quilibr\u00e9e et vari\u00e9e et un mode de vie sain. La quantit\u00e9 de consommation quotidienne recommand\u00e9e indiqu\u00e9e ne doit pas \u00eatre d\u00e9pass\u00e9e. Conservez le produit hors de la port\u00e9e des jeunes enfants.<\/p>\n<p>Pour conna\u00eetre les risques et les effets secondaires, lisez la notice et demandez conseil \u00e0 votre m\u00e9decin ou \u00e0 votre pharmacien.<\/p>\n","protected":false},"excerpt":{"rendered":"<h2>Colonisation omni biotique<\/h2>\n<p>Compl\u00e8te la flore intestinale apr\u00e8s votre coloscopie &#8211; prouv\u00e9 et naturel.<\/p>\n<p>&nbsp;<\/p>\n<p><strong>PZN<\/strong>: 18111510 (num\u00e9ro central de la pharmacie)<\/p>\n<p><strong>Forme gal\u00e9nique<\/strong> : poudre<\/p>\n<p><strong>Type d\u2019ordonnance<\/strong> : sans ordonnance<\/p>\n<p><strong>Marque<\/strong>&nbsp;: OMNI-BiOTiC<\/p>\n<p><strong>Fabricant<\/strong>&nbsp;: INSTITUT ALLERGOSAN Deutschland GmbH<\/p>\n<p><strong>Taille de l&#8217;emballage<\/strong>: (28&#215;3 g)<\/p>\n","protected":false},"featured_media":10538,"comment_status":"closed","ping_status":"closed","template":"","meta":[],"product_brand":[],"product_cat":[611,120,114],"product_tag":[297,265,306,602,267,309,264],"class_list":{"0":"post-10489","1":"product","2":"type-product","3":"status-publish","4":"has-post-thumbnail","6":"product_cat-omni-biotique","7":"product_cat-sale-fr","8":"product_cat-non-classifiee","9":"product_tag-concentration-stress-fr","10":"product_tag-gestion-du-poids","11":"product_tag-homeopathie","12":"product_tag-medecine-veterinaire","13":"product_tag-poids-et-forme","14":"product_tag-vente-mensuelle","15":"product_tag-vitamines-et-supplements","16":"ts_product_brand-all-fr","17":"ts_product_brand-allergosan","19":"first","20":"instock","21":"sale","22":"taxable","23":"shipping-taxable","24":"purchasable","25":"product-type-simple"},"yoast_head":"<!-- This site is optimized with the Yoast SEO plugin v26.5 - https:\/\/yoast.com\/wordpress\/plugins\/seo\/ -->\n<title>Omni Biotic Colonize Powder (28x 3g) &#187; sur Lion Pharmacy<\/title>\n<meta name=\"description\" content=\"Une pharmacie en ligne enregistr\u00e9e. Nous offrons\u00a0: Exp\u00e9dition internationale rapide avec DHL. Soins de la dermatite : Omni Biotic Colonize Powder (28x 3g)\" \/>\n<meta name=\"robots\" content=\"noindex, follow, max-snippet:-1, max-image-preview:large, max-video-preview:-1\" \/>\n<meta property=\"og:locale\" content=\"fr_FR\" \/>\n<meta property=\"og:type\" content=\"article\" \/>\n<meta property=\"og:title\" content=\"Omni Biotic Colonize Powder (28x 3g) &#187; sur Lion Pharmacy\" \/>\n<meta property=\"og:description\" content=\"Une pharmacie en ligne enregistr\u00e9e. Nous offrons\u00a0: Exp\u00e9dition internationale rapide avec DHL. Soins de la dermatite : Omni Biotic Colonize Powder (28x 3g)\" \/>\n<meta property=\"og:url\" content=\"https:\/\/loewentestneu.metafex.io\/fr\/produit\/omni-biotic-colonize-powder-28x3g\" \/>\n<meta property=\"og:site_name\" content=\"Lion Pharmacy\" \/>\n<meta property=\"article:modified_time\" content=\"2025-03-28T20:03:32+00:00\" \/>\n<meta property=\"og:image\" content=\"https:\/\/loewentestneu.metafex.io\/wp-content\/uploads\/2025\/03\/Omni-biotic-COLONIZE-from-Allergosan-presented-by-Lions-Pharmacy.webp\" \/>\n\t<meta property=\"og:image:width\" content=\"600\" \/>\n\t<meta property=\"og:image:height\" content=\"600\" \/>\n\t<meta property=\"og:image:type\" content=\"image\/webp\" \/>\n<meta name=\"twitter:card\" content=\"summary_large_image\" \/>\n<meta name=\"twitter:label1\" content=\"Dur\u00e9e de lecture estim\u00e9e\" \/>\n\t<meta name=\"twitter:data1\" content=\"1 minute\" \/>\n<script type=\"application\/ld+json\" class=\"yoast-schema-graph\">{\"@context\":\"https:\/\/schema.org\",\"@graph\":[{\"@type\":\"WebPage\",\"@id\":\"https:\/\/loewentestneu.metafex.io\/fr\/produit\/omni-biotic-colonize-powder-28x3g\",\"url\":\"https:\/\/loewentestneu.metafex.io\/fr\/produit\/omni-biotic-colonize-powder-28x3g\",\"name\":\"Omni Biotic Colonize Powder (28x 3g) &#187; sur Lion Pharmacy\",\"isPartOf\":{\"@id\":\"https:\/\/loewentestneu.metafex.io\/fr#website\"},\"primaryImageOfPage\":{\"@id\":\"https:\/\/loewentestneu.metafex.io\/fr\/produit\/omni-biotic-colonize-powder-28x3g#primaryimage\"},\"image\":{\"@id\":\"https:\/\/loewentestneu.metafex.io\/fr\/produit\/omni-biotic-colonize-powder-28x3g#primaryimage\"},\"thumbnailUrl\":\"https:\/\/loewentestneu.metafex.io\/wp-content\/uploads\/2025\/03\/Omni-biotic-COLONIZE-from-Allergosan-presented-by-Lions-Pharmacy.webp\",\"datePublished\":\"2025-03-27T06:26:22+00:00\",\"dateModified\":\"2025-03-28T20:03:32+00:00\",\"description\":\"Une pharmacie en ligne enregistr\u00e9e. Nous offrons\u00a0: Exp\u00e9dition internationale rapide avec DHL. Soins de la dermatite : Omni Biotic Colonize Powder (28x 3g)\",\"breadcrumb\":{\"@id\":\"https:\/\/loewentestneu.metafex.io\/fr\/produit\/omni-biotic-colonize-powder-28x3g#breadcrumb\"},\"inLanguage\":\"fr-FR\",\"potentialAction\":[{\"@type\":\"ReadAction\",\"target\":[\"https:\/\/loewentestneu.metafex.io\/fr\/produit\/omni-biotic-colonize-powder-28x3g\"]}]},{\"@type\":\"ImageObject\",\"inLanguage\":\"fr-FR\",\"@id\":\"https:\/\/loewentestneu.metafex.io\/fr\/produit\/omni-biotic-colonize-powder-28x3g#primaryimage\",\"url\":\"https:\/\/loewentestneu.metafex.io\/wp-content\/uploads\/2025\/03\/Omni-biotic-COLONIZE-from-Allergosan-presented-by-Lions-Pharmacy.webp\",\"contentUrl\":\"https:\/\/loewentestneu.metafex.io\/wp-content\/uploads\/2025\/03\/Omni-biotic-COLONIZE-from-Allergosan-presented-by-Lions-Pharmacy.webp\",\"width\":600,\"height\":600,\"caption\":\"Omni-biotic COLONIZE d'Allergosan pr\u00e9sent\u00e9 par Lions-Pharmacy\"},{\"@type\":\"BreadcrumbList\",\"@id\":\"https:\/\/loewentestneu.metafex.io\/fr\/produit\/omni-biotic-colonize-powder-28x3g#breadcrumb\",\"itemListElement\":[{\"@type\":\"ListItem\",\"position\":1,\"name\":\"Home\",\"item\":\"https:\/\/loewentestneu.metafex.io\/fr\/homepage-lion-pharmacy\"},{\"@type\":\"ListItem\",\"position\":2,\"name\":\"Shop\",\"item\":\"https:\/\/loewentestneu.metafex.io\/fr\/boutique\"},{\"@type\":\"ListItem\",\"position\":3,\"name\":\"Omni Biotic Colonize Powder (28x 3g)\"}]},{\"@type\":\"WebSite\",\"@id\":\"https:\/\/loewentestneu.metafex.io\/fr#website\",\"url\":\"https:\/\/loewentestneu.metafex.io\/fr\",\"name\":\"Lions Pharmacy\",\"description\":\"Pharmacie sp\u00e9cialis\u00e9e en naturopathie de Baden-Baden, Allemagne\",\"publisher\":{\"@id\":\"https:\/\/loewentestneu.metafex.io\/fr#organization\"},\"alternateName\":\"Lion Pharmacy\",\"potentialAction\":[{\"@type\":\"SearchAction\",\"target\":{\"@type\":\"EntryPoint\",\"urlTemplate\":\"https:\/\/loewentestneu.metafex.io\/fr?s={search_term_string}\"},\"query-input\":{\"@type\":\"PropertyValueSpecification\",\"valueRequired\":true,\"valueName\":\"search_term_string\"}}],\"inLanguage\":\"fr-FR\"},{\"@type\":\"Organization\",\"@id\":\"https:\/\/loewentestneu.metafex.io\/fr#organization\",\"name\":\"Lions Pharmacy\",\"alternateName\":\"Lions Pharmacy24\",\"url\":\"https:\/\/loewentestneu.metafex.io\/fr\",\"logo\":{\"@type\":\"ImageObject\",\"inLanguage\":\"fr-FR\",\"@id\":\"https:\/\/loewentestneu.metafex.io\/fr#\/schema\/logo\/image\/\",\"url\":\"https:\/\/loewentestneu.metafex.io\/wp-content\/uploads\/2022\/12\/Logo-Lion-Pharmacy-c-o-Loewen-Apotheke-smal.jpg\",\"contentUrl\":\"https:\/\/loewentestneu.metafex.io\/wp-content\/uploads\/2022\/12\/Logo-Lion-Pharmacy-c-o-Loewen-Apotheke-smal.jpg\",\"width\":298,\"height\":99,\"caption\":\"Lions Pharmacy\"},\"image\":{\"@id\":\"https:\/\/loewentestneu.metafex.io\/fr#\/schema\/logo\/image\/\"}}]}<\/script>\n<!-- \/ Yoast SEO plugin. -->","yoast_head_json":{"title":"Omni Biotic Colonize Powder (28x 3g) &#187; sur Lion Pharmacy","description":"Une pharmacie en ligne enregistr\u00e9e. Nous offrons\u00a0: Exp\u00e9dition internationale rapide avec DHL. Soins de la dermatite : Omni Biotic Colonize Powder (28x 3g)","robots":{"index":"noindex","follow":"follow","max-snippet":"max-snippet:-1","max-image-preview":"max-image-preview:large","max-video-preview":"max-video-preview:-1"},"og_locale":"fr_FR","og_type":"article","og_title":"Omni Biotic Colonize Powder (28x 3g) &#187; sur Lion Pharmacy","og_description":"Une pharmacie en ligne enregistr\u00e9e. Nous offrons\u00a0: Exp\u00e9dition internationale rapide avec DHL. Soins de la dermatite : Omni Biotic Colonize Powder (28x 3g)","og_url":"https:\/\/loewentestneu.metafex.io\/fr\/produit\/omni-biotic-colonize-powder-28x3g","og_site_name":"Lion Pharmacy","article_modified_time":"2025-03-28T20:03:32+00:00","og_image":[{"width":600,"height":600,"url":"https:\/\/loewentestneu.metafex.io\/wp-content\/uploads\/2025\/03\/Omni-biotic-COLONIZE-from-Allergosan-presented-by-Lions-Pharmacy.webp","type":"image\/webp"}],"twitter_card":"summary_large_image","twitter_misc":{"Dur\u00e9e de lecture estim\u00e9e":"1 minute"},"schema":{"@context":"https:\/\/schema.org","@graph":[{"@type":"WebPage","@id":"https:\/\/loewentestneu.metafex.io\/fr\/produit\/omni-biotic-colonize-powder-28x3g","url":"https:\/\/loewentestneu.metafex.io\/fr\/produit\/omni-biotic-colonize-powder-28x3g","name":"Omni Biotic Colonize Powder (28x 3g) &#187; sur Lion Pharmacy","isPartOf":{"@id":"https:\/\/loewentestneu.metafex.io\/fr#website"},"primaryImageOfPage":{"@id":"https:\/\/loewentestneu.metafex.io\/fr\/produit\/omni-biotic-colonize-powder-28x3g#primaryimage"},"image":{"@id":"https:\/\/loewentestneu.metafex.io\/fr\/produit\/omni-biotic-colonize-powder-28x3g#primaryimage"},"thumbnailUrl":"https:\/\/loewentestneu.metafex.io\/wp-content\/uploads\/2025\/03\/Omni-biotic-COLONIZE-from-Allergosan-presented-by-Lions-Pharmacy.webp","datePublished":"2025-03-27T06:26:22+00:00","dateModified":"2025-03-28T20:03:32+00:00","description":"Une pharmacie en ligne enregistr\u00e9e. Nous offrons\u00a0: Exp\u00e9dition internationale rapide avec DHL. Soins de la dermatite : Omni Biotic Colonize Powder (28x 3g)","breadcrumb":{"@id":"https:\/\/loewentestneu.metafex.io\/fr\/produit\/omni-biotic-colonize-powder-28x3g#breadcrumb"},"inLanguage":"fr-FR","potentialAction":[{"@type":"ReadAction","target":["https:\/\/loewentestneu.metafex.io\/fr\/produit\/omni-biotic-colonize-powder-28x3g"]}]},{"@type":"ImageObject","inLanguage":"fr-FR","@id":"https:\/\/loewentestneu.metafex.io\/fr\/produit\/omni-biotic-colonize-powder-28x3g#primaryimage","url":"https:\/\/loewentestneu.metafex.io\/wp-content\/uploads\/2025\/03\/Omni-biotic-COLONIZE-from-Allergosan-presented-by-Lions-Pharmacy.webp","contentUrl":"https:\/\/loewentestneu.metafex.io\/wp-content\/uploads\/2025\/03\/Omni-biotic-COLONIZE-from-Allergosan-presented-by-Lions-Pharmacy.webp","width":600,"height":600,"caption":"Omni-biotic COLONIZE d'Allergosan pr\u00e9sent\u00e9 par Lions-Pharmacy"},{"@type":"BreadcrumbList","@id":"https:\/\/loewentestneu.metafex.io\/fr\/produit\/omni-biotic-colonize-powder-28x3g#breadcrumb","itemListElement":[{"@type":"ListItem","position":1,"name":"Home","item":"https:\/\/loewentestneu.metafex.io\/fr\/homepage-lion-pharmacy"},{"@type":"ListItem","position":2,"name":"Shop","item":"https:\/\/loewentestneu.metafex.io\/fr\/boutique"},{"@type":"ListItem","position":3,"name":"Omni Biotic Colonize Powder (28x 3g)"}]},{"@type":"WebSite","@id":"https:\/\/loewentestneu.metafex.io\/fr#website","url":"https:\/\/loewentestneu.metafex.io\/fr","name":"Lions Pharmacy","description":"Pharmacie sp\u00e9cialis\u00e9e en naturopathie de Baden-Baden, Allemagne","publisher":{"@id":"https:\/\/loewentestneu.metafex.io\/fr#organization"},"alternateName":"Lion Pharmacy","potentialAction":[{"@type":"SearchAction","target":{"@type":"EntryPoint","urlTemplate":"https:\/\/loewentestneu.metafex.io\/fr?s={search_term_string}"},"query-input":{"@type":"PropertyValueSpecification","valueRequired":true,"valueName":"search_term_string"}}],"inLanguage":"fr-FR"},{"@type":"Organization","@id":"https:\/\/loewentestneu.metafex.io\/fr#organization","name":"Lions Pharmacy","alternateName":"Lions Pharmacy24","url":"https:\/\/loewentestneu.metafex.io\/fr","logo":{"@type":"ImageObject","inLanguage":"fr-FR","@id":"https:\/\/loewentestneu.metafex.io\/fr#\/schema\/logo\/image\/","url":"https:\/\/loewentestneu.metafex.io\/wp-content\/uploads\/2022\/12\/Logo-Lion-Pharmacy-c-o-Loewen-Apotheke-smal.jpg","contentUrl":"https:\/\/loewentestneu.metafex.io\/wp-content\/uploads\/2022\/12\/Logo-Lion-Pharmacy-c-o-Loewen-Apotheke-smal.jpg","width":298,"height":99,"caption":"Lions Pharmacy"},"image":{"@id":"https:\/\/loewentestneu.metafex.io\/fr#\/schema\/logo\/image\/"}}]}},"_links":{"self":[{"href":"https:\/\/loewentestneu.metafex.io\/fr\/wp-json\/wp\/v2\/product\/10489","targetHints":{"allow":["GET"]}}],"collection":[{"href":"https:\/\/loewentestneu.metafex.io\/fr\/wp-json\/wp\/v2\/product"}],"about":[{"href":"https:\/\/loewentestneu.metafex.io\/fr\/wp-json\/wp\/v2\/types\/product"}],"replies":[{"embeddable":true,"href":"https:\/\/loewentestneu.metafex.io\/fr\/wp-json\/wp\/v2\/comments?post=10489"}],"wp:featuredmedia":[{"embeddable":true,"href":"https:\/\/loewentestneu.metafex.io\/fr\/wp-json\/wp\/v2\/media\/10538"}],"wp:attachment":[{"href":"https:\/\/loewentestneu.metafex.io\/fr\/wp-json\/wp\/v2\/media?parent=10489"}],"wp:term":[{"taxonomy":"product_brand","embeddable":true,"href":"https:\/\/loewentestneu.metafex.io\/fr\/wp-json\/wp\/v2\/product_brand?post=10489"},{"taxonomy":"product_cat","embeddable":true,"href":"https:\/\/loewentestneu.metafex.io\/fr\/wp-json\/wp\/v2\/product_cat?post=10489"},{"taxonomy":"product_tag","embeddable":true,"href":"https:\/\/loewentestneu.metafex.io\/fr\/wp-json\/wp\/v2\/product_tag?post=10489"}],"curies":[{"name":"wp","href":"https:\/\/api.w.org\/{rel}","templated":true}]}}