{"id":11371,"date":"2025-04-26T05:51:41","date_gmt":"2025-04-26T04:51:41","guid":{"rendered":"https:\/\/lions-pharmacy.com\/?post_type=product&#038;p=11371"},"modified":"2025-04-27T06:43:06","modified_gmt":"2025-04-27T05:43:06","slug":"omni-biotic-hetox-30","status":"publish","type":"product","link":"https:\/\/loewentestneu.metafex.io\/fr\/produit\/omni-biotic-hetox-30","title":{"rendered":"OMNi BiOTiC HETOX (30 pcs)"},"content":{"rendered":"<h3>OMNi BiOTiC HETOX<\/h3>\n<p>OMNi BiOTiC HETOX est un aliment destin\u00e9 \u00e0 des fins m\u00e9dicales sp\u00e9ciales (r\u00e9gime \u00e9quilibr\u00e9) pour la prise en charge di\u00e9t\u00e9tique de la cirrhose du foie. Contient 9 souches bact\u00e9riennes. Augmente l&#8217;activation de la r\u00e9ponse immunitaire cellulaire.<\/p>\n<p>Notice \/ mode d\u2019emploi\/fiche technique de l\u2019article: &#8211; (Lecteur PDF)<\/p>\n<p>Autres produits pour l&#8217;application : <a href=\"https:\/\/loewentestneu.metafex.io\/product-tag\/vitamins-supplements\" rel=\"tag\">Vitamines et compl\u00e9ments alimentaires<\/a> | <a href=\"https:\/\/loewentestneu.metafex.io\/product-tag\/weight-fitness\" rel=\"tag\">Poids et forme<\/a> | <a href=\"https:\/\/loewentestneu.metafex.io\/product-tag\/vitamins-supplements\">Vitamines et compl\u00e9ments alimentaires Produits<\/a><\/p>\n<p>En savoir plus sur le manufactorer et le produit : <a href=\"https:\/\/www.allergosan.com\/de\/unsere-produkte\/omni-biotic\/\" target=\"_blank\" rel=\"noopener\">Omni-Biotic<\/a> (lien vers un site externe)<\/p>\n<p>Les informations contenues dans ce site web sont fournies \u00e0 titre informatif uniquement. Ils ne remplacent en aucun cas l&#8217;examen et le traitement par un m\u00e9decin. Veuillez noter que cela signifie qu&#8217;aucun diagnostic ne peut \u00eatre \u00e9tabli et qu&#8217;aucune th\u00e9rapie ne peut \u00eatre mise en place. Les compl\u00e9ments alimentaires ne remplacent pas une alimentation \u00e9quilibr\u00e9e et vari\u00e9e et un mode de vie sain. La quantit\u00e9 de consommation quotidienne recommand\u00e9e indiqu\u00e9e ne doit pas \u00eatre d\u00e9pass\u00e9e. Conservez le produit hors de la port\u00e9e des jeunes enfants.<\/p>\n<p>Pour conna\u00eetre les risques et les effets secondaires, lisez la notice et demandez conseil \u00e0 votre m\u00e9decin ou \u00e0 votre pharmacien.<\/p>\n","protected":false},"excerpt":{"rendered":"<h2>OMNi BiOTiC HETOX<\/h2>\n<p>pour la prise en charge di\u00e9t\u00e9tique de la cirrhose du foie.<\/p>\n<p>&nbsp;<\/p>\n<p><strong>PZN<\/strong>: 11724540 (num\u00e9ro central de la pharmacie)<\/p>\n<p><strong>Forme gal\u00e9naire<\/strong> : comprim\u00e9s<\/p>\n<p><strong>Type d\u2019ordonnance<\/strong> : sans ordonnance<\/p>\n<p><strong>Marque<\/strong>&nbsp;: OMNI BiOTiC<\/p>\n<p><strong>Fabricant<\/strong>&nbsp;: INSTITUT ALLERGOSAN Deutschland GmbH<\/p>\n<p><strong>Conditionnement<\/strong>: 30 comprim\u00e9s \u00e0 6g<\/p>\n","protected":false},"featured_media":11397,"comment_status":"closed","ping_status":"closed","template":"","meta":[],"product_brand":[],"product_cat":[611,120,114],"product_tag":[297,265,306,267,309,264],"class_list":{"0":"post-11371","1":"product","2":"type-product","3":"status-publish","4":"has-post-thumbnail","6":"product_cat-omni-biotique","7":"product_cat-sale-fr","8":"product_cat-non-classifiee","9":"product_tag-concentration-stress-fr","10":"product_tag-gestion-du-poids","11":"product_tag-homeopathie","12":"product_tag-poids-et-forme","13":"product_tag-vente-mensuelle","14":"product_tag-vitamines-et-supplements","15":"ts_product_brand-all-fr","16":"ts_product_brand-allergosan","18":"first","19":"instock","20":"sale","21":"featured","22":"taxable","23":"shipping-taxable","24":"purchasable","25":"product-type-simple"},"yoast_head":"<!-- This site is optimized with the Yoast SEO plugin v26.5 - https:\/\/yoast.com\/wordpress\/plugins\/seo\/ -->\n<title>OMNi BiOTiC HETOX (30 pcs) &#187; sur Lion Pharmacy<\/title>\n<meta name=\"description\" content=\"Une pharmacie en ligne enregistr\u00e9e. Nous offrons\u00a0: Exp\u00e9dition internationale rapide avec DHL. Prise en charge di\u00e9t\u00e9tique de la cirrhose du foie. OMNi BiOTiC HETOX (30 pcs)\" \/>\n<meta name=\"robots\" content=\"noindex, follow, max-snippet:-1, max-image-preview:large, max-video-preview:-1\" \/>\n<meta property=\"og:locale\" content=\"fr_FR\" \/>\n<meta property=\"og:type\" content=\"article\" \/>\n<meta property=\"og:title\" content=\"OMNi BiOTiC HETOX (30 pcs) &#187; sur Lion Pharmacy\" \/>\n<meta property=\"og:description\" content=\"Une pharmacie en ligne enregistr\u00e9e. Nous offrons\u00a0: Exp\u00e9dition internationale rapide avec DHL. Prise en charge di\u00e9t\u00e9tique de la cirrhose du foie. OMNi BiOTiC HETOX (30 pcs)\" \/>\n<meta property=\"og:url\" content=\"https:\/\/loewentestneu.metafex.io\/fr\/produit\/omni-biotic-hetox-30\" \/>\n<meta property=\"og:site_name\" content=\"Lion Pharmacy\" \/>\n<meta property=\"article:modified_time\" content=\"2025-04-27T05:43:06+00:00\" \/>\n<meta property=\"og:image\" content=\"https:\/\/loewentestneu.metafex.io\/wp-content\/uploads\/2025\/04\/Institut-Allergosan-Omni-Biotic-hetox-30-pc-PZN-11724540-by-Lions-Pharmacy.webp\" \/>\n\t<meta property=\"og:image:width\" content=\"600\" \/>\n\t<meta property=\"og:image:height\" content=\"600\" \/>\n\t<meta property=\"og:image:type\" content=\"image\/webp\" \/>\n<meta name=\"twitter:card\" content=\"summary_large_image\" \/>\n<meta name=\"twitter:label1\" content=\"Dur\u00e9e de lecture estim\u00e9e\" \/>\n\t<meta name=\"twitter:data1\" content=\"1 minute\" \/>\n<script type=\"application\/ld+json\" class=\"yoast-schema-graph\">{\"@context\":\"https:\/\/schema.org\",\"@graph\":[{\"@type\":\"WebPage\",\"@id\":\"https:\/\/loewentestneu.metafex.io\/fr\/produit\/omni-biotic-hetox-30\",\"url\":\"https:\/\/loewentestneu.metafex.io\/fr\/produit\/omni-biotic-hetox-30\",\"name\":\"OMNi BiOTiC HETOX (30 pcs) &#187; sur Lion Pharmacy\",\"isPartOf\":{\"@id\":\"https:\/\/loewentestneu.metafex.io\/fr#website\"},\"primaryImageOfPage\":{\"@id\":\"https:\/\/loewentestneu.metafex.io\/fr\/produit\/omni-biotic-hetox-30#primaryimage\"},\"image\":{\"@id\":\"https:\/\/loewentestneu.metafex.io\/fr\/produit\/omni-biotic-hetox-30#primaryimage\"},\"thumbnailUrl\":\"https:\/\/loewentestneu.metafex.io\/wp-content\/uploads\/2025\/04\/Institut-Allergosan-Omni-Biotic-hetox-30-pc-PZN-11724540-by-Lions-Pharmacy.webp\",\"datePublished\":\"2025-04-26T04:51:41+00:00\",\"dateModified\":\"2025-04-27T05:43:06+00:00\",\"description\":\"Une pharmacie en ligne enregistr\u00e9e. Nous offrons\u00a0: Exp\u00e9dition internationale rapide avec DHL. Prise en charge di\u00e9t\u00e9tique de la cirrhose du foie. OMNi BiOTiC HETOX (30 pcs)\",\"breadcrumb\":{\"@id\":\"https:\/\/loewentestneu.metafex.io\/fr\/produit\/omni-biotic-hetox-30#breadcrumb\"},\"inLanguage\":\"fr-FR\",\"potentialAction\":[{\"@type\":\"ReadAction\",\"target\":[\"https:\/\/loewentestneu.metafex.io\/fr\/produit\/omni-biotic-hetox-30\"]}]},{\"@type\":\"ImageObject\",\"inLanguage\":\"fr-FR\",\"@id\":\"https:\/\/loewentestneu.metafex.io\/fr\/produit\/omni-biotic-hetox-30#primaryimage\",\"url\":\"https:\/\/loewentestneu.metafex.io\/wp-content\/uploads\/2025\/04\/Institut-Allergosan-Omni-Biotic-hetox-30-pc-PZN-11724540-by-Lions-Pharmacy.webp\",\"contentUrl\":\"https:\/\/loewentestneu.metafex.io\/wp-content\/uploads\/2025\/04\/Institut-Allergosan-Omni-Biotic-hetox-30-pc-PZN-11724540-by-Lions-Pharmacy.webp\",\"width\":600,\"height\":600,\"caption\":\"Institut Allergosan, Omni-Biotic hetox, 30 pc, PZN-11724540 de Lions Pharmacy\"},{\"@type\":\"BreadcrumbList\",\"@id\":\"https:\/\/loewentestneu.metafex.io\/fr\/produit\/omni-biotic-hetox-30#breadcrumb\",\"itemListElement\":[{\"@type\":\"ListItem\",\"position\":1,\"name\":\"Home\",\"item\":\"https:\/\/loewentestneu.metafex.io\/fr\/homepage-lion-pharmacy\"},{\"@type\":\"ListItem\",\"position\":2,\"name\":\"Shop\",\"item\":\"https:\/\/loewentestneu.metafex.io\/fr\/boutique\"},{\"@type\":\"ListItem\",\"position\":3,\"name\":\"OMNi BiOTiC HETOX (30 pcs)\"}]},{\"@type\":\"WebSite\",\"@id\":\"https:\/\/loewentestneu.metafex.io\/fr#website\",\"url\":\"https:\/\/loewentestneu.metafex.io\/fr\",\"name\":\"Lions Pharmacy\",\"description\":\"Pharmacie sp\u00e9cialis\u00e9e en naturopathie de Baden-Baden, Allemagne\",\"publisher\":{\"@id\":\"https:\/\/loewentestneu.metafex.io\/fr#organization\"},\"alternateName\":\"Lion Pharmacy\",\"potentialAction\":[{\"@type\":\"SearchAction\",\"target\":{\"@type\":\"EntryPoint\",\"urlTemplate\":\"https:\/\/loewentestneu.metafex.io\/fr?s={search_term_string}\"},\"query-input\":{\"@type\":\"PropertyValueSpecification\",\"valueRequired\":true,\"valueName\":\"search_term_string\"}}],\"inLanguage\":\"fr-FR\"},{\"@type\":\"Organization\",\"@id\":\"https:\/\/loewentestneu.metafex.io\/fr#organization\",\"name\":\"Lions Pharmacy\",\"alternateName\":\"Lions Pharmacy24\",\"url\":\"https:\/\/loewentestneu.metafex.io\/fr\",\"logo\":{\"@type\":\"ImageObject\",\"inLanguage\":\"fr-FR\",\"@id\":\"https:\/\/loewentestneu.metafex.io\/fr#\/schema\/logo\/image\/\",\"url\":\"https:\/\/loewentestneu.metafex.io\/wp-content\/uploads\/2022\/12\/Logo-Lion-Pharmacy-c-o-Loewen-Apotheke-smal.jpg\",\"contentUrl\":\"https:\/\/loewentestneu.metafex.io\/wp-content\/uploads\/2022\/12\/Logo-Lion-Pharmacy-c-o-Loewen-Apotheke-smal.jpg\",\"width\":298,\"height\":99,\"caption\":\"Lions Pharmacy\"},\"image\":{\"@id\":\"https:\/\/loewentestneu.metafex.io\/fr#\/schema\/logo\/image\/\"}}]}<\/script>\n<!-- \/ Yoast SEO plugin. -->","yoast_head_json":{"title":"OMNi BiOTiC HETOX (30 pcs) &#187; sur Lion Pharmacy","description":"Une pharmacie en ligne enregistr\u00e9e. Nous offrons\u00a0: Exp\u00e9dition internationale rapide avec DHL. Prise en charge di\u00e9t\u00e9tique de la cirrhose du foie. OMNi BiOTiC HETOX (30 pcs)","robots":{"index":"noindex","follow":"follow","max-snippet":"max-snippet:-1","max-image-preview":"max-image-preview:large","max-video-preview":"max-video-preview:-1"},"og_locale":"fr_FR","og_type":"article","og_title":"OMNi BiOTiC HETOX (30 pcs) &#187; sur Lion Pharmacy","og_description":"Une pharmacie en ligne enregistr\u00e9e. Nous offrons\u00a0: Exp\u00e9dition internationale rapide avec DHL. Prise en charge di\u00e9t\u00e9tique de la cirrhose du foie. OMNi BiOTiC HETOX (30 pcs)","og_url":"https:\/\/loewentestneu.metafex.io\/fr\/produit\/omni-biotic-hetox-30","og_site_name":"Lion Pharmacy","article_modified_time":"2025-04-27T05:43:06+00:00","og_image":[{"width":600,"height":600,"url":"https:\/\/loewentestneu.metafex.io\/wp-content\/uploads\/2025\/04\/Institut-Allergosan-Omni-Biotic-hetox-30-pc-PZN-11724540-by-Lions-Pharmacy.webp","type":"image\/webp"}],"twitter_card":"summary_large_image","twitter_misc":{"Dur\u00e9e de lecture estim\u00e9e":"1 minute"},"schema":{"@context":"https:\/\/schema.org","@graph":[{"@type":"WebPage","@id":"https:\/\/loewentestneu.metafex.io\/fr\/produit\/omni-biotic-hetox-30","url":"https:\/\/loewentestneu.metafex.io\/fr\/produit\/omni-biotic-hetox-30","name":"OMNi BiOTiC HETOX (30 pcs) &#187; sur Lion Pharmacy","isPartOf":{"@id":"https:\/\/loewentestneu.metafex.io\/fr#website"},"primaryImageOfPage":{"@id":"https:\/\/loewentestneu.metafex.io\/fr\/produit\/omni-biotic-hetox-30#primaryimage"},"image":{"@id":"https:\/\/loewentestneu.metafex.io\/fr\/produit\/omni-biotic-hetox-30#primaryimage"},"thumbnailUrl":"https:\/\/loewentestneu.metafex.io\/wp-content\/uploads\/2025\/04\/Institut-Allergosan-Omni-Biotic-hetox-30-pc-PZN-11724540-by-Lions-Pharmacy.webp","datePublished":"2025-04-26T04:51:41+00:00","dateModified":"2025-04-27T05:43:06+00:00","description":"Une pharmacie en ligne enregistr\u00e9e. Nous offrons\u00a0: Exp\u00e9dition internationale rapide avec DHL. Prise en charge di\u00e9t\u00e9tique de la cirrhose du foie. OMNi BiOTiC HETOX (30 pcs)","breadcrumb":{"@id":"https:\/\/loewentestneu.metafex.io\/fr\/produit\/omni-biotic-hetox-30#breadcrumb"},"inLanguage":"fr-FR","potentialAction":[{"@type":"ReadAction","target":["https:\/\/loewentestneu.metafex.io\/fr\/produit\/omni-biotic-hetox-30"]}]},{"@type":"ImageObject","inLanguage":"fr-FR","@id":"https:\/\/loewentestneu.metafex.io\/fr\/produit\/omni-biotic-hetox-30#primaryimage","url":"https:\/\/loewentestneu.metafex.io\/wp-content\/uploads\/2025\/04\/Institut-Allergosan-Omni-Biotic-hetox-30-pc-PZN-11724540-by-Lions-Pharmacy.webp","contentUrl":"https:\/\/loewentestneu.metafex.io\/wp-content\/uploads\/2025\/04\/Institut-Allergosan-Omni-Biotic-hetox-30-pc-PZN-11724540-by-Lions-Pharmacy.webp","width":600,"height":600,"caption":"Institut Allergosan, Omni-Biotic hetox, 30 pc, PZN-11724540 de Lions Pharmacy"},{"@type":"BreadcrumbList","@id":"https:\/\/loewentestneu.metafex.io\/fr\/produit\/omni-biotic-hetox-30#breadcrumb","itemListElement":[{"@type":"ListItem","position":1,"name":"Home","item":"https:\/\/loewentestneu.metafex.io\/fr\/homepage-lion-pharmacy"},{"@type":"ListItem","position":2,"name":"Shop","item":"https:\/\/loewentestneu.metafex.io\/fr\/boutique"},{"@type":"ListItem","position":3,"name":"OMNi BiOTiC HETOX (30 pcs)"}]},{"@type":"WebSite","@id":"https:\/\/loewentestneu.metafex.io\/fr#website","url":"https:\/\/loewentestneu.metafex.io\/fr","name":"Lions Pharmacy","description":"Pharmacie sp\u00e9cialis\u00e9e en naturopathie de Baden-Baden, Allemagne","publisher":{"@id":"https:\/\/loewentestneu.metafex.io\/fr#organization"},"alternateName":"Lion Pharmacy","potentialAction":[{"@type":"SearchAction","target":{"@type":"EntryPoint","urlTemplate":"https:\/\/loewentestneu.metafex.io\/fr?s={search_term_string}"},"query-input":{"@type":"PropertyValueSpecification","valueRequired":true,"valueName":"search_term_string"}}],"inLanguage":"fr-FR"},{"@type":"Organization","@id":"https:\/\/loewentestneu.metafex.io\/fr#organization","name":"Lions Pharmacy","alternateName":"Lions Pharmacy24","url":"https:\/\/loewentestneu.metafex.io\/fr","logo":{"@type":"ImageObject","inLanguage":"fr-FR","@id":"https:\/\/loewentestneu.metafex.io\/fr#\/schema\/logo\/image\/","url":"https:\/\/loewentestneu.metafex.io\/wp-content\/uploads\/2022\/12\/Logo-Lion-Pharmacy-c-o-Loewen-Apotheke-smal.jpg","contentUrl":"https:\/\/loewentestneu.metafex.io\/wp-content\/uploads\/2022\/12\/Logo-Lion-Pharmacy-c-o-Loewen-Apotheke-smal.jpg","width":298,"height":99,"caption":"Lions Pharmacy"},"image":{"@id":"https:\/\/loewentestneu.metafex.io\/fr#\/schema\/logo\/image\/"}}]}},"_links":{"self":[{"href":"https:\/\/loewentestneu.metafex.io\/fr\/wp-json\/wp\/v2\/product\/11371","targetHints":{"allow":["GET"]}}],"collection":[{"href":"https:\/\/loewentestneu.metafex.io\/fr\/wp-json\/wp\/v2\/product"}],"about":[{"href":"https:\/\/loewentestneu.metafex.io\/fr\/wp-json\/wp\/v2\/types\/product"}],"replies":[{"embeddable":true,"href":"https:\/\/loewentestneu.metafex.io\/fr\/wp-json\/wp\/v2\/comments?post=11371"}],"wp:featuredmedia":[{"embeddable":true,"href":"https:\/\/loewentestneu.metafex.io\/fr\/wp-json\/wp\/v2\/media\/11397"}],"wp:attachment":[{"href":"https:\/\/loewentestneu.metafex.io\/fr\/wp-json\/wp\/v2\/media?parent=11371"}],"wp:term":[{"taxonomy":"product_brand","embeddable":true,"href":"https:\/\/loewentestneu.metafex.io\/fr\/wp-json\/wp\/v2\/product_brand?post=11371"},{"taxonomy":"product_cat","embeddable":true,"href":"https:\/\/loewentestneu.metafex.io\/fr\/wp-json\/wp\/v2\/product_cat?post=11371"},{"taxonomy":"product_tag","embeddable":true,"href":"https:\/\/loewentestneu.metafex.io\/fr\/wp-json\/wp\/v2\/product_tag?post=11371"}],"curies":[{"name":"wp","href":"https:\/\/api.w.org\/{rel}","templated":true}]}}