{"id":13783,"date":"2025-07-29T06:50:26","date_gmt":"2025-07-29T05:50:26","guid":{"rendered":"https:\/\/lions-pharmacy.com\/?post_type=product&#038;p=13783"},"modified":"2025-12-01T07:00:00","modified_gmt":"2025-12-01T06:00:00","slug":"melatonin-strips-tongue-strips-24-pcs-4250424170117","status":"publish","type":"product","link":"https:\/\/loewentestneu.metafex.io\/fr\/produit\/melatonin-strips-tongue-strips-24-pcs-4250424170117","title":{"rendered":"Bandelettes de m\u00e9latonine Bandelettes pour la langue (24 pi\u00e8ces)"},"content":{"rendered":"<h3>Bandelettes de m\u00e9latonine Bandelettes de langue<\/h3>\n<p>Les languettes de m\u00e9latonine att\u00e9nuent les sympt\u00f4mes subjectifs du d\u00e9calage horaire. Raccourcissement du temps d&#8217;endormissement et fonctionnement normal du syst\u00e8me nerveux.<\/p>\n<p>Les habitudes de sommeil peuvent \u00eatre r\u00e9gul\u00e9es par la prise de m\u00e9latonine, qui se d\u00e9compose dans l&#8217;organisme au bout d&#8217;environ 6 heures. La vitamine B6, qui contribue au fonctionnement normal du syst\u00e8me nerveux, est un partenaire id\u00e9al de la m\u00e9latonine. Compl\u00e9ment alimentaire \u00e0 base de m\u00e9latonine et de vitamine B6 (pyridoxine).<\/p>\n<h3>D\u00e9tails du produit et informations obligatoires<\/h3>\n<p>Notice d&#8217;emballage : <a href=\"https:\/\/loewentestneu.metafex.io\/wp-content\/uploads\/2025\/07\/Melantonin-Strips-18221983-17892.pdf\">Melatonin Strips 18221983<\/a> (PDF reader) et Food information.<\/p>\n<p>Ingr\u00e9dients : m\u00e9latonine. Une bande Melatonin+ contient 1,5 mg de m\u00e9latonine. Vegan, avec ar\u00f4me de menthol<\/p>\n<p>En savoir plus sur le fabricant et ce produit : <a href=\"https:\/\/www.hager-pharma.de\/\" target=\"_blank\" rel=\"noopener\">Hager Pharma<\/a> (lien vers un site web externe)<\/p>\n<p>Les informations contenues dans ce site web sont fournies \u00e0 titre informatif uniquement. Ils ne remplacent en aucun cas l&#8217;examen et le traitement par un m\u00e9decin. Veuillez noter que cela signifie qu&#8217;aucun diagnostic ne peut \u00eatre \u00e9tabli et qu&#8217;aucune th\u00e9rapie ne peut \u00eatre mise en place. Importation unique &#8211; Nous importons ce m\u00e9dicament pour vous. Le d\u00e9lai de livraison est donc plus long. Les retours pour les importations individuelles sont exclus.<\/p>\n<p>Pour conna\u00eetre les risques et les effets secondaires, lisez la notice et demandez conseil \u00e0 votre m\u00e9decin ou \u00e0 votre pharmacien.<\/p>\n<h4><\/h4>\n<h3>Conseil d&#8217;expert de la pharmacie :<\/h3>\n<p>Notre pharmacien vous recommande les produits suivants pour la concentration et le stress : <a href=\"https:\/\/loewentestneu.metafex.io\/fr\/produit\/neurapas-balance-100-pcs-4150014981430\">Neurapas balance<\/a> &#8211; efficacit\u00e9 prouv\u00e9e et sp\u00e9cifique.<\/p>\n<p>Autres produits pour l&#8217;application : <a href=\"https:\/\/loewentestneu.metafex.io\/fr\/etiquette-produit\/vitamines-et-supplements\">Vitamines et compl\u00e9ments alimentaires<\/a> | <a href=\"https:\/\/loewentestneu.metafex.io\/fr\/etiquette-produit\/remedes-naturels\" rel=\"tag\">Rem\u00e8des naturels<\/a> | <a href=\"https:\/\/loewentestneu.metafex.io\/fr\/etiquette-produit\/bien-etre\" rel=\"tag\">Bien-\u00eatre<\/a><\/p>\n<h3>Des questions sur le produit ? Nous sommes l\u00e0 pour vous !<\/h3>\n<p>Notre pharmacienne responsable, Dr. Sandra Hoff, et son \u00e9quipe se feront un plaisir de vous conseiller personnellement &#8211; par t\u00e9l\u00e9phone ou par e-mail. En tant que v\u00e9ritable pharmacie de quartier et pharmacie de vente par correspondance agr\u00e9\u00e9e, nous vous offrons un soutien comp\u00e9tent, notamment dans le domaine de la <a href=\"https:\/\/loewentestneu.metafex.io\/fr\/etiquette-produit\/remedes-naturels\">naturopathie<\/a> et des <a href=\"https:\/\/loewentestneu.metafex.io\/fr\/etiquette-produit\/vitamines-et-supplements\">compl\u00e9ments alimentaires<\/a>, ici les m\u00e9dicaments de <a href=\"https:\/\/loewentestneu.metafex.io\/fr\/product-brand\/vitorgan-fr\">vitOrgan<\/a> et <a href=\"https:\/\/loewentestneu.metafex.io\/fr\/product-category\/labo-life-fr\">Labo Life<\/a>.<br \/>\nVous trouverez notre autorisation dans le <a href=\"https:\/\/versandhandel.dimdi.de\/websearch\/servlet\/Gate;jsessionid=0D29D15655BE1174E9178A340E8FE6BC?accessid=dimdi_var&amp;term=3c387956690121ccc8763184f052b93f\" target=\"_blank\" rel=\"noopener\">registre de la vente par correspondance<\/a>.<\/p>\n<h3>Remplir une ordonnance ou une prescription \u00e9lectronique :<\/h3>\n<p>Avez-vous une ordonnance ou une prescription \u00e9lectronique ? Soumettez-la confortablement via notre application de <a href=\"https:\/\/e-rezept-app.de\/shop-rezept\" target=\"_blank\" rel=\"noopener\">prescription \u00e9lectronique<\/a> &#8211; les ordonnances priv\u00e9es pour les personnes qui paient elles-m\u00eames sont \u00e9galement possibles. Rapide, s\u00fbr et facile.<\/p>\n","protected":false},"excerpt":{"rendered":"<h2>Bandelettes de m\u00e9latonine Bandelettes de langue<\/h2>\n<p>Les languettes de m\u00e9latonine att\u00e9nuent les sympt\u00f4mes subjectifs du d\u00e9calage horaire. Raccourcissement du temps d&#8217;endormissement et fonctionnement normal du syst\u00e8me nerveux.<\/p>\n<p>&nbsp;<\/p>\n<p><strong>PZN<\/strong>: 18221983<\/p>\n<p><strong>Forme posologique<\/strong>: comprim\u00e9s fondants<\/p>\n<p><strong>Type d\u2019ordonnance<\/strong> : sans ordonnance<\/p>\n<p><strong>Marque<\/strong>: Lemon Pharma<\/p>\n<p><strong>Fabricant<\/strong>: Hager Pharma Gmbh, 47269 Duisburg, Allemagne<\/p>\n","protected":false},"featured_media":13793,"comment_status":"closed","ping_status":"closed","template":"","meta":[],"product_brand":[],"product_cat":[120,114],"product_tag":[510,297,265,466,267,464,264],"class_list":{"0":"post-13783","1":"product","2":"type-product","3":"status-publish","4":"has-post-thumbnail","6":"product_cat-sale-fr","7":"product_cat-non-classifiee","8":"product_tag-actif-dorigine-vegetale","9":"product_tag-concentration-stress-fr","10":"product_tag-gestion-du-poids","11":"product_tag-ingredient-actif-a-base-de-plantes","12":"product_tag-poids-et-forme","13":"product_tag-remedes-naturels","14":"product_tag-vitamines-et-supplements","15":"ts_product_brand-all-fr","17":"first","18":"instock","19":"featured","20":"taxable","21":"shipping-taxable","22":"purchasable","23":"product-type-simple"},"yoast_head":"<!-- This site is optimized with the Yoast SEO plugin v26.5 - https:\/\/yoast.com\/wordpress\/plugins\/seo\/ -->\n<title>Bandelettes de m\u00e9latonine Bandelettes pour la langue (24 pi\u00e8ces) &#187; commander ici<\/title>\n<meta name=\"description\" content=\"Compl\u00e9ment alimentaire. En savoir plus sur Bandelettes de m\u00e9latonine Bandelettes pour la langue (24 pi\u00e8ces). Nous vous offrons : Une livraison rapide et des achats en ligne en toute s\u00e9curit\u00e9.\" \/>\n<meta name=\"robots\" content=\"noindex, follow, max-snippet:-1, max-image-preview:large, max-video-preview:-1\" \/>\n<meta property=\"og:locale\" content=\"fr_FR\" \/>\n<meta property=\"og:type\" content=\"article\" \/>\n<meta property=\"og:title\" content=\"Bandelettes de m\u00e9latonine Bandelettes pour la langue (24 pi\u00e8ces) &#187; commander ici\" \/>\n<meta property=\"og:description\" content=\"Compl\u00e9ment alimentaire. En savoir plus sur Bandelettes de m\u00e9latonine Bandelettes pour la langue (24 pi\u00e8ces). Nous vous offrons : Une livraison rapide et des achats en ligne en toute s\u00e9curit\u00e9.\" \/>\n<meta property=\"og:url\" content=\"https:\/\/loewentestneu.metafex.io\/fr\/produit\/melatonin-strips-tongue-strips-24-pcs-4250424170117\" \/>\n<meta property=\"og:site_name\" content=\"Lion Pharmacy\" \/>\n<meta property=\"article:modified_time\" content=\"2025-12-01T06:00:00+00:00\" \/>\n<meta property=\"og:image\" content=\"https:\/\/loewentestneu.metafex.io\/wp-content\/uploads\/2025\/07\/Melatonin-Strips-Tongue-Strips-PZN-18221983-Lions-Pharmacy.webp\" \/>\n\t<meta property=\"og:image:width\" content=\"600\" \/>\n\t<meta property=\"og:image:height\" content=\"600\" \/>\n\t<meta property=\"og:image:type\" content=\"image\/webp\" \/>\n<meta name=\"twitter:card\" content=\"summary_large_image\" \/>\n<meta name=\"twitter:label1\" content=\"Dur\u00e9e de lecture estim\u00e9e\" \/>\n\t<meta name=\"twitter:data1\" content=\"2 minutes\" \/>\n<script type=\"application\/ld+json\" class=\"yoast-schema-graph\">{\"@context\":\"https:\/\/schema.org\",\"@graph\":[{\"@type\":\"WebPage\",\"@id\":\"https:\/\/loewentestneu.metafex.io\/fr\/produit\/melatonin-strips-tongue-strips-24-pcs-4250424170117\",\"url\":\"https:\/\/loewentestneu.metafex.io\/fr\/produit\/melatonin-strips-tongue-strips-24-pcs-4250424170117\",\"name\":\"Bandelettes de m\u00e9latonine Bandelettes pour la langue (24 pi\u00e8ces) &#187; commander ici\",\"isPartOf\":{\"@id\":\"https:\/\/loewentestneu.metafex.io\/fr#website\"},\"primaryImageOfPage\":{\"@id\":\"https:\/\/loewentestneu.metafex.io\/fr\/produit\/melatonin-strips-tongue-strips-24-pcs-4250424170117#primaryimage\"},\"image\":{\"@id\":\"https:\/\/loewentestneu.metafex.io\/fr\/produit\/melatonin-strips-tongue-strips-24-pcs-4250424170117#primaryimage\"},\"thumbnailUrl\":\"https:\/\/loewentestneu.metafex.io\/wp-content\/uploads\/2025\/07\/Melatonin-Strips-Tongue-Strips-PZN-18221983-Lions-Pharmacy.webp\",\"datePublished\":\"2025-07-29T05:50:26+00:00\",\"dateModified\":\"2025-12-01T06:00:00+00:00\",\"description\":\"Compl\u00e9ment alimentaire. En savoir plus sur Bandelettes de m\u00e9latonine Bandelettes pour la langue (24 pi\u00e8ces). Nous vous offrons : Une livraison rapide et des achats en ligne en toute s\u00e9curit\u00e9.\",\"breadcrumb\":{\"@id\":\"https:\/\/loewentestneu.metafex.io\/fr\/produit\/melatonin-strips-tongue-strips-24-pcs-4250424170117#breadcrumb\"},\"inLanguage\":\"fr-FR\",\"potentialAction\":[{\"@type\":\"ReadAction\",\"target\":[\"https:\/\/loewentestneu.metafex.io\/fr\/produit\/melatonin-strips-tongue-strips-24-pcs-4250424170117\"]}]},{\"@type\":\"ImageObject\",\"inLanguage\":\"fr-FR\",\"@id\":\"https:\/\/loewentestneu.metafex.io\/fr\/produit\/melatonin-strips-tongue-strips-24-pcs-4250424170117#primaryimage\",\"url\":\"https:\/\/loewentestneu.metafex.io\/wp-content\/uploads\/2025\/07\/Melatonin-Strips-Tongue-Strips-PZN-18221983-Lions-Pharmacy.webp\",\"contentUrl\":\"https:\/\/loewentestneu.metafex.io\/wp-content\/uploads\/2025\/07\/Melatonin-Strips-Tongue-Strips-PZN-18221983-Lions-Pharmacy.webp\",\"width\":600,\"height\":600,\"caption\":\"Melatonin Strips Tongue Strips, PZN-18221983, Lions-Pharmacy\"},{\"@type\":\"BreadcrumbList\",\"@id\":\"https:\/\/loewentestneu.metafex.io\/fr\/produit\/melatonin-strips-tongue-strips-24-pcs-4250424170117#breadcrumb\",\"itemListElement\":[{\"@type\":\"ListItem\",\"position\":1,\"name\":\"Home\",\"item\":\"https:\/\/loewentestneu.metafex.io\/fr\/homepage-lion-pharmacy\"},{\"@type\":\"ListItem\",\"position\":2,\"name\":\"Shop\",\"item\":\"https:\/\/loewentestneu.metafex.io\/fr\/boutique\"},{\"@type\":\"ListItem\",\"position\":3,\"name\":\"Bandelettes de m\u00e9latonine Bandelettes pour la langue (24 pi\u00e8ces)\"}]},{\"@type\":\"WebSite\",\"@id\":\"https:\/\/loewentestneu.metafex.io\/fr#website\",\"url\":\"https:\/\/loewentestneu.metafex.io\/fr\",\"name\":\"Lions Pharmacy\",\"description\":\"Pharmacie sp\u00e9cialis\u00e9e en naturopathie de Baden-Baden, Allemagne\",\"publisher\":{\"@id\":\"https:\/\/loewentestneu.metafex.io\/fr#organization\"},\"alternateName\":\"Lion Pharmacy\",\"potentialAction\":[{\"@type\":\"SearchAction\",\"target\":{\"@type\":\"EntryPoint\",\"urlTemplate\":\"https:\/\/loewentestneu.metafex.io\/fr?s={search_term_string}\"},\"query-input\":{\"@type\":\"PropertyValueSpecification\",\"valueRequired\":true,\"valueName\":\"search_term_string\"}}],\"inLanguage\":\"fr-FR\"},{\"@type\":\"Organization\",\"@id\":\"https:\/\/loewentestneu.metafex.io\/fr#organization\",\"name\":\"Lions Pharmacy\",\"alternateName\":\"Lions Pharmacy24\",\"url\":\"https:\/\/loewentestneu.metafex.io\/fr\",\"logo\":{\"@type\":\"ImageObject\",\"inLanguage\":\"fr-FR\",\"@id\":\"https:\/\/loewentestneu.metafex.io\/fr#\/schema\/logo\/image\/\",\"url\":\"https:\/\/loewentestneu.metafex.io\/wp-content\/uploads\/2022\/12\/Logo-Lion-Pharmacy-c-o-Loewen-Apotheke-smal.jpg\",\"contentUrl\":\"https:\/\/loewentestneu.metafex.io\/wp-content\/uploads\/2022\/12\/Logo-Lion-Pharmacy-c-o-Loewen-Apotheke-smal.jpg\",\"width\":298,\"height\":99,\"caption\":\"Lions Pharmacy\"},\"image\":{\"@id\":\"https:\/\/loewentestneu.metafex.io\/fr#\/schema\/logo\/image\/\"}}]}<\/script>\n<!-- \/ Yoast SEO plugin. -->","yoast_head_json":{"title":"Bandelettes de m\u00e9latonine Bandelettes pour la langue (24 pi\u00e8ces) &#187; commander ici","description":"Compl\u00e9ment alimentaire. En savoir plus sur Bandelettes de m\u00e9latonine Bandelettes pour la langue (24 pi\u00e8ces). Nous vous offrons : Une livraison rapide et des achats en ligne en toute s\u00e9curit\u00e9.","robots":{"index":"noindex","follow":"follow","max-snippet":"max-snippet:-1","max-image-preview":"max-image-preview:large","max-video-preview":"max-video-preview:-1"},"og_locale":"fr_FR","og_type":"article","og_title":"Bandelettes de m\u00e9latonine Bandelettes pour la langue (24 pi\u00e8ces) &#187; commander ici","og_description":"Compl\u00e9ment alimentaire. En savoir plus sur Bandelettes de m\u00e9latonine Bandelettes pour la langue (24 pi\u00e8ces). Nous vous offrons : Une livraison rapide et des achats en ligne en toute s\u00e9curit\u00e9.","og_url":"https:\/\/loewentestneu.metafex.io\/fr\/produit\/melatonin-strips-tongue-strips-24-pcs-4250424170117","og_site_name":"Lion Pharmacy","article_modified_time":"2025-12-01T06:00:00+00:00","og_image":[{"width":600,"height":600,"url":"https:\/\/loewentestneu.metafex.io\/wp-content\/uploads\/2025\/07\/Melatonin-Strips-Tongue-Strips-PZN-18221983-Lions-Pharmacy.webp","type":"image\/webp"}],"twitter_card":"summary_large_image","twitter_misc":{"Dur\u00e9e de lecture estim\u00e9e":"2 minutes"},"schema":{"@context":"https:\/\/schema.org","@graph":[{"@type":"WebPage","@id":"https:\/\/loewentestneu.metafex.io\/fr\/produit\/melatonin-strips-tongue-strips-24-pcs-4250424170117","url":"https:\/\/loewentestneu.metafex.io\/fr\/produit\/melatonin-strips-tongue-strips-24-pcs-4250424170117","name":"Bandelettes de m\u00e9latonine Bandelettes pour la langue (24 pi\u00e8ces) &#187; commander ici","isPartOf":{"@id":"https:\/\/loewentestneu.metafex.io\/fr#website"},"primaryImageOfPage":{"@id":"https:\/\/loewentestneu.metafex.io\/fr\/produit\/melatonin-strips-tongue-strips-24-pcs-4250424170117#primaryimage"},"image":{"@id":"https:\/\/loewentestneu.metafex.io\/fr\/produit\/melatonin-strips-tongue-strips-24-pcs-4250424170117#primaryimage"},"thumbnailUrl":"https:\/\/loewentestneu.metafex.io\/wp-content\/uploads\/2025\/07\/Melatonin-Strips-Tongue-Strips-PZN-18221983-Lions-Pharmacy.webp","datePublished":"2025-07-29T05:50:26+00:00","dateModified":"2025-12-01T06:00:00+00:00","description":"Compl\u00e9ment alimentaire. En savoir plus sur Bandelettes de m\u00e9latonine Bandelettes pour la langue (24 pi\u00e8ces). Nous vous offrons : Une livraison rapide et des achats en ligne en toute s\u00e9curit\u00e9.","breadcrumb":{"@id":"https:\/\/loewentestneu.metafex.io\/fr\/produit\/melatonin-strips-tongue-strips-24-pcs-4250424170117#breadcrumb"},"inLanguage":"fr-FR","potentialAction":[{"@type":"ReadAction","target":["https:\/\/loewentestneu.metafex.io\/fr\/produit\/melatonin-strips-tongue-strips-24-pcs-4250424170117"]}]},{"@type":"ImageObject","inLanguage":"fr-FR","@id":"https:\/\/loewentestneu.metafex.io\/fr\/produit\/melatonin-strips-tongue-strips-24-pcs-4250424170117#primaryimage","url":"https:\/\/loewentestneu.metafex.io\/wp-content\/uploads\/2025\/07\/Melatonin-Strips-Tongue-Strips-PZN-18221983-Lions-Pharmacy.webp","contentUrl":"https:\/\/loewentestneu.metafex.io\/wp-content\/uploads\/2025\/07\/Melatonin-Strips-Tongue-Strips-PZN-18221983-Lions-Pharmacy.webp","width":600,"height":600,"caption":"Melatonin Strips Tongue Strips, PZN-18221983, Lions-Pharmacy"},{"@type":"BreadcrumbList","@id":"https:\/\/loewentestneu.metafex.io\/fr\/produit\/melatonin-strips-tongue-strips-24-pcs-4250424170117#breadcrumb","itemListElement":[{"@type":"ListItem","position":1,"name":"Home","item":"https:\/\/loewentestneu.metafex.io\/fr\/homepage-lion-pharmacy"},{"@type":"ListItem","position":2,"name":"Shop","item":"https:\/\/loewentestneu.metafex.io\/fr\/boutique"},{"@type":"ListItem","position":3,"name":"Bandelettes de m\u00e9latonine Bandelettes pour la langue (24 pi\u00e8ces)"}]},{"@type":"WebSite","@id":"https:\/\/loewentestneu.metafex.io\/fr#website","url":"https:\/\/loewentestneu.metafex.io\/fr","name":"Lions Pharmacy","description":"Pharmacie sp\u00e9cialis\u00e9e en naturopathie de Baden-Baden, Allemagne","publisher":{"@id":"https:\/\/loewentestneu.metafex.io\/fr#organization"},"alternateName":"Lion Pharmacy","potentialAction":[{"@type":"SearchAction","target":{"@type":"EntryPoint","urlTemplate":"https:\/\/loewentestneu.metafex.io\/fr?s={search_term_string}"},"query-input":{"@type":"PropertyValueSpecification","valueRequired":true,"valueName":"search_term_string"}}],"inLanguage":"fr-FR"},{"@type":"Organization","@id":"https:\/\/loewentestneu.metafex.io\/fr#organization","name":"Lions Pharmacy","alternateName":"Lions Pharmacy24","url":"https:\/\/loewentestneu.metafex.io\/fr","logo":{"@type":"ImageObject","inLanguage":"fr-FR","@id":"https:\/\/loewentestneu.metafex.io\/fr#\/schema\/logo\/image\/","url":"https:\/\/loewentestneu.metafex.io\/wp-content\/uploads\/2022\/12\/Logo-Lion-Pharmacy-c-o-Loewen-Apotheke-smal.jpg","contentUrl":"https:\/\/loewentestneu.metafex.io\/wp-content\/uploads\/2022\/12\/Logo-Lion-Pharmacy-c-o-Loewen-Apotheke-smal.jpg","width":298,"height":99,"caption":"Lions Pharmacy"},"image":{"@id":"https:\/\/loewentestneu.metafex.io\/fr#\/schema\/logo\/image\/"}}]}},"_links":{"self":[{"href":"https:\/\/loewentestneu.metafex.io\/fr\/wp-json\/wp\/v2\/product\/13783","targetHints":{"allow":["GET"]}}],"collection":[{"href":"https:\/\/loewentestneu.metafex.io\/fr\/wp-json\/wp\/v2\/product"}],"about":[{"href":"https:\/\/loewentestneu.metafex.io\/fr\/wp-json\/wp\/v2\/types\/product"}],"replies":[{"embeddable":true,"href":"https:\/\/loewentestneu.metafex.io\/fr\/wp-json\/wp\/v2\/comments?post=13783"}],"wp:featuredmedia":[{"embeddable":true,"href":"https:\/\/loewentestneu.metafex.io\/fr\/wp-json\/wp\/v2\/media\/13793"}],"wp:attachment":[{"href":"https:\/\/loewentestneu.metafex.io\/fr\/wp-json\/wp\/v2\/media?parent=13783"}],"wp:term":[{"taxonomy":"product_brand","embeddable":true,"href":"https:\/\/loewentestneu.metafex.io\/fr\/wp-json\/wp\/v2\/product_brand?post=13783"},{"taxonomy":"product_cat","embeddable":true,"href":"https:\/\/loewentestneu.metafex.io\/fr\/wp-json\/wp\/v2\/product_cat?post=13783"},{"taxonomy":"product_tag","embeddable":true,"href":"https:\/\/loewentestneu.metafex.io\/fr\/wp-json\/wp\/v2\/product_tag?post=13783"}],"curies":[{"name":"wp","href":"https:\/\/api.w.org\/{rel}","templated":true}]}}