{"id":16377,"date":"2025-11-04T12:21:07","date_gmt":"2025-11-04T11:21:07","guid":{"rendered":"https:\/\/lions-pharmacy.com\/?post_type=product&#038;p=16377"},"modified":"2025-12-01T17:08:51","modified_gmt":"2025-12-01T16:08:51","slug":"neyvit-no-68-movement-tablets-60pcs-18307383","status":"publish","type":"product","link":"https:\/\/loewentestneu.metafex.io\/fr\/produit\/neyvit-no-68-movement-tablets-60pcs-18307383","title":{"rendered":"NeyVit No.68 Comprim\u00e9s de mouvement (60 pi\u00e8ces)"},"content":{"rendered":"<h3>NeyVit No.68 Tablettes pour le mouvement<\/h3>\n<p>Les comprim\u00e9s de mouvement NeyVit No. 68 contiennent des extraits d&#8217;organes musculaires pour l&#8217;endurance et la vitalit\u00e9 et des extraits d&#8217;organes osseux pour une bonne stabilit\u00e9 du squelette, ainsi que des vitamines et des nutriments pr\u00e9cieux pour la protection contre la d\u00e9g\u00e9n\u00e9rescence des os et des articulations.<\/p>\n<p>Les pr\u00e9parations hom\u00e9opathiques pour organes propos\u00e9es par vitOrgan pour la th\u00e9rapie biomol\u00e9culaire utilisent des substances organiques naturelles ayant un effet r\u00e9gulateur et m\u00e9tabolique afin de normaliser physiologiquement les processus d\u00e9s\u00e9quilibr\u00e9s. La th\u00e9rapie biomol\u00e9culaire des organes vitaux est une th\u00e9rapie tr\u00e8s efficace depuis 60 ans. Elle constitue un pont entre les domaines dits de la m\u00e9decine orthodoxe et de la naturopathie. Elle utilise des substances naturelles, r\u00e9gulatrices et m\u00e9taboliques, disponibles chez l&#8217;homme et l&#8217;animal, pour normaliser les maladies en modifiant les processus physiologiques qui ne sont plus en \u00e9quilibre &#8211; et ainsi traiter le patient non seulement sur le plan symptomatique, mais aussi sur le plan causal. Selon le principe &#8220;le c\u0153ur gu\u00e9rit le c\u0153ur, le rein gu\u00e9rit le rein, l&#8217;organe gu\u00e9rit l&#8217;organe&#8221;, il est important de r\u00e9veiller la puissance des cellules affaiblies par une r\u00e9gulation cibl\u00e9e.<\/p>\n<p><a href=\"https:\/\/loewentestneu.metafex.io\/wp-content\/uploads\/2025\/11\/NeyVit-No.-68-18307383.pdf\"><\/a><a href=\"https:\/\/loewentestneu.metafex.io\/fr\/product-category\/vitorgan-fr\">D\u00e9pliant \/ flyer : NeyVit No. 68 PZN 18307383<\/a><\/p>\n<p>Informations du fabricant vitOrgan sur NeyVit No.68 &#8211; <a href=\"https:\/\/vitorgan.de\/produkte-human\/neyvit\/\">vers le site du partenaire<\/a><br \/>\nAutres produits <a href=\"https:\/\/loewentestneu.metafex.io\/fr\/product-category\/vitorgan-fr\">de vitOrgan<\/a>.<\/p>\n<p>Les informations contenues dans ce site web sont fournies \u00e0 titre informatif uniquement. Ils ne remplacent en aucun cas l&#8217;examen et le traitement par un m\u00e9decin. Veuillez noter que cela signifie qu&#8217;aucun diagnostic ne peut \u00eatre \u00e9tabli et qu&#8217;aucune th\u00e9rapie ne peut \u00eatre mise en place.<\/p>\n<p>Pour conna\u00eetre les risques et les effets secondaires, lisez la notice et demandez conseil \u00e0 votre m\u00e9decin ou \u00e0 votre pharmacien.<\/p>\n","protected":false},"excerpt":{"rendered":"<h2>NeyVit No.68 Tablettes pour le mouvement<\/h2>\n<p>Contient des extraits d&#8217;organes pour l&#8217;endurance et la vitalit\u00e9, des extraits d&#8217;organes osseux pour une bonne stabilit\u00e9 du squelette, des vitamines et des nutriments pr\u00e9cieux pour prot\u00e9ger contre la d\u00e9g\u00e9n\u00e9rescence des os et des articulations.<\/p>\n<p>&nbsp;<\/p>\n<p>PZN : 18307383 (num\u00e9ro central de pharmacie)<\/p>\n<p>Forme posologique: comprim\u00e9s<\/p>\n<p>Type de prescription : sans ordonnance<\/p>\n<p>Marque : vitOrgan<\/p>\n<p>Fabricant : vitOrgan GmbH &amp; Co.KG, Ostfildern, Allemagne<\/p>\n<p>Taille de l\u2019emballage&nbsp;: 60 pcs.<\/p>\n","protected":false},"featured_media":16402,"comment_status":"closed","ping_status":"closed","template":"","meta":[],"product_brand":[],"product_cat":[120,114,129],"product_tag":[306,230],"class_list":{"0":"post-16377","1":"product","2":"type-product","3":"status-publish","4":"has-post-thumbnail","6":"product_cat-sale-fr","7":"product_cat-non-classifiee","8":"product_cat-vitorgan-fr","9":"product_tag-homeopathie","10":"product_tag-neydil-fr","11":"ts_product_brand-all-fr","12":"ts_product_brand-vitorgan-fr","14":"first","15":"instock","16":"sale","17":"taxable","18":"shipping-taxable","19":"purchasable","20":"product-type-simple"},"yoast_head":"<!-- This site is optimized with the Yoast SEO plugin v26.5 - https:\/\/yoast.com\/wordpress\/plugins\/seo\/ -->\n<title>NeyVit No.68 Comprim\u00e9s de mouvement (60 pi\u00e8ces) &#187; Pharmacie - commandez ici<\/title>\n<meta name=\"description\" content=\"Pharmacie en ligne allemande enregistr\u00e9e | Exp\u00e9dition internationale rapide | Produit fabriqu\u00e9 par vitOrgan : NeyVit No.68 Comprim\u00e9s de mouvement (60 pi\u00e8ces)\" \/>\n<meta name=\"robots\" content=\"noindex, follow, max-snippet:-1, max-image-preview:large, max-video-preview:-1\" \/>\n<meta property=\"og:locale\" content=\"fr_FR\" \/>\n<meta property=\"og:type\" content=\"article\" \/>\n<meta property=\"og:title\" content=\"NeyVit No.68 Comprim\u00e9s de mouvement (60 pi\u00e8ces) &#187; Pharmacie - commandez ici\" \/>\n<meta property=\"og:description\" content=\"Pharmacie en ligne allemande enregistr\u00e9e | Exp\u00e9dition internationale rapide | Produit fabriqu\u00e9 par vitOrgan : NeyVit No.68 Comprim\u00e9s de mouvement (60 pi\u00e8ces)\" \/>\n<meta property=\"og:url\" content=\"https:\/\/loewentestneu.metafex.io\/fr\/produit\/neyvit-no-68-movement-tablets-60pcs-18307383\" \/>\n<meta property=\"og:site_name\" content=\"Lion Pharmacy\" \/>\n<meta property=\"article:modified_time\" content=\"2025-12-01T16:08:51+00:00\" \/>\n<meta property=\"og:image\" content=\"https:\/\/loewentestneu.metafex.io\/wp-content\/uploads\/2025\/11\/Neyvit-No.-68-Movement-Vitorgan-PZN-18307383-Lions-Pharmacy.webp\" \/>\n\t<meta property=\"og:image:width\" content=\"600\" \/>\n\t<meta property=\"og:image:height\" content=\"600\" \/>\n\t<meta property=\"og:image:type\" content=\"image\/webp\" \/>\n<meta name=\"twitter:card\" content=\"summary_large_image\" \/>\n<meta name=\"twitter:label1\" content=\"Dur\u00e9e de lecture estim\u00e9e\" \/>\n\t<meta name=\"twitter:data1\" content=\"2 minutes\" \/>\n<script type=\"application\/ld+json\" class=\"yoast-schema-graph\">{\"@context\":\"https:\/\/schema.org\",\"@graph\":[{\"@type\":\"WebPage\",\"@id\":\"https:\/\/loewentestneu.metafex.io\/fr\/produit\/neyvit-no-68-movement-tablets-60pcs-18307383\",\"url\":\"https:\/\/loewentestneu.metafex.io\/fr\/produit\/neyvit-no-68-movement-tablets-60pcs-18307383\",\"name\":\"NeyVit No.68 Comprim\u00e9s de mouvement (60 pi\u00e8ces) &#187; Pharmacie - commandez ici\",\"isPartOf\":{\"@id\":\"https:\/\/loewentestneu.metafex.io\/fr#website\"},\"primaryImageOfPage\":{\"@id\":\"https:\/\/loewentestneu.metafex.io\/fr\/produit\/neyvit-no-68-movement-tablets-60pcs-18307383#primaryimage\"},\"image\":{\"@id\":\"https:\/\/loewentestneu.metafex.io\/fr\/produit\/neyvit-no-68-movement-tablets-60pcs-18307383#primaryimage\"},\"thumbnailUrl\":\"https:\/\/loewentestneu.metafex.io\/wp-content\/uploads\/2025\/11\/Neyvit-No.-68-Movement-Vitorgan-PZN-18307383-Lions-Pharmacy.webp\",\"datePublished\":\"2025-11-04T11:21:07+00:00\",\"dateModified\":\"2025-12-01T16:08:51+00:00\",\"description\":\"Pharmacie en ligne allemande enregistr\u00e9e | Exp\u00e9dition internationale rapide | Produit fabriqu\u00e9 par vitOrgan : NeyVit No.68 Comprim\u00e9s de mouvement (60 pi\u00e8ces)\",\"breadcrumb\":{\"@id\":\"https:\/\/loewentestneu.metafex.io\/fr\/produit\/neyvit-no-68-movement-tablets-60pcs-18307383#breadcrumb\"},\"inLanguage\":\"fr-FR\",\"potentialAction\":[{\"@type\":\"ReadAction\",\"target\":[\"https:\/\/loewentestneu.metafex.io\/fr\/produit\/neyvit-no-68-movement-tablets-60pcs-18307383\"]}]},{\"@type\":\"ImageObject\",\"inLanguage\":\"fr-FR\",\"@id\":\"https:\/\/loewentestneu.metafex.io\/fr\/produit\/neyvit-no-68-movement-tablets-60pcs-18307383#primaryimage\",\"url\":\"https:\/\/loewentestneu.metafex.io\/wp-content\/uploads\/2025\/11\/Neyvit-No.-68-Movement-Vitorgan-PZN-18307383-Lions-Pharmacy.webp\",\"contentUrl\":\"https:\/\/loewentestneu.metafex.io\/wp-content\/uploads\/2025\/11\/Neyvit-No.-68-Movement-Vitorgan-PZN-18307383-Lions-Pharmacy.webp\",\"width\":600,\"height\":600,\"caption\":\"Neyvit No. 68 Movement by Vitorgan with PZN 18307383 pr\u00e9sent\u00e9 par Lions-Pharmacy\"},{\"@type\":\"BreadcrumbList\",\"@id\":\"https:\/\/loewentestneu.metafex.io\/fr\/produit\/neyvit-no-68-movement-tablets-60pcs-18307383#breadcrumb\",\"itemListElement\":[{\"@type\":\"ListItem\",\"position\":1,\"name\":\"Home\",\"item\":\"https:\/\/loewentestneu.metafex.io\/fr\/homepage-lion-pharmacy\"},{\"@type\":\"ListItem\",\"position\":2,\"name\":\"Shop\",\"item\":\"https:\/\/loewentestneu.metafex.io\/fr\/boutique\"},{\"@type\":\"ListItem\",\"position\":3,\"name\":\"NeyVit No.68 Comprim\u00e9s de mouvement (60 pi\u00e8ces)\"}]},{\"@type\":\"WebSite\",\"@id\":\"https:\/\/loewentestneu.metafex.io\/fr#website\",\"url\":\"https:\/\/loewentestneu.metafex.io\/fr\",\"name\":\"Lions Pharmacy\",\"description\":\"Pharmacie sp\u00e9cialis\u00e9e en naturopathie de Baden-Baden, Allemagne\",\"publisher\":{\"@id\":\"https:\/\/loewentestneu.metafex.io\/fr#organization\"},\"alternateName\":\"Lion Pharmacy\",\"potentialAction\":[{\"@type\":\"SearchAction\",\"target\":{\"@type\":\"EntryPoint\",\"urlTemplate\":\"https:\/\/loewentestneu.metafex.io\/fr?s={search_term_string}\"},\"query-input\":{\"@type\":\"PropertyValueSpecification\",\"valueRequired\":true,\"valueName\":\"search_term_string\"}}],\"inLanguage\":\"fr-FR\"},{\"@type\":\"Organization\",\"@id\":\"https:\/\/loewentestneu.metafex.io\/fr#organization\",\"name\":\"Lions Pharmacy\",\"alternateName\":\"Lions Pharmacy24\",\"url\":\"https:\/\/loewentestneu.metafex.io\/fr\",\"logo\":{\"@type\":\"ImageObject\",\"inLanguage\":\"fr-FR\",\"@id\":\"https:\/\/loewentestneu.metafex.io\/fr#\/schema\/logo\/image\/\",\"url\":\"https:\/\/loewentestneu.metafex.io\/wp-content\/uploads\/2022\/12\/Logo-Lion-Pharmacy-c-o-Loewen-Apotheke-smal.jpg\",\"contentUrl\":\"https:\/\/loewentestneu.metafex.io\/wp-content\/uploads\/2022\/12\/Logo-Lion-Pharmacy-c-o-Loewen-Apotheke-smal.jpg\",\"width\":298,\"height\":99,\"caption\":\"Lions Pharmacy\"},\"image\":{\"@id\":\"https:\/\/loewentestneu.metafex.io\/fr#\/schema\/logo\/image\/\"}}]}<\/script>\n<!-- \/ Yoast SEO plugin. -->","yoast_head_json":{"title":"NeyVit No.68 Comprim\u00e9s de mouvement (60 pi\u00e8ces) &#187; Pharmacie - commandez ici","description":"Pharmacie en ligne allemande enregistr\u00e9e | Exp\u00e9dition internationale rapide | Produit fabriqu\u00e9 par vitOrgan : NeyVit No.68 Comprim\u00e9s de mouvement (60 pi\u00e8ces)","robots":{"index":"noindex","follow":"follow","max-snippet":"max-snippet:-1","max-image-preview":"max-image-preview:large","max-video-preview":"max-video-preview:-1"},"og_locale":"fr_FR","og_type":"article","og_title":"NeyVit No.68 Comprim\u00e9s de mouvement (60 pi\u00e8ces) &#187; Pharmacie - commandez ici","og_description":"Pharmacie en ligne allemande enregistr\u00e9e | Exp\u00e9dition internationale rapide | Produit fabriqu\u00e9 par vitOrgan : NeyVit No.68 Comprim\u00e9s de mouvement (60 pi\u00e8ces)","og_url":"https:\/\/loewentestneu.metafex.io\/fr\/produit\/neyvit-no-68-movement-tablets-60pcs-18307383","og_site_name":"Lion Pharmacy","article_modified_time":"2025-12-01T16:08:51+00:00","og_image":[{"width":600,"height":600,"url":"https:\/\/loewentestneu.metafex.io\/wp-content\/uploads\/2025\/11\/Neyvit-No.-68-Movement-Vitorgan-PZN-18307383-Lions-Pharmacy.webp","type":"image\/webp"}],"twitter_card":"summary_large_image","twitter_misc":{"Dur\u00e9e de lecture estim\u00e9e":"2 minutes"},"schema":{"@context":"https:\/\/schema.org","@graph":[{"@type":"WebPage","@id":"https:\/\/loewentestneu.metafex.io\/fr\/produit\/neyvit-no-68-movement-tablets-60pcs-18307383","url":"https:\/\/loewentestneu.metafex.io\/fr\/produit\/neyvit-no-68-movement-tablets-60pcs-18307383","name":"NeyVit No.68 Comprim\u00e9s de mouvement (60 pi\u00e8ces) &#187; Pharmacie - commandez ici","isPartOf":{"@id":"https:\/\/loewentestneu.metafex.io\/fr#website"},"primaryImageOfPage":{"@id":"https:\/\/loewentestneu.metafex.io\/fr\/produit\/neyvit-no-68-movement-tablets-60pcs-18307383#primaryimage"},"image":{"@id":"https:\/\/loewentestneu.metafex.io\/fr\/produit\/neyvit-no-68-movement-tablets-60pcs-18307383#primaryimage"},"thumbnailUrl":"https:\/\/loewentestneu.metafex.io\/wp-content\/uploads\/2025\/11\/Neyvit-No.-68-Movement-Vitorgan-PZN-18307383-Lions-Pharmacy.webp","datePublished":"2025-11-04T11:21:07+00:00","dateModified":"2025-12-01T16:08:51+00:00","description":"Pharmacie en ligne allemande enregistr\u00e9e | Exp\u00e9dition internationale rapide | Produit fabriqu\u00e9 par vitOrgan : NeyVit No.68 Comprim\u00e9s de mouvement (60 pi\u00e8ces)","breadcrumb":{"@id":"https:\/\/loewentestneu.metafex.io\/fr\/produit\/neyvit-no-68-movement-tablets-60pcs-18307383#breadcrumb"},"inLanguage":"fr-FR","potentialAction":[{"@type":"ReadAction","target":["https:\/\/loewentestneu.metafex.io\/fr\/produit\/neyvit-no-68-movement-tablets-60pcs-18307383"]}]},{"@type":"ImageObject","inLanguage":"fr-FR","@id":"https:\/\/loewentestneu.metafex.io\/fr\/produit\/neyvit-no-68-movement-tablets-60pcs-18307383#primaryimage","url":"https:\/\/loewentestneu.metafex.io\/wp-content\/uploads\/2025\/11\/Neyvit-No.-68-Movement-Vitorgan-PZN-18307383-Lions-Pharmacy.webp","contentUrl":"https:\/\/loewentestneu.metafex.io\/wp-content\/uploads\/2025\/11\/Neyvit-No.-68-Movement-Vitorgan-PZN-18307383-Lions-Pharmacy.webp","width":600,"height":600,"caption":"Neyvit No. 68 Movement by Vitorgan with PZN 18307383 pr\u00e9sent\u00e9 par Lions-Pharmacy"},{"@type":"BreadcrumbList","@id":"https:\/\/loewentestneu.metafex.io\/fr\/produit\/neyvit-no-68-movement-tablets-60pcs-18307383#breadcrumb","itemListElement":[{"@type":"ListItem","position":1,"name":"Home","item":"https:\/\/loewentestneu.metafex.io\/fr\/homepage-lion-pharmacy"},{"@type":"ListItem","position":2,"name":"Shop","item":"https:\/\/loewentestneu.metafex.io\/fr\/boutique"},{"@type":"ListItem","position":3,"name":"NeyVit No.68 Comprim\u00e9s de mouvement (60 pi\u00e8ces)"}]},{"@type":"WebSite","@id":"https:\/\/loewentestneu.metafex.io\/fr#website","url":"https:\/\/loewentestneu.metafex.io\/fr","name":"Lions Pharmacy","description":"Pharmacie sp\u00e9cialis\u00e9e en naturopathie de Baden-Baden, Allemagne","publisher":{"@id":"https:\/\/loewentestneu.metafex.io\/fr#organization"},"alternateName":"Lion Pharmacy","potentialAction":[{"@type":"SearchAction","target":{"@type":"EntryPoint","urlTemplate":"https:\/\/loewentestneu.metafex.io\/fr?s={search_term_string}"},"query-input":{"@type":"PropertyValueSpecification","valueRequired":true,"valueName":"search_term_string"}}],"inLanguage":"fr-FR"},{"@type":"Organization","@id":"https:\/\/loewentestneu.metafex.io\/fr#organization","name":"Lions Pharmacy","alternateName":"Lions Pharmacy24","url":"https:\/\/loewentestneu.metafex.io\/fr","logo":{"@type":"ImageObject","inLanguage":"fr-FR","@id":"https:\/\/loewentestneu.metafex.io\/fr#\/schema\/logo\/image\/","url":"https:\/\/loewentestneu.metafex.io\/wp-content\/uploads\/2022\/12\/Logo-Lion-Pharmacy-c-o-Loewen-Apotheke-smal.jpg","contentUrl":"https:\/\/loewentestneu.metafex.io\/wp-content\/uploads\/2022\/12\/Logo-Lion-Pharmacy-c-o-Loewen-Apotheke-smal.jpg","width":298,"height":99,"caption":"Lions Pharmacy"},"image":{"@id":"https:\/\/loewentestneu.metafex.io\/fr#\/schema\/logo\/image\/"}}]}},"_links":{"self":[{"href":"https:\/\/loewentestneu.metafex.io\/fr\/wp-json\/wp\/v2\/product\/16377","targetHints":{"allow":["GET"]}}],"collection":[{"href":"https:\/\/loewentestneu.metafex.io\/fr\/wp-json\/wp\/v2\/product"}],"about":[{"href":"https:\/\/loewentestneu.metafex.io\/fr\/wp-json\/wp\/v2\/types\/product"}],"replies":[{"embeddable":true,"href":"https:\/\/loewentestneu.metafex.io\/fr\/wp-json\/wp\/v2\/comments?post=16377"}],"wp:featuredmedia":[{"embeddable":true,"href":"https:\/\/loewentestneu.metafex.io\/fr\/wp-json\/wp\/v2\/media\/16402"}],"wp:attachment":[{"href":"https:\/\/loewentestneu.metafex.io\/fr\/wp-json\/wp\/v2\/media?parent=16377"}],"wp:term":[{"taxonomy":"product_brand","embeddable":true,"href":"https:\/\/loewentestneu.metafex.io\/fr\/wp-json\/wp\/v2\/product_brand?post=16377"},{"taxonomy":"product_cat","embeddable":true,"href":"https:\/\/loewentestneu.metafex.io\/fr\/wp-json\/wp\/v2\/product_cat?post=16377"},{"taxonomy":"product_tag","embeddable":true,"href":"https:\/\/loewentestneu.metafex.io\/fr\/wp-json\/wp\/v2\/product_tag?post=16377"}],"curies":[{"name":"wp","href":"https:\/\/api.w.org\/{rel}","templated":true}]}}