{"id":16554,"date":"2025-11-09T16:56:58","date_gmt":"2025-11-09T15:56:58","guid":{"rendered":"https:\/\/lions-pharmacy.com\/?post_type=product&#038;p=16554"},"modified":"2025-11-09T17:47:44","modified_gmt":"2025-11-09T16:47:44","slug":"iberogast-classic-liquid-50ml-16507540","status":"publish","type":"product","link":"https:\/\/loewentestneu.metafex.io\/fr\/produit\/iberogast-classic-liquid-50ml-16507540","title":{"rendered":"Iberogast Classic liquide (50 ml)"},"content":{"rendered":"<h2>Iberogast Classic Liquide<\/h2>\n<h3>Iberogast pour les troubles aigus de l\u2019estomac et de l\u2019intestin<\/h3>\n<p>est un rem\u00e8de simple et rapide pour des plaintes telles que les flatulences, la pression abdominale, la sensation de pl\u00e9nitude, les naus\u00e9es, les maux d\u2019estomac et d\u2019estomac et peut \u00e9galement apporter un soulagement agr\u00e9able aux br\u00fblures d\u2019estomac.<br \/>\nIberogast contient 9 plantes m\u00e9dicinales avec une forte proportion d\u2019ingr\u00e9dients r\u00e9gulateurs de motilit\u00e9. Cela signifie que l\u2019estomac et le syst\u00e8me intestinal recommencent \u00e0 bouger et sont r\u00e9gul\u00e9s.<br \/>\nIberogast Classic contient des ingr\u00e9dients utiles :<\/p>\n<ul>\n<li>Iberis amara<\/li>\n<li>Racine de r\u00e9glisse<\/li>\n<li>Fruits du carvi<\/li>\n<li>Feuilles de menthe poivr\u00e9e<\/li>\n<li>M\u00e9lisse<\/li>\n<li>Camomille<br \/>\nContrairement \u00e0 un autre produit Bayer, Iberogast advance, celui-ci contient \u00e9galement : de la racine d\u2019ang\u00e9lique, de la ch\u00e9lidoine et du chardon-Marie.<br \/>\nLorsque vous voyagez et mangez des aliments lourds, le liquide classique Iberogast peut \u00eatre une aide rapide et simple.<\/li>\n<\/ul>\n<p>Si vous souffrez de douleurs \u00e0 l\u2019estomac apr\u00e8s avoir mang\u00e9 ou si vous souffrez occasionnellement de br\u00fblures d\u2019estomac et d\u2019une sensation de pl\u00e9nitude, vous souffrez peut-\u00eatre d\u2019un trouble de la motilit\u00e9. Si des probl\u00e8mes digestifs surviennent occasionnellement, par exemple apr\u00e8s un repas copieux, un voyage, des infections gastro-intestinales, des fluctuations hormonales ou un stress aigu, la cause est souvent une perturbation des processus de mouvement dans l\u2019estomac et les intestins.<\/p>\n<p>Iberogast\u00ae Classic att\u00e9nue ces probl\u00e8mes fonctionnels et li\u00e9s \u00e0 la motilit\u00e9 en ayant<\/p>\n<p>r\u00e9gulateur de motilit\u00e9, analg\u00e9sique, antispasmodique, inhibiteur d\u2019acide et carminatif<br \/>\nEffets.<\/p>\n<p>Cela soulage efficacement les probl\u00e8mes gastro-intestinaux et la digestion peut \u00e0 nouveau se d\u00e9rouler sans probl\u00e8me. Essayez Iberogast\u00ae Classic &#8211; le num\u00e9ro 1 des probl\u00e8mes gastro-intestinaux fonctionnels en Allemagne !*<\/p>\n<p>Les informations contenues dans ce site web sont fournies \u00e0 titre informatif uniquement. Ils ne remplacent en aucun cas l&#8217;examen et le traitement par un m\u00e9decin. Veuillez noter que cela signifie qu&#8217;aucun diagnostic ne peut \u00eatre \u00e9tabli et qu&#8217;aucune th\u00e9rapie ne peut \u00eatre mise en place.<\/p>\n<p>Pour conna\u00eetre les risques et les effets secondaires, lisez la notice et demandez conseil \u00e0 votre m\u00e9decin ou \u00e0 votre pharmacien.<\/p>\n<h3 style=\"text-align: left;\">Ordonnance | e-prescription disponible ?<\/h3>\n<p>Soumettez votre e-prescription d\u00e8s maintenant. Utilisez notre application <a href=\"https:\/\/e-rezept-app.de\/shop-rezept\" target=\"_blank\" rel=\"noopener\">d\u2019ordonnance \u00e9lectronique<\/a> . Et nous vous donnons les frais de port gratuits en Allemagne !<\/p>\n","protected":false},"excerpt":{"rendered":"<h2>Iberogast Classic Liquide<\/h2>\n<div class=\"rating__wrap\">\n<p><strong>PZN : <\/strong>16507540 (num\u00e9ro central pharmaceutique)<\/p>\n<p><strong>Forme posologique<\/strong>: Liquide 50ml<\/p>\n<p><strong>Type de r\u00e9glementation :<\/strong> Sans ordonnance<\/p>\n<p><strong>Marque<\/strong>&nbsp;: Iberogast<\/p>\n<p><strong>Fabricant<\/strong>&nbsp;: Bayer AG, Germany GmbH<\/p>\n<\/div>\n","protected":false},"featured_media":16559,"comment_status":"closed","ping_status":"closed","template":"","meta":[],"product_brand":[],"product_cat":[120,114],"product_tag":[266,265,267,264],"class_list":{"0":"post-16554","1":"product","2":"type-product","3":"status-publish","4":"has-post-thumbnail","6":"product_cat-sale-fr","7":"product_cat-non-classifiee","8":"product_tag-bien-etre","9":"product_tag-gestion-du-poids","10":"product_tag-poids-et-forme","11":"product_tag-vitamines-et-supplements","12":"ts_product_brand-all-fr","14":"first","15":"instock","16":"sale","17":"taxable","18":"shipping-taxable","19":"purchasable","20":"product-type-simple"},"yoast_head":"<!-- This site is optimized with the Yoast SEO plugin v26.5 - https:\/\/yoast.com\/wordpress\/plugins\/seo\/ -->\n<title>Iberogast Classic liquide (50 ml) &#187; En stock. Commandez ici.<\/title>\n<meta name=\"description\" content=\"Iberogast Classic liquide (50 ml) pour la diarrh\u00e9e. Fabricant : Bayer Vital. Livr\u00e9 depuis votre pharmacie en ligne allemande. Exp\u00e9dition rapide. Service au top.\" \/>\n<meta name=\"robots\" content=\"noindex, follow, max-snippet:-1, max-image-preview:large, max-video-preview:-1\" \/>\n<meta property=\"og:locale\" content=\"fr_FR\" \/>\n<meta property=\"og:type\" content=\"article\" \/>\n<meta property=\"og:title\" content=\"Iberogast Classic liquide (50 ml) &#187; En stock. Commandez ici.\" \/>\n<meta property=\"og:description\" content=\"Iberogast Classic liquide (50 ml) pour la diarrh\u00e9e. Fabricant : Bayer Vital. Livr\u00e9 depuis votre pharmacie en ligne allemande. Exp\u00e9dition rapide. Service au top.\" \/>\n<meta property=\"og:url\" content=\"https:\/\/loewentestneu.metafex.io\/fr\/produit\/iberogast-classic-liquid-50ml-16507540\" \/>\n<meta property=\"og:site_name\" content=\"Lion Pharmacy\" \/>\n<meta property=\"article:modified_time\" content=\"2025-11-09T16:47:44+00:00\" \/>\n<meta property=\"og:image\" content=\"https:\/\/loewentestneu.metafex.io\/wp-content\/uploads\/2025\/11\/Iberogast-Classic-50ml-von-Bayer-Vital.webp\" \/>\n\t<meta property=\"og:image:width\" content=\"600\" \/>\n\t<meta property=\"og:image:height\" content=\"600\" \/>\n\t<meta property=\"og:image:type\" content=\"image\/webp\" \/>\n<meta name=\"twitter:card\" content=\"summary_large_image\" \/>\n<meta name=\"twitter:label1\" content=\"Dur\u00e9e de lecture estim\u00e9e\" \/>\n\t<meta name=\"twitter:data1\" content=\"2 minutes\" \/>\n<script type=\"application\/ld+json\" class=\"yoast-schema-graph\">{\"@context\":\"https:\/\/schema.org\",\"@graph\":[{\"@type\":\"WebPage\",\"@id\":\"https:\/\/loewentestneu.metafex.io\/fr\/produit\/iberogast-classic-liquid-50ml-16507540\",\"url\":\"https:\/\/loewentestneu.metafex.io\/fr\/produit\/iberogast-classic-liquid-50ml-16507540\",\"name\":\"Iberogast Classic liquide (50 ml) &#187; En stock. Commandez ici.\",\"isPartOf\":{\"@id\":\"https:\/\/loewentestneu.metafex.io\/fr#website\"},\"primaryImageOfPage\":{\"@id\":\"https:\/\/loewentestneu.metafex.io\/fr\/produit\/iberogast-classic-liquid-50ml-16507540#primaryimage\"},\"image\":{\"@id\":\"https:\/\/loewentestneu.metafex.io\/fr\/produit\/iberogast-classic-liquid-50ml-16507540#primaryimage\"},\"thumbnailUrl\":\"https:\/\/loewentestneu.metafex.io\/wp-content\/uploads\/2025\/11\/Iberogast-Classic-50ml-von-Bayer-Vital.webp\",\"datePublished\":\"2025-11-09T15:56:58+00:00\",\"dateModified\":\"2025-11-09T16:47:44+00:00\",\"description\":\"Iberogast Classic liquide (50 ml) pour la diarrh\u00e9e. Fabricant : Bayer Vital. Livr\u00e9 depuis votre pharmacie en ligne allemande. Exp\u00e9dition rapide. Service au top.\",\"breadcrumb\":{\"@id\":\"https:\/\/loewentestneu.metafex.io\/fr\/produit\/iberogast-classic-liquid-50ml-16507540#breadcrumb\"},\"inLanguage\":\"fr-FR\",\"potentialAction\":[{\"@type\":\"ReadAction\",\"target\":[\"https:\/\/loewentestneu.metafex.io\/fr\/produit\/iberogast-classic-liquid-50ml-16507540\"]}]},{\"@type\":\"ImageObject\",\"inLanguage\":\"fr-FR\",\"@id\":\"https:\/\/loewentestneu.metafex.io\/fr\/produit\/iberogast-classic-liquid-50ml-16507540#primaryimage\",\"url\":\"https:\/\/loewentestneu.metafex.io\/wp-content\/uploads\/2025\/11\/Iberogast-Classic-50ml-von-Bayer-Vital.webp\",\"contentUrl\":\"https:\/\/loewentestneu.metafex.io\/wp-content\/uploads\/2025\/11\/Iberogast-Classic-50ml-von-Bayer-Vital.webp\",\"width\":600,\"height\":600,\"caption\":\"Iberogast Classic 50ml de Bayer-Vital\"},{\"@type\":\"BreadcrumbList\",\"@id\":\"https:\/\/loewentestneu.metafex.io\/fr\/produit\/iberogast-classic-liquid-50ml-16507540#breadcrumb\",\"itemListElement\":[{\"@type\":\"ListItem\",\"position\":1,\"name\":\"Home\",\"item\":\"https:\/\/loewentestneu.metafex.io\/fr\/homepage-lion-pharmacy\"},{\"@type\":\"ListItem\",\"position\":2,\"name\":\"Shop\",\"item\":\"https:\/\/loewentestneu.metafex.io\/fr\/boutique\"},{\"@type\":\"ListItem\",\"position\":3,\"name\":\"Iberogast Classic liquide (50 ml)\"}]},{\"@type\":\"WebSite\",\"@id\":\"https:\/\/loewentestneu.metafex.io\/fr#website\",\"url\":\"https:\/\/loewentestneu.metafex.io\/fr\",\"name\":\"Lions Pharmacy\",\"description\":\"Pharmacie sp\u00e9cialis\u00e9e en naturopathie de Baden-Baden, Allemagne\",\"publisher\":{\"@id\":\"https:\/\/loewentestneu.metafex.io\/fr#organization\"},\"alternateName\":\"Lion Pharmacy\",\"potentialAction\":[{\"@type\":\"SearchAction\",\"target\":{\"@type\":\"EntryPoint\",\"urlTemplate\":\"https:\/\/loewentestneu.metafex.io\/fr?s={search_term_string}\"},\"query-input\":{\"@type\":\"PropertyValueSpecification\",\"valueRequired\":true,\"valueName\":\"search_term_string\"}}],\"inLanguage\":\"fr-FR\"},{\"@type\":\"Organization\",\"@id\":\"https:\/\/loewentestneu.metafex.io\/fr#organization\",\"name\":\"Lions Pharmacy\",\"alternateName\":\"Lions Pharmacy24\",\"url\":\"https:\/\/loewentestneu.metafex.io\/fr\",\"logo\":{\"@type\":\"ImageObject\",\"inLanguage\":\"fr-FR\",\"@id\":\"https:\/\/loewentestneu.metafex.io\/fr#\/schema\/logo\/image\/\",\"url\":\"https:\/\/loewentestneu.metafex.io\/wp-content\/uploads\/2022\/12\/Logo-Lion-Pharmacy-c-o-Loewen-Apotheke-smal.jpg\",\"contentUrl\":\"https:\/\/loewentestneu.metafex.io\/wp-content\/uploads\/2022\/12\/Logo-Lion-Pharmacy-c-o-Loewen-Apotheke-smal.jpg\",\"width\":298,\"height\":99,\"caption\":\"Lions Pharmacy\"},\"image\":{\"@id\":\"https:\/\/loewentestneu.metafex.io\/fr#\/schema\/logo\/image\/\"}}]}<\/script>\n<!-- \/ Yoast SEO plugin. -->","yoast_head_json":{"title":"Iberogast Classic liquide (50 ml) &#187; En stock. Commandez ici.","description":"Iberogast Classic liquide (50 ml) pour la diarrh\u00e9e. Fabricant : Bayer Vital. Livr\u00e9 depuis votre pharmacie en ligne allemande. Exp\u00e9dition rapide. Service au top.","robots":{"index":"noindex","follow":"follow","max-snippet":"max-snippet:-1","max-image-preview":"max-image-preview:large","max-video-preview":"max-video-preview:-1"},"og_locale":"fr_FR","og_type":"article","og_title":"Iberogast Classic liquide (50 ml) &#187; En stock. Commandez ici.","og_description":"Iberogast Classic liquide (50 ml) pour la diarrh\u00e9e. Fabricant : Bayer Vital. Livr\u00e9 depuis votre pharmacie en ligne allemande. Exp\u00e9dition rapide. Service au top.","og_url":"https:\/\/loewentestneu.metafex.io\/fr\/produit\/iberogast-classic-liquid-50ml-16507540","og_site_name":"Lion Pharmacy","article_modified_time":"2025-11-09T16:47:44+00:00","og_image":[{"width":600,"height":600,"url":"https:\/\/loewentestneu.metafex.io\/wp-content\/uploads\/2025\/11\/Iberogast-Classic-50ml-von-Bayer-Vital.webp","type":"image\/webp"}],"twitter_card":"summary_large_image","twitter_misc":{"Dur\u00e9e de lecture estim\u00e9e":"2 minutes"},"schema":{"@context":"https:\/\/schema.org","@graph":[{"@type":"WebPage","@id":"https:\/\/loewentestneu.metafex.io\/fr\/produit\/iberogast-classic-liquid-50ml-16507540","url":"https:\/\/loewentestneu.metafex.io\/fr\/produit\/iberogast-classic-liquid-50ml-16507540","name":"Iberogast Classic liquide (50 ml) &#187; En stock. Commandez ici.","isPartOf":{"@id":"https:\/\/loewentestneu.metafex.io\/fr#website"},"primaryImageOfPage":{"@id":"https:\/\/loewentestneu.metafex.io\/fr\/produit\/iberogast-classic-liquid-50ml-16507540#primaryimage"},"image":{"@id":"https:\/\/loewentestneu.metafex.io\/fr\/produit\/iberogast-classic-liquid-50ml-16507540#primaryimage"},"thumbnailUrl":"https:\/\/loewentestneu.metafex.io\/wp-content\/uploads\/2025\/11\/Iberogast-Classic-50ml-von-Bayer-Vital.webp","datePublished":"2025-11-09T15:56:58+00:00","dateModified":"2025-11-09T16:47:44+00:00","description":"Iberogast Classic liquide (50 ml) pour la diarrh\u00e9e. Fabricant : Bayer Vital. Livr\u00e9 depuis votre pharmacie en ligne allemande. Exp\u00e9dition rapide. Service au top.","breadcrumb":{"@id":"https:\/\/loewentestneu.metafex.io\/fr\/produit\/iberogast-classic-liquid-50ml-16507540#breadcrumb"},"inLanguage":"fr-FR","potentialAction":[{"@type":"ReadAction","target":["https:\/\/loewentestneu.metafex.io\/fr\/produit\/iberogast-classic-liquid-50ml-16507540"]}]},{"@type":"ImageObject","inLanguage":"fr-FR","@id":"https:\/\/loewentestneu.metafex.io\/fr\/produit\/iberogast-classic-liquid-50ml-16507540#primaryimage","url":"https:\/\/loewentestneu.metafex.io\/wp-content\/uploads\/2025\/11\/Iberogast-Classic-50ml-von-Bayer-Vital.webp","contentUrl":"https:\/\/loewentestneu.metafex.io\/wp-content\/uploads\/2025\/11\/Iberogast-Classic-50ml-von-Bayer-Vital.webp","width":600,"height":600,"caption":"Iberogast Classic 50ml de Bayer-Vital"},{"@type":"BreadcrumbList","@id":"https:\/\/loewentestneu.metafex.io\/fr\/produit\/iberogast-classic-liquid-50ml-16507540#breadcrumb","itemListElement":[{"@type":"ListItem","position":1,"name":"Home","item":"https:\/\/loewentestneu.metafex.io\/fr\/homepage-lion-pharmacy"},{"@type":"ListItem","position":2,"name":"Shop","item":"https:\/\/loewentestneu.metafex.io\/fr\/boutique"},{"@type":"ListItem","position":3,"name":"Iberogast Classic liquide (50 ml)"}]},{"@type":"WebSite","@id":"https:\/\/loewentestneu.metafex.io\/fr#website","url":"https:\/\/loewentestneu.metafex.io\/fr","name":"Lions Pharmacy","description":"Pharmacie sp\u00e9cialis\u00e9e en naturopathie de Baden-Baden, Allemagne","publisher":{"@id":"https:\/\/loewentestneu.metafex.io\/fr#organization"},"alternateName":"Lion Pharmacy","potentialAction":[{"@type":"SearchAction","target":{"@type":"EntryPoint","urlTemplate":"https:\/\/loewentestneu.metafex.io\/fr?s={search_term_string}"},"query-input":{"@type":"PropertyValueSpecification","valueRequired":true,"valueName":"search_term_string"}}],"inLanguage":"fr-FR"},{"@type":"Organization","@id":"https:\/\/loewentestneu.metafex.io\/fr#organization","name":"Lions Pharmacy","alternateName":"Lions Pharmacy24","url":"https:\/\/loewentestneu.metafex.io\/fr","logo":{"@type":"ImageObject","inLanguage":"fr-FR","@id":"https:\/\/loewentestneu.metafex.io\/fr#\/schema\/logo\/image\/","url":"https:\/\/loewentestneu.metafex.io\/wp-content\/uploads\/2022\/12\/Logo-Lion-Pharmacy-c-o-Loewen-Apotheke-smal.jpg","contentUrl":"https:\/\/loewentestneu.metafex.io\/wp-content\/uploads\/2022\/12\/Logo-Lion-Pharmacy-c-o-Loewen-Apotheke-smal.jpg","width":298,"height":99,"caption":"Lions Pharmacy"},"image":{"@id":"https:\/\/loewentestneu.metafex.io\/fr#\/schema\/logo\/image\/"}}]}},"_links":{"self":[{"href":"https:\/\/loewentestneu.metafex.io\/fr\/wp-json\/wp\/v2\/product\/16554","targetHints":{"allow":["GET"]}}],"collection":[{"href":"https:\/\/loewentestneu.metafex.io\/fr\/wp-json\/wp\/v2\/product"}],"about":[{"href":"https:\/\/loewentestneu.metafex.io\/fr\/wp-json\/wp\/v2\/types\/product"}],"replies":[{"embeddable":true,"href":"https:\/\/loewentestneu.metafex.io\/fr\/wp-json\/wp\/v2\/comments?post=16554"}],"wp:featuredmedia":[{"embeddable":true,"href":"https:\/\/loewentestneu.metafex.io\/fr\/wp-json\/wp\/v2\/media\/16559"}],"wp:attachment":[{"href":"https:\/\/loewentestneu.metafex.io\/fr\/wp-json\/wp\/v2\/media?parent=16554"}],"wp:term":[{"taxonomy":"product_brand","embeddable":true,"href":"https:\/\/loewentestneu.metafex.io\/fr\/wp-json\/wp\/v2\/product_brand?post=16554"},{"taxonomy":"product_cat","embeddable":true,"href":"https:\/\/loewentestneu.metafex.io\/fr\/wp-json\/wp\/v2\/product_cat?post=16554"},{"taxonomy":"product_tag","embeddable":true,"href":"https:\/\/loewentestneu.metafex.io\/fr\/wp-json\/wp\/v2\/product_tag?post=16554"}],"curies":[{"name":"wp","href":"https:\/\/api.w.org\/{rel}","templated":true}]}}