{"id":16564,"date":"2025-11-09T17:08:20","date_gmt":"2025-11-09T16:08:20","guid":{"rendered":"https:\/\/lions-pharmacy.com\/?post_type=product&#038;p=16564"},"modified":"2025-11-09T17:46:57","modified_gmt":"2025-11-09T16:46:57","slug":"sea-fish-oil-supra-with-60-omega-3-fatty-acids-100-pcs","status":"publish","type":"product","link":"https:\/\/loewentestneu.metafex.io\/fr\/produit\/sea-fish-oil-supra-with-60-omega-3-fatty-acids-100-pcs","title":{"rendered":"Huile de poisson de mer supra avec 60% d&#8217;acides gras om\u00e9ga-3 (100 pi\u00e8ces)"},"content":{"rendered":"<h3>Huile de poisson de mer supra avec 60% d&#8217;acides gras om\u00e9ga-3 (100 pi\u00e8ces)<\/h3>\n<p>Huile de poisson de mer supra avec 60% d&#8217;acides gras om\u00e9ga-3 sous forme de concentr\u00e9 avec une teneur \u00e9lev\u00e9e en acides gras om\u00e9ga-3 pour maintenir un taux normal de triglyc\u00e9rides dans le sang. Une contribution pratique \u00e0 l&#8217;approvisionnement en acides gras om\u00e9ga-3.<\/p>\n<p>Mode d&#8217;emploi : Consommez 1 \u00e0 5 g\u00e9lules par jour avec un peu de liquide.<\/p>\n<p>&nbsp;<\/p>\n<h3>D\u00e9tails du produit et informations obligatoires<\/h3>\n<p>Notice d&#8217;emballage : <a href=\"https:\/\/loewentestneu.metafex.io\/wp-content\/uploads\/2025\/11\/Sea-fish-oil-supra-with-60-omega-3-fatty-acids-04999408.pdf\">Huile de poisson de mer supra avec 60% d&#8217;acides gras om\u00e9ga-3 04999408<\/a> (PDF reader) et Information alimentaire.<\/p>\n<p>Ingr\u00e9dients : 1 capsule contient 1000 mg de concentr\u00e9 d&#8217;om\u00e9ga-3 provenant d&#8217;huile de poisson de mer avec 600 mg d&#8217;acides gras om\u00e9ga-3 \u00e0 longue cha\u00eene d&#8217;origine naturelle EPA (360 mg) et DHA (240 mg), 20 mg d&#8217;huile d&#8217;olive extra vierge, 7,4 mg de vitamine E.<\/p>\n<p>En savoir plus sur le fabricant et ce produit : <a href=\"https:\/\/norsan.de\/ueber-uns\/\" target=\"_blank\" rel=\"noopener\">Norsan<\/a> (lien vers un site web externe)<\/p>\n<p>Note sur l&#8217;utilisation et l&#8217;emploi : Les informations fournies sur ce site web le sont \u00e0 titre d&#8217;information g\u00e9n\u00e9rale uniquement et ne remplacent pas les conseils, le diagnostic ou le traitement d&#8217;un m\u00e9decin. Les compl\u00e9ments alimentaires ne remplacent pas une alimentation \u00e9quilibr\u00e9e et vari\u00e9e et un mode de vie sain.<\/p>\n<p>Les compl\u00e9ments alimentaires ne se substituent pas \u00e0 une alimentation \u00e9quilibr\u00e9e et vari\u00e9e et \u00e0 un mode de vie sain. Ne d\u00e9passez pas la dose journali\u00e8re recommand\u00e9e.<\/p>\n<p>Pour conna\u00eetre les risques et les effets secondaires, lisez la notice et demandez conseil \u00e0 votre m\u00e9decin ou \u00e0 votre pharmacien.<\/p>\n<h4><\/h4>\n<h3>Conseil d&#8217;expert de la pharmacie :<\/h3>\n<p>Notre pharmacien vous recommande les produits suivants pour la long\u00e9vit\u00e9, la concentration et le stress : <a href=\"https:\/\/loewentestneu.metafex.io\/fr\/produit\/neurapas-balance-100-pcs-4150014981430\">Neurapas balance<\/a> &#8211; efficacit\u00e9 prouv\u00e9e et sp\u00e9cifique.<\/p>\n<p>Autres produits pour l&#8217;application : <a href=\"https:\/\/loewentestneu.metafex.io\/fr\/etiquette-produit\/vitamines-et-supplements\">Vitamines et compl\u00e9ments alimentaires<\/a> | <a href=\"https:\/\/loewentestneu.metafex.io\/fr\/etiquette-produit\/remedes-naturels\" rel=\"tag\">Rem\u00e8des naturels<\/a> | <a href=\"https:\/\/loewentestneu.metafex.io\/fr\/etiquette-produit\/bien-etre\" rel=\"tag\">Bien-\u00eatre<\/a><\/p>\n<h3>Des questions sur le produit ? Nous sommes l\u00e0 pour vous !<\/h3>\n<p>Notre pharmacienne responsable, Dr. Sandra Hoff, et son \u00e9quipe se feront un plaisir de vous conseiller personnellement &#8211; par t\u00e9l\u00e9phone ou par e-mail. En tant que v\u00e9ritable pharmacie locale et pharmacie de vente par correspondance agr\u00e9\u00e9e, nous vous offrons un soutien comp\u00e9tent, en particulier dans les domaines de la <a href=\"https:\/\/loewentestneu.metafex.io\/fr\/etiquette-produit\/remedes-naturels\">naturopathie<\/a> et des <a href=\"https:\/\/loewentestneu.metafex.io\/fr\/etiquette-produit\/vitamines-et-supplements\">compl\u00e9ments alimentaires<\/a>. Vous trouverez notre autorisation dans le <a href=\"https:\/\/versandhandel.dimdi.de\/websearch\/servlet\/Gate;jsessionid=0D29D15655BE1174E9178A340E8FE6BC?accessid=dimdi_var&amp;term=3c387956690121ccc8763184f052b93f\" target=\"_blank\" rel=\"noopener\">registre de la vente par correspondance<\/a>.<\/p>\n<h3>Remplir une ordonnance ou une prescription \u00e9lectronique :<\/h3>\n<p>Avez-vous une ordonnance ou une prescription \u00e9lectronique ? Soumettez-la confortablement via notre application de <a href=\"https:\/\/e-rezept-app.de\/shop-rezept\" target=\"_blank\" rel=\"noopener\">prescription \u00e9lectronique<\/a> &#8211; les ordonnances priv\u00e9es pour les personnes qui paient elles-m\u00eames sont \u00e9galement possibles. Rapide, s\u00fbr et facile.<\/p>\n","protected":false},"excerpt":{"rendered":"<h2>Huile de poisson de mer supra avec 60% d&#8217;acides gras om\u00e9ga-3<\/h2>\n<p>Concentr\u00e9 riche en acides gras om\u00e9ga-3.<\/p>\n<p><\/p>\n<p><strong>PZN<\/strong>: 04999408 (Pharma Central Number)<\/p>\n<p><strong>Forme pharmaceutique<\/strong>: liquide<\/p>\n<p><strong>Type d\u2019ordonnance<\/strong> : sans ordonnance<\/p>\n<p><strong>Marque<\/strong>: Norsan<\/p>\n<p><strong>Fabricant<\/strong>: Burton Feingold Pharmavertrieb, 25704 Meldorf, Allemagne<\/p>\n","protected":false},"featured_media":16569,"comment_status":"closed","ping_status":"closed","template":"","meta":[],"product_brand":[],"product_cat":[120,114],"product_tag":[510,297,265,466,267,464,264],"class_list":{"0":"post-16564","1":"product","2":"type-product","3":"status-publish","4":"has-post-thumbnail","6":"product_cat-sale-fr","7":"product_cat-non-classifiee","8":"product_tag-actif-dorigine-vegetale","9":"product_tag-concentration-stress-fr","10":"product_tag-gestion-du-poids","11":"product_tag-ingredient-actif-a-base-de-plantes","12":"product_tag-poids-et-forme","13":"product_tag-remedes-naturels","14":"product_tag-vitamines-et-supplements","15":"ts_product_brand-all-fr","17":"first","18":"instock","19":"sale","20":"taxable","21":"shipping-taxable","22":"purchasable","23":"product-type-simple"},"yoast_head":"<!-- This site is optimized with the Yoast SEO plugin v26.5 - https:\/\/yoast.com\/wordpress\/plugins\/seo\/ -->\n<title>Huile de poisson de mer supra avec 60% d&#039;acides gras om\u00e9ga-3 (100 pi\u00e8ces) &#187; shop it<\/title>\n<meta name=\"description\" content=\"Huile d&#039;algue v\u00e9g\u00e9tale : riche en EPA et DHA. Huile de poisson de mer supra avec 60% d&#039;acides gras om\u00e9ga-3 (100 pi\u00e8ces). Nous vous offrons : Une livraison rapide et des achats en ligne en toute s\u00e9curit\u00e9.\" \/>\n<meta name=\"robots\" content=\"noindex, follow, max-snippet:-1, max-image-preview:large, max-video-preview:-1\" \/>\n<meta property=\"og:locale\" content=\"fr_FR\" \/>\n<meta property=\"og:type\" content=\"article\" \/>\n<meta property=\"og:title\" content=\"Huile de poisson de mer supra avec 60% d&#039;acides gras om\u00e9ga-3 (100 pi\u00e8ces) &#187; shop it\" \/>\n<meta property=\"og:description\" content=\"Huile d&#039;algue v\u00e9g\u00e9tale : riche en EPA et DHA. Huile de poisson de mer supra avec 60% d&#039;acides gras om\u00e9ga-3 (100 pi\u00e8ces). Nous vous offrons : Une livraison rapide et des achats en ligne en toute s\u00e9curit\u00e9.\" \/>\n<meta property=\"og:url\" content=\"https:\/\/loewentestneu.metafex.io\/fr\/produit\/sea-fish-oil-supra-with-60-omega-3-fatty-acids-100-pcs\" \/>\n<meta property=\"og:site_name\" content=\"Lion Pharmacy\" \/>\n<meta property=\"article:modified_time\" content=\"2025-11-09T16:46:57+00:00\" \/>\n<meta property=\"og:image\" content=\"https:\/\/loewentestneu.metafex.io\/wp-content\/uploads\/2025\/11\/Seefischoel-Supra-mit-60-Omega-3-Fettsaeuren-100-St.-PZN-04999408.webp\" \/>\n\t<meta property=\"og:image:width\" content=\"600\" \/>\n\t<meta property=\"og:image:height\" content=\"600\" \/>\n\t<meta property=\"og:image:type\" content=\"image\/webp\" \/>\n<meta name=\"twitter:card\" content=\"summary_large_image\" \/>\n<meta name=\"twitter:label1\" content=\"Dur\u00e9e de lecture estim\u00e9e\" \/>\n\t<meta name=\"twitter:data1\" content=\"2 minutes\" \/>\n<script type=\"application\/ld+json\" class=\"yoast-schema-graph\">{\"@context\":\"https:\/\/schema.org\",\"@graph\":[{\"@type\":\"WebPage\",\"@id\":\"https:\/\/loewentestneu.metafex.io\/fr\/produit\/sea-fish-oil-supra-with-60-omega-3-fatty-acids-100-pcs\",\"url\":\"https:\/\/loewentestneu.metafex.io\/fr\/produit\/sea-fish-oil-supra-with-60-omega-3-fatty-acids-100-pcs\",\"name\":\"Huile de poisson de mer supra avec 60% d'acides gras om\u00e9ga-3 (100 pi\u00e8ces) &#187; shop it\",\"isPartOf\":{\"@id\":\"https:\/\/loewentestneu.metafex.io\/fr#website\"},\"primaryImageOfPage\":{\"@id\":\"https:\/\/loewentestneu.metafex.io\/fr\/produit\/sea-fish-oil-supra-with-60-omega-3-fatty-acids-100-pcs#primaryimage\"},\"image\":{\"@id\":\"https:\/\/loewentestneu.metafex.io\/fr\/produit\/sea-fish-oil-supra-with-60-omega-3-fatty-acids-100-pcs#primaryimage\"},\"thumbnailUrl\":\"https:\/\/loewentestneu.metafex.io\/wp-content\/uploads\/2025\/11\/Seefischoel-Supra-mit-60-Omega-3-Fettsaeuren-100-St.-PZN-04999408.webp\",\"datePublished\":\"2025-11-09T16:08:20+00:00\",\"dateModified\":\"2025-11-09T16:46:57+00:00\",\"description\":\"Huile d'algue v\u00e9g\u00e9tale : riche en EPA et DHA. Huile de poisson de mer supra avec 60% d'acides gras om\u00e9ga-3 (100 pi\u00e8ces). Nous vous offrons : Une livraison rapide et des achats en ligne en toute s\u00e9curit\u00e9.\",\"breadcrumb\":{\"@id\":\"https:\/\/loewentestneu.metafex.io\/fr\/produit\/sea-fish-oil-supra-with-60-omega-3-fatty-acids-100-pcs#breadcrumb\"},\"inLanguage\":\"fr-FR\",\"potentialAction\":[{\"@type\":\"ReadAction\",\"target\":[\"https:\/\/loewentestneu.metafex.io\/fr\/produit\/sea-fish-oil-supra-with-60-omega-3-fatty-acids-100-pcs\"]}]},{\"@type\":\"ImageObject\",\"inLanguage\":\"fr-FR\",\"@id\":\"https:\/\/loewentestneu.metafex.io\/fr\/produit\/sea-fish-oil-supra-with-60-omega-3-fatty-acids-100-pcs#primaryimage\",\"url\":\"https:\/\/loewentestneu.metafex.io\/wp-content\/uploads\/2025\/11\/Seefischoel-Supra-mit-60-Omega-3-Fettsaeuren-100-St.-PZN-04999408.webp\",\"contentUrl\":\"https:\/\/loewentestneu.metafex.io\/wp-content\/uploads\/2025\/11\/Seefischoel-Supra-mit-60-Omega-3-Fettsaeuren-100-St.-PZN-04999408.webp\",\"width\":600,\"height\":600,\"caption\":\"Poisson de mer Supra avec 60% d'acides gras om\u00e9ga-3 100 St et PZN-04999408\"},{\"@type\":\"BreadcrumbList\",\"@id\":\"https:\/\/loewentestneu.metafex.io\/fr\/produit\/sea-fish-oil-supra-with-60-omega-3-fatty-acids-100-pcs#breadcrumb\",\"itemListElement\":[{\"@type\":\"ListItem\",\"position\":1,\"name\":\"Home\",\"item\":\"https:\/\/loewentestneu.metafex.io\/fr\/homepage-lion-pharmacy\"},{\"@type\":\"ListItem\",\"position\":2,\"name\":\"Shop\",\"item\":\"https:\/\/loewentestneu.metafex.io\/fr\/boutique\"},{\"@type\":\"ListItem\",\"position\":3,\"name\":\"Huile de poisson de mer supra avec 60% d&#8217;acides gras om\u00e9ga-3 (100 pi\u00e8ces)\"}]},{\"@type\":\"WebSite\",\"@id\":\"https:\/\/loewentestneu.metafex.io\/fr#website\",\"url\":\"https:\/\/loewentestneu.metafex.io\/fr\",\"name\":\"Lions Pharmacy\",\"description\":\"Pharmacie sp\u00e9cialis\u00e9e en naturopathie de Baden-Baden, Allemagne\",\"publisher\":{\"@id\":\"https:\/\/loewentestneu.metafex.io\/fr#organization\"},\"alternateName\":\"Lion Pharmacy\",\"potentialAction\":[{\"@type\":\"SearchAction\",\"target\":{\"@type\":\"EntryPoint\",\"urlTemplate\":\"https:\/\/loewentestneu.metafex.io\/fr?s={search_term_string}\"},\"query-input\":{\"@type\":\"PropertyValueSpecification\",\"valueRequired\":true,\"valueName\":\"search_term_string\"}}],\"inLanguage\":\"fr-FR\"},{\"@type\":\"Organization\",\"@id\":\"https:\/\/loewentestneu.metafex.io\/fr#organization\",\"name\":\"Lions Pharmacy\",\"alternateName\":\"Lions Pharmacy24\",\"url\":\"https:\/\/loewentestneu.metafex.io\/fr\",\"logo\":{\"@type\":\"ImageObject\",\"inLanguage\":\"fr-FR\",\"@id\":\"https:\/\/loewentestneu.metafex.io\/fr#\/schema\/logo\/image\/\",\"url\":\"https:\/\/loewentestneu.metafex.io\/wp-content\/uploads\/2022\/12\/Logo-Lion-Pharmacy-c-o-Loewen-Apotheke-smal.jpg\",\"contentUrl\":\"https:\/\/loewentestneu.metafex.io\/wp-content\/uploads\/2022\/12\/Logo-Lion-Pharmacy-c-o-Loewen-Apotheke-smal.jpg\",\"width\":298,\"height\":99,\"caption\":\"Lions Pharmacy\"},\"image\":{\"@id\":\"https:\/\/loewentestneu.metafex.io\/fr#\/schema\/logo\/image\/\"}}]}<\/script>\n<!-- \/ Yoast SEO plugin. -->","yoast_head_json":{"title":"Huile de poisson de mer supra avec 60% d'acides gras om\u00e9ga-3 (100 pi\u00e8ces) &#187; shop it","description":"Huile d'algue v\u00e9g\u00e9tale : riche en EPA et DHA. Huile de poisson de mer supra avec 60% d'acides gras om\u00e9ga-3 (100 pi\u00e8ces). Nous vous offrons : Une livraison rapide et des achats en ligne en toute s\u00e9curit\u00e9.","robots":{"index":"noindex","follow":"follow","max-snippet":"max-snippet:-1","max-image-preview":"max-image-preview:large","max-video-preview":"max-video-preview:-1"},"og_locale":"fr_FR","og_type":"article","og_title":"Huile de poisson de mer supra avec 60% d'acides gras om\u00e9ga-3 (100 pi\u00e8ces) &#187; shop it","og_description":"Huile d'algue v\u00e9g\u00e9tale : riche en EPA et DHA. Huile de poisson de mer supra avec 60% d'acides gras om\u00e9ga-3 (100 pi\u00e8ces). Nous vous offrons : Une livraison rapide et des achats en ligne en toute s\u00e9curit\u00e9.","og_url":"https:\/\/loewentestneu.metafex.io\/fr\/produit\/sea-fish-oil-supra-with-60-omega-3-fatty-acids-100-pcs","og_site_name":"Lion Pharmacy","article_modified_time":"2025-11-09T16:46:57+00:00","og_image":[{"width":600,"height":600,"url":"https:\/\/loewentestneu.metafex.io\/wp-content\/uploads\/2025\/11\/Seefischoel-Supra-mit-60-Omega-3-Fettsaeuren-100-St.-PZN-04999408.webp","type":"image\/webp"}],"twitter_card":"summary_large_image","twitter_misc":{"Dur\u00e9e de lecture estim\u00e9e":"2 minutes"},"schema":{"@context":"https:\/\/schema.org","@graph":[{"@type":"WebPage","@id":"https:\/\/loewentestneu.metafex.io\/fr\/produit\/sea-fish-oil-supra-with-60-omega-3-fatty-acids-100-pcs","url":"https:\/\/loewentestneu.metafex.io\/fr\/produit\/sea-fish-oil-supra-with-60-omega-3-fatty-acids-100-pcs","name":"Huile de poisson de mer supra avec 60% d'acides gras om\u00e9ga-3 (100 pi\u00e8ces) &#187; shop it","isPartOf":{"@id":"https:\/\/loewentestneu.metafex.io\/fr#website"},"primaryImageOfPage":{"@id":"https:\/\/loewentestneu.metafex.io\/fr\/produit\/sea-fish-oil-supra-with-60-omega-3-fatty-acids-100-pcs#primaryimage"},"image":{"@id":"https:\/\/loewentestneu.metafex.io\/fr\/produit\/sea-fish-oil-supra-with-60-omega-3-fatty-acids-100-pcs#primaryimage"},"thumbnailUrl":"https:\/\/loewentestneu.metafex.io\/wp-content\/uploads\/2025\/11\/Seefischoel-Supra-mit-60-Omega-3-Fettsaeuren-100-St.-PZN-04999408.webp","datePublished":"2025-11-09T16:08:20+00:00","dateModified":"2025-11-09T16:46:57+00:00","description":"Huile d'algue v\u00e9g\u00e9tale : riche en EPA et DHA. Huile de poisson de mer supra avec 60% d'acides gras om\u00e9ga-3 (100 pi\u00e8ces). Nous vous offrons : Une livraison rapide et des achats en ligne en toute s\u00e9curit\u00e9.","breadcrumb":{"@id":"https:\/\/loewentestneu.metafex.io\/fr\/produit\/sea-fish-oil-supra-with-60-omega-3-fatty-acids-100-pcs#breadcrumb"},"inLanguage":"fr-FR","potentialAction":[{"@type":"ReadAction","target":["https:\/\/loewentestneu.metafex.io\/fr\/produit\/sea-fish-oil-supra-with-60-omega-3-fatty-acids-100-pcs"]}]},{"@type":"ImageObject","inLanguage":"fr-FR","@id":"https:\/\/loewentestneu.metafex.io\/fr\/produit\/sea-fish-oil-supra-with-60-omega-3-fatty-acids-100-pcs#primaryimage","url":"https:\/\/loewentestneu.metafex.io\/wp-content\/uploads\/2025\/11\/Seefischoel-Supra-mit-60-Omega-3-Fettsaeuren-100-St.-PZN-04999408.webp","contentUrl":"https:\/\/loewentestneu.metafex.io\/wp-content\/uploads\/2025\/11\/Seefischoel-Supra-mit-60-Omega-3-Fettsaeuren-100-St.-PZN-04999408.webp","width":600,"height":600,"caption":"Poisson de mer Supra avec 60% d'acides gras om\u00e9ga-3 100 St et PZN-04999408"},{"@type":"BreadcrumbList","@id":"https:\/\/loewentestneu.metafex.io\/fr\/produit\/sea-fish-oil-supra-with-60-omega-3-fatty-acids-100-pcs#breadcrumb","itemListElement":[{"@type":"ListItem","position":1,"name":"Home","item":"https:\/\/loewentestneu.metafex.io\/fr\/homepage-lion-pharmacy"},{"@type":"ListItem","position":2,"name":"Shop","item":"https:\/\/loewentestneu.metafex.io\/fr\/boutique"},{"@type":"ListItem","position":3,"name":"Huile de poisson de mer supra avec 60% d&#8217;acides gras om\u00e9ga-3 (100 pi\u00e8ces)"}]},{"@type":"WebSite","@id":"https:\/\/loewentestneu.metafex.io\/fr#website","url":"https:\/\/loewentestneu.metafex.io\/fr","name":"Lions Pharmacy","description":"Pharmacie sp\u00e9cialis\u00e9e en naturopathie de Baden-Baden, Allemagne","publisher":{"@id":"https:\/\/loewentestneu.metafex.io\/fr#organization"},"alternateName":"Lion Pharmacy","potentialAction":[{"@type":"SearchAction","target":{"@type":"EntryPoint","urlTemplate":"https:\/\/loewentestneu.metafex.io\/fr?s={search_term_string}"},"query-input":{"@type":"PropertyValueSpecification","valueRequired":true,"valueName":"search_term_string"}}],"inLanguage":"fr-FR"},{"@type":"Organization","@id":"https:\/\/loewentestneu.metafex.io\/fr#organization","name":"Lions Pharmacy","alternateName":"Lions Pharmacy24","url":"https:\/\/loewentestneu.metafex.io\/fr","logo":{"@type":"ImageObject","inLanguage":"fr-FR","@id":"https:\/\/loewentestneu.metafex.io\/fr#\/schema\/logo\/image\/","url":"https:\/\/loewentestneu.metafex.io\/wp-content\/uploads\/2022\/12\/Logo-Lion-Pharmacy-c-o-Loewen-Apotheke-smal.jpg","contentUrl":"https:\/\/loewentestneu.metafex.io\/wp-content\/uploads\/2022\/12\/Logo-Lion-Pharmacy-c-o-Loewen-Apotheke-smal.jpg","width":298,"height":99,"caption":"Lions Pharmacy"},"image":{"@id":"https:\/\/loewentestneu.metafex.io\/fr#\/schema\/logo\/image\/"}}]}},"_links":{"self":[{"href":"https:\/\/loewentestneu.metafex.io\/fr\/wp-json\/wp\/v2\/product\/16564","targetHints":{"allow":["GET"]}}],"collection":[{"href":"https:\/\/loewentestneu.metafex.io\/fr\/wp-json\/wp\/v2\/product"}],"about":[{"href":"https:\/\/loewentestneu.metafex.io\/fr\/wp-json\/wp\/v2\/types\/product"}],"replies":[{"embeddable":true,"href":"https:\/\/loewentestneu.metafex.io\/fr\/wp-json\/wp\/v2\/comments?post=16564"}],"wp:featuredmedia":[{"embeddable":true,"href":"https:\/\/loewentestneu.metafex.io\/fr\/wp-json\/wp\/v2\/media\/16569"}],"wp:attachment":[{"href":"https:\/\/loewentestneu.metafex.io\/fr\/wp-json\/wp\/v2\/media?parent=16564"}],"wp:term":[{"taxonomy":"product_brand","embeddable":true,"href":"https:\/\/loewentestneu.metafex.io\/fr\/wp-json\/wp\/v2\/product_brand?post=16564"},{"taxonomy":"product_cat","embeddable":true,"href":"https:\/\/loewentestneu.metafex.io\/fr\/wp-json\/wp\/v2\/product_cat?post=16564"},{"taxonomy":"product_tag","embeddable":true,"href":"https:\/\/loewentestneu.metafex.io\/fr\/wp-json\/wp\/v2\/product_tag?post=16564"}],"curies":[{"name":"wp","href":"https:\/\/api.w.org\/{rel}","templated":true}]}}