{"id":17203,"date":"2025-11-27T11:23:41","date_gmt":"2025-11-27T10:23:41","guid":{"rendered":"https:\/\/lions-pharmacy.com\/?post_type=product&#038;p=17203"},"modified":"2025-12-11T07:19:40","modified_gmt":"2025-12-11T06:19:40","slug":"vigantolvit-1000-i-u-vitamin-d3-200-pcs-4150131556900","status":"publish","type":"product","link":"https:\/\/loewentestneu.metafex.io\/fr\/produit\/vigantolvit-1000-i-u-vitamin-d3-200-pcs-4150131556900","title":{"rendered":"VIGANTOLVIT 1000 U.I. Vitamine D3 (200 pcs.)"},"content":{"rendered":"<h3>VIGANTOLVIT 1000 U.I. Vitamine D3<\/h3>\n<p>VIGANTOLVIT 1000 UI avec de la vitamine D3 pour maintenir l&#8217;\u00e9quilibre normal de la vitamine D et soutenir le syst\u00e8me immunitaire pour un fonctionnement normal des os et des muscles.<\/p>\n<p>Ingr\u00e9dients : Contient des triglyc\u00e9rides \u00e0 cha\u00eene moyenne (d&#8217;huile de coco et de palme), de la g\u00e9latine bovine, un agent raffermissant : glyc\u00e9rine, un antioxydant : alpha-tocoph\u00e9rol, chol\u00e9calcif\u00e9rol (vitamine D3).<\/p>\n<p>Mode d&#8217;emploi : Avalez une g\u00e9lule 1 fois par jour avec suffisamment de liquide au cours d&#8217;un repas.<\/p>\n<p>Les informations contenues dans ce site web sont fournies \u00e0 titre informatif uniquement. Ils ne remplacent en aucun cas l&#8217;examen et le traitement par un m\u00e9decin. Veuillez noter que cela signifie qu&#8217;aucun diagnostic ne peut \u00eatre \u00e9tabli et qu&#8217;aucune th\u00e9rapie ne peut \u00eatre mise en place. Note sur l&#8217;utilisation et l&#8217;emploi : Les informations fournies sur ce site web le sont \u00e0 titre d&#8217;information g\u00e9n\u00e9rale uniquement et ne remplacent pas les conseils, le diagnostic ou le traitement d&#8217;un m\u00e9decin. Les compl\u00e9ments alimentaires ne remplacent pas une alimentation \u00e9quilibr\u00e9e et vari\u00e9e et un mode de vie sain.<\/p>\n<p>Pour conna\u00eetre les risques et les effets secondaires, lisez la notice et demandez conseil \u00e0 votre m\u00e9decin ou \u00e0 votre pharmacien.<\/p>\n<p>D&#8217;autres clients ont \u00e9galement \u00e9t\u00e9 int\u00e9ress\u00e9s par les produits li\u00e9s : <a href=\"https:\/\/loewentestneu.metafex.io\/fr\/etiquette-produit\/vitamines-et-supplements\">Compl\u00e9ments alimentaires<\/a> | <a href=\"https:\/\/loewentestneu.metafex.io\/fr\/etiquette-produit\/longevite\">long\u00e9vit\u00e9<\/a><\/p>\n<h3 style=\"text-align: left;\">Ordonnance | e-prescription disponible ?<\/h3>\n<p>Soumettez votre e-prescription d\u00e8s maintenant. Utilisez notre application <a href=\"https:\/\/e-rezept-app.de\/shop-rezept\" target=\"_blank\" rel=\"noopener\">d\u2019ordonnance \u00e9lectronique<\/a> . Et nous vous donnons les frais de port gratuits en Allemagne !<\/p>\n","protected":false},"excerpt":{"rendered":"<h2>VIGANTOLVIT 1000 U.I. Vitamine D3<\/h2>\n<div class=\"rating__wrap\">\n<p><strong>PZN : <\/strong>13155690 (num\u00e9ro central pharmaceutique)<\/p>\n<p><strong>Forme gal\u00e9naire<\/strong> : comprim\u00e9s<\/p>\n<p><strong>Type de r\u00e9glementation :<\/strong> Sans ordonnance<\/p>\n<p><strong>Marque<\/strong>: VIGANTOLVIT<\/p>\n<p><strong>Fabricant<\/strong>: WICK Pharma, 65824 Schwalbach am Taunus, Allemagne<\/p>\n<\/div>\n","protected":false},"featured_media":17208,"comment_status":"closed","ping_status":"closed","template":"","meta":[],"product_brand":[],"product_cat":[120,114],"product_tag":[266,265,901,267,264],"class_list":{"0":"post-17203","1":"product","2":"type-product","3":"status-publish","4":"has-post-thumbnail","6":"product_cat-sale-fr","7":"product_cat-non-classifiee","8":"product_tag-bien-etre","9":"product_tag-gestion-du-poids","10":"product_tag-longevite","11":"product_tag-poids-et-forme","12":"product_tag-vitamines-et-supplements","13":"ts_product_brand-all-fr","15":"first","16":"instock","17":"featured","18":"taxable","19":"shipping-taxable","20":"purchasable","21":"product-type-simple"},"yoast_head":"<!-- This site is optimized with the Yoast SEO plugin v26.5 - https:\/\/yoast.com\/wordpress\/plugins\/seo\/ -->\n<title>VIGANTOLVIT 1000 U.I. Vitamine D3 (200 pcs.) &#187; Commandez ici.<\/title>\n<meta name=\"description\" content=\"VIGANTOLVIT 1000 U.I. Vitamine D3 (200 pcs.). Fabricant : Wick. Livr\u00e9 depuis votre pharmacie en ligne allemande. Exp\u00e9dition rapide. Service au top.\" \/>\n<meta name=\"robots\" content=\"noindex, follow, max-snippet:-1, max-image-preview:large, max-video-preview:-1\" \/>\n<meta property=\"og:locale\" content=\"fr_FR\" \/>\n<meta property=\"og:type\" content=\"article\" \/>\n<meta property=\"og:title\" content=\"VIGANTOLVIT 1000 U.I. Vitamine D3 (200 pcs.) &#187; Commandez ici.\" \/>\n<meta property=\"og:description\" content=\"VIGANTOLVIT 1000 U.I. Vitamine D3 (200 pcs.). Fabricant : Wick. Livr\u00e9 depuis votre pharmacie en ligne allemande. Exp\u00e9dition rapide. Service au top.\" \/>\n<meta property=\"og:url\" content=\"https:\/\/loewentestneu.metafex.io\/fr\/produit\/vigantolvit-1000-i-u-vitamin-d3-200-pcs-4150131556900\" \/>\n<meta property=\"og:site_name\" content=\"Lion Pharmacy\" \/>\n<meta property=\"article:modified_time\" content=\"2025-12-11T06:19:40+00:00\" \/>\n<meta property=\"og:image\" content=\"https:\/\/loewentestneu.metafex.io\/wp-content\/uploads\/2025\/11\/VIGANTOLVIT-1000-I.E.-Vitamin-D3-Lowen-Apotheke-Lions-Pharmacy.webp\" \/>\n\t<meta property=\"og:image:width\" content=\"600\" \/>\n\t<meta property=\"og:image:height\" content=\"600\" \/>\n\t<meta property=\"og:image:type\" content=\"image\/webp\" \/>\n<meta name=\"twitter:card\" content=\"summary_large_image\" \/>\n<meta name=\"twitter:label1\" content=\"Dur\u00e9e de lecture estim\u00e9e\" \/>\n\t<meta name=\"twitter:data1\" content=\"1 minute\" \/>\n<script type=\"application\/ld+json\" class=\"yoast-schema-graph\">{\"@context\":\"https:\/\/schema.org\",\"@graph\":[{\"@type\":\"WebPage\",\"@id\":\"https:\/\/loewentestneu.metafex.io\/fr\/produit\/vigantolvit-1000-i-u-vitamin-d3-200-pcs-4150131556900\",\"url\":\"https:\/\/loewentestneu.metafex.io\/fr\/produit\/vigantolvit-1000-i-u-vitamin-d3-200-pcs-4150131556900\",\"name\":\"VIGANTOLVIT 1000 U.I. Vitamine D3 (200 pcs.) &#187; Commandez ici.\",\"isPartOf\":{\"@id\":\"https:\/\/loewentestneu.metafex.io\/fr#website\"},\"primaryImageOfPage\":{\"@id\":\"https:\/\/loewentestneu.metafex.io\/fr\/produit\/vigantolvit-1000-i-u-vitamin-d3-200-pcs-4150131556900#primaryimage\"},\"image\":{\"@id\":\"https:\/\/loewentestneu.metafex.io\/fr\/produit\/vigantolvit-1000-i-u-vitamin-d3-200-pcs-4150131556900#primaryimage\"},\"thumbnailUrl\":\"https:\/\/loewentestneu.metafex.io\/wp-content\/uploads\/2025\/11\/VIGANTOLVIT-1000-I.E.-Vitamin-D3-Lowen-Apotheke-Lions-Pharmacy.webp\",\"datePublished\":\"2025-11-27T10:23:41+00:00\",\"dateModified\":\"2025-12-11T06:19:40+00:00\",\"description\":\"VIGANTOLVIT 1000 U.I. Vitamine D3 (200 pcs.). Fabricant : Wick. Livr\u00e9 depuis votre pharmacie en ligne allemande. Exp\u00e9dition rapide. Service au top.\",\"breadcrumb\":{\"@id\":\"https:\/\/loewentestneu.metafex.io\/fr\/produit\/vigantolvit-1000-i-u-vitamin-d3-200-pcs-4150131556900#breadcrumb\"},\"inLanguage\":\"fr-FR\",\"potentialAction\":[{\"@type\":\"ReadAction\",\"target\":[\"https:\/\/loewentestneu.metafex.io\/fr\/produit\/vigantolvit-1000-i-u-vitamin-d3-200-pcs-4150131556900\"]}]},{\"@type\":\"ImageObject\",\"inLanguage\":\"fr-FR\",\"@id\":\"https:\/\/loewentestneu.metafex.io\/fr\/produit\/vigantolvit-1000-i-u-vitamin-d3-200-pcs-4150131556900#primaryimage\",\"url\":\"https:\/\/loewentestneu.metafex.io\/wp-content\/uploads\/2025\/11\/VIGANTOLVIT-1000-I.E.-Vitamin-D3-Lowen-Apotheke-Lions-Pharmacy.webp\",\"contentUrl\":\"https:\/\/loewentestneu.metafex.io\/wp-content\/uploads\/2025\/11\/VIGANTOLVIT-1000-I.E.-Vitamin-D3-Lowen-Apotheke-Lions-Pharmacy.webp\",\"width\":600,\"height\":600,\"caption\":\"VIGANTOLVIT-1000-I.E.-Vitamine-D3-Lowen-Apotheke-Lions-Pharmacy\"},{\"@type\":\"BreadcrumbList\",\"@id\":\"https:\/\/loewentestneu.metafex.io\/fr\/produit\/vigantolvit-1000-i-u-vitamin-d3-200-pcs-4150131556900#breadcrumb\",\"itemListElement\":[{\"@type\":\"ListItem\",\"position\":1,\"name\":\"Home\",\"item\":\"https:\/\/loewentestneu.metafex.io\/fr\/homepage-lion-pharmacy\"},{\"@type\":\"ListItem\",\"position\":2,\"name\":\"Shop\",\"item\":\"https:\/\/loewentestneu.metafex.io\/fr\/boutique\"},{\"@type\":\"ListItem\",\"position\":3,\"name\":\"VIGANTOLVIT 1000 U.I. Vitamine D3 (200 pcs.)\"}]},{\"@type\":\"WebSite\",\"@id\":\"https:\/\/loewentestneu.metafex.io\/fr#website\",\"url\":\"https:\/\/loewentestneu.metafex.io\/fr\",\"name\":\"Lions Pharmacy\",\"description\":\"Pharmacie sp\u00e9cialis\u00e9e en naturopathie de Baden-Baden, Allemagne\",\"publisher\":{\"@id\":\"https:\/\/loewentestneu.metafex.io\/fr#organization\"},\"alternateName\":\"Lion Pharmacy\",\"potentialAction\":[{\"@type\":\"SearchAction\",\"target\":{\"@type\":\"EntryPoint\",\"urlTemplate\":\"https:\/\/loewentestneu.metafex.io\/fr?s={search_term_string}\"},\"query-input\":{\"@type\":\"PropertyValueSpecification\",\"valueRequired\":true,\"valueName\":\"search_term_string\"}}],\"inLanguage\":\"fr-FR\"},{\"@type\":\"Organization\",\"@id\":\"https:\/\/loewentestneu.metafex.io\/fr#organization\",\"name\":\"Lions Pharmacy\",\"alternateName\":\"Lions Pharmacy24\",\"url\":\"https:\/\/loewentestneu.metafex.io\/fr\",\"logo\":{\"@type\":\"ImageObject\",\"inLanguage\":\"fr-FR\",\"@id\":\"https:\/\/loewentestneu.metafex.io\/fr#\/schema\/logo\/image\/\",\"url\":\"https:\/\/loewentestneu.metafex.io\/wp-content\/uploads\/2022\/12\/Logo-Lion-Pharmacy-c-o-Loewen-Apotheke-smal.jpg\",\"contentUrl\":\"https:\/\/loewentestneu.metafex.io\/wp-content\/uploads\/2022\/12\/Logo-Lion-Pharmacy-c-o-Loewen-Apotheke-smal.jpg\",\"width\":298,\"height\":99,\"caption\":\"Lions Pharmacy\"},\"image\":{\"@id\":\"https:\/\/loewentestneu.metafex.io\/fr#\/schema\/logo\/image\/\"}}]}<\/script>\n<!-- \/ Yoast SEO plugin. -->","yoast_head_json":{"title":"VIGANTOLVIT 1000 U.I. Vitamine D3 (200 pcs.) &#187; Commandez ici.","description":"VIGANTOLVIT 1000 U.I. Vitamine D3 (200 pcs.). Fabricant : Wick. Livr\u00e9 depuis votre pharmacie en ligne allemande. Exp\u00e9dition rapide. Service au top.","robots":{"index":"noindex","follow":"follow","max-snippet":"max-snippet:-1","max-image-preview":"max-image-preview:large","max-video-preview":"max-video-preview:-1"},"og_locale":"fr_FR","og_type":"article","og_title":"VIGANTOLVIT 1000 U.I. Vitamine D3 (200 pcs.) &#187; Commandez ici.","og_description":"VIGANTOLVIT 1000 U.I. Vitamine D3 (200 pcs.). Fabricant : Wick. Livr\u00e9 depuis votre pharmacie en ligne allemande. Exp\u00e9dition rapide. Service au top.","og_url":"https:\/\/loewentestneu.metafex.io\/fr\/produit\/vigantolvit-1000-i-u-vitamin-d3-200-pcs-4150131556900","og_site_name":"Lion Pharmacy","article_modified_time":"2025-12-11T06:19:40+00:00","og_image":[{"width":600,"height":600,"url":"https:\/\/loewentestneu.metafex.io\/wp-content\/uploads\/2025\/11\/VIGANTOLVIT-1000-I.E.-Vitamin-D3-Lowen-Apotheke-Lions-Pharmacy.webp","type":"image\/webp"}],"twitter_card":"summary_large_image","twitter_misc":{"Dur\u00e9e de lecture estim\u00e9e":"1 minute"},"schema":{"@context":"https:\/\/schema.org","@graph":[{"@type":"WebPage","@id":"https:\/\/loewentestneu.metafex.io\/fr\/produit\/vigantolvit-1000-i-u-vitamin-d3-200-pcs-4150131556900","url":"https:\/\/loewentestneu.metafex.io\/fr\/produit\/vigantolvit-1000-i-u-vitamin-d3-200-pcs-4150131556900","name":"VIGANTOLVIT 1000 U.I. Vitamine D3 (200 pcs.) &#187; Commandez ici.","isPartOf":{"@id":"https:\/\/loewentestneu.metafex.io\/fr#website"},"primaryImageOfPage":{"@id":"https:\/\/loewentestneu.metafex.io\/fr\/produit\/vigantolvit-1000-i-u-vitamin-d3-200-pcs-4150131556900#primaryimage"},"image":{"@id":"https:\/\/loewentestneu.metafex.io\/fr\/produit\/vigantolvit-1000-i-u-vitamin-d3-200-pcs-4150131556900#primaryimage"},"thumbnailUrl":"https:\/\/loewentestneu.metafex.io\/wp-content\/uploads\/2025\/11\/VIGANTOLVIT-1000-I.E.-Vitamin-D3-Lowen-Apotheke-Lions-Pharmacy.webp","datePublished":"2025-11-27T10:23:41+00:00","dateModified":"2025-12-11T06:19:40+00:00","description":"VIGANTOLVIT 1000 U.I. Vitamine D3 (200 pcs.). Fabricant : Wick. Livr\u00e9 depuis votre pharmacie en ligne allemande. Exp\u00e9dition rapide. Service au top.","breadcrumb":{"@id":"https:\/\/loewentestneu.metafex.io\/fr\/produit\/vigantolvit-1000-i-u-vitamin-d3-200-pcs-4150131556900#breadcrumb"},"inLanguage":"fr-FR","potentialAction":[{"@type":"ReadAction","target":["https:\/\/loewentestneu.metafex.io\/fr\/produit\/vigantolvit-1000-i-u-vitamin-d3-200-pcs-4150131556900"]}]},{"@type":"ImageObject","inLanguage":"fr-FR","@id":"https:\/\/loewentestneu.metafex.io\/fr\/produit\/vigantolvit-1000-i-u-vitamin-d3-200-pcs-4150131556900#primaryimage","url":"https:\/\/loewentestneu.metafex.io\/wp-content\/uploads\/2025\/11\/VIGANTOLVIT-1000-I.E.-Vitamin-D3-Lowen-Apotheke-Lions-Pharmacy.webp","contentUrl":"https:\/\/loewentestneu.metafex.io\/wp-content\/uploads\/2025\/11\/VIGANTOLVIT-1000-I.E.-Vitamin-D3-Lowen-Apotheke-Lions-Pharmacy.webp","width":600,"height":600,"caption":"VIGANTOLVIT-1000-I.E.-Vitamine-D3-Lowen-Apotheke-Lions-Pharmacy"},{"@type":"BreadcrumbList","@id":"https:\/\/loewentestneu.metafex.io\/fr\/produit\/vigantolvit-1000-i-u-vitamin-d3-200-pcs-4150131556900#breadcrumb","itemListElement":[{"@type":"ListItem","position":1,"name":"Home","item":"https:\/\/loewentestneu.metafex.io\/fr\/homepage-lion-pharmacy"},{"@type":"ListItem","position":2,"name":"Shop","item":"https:\/\/loewentestneu.metafex.io\/fr\/boutique"},{"@type":"ListItem","position":3,"name":"VIGANTOLVIT 1000 U.I. Vitamine D3 (200 pcs.)"}]},{"@type":"WebSite","@id":"https:\/\/loewentestneu.metafex.io\/fr#website","url":"https:\/\/loewentestneu.metafex.io\/fr","name":"Lions Pharmacy","description":"Pharmacie sp\u00e9cialis\u00e9e en naturopathie de Baden-Baden, Allemagne","publisher":{"@id":"https:\/\/loewentestneu.metafex.io\/fr#organization"},"alternateName":"Lion Pharmacy","potentialAction":[{"@type":"SearchAction","target":{"@type":"EntryPoint","urlTemplate":"https:\/\/loewentestneu.metafex.io\/fr?s={search_term_string}"},"query-input":{"@type":"PropertyValueSpecification","valueRequired":true,"valueName":"search_term_string"}}],"inLanguage":"fr-FR"},{"@type":"Organization","@id":"https:\/\/loewentestneu.metafex.io\/fr#organization","name":"Lions Pharmacy","alternateName":"Lions Pharmacy24","url":"https:\/\/loewentestneu.metafex.io\/fr","logo":{"@type":"ImageObject","inLanguage":"fr-FR","@id":"https:\/\/loewentestneu.metafex.io\/fr#\/schema\/logo\/image\/","url":"https:\/\/loewentestneu.metafex.io\/wp-content\/uploads\/2022\/12\/Logo-Lion-Pharmacy-c-o-Loewen-Apotheke-smal.jpg","contentUrl":"https:\/\/loewentestneu.metafex.io\/wp-content\/uploads\/2022\/12\/Logo-Lion-Pharmacy-c-o-Loewen-Apotheke-smal.jpg","width":298,"height":99,"caption":"Lions Pharmacy"},"image":{"@id":"https:\/\/loewentestneu.metafex.io\/fr#\/schema\/logo\/image\/"}}]}},"_links":{"self":[{"href":"https:\/\/loewentestneu.metafex.io\/fr\/wp-json\/wp\/v2\/product\/17203","targetHints":{"allow":["GET"]}}],"collection":[{"href":"https:\/\/loewentestneu.metafex.io\/fr\/wp-json\/wp\/v2\/product"}],"about":[{"href":"https:\/\/loewentestneu.metafex.io\/fr\/wp-json\/wp\/v2\/types\/product"}],"replies":[{"embeddable":true,"href":"https:\/\/loewentestneu.metafex.io\/fr\/wp-json\/wp\/v2\/comments?post=17203"}],"wp:featuredmedia":[{"embeddable":true,"href":"https:\/\/loewentestneu.metafex.io\/fr\/wp-json\/wp\/v2\/media\/17208"}],"wp:attachment":[{"href":"https:\/\/loewentestneu.metafex.io\/fr\/wp-json\/wp\/v2\/media?parent=17203"}],"wp:term":[{"taxonomy":"product_brand","embeddable":true,"href":"https:\/\/loewentestneu.metafex.io\/fr\/wp-json\/wp\/v2\/product_brand?post=17203"},{"taxonomy":"product_cat","embeddable":true,"href":"https:\/\/loewentestneu.metafex.io\/fr\/wp-json\/wp\/v2\/product_cat?post=17203"},{"taxonomy":"product_tag","embeddable":true,"href":"https:\/\/loewentestneu.metafex.io\/fr\/wp-json\/wp\/v2\/product_tag?post=17203"}],"curies":[{"name":"wp","href":"https:\/\/api.w.org\/{rel}","templated":true}]}}