{"id":1794,"date":"2022-12-30T16:56:41","date_gmt":"2022-12-30T15:56:41","guid":{"rendered":"https:\/\/lions-pharmacy.com\/product\/neyfoc-nr-69-d7-ampoules-5x-2ml"},"modified":"2025-01-26T19:54:19","modified_gmt":"2025-01-26T18:54:19","slug":"neyfoc-nr-69-ampoules-5x-2ml-6487316","status":"publish","type":"product","link":"https:\/\/loewentestneu.metafex.io\/fr\/produit\/neyfoc-nr-69-ampoules-5x-2ml-6487316","title":{"rendered":"Neyfoc No. 69 D7 ampoules 5x 2ml"},"content":{"rendered":"<h2>Neyfoc No.69 Ampoules D7<\/h2>\n<p>Neyfoc n\u00b0 69 D7 &#8211; &#8220;Dienc\u00e9phale, cervelet, cortex c\u00e9r\u00e9bral, moelle \u00e9pini\u00e8re, h\u00e9parine, pancr\u00e9as, lierre, glande thyr\u00e9o\u00efde, thymus, placenta, muqueuse diverse&#8221;.<\/p>\n<p>Les pr\u00e9parations hom\u00e9opathiques pour organes propos\u00e9es par vitOrgan pour la th\u00e9rapie biomol\u00e9culaire utilisent des substances organiques naturelles ayant un effet r\u00e9gulateur et m\u00e9tabolique afin de normaliser physiologiquement les processus d\u00e9s\u00e9quilibr\u00e9s. La th\u00e9rapie biomol\u00e9culaire des organes vitaux est une th\u00e9rapie tr\u00e8s efficace depuis 60 ans. Elle constitue un pont entre les domaines dits de la m\u00e9decine orthodoxe et de la naturopathie. Elle utilise des substances naturelles, r\u00e9gulatrices et m\u00e9taboliques, disponibles chez l&#8217;homme et l&#8217;animal, pour normaliser les maladies en modifiant les processus physiologiques qui ne sont plus en \u00e9quilibre &#8211; et ainsi traiter le patient non seulement sur le plan symptomatique, mais aussi sur le plan causal. Selon le principe &#8220;le c\u0153ur gu\u00e9rit le c\u0153ur, le rein gu\u00e9rit le rein, l&#8217;organe gu\u00e9rit l&#8217;organe&#8221;, il est important de r\u00e9veiller la puissance des cellules affaiblies par une r\u00e9gulation cibl\u00e9e.<\/p>\n<p>Notice\/instructions d&#8217;utilisation\/fiche technique de l&#8217;article : Neydil No. 30 D7 ampoules (lecteur PDF)<\/p>\n<p>Nom alternatif du produit : Neyfoc No.69 D7<\/p>\n<p>Autres produits pour l&#8217;application : <a href=\"https:\/\/loewentestneu.metafex.io\/produkt-kategorie\/vitorgan\">vitOrgan<\/a><\/p>\n<p>En savoir plus sur le fabricant et ce produit : <a href=\"https:\/\/vitorgan.de\/en\/products\/\" target=\"_blank\" rel=\"noopener\">vitOrgan<\/a> (lien vers un site web externe)<\/p>\n<p>Les informations contenues dans ce site web sont fournies \u00e0 titre informatif uniquement. Ils ne remplacent en aucun cas l&#8217;examen et le traitement par un m\u00e9decin. Veuillez noter que cela signifie qu&#8217;aucun diagnostic ne peut \u00eatre \u00e9tabli et qu&#8217;aucune th\u00e9rapie ne peut \u00eatre mise en place.<\/p>\n<p>Pour conna\u00eetre les risques et les effets secondaires, lisez la notice et demandez conseil \u00e0 votre m\u00e9decin ou \u00e0 votre pharmacien.<\/p>\n","protected":false},"excerpt":{"rendered":"<h2>Neyfoc No.69 Ampoules D7<\/h2>\n<p>\u00ab&nbsp;Dienc\u00e9phale, Cervelet, Cortex cerebri., Medulla sinal., Hepar, Pancr\u00e9as, Lien, Glande. thyr\u00e9oidea, thymus, placenta, muqueuse divers.&nbsp;\u00bb<\/p>\n<p>&nbsp;<\/p>\n<p><strong>PZN<\/strong>: 6487316 (num\u00e9ro central de la pharmacie)<\/p>\n<p><strong>Forme gal\u00e9nologique<\/strong> : ampoules<\/p>\n<p><strong>Type d\u2019ordonnance<\/strong> : sans ordonnance<\/p>\n<p><strong>Marque<\/strong>: vitOrgan<\/p>\n<p><strong>Fabricant<\/strong>&nbsp;: vitOrgan GmbH &amp; Co.KG, Ostfildern, Allemagne<\/p>\n<p><strong>Conditionnement<\/strong>: 5 pi\u00e8ces par 2ml<\/p>\n","protected":false},"featured_media":4739,"comment_status":"closed","ping_status":"closed","template":"","meta":[],"product_brand":[],"product_cat":[120,114,129],"product_tag":[230],"class_list":{"0":"post-1794","1":"product","2":"type-product","3":"status-publish","4":"has-post-thumbnail","6":"product_cat-sale-fr","7":"product_cat-non-classifiee","8":"product_cat-vitorgan-fr","9":"product_tag-neydil-fr","10":"ts_product_brand-all-fr","11":"ts_product_brand-vitorgan-fr","13":"first","14":"instock","15":"sale","16":"taxable","17":"shipping-taxable","18":"purchasable","19":"product-type-simple"},"yoast_head":"<!-- This site is optimized with the Yoast SEO plugin v26.5 - https:\/\/yoast.com\/wordpress\/plugins\/seo\/ -->\n<title>Neyfoc No. 69 D7 ampoules 5x 2ml &#187; vitOrgan<\/title>\n<meta name=\"description\" content=\"Lion Pharmacy | pharmacie en ligne allemande enregistr\u00e9e | Livraison internationale rapide | Paiement s\u00e9curis\u00e9 | Neyfoc No. 69 D7 ampoules 5x 2ml%.\" \/>\n<meta name=\"robots\" content=\"noindex, follow, max-snippet:-1, max-image-preview:large, max-video-preview:-1\" \/>\n<meta property=\"og:locale\" content=\"fr_FR\" \/>\n<meta property=\"og:type\" content=\"article\" \/>\n<meta property=\"og:title\" content=\"Neyfoc No. 69 D7 ampoules 5x 2ml &#187; vitOrgan\" \/>\n<meta property=\"og:description\" content=\"Lion Pharmacy | pharmacie en ligne allemande enregistr\u00e9e | Livraison internationale rapide | Paiement s\u00e9curis\u00e9 | Neyfoc No. 69 D7 ampoules 5x 2ml%.\" \/>\n<meta property=\"og:url\" content=\"https:\/\/loewentestneu.metafex.io\/fr\/produit\/neyfoc-nr-69-ampoules-5x-2ml-6487316\" \/>\n<meta property=\"og:site_name\" content=\"Lion Pharmacy\" \/>\n<meta property=\"article:modified_time\" content=\"2025-01-26T18:54:19+00:00\" \/>\n<meta property=\"og:image\" content=\"https:\/\/loewentestneu.metafex.io\/wp-content\/uploads\/2022\/12\/NeyFoc-Nr.69-D7-vitOrgan-Arzneimittel-Lions-Pharmacy.webp\" \/>\n\t<meta property=\"og:image:width\" content=\"600\" \/>\n\t<meta property=\"og:image:height\" content=\"600\" \/>\n\t<meta property=\"og:image:type\" content=\"image\/webp\" \/>\n<meta name=\"twitter:card\" content=\"summary_large_image\" \/>\n<meta name=\"twitter:label1\" content=\"Dur\u00e9e de lecture estim\u00e9e\" \/>\n\t<meta name=\"twitter:data1\" content=\"2 minutes\" \/>\n<script type=\"application\/ld+json\" class=\"yoast-schema-graph\">{\"@context\":\"https:\/\/schema.org\",\"@graph\":[{\"@type\":\"WebPage\",\"@id\":\"https:\/\/loewentestneu.metafex.io\/fr\/produit\/neyfoc-nr-69-ampoules-5x-2ml-6487316\",\"url\":\"https:\/\/loewentestneu.metafex.io\/fr\/produit\/neyfoc-nr-69-ampoules-5x-2ml-6487316\",\"name\":\"Neyfoc No. 69 D7 ampoules 5x 2ml &#187; vitOrgan\",\"isPartOf\":{\"@id\":\"https:\/\/loewentestneu.metafex.io\/fr#website\"},\"primaryImageOfPage\":{\"@id\":\"https:\/\/loewentestneu.metafex.io\/fr\/produit\/neyfoc-nr-69-ampoules-5x-2ml-6487316#primaryimage\"},\"image\":{\"@id\":\"https:\/\/loewentestneu.metafex.io\/fr\/produit\/neyfoc-nr-69-ampoules-5x-2ml-6487316#primaryimage\"},\"thumbnailUrl\":\"https:\/\/loewentestneu.metafex.io\/wp-content\/uploads\/2022\/12\/NeyFoc-Nr.69-D7-vitOrgan-Arzneimittel-Lions-Pharmacy.webp\",\"datePublished\":\"2022-12-30T15:56:41+00:00\",\"dateModified\":\"2025-01-26T18:54:19+00:00\",\"description\":\"Lion Pharmacy | pharmacie en ligne allemande enregistr\u00e9e | Livraison internationale rapide | Paiement s\u00e9curis\u00e9 | Neyfoc No. 69 D7 ampoules 5x 2ml%.\",\"breadcrumb\":{\"@id\":\"https:\/\/loewentestneu.metafex.io\/fr\/produit\/neyfoc-nr-69-ampoules-5x-2ml-6487316#breadcrumb\"},\"inLanguage\":\"fr-FR\",\"potentialAction\":[{\"@type\":\"ReadAction\",\"target\":[\"https:\/\/loewentestneu.metafex.io\/fr\/produit\/neyfoc-nr-69-ampoules-5x-2ml-6487316\"]}]},{\"@type\":\"ImageObject\",\"inLanguage\":\"fr-FR\",\"@id\":\"https:\/\/loewentestneu.metafex.io\/fr\/produit\/neyfoc-nr-69-ampoules-5x-2ml-6487316#primaryimage\",\"url\":\"https:\/\/loewentestneu.metafex.io\/wp-content\/uploads\/2022\/12\/NeyFoc-Nr.69-D7-vitOrgan-Arzneimittel-Lions-Pharmacy.webp\",\"contentUrl\":\"https:\/\/loewentestneu.metafex.io\/wp-content\/uploads\/2022\/12\/NeyFoc-Nr.69-D7-vitOrgan-Arzneimittel-Lions-Pharmacy.webp\",\"width\":600,\"height\":600,\"caption\":\"NeyFoc No.69 D7 vitOrgan Pharmacie Lions d\u2019Arzneimittel\"},{\"@type\":\"BreadcrumbList\",\"@id\":\"https:\/\/loewentestneu.metafex.io\/fr\/produit\/neyfoc-nr-69-ampoules-5x-2ml-6487316#breadcrumb\",\"itemListElement\":[{\"@type\":\"ListItem\",\"position\":1,\"name\":\"Home\",\"item\":\"https:\/\/loewentestneu.metafex.io\/fr\/homepage-lion-pharmacy\"},{\"@type\":\"ListItem\",\"position\":2,\"name\":\"Shop\",\"item\":\"https:\/\/loewentestneu.metafex.io\/fr\/boutique\"},{\"@type\":\"ListItem\",\"position\":3,\"name\":\"Neyfoc No. 69 D7 ampoules 5x 2ml\"}]},{\"@type\":\"WebSite\",\"@id\":\"https:\/\/loewentestneu.metafex.io\/fr#website\",\"url\":\"https:\/\/loewentestneu.metafex.io\/fr\",\"name\":\"Lions Pharmacy\",\"description\":\"Pharmacie sp\u00e9cialis\u00e9e en naturopathie de Baden-Baden, Allemagne\",\"publisher\":{\"@id\":\"https:\/\/loewentestneu.metafex.io\/fr#organization\"},\"alternateName\":\"Lion Pharmacy\",\"potentialAction\":[{\"@type\":\"SearchAction\",\"target\":{\"@type\":\"EntryPoint\",\"urlTemplate\":\"https:\/\/loewentestneu.metafex.io\/fr?s={search_term_string}\"},\"query-input\":{\"@type\":\"PropertyValueSpecification\",\"valueRequired\":true,\"valueName\":\"search_term_string\"}}],\"inLanguage\":\"fr-FR\"},{\"@type\":\"Organization\",\"@id\":\"https:\/\/loewentestneu.metafex.io\/fr#organization\",\"name\":\"Lions Pharmacy\",\"alternateName\":\"Lions Pharmacy24\",\"url\":\"https:\/\/loewentestneu.metafex.io\/fr\",\"logo\":{\"@type\":\"ImageObject\",\"inLanguage\":\"fr-FR\",\"@id\":\"https:\/\/loewentestneu.metafex.io\/fr#\/schema\/logo\/image\/\",\"url\":\"https:\/\/loewentestneu.metafex.io\/wp-content\/uploads\/2022\/12\/Logo-Lion-Pharmacy-c-o-Loewen-Apotheke-smal.jpg\",\"contentUrl\":\"https:\/\/loewentestneu.metafex.io\/wp-content\/uploads\/2022\/12\/Logo-Lion-Pharmacy-c-o-Loewen-Apotheke-smal.jpg\",\"width\":298,\"height\":99,\"caption\":\"Lions Pharmacy\"},\"image\":{\"@id\":\"https:\/\/loewentestneu.metafex.io\/fr#\/schema\/logo\/image\/\"}}]}<\/script>\n<!-- \/ Yoast SEO plugin. -->","yoast_head_json":{"title":"Neyfoc No. 69 D7 ampoules 5x 2ml &#187; vitOrgan","description":"Lion Pharmacy | pharmacie en ligne allemande enregistr\u00e9e | Livraison internationale rapide | Paiement s\u00e9curis\u00e9 | Neyfoc No. 69 D7 ampoules 5x 2ml%.","robots":{"index":"noindex","follow":"follow","max-snippet":"max-snippet:-1","max-image-preview":"max-image-preview:large","max-video-preview":"max-video-preview:-1"},"og_locale":"fr_FR","og_type":"article","og_title":"Neyfoc No. 69 D7 ampoules 5x 2ml &#187; vitOrgan","og_description":"Lion Pharmacy | pharmacie en ligne allemande enregistr\u00e9e | Livraison internationale rapide | Paiement s\u00e9curis\u00e9 | Neyfoc No. 69 D7 ampoules 5x 2ml%.","og_url":"https:\/\/loewentestneu.metafex.io\/fr\/produit\/neyfoc-nr-69-ampoules-5x-2ml-6487316","og_site_name":"Lion Pharmacy","article_modified_time":"2025-01-26T18:54:19+00:00","og_image":[{"width":600,"height":600,"url":"https:\/\/loewentestneu.metafex.io\/wp-content\/uploads\/2022\/12\/NeyFoc-Nr.69-D7-vitOrgan-Arzneimittel-Lions-Pharmacy.webp","type":"image\/webp"}],"twitter_card":"summary_large_image","twitter_misc":{"Dur\u00e9e de lecture estim\u00e9e":"2 minutes"},"schema":{"@context":"https:\/\/schema.org","@graph":[{"@type":"WebPage","@id":"https:\/\/loewentestneu.metafex.io\/fr\/produit\/neyfoc-nr-69-ampoules-5x-2ml-6487316","url":"https:\/\/loewentestneu.metafex.io\/fr\/produit\/neyfoc-nr-69-ampoules-5x-2ml-6487316","name":"Neyfoc No. 69 D7 ampoules 5x 2ml &#187; vitOrgan","isPartOf":{"@id":"https:\/\/loewentestneu.metafex.io\/fr#website"},"primaryImageOfPage":{"@id":"https:\/\/loewentestneu.metafex.io\/fr\/produit\/neyfoc-nr-69-ampoules-5x-2ml-6487316#primaryimage"},"image":{"@id":"https:\/\/loewentestneu.metafex.io\/fr\/produit\/neyfoc-nr-69-ampoules-5x-2ml-6487316#primaryimage"},"thumbnailUrl":"https:\/\/loewentestneu.metafex.io\/wp-content\/uploads\/2022\/12\/NeyFoc-Nr.69-D7-vitOrgan-Arzneimittel-Lions-Pharmacy.webp","datePublished":"2022-12-30T15:56:41+00:00","dateModified":"2025-01-26T18:54:19+00:00","description":"Lion Pharmacy | pharmacie en ligne allemande enregistr\u00e9e | Livraison internationale rapide | Paiement s\u00e9curis\u00e9 | Neyfoc No. 69 D7 ampoules 5x 2ml%.","breadcrumb":{"@id":"https:\/\/loewentestneu.metafex.io\/fr\/produit\/neyfoc-nr-69-ampoules-5x-2ml-6487316#breadcrumb"},"inLanguage":"fr-FR","potentialAction":[{"@type":"ReadAction","target":["https:\/\/loewentestneu.metafex.io\/fr\/produit\/neyfoc-nr-69-ampoules-5x-2ml-6487316"]}]},{"@type":"ImageObject","inLanguage":"fr-FR","@id":"https:\/\/loewentestneu.metafex.io\/fr\/produit\/neyfoc-nr-69-ampoules-5x-2ml-6487316#primaryimage","url":"https:\/\/loewentestneu.metafex.io\/wp-content\/uploads\/2022\/12\/NeyFoc-Nr.69-D7-vitOrgan-Arzneimittel-Lions-Pharmacy.webp","contentUrl":"https:\/\/loewentestneu.metafex.io\/wp-content\/uploads\/2022\/12\/NeyFoc-Nr.69-D7-vitOrgan-Arzneimittel-Lions-Pharmacy.webp","width":600,"height":600,"caption":"NeyFoc No.69 D7 vitOrgan Pharmacie Lions d\u2019Arzneimittel"},{"@type":"BreadcrumbList","@id":"https:\/\/loewentestneu.metafex.io\/fr\/produit\/neyfoc-nr-69-ampoules-5x-2ml-6487316#breadcrumb","itemListElement":[{"@type":"ListItem","position":1,"name":"Home","item":"https:\/\/loewentestneu.metafex.io\/fr\/homepage-lion-pharmacy"},{"@type":"ListItem","position":2,"name":"Shop","item":"https:\/\/loewentestneu.metafex.io\/fr\/boutique"},{"@type":"ListItem","position":3,"name":"Neyfoc No. 69 D7 ampoules 5x 2ml"}]},{"@type":"WebSite","@id":"https:\/\/loewentestneu.metafex.io\/fr#website","url":"https:\/\/loewentestneu.metafex.io\/fr","name":"Lions Pharmacy","description":"Pharmacie sp\u00e9cialis\u00e9e en naturopathie de Baden-Baden, Allemagne","publisher":{"@id":"https:\/\/loewentestneu.metafex.io\/fr#organization"},"alternateName":"Lion Pharmacy","potentialAction":[{"@type":"SearchAction","target":{"@type":"EntryPoint","urlTemplate":"https:\/\/loewentestneu.metafex.io\/fr?s={search_term_string}"},"query-input":{"@type":"PropertyValueSpecification","valueRequired":true,"valueName":"search_term_string"}}],"inLanguage":"fr-FR"},{"@type":"Organization","@id":"https:\/\/loewentestneu.metafex.io\/fr#organization","name":"Lions Pharmacy","alternateName":"Lions Pharmacy24","url":"https:\/\/loewentestneu.metafex.io\/fr","logo":{"@type":"ImageObject","inLanguage":"fr-FR","@id":"https:\/\/loewentestneu.metafex.io\/fr#\/schema\/logo\/image\/","url":"https:\/\/loewentestneu.metafex.io\/wp-content\/uploads\/2022\/12\/Logo-Lion-Pharmacy-c-o-Loewen-Apotheke-smal.jpg","contentUrl":"https:\/\/loewentestneu.metafex.io\/wp-content\/uploads\/2022\/12\/Logo-Lion-Pharmacy-c-o-Loewen-Apotheke-smal.jpg","width":298,"height":99,"caption":"Lions Pharmacy"},"image":{"@id":"https:\/\/loewentestneu.metafex.io\/fr#\/schema\/logo\/image\/"}}]}},"_links":{"self":[{"href":"https:\/\/loewentestneu.metafex.io\/fr\/wp-json\/wp\/v2\/product\/1794","targetHints":{"allow":["GET"]}}],"collection":[{"href":"https:\/\/loewentestneu.metafex.io\/fr\/wp-json\/wp\/v2\/product"}],"about":[{"href":"https:\/\/loewentestneu.metafex.io\/fr\/wp-json\/wp\/v2\/types\/product"}],"replies":[{"embeddable":true,"href":"https:\/\/loewentestneu.metafex.io\/fr\/wp-json\/wp\/v2\/comments?post=1794"}],"wp:featuredmedia":[{"embeddable":true,"href":"https:\/\/loewentestneu.metafex.io\/fr\/wp-json\/wp\/v2\/media\/4739"}],"wp:attachment":[{"href":"https:\/\/loewentestneu.metafex.io\/fr\/wp-json\/wp\/v2\/media?parent=1794"}],"wp:term":[{"taxonomy":"product_brand","embeddable":true,"href":"https:\/\/loewentestneu.metafex.io\/fr\/wp-json\/wp\/v2\/product_brand?post=1794"},{"taxonomy":"product_cat","embeddable":true,"href":"https:\/\/loewentestneu.metafex.io\/fr\/wp-json\/wp\/v2\/product_cat?post=1794"},{"taxonomy":"product_tag","embeddable":true,"href":"https:\/\/loewentestneu.metafex.io\/fr\/wp-json\/wp\/v2\/product_tag?post=1794"}],"curies":[{"name":"wp","href":"https:\/\/api.w.org\/{rel}","templated":true}]}}