{"id":18293,"date":"2025-12-08T15:18:34","date_gmt":"2025-12-08T14:18:34","guid":{"rendered":"https:\/\/lions-pharmacy.com\/?post_type=product&#038;p=18293"},"modified":"2025-12-08T16:24:39","modified_gmt":"2025-12-08T15:24:39","slug":"neradin-tablets-2x-40-pcs","status":"publish","type":"product","link":"https:\/\/loewentestneu.metafex.io\/fr\/produit\/neradin-tablets-2x-40-pcs","title":{"rendered":"Comprim\u00e9s de Neradin (40 pi\u00e8ces)"},"content":{"rendered":"<h3>Neradin comprim\u00e9s<\/h3>\n<p>Neradin est un m\u00e9dicament hom\u00e9opathique contre les faiblesses sexuelles. Sp\u00e9cifiquement approuv\u00e9 pour le traitement des faiblesses sexuelles, telles que la dysfonction \u00e9rectile. La substance active Turnera diffusa (Trit. D4) provient d&#8217;une plante m\u00e9dicinale particuli\u00e8re appel\u00e9e Damiana.<\/p>\n<p>Principes actifs : La substance active Turnera diffusa (Trit. D4) provient d&#8217;une plante m\u00e9dicinale particuli\u00e8re appel\u00e9e Damiana. La damiana \u00e9tait d\u00e9j\u00e0 l&#8217;une des plantes m\u00e9dicinales les plus pr\u00e9cieuses des Mayas en tant qu&#8217;aphrodisiaque. \u00c0 l&#8217;\u00e9poque des conquistadors espagnols, la damiana \u00e9tait m\u00eame consid\u00e9r\u00e9e comme l&#8217;une des plantes m\u00e9dicinales les plus importantes du nord de l&#8217;Am\u00e9rique centrale et \u00e9tait utilis\u00e9e comme tonique et aphrodisiaque. Selon l&#8217;image du m\u00e9dicament, la damiane agit sur le syst\u00e8me g\u00e9nito-urinaire &#8211; c&#8217;est-\u00e0-dire l\u00e0 o\u00f9 le probl\u00e8me se pose &#8211; et est utilis\u00e9e avec succ\u00e8s surtout en cas de faiblesse sexuelle, comme la dysfonction \u00e9rectile.<\/p>\n<p>Vous trouverez ici plus d&#8217;informations sur Neradin et son fabricant : <a href=\"https:\/\/pharmasgp.com\/\" target=\"_blank\" rel=\"noopener\">PharmaSGP<\/a><\/p>\n<p>Autres produits pour l\u2019application : <a href=\"https:\/\/loewentestneu.metafex.io\/fr\/etiquette-produit\/poids-et-forme\">Voyage &amp; Sport, Bien-\u00eatre<\/a> | <a href=\"https:\/\/loewentestneu.metafex.io\/fr\/etiquette-produit\/vitamines-et-supplements\">Vitamines et suppl\u00e9ments Produits<\/a><\/p>\n<section><\/section>\n<section class=\"text-dark-primary-max\">Les informations contenues dans ce site web sont fournies \u00e0 titre informatif uniquement. Ils ne remplacent en aucun cas l&#8217;examen et le traitement par un m\u00e9decin. Veuillez noter que cela signifie qu\u2019il n\u2019est pas possible d\u2019\u00e9tablir un diagnostic ou d\u2019initier une th\u00e9rapie.  <\/section>\n<section><\/section>\n<section><\/section>\n<p>Pour conna\u00eetre les risques et les effets secondaires, lisez la notice et demandez conseil \u00e0 votre m\u00e9decin ou \u00e0 votre pharmacien.<\/p>\n<p>&nbsp;<\/p>\n<h3 data-pm-slice=\"1 1 []\"><strong>Des questions sur le produit ? Nous sommes l\u00e0 pour vous !<\/strong><\/h3>\n<p>Notre pharmacienne responsable, Dr. Sandra Hoff, et son \u00e9quipe se feront un plaisir de vous conseiller personnellement &#8211; par t\u00e9l\u00e9phone ou par e-mail. En tant que v\u00e9ritable pharmacie locale et pharmacie de vente par correspondance agr\u00e9\u00e9e, nous vous offrons un soutien comp\u00e9tent, en particulier dans les domaines de la naturopathie et des compl\u00e9ments alimentaires. Vous trouverez notre autorisation dans <a class=\"ProsemirrorEditor-link\" href=\"https:\/\/versandhandel.dimdi.de\/websearch\/servlet\/Gate;jsessionid=0D29D15655BE1174E9178A340E8FE6BC?accessid=dimdi_var&amp;term=3c387956690121ccc8763184f052b93f\">le registre de la vente par correspondance<\/a>.<\/p>\n<h3 style=\"text-align: left;\">Ordonnance | e-prescription disponible ?<\/h3>\n<p>Soumettez votre e-prescription d\u00e8s maintenant. Utilisez notre application <a href=\"https:\/\/e-rezept-app.de\/shop-rezept\" target=\"_blank\" rel=\"noopener\">d\u2019ordonnance \u00e9lectronique<\/a> . Et nous vous donnons les frais de port gratuits en Allemagne !<\/p>\n","protected":false},"excerpt":{"rendered":"<h2>Neradin comprim\u00e9s<\/h2>\n<p>m\u00e9dicament hom\u00e9opathique pour la faiblesse sexuelle. Les hommes.<\/p>\n<p><\/p>\n<div class=\"rating__wrap\">\n<p><strong>PZN<\/strong>: 11024357 (num\u00e9ro central de la pharmacie)<\/p>\n<p><strong>Forme gal\u00e9naire<\/strong> : comprim\u00e9s<\/p>\n<p><strong>Type de r\u00e9glementation :<\/strong> Sans ordonnance<\/p>\n<p><strong>Marque<\/strong>: Neradin<\/p>\n<p><strong>Fabricant : <\/strong>PharmaSGP, Munich, Allemagne<\/p>\n<p><strong>Taille de l&#8217;emballage<\/strong>: 40 pi\u00e8ces.<\/p>\n<\/div>\n","protected":false},"featured_media":18299,"comment_status":"closed","ping_status":"closed","template":"","meta":[],"product_brand":[],"product_cat":[120,114],"product_tag":[266,265,267,309,264],"class_list":{"0":"post-18293","1":"product","2":"type-product","3":"status-publish","4":"has-post-thumbnail","6":"product_cat-sale-fr","7":"product_cat-non-classifiee","8":"product_tag-bien-etre","9":"product_tag-gestion-du-poids","10":"product_tag-poids-et-forme","11":"product_tag-vente-mensuelle","12":"product_tag-vitamines-et-supplements","13":"ts_product_brand-all-fr","15":"first","16":"instock","17":"taxable","18":"shipping-taxable","19":"purchasable","20":"product-type-simple"},"yoast_head":"<!-- This site is optimized with the Yoast SEO plugin v26.5 - https:\/\/yoast.com\/wordpress\/plugins\/seo\/ -->\n<title>Comprim\u00e9s de Neradin (40 pi\u00e8ces) &#187; commander ici<\/title>\n<meta name=\"description\" content=\"Comprim\u00e9s de Neradin (40 pi\u00e8ces) pour les adultes. faiblesse sexuelle. Livr\u00e9 depuis votre pharmacie en ligne allemande. Exp\u00e9dition rapide. Service au top.\" \/>\n<meta name=\"robots\" content=\"noindex, follow, max-snippet:-1, max-image-preview:large, max-video-preview:-1\" \/>\n<meta property=\"og:locale\" content=\"fr_FR\" \/>\n<meta property=\"og:type\" content=\"article\" \/>\n<meta property=\"og:title\" content=\"Comprim\u00e9s de Neradin (40 pi\u00e8ces) &#187; commander ici\" \/>\n<meta property=\"og:description\" content=\"Comprim\u00e9s de Neradin (40 pi\u00e8ces) pour les adultes. faiblesse sexuelle. Livr\u00e9 depuis votre pharmacie en ligne allemande. Exp\u00e9dition rapide. Service au top.\" \/>\n<meta property=\"og:url\" content=\"https:\/\/loewentestneu.metafex.io\/fr\/produit\/neradin-tablets-2x-40-pcs\" \/>\n<meta property=\"og:site_name\" content=\"Lion Pharmacy\" \/>\n<meta property=\"article:modified_time\" content=\"2025-12-08T15:24:39+00:00\" \/>\n<meta property=\"og:image\" content=\"https:\/\/loewentestneu.metafex.io\/wp-content\/uploads\/2025\/12\/Neradin-on-Lions-Pharmacy.webp\" \/>\n\t<meta property=\"og:image:width\" content=\"600\" \/>\n\t<meta property=\"og:image:height\" content=\"600\" \/>\n\t<meta property=\"og:image:type\" content=\"image\/webp\" \/>\n<meta name=\"twitter:card\" content=\"summary_large_image\" \/>\n<meta name=\"twitter:label1\" content=\"Dur\u00e9e de lecture estim\u00e9e\" \/>\n\t<meta name=\"twitter:data1\" content=\"2 minutes\" \/>\n<script type=\"application\/ld+json\" class=\"yoast-schema-graph\">{\"@context\":\"https:\/\/schema.org\",\"@graph\":[{\"@type\":\"WebPage\",\"@id\":\"https:\/\/loewentestneu.metafex.io\/fr\/produit\/neradin-tablets-2x-40-pcs\",\"url\":\"https:\/\/loewentestneu.metafex.io\/fr\/produit\/neradin-tablets-2x-40-pcs\",\"name\":\"Comprim\u00e9s de Neradin (40 pi\u00e8ces) &#187; commander ici\",\"isPartOf\":{\"@id\":\"https:\/\/loewentestneu.metafex.io\/fr#website\"},\"primaryImageOfPage\":{\"@id\":\"https:\/\/loewentestneu.metafex.io\/fr\/produit\/neradin-tablets-2x-40-pcs#primaryimage\"},\"image\":{\"@id\":\"https:\/\/loewentestneu.metafex.io\/fr\/produit\/neradin-tablets-2x-40-pcs#primaryimage\"},\"thumbnailUrl\":\"https:\/\/loewentestneu.metafex.io\/wp-content\/uploads\/2025\/12\/Neradin-on-Lions-Pharmacy.webp\",\"datePublished\":\"2025-12-08T14:18:34+00:00\",\"dateModified\":\"2025-12-08T15:24:39+00:00\",\"description\":\"Comprim\u00e9s de Neradin (40 pi\u00e8ces) pour les adultes. faiblesse sexuelle. Livr\u00e9 depuis votre pharmacie en ligne allemande. Exp\u00e9dition rapide. Service au top.\",\"breadcrumb\":{\"@id\":\"https:\/\/loewentestneu.metafex.io\/fr\/produit\/neradin-tablets-2x-40-pcs#breadcrumb\"},\"inLanguage\":\"fr-FR\",\"potentialAction\":[{\"@type\":\"ReadAction\",\"target\":[\"https:\/\/loewentestneu.metafex.io\/fr\/produit\/neradin-tablets-2x-40-pcs\"]}]},{\"@type\":\"ImageObject\",\"inLanguage\":\"fr-FR\",\"@id\":\"https:\/\/loewentestneu.metafex.io\/fr\/produit\/neradin-tablets-2x-40-pcs#primaryimage\",\"url\":\"https:\/\/loewentestneu.metafex.io\/wp-content\/uploads\/2025\/12\/Neradin-on-Lions-Pharmacy.webp\",\"contentUrl\":\"https:\/\/loewentestneu.metafex.io\/wp-content\/uploads\/2025\/12\/Neradin-on-Lions-Pharmacy.webp\",\"width\":600,\"height\":600,\"caption\":\"Neradin sur la pharmacie des Lions\"},{\"@type\":\"BreadcrumbList\",\"@id\":\"https:\/\/loewentestneu.metafex.io\/fr\/produit\/neradin-tablets-2x-40-pcs#breadcrumb\",\"itemListElement\":[{\"@type\":\"ListItem\",\"position\":1,\"name\":\"Home\",\"item\":\"https:\/\/loewentestneu.metafex.io\/fr\/homepage-lion-pharmacy\"},{\"@type\":\"ListItem\",\"position\":2,\"name\":\"Shop\",\"item\":\"https:\/\/loewentestneu.metafex.io\/fr\/boutique\"},{\"@type\":\"ListItem\",\"position\":3,\"name\":\"Comprim\u00e9s de Neradin (40 pi\u00e8ces)\"}]},{\"@type\":\"WebSite\",\"@id\":\"https:\/\/loewentestneu.metafex.io\/fr#website\",\"url\":\"https:\/\/loewentestneu.metafex.io\/fr\",\"name\":\"Lions Pharmacy\",\"description\":\"Pharmacie sp\u00e9cialis\u00e9e en naturopathie de Baden-Baden, Allemagne\",\"publisher\":{\"@id\":\"https:\/\/loewentestneu.metafex.io\/fr#organization\"},\"alternateName\":\"Lion Pharmacy\",\"potentialAction\":[{\"@type\":\"SearchAction\",\"target\":{\"@type\":\"EntryPoint\",\"urlTemplate\":\"https:\/\/loewentestneu.metafex.io\/fr?s={search_term_string}\"},\"query-input\":{\"@type\":\"PropertyValueSpecification\",\"valueRequired\":true,\"valueName\":\"search_term_string\"}}],\"inLanguage\":\"fr-FR\"},{\"@type\":\"Organization\",\"@id\":\"https:\/\/loewentestneu.metafex.io\/fr#organization\",\"name\":\"Lions Pharmacy\",\"alternateName\":\"Lions Pharmacy24\",\"url\":\"https:\/\/loewentestneu.metafex.io\/fr\",\"logo\":{\"@type\":\"ImageObject\",\"inLanguage\":\"fr-FR\",\"@id\":\"https:\/\/loewentestneu.metafex.io\/fr#\/schema\/logo\/image\/\",\"url\":\"https:\/\/loewentestneu.metafex.io\/wp-content\/uploads\/2022\/12\/Logo-Lion-Pharmacy-c-o-Loewen-Apotheke-smal.jpg\",\"contentUrl\":\"https:\/\/loewentestneu.metafex.io\/wp-content\/uploads\/2022\/12\/Logo-Lion-Pharmacy-c-o-Loewen-Apotheke-smal.jpg\",\"width\":298,\"height\":99,\"caption\":\"Lions Pharmacy\"},\"image\":{\"@id\":\"https:\/\/loewentestneu.metafex.io\/fr#\/schema\/logo\/image\/\"}}]}<\/script>\n<!-- \/ Yoast SEO plugin. -->","yoast_head_json":{"title":"Comprim\u00e9s de Neradin (40 pi\u00e8ces) &#187; commander ici","description":"Comprim\u00e9s de Neradin (40 pi\u00e8ces) pour les adultes. faiblesse sexuelle. Livr\u00e9 depuis votre pharmacie en ligne allemande. Exp\u00e9dition rapide. Service au top.","robots":{"index":"noindex","follow":"follow","max-snippet":"max-snippet:-1","max-image-preview":"max-image-preview:large","max-video-preview":"max-video-preview:-1"},"og_locale":"fr_FR","og_type":"article","og_title":"Comprim\u00e9s de Neradin (40 pi\u00e8ces) &#187; commander ici","og_description":"Comprim\u00e9s de Neradin (40 pi\u00e8ces) pour les adultes. faiblesse sexuelle. Livr\u00e9 depuis votre pharmacie en ligne allemande. Exp\u00e9dition rapide. Service au top.","og_url":"https:\/\/loewentestneu.metafex.io\/fr\/produit\/neradin-tablets-2x-40-pcs","og_site_name":"Lion Pharmacy","article_modified_time":"2025-12-08T15:24:39+00:00","og_image":[{"width":600,"height":600,"url":"https:\/\/loewentestneu.metafex.io\/wp-content\/uploads\/2025\/12\/Neradin-on-Lions-Pharmacy.webp","type":"image\/webp"}],"twitter_card":"summary_large_image","twitter_misc":{"Dur\u00e9e de lecture estim\u00e9e":"2 minutes"},"schema":{"@context":"https:\/\/schema.org","@graph":[{"@type":"WebPage","@id":"https:\/\/loewentestneu.metafex.io\/fr\/produit\/neradin-tablets-2x-40-pcs","url":"https:\/\/loewentestneu.metafex.io\/fr\/produit\/neradin-tablets-2x-40-pcs","name":"Comprim\u00e9s de Neradin (40 pi\u00e8ces) &#187; commander ici","isPartOf":{"@id":"https:\/\/loewentestneu.metafex.io\/fr#website"},"primaryImageOfPage":{"@id":"https:\/\/loewentestneu.metafex.io\/fr\/produit\/neradin-tablets-2x-40-pcs#primaryimage"},"image":{"@id":"https:\/\/loewentestneu.metafex.io\/fr\/produit\/neradin-tablets-2x-40-pcs#primaryimage"},"thumbnailUrl":"https:\/\/loewentestneu.metafex.io\/wp-content\/uploads\/2025\/12\/Neradin-on-Lions-Pharmacy.webp","datePublished":"2025-12-08T14:18:34+00:00","dateModified":"2025-12-08T15:24:39+00:00","description":"Comprim\u00e9s de Neradin (40 pi\u00e8ces) pour les adultes. faiblesse sexuelle. Livr\u00e9 depuis votre pharmacie en ligne allemande. Exp\u00e9dition rapide. Service au top.","breadcrumb":{"@id":"https:\/\/loewentestneu.metafex.io\/fr\/produit\/neradin-tablets-2x-40-pcs#breadcrumb"},"inLanguage":"fr-FR","potentialAction":[{"@type":"ReadAction","target":["https:\/\/loewentestneu.metafex.io\/fr\/produit\/neradin-tablets-2x-40-pcs"]}]},{"@type":"ImageObject","inLanguage":"fr-FR","@id":"https:\/\/loewentestneu.metafex.io\/fr\/produit\/neradin-tablets-2x-40-pcs#primaryimage","url":"https:\/\/loewentestneu.metafex.io\/wp-content\/uploads\/2025\/12\/Neradin-on-Lions-Pharmacy.webp","contentUrl":"https:\/\/loewentestneu.metafex.io\/wp-content\/uploads\/2025\/12\/Neradin-on-Lions-Pharmacy.webp","width":600,"height":600,"caption":"Neradin sur la pharmacie des Lions"},{"@type":"BreadcrumbList","@id":"https:\/\/loewentestneu.metafex.io\/fr\/produit\/neradin-tablets-2x-40-pcs#breadcrumb","itemListElement":[{"@type":"ListItem","position":1,"name":"Home","item":"https:\/\/loewentestneu.metafex.io\/fr\/homepage-lion-pharmacy"},{"@type":"ListItem","position":2,"name":"Shop","item":"https:\/\/loewentestneu.metafex.io\/fr\/boutique"},{"@type":"ListItem","position":3,"name":"Comprim\u00e9s de Neradin (40 pi\u00e8ces)"}]},{"@type":"WebSite","@id":"https:\/\/loewentestneu.metafex.io\/fr#website","url":"https:\/\/loewentestneu.metafex.io\/fr","name":"Lions Pharmacy","description":"Pharmacie sp\u00e9cialis\u00e9e en naturopathie de Baden-Baden, Allemagne","publisher":{"@id":"https:\/\/loewentestneu.metafex.io\/fr#organization"},"alternateName":"Lion Pharmacy","potentialAction":[{"@type":"SearchAction","target":{"@type":"EntryPoint","urlTemplate":"https:\/\/loewentestneu.metafex.io\/fr?s={search_term_string}"},"query-input":{"@type":"PropertyValueSpecification","valueRequired":true,"valueName":"search_term_string"}}],"inLanguage":"fr-FR"},{"@type":"Organization","@id":"https:\/\/loewentestneu.metafex.io\/fr#organization","name":"Lions Pharmacy","alternateName":"Lions Pharmacy24","url":"https:\/\/loewentestneu.metafex.io\/fr","logo":{"@type":"ImageObject","inLanguage":"fr-FR","@id":"https:\/\/loewentestneu.metafex.io\/fr#\/schema\/logo\/image\/","url":"https:\/\/loewentestneu.metafex.io\/wp-content\/uploads\/2022\/12\/Logo-Lion-Pharmacy-c-o-Loewen-Apotheke-smal.jpg","contentUrl":"https:\/\/loewentestneu.metafex.io\/wp-content\/uploads\/2022\/12\/Logo-Lion-Pharmacy-c-o-Loewen-Apotheke-smal.jpg","width":298,"height":99,"caption":"Lions Pharmacy"},"image":{"@id":"https:\/\/loewentestneu.metafex.io\/fr#\/schema\/logo\/image\/"}}]}},"_links":{"self":[{"href":"https:\/\/loewentestneu.metafex.io\/fr\/wp-json\/wp\/v2\/product\/18293","targetHints":{"allow":["GET"]}}],"collection":[{"href":"https:\/\/loewentestneu.metafex.io\/fr\/wp-json\/wp\/v2\/product"}],"about":[{"href":"https:\/\/loewentestneu.metafex.io\/fr\/wp-json\/wp\/v2\/types\/product"}],"replies":[{"embeddable":true,"href":"https:\/\/loewentestneu.metafex.io\/fr\/wp-json\/wp\/v2\/comments?post=18293"}],"wp:featuredmedia":[{"embeddable":true,"href":"https:\/\/loewentestneu.metafex.io\/fr\/wp-json\/wp\/v2\/media\/18299"}],"wp:attachment":[{"href":"https:\/\/loewentestneu.metafex.io\/fr\/wp-json\/wp\/v2\/media?parent=18293"}],"wp:term":[{"taxonomy":"product_brand","embeddable":true,"href":"https:\/\/loewentestneu.metafex.io\/fr\/wp-json\/wp\/v2\/product_brand?post=18293"},{"taxonomy":"product_cat","embeddable":true,"href":"https:\/\/loewentestneu.metafex.io\/fr\/wp-json\/wp\/v2\/product_cat?post=18293"},{"taxonomy":"product_tag","embeddable":true,"href":"https:\/\/loewentestneu.metafex.io\/fr\/wp-json\/wp\/v2\/product_tag?post=18293"}],"curies":[{"name":"wp","href":"https:\/\/api.w.org\/{rel}","templated":true}]}}