{"id":1879,"date":"2022-12-29T21:56:13","date_gmt":"2022-12-29T20:56:13","guid":{"rendered":"https:\/\/lions-pharmacy.com\/product\/algovir-pulverisation-a-froid"},"modified":"2022-12-29T21:56:13","modified_gmt":"2022-12-29T20:56:13","slug":"algovir-spray-froid-12579962","status":"publish","type":"product","link":"https:\/\/loewentestneu.metafex.io\/fr\/produit\/algovir-spray-froid-12579962","title":{"rendered":"Algovir pulv\u00e9risation \u00e0 froid"},"content":{"rendered":"<h3>Algovir pulv\u00e9risation \u00e0 froid<\/h3>\n<p>Algovir spray froid est utilis\u00e9 pour soutenir le traitement du rhume ou des infections pseudo-grippales ayant des causes virales. Il peut \u00e9galement \u00eatre utilis\u00e9 \u00e0 titre pr\u00e9ventif. L\u2019humidification soutenue de la muqueuse nasale soutient la d\u00e9fense naturelle.<\/p>\n<p>Beaucoup de gens souhaitent donc ne pas laisser un rhume se d\u00e9velopper en premier lieu &#8211; et c\u2019est l\u00e0 que l\u2019effet algovir\u00ae entre en jeu: il peut arr\u00eater les virus avant qu\u2019ils ne puissent causer un rhume.<\/p>\n<ul>\n<li>D\u00e8s les premiers signes d\u2019un rhume<\/li>\n<li>Peut pr\u00e9venir le rhume<\/li>\n<li>La dur\u00e9e d\u2019un rhume peut \u00eatre raccourcie*<\/li>\n<li>Spray pour une protection pr\u00e9ventive<\/li>\n<\/ul>\n<p>L\u2019ingr\u00e9dient actif carrag\u00e9lose\u00ae forme un film protecteur sur la muqueuse nasale et repr\u00e9sente ainsi une barri\u00e8re physique contre les virus du rhume p\u00e9n\u00e9trants.<\/p>\n<h4>Spray pour la protection pr\u00e9ventive<\/h4>\n<p>L\u2019ingr\u00e9dient actif carrag\u00e9lose\u00ae forme un film protecteur sur la muqueuse nasale et repr\u00e9sente ainsi une barri\u00e8re physique contre les virus du rhume p\u00e9n\u00e9trants.<\/p>\n<h4>Important \u00e0 propos de l\u2019application<\/h4>\n<p>Au premier signe de rhume, l\u2019effet algovir doit \u00eatre appliqu\u00e9 trois fois par jour. Un spray est administr\u00e9 dans chaque narine pour chaque application. Avec chaque pulv\u00e9risation, un effet hydratant est \u00e9galement obtenu, qui sert \u00e0 la fois de prophylaxie et de traitement pour les sympt\u00f4mes r\u00e9sultant d\u2019une muqueuse nasale s\u00e8che ou irrit\u00e9e. Et ce qui est sp\u00e9cial: l\u2019effet algovir convient \u00e9galement \u00e0 une utilisation pendant la grossesse et l\u2019allaitement.<\/p>\n<p>Notice \/ mode d\u2019emploi\/fiche technique de l\u2019article: &#8211; (Lecteur PDF)<\/p>\n<p>Autres produits pour l\u2019application: <a href=\"https:\/\/loewentestneu.metafex.io\/produkt-schlagwort\/cold-flu\">Rhume et grippe<\/a><\/p>\n<p>En apprendre plus sur fabricant et ce produit: <a href=\"https:\/\/www.algovir.de\/algovir-effekt\/\" target=\"_blank\" rel=\"noopener\">Hermes Arzneimittel GmbH<\/a> (lien vers site Web externe)<\/p>\n<p>Les informations contenues dans ce site web sont fournies \u00e0 titre informatif uniquement. Ils ne remplacent en aucun cas l&#8217;examen et le traitement par un m\u00e9decin. Veuillez noter que cela signifie qu&#8217;aucun diagnostic ne peut \u00eatre \u00e9tabli et qu&#8217;aucune th\u00e9rapie ne peut \u00eatre mise en place.<\/p>\n<p>Pour conna\u00eetre les risques et les effets secondaires, lisez la notice et demandez conseil \u00e0 votre m\u00e9decin ou \u00e0 votre pharmacien.<\/p>\n","protected":false},"excerpt":{"rendered":"<h2>Algovir pulv\u00e9risation \u00e0 froid<\/h2>\n<p>Algovir effet spray froid est utilis\u00e9 pour soutenir le traitement des infections du rhume ou de la grippe avec des causes virales.<\/p>\n<p>&nbsp;<\/p>\n<p>PZN: 12579956 (Pharmazentralnummer)<\/p>\n<p>Forme posologique: spray<\/p>\n<p>Type de prescription : sans ordonnance<\/p>\n<p>Marque: Algovir<\/p>\n<p>Fabricant: Hermes Arzneimittel GmbH, Allemagne<\/p>\n<p>Taille d\u2019emballage: 20ml<\/p>\n","protected":false},"featured_media":4768,"comment_status":"closed","ping_status":"closed","template":"","meta":[],"product_brand":[],"product_cat":[120,114],"product_tag":[253,233,294,309],"class_list":{"0":"post-1879","1":"product","2":"type-product","3":"status-publish","4":"has-post-thumbnail","6":"product_cat-sale-fr","7":"product_cat-non-classifiee","8":"product_tag-coronavirus-fr","9":"product_tag-infection-virale","10":"product_tag-rhume","11":"product_tag-vente-mensuelle","12":"ts_product_brand-all-fr","14":"first","15":"instock","16":"featured","17":"taxable","18":"shipping-taxable","19":"purchasable","20":"product-type-simple"},"yoast_head":"<!-- This site is optimized with the Yoast SEO plugin v26.5 - https:\/\/yoast.com\/wordpress\/plugins\/seo\/ -->\n<title>Algovir pulv\u00e9risation \u00e0 froid &#187; Lion Pharmacy<\/title>\n<meta name=\"description\" content=\"Lion Pharmacy | Pharmacie en ligne allemande enregistr\u00e9e | Exp\u00e9dition internationale rapide | Achats en ligne s\u00e9curis\u00e9s | Rhume et grippe &gt; Algovir pulv\u00e9risation \u00e0 froid\" \/>\n<meta name=\"robots\" content=\"noindex, follow, max-snippet:-1, max-image-preview:large, max-video-preview:-1\" \/>\n<meta property=\"og:locale\" content=\"fr_FR\" \/>\n<meta property=\"og:type\" content=\"article\" \/>\n<meta property=\"og:title\" content=\"Algovir pulv\u00e9risation \u00e0 froid &#187; Lion Pharmacy\" \/>\n<meta property=\"og:description\" content=\"Lion Pharmacy | Pharmacie en ligne allemande enregistr\u00e9e | Exp\u00e9dition internationale rapide | Achats en ligne s\u00e9curis\u00e9s | Rhume et grippe &gt; Algovir pulv\u00e9risation \u00e0 froid\" \/>\n<meta property=\"og:url\" content=\"https:\/\/loewentestneu.metafex.io\/fr\/produit\/algovir-spray-froid-12579962\" \/>\n<meta property=\"og:site_name\" content=\"Lion Pharmacy\" \/>\n<meta property=\"og:image\" content=\"https:\/\/loewentestneu.metafex.io\/wp-content\/uploads\/2022\/12\/algovir-flu-spray-erkaeltungsspray-20ml-PZN-12579956.jpg\" \/>\n\t<meta property=\"og:image:width\" content=\"600\" \/>\n\t<meta property=\"og:image:height\" content=\"600\" \/>\n\t<meta property=\"og:image:type\" content=\"image\/jpeg\" \/>\n<meta name=\"twitter:card\" content=\"summary_large_image\" \/>\n<meta name=\"twitter:label1\" content=\"Dur\u00e9e de lecture estim\u00e9e\" \/>\n\t<meta name=\"twitter:data1\" content=\"2 minutes\" \/>\n<script type=\"application\/ld+json\" class=\"yoast-schema-graph\">{\"@context\":\"https:\/\/schema.org\",\"@graph\":[{\"@type\":\"WebPage\",\"@id\":\"https:\/\/loewentestneu.metafex.io\/fr\/produit\/algovir-spray-froid-12579962\",\"url\":\"https:\/\/loewentestneu.metafex.io\/fr\/produit\/algovir-spray-froid-12579962\",\"name\":\"Algovir pulv\u00e9risation \u00e0 froid &#187; Lion Pharmacy\",\"isPartOf\":{\"@id\":\"https:\/\/loewentestneu.metafex.io\/fr#website\"},\"primaryImageOfPage\":{\"@id\":\"https:\/\/loewentestneu.metafex.io\/fr\/produit\/algovir-spray-froid-12579962#primaryimage\"},\"image\":{\"@id\":\"https:\/\/loewentestneu.metafex.io\/fr\/produit\/algovir-spray-froid-12579962#primaryimage\"},\"thumbnailUrl\":\"https:\/\/loewentestneu.metafex.io\/wp-content\/uploads\/2022\/12\/algovir-flu-spray-20ml-PZN-12579956.webp\",\"datePublished\":\"2022-12-29T20:56:13+00:00\",\"description\":\"Lion Pharmacy | Pharmacie en ligne allemande enregistr\u00e9e | Exp\u00e9dition internationale rapide | Achats en ligne s\u00e9curis\u00e9s | Rhume et grippe > Algovir pulv\u00e9risation \u00e0 froid\",\"breadcrumb\":{\"@id\":\"https:\/\/loewentestneu.metafex.io\/fr\/produit\/algovir-spray-froid-12579962#breadcrumb\"},\"inLanguage\":\"fr-FR\",\"potentialAction\":[{\"@type\":\"ReadAction\",\"target\":[\"https:\/\/loewentestneu.metafex.io\/fr\/produit\/algovir-spray-froid-12579962\"]}]},{\"@type\":\"ImageObject\",\"inLanguage\":\"fr-FR\",\"@id\":\"https:\/\/loewentestneu.metafex.io\/fr\/produit\/algovir-spray-froid-12579962#primaryimage\",\"url\":\"https:\/\/loewentestneu.metafex.io\/wp-content\/uploads\/2022\/12\/algovir-flu-spray-20ml-PZN-12579956.webp\",\"contentUrl\":\"https:\/\/loewentestneu.metafex.io\/wp-content\/uploads\/2022\/12\/algovir-flu-spray-20ml-PZN-12579956.webp\",\"width\":600,\"height\":600,\"caption\":\"algovir flu spray 20ml PZN-12579956\"},{\"@type\":\"BreadcrumbList\",\"@id\":\"https:\/\/loewentestneu.metafex.io\/fr\/produit\/algovir-spray-froid-12579962#breadcrumb\",\"itemListElement\":[{\"@type\":\"ListItem\",\"position\":1,\"name\":\"Home\",\"item\":\"https:\/\/loewentestneu.metafex.io\/fr\/homepage-lion-pharmacy\"},{\"@type\":\"ListItem\",\"position\":2,\"name\":\"Shop\",\"item\":\"https:\/\/loewentestneu.metafex.io\/fr\/boutique\"},{\"@type\":\"ListItem\",\"position\":3,\"name\":\"Algovir pulv\u00e9risation \u00e0 froid\"}]},{\"@type\":\"WebSite\",\"@id\":\"https:\/\/loewentestneu.metafex.io\/fr#website\",\"url\":\"https:\/\/loewentestneu.metafex.io\/fr\",\"name\":\"Lions Pharmacy\",\"description\":\"Pharmacie sp\u00e9cialis\u00e9e en naturopathie de Baden-Baden, Allemagne\",\"publisher\":{\"@id\":\"https:\/\/loewentestneu.metafex.io\/fr#organization\"},\"alternateName\":\"Lion Pharmacy\",\"potentialAction\":[{\"@type\":\"SearchAction\",\"target\":{\"@type\":\"EntryPoint\",\"urlTemplate\":\"https:\/\/loewentestneu.metafex.io\/fr?s={search_term_string}\"},\"query-input\":{\"@type\":\"PropertyValueSpecification\",\"valueRequired\":true,\"valueName\":\"search_term_string\"}}],\"inLanguage\":\"fr-FR\"},{\"@type\":\"Organization\",\"@id\":\"https:\/\/loewentestneu.metafex.io\/fr#organization\",\"name\":\"Lions Pharmacy\",\"alternateName\":\"Lions Pharmacy24\",\"url\":\"https:\/\/loewentestneu.metafex.io\/fr\",\"logo\":{\"@type\":\"ImageObject\",\"inLanguage\":\"fr-FR\",\"@id\":\"https:\/\/loewentestneu.metafex.io\/fr#\/schema\/logo\/image\/\",\"url\":\"https:\/\/loewentestneu.metafex.io\/wp-content\/uploads\/2022\/12\/Logo-Lion-Pharmacy-c-o-Loewen-Apotheke-smal.jpg\",\"contentUrl\":\"https:\/\/loewentestneu.metafex.io\/wp-content\/uploads\/2022\/12\/Logo-Lion-Pharmacy-c-o-Loewen-Apotheke-smal.jpg\",\"width\":298,\"height\":99,\"caption\":\"Lions Pharmacy\"},\"image\":{\"@id\":\"https:\/\/loewentestneu.metafex.io\/fr#\/schema\/logo\/image\/\"}}]}<\/script>\n<!-- \/ Yoast SEO plugin. -->","yoast_head_json":{"title":"Algovir pulv\u00e9risation \u00e0 froid &#187; Lion Pharmacy","description":"Lion Pharmacy | Pharmacie en ligne allemande enregistr\u00e9e | Exp\u00e9dition internationale rapide | Achats en ligne s\u00e9curis\u00e9s | Rhume et grippe > Algovir pulv\u00e9risation \u00e0 froid","robots":{"index":"noindex","follow":"follow","max-snippet":"max-snippet:-1","max-image-preview":"max-image-preview:large","max-video-preview":"max-video-preview:-1"},"og_locale":"fr_FR","og_type":"article","og_title":"Algovir pulv\u00e9risation \u00e0 froid &#187; Lion Pharmacy","og_description":"Lion Pharmacy | Pharmacie en ligne allemande enregistr\u00e9e | Exp\u00e9dition internationale rapide | Achats en ligne s\u00e9curis\u00e9s | Rhume et grippe > Algovir pulv\u00e9risation \u00e0 froid","og_url":"https:\/\/loewentestneu.metafex.io\/fr\/produit\/algovir-spray-froid-12579962","og_site_name":"Lion Pharmacy","og_image":[{"width":600,"height":600,"url":"https:\/\/loewentestneu.metafex.io\/wp-content\/uploads\/2022\/12\/algovir-flu-spray-erkaeltungsspray-20ml-PZN-12579956.jpg","type":"image\/jpeg"}],"twitter_card":"summary_large_image","twitter_misc":{"Dur\u00e9e de lecture estim\u00e9e":"2 minutes"},"schema":{"@context":"https:\/\/schema.org","@graph":[{"@type":"WebPage","@id":"https:\/\/loewentestneu.metafex.io\/fr\/produit\/algovir-spray-froid-12579962","url":"https:\/\/loewentestneu.metafex.io\/fr\/produit\/algovir-spray-froid-12579962","name":"Algovir pulv\u00e9risation \u00e0 froid &#187; Lion Pharmacy","isPartOf":{"@id":"https:\/\/loewentestneu.metafex.io\/fr#website"},"primaryImageOfPage":{"@id":"https:\/\/loewentestneu.metafex.io\/fr\/produit\/algovir-spray-froid-12579962#primaryimage"},"image":{"@id":"https:\/\/loewentestneu.metafex.io\/fr\/produit\/algovir-spray-froid-12579962#primaryimage"},"thumbnailUrl":"https:\/\/loewentestneu.metafex.io\/wp-content\/uploads\/2022\/12\/algovir-flu-spray-20ml-PZN-12579956.webp","datePublished":"2022-12-29T20:56:13+00:00","description":"Lion Pharmacy | Pharmacie en ligne allemande enregistr\u00e9e | Exp\u00e9dition internationale rapide | Achats en ligne s\u00e9curis\u00e9s | Rhume et grippe > Algovir pulv\u00e9risation \u00e0 froid","breadcrumb":{"@id":"https:\/\/loewentestneu.metafex.io\/fr\/produit\/algovir-spray-froid-12579962#breadcrumb"},"inLanguage":"fr-FR","potentialAction":[{"@type":"ReadAction","target":["https:\/\/loewentestneu.metafex.io\/fr\/produit\/algovir-spray-froid-12579962"]}]},{"@type":"ImageObject","inLanguage":"fr-FR","@id":"https:\/\/loewentestneu.metafex.io\/fr\/produit\/algovir-spray-froid-12579962#primaryimage","url":"https:\/\/loewentestneu.metafex.io\/wp-content\/uploads\/2022\/12\/algovir-flu-spray-20ml-PZN-12579956.webp","contentUrl":"https:\/\/loewentestneu.metafex.io\/wp-content\/uploads\/2022\/12\/algovir-flu-spray-20ml-PZN-12579956.webp","width":600,"height":600,"caption":"algovir flu spray 20ml PZN-12579956"},{"@type":"BreadcrumbList","@id":"https:\/\/loewentestneu.metafex.io\/fr\/produit\/algovir-spray-froid-12579962#breadcrumb","itemListElement":[{"@type":"ListItem","position":1,"name":"Home","item":"https:\/\/loewentestneu.metafex.io\/fr\/homepage-lion-pharmacy"},{"@type":"ListItem","position":2,"name":"Shop","item":"https:\/\/loewentestneu.metafex.io\/fr\/boutique"},{"@type":"ListItem","position":3,"name":"Algovir pulv\u00e9risation \u00e0 froid"}]},{"@type":"WebSite","@id":"https:\/\/loewentestneu.metafex.io\/fr#website","url":"https:\/\/loewentestneu.metafex.io\/fr","name":"Lions Pharmacy","description":"Pharmacie sp\u00e9cialis\u00e9e en naturopathie de Baden-Baden, Allemagne","publisher":{"@id":"https:\/\/loewentestneu.metafex.io\/fr#organization"},"alternateName":"Lion Pharmacy","potentialAction":[{"@type":"SearchAction","target":{"@type":"EntryPoint","urlTemplate":"https:\/\/loewentestneu.metafex.io\/fr?s={search_term_string}"},"query-input":{"@type":"PropertyValueSpecification","valueRequired":true,"valueName":"search_term_string"}}],"inLanguage":"fr-FR"},{"@type":"Organization","@id":"https:\/\/loewentestneu.metafex.io\/fr#organization","name":"Lions Pharmacy","alternateName":"Lions Pharmacy24","url":"https:\/\/loewentestneu.metafex.io\/fr","logo":{"@type":"ImageObject","inLanguage":"fr-FR","@id":"https:\/\/loewentestneu.metafex.io\/fr#\/schema\/logo\/image\/","url":"https:\/\/loewentestneu.metafex.io\/wp-content\/uploads\/2022\/12\/Logo-Lion-Pharmacy-c-o-Loewen-Apotheke-smal.jpg","contentUrl":"https:\/\/loewentestneu.metafex.io\/wp-content\/uploads\/2022\/12\/Logo-Lion-Pharmacy-c-o-Loewen-Apotheke-smal.jpg","width":298,"height":99,"caption":"Lions Pharmacy"},"image":{"@id":"https:\/\/loewentestneu.metafex.io\/fr#\/schema\/logo\/image\/"}}]}},"_links":{"self":[{"href":"https:\/\/loewentestneu.metafex.io\/fr\/wp-json\/wp\/v2\/product\/1879","targetHints":{"allow":["GET"]}}],"collection":[{"href":"https:\/\/loewentestneu.metafex.io\/fr\/wp-json\/wp\/v2\/product"}],"about":[{"href":"https:\/\/loewentestneu.metafex.io\/fr\/wp-json\/wp\/v2\/types\/product"}],"replies":[{"embeddable":true,"href":"https:\/\/loewentestneu.metafex.io\/fr\/wp-json\/wp\/v2\/comments?post=1879"}],"wp:featuredmedia":[{"embeddable":true,"href":"https:\/\/loewentestneu.metafex.io\/fr\/wp-json\/wp\/v2\/media\/4768"}],"wp:attachment":[{"href":"https:\/\/loewentestneu.metafex.io\/fr\/wp-json\/wp\/v2\/media?parent=1879"}],"wp:term":[{"taxonomy":"product_brand","embeddable":true,"href":"https:\/\/loewentestneu.metafex.io\/fr\/wp-json\/wp\/v2\/product_brand?post=1879"},{"taxonomy":"product_cat","embeddable":true,"href":"https:\/\/loewentestneu.metafex.io\/fr\/wp-json\/wp\/v2\/product_cat?post=1879"},{"taxonomy":"product_tag","embeddable":true,"href":"https:\/\/loewentestneu.metafex.io\/fr\/wp-json\/wp\/v2\/product_tag?post=1879"}],"curies":[{"name":"wp","href":"https:\/\/api.w.org\/{rel}","templated":true}]}}