{"id":1882,"date":"2023-01-13T16:31:48","date_gmt":"2023-01-13T15:31:48","guid":{"rendered":"https:\/\/lions-pharmacy.com\/product\/tebonin-intense-120-mg-comprimes-pellicules"},"modified":"2025-01-24T18:09:28","modified_gmt":"2025-01-24T17:09:28","slug":"tebonine-intense-120-mg-comprimes-pellicules-60-pc-07682356","status":"publish","type":"product","link":"https:\/\/loewentestneu.metafex.io\/fr\/produit\/tebonine-intense-120-mg-comprimes-pellicules-60-pc-07682356","title":{"rendered":"Tebonin intense 120 mg comprim\u00e9s pellicul\u00e9s"},"content":{"rendered":"<h3>Tebonin intense 120 mg comprim\u00e9s pellicul\u00e9s<\/h3>\n<p>Tebonin intense 120 mg comprim\u00e9s pellicul\u00e9s est un m\u00e9dicament \u00e0 base de plantes de haute qualit\u00e9 qui est utilis\u00e9 pour traiter les oublis et le manque de concentration chez les personnes \u00e2g\u00e9es, certaines formes de vertiges, les bourdonnements dans les oreilles et les acouph\u00e8nes.<\/p>\n<p>Notice \/ mode d\u2019emploi\/fiche technique de l\u2019article: &#8211; (Lecteur PDF)<\/p>\n<p>Autres produits pour l\u2019application: <a href=\"https:\/\/loewentestneu.metafex.io\/product-tag\/vitamins-supplements\">Vitamines &amp; suppl\u00e9ments Produits<\/a><\/p>\n<p>En savoir plus sur le fabricant et ce produit: <a href=\"https:\/\/tebonin.de\/ueber-tebonin.html\" target=\"_blank\" rel=\"noopener\">Tebonin<\/a> (lien vers site Web externe)<\/p>\n<p>Les informations contenues dans ce site web sont fournies \u00e0 titre informatif uniquement. Ils ne remplacent en aucun cas l&#8217;examen et le traitement par un m\u00e9decin. Veuillez noter que cela signifie qu&#8217;aucun diagnostic ne peut \u00eatre \u00e9tabli et qu&#8217;aucune th\u00e9rapie ne peut \u00eatre mise en place.<\/p>\n<p>Pour conna\u00eetre les risques et les effets secondaires, lisez la notice et demandez conseil \u00e0 votre m\u00e9decin ou \u00e0 votre pharmacien.<\/p>\n","protected":false},"excerpt":{"rendered":"<h2>Tebonin intense 120 mg comprim\u00e9s pellicul\u00e9s<\/h2>\n<p>Phytoth\u00e9rapie de haute qualit\u00e9 utilis\u00e9e pour traiter les oublis et le manque de concentration chez les personnes \u00e2g\u00e9es, certaines formes de vertiges, les bourdonnements dans les oreilles et les acouph\u00e8nes.<\/p>\n<p>&nbsp;<\/p>\n<p>PZN: 07682356 (Pharmazentralnummer)<\/p>\n<p>Forme posologique : comprim\u00e9s pellicul\u00e9s<\/p>\n<p>Type de prescription : sans ordonnance<\/p>\n<p>Marque: Tebonin<\/p>\n<p>Fabricant: Dr.Willmar Schwabe GmbH &amp; Co.KG, Allemagne<\/p>\n<p>Taille d\u2019emballage: 60 pc.<\/p>\n","protected":false},"featured_media":1533,"comment_status":"closed","ping_status":"closed","template":"","meta":[],"product_brand":[],"product_cat":[460,120,114],"product_tag":[318,315,309],"class_list":{"0":"post-1882","1":"product","2":"type-product","3":"status-publish","4":"has-post-thumbnail","6":"product_cat-dr-schwabe","7":"product_cat-sale-fr","8":"product_cat-non-classifiee","9":"product_tag-acouphene","10":"product_tag-oubli","11":"product_tag-vente-mensuelle","12":"ts_product_brand-all-fr","13":"ts_product_brand-dr-schwabe-fr","15":"first","16":"instock","17":"sale","18":"taxable","19":"shipping-taxable","20":"purchasable","21":"product-type-simple"},"yoast_head":"<!-- This site is optimized with the Yoast SEO plugin v26.5 - https:\/\/yoast.com\/wordpress\/plugins\/seo\/ -->\n<title>Tebonin intense 120 mg comprim\u00e9s pellicul\u00e9s &#187; Lion Pharmacy<\/title>\n<meta name=\"description\" content=\"Lions Pharmacy | pharmacie en ligne allemande enregistr\u00e9e | traiter les troubles de la m\u00e9moire et de la concentration : Tebonin intense 120 mg comprim\u00e9s pellicul\u00e9s\" \/>\n<meta name=\"robots\" content=\"noindex, follow, max-snippet:-1, max-image-preview:large, max-video-preview:-1\" \/>\n<meta property=\"og:locale\" content=\"fr_FR\" \/>\n<meta property=\"og:type\" content=\"article\" \/>\n<meta property=\"og:title\" content=\"Tebonin intense 120 mg comprim\u00e9s pellicul\u00e9s &#187; Lion Pharmacy\" \/>\n<meta property=\"og:description\" content=\"Lions Pharmacy | pharmacie en ligne allemande enregistr\u00e9e | traiter les troubles de la m\u00e9moire et de la concentration : Tebonin intense 120 mg comprim\u00e9s pellicul\u00e9s\" \/>\n<meta property=\"og:url\" content=\"https:\/\/loewentestneu.metafex.io\/fr\/produit\/tebonine-intense-120-mg-comprimes-pellicules-60-pc-07682356\" \/>\n<meta property=\"og:site_name\" content=\"Lion Pharmacy\" \/>\n<meta property=\"article:modified_time\" content=\"2025-01-24T17:09:28+00:00\" \/>\n<meta property=\"og:image\" content=\"https:\/\/loewentestneu.metafex.io\/wp-content\/uploads\/2023\/01\/tebonin-intens-120-mg-60-stueck-dr.-schwabe-lion-pharmacy-loewen-apotheke.jpg\" \/>\n\t<meta property=\"og:image:width\" content=\"600\" \/>\n\t<meta property=\"og:image:height\" content=\"600\" \/>\n\t<meta property=\"og:image:type\" content=\"image\/jpeg\" \/>\n<meta name=\"twitter:card\" content=\"summary_large_image\" \/>\n<meta name=\"twitter:label1\" content=\"Dur\u00e9e de lecture estim\u00e9e\" \/>\n\t<meta name=\"twitter:data1\" content=\"1 minute\" \/>\n<script type=\"application\/ld+json\" class=\"yoast-schema-graph\">{\"@context\":\"https:\/\/schema.org\",\"@graph\":[{\"@type\":\"WebPage\",\"@id\":\"https:\/\/loewentestneu.metafex.io\/fr\/produit\/tebonine-intense-120-mg-comprimes-pellicules-60-pc-07682356\",\"url\":\"https:\/\/loewentestneu.metafex.io\/fr\/produit\/tebonine-intense-120-mg-comprimes-pellicules-60-pc-07682356\",\"name\":\"Tebonin intense 120 mg comprim\u00e9s pellicul\u00e9s &#187; Lion Pharmacy\",\"isPartOf\":{\"@id\":\"https:\/\/loewentestneu.metafex.io\/fr#website\"},\"primaryImageOfPage\":{\"@id\":\"https:\/\/loewentestneu.metafex.io\/fr\/produit\/tebonine-intense-120-mg-comprimes-pellicules-60-pc-07682356#primaryimage\"},\"image\":{\"@id\":\"https:\/\/loewentestneu.metafex.io\/fr\/produit\/tebonine-intense-120-mg-comprimes-pellicules-60-pc-07682356#primaryimage\"},\"thumbnailUrl\":\"https:\/\/loewentestneu.metafex.io\/wp-content\/uploads\/2023\/01\/tebonin-intens-120-mg-60-stueck-dr.-schwabe-lion-pharmacy-loewen-apotheke.jpg\",\"datePublished\":\"2023-01-13T15:31:48+00:00\",\"dateModified\":\"2025-01-24T17:09:28+00:00\",\"description\":\"Lions Pharmacy | pharmacie en ligne allemande enregistr\u00e9e | traiter les troubles de la m\u00e9moire et de la concentration : Tebonin intense 120 mg comprim\u00e9s pellicul\u00e9s\",\"breadcrumb\":{\"@id\":\"https:\/\/loewentestneu.metafex.io\/fr\/produit\/tebonine-intense-120-mg-comprimes-pellicules-60-pc-07682356#breadcrumb\"},\"inLanguage\":\"fr-FR\",\"potentialAction\":[{\"@type\":\"ReadAction\",\"target\":[\"https:\/\/loewentestneu.metafex.io\/fr\/produit\/tebonine-intense-120-mg-comprimes-pellicules-60-pc-07682356\"]}]},{\"@type\":\"ImageObject\",\"inLanguage\":\"fr-FR\",\"@id\":\"https:\/\/loewentestneu.metafex.io\/fr\/produit\/tebonine-intense-120-mg-comprimes-pellicules-60-pc-07682356#primaryimage\",\"url\":\"https:\/\/loewentestneu.metafex.io\/wp-content\/uploads\/2023\/01\/tebonin-intens-120-mg-60-stueck-dr.-schwabe-lion-pharmacy-loewen-apotheke.jpg\",\"contentUrl\":\"https:\/\/loewentestneu.metafex.io\/wp-content\/uploads\/2023\/01\/tebonin-intens-120-mg-60-stueck-dr.-schwabe-lion-pharmacy-loewen-apotheke.jpg\",\"width\":600,\"height\":600,\"caption\":\"Tebonin INTENS 120-mg, un produit fabriqu\u00e9 par le Dr Schwabe. Lion Pharmacy Loewen-Apotheke. pour traiter les oublis et les vertiges de mauvaise concentration\"},{\"@type\":\"BreadcrumbList\",\"@id\":\"https:\/\/loewentestneu.metafex.io\/fr\/produit\/tebonine-intense-120-mg-comprimes-pellicules-60-pc-07682356#breadcrumb\",\"itemListElement\":[{\"@type\":\"ListItem\",\"position\":1,\"name\":\"Home\",\"item\":\"https:\/\/loewentestneu.metafex.io\/fr\/homepage-lion-pharmacy\"},{\"@type\":\"ListItem\",\"position\":2,\"name\":\"Shop\",\"item\":\"https:\/\/loewentestneu.metafex.io\/fr\/boutique\"},{\"@type\":\"ListItem\",\"position\":3,\"name\":\"Tebonin intense 120 mg comprim\u00e9s pellicul\u00e9s\"}]},{\"@type\":\"WebSite\",\"@id\":\"https:\/\/loewentestneu.metafex.io\/fr#website\",\"url\":\"https:\/\/loewentestneu.metafex.io\/fr\",\"name\":\"Lions Pharmacy\",\"description\":\"Pharmacie sp\u00e9cialis\u00e9e en naturopathie de Baden-Baden, Allemagne\",\"publisher\":{\"@id\":\"https:\/\/loewentestneu.metafex.io\/fr#organization\"},\"alternateName\":\"Lion Pharmacy\",\"potentialAction\":[{\"@type\":\"SearchAction\",\"target\":{\"@type\":\"EntryPoint\",\"urlTemplate\":\"https:\/\/loewentestneu.metafex.io\/fr?s={search_term_string}\"},\"query-input\":{\"@type\":\"PropertyValueSpecification\",\"valueRequired\":true,\"valueName\":\"search_term_string\"}}],\"inLanguage\":\"fr-FR\"},{\"@type\":\"Organization\",\"@id\":\"https:\/\/loewentestneu.metafex.io\/fr#organization\",\"name\":\"Lions Pharmacy\",\"alternateName\":\"Lions Pharmacy24\",\"url\":\"https:\/\/loewentestneu.metafex.io\/fr\",\"logo\":{\"@type\":\"ImageObject\",\"inLanguage\":\"fr-FR\",\"@id\":\"https:\/\/loewentestneu.metafex.io\/fr#\/schema\/logo\/image\/\",\"url\":\"https:\/\/loewentestneu.metafex.io\/wp-content\/uploads\/2022\/12\/Logo-Lion-Pharmacy-c-o-Loewen-Apotheke-smal.jpg\",\"contentUrl\":\"https:\/\/loewentestneu.metafex.io\/wp-content\/uploads\/2022\/12\/Logo-Lion-Pharmacy-c-o-Loewen-Apotheke-smal.jpg\",\"width\":298,\"height\":99,\"caption\":\"Lions Pharmacy\"},\"image\":{\"@id\":\"https:\/\/loewentestneu.metafex.io\/fr#\/schema\/logo\/image\/\"}}]}<\/script>\n<!-- \/ Yoast SEO plugin. -->","yoast_head_json":{"title":"Tebonin intense 120 mg comprim\u00e9s pellicul\u00e9s &#187; Lion Pharmacy","description":"Lions Pharmacy | pharmacie en ligne allemande enregistr\u00e9e | traiter les troubles de la m\u00e9moire et de la concentration : Tebonin intense 120 mg comprim\u00e9s pellicul\u00e9s","robots":{"index":"noindex","follow":"follow","max-snippet":"max-snippet:-1","max-image-preview":"max-image-preview:large","max-video-preview":"max-video-preview:-1"},"og_locale":"fr_FR","og_type":"article","og_title":"Tebonin intense 120 mg comprim\u00e9s pellicul\u00e9s &#187; Lion Pharmacy","og_description":"Lions Pharmacy | pharmacie en ligne allemande enregistr\u00e9e | traiter les troubles de la m\u00e9moire et de la concentration : Tebonin intense 120 mg comprim\u00e9s pellicul\u00e9s","og_url":"https:\/\/loewentestneu.metafex.io\/fr\/produit\/tebonine-intense-120-mg-comprimes-pellicules-60-pc-07682356","og_site_name":"Lion Pharmacy","article_modified_time":"2025-01-24T17:09:28+00:00","og_image":[{"width":600,"height":600,"url":"https:\/\/loewentestneu.metafex.io\/wp-content\/uploads\/2023\/01\/tebonin-intens-120-mg-60-stueck-dr.-schwabe-lion-pharmacy-loewen-apotheke.jpg","type":"image\/jpeg"}],"twitter_card":"summary_large_image","twitter_misc":{"Dur\u00e9e de lecture estim\u00e9e":"1 minute"},"schema":{"@context":"https:\/\/schema.org","@graph":[{"@type":"WebPage","@id":"https:\/\/loewentestneu.metafex.io\/fr\/produit\/tebonine-intense-120-mg-comprimes-pellicules-60-pc-07682356","url":"https:\/\/loewentestneu.metafex.io\/fr\/produit\/tebonine-intense-120-mg-comprimes-pellicules-60-pc-07682356","name":"Tebonin intense 120 mg comprim\u00e9s pellicul\u00e9s &#187; Lion Pharmacy","isPartOf":{"@id":"https:\/\/loewentestneu.metafex.io\/fr#website"},"primaryImageOfPage":{"@id":"https:\/\/loewentestneu.metafex.io\/fr\/produit\/tebonine-intense-120-mg-comprimes-pellicules-60-pc-07682356#primaryimage"},"image":{"@id":"https:\/\/loewentestneu.metafex.io\/fr\/produit\/tebonine-intense-120-mg-comprimes-pellicules-60-pc-07682356#primaryimage"},"thumbnailUrl":"https:\/\/loewentestneu.metafex.io\/wp-content\/uploads\/2023\/01\/tebonin-intens-120-mg-60-stueck-dr.-schwabe-lion-pharmacy-loewen-apotheke.jpg","datePublished":"2023-01-13T15:31:48+00:00","dateModified":"2025-01-24T17:09:28+00:00","description":"Lions Pharmacy | pharmacie en ligne allemande enregistr\u00e9e | traiter les troubles de la m\u00e9moire et de la concentration : Tebonin intense 120 mg comprim\u00e9s pellicul\u00e9s","breadcrumb":{"@id":"https:\/\/loewentestneu.metafex.io\/fr\/produit\/tebonine-intense-120-mg-comprimes-pellicules-60-pc-07682356#breadcrumb"},"inLanguage":"fr-FR","potentialAction":[{"@type":"ReadAction","target":["https:\/\/loewentestneu.metafex.io\/fr\/produit\/tebonine-intense-120-mg-comprimes-pellicules-60-pc-07682356"]}]},{"@type":"ImageObject","inLanguage":"fr-FR","@id":"https:\/\/loewentestneu.metafex.io\/fr\/produit\/tebonine-intense-120-mg-comprimes-pellicules-60-pc-07682356#primaryimage","url":"https:\/\/loewentestneu.metafex.io\/wp-content\/uploads\/2023\/01\/tebonin-intens-120-mg-60-stueck-dr.-schwabe-lion-pharmacy-loewen-apotheke.jpg","contentUrl":"https:\/\/loewentestneu.metafex.io\/wp-content\/uploads\/2023\/01\/tebonin-intens-120-mg-60-stueck-dr.-schwabe-lion-pharmacy-loewen-apotheke.jpg","width":600,"height":600,"caption":"Tebonin INTENS 120-mg, un produit fabriqu\u00e9 par le Dr Schwabe. Lion Pharmacy Loewen-Apotheke. pour traiter les oublis et les vertiges de mauvaise concentration"},{"@type":"BreadcrumbList","@id":"https:\/\/loewentestneu.metafex.io\/fr\/produit\/tebonine-intense-120-mg-comprimes-pellicules-60-pc-07682356#breadcrumb","itemListElement":[{"@type":"ListItem","position":1,"name":"Home","item":"https:\/\/loewentestneu.metafex.io\/fr\/homepage-lion-pharmacy"},{"@type":"ListItem","position":2,"name":"Shop","item":"https:\/\/loewentestneu.metafex.io\/fr\/boutique"},{"@type":"ListItem","position":3,"name":"Tebonin intense 120 mg comprim\u00e9s pellicul\u00e9s"}]},{"@type":"WebSite","@id":"https:\/\/loewentestneu.metafex.io\/fr#website","url":"https:\/\/loewentestneu.metafex.io\/fr","name":"Lions Pharmacy","description":"Pharmacie sp\u00e9cialis\u00e9e en naturopathie de Baden-Baden, Allemagne","publisher":{"@id":"https:\/\/loewentestneu.metafex.io\/fr#organization"},"alternateName":"Lion Pharmacy","potentialAction":[{"@type":"SearchAction","target":{"@type":"EntryPoint","urlTemplate":"https:\/\/loewentestneu.metafex.io\/fr?s={search_term_string}"},"query-input":{"@type":"PropertyValueSpecification","valueRequired":true,"valueName":"search_term_string"}}],"inLanguage":"fr-FR"},{"@type":"Organization","@id":"https:\/\/loewentestneu.metafex.io\/fr#organization","name":"Lions Pharmacy","alternateName":"Lions Pharmacy24","url":"https:\/\/loewentestneu.metafex.io\/fr","logo":{"@type":"ImageObject","inLanguage":"fr-FR","@id":"https:\/\/loewentestneu.metafex.io\/fr#\/schema\/logo\/image\/","url":"https:\/\/loewentestneu.metafex.io\/wp-content\/uploads\/2022\/12\/Logo-Lion-Pharmacy-c-o-Loewen-Apotheke-smal.jpg","contentUrl":"https:\/\/loewentestneu.metafex.io\/wp-content\/uploads\/2022\/12\/Logo-Lion-Pharmacy-c-o-Loewen-Apotheke-smal.jpg","width":298,"height":99,"caption":"Lions Pharmacy"},"image":{"@id":"https:\/\/loewentestneu.metafex.io\/fr#\/schema\/logo\/image\/"}}]}},"_links":{"self":[{"href":"https:\/\/loewentestneu.metafex.io\/fr\/wp-json\/wp\/v2\/product\/1882","targetHints":{"allow":["GET"]}}],"collection":[{"href":"https:\/\/loewentestneu.metafex.io\/fr\/wp-json\/wp\/v2\/product"}],"about":[{"href":"https:\/\/loewentestneu.metafex.io\/fr\/wp-json\/wp\/v2\/types\/product"}],"replies":[{"embeddable":true,"href":"https:\/\/loewentestneu.metafex.io\/fr\/wp-json\/wp\/v2\/comments?post=1882"}],"wp:featuredmedia":[{"embeddable":true,"href":"https:\/\/loewentestneu.metafex.io\/fr\/wp-json\/wp\/v2\/media\/1533"}],"wp:attachment":[{"href":"https:\/\/loewentestneu.metafex.io\/fr\/wp-json\/wp\/v2\/media?parent=1882"}],"wp:term":[{"taxonomy":"product_brand","embeddable":true,"href":"https:\/\/loewentestneu.metafex.io\/fr\/wp-json\/wp\/v2\/product_brand?post=1882"},{"taxonomy":"product_cat","embeddable":true,"href":"https:\/\/loewentestneu.metafex.io\/fr\/wp-json\/wp\/v2\/product_cat?post=1882"},{"taxonomy":"product_tag","embeddable":true,"href":"https:\/\/loewentestneu.metafex.io\/fr\/wp-json\/wp\/v2\/product_tag?post=1882"}],"curies":[{"name":"wp","href":"https:\/\/api.w.org\/{rel}","templated":true}]}}