{"id":1897,"date":"2022-12-30T11:07:10","date_gmt":"2022-12-30T10:07:10","guid":{"rendered":"https:\/\/lions-pharmacy.com\/product\/euphrasia-collyre-30x05ml"},"modified":"2025-01-25T12:53:50","modified_gmt":"2025-01-25T11:53:50","slug":"euphrasie-gouttes-yeux-30x05ml_01448168","status":"publish","type":"product","link":"https:\/\/loewentestneu.metafex.io\/fr\/produit\/euphrasie-gouttes-yeux-30x05ml_01448168","title":{"rendered":"Euphrasia collyre 30\u00d70,5ml"},"content":{"rendered":"<h3>Euphrasie collyre<\/h3>\n<p>Les gouttes ophtalmiques d\u2019euphrasie apaisent les yeux rouges, irrit\u00e9s et larmoyants et soulagent la conjonctivite allergique.<\/p>\n<p>Substances actives anthroposophiques issues de plantes m\u00e9dicinales, dans toutes les phases de la vie et pour de nombreuses affections.<\/p>\n<p>M\u00e9dicaments anthroposophiques que vous pouvez obtenir dans les pharmacies sans ordonnance. Le choix d\u2019un m\u00e9dicament doit \u00eatre bas\u00e9 sur un diagnostic m\u00e9dicalement confirm\u00e9. Veuillez demander conseil \u00e0 votre m\u00e9decin ou \u00e0 votre pharmacien. Nous vous recommandons \u00e9galement de ne pas arr\u00eater de prendre les m\u00e9dicaments prescrits par un m\u00e9decin sans consulter votre m\u00e9decin.<\/p>\n<p>Notice \/ mode d\u2019emploi\/fiche technique de l\u2019article: &#8211; (Lecteur PDF)<\/p>\n<p>Autres produits pour l\u2019application: <a href=\"https:\/\/loewentestneu.metafex.io\/fr\/product-tag\/asthma-allergies\">Allergies<\/a> <\/p>\n<p>En savoir plus sur le fabricant et ce produit: <a href=\"https:\/\/www.walaarzneimittel.de\/de\/\" target=\"_blank\" rel=\"noopener\">WALA Arzneimittel <\/a> (lien vers site externe)<\/p>\n<p>Les informations contenues dans ce site web sont fournies \u00e0 titre informatif uniquement. Ils ne remplacent en aucun cas l&#8217;examen et le traitement par un m\u00e9decin. Veuillez noter que cela signifie qu&#8217;aucun diagnostic ne peut \u00eatre \u00e9tabli et qu&#8217;aucune th\u00e9rapie ne peut \u00eatre mise en place.<\/p>\n<p>Pour conna\u00eetre les risques et les effets secondaires, lisez la notice et demandez conseil \u00e0 votre m\u00e9decin ou \u00e0 votre pharmacien.<\/p>\n","protected":false},"excerpt":{"rendered":"<h2>Euphrasie collyre 30\u00d7 0,5ml<\/h2>\n<p>Les gouttes ophtalmiques d\u2019euphrasie apaisent les yeux rouges, irrit\u00e9s et larmoyants et soulagent la conjonctivite allergique.<\/p>\n<p>&nbsp;<\/p>\n<p>PZN: 01448168 (Pharmazentralnummer)<\/p>\n<p>Forme posologique : gouttes<\/p>\n<p>Type de prescription : sans ordonnance<\/p>\n<p>Marque:-<\/p>\n<p>Fabricant: WALA Arzneimittel GmbH, Allemagne<\/p>\n<p>Taille d\u2019emballage: 30x 0,5 ml<\/p>\n","protected":false},"featured_media":2394,"comment_status":"closed","ping_status":"closed","template":"","meta":[],"product_brand":[],"product_cat":[120,114,126],"product_tag":[228,309],"class_list":{"0":"post-1897","1":"product","2":"type-product","3":"status-publish","4":"has-post-thumbnail","6":"product_cat-sale-fr","7":"product_cat-non-classifiee","8":"product_cat-wala-arzneimittel-fr","9":"product_tag-asthme-et-allergies","10":"product_tag-vente-mensuelle","11":"ts_product_brand-all-fr","12":"ts_product_brand-wala","14":"first","15":"instock","16":"sale","17":"taxable","18":"shipping-taxable","19":"purchasable","20":"product-type-simple"},"yoast_head":"<!-- This site is optimized with the Yoast SEO plugin v26.5 - https:\/\/yoast.com\/wordpress\/plugins\/seo\/ -->\n<title>Euphrasia collyre 30\u00d70,5ml &#187; Lion Pharmacy<\/title>\n<meta name=\"description\" content=\"Lion Pharmacy | Pharmacie en ligne allemande enregistr\u00e9e | Exp\u00e9dition internationale rapide | Achats en ligne s\u00e9curis\u00e9s | Allergies &gt; Euphrasia collyre 30\u00d70,5ml\" \/>\n<meta name=\"robots\" content=\"noindex, follow, max-snippet:-1, max-image-preview:large, max-video-preview:-1\" \/>\n<meta property=\"og:locale\" content=\"fr_FR\" \/>\n<meta property=\"og:type\" content=\"article\" \/>\n<meta property=\"og:title\" content=\"Euphrasia collyre 30\u00d70,5ml &#187; Lion Pharmacy\" \/>\n<meta property=\"og:description\" content=\"Lion Pharmacy | Pharmacie en ligne allemande enregistr\u00e9e | Exp\u00e9dition internationale rapide | Achats en ligne s\u00e9curis\u00e9s | Allergies &gt; Euphrasia collyre 30\u00d70,5ml\" \/>\n<meta property=\"og:url\" content=\"https:\/\/loewentestneu.metafex.io\/fr\/produit\/euphrasie-gouttes-yeux-30x05ml_01448168\" \/>\n<meta property=\"og:site_name\" content=\"Lion Pharmacy\" \/>\n<meta property=\"article:modified_time\" content=\"2025-01-25T11:53:50+00:00\" \/>\n<meta property=\"og:image\" content=\"https:\/\/loewentestneu.metafex.io\/wp-content\/uploads\/2022\/12\/Euphrasia-eye-drops-wala-arzneimittel-Lion-Pharmacy-Loewen-Apotheke24.webp\" \/>\n\t<meta property=\"og:image:width\" content=\"600\" \/>\n\t<meta property=\"og:image:height\" content=\"600\" \/>\n\t<meta property=\"og:image:type\" content=\"image\/webp\" \/>\n<meta name=\"twitter:card\" content=\"summary_large_image\" \/>\n<meta name=\"twitter:label1\" content=\"Dur\u00e9e de lecture estim\u00e9e\" \/>\n\t<meta name=\"twitter:data1\" content=\"1 minute\" \/>\n<script type=\"application\/ld+json\" class=\"yoast-schema-graph\">{\"@context\":\"https:\/\/schema.org\",\"@graph\":[{\"@type\":\"WebPage\",\"@id\":\"https:\/\/loewentestneu.metafex.io\/fr\/produit\/euphrasie-gouttes-yeux-30x05ml_01448168\",\"url\":\"https:\/\/loewentestneu.metafex.io\/fr\/produit\/euphrasie-gouttes-yeux-30x05ml_01448168\",\"name\":\"Euphrasia collyre 30\u00d70,5ml &#187; Lion Pharmacy\",\"isPartOf\":{\"@id\":\"https:\/\/loewentestneu.metafex.io\/fr#website\"},\"primaryImageOfPage\":{\"@id\":\"https:\/\/loewentestneu.metafex.io\/fr\/produit\/euphrasie-gouttes-yeux-30x05ml_01448168#primaryimage\"},\"image\":{\"@id\":\"https:\/\/loewentestneu.metafex.io\/fr\/produit\/euphrasie-gouttes-yeux-30x05ml_01448168#primaryimage\"},\"thumbnailUrl\":\"https:\/\/loewentestneu.metafex.io\/wp-content\/uploads\/2022\/12\/Euphrasia-eye-drops-wala-arzneimittel-Lion-Pharmacy-Loewen-Apotheke24.webp\",\"datePublished\":\"2022-12-30T10:07:10+00:00\",\"dateModified\":\"2025-01-25T11:53:50+00:00\",\"description\":\"Lion Pharmacy | Pharmacie en ligne allemande enregistr\u00e9e | Exp\u00e9dition internationale rapide | Achats en ligne s\u00e9curis\u00e9s | Allergies > Euphrasia collyre 30\u00d70,5ml\",\"breadcrumb\":{\"@id\":\"https:\/\/loewentestneu.metafex.io\/fr\/produit\/euphrasie-gouttes-yeux-30x05ml_01448168#breadcrumb\"},\"inLanguage\":\"fr-FR\",\"potentialAction\":[{\"@type\":\"ReadAction\",\"target\":[\"https:\/\/loewentestneu.metafex.io\/fr\/produit\/euphrasie-gouttes-yeux-30x05ml_01448168\"]}]},{\"@type\":\"ImageObject\",\"inLanguage\":\"fr-FR\",\"@id\":\"https:\/\/loewentestneu.metafex.io\/fr\/produit\/euphrasie-gouttes-yeux-30x05ml_01448168#primaryimage\",\"url\":\"https:\/\/loewentestneu.metafex.io\/wp-content\/uploads\/2022\/12\/Euphrasia-eye-drops-wala-arzneimittel-Lion-Pharmacy-Loewen-Apotheke24.webp\",\"contentUrl\":\"https:\/\/loewentestneu.metafex.io\/wp-content\/uploads\/2022\/12\/Euphrasia-eye-drops-wala-arzneimittel-Lion-Pharmacy-Loewen-Apotheke24.webp\",\"width\":600,\"height\":600,\"caption\":\"Euphrasia eye drops wala arzneimittel Lion Pharmacy Loewen-Apotheke24\"},{\"@type\":\"BreadcrumbList\",\"@id\":\"https:\/\/loewentestneu.metafex.io\/fr\/produit\/euphrasie-gouttes-yeux-30x05ml_01448168#breadcrumb\",\"itemListElement\":[{\"@type\":\"ListItem\",\"position\":1,\"name\":\"Home\",\"item\":\"https:\/\/loewentestneu.metafex.io\/fr\/homepage-lion-pharmacy\"},{\"@type\":\"ListItem\",\"position\":2,\"name\":\"Shop\",\"item\":\"https:\/\/loewentestneu.metafex.io\/fr\/boutique\"},{\"@type\":\"ListItem\",\"position\":3,\"name\":\"Euphrasia collyre 30\u00d70,5ml\"}]},{\"@type\":\"WebSite\",\"@id\":\"https:\/\/loewentestneu.metafex.io\/fr#website\",\"url\":\"https:\/\/loewentestneu.metafex.io\/fr\",\"name\":\"Lions Pharmacy\",\"description\":\"Pharmacie sp\u00e9cialis\u00e9e en naturopathie de Baden-Baden, Allemagne\",\"publisher\":{\"@id\":\"https:\/\/loewentestneu.metafex.io\/fr#organization\"},\"alternateName\":\"Lion Pharmacy\",\"potentialAction\":[{\"@type\":\"SearchAction\",\"target\":{\"@type\":\"EntryPoint\",\"urlTemplate\":\"https:\/\/loewentestneu.metafex.io\/fr?s={search_term_string}\"},\"query-input\":{\"@type\":\"PropertyValueSpecification\",\"valueRequired\":true,\"valueName\":\"search_term_string\"}}],\"inLanguage\":\"fr-FR\"},{\"@type\":\"Organization\",\"@id\":\"https:\/\/loewentestneu.metafex.io\/fr#organization\",\"name\":\"Lions Pharmacy\",\"alternateName\":\"Lions Pharmacy24\",\"url\":\"https:\/\/loewentestneu.metafex.io\/fr\",\"logo\":{\"@type\":\"ImageObject\",\"inLanguage\":\"fr-FR\",\"@id\":\"https:\/\/loewentestneu.metafex.io\/fr#\/schema\/logo\/image\/\",\"url\":\"https:\/\/loewentestneu.metafex.io\/wp-content\/uploads\/2022\/12\/Logo-Lion-Pharmacy-c-o-Loewen-Apotheke-smal.jpg\",\"contentUrl\":\"https:\/\/loewentestneu.metafex.io\/wp-content\/uploads\/2022\/12\/Logo-Lion-Pharmacy-c-o-Loewen-Apotheke-smal.jpg\",\"width\":298,\"height\":99,\"caption\":\"Lions Pharmacy\"},\"image\":{\"@id\":\"https:\/\/loewentestneu.metafex.io\/fr#\/schema\/logo\/image\/\"}}]}<\/script>\n<!-- \/ Yoast SEO plugin. -->","yoast_head_json":{"title":"Euphrasia collyre 30\u00d70,5ml &#187; Lion Pharmacy","description":"Lion Pharmacy | Pharmacie en ligne allemande enregistr\u00e9e | Exp\u00e9dition internationale rapide | Achats en ligne s\u00e9curis\u00e9s | Allergies > Euphrasia collyre 30\u00d70,5ml","robots":{"index":"noindex","follow":"follow","max-snippet":"max-snippet:-1","max-image-preview":"max-image-preview:large","max-video-preview":"max-video-preview:-1"},"og_locale":"fr_FR","og_type":"article","og_title":"Euphrasia collyre 30\u00d70,5ml &#187; Lion Pharmacy","og_description":"Lion Pharmacy | Pharmacie en ligne allemande enregistr\u00e9e | Exp\u00e9dition internationale rapide | Achats en ligne s\u00e9curis\u00e9s | Allergies > Euphrasia collyre 30\u00d70,5ml","og_url":"https:\/\/loewentestneu.metafex.io\/fr\/produit\/euphrasie-gouttes-yeux-30x05ml_01448168","og_site_name":"Lion Pharmacy","article_modified_time":"2025-01-25T11:53:50+00:00","og_image":[{"width":600,"height":600,"url":"https:\/\/loewentestneu.metafex.io\/wp-content\/uploads\/2022\/12\/Euphrasia-eye-drops-wala-arzneimittel-Lion-Pharmacy-Loewen-Apotheke24.webp","type":"image\/webp"}],"twitter_card":"summary_large_image","twitter_misc":{"Dur\u00e9e de lecture estim\u00e9e":"1 minute"},"schema":{"@context":"https:\/\/schema.org","@graph":[{"@type":"WebPage","@id":"https:\/\/loewentestneu.metafex.io\/fr\/produit\/euphrasie-gouttes-yeux-30x05ml_01448168","url":"https:\/\/loewentestneu.metafex.io\/fr\/produit\/euphrasie-gouttes-yeux-30x05ml_01448168","name":"Euphrasia collyre 30\u00d70,5ml &#187; Lion Pharmacy","isPartOf":{"@id":"https:\/\/loewentestneu.metafex.io\/fr#website"},"primaryImageOfPage":{"@id":"https:\/\/loewentestneu.metafex.io\/fr\/produit\/euphrasie-gouttes-yeux-30x05ml_01448168#primaryimage"},"image":{"@id":"https:\/\/loewentestneu.metafex.io\/fr\/produit\/euphrasie-gouttes-yeux-30x05ml_01448168#primaryimage"},"thumbnailUrl":"https:\/\/loewentestneu.metafex.io\/wp-content\/uploads\/2022\/12\/Euphrasia-eye-drops-wala-arzneimittel-Lion-Pharmacy-Loewen-Apotheke24.webp","datePublished":"2022-12-30T10:07:10+00:00","dateModified":"2025-01-25T11:53:50+00:00","description":"Lion Pharmacy | Pharmacie en ligne allemande enregistr\u00e9e | Exp\u00e9dition internationale rapide | Achats en ligne s\u00e9curis\u00e9s | Allergies > Euphrasia collyre 30\u00d70,5ml","breadcrumb":{"@id":"https:\/\/loewentestneu.metafex.io\/fr\/produit\/euphrasie-gouttes-yeux-30x05ml_01448168#breadcrumb"},"inLanguage":"fr-FR","potentialAction":[{"@type":"ReadAction","target":["https:\/\/loewentestneu.metafex.io\/fr\/produit\/euphrasie-gouttes-yeux-30x05ml_01448168"]}]},{"@type":"ImageObject","inLanguage":"fr-FR","@id":"https:\/\/loewentestneu.metafex.io\/fr\/produit\/euphrasie-gouttes-yeux-30x05ml_01448168#primaryimage","url":"https:\/\/loewentestneu.metafex.io\/wp-content\/uploads\/2022\/12\/Euphrasia-eye-drops-wala-arzneimittel-Lion-Pharmacy-Loewen-Apotheke24.webp","contentUrl":"https:\/\/loewentestneu.metafex.io\/wp-content\/uploads\/2022\/12\/Euphrasia-eye-drops-wala-arzneimittel-Lion-Pharmacy-Loewen-Apotheke24.webp","width":600,"height":600,"caption":"Euphrasia eye drops wala arzneimittel Lion Pharmacy Loewen-Apotheke24"},{"@type":"BreadcrumbList","@id":"https:\/\/loewentestneu.metafex.io\/fr\/produit\/euphrasie-gouttes-yeux-30x05ml_01448168#breadcrumb","itemListElement":[{"@type":"ListItem","position":1,"name":"Home","item":"https:\/\/loewentestneu.metafex.io\/fr\/homepage-lion-pharmacy"},{"@type":"ListItem","position":2,"name":"Shop","item":"https:\/\/loewentestneu.metafex.io\/fr\/boutique"},{"@type":"ListItem","position":3,"name":"Euphrasia collyre 30\u00d70,5ml"}]},{"@type":"WebSite","@id":"https:\/\/loewentestneu.metafex.io\/fr#website","url":"https:\/\/loewentestneu.metafex.io\/fr","name":"Lions Pharmacy","description":"Pharmacie sp\u00e9cialis\u00e9e en naturopathie de Baden-Baden, Allemagne","publisher":{"@id":"https:\/\/loewentestneu.metafex.io\/fr#organization"},"alternateName":"Lion Pharmacy","potentialAction":[{"@type":"SearchAction","target":{"@type":"EntryPoint","urlTemplate":"https:\/\/loewentestneu.metafex.io\/fr?s={search_term_string}"},"query-input":{"@type":"PropertyValueSpecification","valueRequired":true,"valueName":"search_term_string"}}],"inLanguage":"fr-FR"},{"@type":"Organization","@id":"https:\/\/loewentestneu.metafex.io\/fr#organization","name":"Lions Pharmacy","alternateName":"Lions Pharmacy24","url":"https:\/\/loewentestneu.metafex.io\/fr","logo":{"@type":"ImageObject","inLanguage":"fr-FR","@id":"https:\/\/loewentestneu.metafex.io\/fr#\/schema\/logo\/image\/","url":"https:\/\/loewentestneu.metafex.io\/wp-content\/uploads\/2022\/12\/Logo-Lion-Pharmacy-c-o-Loewen-Apotheke-smal.jpg","contentUrl":"https:\/\/loewentestneu.metafex.io\/wp-content\/uploads\/2022\/12\/Logo-Lion-Pharmacy-c-o-Loewen-Apotheke-smal.jpg","width":298,"height":99,"caption":"Lions Pharmacy"},"image":{"@id":"https:\/\/loewentestneu.metafex.io\/fr#\/schema\/logo\/image\/"}}]}},"_links":{"self":[{"href":"https:\/\/loewentestneu.metafex.io\/fr\/wp-json\/wp\/v2\/product\/1897","targetHints":{"allow":["GET"]}}],"collection":[{"href":"https:\/\/loewentestneu.metafex.io\/fr\/wp-json\/wp\/v2\/product"}],"about":[{"href":"https:\/\/loewentestneu.metafex.io\/fr\/wp-json\/wp\/v2\/types\/product"}],"replies":[{"embeddable":true,"href":"https:\/\/loewentestneu.metafex.io\/fr\/wp-json\/wp\/v2\/comments?post=1897"}],"wp:featuredmedia":[{"embeddable":true,"href":"https:\/\/loewentestneu.metafex.io\/fr\/wp-json\/wp\/v2\/media\/2394"}],"wp:attachment":[{"href":"https:\/\/loewentestneu.metafex.io\/fr\/wp-json\/wp\/v2\/media?parent=1897"}],"wp:term":[{"taxonomy":"product_brand","embeddable":true,"href":"https:\/\/loewentestneu.metafex.io\/fr\/wp-json\/wp\/v2\/product_brand?post=1897"},{"taxonomy":"product_cat","embeddable":true,"href":"https:\/\/loewentestneu.metafex.io\/fr\/wp-json\/wp\/v2\/product_cat?post=1897"},{"taxonomy":"product_tag","embeddable":true,"href":"https:\/\/loewentestneu.metafex.io\/fr\/wp-json\/wp\/v2\/product_tag?post=1897"}],"curies":[{"name":"wp","href":"https:\/\/api.w.org\/{rel}","templated":true}]}}