{"id":1903,"date":"2023-01-15T19:43:33","date_gmt":"2023-01-15T18:43:33","guid":{"rendered":"https:\/\/lions-pharmacy.com\/product\/allegra-comprimes-dallergie-20mg-50-pc"},"modified":"2023-01-15T19:43:33","modified_gmt":"2023-01-15T18:43:33","slug":"allegra-allergie-comprimes-20mg-50-pcs","status":"publish","type":"product","link":"https:\/\/loewentestneu.metafex.io\/fr\/produit\/allegra-allergie-comprimes-20mg-50-pcs","title":{"rendered":"Allegra comprim\u00e9s d\u2019allergie 20mg 50 pc."},"content":{"rendered":"<h2>Allegra comprim\u00e9s contre les allergies 20mg<\/h2>\n<p>Allegra Allergy Tablets 20mg &#8211; pour soulager les sympt\u00f4mes qui surviennent avec le rhume des foins (soi-disant \u00ab&nbsp;rhinite allergique saisonni\u00e8re&nbsp;\u00bb). Utilisation chez les adultes et les adolescents \u00e0 partir de 12 ans. Ces sympt\u00f4mes comprennent des \u00e9ternuements, des d\u00e9mangeaisons, un \u00e9coulement nasal ou un bouchon nasal et des d\u00e9mangeaisons, des yeux rouges et larmoyants.<\/p>\n<p>L\u2019ingr\u00e9dient actif aide avec les allergies et calme les d\u00e9mangeaisons. Il supprime l\u2019effet de la propre substance du corps histamni en la d\u00e9pla\u00e7ant de ses sites de liaison. En tant qu\u2019hormone tissulaire et type de messager, l\u2019histamine joue un r\u00f4le important dans le d\u00e9veloppement de l\u2019inflammation et des r\u00e9actions allergiques. Le blocage de ses sites de liaison interrompt le cours de la r\u00e9action allergique.<\/p>\n<p>Domaines d\u2019application: Rhumes allergiques avec apparition simultan\u00e9e de conjonctivite, par exemple rhume des foins, allergie \u00e0 la poussi\u00e8re domestique. urticaire<\/p>\n<p>Allegra comprim\u00e9s contre les allergies 20mg &#8211; ingr\u00e9dients actifs: bilastine<\/p>\n<p>La bilastine (Bitosen\u00ae) est un autre antihistaminique non s\u00e9datif \u00e0 action prolong\u00e9e ayant une affinit\u00e9 antagoniste s\u00e9lective pour le r\u00e9cepteur H1 p\u00e9riph\u00e9rique indiqu\u00e9 pour le traitement symptomatique de la rhinoconjonctivite allergique (saisonni\u00e8re et p\u00e9renne) et de l\u2019urticaire.<\/p>\n<p>Notice d&#8217;information\/instructions d&#8217;utilisation\/fiche technique de l&#8217;article : <a href=\"https:\/\/loewentestneu.metafex.io\/wp-content\/uploads\/2023\/01\/Produktinformation_18113489.pdf\">EN | FR | ES | DE (lecteur PDF)<\/a><\/p>\n<p>Nom alternatif du produit: Allegra Allergietabletten 20mg (version allemande)<\/p>\n<p>Autres produits pour l\u2019application: <a href=\"https:\/\/loewentestneu.metafex.io\/produkt-schlagwort\/asthma-allergies\">Asthme &amp; allergies<\/a><\/p>\n<p>En savoir plus sur manufactorer et ce produit: <a href=\"https:\/\/www.apotheken-umschau.de\/medikamente\/beipackzettel\/allegra-allergietabletten-20-mg-tabletten-18113489.html\" target=\"_blank\" rel=\"noopener\">Allegra<\/a> Informations sur le produit (lien vers un site Web externe)<\/p>\n<p>Pour conna\u00eetre les risques et les effets secondaires, lisez la notice et demandez conseil \u00e0 votre m\u00e9decin ou \u00e0 votre pharmacien.<\/p>\n","protected":false},"excerpt":{"rendered":"<h2>Allegra comprim\u00e9s contre les allergies 20mg<\/h2>\n<p>Pour soulager les sympt\u00f4mes associ\u00e9s au rhume des foins (soi-disant \u00ab&nbsp;rhinite allergique saisonni\u00e8re&nbsp;\u00bb).<\/p>\n<p>&nbsp;<\/p>\n<p>PZN: 18113578 (Pharmazentralnummer)<\/p>\n<p>Forme posologique: comprim\u00e9s<\/p>\n<p>Type de prescription : sans ordonnance<\/p>\n<p>Marque: Allegra<\/p>\n<p>Fabricant: Sanofi-Aventis GmbH, A. Nattermann &amp; Cie GmbH, Francfort-sur-le-Main<\/p>\n<p>Taille d\u2019emballage: 50 pc.<\/p>\n<p><span style=\"color: #ff0000;\">Nouvelle version allemande disponible maintenant. Disponibilit\u00e9 limit\u00e9e.<\/span><\/p>\n","protected":false},"featured_media":4756,"comment_status":"closed","ping_status":"closed","template":"","meta":[],"product_brand":[],"product_cat":[120,114],"product_tag":[228,259,309],"class_list":{"0":"post-1903","1":"product","2":"type-product","3":"status-publish","4":"has-post-thumbnail","6":"product_cat-sale-fr","7":"product_cat-non-classifiee","8":"product_tag-asthme-et-allergies","9":"product_tag-rhume-des-foins","10":"product_tag-vente-mensuelle","11":"ts_product_brand-all-fr","13":"first","14":"instock","15":"taxable","16":"shipping-taxable","17":"purchasable","18":"product-type-simple"},"yoast_head":"<!-- This site is optimized with the Yoast SEO plugin v26.5 - https:\/\/yoast.com\/wordpress\/plugins\/seo\/ -->\n<title>Allegra comprim\u00e9s d\u2019allergie 20mg 50 pc. &#187; Lion Pharmacy<\/title>\n<meta name=\"description\" content=\"Lion Pharmacy | German online pharmacy | Fast international Shipping | Convenient and safe shopping online | Allegra comprim\u00e9s d\u2019allergie 20mg 50 pc..\" \/>\n<meta name=\"robots\" content=\"noindex, follow, max-snippet:-1, max-image-preview:large, max-video-preview:-1\" \/>\n<meta property=\"og:locale\" content=\"fr_FR\" \/>\n<meta property=\"og:type\" content=\"article\" \/>\n<meta property=\"og:title\" content=\"Allegra comprim\u00e9s d\u2019allergie 20mg 50 pc. &#187; Lion Pharmacy\" \/>\n<meta property=\"og:description\" content=\"Lion Pharmacy | German online pharmacy | Fast international Shipping | Convenient and safe shopping online | Allegra comprim\u00e9s d\u2019allergie 20mg 50 pc..\" \/>\n<meta property=\"og:url\" content=\"https:\/\/loewentestneu.metafex.io\/fr\/produit\/allegra-allergie-comprimes-20mg-50-pcs\" \/>\n<meta property=\"og:site_name\" content=\"Lion Pharmacy\" \/>\n<meta property=\"og:image\" content=\"https:\/\/loewentestneu.metafex.io\/wp-content\/uploads\/2023\/01\/allergra-allergy-tabs-6-pc-loewen_apotheke-flu-lions-pharmacy.jpg\" \/>\n\t<meta property=\"og:image:width\" content=\"600\" \/>\n\t<meta property=\"og:image:height\" content=\"600\" \/>\n\t<meta property=\"og:image:type\" content=\"image\/jpeg\" \/>\n<meta name=\"twitter:card\" content=\"summary_large_image\" \/>\n<meta name=\"twitter:label1\" content=\"Dur\u00e9e de lecture estim\u00e9e\" \/>\n\t<meta name=\"twitter:data1\" content=\"1 minute\" \/>\n<script type=\"application\/ld+json\" class=\"yoast-schema-graph\">{\"@context\":\"https:\/\/schema.org\",\"@graph\":[{\"@type\":\"WebPage\",\"@id\":\"https:\/\/loewentestneu.metafex.io\/fr\/produit\/allegra-allergie-comprimes-20mg-50-pcs\",\"url\":\"https:\/\/loewentestneu.metafex.io\/fr\/produit\/allegra-allergie-comprimes-20mg-50-pcs\",\"name\":\"Allegra comprim\u00e9s d\u2019allergie 20mg 50 pc. &#187; Lion Pharmacy\",\"isPartOf\":{\"@id\":\"https:\/\/loewentestneu.metafex.io\/fr#website\"},\"primaryImageOfPage\":{\"@id\":\"https:\/\/loewentestneu.metafex.io\/fr\/produit\/allegra-allergie-comprimes-20mg-50-pcs#primaryimage\"},\"image\":{\"@id\":\"https:\/\/loewentestneu.metafex.io\/fr\/produit\/allegra-allergie-comprimes-20mg-50-pcs#primaryimage\"},\"thumbnailUrl\":\"https:\/\/loewentestneu.metafex.io\/wp-content\/uploads\/2023\/01\/allergra-allergy-tabs-lions-pharmacy.webp\",\"datePublished\":\"2023-01-15T18:43:33+00:00\",\"description\":\"Lion Pharmacy | German online pharmacy | Fast international Shipping | Convenient and safe shopping online | Allegra comprim\u00e9s d\u2019allergie 20mg 50 pc..\",\"breadcrumb\":{\"@id\":\"https:\/\/loewentestneu.metafex.io\/fr\/produit\/allegra-allergie-comprimes-20mg-50-pcs#breadcrumb\"},\"inLanguage\":\"fr-FR\",\"potentialAction\":[{\"@type\":\"ReadAction\",\"target\":[\"https:\/\/loewentestneu.metafex.io\/fr\/produit\/allegra-allergie-comprimes-20mg-50-pcs\"]}]},{\"@type\":\"ImageObject\",\"inLanguage\":\"fr-FR\",\"@id\":\"https:\/\/loewentestneu.metafex.io\/fr\/produit\/allegra-allergie-comprimes-20mg-50-pcs#primaryimage\",\"url\":\"https:\/\/loewentestneu.metafex.io\/wp-content\/uploads\/2023\/01\/allergra-allergy-tabs-lions-pharmacy.webp\",\"contentUrl\":\"https:\/\/loewentestneu.metafex.io\/wp-content\/uploads\/2023\/01\/allergra-allergy-tabs-lions-pharmacy.webp\",\"width\":600,\"height\":600,\"caption\":\"allegra allergy tabs lions pharmacy\"},{\"@type\":\"BreadcrumbList\",\"@id\":\"https:\/\/loewentestneu.metafex.io\/fr\/produit\/allegra-allergie-comprimes-20mg-50-pcs#breadcrumb\",\"itemListElement\":[{\"@type\":\"ListItem\",\"position\":1,\"name\":\"Home\",\"item\":\"https:\/\/loewentestneu.metafex.io\/fr\/homepage-lion-pharmacy\"},{\"@type\":\"ListItem\",\"position\":2,\"name\":\"Shop\",\"item\":\"https:\/\/loewentestneu.metafex.io\/fr\/boutique\"},{\"@type\":\"ListItem\",\"position\":3,\"name\":\"Allegra comprim\u00e9s d\u2019allergie 20mg 50 pc.\"}]},{\"@type\":\"WebSite\",\"@id\":\"https:\/\/loewentestneu.metafex.io\/fr#website\",\"url\":\"https:\/\/loewentestneu.metafex.io\/fr\",\"name\":\"Lions Pharmacy\",\"description\":\"Pharmacie sp\u00e9cialis\u00e9e en naturopathie de Baden-Baden, Allemagne\",\"publisher\":{\"@id\":\"https:\/\/loewentestneu.metafex.io\/fr#organization\"},\"alternateName\":\"Lion Pharmacy\",\"potentialAction\":[{\"@type\":\"SearchAction\",\"target\":{\"@type\":\"EntryPoint\",\"urlTemplate\":\"https:\/\/loewentestneu.metafex.io\/fr?s={search_term_string}\"},\"query-input\":{\"@type\":\"PropertyValueSpecification\",\"valueRequired\":true,\"valueName\":\"search_term_string\"}}],\"inLanguage\":\"fr-FR\"},{\"@type\":\"Organization\",\"@id\":\"https:\/\/loewentestneu.metafex.io\/fr#organization\",\"name\":\"Lions Pharmacy\",\"alternateName\":\"Lions Pharmacy24\",\"url\":\"https:\/\/loewentestneu.metafex.io\/fr\",\"logo\":{\"@type\":\"ImageObject\",\"inLanguage\":\"fr-FR\",\"@id\":\"https:\/\/loewentestneu.metafex.io\/fr#\/schema\/logo\/image\/\",\"url\":\"https:\/\/loewentestneu.metafex.io\/wp-content\/uploads\/2022\/12\/Logo-Lion-Pharmacy-c-o-Loewen-Apotheke-smal.jpg\",\"contentUrl\":\"https:\/\/loewentestneu.metafex.io\/wp-content\/uploads\/2022\/12\/Logo-Lion-Pharmacy-c-o-Loewen-Apotheke-smal.jpg\",\"width\":298,\"height\":99,\"caption\":\"Lions Pharmacy\"},\"image\":{\"@id\":\"https:\/\/loewentestneu.metafex.io\/fr#\/schema\/logo\/image\/\"}}]}<\/script>\n<!-- \/ Yoast SEO plugin. -->","yoast_head_json":{"title":"Allegra comprim\u00e9s d\u2019allergie 20mg 50 pc. &#187; Lion Pharmacy","description":"Lion Pharmacy | German online pharmacy | Fast international Shipping | Convenient and safe shopping online | Allegra comprim\u00e9s d\u2019allergie 20mg 50 pc..","robots":{"index":"noindex","follow":"follow","max-snippet":"max-snippet:-1","max-image-preview":"max-image-preview:large","max-video-preview":"max-video-preview:-1"},"og_locale":"fr_FR","og_type":"article","og_title":"Allegra comprim\u00e9s d\u2019allergie 20mg 50 pc. &#187; Lion Pharmacy","og_description":"Lion Pharmacy | German online pharmacy | Fast international Shipping | Convenient and safe shopping online | Allegra comprim\u00e9s d\u2019allergie 20mg 50 pc..","og_url":"https:\/\/loewentestneu.metafex.io\/fr\/produit\/allegra-allergie-comprimes-20mg-50-pcs","og_site_name":"Lion Pharmacy","og_image":[{"width":600,"height":600,"url":"https:\/\/loewentestneu.metafex.io\/wp-content\/uploads\/2023\/01\/allergra-allergy-tabs-6-pc-loewen_apotheke-flu-lions-pharmacy.jpg","type":"image\/jpeg"}],"twitter_card":"summary_large_image","twitter_misc":{"Dur\u00e9e de lecture estim\u00e9e":"1 minute"},"schema":{"@context":"https:\/\/schema.org","@graph":[{"@type":"WebPage","@id":"https:\/\/loewentestneu.metafex.io\/fr\/produit\/allegra-allergie-comprimes-20mg-50-pcs","url":"https:\/\/loewentestneu.metafex.io\/fr\/produit\/allegra-allergie-comprimes-20mg-50-pcs","name":"Allegra comprim\u00e9s d\u2019allergie 20mg 50 pc. &#187; Lion Pharmacy","isPartOf":{"@id":"https:\/\/loewentestneu.metafex.io\/fr#website"},"primaryImageOfPage":{"@id":"https:\/\/loewentestneu.metafex.io\/fr\/produit\/allegra-allergie-comprimes-20mg-50-pcs#primaryimage"},"image":{"@id":"https:\/\/loewentestneu.metafex.io\/fr\/produit\/allegra-allergie-comprimes-20mg-50-pcs#primaryimage"},"thumbnailUrl":"https:\/\/loewentestneu.metafex.io\/wp-content\/uploads\/2023\/01\/allergra-allergy-tabs-lions-pharmacy.webp","datePublished":"2023-01-15T18:43:33+00:00","description":"Lion Pharmacy | German online pharmacy | Fast international Shipping | Convenient and safe shopping online | Allegra comprim\u00e9s d\u2019allergie 20mg 50 pc..","breadcrumb":{"@id":"https:\/\/loewentestneu.metafex.io\/fr\/produit\/allegra-allergie-comprimes-20mg-50-pcs#breadcrumb"},"inLanguage":"fr-FR","potentialAction":[{"@type":"ReadAction","target":["https:\/\/loewentestneu.metafex.io\/fr\/produit\/allegra-allergie-comprimes-20mg-50-pcs"]}]},{"@type":"ImageObject","inLanguage":"fr-FR","@id":"https:\/\/loewentestneu.metafex.io\/fr\/produit\/allegra-allergie-comprimes-20mg-50-pcs#primaryimage","url":"https:\/\/loewentestneu.metafex.io\/wp-content\/uploads\/2023\/01\/allergra-allergy-tabs-lions-pharmacy.webp","contentUrl":"https:\/\/loewentestneu.metafex.io\/wp-content\/uploads\/2023\/01\/allergra-allergy-tabs-lions-pharmacy.webp","width":600,"height":600,"caption":"allegra allergy tabs lions pharmacy"},{"@type":"BreadcrumbList","@id":"https:\/\/loewentestneu.metafex.io\/fr\/produit\/allegra-allergie-comprimes-20mg-50-pcs#breadcrumb","itemListElement":[{"@type":"ListItem","position":1,"name":"Home","item":"https:\/\/loewentestneu.metafex.io\/fr\/homepage-lion-pharmacy"},{"@type":"ListItem","position":2,"name":"Shop","item":"https:\/\/loewentestneu.metafex.io\/fr\/boutique"},{"@type":"ListItem","position":3,"name":"Allegra comprim\u00e9s d\u2019allergie 20mg 50 pc."}]},{"@type":"WebSite","@id":"https:\/\/loewentestneu.metafex.io\/fr#website","url":"https:\/\/loewentestneu.metafex.io\/fr","name":"Lions Pharmacy","description":"Pharmacie sp\u00e9cialis\u00e9e en naturopathie de Baden-Baden, Allemagne","publisher":{"@id":"https:\/\/loewentestneu.metafex.io\/fr#organization"},"alternateName":"Lion Pharmacy","potentialAction":[{"@type":"SearchAction","target":{"@type":"EntryPoint","urlTemplate":"https:\/\/loewentestneu.metafex.io\/fr?s={search_term_string}"},"query-input":{"@type":"PropertyValueSpecification","valueRequired":true,"valueName":"search_term_string"}}],"inLanguage":"fr-FR"},{"@type":"Organization","@id":"https:\/\/loewentestneu.metafex.io\/fr#organization","name":"Lions Pharmacy","alternateName":"Lions Pharmacy24","url":"https:\/\/loewentestneu.metafex.io\/fr","logo":{"@type":"ImageObject","inLanguage":"fr-FR","@id":"https:\/\/loewentestneu.metafex.io\/fr#\/schema\/logo\/image\/","url":"https:\/\/loewentestneu.metafex.io\/wp-content\/uploads\/2022\/12\/Logo-Lion-Pharmacy-c-o-Loewen-Apotheke-smal.jpg","contentUrl":"https:\/\/loewentestneu.metafex.io\/wp-content\/uploads\/2022\/12\/Logo-Lion-Pharmacy-c-o-Loewen-Apotheke-smal.jpg","width":298,"height":99,"caption":"Lions Pharmacy"},"image":{"@id":"https:\/\/loewentestneu.metafex.io\/fr#\/schema\/logo\/image\/"}}]}},"_links":{"self":[{"href":"https:\/\/loewentestneu.metafex.io\/fr\/wp-json\/wp\/v2\/product\/1903","targetHints":{"allow":["GET"]}}],"collection":[{"href":"https:\/\/loewentestneu.metafex.io\/fr\/wp-json\/wp\/v2\/product"}],"about":[{"href":"https:\/\/loewentestneu.metafex.io\/fr\/wp-json\/wp\/v2\/types\/product"}],"replies":[{"embeddable":true,"href":"https:\/\/loewentestneu.metafex.io\/fr\/wp-json\/wp\/v2\/comments?post=1903"}],"wp:featuredmedia":[{"embeddable":true,"href":"https:\/\/loewentestneu.metafex.io\/fr\/wp-json\/wp\/v2\/media\/4756"}],"wp:attachment":[{"href":"https:\/\/loewentestneu.metafex.io\/fr\/wp-json\/wp\/v2\/media?parent=1903"}],"wp:term":[{"taxonomy":"product_brand","embeddable":true,"href":"https:\/\/loewentestneu.metafex.io\/fr\/wp-json\/wp\/v2\/product_brand?post=1903"},{"taxonomy":"product_cat","embeddable":true,"href":"https:\/\/loewentestneu.metafex.io\/fr\/wp-json\/wp\/v2\/product_cat?post=1903"},{"taxonomy":"product_tag","embeddable":true,"href":"https:\/\/loewentestneu.metafex.io\/fr\/wp-json\/wp\/v2\/product_tag?post=1903"}],"curies":[{"name":"wp","href":"https:\/\/api.w.org\/{rel}","templated":true}]}}