{"id":1906,"date":"2022-12-30T20:00:27","date_gmt":"2022-12-30T19:00:27","guid":{"rendered":"https:\/\/lions-pharmacy.com\/product\/omni-biotic-pro-vi-5-30x-2g"},"modified":"2025-01-25T11:23:06","modified_gmt":"2025-01-25T10:23:06","slug":"omni-biotic-pro-vi-5-30x-2g-16907334","status":"publish","type":"product","link":"https:\/\/loewentestneu.metafex.io\/fr\/produit\/omni-biotic-pro-vi-5-30x-2g-16907334","title":{"rendered":"OMNI BiOTiC Pro-Vi 5 \u2013 30x 2g"},"content":{"rendered":"<h3>OMNI BiOTiC Pro-Vi 5 \u2013 30x 2g<\/h3>\n<p>Une application d\u2019OMNi-BiOTiC Pro-Vi 5 peut am\u00e9liorer les d\u00e9fenses de l\u2019organisme et peut soutenir les carences en vitamines et en nutriments.<\/p>\n<p>Notre syst\u00e8me immunitaire et l\u2019intestin en tant que si\u00e8ge sont confront\u00e9s quotidiennement \u00e0 des d\u00e9fis de germes pathog\u00e8nes tels que les virus et autres agents pathog\u00e8nes, une nutrition d\u00e9favorable et les carences en vitamines et nutriments qui en r\u00e9sultent. Cela peut avoir un effet n\u00e9gatif \u00e0 la fois sur la colonisation bact\u00e9rienne dans l\u2019intestin et sur notre syst\u00e8me immunitaire.<\/p>\n<p>Notice \/ mode d\u2019emploi\/fiche technique de l\u2019article: &#8211; (Lecteur PDF)<\/p>\n<p>Autres produits pour l\u2019application: Perte de cheveux &#8211; <a href=\"https:\/\/loewentestneu.metafex.io\/product-tag\/coronavirus\">Coronavirus<\/a> | <a href=\"https:\/\/loewentestneu.metafex.io\/product-tag\/vitamins-supplements\">Produits de vitamines et suppl\u00e9ments<\/a><\/p>\n<p>En savoir plus sur manufactorer et ce produit: <a href=\"https:\/\/www.allergosan.com\/de\/unsere-produkte\/omni-biotic\/\" target=\"_blank\" rel=\"noopener\">Omni-Biotic<\/a> (lien vers un site Web externe)<\/p>\n<p>Les informations contenues dans ce site web sont fournies \u00e0 titre informatif uniquement. Ils ne remplacent en aucun cas l&#8217;examen et le traitement par un m\u00e9decin. Veuillez noter que cela signifie qu&#8217;aucun diagnostic ne peut \u00eatre \u00e9tabli et qu&#8217;aucune th\u00e9rapie ne peut \u00eatre mise en place.<\/p>\n<p>Pour conna\u00eetre les risques et les effets secondaires, lisez la notice et demandez conseil \u00e0 votre m\u00e9decin ou \u00e0 votre pharmacien.<\/p>\n","protected":false},"excerpt":{"rendered":"<h2>OMNI BiOTiC Pro-Vi 5 \u2013 30x 2g<\/h2>\n<p>Compl\u00e9ment alimentaire avec des symbiotes intestinaux tr\u00e8s actifs et de la vitamine D pour soutenir les d\u00e9fenses de l\u2019organisme.<\/p>\n<p>&nbsp;<\/p>\n<p><strong>PZN<\/strong>: 16907334 (num\u00e9ro central de la pharmacie)<\/p>\n<p><strong>Forme gal\u00e9nique<\/strong> : poudre<\/p>\n<p><strong>Type d\u2019ordonnance<\/strong> : sans ordonnance<\/p>\n<p><strong>Marque<\/strong>&nbsp;: OMNI BiOTiC<\/p>\n<p><strong>Fabricant<\/strong>&nbsp;: INSTITUT ALLERGOSAN Deutschland GmbH<\/p>\n<p><strong>Taille de l\u2019emballage<\/strong> : 30 sachets de 2 g chacun<\/p>\n","protected":false},"featured_media":4763,"comment_status":"closed","ping_status":"closed","template":"","meta":[],"product_brand":[],"product_cat":[611,120,114],"product_tag":[297,253,265,267,309,264],"class_list":{"0":"post-1906","1":"product","2":"type-product","3":"status-publish","4":"has-post-thumbnail","6":"product_cat-omni-biotique","7":"product_cat-sale-fr","8":"product_cat-non-classifiee","9":"product_tag-concentration-stress-fr","10":"product_tag-coronavirus-fr","11":"product_tag-gestion-du-poids","12":"product_tag-poids-et-forme","13":"product_tag-vente-mensuelle","14":"product_tag-vitamines-et-supplements","15":"ts_product_brand-all-fr","16":"ts_product_brand-allergosan","18":"first","19":"instock","20":"sale","21":"taxable","22":"shipping-taxable","23":"purchasable","24":"product-type-simple"},"yoast_head":"<!-- This site is optimized with the Yoast SEO plugin v26.5 - https:\/\/yoast.com\/wordpress\/plugins\/seo\/ -->\n<title>OMNI BiOTiC Pro-Vi 5 \u2013 30x 2g &#187; Lion Pharmacy<\/title>\n<meta name=\"description\" content=\"Lion Pharmacy | Pharmacie en ligne enregistr\u00e9e | Exp\u00e9dition internationale rapide | Achats en ligne s\u00e9curis\u00e9s | Soutien du syst\u00e8me immunitaire &gt; OMNI BiOTiC Pro-Vi 5 \u2013 30x 2g\" \/>\n<meta name=\"robots\" content=\"noindex, follow, max-snippet:-1, max-image-preview:large, max-video-preview:-1\" \/>\n<meta property=\"og:locale\" content=\"fr_FR\" \/>\n<meta property=\"og:type\" content=\"article\" \/>\n<meta property=\"og:title\" content=\"OMNI BiOTiC Pro-Vi 5 \u2013 30x 2g &#187; Lion Pharmacy\" \/>\n<meta property=\"og:description\" content=\"Lion Pharmacy | Pharmacie en ligne enregistr\u00e9e | Exp\u00e9dition internationale rapide | Achats en ligne s\u00e9curis\u00e9s | Soutien du syst\u00e8me immunitaire &gt; OMNI BiOTiC Pro-Vi 5 \u2013 30x 2g\" \/>\n<meta property=\"og:url\" content=\"https:\/\/loewentestneu.metafex.io\/fr\/produit\/omni-biotic-pro-vi-5-30x-2g-16907334\" \/>\n<meta property=\"og:site_name\" content=\"Lion Pharmacy\" \/>\n<meta property=\"article:modified_time\" content=\"2025-01-25T10:23:06+00:00\" \/>\n<meta property=\"og:image\" content=\"https:\/\/loewentestneu.metafex.io\/wp-content\/uploads\/2022\/12\/OMNI-BiOTiC-Pro-Vi-5-Lion-Pharmacy-OMNIBIOTIC-ProVi5.webp\" \/>\n\t<meta property=\"og:image:width\" content=\"600\" \/>\n\t<meta property=\"og:image:height\" content=\"600\" \/>\n\t<meta property=\"og:image:type\" content=\"image\/webp\" \/>\n<meta name=\"twitter:card\" content=\"summary_large_image\" \/>\n<meta name=\"twitter:label1\" content=\"Dur\u00e9e de lecture estim\u00e9e\" \/>\n\t<meta name=\"twitter:data1\" content=\"1 minute\" \/>\n<script type=\"application\/ld+json\" class=\"yoast-schema-graph\">{\"@context\":\"https:\/\/schema.org\",\"@graph\":[{\"@type\":\"WebPage\",\"@id\":\"https:\/\/loewentestneu.metafex.io\/fr\/produit\/omni-biotic-pro-vi-5-30x-2g-16907334\",\"url\":\"https:\/\/loewentestneu.metafex.io\/fr\/produit\/omni-biotic-pro-vi-5-30x-2g-16907334\",\"name\":\"OMNI BiOTiC Pro-Vi 5 \u2013 30x 2g &#187; Lion Pharmacy\",\"isPartOf\":{\"@id\":\"https:\/\/loewentestneu.metafex.io\/fr#website\"},\"primaryImageOfPage\":{\"@id\":\"https:\/\/loewentestneu.metafex.io\/fr\/produit\/omni-biotic-pro-vi-5-30x-2g-16907334#primaryimage\"},\"image\":{\"@id\":\"https:\/\/loewentestneu.metafex.io\/fr\/produit\/omni-biotic-pro-vi-5-30x-2g-16907334#primaryimage\"},\"thumbnailUrl\":\"https:\/\/loewentestneu.metafex.io\/wp-content\/uploads\/2022\/12\/OMNI-BiOTiC-Pro-Vi-5-Lion-Pharmacy-OMNIBIOTIC-ProVi5.webp\",\"datePublished\":\"2022-12-30T19:00:27+00:00\",\"dateModified\":\"2025-01-25T10:23:06+00:00\",\"description\":\"Lion Pharmacy | Pharmacie en ligne enregistr\u00e9e | Exp\u00e9dition internationale rapide | Achats en ligne s\u00e9curis\u00e9s | Soutien du syst\u00e8me immunitaire > OMNI BiOTiC Pro-Vi 5 \u2013 30x 2g\",\"breadcrumb\":{\"@id\":\"https:\/\/loewentestneu.metafex.io\/fr\/produit\/omni-biotic-pro-vi-5-30x-2g-16907334#breadcrumb\"},\"inLanguage\":\"fr-FR\",\"potentialAction\":[{\"@type\":\"ReadAction\",\"target\":[\"https:\/\/loewentestneu.metafex.io\/fr\/produit\/omni-biotic-pro-vi-5-30x-2g-16907334\"]}]},{\"@type\":\"ImageObject\",\"inLanguage\":\"fr-FR\",\"@id\":\"https:\/\/loewentestneu.metafex.io\/fr\/produit\/omni-biotic-pro-vi-5-30x-2g-16907334#primaryimage\",\"url\":\"https:\/\/loewentestneu.metafex.io\/wp-content\/uploads\/2022\/12\/OMNI-BiOTiC-Pro-Vi-5-Lion-Pharmacy-OMNIBIOTIC-ProVi5.webp\",\"contentUrl\":\"https:\/\/loewentestneu.metafex.io\/wp-content\/uploads\/2022\/12\/OMNI-BiOTiC-Pro-Vi-5-Lion-Pharmacy-OMNIBIOTIC-ProVi5.webp\",\"width\":600,\"height\":600,\"caption\":\"OMNI-BiOTiC Pro Vi-5 Lion-Pharmacy OMNIBIOTIC ProVi5\"},{\"@type\":\"BreadcrumbList\",\"@id\":\"https:\/\/loewentestneu.metafex.io\/fr\/produit\/omni-biotic-pro-vi-5-30x-2g-16907334#breadcrumb\",\"itemListElement\":[{\"@type\":\"ListItem\",\"position\":1,\"name\":\"Home\",\"item\":\"https:\/\/loewentestneu.metafex.io\/fr\/homepage-lion-pharmacy\"},{\"@type\":\"ListItem\",\"position\":2,\"name\":\"Shop\",\"item\":\"https:\/\/loewentestneu.metafex.io\/fr\/boutique\"},{\"@type\":\"ListItem\",\"position\":3,\"name\":\"OMNI BiOTiC Pro-Vi 5 \u2013 30x 2g\"}]},{\"@type\":\"WebSite\",\"@id\":\"https:\/\/loewentestneu.metafex.io\/fr#website\",\"url\":\"https:\/\/loewentestneu.metafex.io\/fr\",\"name\":\"Lions Pharmacy\",\"description\":\"Pharmacie sp\u00e9cialis\u00e9e en naturopathie de Baden-Baden, Allemagne\",\"publisher\":{\"@id\":\"https:\/\/loewentestneu.metafex.io\/fr#organization\"},\"alternateName\":\"Lion Pharmacy\",\"potentialAction\":[{\"@type\":\"SearchAction\",\"target\":{\"@type\":\"EntryPoint\",\"urlTemplate\":\"https:\/\/loewentestneu.metafex.io\/fr?s={search_term_string}\"},\"query-input\":{\"@type\":\"PropertyValueSpecification\",\"valueRequired\":true,\"valueName\":\"search_term_string\"}}],\"inLanguage\":\"fr-FR\"},{\"@type\":\"Organization\",\"@id\":\"https:\/\/loewentestneu.metafex.io\/fr#organization\",\"name\":\"Lions Pharmacy\",\"alternateName\":\"Lions Pharmacy24\",\"url\":\"https:\/\/loewentestneu.metafex.io\/fr\",\"logo\":{\"@type\":\"ImageObject\",\"inLanguage\":\"fr-FR\",\"@id\":\"https:\/\/loewentestneu.metafex.io\/fr#\/schema\/logo\/image\/\",\"url\":\"https:\/\/loewentestneu.metafex.io\/wp-content\/uploads\/2022\/12\/Logo-Lion-Pharmacy-c-o-Loewen-Apotheke-smal.jpg\",\"contentUrl\":\"https:\/\/loewentestneu.metafex.io\/wp-content\/uploads\/2022\/12\/Logo-Lion-Pharmacy-c-o-Loewen-Apotheke-smal.jpg\",\"width\":298,\"height\":99,\"caption\":\"Lions Pharmacy\"},\"image\":{\"@id\":\"https:\/\/loewentestneu.metafex.io\/fr#\/schema\/logo\/image\/\"}}]}<\/script>\n<!-- \/ Yoast SEO plugin. -->","yoast_head_json":{"title":"OMNI BiOTiC Pro-Vi 5 \u2013 30x 2g &#187; Lion Pharmacy","description":"Lion Pharmacy | Pharmacie en ligne enregistr\u00e9e | Exp\u00e9dition internationale rapide | Achats en ligne s\u00e9curis\u00e9s | Soutien du syst\u00e8me immunitaire > OMNI BiOTiC Pro-Vi 5 \u2013 30x 2g","robots":{"index":"noindex","follow":"follow","max-snippet":"max-snippet:-1","max-image-preview":"max-image-preview:large","max-video-preview":"max-video-preview:-1"},"og_locale":"fr_FR","og_type":"article","og_title":"OMNI BiOTiC Pro-Vi 5 \u2013 30x 2g &#187; Lion Pharmacy","og_description":"Lion Pharmacy | Pharmacie en ligne enregistr\u00e9e | Exp\u00e9dition internationale rapide | Achats en ligne s\u00e9curis\u00e9s | Soutien du syst\u00e8me immunitaire > OMNI BiOTiC Pro-Vi 5 \u2013 30x 2g","og_url":"https:\/\/loewentestneu.metafex.io\/fr\/produit\/omni-biotic-pro-vi-5-30x-2g-16907334","og_site_name":"Lion Pharmacy","article_modified_time":"2025-01-25T10:23:06+00:00","og_image":[{"width":600,"height":600,"url":"https:\/\/loewentestneu.metafex.io\/wp-content\/uploads\/2022\/12\/OMNI-BiOTiC-Pro-Vi-5-Lion-Pharmacy-OMNIBIOTIC-ProVi5.webp","type":"image\/webp"}],"twitter_card":"summary_large_image","twitter_misc":{"Dur\u00e9e de lecture estim\u00e9e":"1 minute"},"schema":{"@context":"https:\/\/schema.org","@graph":[{"@type":"WebPage","@id":"https:\/\/loewentestneu.metafex.io\/fr\/produit\/omni-biotic-pro-vi-5-30x-2g-16907334","url":"https:\/\/loewentestneu.metafex.io\/fr\/produit\/omni-biotic-pro-vi-5-30x-2g-16907334","name":"OMNI BiOTiC Pro-Vi 5 \u2013 30x 2g &#187; Lion Pharmacy","isPartOf":{"@id":"https:\/\/loewentestneu.metafex.io\/fr#website"},"primaryImageOfPage":{"@id":"https:\/\/loewentestneu.metafex.io\/fr\/produit\/omni-biotic-pro-vi-5-30x-2g-16907334#primaryimage"},"image":{"@id":"https:\/\/loewentestneu.metafex.io\/fr\/produit\/omni-biotic-pro-vi-5-30x-2g-16907334#primaryimage"},"thumbnailUrl":"https:\/\/loewentestneu.metafex.io\/wp-content\/uploads\/2022\/12\/OMNI-BiOTiC-Pro-Vi-5-Lion-Pharmacy-OMNIBIOTIC-ProVi5.webp","datePublished":"2022-12-30T19:00:27+00:00","dateModified":"2025-01-25T10:23:06+00:00","description":"Lion Pharmacy | Pharmacie en ligne enregistr\u00e9e | Exp\u00e9dition internationale rapide | Achats en ligne s\u00e9curis\u00e9s | Soutien du syst\u00e8me immunitaire > OMNI BiOTiC Pro-Vi 5 \u2013 30x 2g","breadcrumb":{"@id":"https:\/\/loewentestneu.metafex.io\/fr\/produit\/omni-biotic-pro-vi-5-30x-2g-16907334#breadcrumb"},"inLanguage":"fr-FR","potentialAction":[{"@type":"ReadAction","target":["https:\/\/loewentestneu.metafex.io\/fr\/produit\/omni-biotic-pro-vi-5-30x-2g-16907334"]}]},{"@type":"ImageObject","inLanguage":"fr-FR","@id":"https:\/\/loewentestneu.metafex.io\/fr\/produit\/omni-biotic-pro-vi-5-30x-2g-16907334#primaryimage","url":"https:\/\/loewentestneu.metafex.io\/wp-content\/uploads\/2022\/12\/OMNI-BiOTiC-Pro-Vi-5-Lion-Pharmacy-OMNIBIOTIC-ProVi5.webp","contentUrl":"https:\/\/loewentestneu.metafex.io\/wp-content\/uploads\/2022\/12\/OMNI-BiOTiC-Pro-Vi-5-Lion-Pharmacy-OMNIBIOTIC-ProVi5.webp","width":600,"height":600,"caption":"OMNI-BiOTiC Pro Vi-5 Lion-Pharmacy OMNIBIOTIC ProVi5"},{"@type":"BreadcrumbList","@id":"https:\/\/loewentestneu.metafex.io\/fr\/produit\/omni-biotic-pro-vi-5-30x-2g-16907334#breadcrumb","itemListElement":[{"@type":"ListItem","position":1,"name":"Home","item":"https:\/\/loewentestneu.metafex.io\/fr\/homepage-lion-pharmacy"},{"@type":"ListItem","position":2,"name":"Shop","item":"https:\/\/loewentestneu.metafex.io\/fr\/boutique"},{"@type":"ListItem","position":3,"name":"OMNI BiOTiC Pro-Vi 5 \u2013 30x 2g"}]},{"@type":"WebSite","@id":"https:\/\/loewentestneu.metafex.io\/fr#website","url":"https:\/\/loewentestneu.metafex.io\/fr","name":"Lions Pharmacy","description":"Pharmacie sp\u00e9cialis\u00e9e en naturopathie de Baden-Baden, Allemagne","publisher":{"@id":"https:\/\/loewentestneu.metafex.io\/fr#organization"},"alternateName":"Lion Pharmacy","potentialAction":[{"@type":"SearchAction","target":{"@type":"EntryPoint","urlTemplate":"https:\/\/loewentestneu.metafex.io\/fr?s={search_term_string}"},"query-input":{"@type":"PropertyValueSpecification","valueRequired":true,"valueName":"search_term_string"}}],"inLanguage":"fr-FR"},{"@type":"Organization","@id":"https:\/\/loewentestneu.metafex.io\/fr#organization","name":"Lions Pharmacy","alternateName":"Lions Pharmacy24","url":"https:\/\/loewentestneu.metafex.io\/fr","logo":{"@type":"ImageObject","inLanguage":"fr-FR","@id":"https:\/\/loewentestneu.metafex.io\/fr#\/schema\/logo\/image\/","url":"https:\/\/loewentestneu.metafex.io\/wp-content\/uploads\/2022\/12\/Logo-Lion-Pharmacy-c-o-Loewen-Apotheke-smal.jpg","contentUrl":"https:\/\/loewentestneu.metafex.io\/wp-content\/uploads\/2022\/12\/Logo-Lion-Pharmacy-c-o-Loewen-Apotheke-smal.jpg","width":298,"height":99,"caption":"Lions Pharmacy"},"image":{"@id":"https:\/\/loewentestneu.metafex.io\/fr#\/schema\/logo\/image\/"}}]}},"_links":{"self":[{"href":"https:\/\/loewentestneu.metafex.io\/fr\/wp-json\/wp\/v2\/product\/1906","targetHints":{"allow":["GET"]}}],"collection":[{"href":"https:\/\/loewentestneu.metafex.io\/fr\/wp-json\/wp\/v2\/product"}],"about":[{"href":"https:\/\/loewentestneu.metafex.io\/fr\/wp-json\/wp\/v2\/types\/product"}],"replies":[{"embeddable":true,"href":"https:\/\/loewentestneu.metafex.io\/fr\/wp-json\/wp\/v2\/comments?post=1906"}],"wp:featuredmedia":[{"embeddable":true,"href":"https:\/\/loewentestneu.metafex.io\/fr\/wp-json\/wp\/v2\/media\/4763"}],"wp:attachment":[{"href":"https:\/\/loewentestneu.metafex.io\/fr\/wp-json\/wp\/v2\/media?parent=1906"}],"wp:term":[{"taxonomy":"product_brand","embeddable":true,"href":"https:\/\/loewentestneu.metafex.io\/fr\/wp-json\/wp\/v2\/product_brand?post=1906"},{"taxonomy":"product_cat","embeddable":true,"href":"https:\/\/loewentestneu.metafex.io\/fr\/wp-json\/wp\/v2\/product_cat?post=1906"},{"taxonomy":"product_tag","embeddable":true,"href":"https:\/\/loewentestneu.metafex.io\/fr\/wp-json\/wp\/v2\/product_tag?post=1906"}],"curies":[{"name":"wp","href":"https:\/\/api.w.org\/{rel}","templated":true}]}}