{"id":19466,"date":"2026-01-17T07:03:41","date_gmt":"2026-01-17T06:03:41","guid":{"rendered":"https:\/\/lions-pharmacy.com\/?post_type=product&#038;p=19466"},"modified":"2026-01-26T23:11:52","modified_gmt":"2026-01-26T22:11:52","slug":"kytta-pain-ointment-150g","status":"publish","type":"product","link":"https:\/\/loewentestneu.metafex.io\/fr\/produit\/kytta-pain-ointment-150g","title":{"rendered":"Kytta Pommade anti-douleur (150g)"},"content":{"rendered":"<h3>Kytta Pommade anti-douleur<\/h3>\n<p>Kytta Pommade analg\u00e9sique &#8211; le pouvoir de la nature contre la douleur : Kytta soulage rapidement la douleur, r\u00e9duit l&#8217;inflammation et le gonflement et acc\u00e9l\u00e8re le processus de gu\u00e9rison.<\/p>\n<p>Ingr\u00e9dients et principes actifs : 350 mg d&#8217;extrait fluide de racine de consoude.<\/p>\n<p>Kytta est une pommade topique contenant un principe actif d&#8217;origine v\u00e9g\u00e9tale pour un soulagement puissant et rapide de la douleur. L&#8217;extrait unique de racine de consoude de Kytta soulage les douleurs musculaires, du genou et du dos. Des \u00e9tudes scientifiques confirment l&#8217;effet puissant et rapide de l&#8217;extrait de racine de consoude.<\/p>\n<p>Les informations contenues dans ce site web sont fournies \u00e0 titre informatif uniquement. Ils ne remplacent en aucun cas l&#8217;examen et le traitement par un m\u00e9decin. Veuillez noter que cela signifie qu&#8217;aucun diagnostic ne peut \u00eatre \u00e9tabli et qu&#8217;aucune th\u00e9rapie ne peut \u00eatre mise en place. Note sur l&#8217;utilisation et l&#8217;emploi : Les informations fournies sur ce site web le sont \u00e0 titre d&#8217;information g\u00e9n\u00e9rale uniquement et ne remplacent pas les conseils, le diagnostic ou le traitement d&#8217;un m\u00e9decin. Les compl\u00e9ments alimentaires ne remplacent pas une alimentation \u00e9quilibr\u00e9e et vari\u00e9e et un mode de vie sain.<\/p>\n<p>Pour conna\u00eetre les risques et les effets secondaires, lisez la notice et demandez conseil \u00e0 votre m\u00e9decin ou \u00e0 votre pharmacien.<\/p>\n<p>D&#8217;autres clients ont \u00e9galement \u00e9t\u00e9 int\u00e9ress\u00e9s par des produits li\u00e9s : <a href=\"https:\/\/loewentestneu.metafex.io\/fr\/etiquette-produit\/vitamines-et-supplements\">Compl\u00e9ments alimentaires<\/a> | <a href=\"https:\/\/loewentestneu.metafex.io\/fr\/etiquette-produit\/poids-et-forme\" rel=\"tag\">Poids et forme<\/a><\/p>\n<h3 style=\"text-align: left;\">Ordonnance | e-prescription disponible ?<\/h3>\n<p>Soumettez votre e-prescription d\u00e8s maintenant. Utilisez notre application <a href=\"https:\/\/e-rezept-app.de\/shop-rezept\" target=\"_blank\" rel=\"noopener\">d\u2019ordonnance \u00e9lectronique<\/a> . Et nous vous donnons les frais de port gratuits en Allemagne !<\/p>\n","protected":false},"excerpt":{"rendered":"<h2>Kytta Pommade anti-douleur<\/h2>\n<div class=\"rating__wrap\">\n<p>pour les douleurs musculaires, du genou et du dos.<\/p>\n<p>&nbsp;<\/p>\n<p><strong>PZN : <\/strong>10832865 (num\u00e9ro central pharmaceutique)<\/p>\n<p><strong>Forme pharmaceutique<\/strong>: cr\u00e8me<\/p>\n<p><strong>Type de r\u00e9glementation :<\/strong> Sans ordonnance<\/p>\n<p><strong>Marque<\/strong>: Kytta<\/p>\n<p><strong>Fabricant<\/strong>: WICK Pharma, 65824 Schwalbach am Taunus, Allemagne<\/p>\n<\/div>\n","protected":false},"featured_media":19473,"comment_status":"closed","ping_status":"closed","template":"","meta":[],"product_brand":[],"product_cat":[120,114],"product_tag":[266,265,466,267,309,264],"class_list":{"0":"post-19466","1":"product","2":"type-product","3":"status-publish","4":"has-post-thumbnail","6":"product_cat-sale-fr","7":"product_cat-non-classifiee","8":"product_tag-bien-etre","9":"product_tag-gestion-du-poids","10":"product_tag-ingredient-actif-a-base-de-plantes","11":"product_tag-poids-et-forme","12":"product_tag-vente-mensuelle","13":"product_tag-vitamines-et-supplements","14":"ts_product_brand-all-fr","16":"first","17":"instock","18":"sale","19":"featured","20":"taxable","21":"shipping-taxable","22":"purchasable","23":"product-type-simple"},"yoast_head":"<!-- This site is optimized with the Yoast SEO plugin v26.5 - https:\/\/yoast.com\/wordpress\/plugins\/seo\/ -->\n<title>Kytta Pommade anti-douleur (150g) &#187; Commandez ici.<\/title>\n<meta name=\"description\" content=\"Kytta Pommade anti-douleur (150g). Fabricant : Wick. Livr\u00e9 depuis votre pharmacie en ligne allemande. Exp\u00e9dition internationale rapide. Service au top.\" \/>\n<meta name=\"robots\" content=\"noindex, follow, max-snippet:-1, max-image-preview:large, max-video-preview:-1\" \/>\n<meta property=\"og:locale\" content=\"fr_FR\" \/>\n<meta property=\"og:type\" content=\"article\" \/>\n<meta property=\"og:title\" content=\"Kytta Pommade anti-douleur (150g) &#187; Commandez ici.\" \/>\n<meta property=\"og:description\" content=\"Kytta Pommade anti-douleur (150g). Fabricant : Wick. Livr\u00e9 depuis votre pharmacie en ligne allemande. Exp\u00e9dition internationale rapide. Service au top.\" \/>\n<meta property=\"og:url\" content=\"https:\/\/loewentestneu.metafex.io\/fr\/produit\/kytta-pain-ointment-150g\" \/>\n<meta property=\"og:site_name\" content=\"Lion Pharmacy\" \/>\n<meta property=\"article:modified_time\" content=\"2026-01-26T22:11:52+00:00\" \/>\n<meta property=\"og:image\" content=\"https:\/\/loewentestneu.metafex.io\/wp-content\/uploads\/2026\/01\/Kytta-Schmerzsalbe-gegen-Muskel-Kniegelenk-und-Ruckenschmerzen-PZN-10832865.webp\" \/>\n\t<meta property=\"og:image:width\" content=\"600\" \/>\n\t<meta property=\"og:image:height\" content=\"600\" \/>\n\t<meta property=\"og:image:type\" content=\"image\/webp\" \/>\n<meta name=\"twitter:card\" content=\"summary_large_image\" \/>\n<meta name=\"twitter:label1\" content=\"Dur\u00e9e de lecture estim\u00e9e\" \/>\n\t<meta name=\"twitter:data1\" content=\"1 minute\" \/>\n<script type=\"application\/ld+json\" class=\"yoast-schema-graph\">{\"@context\":\"https:\/\/schema.org\",\"@graph\":[{\"@type\":\"WebPage\",\"@id\":\"https:\/\/loewentestneu.metafex.io\/fr\/produit\/kytta-pain-ointment-150g\",\"url\":\"https:\/\/loewentestneu.metafex.io\/fr\/produit\/kytta-pain-ointment-150g\",\"name\":\"Kytta Pommade anti-douleur (150g) &#187; Commandez ici.\",\"isPartOf\":{\"@id\":\"https:\/\/loewentestneu.metafex.io\/fr#website\"},\"primaryImageOfPage\":{\"@id\":\"https:\/\/loewentestneu.metafex.io\/fr\/produit\/kytta-pain-ointment-150g#primaryimage\"},\"image\":{\"@id\":\"https:\/\/loewentestneu.metafex.io\/fr\/produit\/kytta-pain-ointment-150g#primaryimage\"},\"thumbnailUrl\":\"https:\/\/loewentestneu.metafex.io\/wp-content\/uploads\/2026\/01\/Kytta-Schmerzsalbe-gegen-Muskel-Kniegelenk-und-Ruckenschmerzen-PZN-10832865.webp\",\"datePublished\":\"2026-01-17T06:03:41+00:00\",\"dateModified\":\"2026-01-26T22:11:52+00:00\",\"description\":\"Kytta Pommade anti-douleur (150g). Fabricant : Wick. Livr\u00e9 depuis votre pharmacie en ligne allemande. Exp\u00e9dition internationale rapide. Service au top.\",\"breadcrumb\":{\"@id\":\"https:\/\/loewentestneu.metafex.io\/fr\/produit\/kytta-pain-ointment-150g#breadcrumb\"},\"inLanguage\":\"fr-FR\",\"potentialAction\":[{\"@type\":\"ReadAction\",\"target\":[\"https:\/\/loewentestneu.metafex.io\/fr\/produit\/kytta-pain-ointment-150g\"]}]},{\"@type\":\"ImageObject\",\"inLanguage\":\"fr-FR\",\"@id\":\"https:\/\/loewentestneu.metafex.io\/fr\/produit\/kytta-pain-ointment-150g#primaryimage\",\"url\":\"https:\/\/loewentestneu.metafex.io\/wp-content\/uploads\/2026\/01\/Kytta-Schmerzsalbe-gegen-Muskel-Kniegelenk-und-Ruckenschmerzen-PZN-10832865.webp\",\"contentUrl\":\"https:\/\/loewentestneu.metafex.io\/wp-content\/uploads\/2026\/01\/Kytta-Schmerzsalbe-gegen-Muskel-Kniegelenk-und-Ruckenschmerzen-PZN-10832865.webp\",\"width\":600,\"height\":600,\"caption\":\"Kytta Pommade analg\u00e9sique Kytta pour les douleurs musculaires, du genou et du dos, PZN-10832865\"},{\"@type\":\"BreadcrumbList\",\"@id\":\"https:\/\/loewentestneu.metafex.io\/fr\/produit\/kytta-pain-ointment-150g#breadcrumb\",\"itemListElement\":[{\"@type\":\"ListItem\",\"position\":1,\"name\":\"Home\",\"item\":\"https:\/\/loewentestneu.metafex.io\/fr\/homepage-lion-pharmacy\"},{\"@type\":\"ListItem\",\"position\":2,\"name\":\"Shop\",\"item\":\"https:\/\/loewentestneu.metafex.io\/fr\/boutique\"},{\"@type\":\"ListItem\",\"position\":3,\"name\":\"Kytta Pommade anti-douleur (150g)\"}]},{\"@type\":\"WebSite\",\"@id\":\"https:\/\/loewentestneu.metafex.io\/fr#website\",\"url\":\"https:\/\/loewentestneu.metafex.io\/fr\",\"name\":\"Lions Pharmacy\",\"description\":\"Pharmacie sp\u00e9cialis\u00e9e en naturopathie de Baden-Baden, Allemagne\",\"publisher\":{\"@id\":\"https:\/\/loewentestneu.metafex.io\/fr#organization\"},\"alternateName\":\"Lion Pharmacy\",\"potentialAction\":[{\"@type\":\"SearchAction\",\"target\":{\"@type\":\"EntryPoint\",\"urlTemplate\":\"https:\/\/loewentestneu.metafex.io\/fr?s={search_term_string}\"},\"query-input\":{\"@type\":\"PropertyValueSpecification\",\"valueRequired\":true,\"valueName\":\"search_term_string\"}}],\"inLanguage\":\"fr-FR\"},{\"@type\":\"Organization\",\"@id\":\"https:\/\/loewentestneu.metafex.io\/fr#organization\",\"name\":\"Lions Pharmacy\",\"alternateName\":\"Lions Pharmacy24\",\"url\":\"https:\/\/loewentestneu.metafex.io\/fr\",\"logo\":{\"@type\":\"ImageObject\",\"inLanguage\":\"fr-FR\",\"@id\":\"https:\/\/loewentestneu.metafex.io\/fr#\/schema\/logo\/image\/\",\"url\":\"https:\/\/loewentestneu.metafex.io\/wp-content\/uploads\/2022\/12\/Logo-Lion-Pharmacy-c-o-Loewen-Apotheke-smal.jpg\",\"contentUrl\":\"https:\/\/loewentestneu.metafex.io\/wp-content\/uploads\/2022\/12\/Logo-Lion-Pharmacy-c-o-Loewen-Apotheke-smal.jpg\",\"width\":298,\"height\":99,\"caption\":\"Lions Pharmacy\"},\"image\":{\"@id\":\"https:\/\/loewentestneu.metafex.io\/fr#\/schema\/logo\/image\/\"}}]}<\/script>\n<!-- \/ Yoast SEO plugin. -->","yoast_head_json":{"title":"Kytta Pommade anti-douleur (150g) &#187; Commandez ici.","description":"Kytta Pommade anti-douleur (150g). Fabricant : Wick. Livr\u00e9 depuis votre pharmacie en ligne allemande. Exp\u00e9dition internationale rapide. Service au top.","robots":{"index":"noindex","follow":"follow","max-snippet":"max-snippet:-1","max-image-preview":"max-image-preview:large","max-video-preview":"max-video-preview:-1"},"og_locale":"fr_FR","og_type":"article","og_title":"Kytta Pommade anti-douleur (150g) &#187; Commandez ici.","og_description":"Kytta Pommade anti-douleur (150g). Fabricant : Wick. Livr\u00e9 depuis votre pharmacie en ligne allemande. Exp\u00e9dition internationale rapide. Service au top.","og_url":"https:\/\/loewentestneu.metafex.io\/fr\/produit\/kytta-pain-ointment-150g","og_site_name":"Lion Pharmacy","article_modified_time":"2026-01-26T22:11:52+00:00","og_image":[{"width":600,"height":600,"url":"https:\/\/loewentestneu.metafex.io\/wp-content\/uploads\/2026\/01\/Kytta-Schmerzsalbe-gegen-Muskel-Kniegelenk-und-Ruckenschmerzen-PZN-10832865.webp","type":"image\/webp"}],"twitter_card":"summary_large_image","twitter_misc":{"Dur\u00e9e de lecture estim\u00e9e":"1 minute"},"schema":{"@context":"https:\/\/schema.org","@graph":[{"@type":"WebPage","@id":"https:\/\/loewentestneu.metafex.io\/fr\/produit\/kytta-pain-ointment-150g","url":"https:\/\/loewentestneu.metafex.io\/fr\/produit\/kytta-pain-ointment-150g","name":"Kytta Pommade anti-douleur (150g) &#187; Commandez ici.","isPartOf":{"@id":"https:\/\/loewentestneu.metafex.io\/fr#website"},"primaryImageOfPage":{"@id":"https:\/\/loewentestneu.metafex.io\/fr\/produit\/kytta-pain-ointment-150g#primaryimage"},"image":{"@id":"https:\/\/loewentestneu.metafex.io\/fr\/produit\/kytta-pain-ointment-150g#primaryimage"},"thumbnailUrl":"https:\/\/loewentestneu.metafex.io\/wp-content\/uploads\/2026\/01\/Kytta-Schmerzsalbe-gegen-Muskel-Kniegelenk-und-Ruckenschmerzen-PZN-10832865.webp","datePublished":"2026-01-17T06:03:41+00:00","dateModified":"2026-01-26T22:11:52+00:00","description":"Kytta Pommade anti-douleur (150g). Fabricant : Wick. Livr\u00e9 depuis votre pharmacie en ligne allemande. Exp\u00e9dition internationale rapide. Service au top.","breadcrumb":{"@id":"https:\/\/loewentestneu.metafex.io\/fr\/produit\/kytta-pain-ointment-150g#breadcrumb"},"inLanguage":"fr-FR","potentialAction":[{"@type":"ReadAction","target":["https:\/\/loewentestneu.metafex.io\/fr\/produit\/kytta-pain-ointment-150g"]}]},{"@type":"ImageObject","inLanguage":"fr-FR","@id":"https:\/\/loewentestneu.metafex.io\/fr\/produit\/kytta-pain-ointment-150g#primaryimage","url":"https:\/\/loewentestneu.metafex.io\/wp-content\/uploads\/2026\/01\/Kytta-Schmerzsalbe-gegen-Muskel-Kniegelenk-und-Ruckenschmerzen-PZN-10832865.webp","contentUrl":"https:\/\/loewentestneu.metafex.io\/wp-content\/uploads\/2026\/01\/Kytta-Schmerzsalbe-gegen-Muskel-Kniegelenk-und-Ruckenschmerzen-PZN-10832865.webp","width":600,"height":600,"caption":"Kytta Pommade analg\u00e9sique Kytta pour les douleurs musculaires, du genou et du dos, PZN-10832865"},{"@type":"BreadcrumbList","@id":"https:\/\/loewentestneu.metafex.io\/fr\/produit\/kytta-pain-ointment-150g#breadcrumb","itemListElement":[{"@type":"ListItem","position":1,"name":"Home","item":"https:\/\/loewentestneu.metafex.io\/fr\/homepage-lion-pharmacy"},{"@type":"ListItem","position":2,"name":"Shop","item":"https:\/\/loewentestneu.metafex.io\/fr\/boutique"},{"@type":"ListItem","position":3,"name":"Kytta Pommade anti-douleur (150g)"}]},{"@type":"WebSite","@id":"https:\/\/loewentestneu.metafex.io\/fr#website","url":"https:\/\/loewentestneu.metafex.io\/fr","name":"Lions Pharmacy","description":"Pharmacie sp\u00e9cialis\u00e9e en naturopathie de Baden-Baden, Allemagne","publisher":{"@id":"https:\/\/loewentestneu.metafex.io\/fr#organization"},"alternateName":"Lion Pharmacy","potentialAction":[{"@type":"SearchAction","target":{"@type":"EntryPoint","urlTemplate":"https:\/\/loewentestneu.metafex.io\/fr?s={search_term_string}"},"query-input":{"@type":"PropertyValueSpecification","valueRequired":true,"valueName":"search_term_string"}}],"inLanguage":"fr-FR"},{"@type":"Organization","@id":"https:\/\/loewentestneu.metafex.io\/fr#organization","name":"Lions Pharmacy","alternateName":"Lions Pharmacy24","url":"https:\/\/loewentestneu.metafex.io\/fr","logo":{"@type":"ImageObject","inLanguage":"fr-FR","@id":"https:\/\/loewentestneu.metafex.io\/fr#\/schema\/logo\/image\/","url":"https:\/\/loewentestneu.metafex.io\/wp-content\/uploads\/2022\/12\/Logo-Lion-Pharmacy-c-o-Loewen-Apotheke-smal.jpg","contentUrl":"https:\/\/loewentestneu.metafex.io\/wp-content\/uploads\/2022\/12\/Logo-Lion-Pharmacy-c-o-Loewen-Apotheke-smal.jpg","width":298,"height":99,"caption":"Lions Pharmacy"},"image":{"@id":"https:\/\/loewentestneu.metafex.io\/fr#\/schema\/logo\/image\/"}}]}},"_links":{"self":[{"href":"https:\/\/loewentestneu.metafex.io\/fr\/wp-json\/wp\/v2\/product\/19466","targetHints":{"allow":["GET"]}}],"collection":[{"href":"https:\/\/loewentestneu.metafex.io\/fr\/wp-json\/wp\/v2\/product"}],"about":[{"href":"https:\/\/loewentestneu.metafex.io\/fr\/wp-json\/wp\/v2\/types\/product"}],"replies":[{"embeddable":true,"href":"https:\/\/loewentestneu.metafex.io\/fr\/wp-json\/wp\/v2\/comments?post=19466"}],"wp:featuredmedia":[{"embeddable":true,"href":"https:\/\/loewentestneu.metafex.io\/fr\/wp-json\/wp\/v2\/media\/19473"}],"wp:attachment":[{"href":"https:\/\/loewentestneu.metafex.io\/fr\/wp-json\/wp\/v2\/media?parent=19466"}],"wp:term":[{"taxonomy":"product_brand","embeddable":true,"href":"https:\/\/loewentestneu.metafex.io\/fr\/wp-json\/wp\/v2\/product_brand?post=19466"},{"taxonomy":"product_cat","embeddable":true,"href":"https:\/\/loewentestneu.metafex.io\/fr\/wp-json\/wp\/v2\/product_cat?post=19466"},{"taxonomy":"product_tag","embeddable":true,"href":"https:\/\/loewentestneu.metafex.io\/fr\/wp-json\/wp\/v2\/product_tag?post=19466"}],"curies":[{"name":"wp","href":"https:\/\/api.w.org\/{rel}","templated":true}]}}