{"id":19508,"date":"2026-01-18T09:08:33","date_gmt":"2026-01-18T08:08:33","guid":{"rendered":"https:\/\/lions-pharmacy.com\/?post_type=product&#038;p=19508"},"modified":"2026-01-18T09:31:51","modified_gmt":"2026-01-18T08:31:51","slug":"neyhair-vital-hair-tonic-200-ml-14227612","status":"publish","type":"product","link":"https:\/\/loewentestneu.metafex.io\/fr\/produit\/neyhair-vital-hair-tonic-200-ml-14227612","title":{"rendered":"NeyHair Tonique capillaire vital (200 ml)"},"content":{"rendered":"<h3>NeyHair Tonique capillaire vital<\/h3>\n<p>En tant que produit de soin du cuir chevelu et des cheveux, NeyHair Vital Hair Tonic favorise la sant\u00e9 du cuir chevelu, renforce les cheveux et peut en am\u00e9liorer la structure.<br \/>\nSoin sp\u00e9cial pour une croissance forte et une densit\u00e9 accrue des cheveux. La perte de cheveux, le recul de la ligne des cheveux et l&#8217;amincissement des cheveux repr\u00e9sentent souvent une charge \u00e9motionnelle importante. Les femmes comme les hommes en souffrent. Les causes sont vari\u00e9es : stress physique et psychologique, changements hormonaux tels que la m\u00e9nopause, pr\u00e9disposition h\u00e9r\u00e9ditaire, mode de vie malsain ou produits chimiques contenus dans les produits de coiffure. Tous ces \u00e9l\u00e9ments, et bien d&#8217;autres encore, peuvent perturber le fonctionnement du cuir chevelu et le cycle de croissance des cheveux. R\u00e9sultat : une perte de cheveux plus importante.<\/p>\n<p>Les compl\u00e9ments alimentaires ne se substituent pas \u00e0 une alimentation \u00e9quilibr\u00e9e et vari\u00e9e et \u00e0 un mode de vie sain. L\u2019apport journalier recommand\u00e9 ne doit pas \u00eatre d\u00e9pass\u00e9. Conservez le produit hors de port\u00e9e des jeunes enfants.<\/p>\n<p>Autres produits pour l\u2019application : <a href=\"https:\/\/loewentestneu.metafex.io\/produkt-kategorie\/vitorgan\">vitOrgan<\/a> | <a href=\"https:\/\/loewentestneu.metafex.io\/fr\/etiquette-produit\/vitamines-et-supplements\">Vitamines et suppl\u00e9ments Produits<\/a><br \/>\nEn savoir plus sur le fabricant et ce produit : <a href=\"https:\/\/vitorgan.de\/en\/products\/\" target=\"_blank\" rel=\"noopener\">vitOrgan<\/a> (lien vers un site web externe)<\/p>\n<p>Les informations contenues dans ce site web sont fournies \u00e0 titre informatif uniquement. Ils ne remplacent en aucun cas l&#8217;examen et le traitement par un m\u00e9decin. Veuillez noter que cela signifie qu&#8217;aucun diagnostic ne peut \u00eatre \u00e9tabli et qu&#8217;aucune th\u00e9rapie ne peut \u00eatre mise en place.<\/p>\n<p>Pour conna\u00eetre les risques et les effets secondaires, lisez la notice et demandez \u00e0 votre m\u00e9decin ou \u00e0 votre pharmacien.<\/p>\n<p><strong>Des questions sur le produit ? Nous sommes l\u00e0 pour vous !<\/strong><\/p>\n<p>Notre pharmacienne responsable, Dr. Sandra Hoff, et son \u00e9quipe se feront un plaisir de vous conseiller personnellement &#8211; par t\u00e9l\u00e9phone ou par e-mail. En tant que v\u00e9ritable pharmacie de quartier et pharmacie de vente par correspondance agr\u00e9\u00e9e, nous vous offrons un soutien comp\u00e9tent, notamment dans le domaine de la <a href=\"https:\/\/loewentestneu.metafex.io\/fr\/etiquette-produit\/remedes-naturels\">naturopathie<\/a> et des <a href=\"https:\/\/loewentestneu.metafex.io\/fr\/etiquette-produit\/vitamines-et-supplements\">compl\u00e9ments alimentaires<\/a>, ici les m\u00e9dicaments de <a href=\"https:\/\/loewentestneu.metafex.io\/fr\/product-brand\/vitorgan-fr\">vitOrgan<\/a> et <a href=\"https:\/\/loewentestneu.metafex.io\/fr\/product-category\/labo-life-fr\">Labo Life<\/a>.<br \/>\nVous trouverez notre autorisation dans le <a href=\"https:\/\/versandhandel.dimdi.de\/websearch\/servlet\/Gate;jsessionid=0D29D15655BE1174E9178A340E8FE6BC?accessid=dimdi_var&amp;term=3c387956690121ccc8763184f052b93f\" target=\"_blank\" rel=\"noopener\">registre de la vente par correspondance<\/a>.<\/p>\n","protected":false},"excerpt":{"rendered":"<h2>NeyHair Tonique capillaire vital<\/h2>\n<p>favorise la sant\u00e9 du cuir chevelu, renforce les cheveux et peut am\u00e9liorer leur structure.<\/p>\n<p>&nbsp;<\/p>\n<p>PZN : 14227612 (num\u00e9ro central de pharmacie)<\/p>\n<p>Forme pharmaceutique : eau tonique<\/p>\n<p>Type de prescription : sans ordonnance<\/p>\n<p>Marque&nbsp;: Regena Ney<\/p>\n<p>Fabricant : vitOrgan GmbH &amp; Co.KG, Ostfildern, Allemagne<\/p>\n<p>Taille de l&#8217;emballage : 200 ml<\/p>\n","protected":false},"featured_media":19513,"comment_status":"closed","ping_status":"closed","template":"","meta":[],"product_brand":[],"product_cat":[114,129],"product_tag":[266,896,511,253,306,466,230,264],"class_list":{"0":"post-19508","1":"product","2":"type-product","3":"status-publish","4":"has-post-thumbnail","6":"product_cat-non-classifiee","7":"product_cat-vitorgan-fr","8":"product_tag-bien-etre","9":"product_tag-cheveux","10":"product_tag-corona-et-defense-immunitaire","11":"product_tag-coronavirus-fr","12":"product_tag-homeopathie","13":"product_tag-ingredient-actif-a-base-de-plantes","14":"product_tag-neydil-fr","15":"product_tag-vitamines-et-supplements","16":"ts_product_brand-all-fr","17":"ts_product_brand-vitorgan-fr","19":"first","20":"instock","21":"sale","22":"taxable","23":"shipping-taxable","24":"purchasable","25":"product-type-simple"},"yoast_head":"<!-- This site is optimized with the Yoast SEO plugin v26.5 - https:\/\/yoast.com\/wordpress\/plugins\/seo\/ -->\n<title>NeyHair Tonique capillaire vital (200 ml) &#187; commander ici<\/title>\n<meta name=\"description\" content=\"Pharmacie en ligne allemande enregistr\u00e9e | Exp\u00e9dition internationale rapide | Produit fabriqu\u00e9 par vitOrgan : NeyHair Tonique capillaire vital (200 ml)\" \/>\n<meta name=\"robots\" content=\"noindex, follow, max-snippet:-1, max-image-preview:large, max-video-preview:-1\" \/>\n<meta property=\"og:locale\" content=\"fr_FR\" \/>\n<meta property=\"og:type\" content=\"article\" \/>\n<meta property=\"og:title\" content=\"NeyHair Tonique capillaire vital (200 ml) &#187; commander ici\" \/>\n<meta property=\"og:description\" content=\"Pharmacie en ligne allemande enregistr\u00e9e | Exp\u00e9dition internationale rapide | Produit fabriqu\u00e9 par vitOrgan : NeyHair Tonique capillaire vital (200 ml)\" \/>\n<meta property=\"og:url\" content=\"https:\/\/loewentestneu.metafex.io\/fr\/produit\/neyhair-vital-hair-tonic-200-ml-14227612\" \/>\n<meta property=\"og:site_name\" content=\"Lion Pharmacy\" \/>\n<meta property=\"article:modified_time\" content=\"2026-01-18T08:31:51+00:00\" \/>\n<meta property=\"og:image\" content=\"https:\/\/loewentestneu.metafex.io\/wp-content\/uploads\/2026\/01\/NeyHair-Vital-Tonic-Water-from-vitorgan.webp\" \/>\n\t<meta property=\"og:image:width\" content=\"600\" \/>\n\t<meta property=\"og:image:height\" content=\"600\" \/>\n\t<meta property=\"og:image:type\" content=\"image\/webp\" \/>\n<meta name=\"twitter:card\" content=\"summary_large_image\" \/>\n<meta name=\"twitter:label1\" content=\"Dur\u00e9e de lecture estim\u00e9e\" \/>\n\t<meta name=\"twitter:data1\" content=\"2 minutes\" \/>\n<script type=\"application\/ld+json\" class=\"yoast-schema-graph\">{\"@context\":\"https:\/\/schema.org\",\"@graph\":[{\"@type\":\"WebPage\",\"@id\":\"https:\/\/loewentestneu.metafex.io\/fr\/produit\/neyhair-vital-hair-tonic-200-ml-14227612\",\"url\":\"https:\/\/loewentestneu.metafex.io\/fr\/produit\/neyhair-vital-hair-tonic-200-ml-14227612\",\"name\":\"NeyHair Tonique capillaire vital (200 ml) &#187; commander ici\",\"isPartOf\":{\"@id\":\"https:\/\/loewentestneu.metafex.io\/fr#website\"},\"primaryImageOfPage\":{\"@id\":\"https:\/\/loewentestneu.metafex.io\/fr\/produit\/neyhair-vital-hair-tonic-200-ml-14227612#primaryimage\"},\"image\":{\"@id\":\"https:\/\/loewentestneu.metafex.io\/fr\/produit\/neyhair-vital-hair-tonic-200-ml-14227612#primaryimage\"},\"thumbnailUrl\":\"https:\/\/loewentestneu.metafex.io\/wp-content\/uploads\/2026\/01\/NeyHair-Vital-Tonic-Water-from-vitorgan.webp\",\"datePublished\":\"2026-01-18T08:08:33+00:00\",\"dateModified\":\"2026-01-18T08:31:51+00:00\",\"description\":\"Pharmacie en ligne allemande enregistr\u00e9e | Exp\u00e9dition internationale rapide | Produit fabriqu\u00e9 par vitOrgan : NeyHair Tonique capillaire vital (200 ml)\",\"breadcrumb\":{\"@id\":\"https:\/\/loewentestneu.metafex.io\/fr\/produit\/neyhair-vital-hair-tonic-200-ml-14227612#breadcrumb\"},\"inLanguage\":\"fr-FR\",\"potentialAction\":[{\"@type\":\"ReadAction\",\"target\":[\"https:\/\/loewentestneu.metafex.io\/fr\/produit\/neyhair-vital-hair-tonic-200-ml-14227612\"]}]},{\"@type\":\"ImageObject\",\"inLanguage\":\"fr-FR\",\"@id\":\"https:\/\/loewentestneu.metafex.io\/fr\/produit\/neyhair-vital-hair-tonic-200-ml-14227612#primaryimage\",\"url\":\"https:\/\/loewentestneu.metafex.io\/wp-content\/uploads\/2026\/01\/NeyHair-Vital-Tonic-Water-from-vitorgan.webp\",\"contentUrl\":\"https:\/\/loewentestneu.metafex.io\/wp-content\/uploads\/2026\/01\/NeyHair-Vital-Tonic-Water-from-vitorgan.webp\",\"width\":600,\"height\":600,\"caption\":\"NeyHair Eau tonique vitale de vitorgan\"},{\"@type\":\"BreadcrumbList\",\"@id\":\"https:\/\/loewentestneu.metafex.io\/fr\/produit\/neyhair-vital-hair-tonic-200-ml-14227612#breadcrumb\",\"itemListElement\":[{\"@type\":\"ListItem\",\"position\":1,\"name\":\"Home\",\"item\":\"https:\/\/loewentestneu.metafex.io\/fr\/homepage-lion-pharmacy\"},{\"@type\":\"ListItem\",\"position\":2,\"name\":\"Shop\",\"item\":\"https:\/\/loewentestneu.metafex.io\/fr\/boutique\"},{\"@type\":\"ListItem\",\"position\":3,\"name\":\"NeyHair Tonique capillaire vital (200 ml)\"}]},{\"@type\":\"WebSite\",\"@id\":\"https:\/\/loewentestneu.metafex.io\/fr#website\",\"url\":\"https:\/\/loewentestneu.metafex.io\/fr\",\"name\":\"Lions Pharmacy\",\"description\":\"Pharmacie sp\u00e9cialis\u00e9e en naturopathie de Baden-Baden, Allemagne\",\"publisher\":{\"@id\":\"https:\/\/loewentestneu.metafex.io\/fr#organization\"},\"alternateName\":\"Lion Pharmacy\",\"potentialAction\":[{\"@type\":\"SearchAction\",\"target\":{\"@type\":\"EntryPoint\",\"urlTemplate\":\"https:\/\/loewentestneu.metafex.io\/fr?s={search_term_string}\"},\"query-input\":{\"@type\":\"PropertyValueSpecification\",\"valueRequired\":true,\"valueName\":\"search_term_string\"}}],\"inLanguage\":\"fr-FR\"},{\"@type\":\"Organization\",\"@id\":\"https:\/\/loewentestneu.metafex.io\/fr#organization\",\"name\":\"Lions Pharmacy\",\"alternateName\":\"Lions Pharmacy24\",\"url\":\"https:\/\/loewentestneu.metafex.io\/fr\",\"logo\":{\"@type\":\"ImageObject\",\"inLanguage\":\"fr-FR\",\"@id\":\"https:\/\/loewentestneu.metafex.io\/fr#\/schema\/logo\/image\/\",\"url\":\"https:\/\/loewentestneu.metafex.io\/wp-content\/uploads\/2022\/12\/Logo-Lion-Pharmacy-c-o-Loewen-Apotheke-smal.jpg\",\"contentUrl\":\"https:\/\/loewentestneu.metafex.io\/wp-content\/uploads\/2022\/12\/Logo-Lion-Pharmacy-c-o-Loewen-Apotheke-smal.jpg\",\"width\":298,\"height\":99,\"caption\":\"Lions Pharmacy\"},\"image\":{\"@id\":\"https:\/\/loewentestneu.metafex.io\/fr#\/schema\/logo\/image\/\"}}]}<\/script>\n<!-- \/ Yoast SEO plugin. -->","yoast_head_json":{"title":"NeyHair Tonique capillaire vital (200 ml) &#187; commander ici","description":"Pharmacie en ligne allemande enregistr\u00e9e | Exp\u00e9dition internationale rapide | Produit fabriqu\u00e9 par vitOrgan : NeyHair Tonique capillaire vital (200 ml)","robots":{"index":"noindex","follow":"follow","max-snippet":"max-snippet:-1","max-image-preview":"max-image-preview:large","max-video-preview":"max-video-preview:-1"},"og_locale":"fr_FR","og_type":"article","og_title":"NeyHair Tonique capillaire vital (200 ml) &#187; commander ici","og_description":"Pharmacie en ligne allemande enregistr\u00e9e | Exp\u00e9dition internationale rapide | Produit fabriqu\u00e9 par vitOrgan : NeyHair Tonique capillaire vital (200 ml)","og_url":"https:\/\/loewentestneu.metafex.io\/fr\/produit\/neyhair-vital-hair-tonic-200-ml-14227612","og_site_name":"Lion Pharmacy","article_modified_time":"2026-01-18T08:31:51+00:00","og_image":[{"width":600,"height":600,"url":"https:\/\/loewentestneu.metafex.io\/wp-content\/uploads\/2026\/01\/NeyHair-Vital-Tonic-Water-from-vitorgan.webp","type":"image\/webp"}],"twitter_card":"summary_large_image","twitter_misc":{"Dur\u00e9e de lecture estim\u00e9e":"2 minutes"},"schema":{"@context":"https:\/\/schema.org","@graph":[{"@type":"WebPage","@id":"https:\/\/loewentestneu.metafex.io\/fr\/produit\/neyhair-vital-hair-tonic-200-ml-14227612","url":"https:\/\/loewentestneu.metafex.io\/fr\/produit\/neyhair-vital-hair-tonic-200-ml-14227612","name":"NeyHair Tonique capillaire vital (200 ml) &#187; commander ici","isPartOf":{"@id":"https:\/\/loewentestneu.metafex.io\/fr#website"},"primaryImageOfPage":{"@id":"https:\/\/loewentestneu.metafex.io\/fr\/produit\/neyhair-vital-hair-tonic-200-ml-14227612#primaryimage"},"image":{"@id":"https:\/\/loewentestneu.metafex.io\/fr\/produit\/neyhair-vital-hair-tonic-200-ml-14227612#primaryimage"},"thumbnailUrl":"https:\/\/loewentestneu.metafex.io\/wp-content\/uploads\/2026\/01\/NeyHair-Vital-Tonic-Water-from-vitorgan.webp","datePublished":"2026-01-18T08:08:33+00:00","dateModified":"2026-01-18T08:31:51+00:00","description":"Pharmacie en ligne allemande enregistr\u00e9e | Exp\u00e9dition internationale rapide | Produit fabriqu\u00e9 par vitOrgan : NeyHair Tonique capillaire vital (200 ml)","breadcrumb":{"@id":"https:\/\/loewentestneu.metafex.io\/fr\/produit\/neyhair-vital-hair-tonic-200-ml-14227612#breadcrumb"},"inLanguage":"fr-FR","potentialAction":[{"@type":"ReadAction","target":["https:\/\/loewentestneu.metafex.io\/fr\/produit\/neyhair-vital-hair-tonic-200-ml-14227612"]}]},{"@type":"ImageObject","inLanguage":"fr-FR","@id":"https:\/\/loewentestneu.metafex.io\/fr\/produit\/neyhair-vital-hair-tonic-200-ml-14227612#primaryimage","url":"https:\/\/loewentestneu.metafex.io\/wp-content\/uploads\/2026\/01\/NeyHair-Vital-Tonic-Water-from-vitorgan.webp","contentUrl":"https:\/\/loewentestneu.metafex.io\/wp-content\/uploads\/2026\/01\/NeyHair-Vital-Tonic-Water-from-vitorgan.webp","width":600,"height":600,"caption":"NeyHair Eau tonique vitale de vitorgan"},{"@type":"BreadcrumbList","@id":"https:\/\/loewentestneu.metafex.io\/fr\/produit\/neyhair-vital-hair-tonic-200-ml-14227612#breadcrumb","itemListElement":[{"@type":"ListItem","position":1,"name":"Home","item":"https:\/\/loewentestneu.metafex.io\/fr\/homepage-lion-pharmacy"},{"@type":"ListItem","position":2,"name":"Shop","item":"https:\/\/loewentestneu.metafex.io\/fr\/boutique"},{"@type":"ListItem","position":3,"name":"NeyHair Tonique capillaire vital (200 ml)"}]},{"@type":"WebSite","@id":"https:\/\/loewentestneu.metafex.io\/fr#website","url":"https:\/\/loewentestneu.metafex.io\/fr","name":"Lions Pharmacy","description":"Pharmacie sp\u00e9cialis\u00e9e en naturopathie de Baden-Baden, Allemagne","publisher":{"@id":"https:\/\/loewentestneu.metafex.io\/fr#organization"},"alternateName":"Lion Pharmacy","potentialAction":[{"@type":"SearchAction","target":{"@type":"EntryPoint","urlTemplate":"https:\/\/loewentestneu.metafex.io\/fr?s={search_term_string}"},"query-input":{"@type":"PropertyValueSpecification","valueRequired":true,"valueName":"search_term_string"}}],"inLanguage":"fr-FR"},{"@type":"Organization","@id":"https:\/\/loewentestneu.metafex.io\/fr#organization","name":"Lions Pharmacy","alternateName":"Lions Pharmacy24","url":"https:\/\/loewentestneu.metafex.io\/fr","logo":{"@type":"ImageObject","inLanguage":"fr-FR","@id":"https:\/\/loewentestneu.metafex.io\/fr#\/schema\/logo\/image\/","url":"https:\/\/loewentestneu.metafex.io\/wp-content\/uploads\/2022\/12\/Logo-Lion-Pharmacy-c-o-Loewen-Apotheke-smal.jpg","contentUrl":"https:\/\/loewentestneu.metafex.io\/wp-content\/uploads\/2022\/12\/Logo-Lion-Pharmacy-c-o-Loewen-Apotheke-smal.jpg","width":298,"height":99,"caption":"Lions Pharmacy"},"image":{"@id":"https:\/\/loewentestneu.metafex.io\/fr#\/schema\/logo\/image\/"}}]}},"_links":{"self":[{"href":"https:\/\/loewentestneu.metafex.io\/fr\/wp-json\/wp\/v2\/product\/19508","targetHints":{"allow":["GET"]}}],"collection":[{"href":"https:\/\/loewentestneu.metafex.io\/fr\/wp-json\/wp\/v2\/product"}],"about":[{"href":"https:\/\/loewentestneu.metafex.io\/fr\/wp-json\/wp\/v2\/types\/product"}],"replies":[{"embeddable":true,"href":"https:\/\/loewentestneu.metafex.io\/fr\/wp-json\/wp\/v2\/comments?post=19508"}],"wp:featuredmedia":[{"embeddable":true,"href":"https:\/\/loewentestneu.metafex.io\/fr\/wp-json\/wp\/v2\/media\/19513"}],"wp:attachment":[{"href":"https:\/\/loewentestneu.metafex.io\/fr\/wp-json\/wp\/v2\/media?parent=19508"}],"wp:term":[{"taxonomy":"product_brand","embeddable":true,"href":"https:\/\/loewentestneu.metafex.io\/fr\/wp-json\/wp\/v2\/product_brand?post=19508"},{"taxonomy":"product_cat","embeddable":true,"href":"https:\/\/loewentestneu.metafex.io\/fr\/wp-json\/wp\/v2\/product_cat?post=19508"},{"taxonomy":"product_tag","embeddable":true,"href":"https:\/\/loewentestneu.metafex.io\/fr\/wp-json\/wp\/v2\/product_tag?post=19508"}],"curies":[{"name":"wp","href":"https:\/\/api.w.org\/{rel}","templated":true}]}}