{"id":19522,"date":"2026-01-18T18:29:45","date_gmt":"2026-01-18T17:29:45","guid":{"rendered":"https:\/\/lions-pharmacy.com\/?post_type=product&#038;p=19522"},"modified":"2026-01-26T22:59:56","modified_gmt":"2026-01-26T21:59:56","slug":"periotrap-microbiome-toothpaste-75-ml-20029589","status":"publish","type":"product","link":"https:\/\/loewentestneu.metafex.io\/fr\/produit\/periotrap-microbiome-toothpaste-75-ml-20029589","title":{"rendered":"Dentifrice microbiome PerioTrap (75 ml)"},"content":{"rendered":"<h3>Dentifrice au microbiome PerioTrap<\/h3>\n<p>PerioTrap microbiome dentifrice cr\u00e8me dentaire. Votre protection quotidienne pour les dents et les gencives. Id\u00e9al pour les personnes souffrant de probl\u00e8mes de gencives &#8211; nettoyage en douceur sans menthol ni tensioactifs hautement moussants.<\/p>\n<p>Technologie PerioTrap : Cible sp\u00e9cifiquement les bact\u00e9ries responsables de la plaque dentaire sans perturber le microbiome.<\/p>\n<p>Fluor (1450 ppm) : Renforce l&#8217;\u00e9mail des dents et prot\u00e8ge contre les caries.<\/p>\n<p>Contient : Fluorure de sodium (1450 ppm), R\u00e9serv\u00e9 aux adultes.<\/p>\n<p>Ingr\u00e9dients : Glyc\u00e9rine, eau, silice hydrat\u00e9e, gomme de cellulose, glycoside de lauryl, bisabolol, fluorure de sodium, huile de feuille de Menthae Arvensis, ac\u00e9tate de guanidino\u00e9thylbenzylamino imiddazopyridine.<\/p>\n<p>Notice \/ mode d\u2019emploi\/fiche technique de l\u2019article: &#8211; (Lecteur PDF)<br \/>\nAutres produits pour l&#8217;application : <a href=\"https:\/\/loewentestneu.metafex.io\/fr\/etiquette-produit\/vitamines-et-supplements\" rel=\"tag\">Vitamines et compl\u00e9ments alimentaires<\/a> | <a href=\"https:\/\/loewentestneu.metafex.io\/fr\/etiquette-produit\/poids-et-forme\" rel=\"tag\">Poids et forme<\/a> | <a href=\"https:\/\/loewentestneu.metafex.io\/fr\/etiquette-produit\/gestion-du-poids\" rel=\"tag\">Gestion du poids<\/a> | <a href=\"https:\/\/loewentestneu.metafex.io\/fr\/etiquette-produit\/bien-etre\" rel=\"tag\">Bien-\u00eatre<\/a><br \/>\nEn savoir plus sur le fabricant et ce produit : <a href=\"https:\/\/periotrap.com\/pages\/die-periotrap-technologie\" target=\"_blank\" rel=\"noopener\">PerioTrap<\/a> (lien vers un site web externe)<\/p>\n<p>Les informations contenues dans ce site web sont fournies \u00e0 titre informatif uniquement. Ils ne remplacent en aucun cas l&#8217;examen et le traitement par un m\u00e9decin. Veuillez noter que cela signifie qu&#8217;aucun diagnostic ne peut \u00eatre \u00e9tabli et qu&#8217;aucune th\u00e9rapie ne peut \u00eatre mise en place.<\/p>\n<p>Pour conna\u00eetre les risques et les effets secondaires, lisez la notice et demandez conseil \u00e0 votre m\u00e9decin ou \u00e0 votre pharmacien.<\/p>\n<h3>Des questions sur le produit ? Nous sommes l\u00e0 pour vous !<\/h3>\n<p>Notre pharmacienne responsable, Dr. Sandra Hoff, et son \u00e9quipe se feront un plaisir de vous conseiller personnellement &#8211; par t\u00e9l\u00e9phone ou par e-mail. En tant que v\u00e9ritable pharmacie locale et pharmacie de vente par correspondance agr\u00e9\u00e9e, nous vous offrons un soutien comp\u00e9tent, en particulier dans les domaines de la <a href=\"https:\/\/loewentestneu.metafex.io\/fr\/etiquette-produit\/remedes-naturels\">naturopathie<\/a> et des <a href=\"https:\/\/loewentestneu.metafex.io\/fr\/etiquette-produit\/vitamines-et-supplements\">compl\u00e9ments alimentaires<\/a>. Vous trouverez notre autorisation dans le <a href=\"https:\/\/versandhandel.dimdi.de\/websearch\/servlet\/Gate;jsessionid=0D29D15655BE1174E9178A340E8FE6BC?accessid=dimdi_var&amp;term=3c387956690121ccc8763184f052b93f\" target=\"_blank\" rel=\"noopener\">registre de la vente par correspondance<\/a>.<\/p>\n<h3>Remplir une ordonnance ou une prescription \u00e9lectronique :<\/h3>\n<p>Avez-vous une ordonnance ou une prescription \u00e9lectronique ? Soumettez-la confortablement via notre application de <a href=\"https:\/\/e-rezept-app.de\/shop-rezept\" target=\"_blank\" rel=\"noopener\">prescription \u00e9lectronique<\/a> &#8211; les ordonnances priv\u00e9es pour les personnes qui paient elles-m\u00eames sont \u00e9galement possibles. Rapide, s\u00fbr et facile.<\/p>\n","protected":false},"excerpt":{"rendered":"<h2>Dentifrice au microbiome PerioTrap<\/h2>\n<p>Dental Cream &#8211; Protection quotidienne des dents et des gencives<\/p>\n<p>&nbsp;<\/p>\n<p>PZN : 20029589<\/p>\n<p>Forme gal\u00e9nique : cr\u00e8me<\/p>\n<p>Type de prescription : sans ordonnance<\/p>\n<p>Marque:-<\/p>\n<p>Fabricant : PerioTrap Pharmaceuticals GmbH, 06120 Halle (Saale), Allemagne<\/p>\n<p>Conditionnement : 75 ml<\/p>\n","protected":false},"featured_media":19527,"comment_status":"closed","ping_status":"closed","template":"","meta":[],"product_brand":[],"product_cat":[120,114],"product_tag":[266,265,466,267,264],"class_list":{"0":"post-19522","1":"product","2":"type-product","3":"status-publish","4":"has-post-thumbnail","6":"product_cat-sale-fr","7":"product_cat-non-classifiee","8":"product_tag-bien-etre","9":"product_tag-gestion-du-poids","10":"product_tag-ingredient-actif-a-base-de-plantes","11":"product_tag-poids-et-forme","12":"product_tag-vitamines-et-supplements","13":"ts_product_brand-all-fr","15":"first","16":"outofstock","17":"taxable","18":"shipping-taxable","19":"purchasable","20":"product-type-simple"},"yoast_head":"<!-- This site is optimized with the Yoast SEO plugin v26.5 - https:\/\/yoast.com\/wordpress\/plugins\/seo\/ -->\n<title>Dentifrice microbiome PerioTrap (75 ml) &#187; - commandez ici<\/title>\n<meta name=\"description\" content=\"Pharmacie en ligne allemande enregistr\u00e9e. Nous offrons\u00a0: Exp\u00e9dition internationale rapide. Soins dentaires : Dentifrice microbiome PerioTrap (75 ml).\" \/>\n<meta name=\"robots\" content=\"noindex, follow, max-snippet:-1, max-image-preview:large, max-video-preview:-1\" \/>\n<meta property=\"og:locale\" content=\"fr_FR\" \/>\n<meta property=\"og:type\" content=\"article\" \/>\n<meta property=\"og:title\" content=\"Dentifrice microbiome PerioTrap (75 ml) &#187; - commandez ici\" \/>\n<meta property=\"og:description\" content=\"Pharmacie en ligne allemande enregistr\u00e9e. Nous offrons\u00a0: Exp\u00e9dition internationale rapide. Soins dentaires : Dentifrice microbiome PerioTrap (75 ml).\" \/>\n<meta property=\"og:url\" content=\"https:\/\/loewentestneu.metafex.io\/fr\/produit\/periotrap-microbiome-toothpaste-75-ml-20029589\" \/>\n<meta property=\"og:site_name\" content=\"Lion Pharmacy\" \/>\n<meta property=\"article:modified_time\" content=\"2026-01-26T21:59:56+00:00\" \/>\n<meta property=\"og:image\" content=\"https:\/\/loewentestneu.metafex.io\/wp-content\/uploads\/2026\/01\/PerioTrap-Mikrobiom-Zahnpasta-75-ml-from-PerioTrap-Pharmaceuticals-GmbH-with-PZN-20029589.webp\" \/>\n\t<meta property=\"og:image:width\" content=\"600\" \/>\n\t<meta property=\"og:image:height\" content=\"600\" \/>\n\t<meta property=\"og:image:type\" content=\"image\/webp\" \/>\n<meta name=\"twitter:card\" content=\"summary_large_image\" \/>\n<meta name=\"twitter:label1\" content=\"Dur\u00e9e de lecture estim\u00e9e\" \/>\n\t<meta name=\"twitter:data1\" content=\"2 minutes\" \/>\n<script type=\"application\/ld+json\" class=\"yoast-schema-graph\">{\"@context\":\"https:\/\/schema.org\",\"@graph\":[{\"@type\":\"WebPage\",\"@id\":\"https:\/\/loewentestneu.metafex.io\/fr\/produit\/periotrap-microbiome-toothpaste-75-ml-20029589\",\"url\":\"https:\/\/loewentestneu.metafex.io\/fr\/produit\/periotrap-microbiome-toothpaste-75-ml-20029589\",\"name\":\"Dentifrice microbiome PerioTrap (75 ml) &#187; - commandez ici\",\"isPartOf\":{\"@id\":\"https:\/\/loewentestneu.metafex.io\/fr#website\"},\"primaryImageOfPage\":{\"@id\":\"https:\/\/loewentestneu.metafex.io\/fr\/produit\/periotrap-microbiome-toothpaste-75-ml-20029589#primaryimage\"},\"image\":{\"@id\":\"https:\/\/loewentestneu.metafex.io\/fr\/produit\/periotrap-microbiome-toothpaste-75-ml-20029589#primaryimage\"},\"thumbnailUrl\":\"https:\/\/loewentestneu.metafex.io\/wp-content\/uploads\/2026\/01\/PerioTrap-Mikrobiom-Zahnpasta-75-ml-from-PerioTrap-Pharmaceuticals-GmbH-with-PZN-20029589.webp\",\"datePublished\":\"2026-01-18T17:29:45+00:00\",\"dateModified\":\"2026-01-26T21:59:56+00:00\",\"description\":\"Pharmacie en ligne allemande enregistr\u00e9e. Nous offrons\u00a0: Exp\u00e9dition internationale rapide. Soins dentaires : Dentifrice microbiome PerioTrap (75 ml).\",\"breadcrumb\":{\"@id\":\"https:\/\/loewentestneu.metafex.io\/fr\/produit\/periotrap-microbiome-toothpaste-75-ml-20029589#breadcrumb\"},\"inLanguage\":\"fr-FR\",\"potentialAction\":[{\"@type\":\"ReadAction\",\"target\":[\"https:\/\/loewentestneu.metafex.io\/fr\/produit\/periotrap-microbiome-toothpaste-75-ml-20029589\"]}]},{\"@type\":\"ImageObject\",\"inLanguage\":\"fr-FR\",\"@id\":\"https:\/\/loewentestneu.metafex.io\/fr\/produit\/periotrap-microbiome-toothpaste-75-ml-20029589#primaryimage\",\"url\":\"https:\/\/loewentestneu.metafex.io\/wp-content\/uploads\/2026\/01\/PerioTrap-Mikrobiom-Zahnpasta-75-ml-from-PerioTrap-Pharmaceuticals-GmbH-with-PZN-20029589.webp\",\"contentUrl\":\"https:\/\/loewentestneu.metafex.io\/wp-content\/uploads\/2026\/01\/PerioTrap-Mikrobiom-Zahnpasta-75-ml-from-PerioTrap-Pharmaceuticals-GmbH-with-PZN-20029589.webp\",\"width\":600,\"height\":600,\"caption\":\"PerioTrap Mikrobiom Zahnpasta 75 ml de PerioTrap Pharmaceuticals GmbH avec PZN-20029589\"},{\"@type\":\"BreadcrumbList\",\"@id\":\"https:\/\/loewentestneu.metafex.io\/fr\/produit\/periotrap-microbiome-toothpaste-75-ml-20029589#breadcrumb\",\"itemListElement\":[{\"@type\":\"ListItem\",\"position\":1,\"name\":\"Home\",\"item\":\"https:\/\/loewentestneu.metafex.io\/fr\/homepage-lion-pharmacy\"},{\"@type\":\"ListItem\",\"position\":2,\"name\":\"Shop\",\"item\":\"https:\/\/loewentestneu.metafex.io\/fr\/boutique\"},{\"@type\":\"ListItem\",\"position\":3,\"name\":\"Dentifrice microbiome PerioTrap (75 ml)\"}]},{\"@type\":\"WebSite\",\"@id\":\"https:\/\/loewentestneu.metafex.io\/fr#website\",\"url\":\"https:\/\/loewentestneu.metafex.io\/fr\",\"name\":\"Lions Pharmacy\",\"description\":\"Pharmacie sp\u00e9cialis\u00e9e en naturopathie de Baden-Baden, Allemagne\",\"publisher\":{\"@id\":\"https:\/\/loewentestneu.metafex.io\/fr#organization\"},\"alternateName\":\"Lion Pharmacy\",\"potentialAction\":[{\"@type\":\"SearchAction\",\"target\":{\"@type\":\"EntryPoint\",\"urlTemplate\":\"https:\/\/loewentestneu.metafex.io\/fr?s={search_term_string}\"},\"query-input\":{\"@type\":\"PropertyValueSpecification\",\"valueRequired\":true,\"valueName\":\"search_term_string\"}}],\"inLanguage\":\"fr-FR\"},{\"@type\":\"Organization\",\"@id\":\"https:\/\/loewentestneu.metafex.io\/fr#organization\",\"name\":\"Lions Pharmacy\",\"alternateName\":\"Lions Pharmacy24\",\"url\":\"https:\/\/loewentestneu.metafex.io\/fr\",\"logo\":{\"@type\":\"ImageObject\",\"inLanguage\":\"fr-FR\",\"@id\":\"https:\/\/loewentestneu.metafex.io\/fr#\/schema\/logo\/image\/\",\"url\":\"https:\/\/loewentestneu.metafex.io\/wp-content\/uploads\/2022\/12\/Logo-Lion-Pharmacy-c-o-Loewen-Apotheke-smal.jpg\",\"contentUrl\":\"https:\/\/loewentestneu.metafex.io\/wp-content\/uploads\/2022\/12\/Logo-Lion-Pharmacy-c-o-Loewen-Apotheke-smal.jpg\",\"width\":298,\"height\":99,\"caption\":\"Lions Pharmacy\"},\"image\":{\"@id\":\"https:\/\/loewentestneu.metafex.io\/fr#\/schema\/logo\/image\/\"}}]}<\/script>\n<!-- \/ Yoast SEO plugin. -->","yoast_head_json":{"title":"Dentifrice microbiome PerioTrap (75 ml) &#187; - commandez ici","description":"Pharmacie en ligne allemande enregistr\u00e9e. Nous offrons\u00a0: Exp\u00e9dition internationale rapide. Soins dentaires : Dentifrice microbiome PerioTrap (75 ml).","robots":{"index":"noindex","follow":"follow","max-snippet":"max-snippet:-1","max-image-preview":"max-image-preview:large","max-video-preview":"max-video-preview:-1"},"og_locale":"fr_FR","og_type":"article","og_title":"Dentifrice microbiome PerioTrap (75 ml) &#187; - commandez ici","og_description":"Pharmacie en ligne allemande enregistr\u00e9e. Nous offrons\u00a0: Exp\u00e9dition internationale rapide. Soins dentaires : Dentifrice microbiome PerioTrap (75 ml).","og_url":"https:\/\/loewentestneu.metafex.io\/fr\/produit\/periotrap-microbiome-toothpaste-75-ml-20029589","og_site_name":"Lion Pharmacy","article_modified_time":"2026-01-26T21:59:56+00:00","og_image":[{"width":600,"height":600,"url":"https:\/\/loewentestneu.metafex.io\/wp-content\/uploads\/2026\/01\/PerioTrap-Mikrobiom-Zahnpasta-75-ml-from-PerioTrap-Pharmaceuticals-GmbH-with-PZN-20029589.webp","type":"image\/webp"}],"twitter_card":"summary_large_image","twitter_misc":{"Dur\u00e9e de lecture estim\u00e9e":"2 minutes"},"schema":{"@context":"https:\/\/schema.org","@graph":[{"@type":"WebPage","@id":"https:\/\/loewentestneu.metafex.io\/fr\/produit\/periotrap-microbiome-toothpaste-75-ml-20029589","url":"https:\/\/loewentestneu.metafex.io\/fr\/produit\/periotrap-microbiome-toothpaste-75-ml-20029589","name":"Dentifrice microbiome PerioTrap (75 ml) &#187; - commandez ici","isPartOf":{"@id":"https:\/\/loewentestneu.metafex.io\/fr#website"},"primaryImageOfPage":{"@id":"https:\/\/loewentestneu.metafex.io\/fr\/produit\/periotrap-microbiome-toothpaste-75-ml-20029589#primaryimage"},"image":{"@id":"https:\/\/loewentestneu.metafex.io\/fr\/produit\/periotrap-microbiome-toothpaste-75-ml-20029589#primaryimage"},"thumbnailUrl":"https:\/\/loewentestneu.metafex.io\/wp-content\/uploads\/2026\/01\/PerioTrap-Mikrobiom-Zahnpasta-75-ml-from-PerioTrap-Pharmaceuticals-GmbH-with-PZN-20029589.webp","datePublished":"2026-01-18T17:29:45+00:00","dateModified":"2026-01-26T21:59:56+00:00","description":"Pharmacie en ligne allemande enregistr\u00e9e. Nous offrons\u00a0: Exp\u00e9dition internationale rapide. Soins dentaires : Dentifrice microbiome PerioTrap (75 ml).","breadcrumb":{"@id":"https:\/\/loewentestneu.metafex.io\/fr\/produit\/periotrap-microbiome-toothpaste-75-ml-20029589#breadcrumb"},"inLanguage":"fr-FR","potentialAction":[{"@type":"ReadAction","target":["https:\/\/loewentestneu.metafex.io\/fr\/produit\/periotrap-microbiome-toothpaste-75-ml-20029589"]}]},{"@type":"ImageObject","inLanguage":"fr-FR","@id":"https:\/\/loewentestneu.metafex.io\/fr\/produit\/periotrap-microbiome-toothpaste-75-ml-20029589#primaryimage","url":"https:\/\/loewentestneu.metafex.io\/wp-content\/uploads\/2026\/01\/PerioTrap-Mikrobiom-Zahnpasta-75-ml-from-PerioTrap-Pharmaceuticals-GmbH-with-PZN-20029589.webp","contentUrl":"https:\/\/loewentestneu.metafex.io\/wp-content\/uploads\/2026\/01\/PerioTrap-Mikrobiom-Zahnpasta-75-ml-from-PerioTrap-Pharmaceuticals-GmbH-with-PZN-20029589.webp","width":600,"height":600,"caption":"PerioTrap Mikrobiom Zahnpasta 75 ml de PerioTrap Pharmaceuticals GmbH avec PZN-20029589"},{"@type":"BreadcrumbList","@id":"https:\/\/loewentestneu.metafex.io\/fr\/produit\/periotrap-microbiome-toothpaste-75-ml-20029589#breadcrumb","itemListElement":[{"@type":"ListItem","position":1,"name":"Home","item":"https:\/\/loewentestneu.metafex.io\/fr\/homepage-lion-pharmacy"},{"@type":"ListItem","position":2,"name":"Shop","item":"https:\/\/loewentestneu.metafex.io\/fr\/boutique"},{"@type":"ListItem","position":3,"name":"Dentifrice microbiome PerioTrap (75 ml)"}]},{"@type":"WebSite","@id":"https:\/\/loewentestneu.metafex.io\/fr#website","url":"https:\/\/loewentestneu.metafex.io\/fr","name":"Lions Pharmacy","description":"Pharmacie sp\u00e9cialis\u00e9e en naturopathie de Baden-Baden, Allemagne","publisher":{"@id":"https:\/\/loewentestneu.metafex.io\/fr#organization"},"alternateName":"Lion Pharmacy","potentialAction":[{"@type":"SearchAction","target":{"@type":"EntryPoint","urlTemplate":"https:\/\/loewentestneu.metafex.io\/fr?s={search_term_string}"},"query-input":{"@type":"PropertyValueSpecification","valueRequired":true,"valueName":"search_term_string"}}],"inLanguage":"fr-FR"},{"@type":"Organization","@id":"https:\/\/loewentestneu.metafex.io\/fr#organization","name":"Lions Pharmacy","alternateName":"Lions Pharmacy24","url":"https:\/\/loewentestneu.metafex.io\/fr","logo":{"@type":"ImageObject","inLanguage":"fr-FR","@id":"https:\/\/loewentestneu.metafex.io\/fr#\/schema\/logo\/image\/","url":"https:\/\/loewentestneu.metafex.io\/wp-content\/uploads\/2022\/12\/Logo-Lion-Pharmacy-c-o-Loewen-Apotheke-smal.jpg","contentUrl":"https:\/\/loewentestneu.metafex.io\/wp-content\/uploads\/2022\/12\/Logo-Lion-Pharmacy-c-o-Loewen-Apotheke-smal.jpg","width":298,"height":99,"caption":"Lions Pharmacy"},"image":{"@id":"https:\/\/loewentestneu.metafex.io\/fr#\/schema\/logo\/image\/"}}]}},"_links":{"self":[{"href":"https:\/\/loewentestneu.metafex.io\/fr\/wp-json\/wp\/v2\/product\/19522","targetHints":{"allow":["GET"]}}],"collection":[{"href":"https:\/\/loewentestneu.metafex.io\/fr\/wp-json\/wp\/v2\/product"}],"about":[{"href":"https:\/\/loewentestneu.metafex.io\/fr\/wp-json\/wp\/v2\/types\/product"}],"replies":[{"embeddable":true,"href":"https:\/\/loewentestneu.metafex.io\/fr\/wp-json\/wp\/v2\/comments?post=19522"}],"wp:featuredmedia":[{"embeddable":true,"href":"https:\/\/loewentestneu.metafex.io\/fr\/wp-json\/wp\/v2\/media\/19527"}],"wp:attachment":[{"href":"https:\/\/loewentestneu.metafex.io\/fr\/wp-json\/wp\/v2\/media?parent=19522"}],"wp:term":[{"taxonomy":"product_brand","embeddable":true,"href":"https:\/\/loewentestneu.metafex.io\/fr\/wp-json\/wp\/v2\/product_brand?post=19522"},{"taxonomy":"product_cat","embeddable":true,"href":"https:\/\/loewentestneu.metafex.io\/fr\/wp-json\/wp\/v2\/product_cat?post=19522"},{"taxonomy":"product_tag","embeddable":true,"href":"https:\/\/loewentestneu.metafex.io\/fr\/wp-json\/wp\/v2\/product_tag?post=19522"}],"curies":[{"name":"wp","href":"https:\/\/api.w.org\/{rel}","templated":true}]}}