{"id":19534,"date":"2026-01-18T20:59:04","date_gmt":"2026-01-18T19:59:04","guid":{"rendered":"https:\/\/lions-pharmacy.com\/?post_type=product&#038;p=19534"},"modified":"2026-01-18T21:19:57","modified_gmt":"2026-01-18T20:19:57","slug":"prostagutt-duo-160-120mg-capsules-200-pcs-16151770","status":"publish","type":"product","link":"https:\/\/loewentestneu.metafex.io\/fr\/produit\/prostagutt-duo-160-120mg-capsules-200-pcs-16151770","title":{"rendered":"Prostagutt duo 160\/120mg g\u00e9lules (200 pcs)"},"content":{"rendered":"<h3 style=\"text-align: left;\">Prostagutt duo 160\/120mg g\u00e9lules<\/h3>\n<p>Prostagutt duo 160\/120mg g\u00e9lules pour les troubles urinaires et l&#8217;hypertrophie b\u00e9nigne de la prostate (HBP).<\/p>\n<p>Ingr\u00e9dients actifs : Extrait \u00e9pais de fruit de palmier nain et extrait sec d&#8217;ortie.<\/p>\n<p>La gu\u00e9rison par les plantes ou les parties de plantes est une longue tradition dans de nombreuses cultures \u00e0 travers le monde. Le Dr Willmar Schwabe est fascin\u00e9 par les vertus curatives des plantes et convaincu que la nature rec\u00e8le de nombreux principes actifs importants pour nous.<\/p>\n<h3 style=\"text-align: left;\">Avec le lavandin m\u00e9dicinal contre l&#8217;agitation int\u00e9rieure et la tension permanente.<\/h3>\n<p>Pour plus d&#8217;informations sur le produit Lasea softgels, veuillez contacter le fabricant : <a href=\"https:\/\/www.lasea.de\/\" target=\"_blank\" rel=\"noopener\">Dr. Willmar Schwabe GmbH &amp; Co. KG<\/a><\/p>\n<p>D&#8217;autres clients sont \u00e9galement int\u00e9ress\u00e9s par les produits li\u00e9s \u00e0 : <a href=\"https:\/\/loewentestneu.metafex.io\/fr\/etiquette-produit\/remedes-naturels\" rel=\"tag\">rem\u00e8des naturels<\/a> | <a href=\"https:\/\/loewentestneu.metafex.io\/fr\/etiquette-produit\/actif-dorigine-vegetale\" rel=\"tag\">Actifs d&#8217;origine v\u00e9g\u00e9tale<\/a> | <a href=\"\/de?product_tag=reiseapotheke\">Trousse de premiers secours <\/a> <\/p>\n<p>Les informations contenues dans ce site web sont fournies \u00e0 titre informatif uniquement. Ils ne remplacent en aucun cas l&#8217;examen et le traitement par un m\u00e9decin. Veuillez noter que cela signifie qu&#8217;aucun diagnostic ne peut \u00eatre \u00e9tabli et qu&#8217;aucune th\u00e9rapie ne peut \u00eatre mise en place.<\/p>\n<p>Pour conna\u00eetre les risques et les effets secondaires, lisez la notice et demandez conseil \u00e0 votre m\u00e9decin ou \u00e0 votre pharmacien.<\/p>\n","protected":false},"excerpt":{"rendered":"<h2>Prostagutt duo 160\/120mg g\u00e9lules<\/h2>\n<p>Pour les probl\u00e8mes urinaires et l&#8217;hypertrophie b\u00e9nigne de la prostate (HBP).<\/p>\n<p>&nbsp;<\/p>\n<p><strong>PZN :<\/strong> 16151770 (num\u00e9ro central de pharmacie)<\/p>\n<p><strong>Forme gal\u00e9nique<\/strong> : g\u00e9lules<\/p>\n<p><strong>Type d\u2019ordonnance<\/strong> : sans ordonnance<\/p>\n<p><strong>Fabricant<\/strong>: Willmar Schwabe GmbH &amp; Co. KG, Karlsruhe, Allemagne<\/p>\n<p><strong>Taille de l&#8217;emballage<\/strong>: 200 pi\u00e8ces.<\/p>\n","protected":false},"featured_media":19541,"comment_status":"closed","ping_status":"closed","template":"","meta":[],"product_brand":[],"product_cat":[460,120,114],"product_tag":[510,464,309,264],"class_list":{"0":"post-19534","1":"product","2":"type-product","3":"status-publish","4":"has-post-thumbnail","6":"product_cat-dr-schwabe","7":"product_cat-sale-fr","8":"product_cat-non-classifiee","9":"product_tag-actif-dorigine-vegetale","10":"product_tag-remedes-naturels","11":"product_tag-vente-mensuelle","12":"product_tag-vitamines-et-supplements","13":"ts_product_brand-all-fr","14":"ts_product_brand-dr-schwabe-fr","16":"first","17":"instock","18":"sale","19":"taxable","20":"shipping-taxable","21":"purchasable","22":"product-type-simple"},"yoast_head":"<!-- This site is optimized with the Yoast SEO plugin v26.5 - https:\/\/yoast.com\/wordpress\/plugins\/seo\/ -->\n<title>Prostagutt duo 160\/120mg g\u00e9lules (200 pcs) &#187; commander ici<\/title>\n<meta name=\"description\" content=\"Lions Pharmacy est une pharmacie allemande enregistr\u00e9e. Nous vous offrons : Une exp\u00e9dition internationale rapide et des achats en ligne en toute s\u00e9curit\u00e9. Prostagutt duo 160\/120mg g\u00e9lules (200 pcs)\" \/>\n<meta name=\"robots\" content=\"noindex, follow, max-snippet:-1, max-image-preview:large, max-video-preview:-1\" \/>\n<meta property=\"og:locale\" content=\"fr_FR\" \/>\n<meta property=\"og:type\" content=\"article\" \/>\n<meta property=\"og:title\" content=\"Prostagutt duo 160\/120mg g\u00e9lules (200 pcs) &#187; commander ici\" \/>\n<meta property=\"og:description\" content=\"Lions Pharmacy est une pharmacie allemande enregistr\u00e9e. Nous vous offrons : Une exp\u00e9dition internationale rapide et des achats en ligne en toute s\u00e9curit\u00e9. Prostagutt duo 160\/120mg g\u00e9lules (200 pcs)\" \/>\n<meta property=\"og:url\" content=\"https:\/\/loewentestneu.metafex.io\/fr\/produit\/prostagutt-duo-160-120mg-capsules-200-pcs-16151770\" \/>\n<meta property=\"og:site_name\" content=\"Lion Pharmacy\" \/>\n<meta property=\"article:modified_time\" content=\"2026-01-18T20:19:57+00:00\" \/>\n<meta property=\"og:image\" content=\"https:\/\/loewentestneu.metafex.io\/wp-content\/uploads\/2026\/01\/Prostagutt-duo-160-120mg-capsules-dr.w.schwabe.webp\" \/>\n\t<meta property=\"og:image:width\" content=\"600\" \/>\n\t<meta property=\"og:image:height\" content=\"600\" \/>\n\t<meta property=\"og:image:type\" content=\"image\/webp\" \/>\n<meta name=\"twitter:card\" content=\"summary_large_image\" \/>\n<meta name=\"twitter:label1\" content=\"Dur\u00e9e de lecture estim\u00e9e\" \/>\n\t<meta name=\"twitter:data1\" content=\"1 minute\" \/>\n<script type=\"application\/ld+json\" class=\"yoast-schema-graph\">{\"@context\":\"https:\/\/schema.org\",\"@graph\":[{\"@type\":\"WebPage\",\"@id\":\"https:\/\/loewentestneu.metafex.io\/fr\/produit\/prostagutt-duo-160-120mg-capsules-200-pcs-16151770\",\"url\":\"https:\/\/loewentestneu.metafex.io\/fr\/produit\/prostagutt-duo-160-120mg-capsules-200-pcs-16151770\",\"name\":\"Prostagutt duo 160\/120mg g\u00e9lules (200 pcs) &#187; commander ici\",\"isPartOf\":{\"@id\":\"https:\/\/loewentestneu.metafex.io\/fr#website\"},\"primaryImageOfPage\":{\"@id\":\"https:\/\/loewentestneu.metafex.io\/fr\/produit\/prostagutt-duo-160-120mg-capsules-200-pcs-16151770#primaryimage\"},\"image\":{\"@id\":\"https:\/\/loewentestneu.metafex.io\/fr\/produit\/prostagutt-duo-160-120mg-capsules-200-pcs-16151770#primaryimage\"},\"thumbnailUrl\":\"https:\/\/loewentestneu.metafex.io\/wp-content\/uploads\/2026\/01\/Prostagutt-duo-160-120mg-capsules-dr.w.schwabe.webp\",\"datePublished\":\"2026-01-18T19:59:04+00:00\",\"dateModified\":\"2026-01-18T20:19:57+00:00\",\"description\":\"Lions Pharmacy est une pharmacie allemande enregistr\u00e9e. Nous vous offrons : Une exp\u00e9dition internationale rapide et des achats en ligne en toute s\u00e9curit\u00e9. Prostagutt duo 160\/120mg g\u00e9lules (200 pcs)\",\"breadcrumb\":{\"@id\":\"https:\/\/loewentestneu.metafex.io\/fr\/produit\/prostagutt-duo-160-120mg-capsules-200-pcs-16151770#breadcrumb\"},\"inLanguage\":\"fr-FR\",\"potentialAction\":[{\"@type\":\"ReadAction\",\"target\":[\"https:\/\/loewentestneu.metafex.io\/fr\/produit\/prostagutt-duo-160-120mg-capsules-200-pcs-16151770\"]}]},{\"@type\":\"ImageObject\",\"inLanguage\":\"fr-FR\",\"@id\":\"https:\/\/loewentestneu.metafex.io\/fr\/produit\/prostagutt-duo-160-120mg-capsules-200-pcs-16151770#primaryimage\",\"url\":\"https:\/\/loewentestneu.metafex.io\/wp-content\/uploads\/2026\/01\/Prostagutt-duo-160-120mg-capsules-dr.w.schwabe.webp\",\"contentUrl\":\"https:\/\/loewentestneu.metafex.io\/wp-content\/uploads\/2026\/01\/Prostagutt-duo-160-120mg-capsules-dr.w.schwabe.webp\",\"width\":600,\"height\":600,\"caption\":\"Prostagutt duo 160 120mg g\u00e9lules dr.w.schwabe\"},{\"@type\":\"BreadcrumbList\",\"@id\":\"https:\/\/loewentestneu.metafex.io\/fr\/produit\/prostagutt-duo-160-120mg-capsules-200-pcs-16151770#breadcrumb\",\"itemListElement\":[{\"@type\":\"ListItem\",\"position\":1,\"name\":\"Home\",\"item\":\"https:\/\/loewentestneu.metafex.io\/fr\/homepage-lion-pharmacy\"},{\"@type\":\"ListItem\",\"position\":2,\"name\":\"Shop\",\"item\":\"https:\/\/loewentestneu.metafex.io\/fr\/boutique\"},{\"@type\":\"ListItem\",\"position\":3,\"name\":\"Prostagutt duo 160\/120mg g\u00e9lules (200 pcs)\"}]},{\"@type\":\"WebSite\",\"@id\":\"https:\/\/loewentestneu.metafex.io\/fr#website\",\"url\":\"https:\/\/loewentestneu.metafex.io\/fr\",\"name\":\"Lions Pharmacy\",\"description\":\"Pharmacie sp\u00e9cialis\u00e9e en naturopathie de Baden-Baden, Allemagne\",\"publisher\":{\"@id\":\"https:\/\/loewentestneu.metafex.io\/fr#organization\"},\"alternateName\":\"Lion Pharmacy\",\"potentialAction\":[{\"@type\":\"SearchAction\",\"target\":{\"@type\":\"EntryPoint\",\"urlTemplate\":\"https:\/\/loewentestneu.metafex.io\/fr?s={search_term_string}\"},\"query-input\":{\"@type\":\"PropertyValueSpecification\",\"valueRequired\":true,\"valueName\":\"search_term_string\"}}],\"inLanguage\":\"fr-FR\"},{\"@type\":\"Organization\",\"@id\":\"https:\/\/loewentestneu.metafex.io\/fr#organization\",\"name\":\"Lions Pharmacy\",\"alternateName\":\"Lions Pharmacy24\",\"url\":\"https:\/\/loewentestneu.metafex.io\/fr\",\"logo\":{\"@type\":\"ImageObject\",\"inLanguage\":\"fr-FR\",\"@id\":\"https:\/\/loewentestneu.metafex.io\/fr#\/schema\/logo\/image\/\",\"url\":\"https:\/\/loewentestneu.metafex.io\/wp-content\/uploads\/2022\/12\/Logo-Lion-Pharmacy-c-o-Loewen-Apotheke-smal.jpg\",\"contentUrl\":\"https:\/\/loewentestneu.metafex.io\/wp-content\/uploads\/2022\/12\/Logo-Lion-Pharmacy-c-o-Loewen-Apotheke-smal.jpg\",\"width\":298,\"height\":99,\"caption\":\"Lions Pharmacy\"},\"image\":{\"@id\":\"https:\/\/loewentestneu.metafex.io\/fr#\/schema\/logo\/image\/\"}}]}<\/script>\n<!-- \/ Yoast SEO plugin. -->","yoast_head_json":{"title":"Prostagutt duo 160\/120mg g\u00e9lules (200 pcs) &#187; commander ici","description":"Lions Pharmacy est une pharmacie allemande enregistr\u00e9e. Nous vous offrons : Une exp\u00e9dition internationale rapide et des achats en ligne en toute s\u00e9curit\u00e9. Prostagutt duo 160\/120mg g\u00e9lules (200 pcs)","robots":{"index":"noindex","follow":"follow","max-snippet":"max-snippet:-1","max-image-preview":"max-image-preview:large","max-video-preview":"max-video-preview:-1"},"og_locale":"fr_FR","og_type":"article","og_title":"Prostagutt duo 160\/120mg g\u00e9lules (200 pcs) &#187; commander ici","og_description":"Lions Pharmacy est une pharmacie allemande enregistr\u00e9e. Nous vous offrons : Une exp\u00e9dition internationale rapide et des achats en ligne en toute s\u00e9curit\u00e9. Prostagutt duo 160\/120mg g\u00e9lules (200 pcs)","og_url":"https:\/\/loewentestneu.metafex.io\/fr\/produit\/prostagutt-duo-160-120mg-capsules-200-pcs-16151770","og_site_name":"Lion Pharmacy","article_modified_time":"2026-01-18T20:19:57+00:00","og_image":[{"width":600,"height":600,"url":"https:\/\/loewentestneu.metafex.io\/wp-content\/uploads\/2026\/01\/Prostagutt-duo-160-120mg-capsules-dr.w.schwabe.webp","type":"image\/webp"}],"twitter_card":"summary_large_image","twitter_misc":{"Dur\u00e9e de lecture estim\u00e9e":"1 minute"},"schema":{"@context":"https:\/\/schema.org","@graph":[{"@type":"WebPage","@id":"https:\/\/loewentestneu.metafex.io\/fr\/produit\/prostagutt-duo-160-120mg-capsules-200-pcs-16151770","url":"https:\/\/loewentestneu.metafex.io\/fr\/produit\/prostagutt-duo-160-120mg-capsules-200-pcs-16151770","name":"Prostagutt duo 160\/120mg g\u00e9lules (200 pcs) &#187; commander ici","isPartOf":{"@id":"https:\/\/loewentestneu.metafex.io\/fr#website"},"primaryImageOfPage":{"@id":"https:\/\/loewentestneu.metafex.io\/fr\/produit\/prostagutt-duo-160-120mg-capsules-200-pcs-16151770#primaryimage"},"image":{"@id":"https:\/\/loewentestneu.metafex.io\/fr\/produit\/prostagutt-duo-160-120mg-capsules-200-pcs-16151770#primaryimage"},"thumbnailUrl":"https:\/\/loewentestneu.metafex.io\/wp-content\/uploads\/2026\/01\/Prostagutt-duo-160-120mg-capsules-dr.w.schwabe.webp","datePublished":"2026-01-18T19:59:04+00:00","dateModified":"2026-01-18T20:19:57+00:00","description":"Lions Pharmacy est une pharmacie allemande enregistr\u00e9e. Nous vous offrons : Une exp\u00e9dition internationale rapide et des achats en ligne en toute s\u00e9curit\u00e9. Prostagutt duo 160\/120mg g\u00e9lules (200 pcs)","breadcrumb":{"@id":"https:\/\/loewentestneu.metafex.io\/fr\/produit\/prostagutt-duo-160-120mg-capsules-200-pcs-16151770#breadcrumb"},"inLanguage":"fr-FR","potentialAction":[{"@type":"ReadAction","target":["https:\/\/loewentestneu.metafex.io\/fr\/produit\/prostagutt-duo-160-120mg-capsules-200-pcs-16151770"]}]},{"@type":"ImageObject","inLanguage":"fr-FR","@id":"https:\/\/loewentestneu.metafex.io\/fr\/produit\/prostagutt-duo-160-120mg-capsules-200-pcs-16151770#primaryimage","url":"https:\/\/loewentestneu.metafex.io\/wp-content\/uploads\/2026\/01\/Prostagutt-duo-160-120mg-capsules-dr.w.schwabe.webp","contentUrl":"https:\/\/loewentestneu.metafex.io\/wp-content\/uploads\/2026\/01\/Prostagutt-duo-160-120mg-capsules-dr.w.schwabe.webp","width":600,"height":600,"caption":"Prostagutt duo 160 120mg g\u00e9lules dr.w.schwabe"},{"@type":"BreadcrumbList","@id":"https:\/\/loewentestneu.metafex.io\/fr\/produit\/prostagutt-duo-160-120mg-capsules-200-pcs-16151770#breadcrumb","itemListElement":[{"@type":"ListItem","position":1,"name":"Home","item":"https:\/\/loewentestneu.metafex.io\/fr\/homepage-lion-pharmacy"},{"@type":"ListItem","position":2,"name":"Shop","item":"https:\/\/loewentestneu.metafex.io\/fr\/boutique"},{"@type":"ListItem","position":3,"name":"Prostagutt duo 160\/120mg g\u00e9lules (200 pcs)"}]},{"@type":"WebSite","@id":"https:\/\/loewentestneu.metafex.io\/fr#website","url":"https:\/\/loewentestneu.metafex.io\/fr","name":"Lions Pharmacy","description":"Pharmacie sp\u00e9cialis\u00e9e en naturopathie de Baden-Baden, Allemagne","publisher":{"@id":"https:\/\/loewentestneu.metafex.io\/fr#organization"},"alternateName":"Lion Pharmacy","potentialAction":[{"@type":"SearchAction","target":{"@type":"EntryPoint","urlTemplate":"https:\/\/loewentestneu.metafex.io\/fr?s={search_term_string}"},"query-input":{"@type":"PropertyValueSpecification","valueRequired":true,"valueName":"search_term_string"}}],"inLanguage":"fr-FR"},{"@type":"Organization","@id":"https:\/\/loewentestneu.metafex.io\/fr#organization","name":"Lions Pharmacy","alternateName":"Lions Pharmacy24","url":"https:\/\/loewentestneu.metafex.io\/fr","logo":{"@type":"ImageObject","inLanguage":"fr-FR","@id":"https:\/\/loewentestneu.metafex.io\/fr#\/schema\/logo\/image\/","url":"https:\/\/loewentestneu.metafex.io\/wp-content\/uploads\/2022\/12\/Logo-Lion-Pharmacy-c-o-Loewen-Apotheke-smal.jpg","contentUrl":"https:\/\/loewentestneu.metafex.io\/wp-content\/uploads\/2022\/12\/Logo-Lion-Pharmacy-c-o-Loewen-Apotheke-smal.jpg","width":298,"height":99,"caption":"Lions Pharmacy"},"image":{"@id":"https:\/\/loewentestneu.metafex.io\/fr#\/schema\/logo\/image\/"}}]}},"_links":{"self":[{"href":"https:\/\/loewentestneu.metafex.io\/fr\/wp-json\/wp\/v2\/product\/19534","targetHints":{"allow":["GET"]}}],"collection":[{"href":"https:\/\/loewentestneu.metafex.io\/fr\/wp-json\/wp\/v2\/product"}],"about":[{"href":"https:\/\/loewentestneu.metafex.io\/fr\/wp-json\/wp\/v2\/types\/product"}],"replies":[{"embeddable":true,"href":"https:\/\/loewentestneu.metafex.io\/fr\/wp-json\/wp\/v2\/comments?post=19534"}],"wp:featuredmedia":[{"embeddable":true,"href":"https:\/\/loewentestneu.metafex.io\/fr\/wp-json\/wp\/v2\/media\/19541"}],"wp:attachment":[{"href":"https:\/\/loewentestneu.metafex.io\/fr\/wp-json\/wp\/v2\/media?parent=19534"}],"wp:term":[{"taxonomy":"product_brand","embeddable":true,"href":"https:\/\/loewentestneu.metafex.io\/fr\/wp-json\/wp\/v2\/product_brand?post=19534"},{"taxonomy":"product_cat","embeddable":true,"href":"https:\/\/loewentestneu.metafex.io\/fr\/wp-json\/wp\/v2\/product_cat?post=19534"},{"taxonomy":"product_tag","embeddable":true,"href":"https:\/\/loewentestneu.metafex.io\/fr\/wp-json\/wp\/v2\/product_tag?post=19534"}],"curies":[{"name":"wp","href":"https:\/\/api.w.org\/{rel}","templated":true}]}}