{"id":20085,"date":"2026-01-31T07:57:51","date_gmt":"2026-01-31T06:57:51","guid":{"rendered":"https:\/\/lions-pharmacy.com\/?post_type=product&#038;p=20085"},"modified":"2026-01-31T08:12:43","modified_gmt":"2026-01-31T07:12:43","slug":"tebonin-konzent-240mg-film-coated-tablets-30-pcs-07752016","status":"publish","type":"product","link":"https:\/\/loewentestneu.metafex.io\/fr\/produit\/tebonin-konzent-240mg-film-coated-tablets-30-pcs-07752016","title":{"rendered":"Tebonin Konzent 240mg comprim\u00e9s pellicul\u00e9s (30 pcs.)"},"content":{"rendered":"<h2 style=\"text-align: left;\">Tebonin Konzent 240mg Comprim\u00e9s pellicul\u00e9s<\/h2>\n<p>Tebonin Konzent 240mg Filmtabletten est une phytoth\u00e9rapie de haute qualit\u00e9 utilis\u00e9e pour le traitement de l\u2019oubli et du manque de concentration chez les personnes \u00e2g\u00e9es, pour l\u2019am\u00e9lioration des d\u00e9ficits de performance mentale est utilis\u00e9 dans la d\u00e9mence l\u00e9g\u00e8re et dans certaines formes de vertiges ainsi que les bourdonnements d\u2019oreilles et les acouph\u00e8nes. L\u2019extrait sp\u00e9cial standardis\u00e9 de ginkgo EGb 761\u00ae (dans Tebonin\u00ae konzent\u00ae 240 mg) &#8211; \u00e9tudi\u00e9, d\u00e9velopp\u00e9 et fabriqu\u00e9 en Allemagne &#8211; peut contrer le d\u00e9clin mental d\u00e8s l\u2019apparition des premiers signes de troubles de la m\u00e9moire et \u00e0 condition qu\u2019il soit pris sur une p\u00e9riode plus longue et \u00e0 fortes doses.<\/p>\n<p>Willmar Schwabe GmbH &amp; Co. KG est la soci\u00e9t\u00e9 m\u00e8re du groupe Schwabe et est \u00e9galement d\u00e9sign\u00e9e sous le nom de groupe de soci\u00e9t\u00e9s Schwabe ou groupe Schwabe. L&#8217;entreprise pharmaceutique a \u00e9t\u00e9 fond\u00e9e \u00e0 Leipzig en 1865. Le si\u00e8ge a \u00e9t\u00e9 transf\u00e9r\u00e9 \u00e0 Karlsruhe en 1946. Le groupe se concentre sur les secteurs de la sant\u00e9 et de la pharmacie, se sp\u00e9cialisant dans les m\u00e9dicaments \u00e0 base de plantes m\u00e9dicinales et hom\u00e9opathiques, les produits phytopharmaceutiques et hom\u00e9opathiques, les compl\u00e9ments alimentaires \u00e0 base de plantes m\u00e9dicinales et les services compl\u00e9mentaires de sant\u00e9 holistique et d&#8217;auto-assistance, tels que les programmes de formation \u00e0 la sant\u00e9 mentale et physique. Il s&#8217;agit notamment des marques Tebonin, Umckaloabo.<\/p>\n<p>Autres produits de <a href=\"https:\/\/loewentestneu.metafex.io\/fr\/product-category\/dr-schwabe\">Dr. Schwabe dans notre assortiment<\/a><\/p>\n<p>Vous trouverez d\u2019autres d\u00e9tails sur le produit aupr\u00e8s du fabricant : <a href=\"https:\/\/www.tebonin.de\/\" target=\"_blank\" rel=\"noopener\">Informations sur le produit et le fabricant Dr. Schwabe<\/a><\/p>\n<p>D&#8217;autres clients ont \u00e9galement \u00e9t\u00e9 int\u00e9ress\u00e9s par les produits li\u00e9s \u00e0 : Dememz | <a href=\"\/de?product_tag=vital\">Vitalit\u00e9, perte de performance et oubli<\/a> | <a href=\"https:\/\/loewentestneu.metafex.io\/fr\/etiquette-produit\/vertiges\" rel=\"tag\">vertiges<\/a><\/p>\n<p>Pour conna\u00eetre les risques et les effets secondaires, lisez la notice et demandez conseil \u00e0 votre m\u00e9decin ou \u00e0 votre pharmacien.<\/p>\n<p>&nbsp;<\/p>\n<h3 style=\"text-align: left;\">Ordonnance | e-prescription disponible ?<\/h3>\n<p>Soumettez votre e-prescription d\u00e8s maintenant. Utilisez notre application <a href=\"https:\/\/e-rezept-app.de\/shop-rezept\" target=\"_blank\" rel=\"noopener\">d\u2019ordonnance \u00e9lectronique<\/a> . Et nous vous donnons les frais de port gratuitement&nbsp;!<\/p>\n","protected":false},"excerpt":{"rendered":"<h2 style=\"text-align: left;\">Tebonin Konzent 240mg comprim\u00e9s pellicul\u00e9s<\/h2>\n<p>Pour l\u2019am\u00e9lioration des d\u00e9ficits de performance mentale, dans la d\u00e9mence l\u00e9g\u00e8re.<\/p>\n<p>&nbsp;<\/p>\n<p><strong>PZN :<\/strong> 07752016 (Pharma Central Number)<\/p>\n<p><strong>Forme pharmaceutique<\/strong>: comprim\u00e9s pellicul\u00e9s &#8211; 30 pi\u00e8ces<\/p>\n<p><strong>Type d\u2019ordonnance<\/strong> : sans ordonnance<\/p>\n<p><strong>Marque<\/strong>&nbsp;: Tebonin<\/p>\n<p><strong>Fabricant<\/strong>: Willmar Schwabe GmbH &amp; Co.KG<\/p>\n","protected":false},"featured_media":4344,"comment_status":"closed","ping_status":"closed","template":"","meta":[],"product_brand":[],"product_cat":[460,120,114],"product_tag":[318,510,465,464,535,498],"class_list":{"0":"post-20085","1":"product","2":"type-product","3":"status-publish","4":"has-post-thumbnail","6":"product_cat-dr-schwabe","7":"product_cat-sale-fr","8":"product_cat-non-classifiee","9":"product_tag-acouphene","10":"product_tag-actif-dorigine-vegetale","11":"product_tag-dr-schwabe-fr","12":"product_tag-remedes-naturels","13":"product_tag-tebonin-fr","14":"product_tag-vertiges","15":"ts_product_brand-all-fr","16":"ts_product_brand-dr-schwabe-fr","18":"first","19":"instock","20":"sale","21":"taxable","22":"shipping-taxable","23":"purchasable","24":"product-type-simple"},"yoast_head":"<!-- This site is optimized with the Yoast SEO plugin v26.5 - https:\/\/yoast.com\/wordpress\/plugins\/seo\/ -->\n<title>Tebonin Konzent 240mg comprim\u00e9s pellicul\u00e9s (30 pcs.) &#187; Lion Pharmacy<\/title>\n<meta name=\"description\" content=\"Pharmacie allemande agr\u00e9\u00e9e : Livraison internationale rapide, achats en toute s\u00e9curit\u00e9. Dr.W. Schwabe :\" \/>\n<meta name=\"robots\" content=\"noindex, follow, max-snippet:-1, max-image-preview:large, max-video-preview:-1\" \/>\n<meta property=\"og:locale\" content=\"fr_FR\" \/>\n<meta property=\"og:type\" content=\"article\" \/>\n<meta property=\"og:title\" content=\"Tebonin Konzent 240mg comprim\u00e9s pellicul\u00e9s (30 pcs.) &#187; Lion Pharmacy\" \/>\n<meta property=\"og:description\" content=\"Pharmacie allemande agr\u00e9\u00e9e : Livraison internationale rapide, achats en toute s\u00e9curit\u00e9. Dr.W. Schwabe :\" \/>\n<meta property=\"og:url\" content=\"https:\/\/loewentestneu.metafex.io\/fr\/produit\/tebonin-konzent-240mg-film-coated-tablets-30-pcs-07752016\" \/>\n<meta property=\"og:site_name\" content=\"Lion Pharmacy\" \/>\n<meta property=\"article:modified_time\" content=\"2026-01-31T07:12:43+00:00\" \/>\n<meta property=\"og:image\" content=\"https:\/\/loewentestneu.metafex.io\/wp-content\/uploads\/2024\/09\/Tebonin-Konzent-.webp\" \/>\n\t<meta property=\"og:image:width\" content=\"600\" \/>\n\t<meta property=\"og:image:height\" content=\"600\" \/>\n\t<meta property=\"og:image:type\" content=\"image\/webp\" \/>\n<meta name=\"twitter:card\" content=\"summary_large_image\" \/>\n<meta name=\"twitter:label1\" content=\"Dur\u00e9e de lecture estim\u00e9e\" \/>\n\t<meta name=\"twitter:data1\" content=\"2 minutes\" \/>\n<script type=\"application\/ld+json\" class=\"yoast-schema-graph\">{\"@context\":\"https:\/\/schema.org\",\"@graph\":[{\"@type\":\"WebPage\",\"@id\":\"https:\/\/loewentestneu.metafex.io\/fr\/produit\/tebonin-konzent-240mg-film-coated-tablets-30-pcs-07752016\",\"url\":\"https:\/\/loewentestneu.metafex.io\/fr\/produit\/tebonin-konzent-240mg-film-coated-tablets-30-pcs-07752016\",\"name\":\"Tebonin Konzent 240mg comprim\u00e9s pellicul\u00e9s (30 pcs.) &#187; Lion Pharmacy\",\"isPartOf\":{\"@id\":\"https:\/\/loewentestneu.metafex.io\/fr#website\"},\"primaryImageOfPage\":{\"@id\":\"https:\/\/loewentestneu.metafex.io\/fr\/produit\/tebonin-konzent-240mg-film-coated-tablets-30-pcs-07752016#primaryimage\"},\"image\":{\"@id\":\"https:\/\/loewentestneu.metafex.io\/fr\/produit\/tebonin-konzent-240mg-film-coated-tablets-30-pcs-07752016#primaryimage\"},\"thumbnailUrl\":\"https:\/\/loewentestneu.metafex.io\/wp-content\/uploads\/2024\/09\/Tebonin-Konzent-.webp\",\"datePublished\":\"2026-01-31T06:57:51+00:00\",\"dateModified\":\"2026-01-31T07:12:43+00:00\",\"description\":\"Pharmacie allemande agr\u00e9\u00e9e : Livraison internationale rapide, achats en toute s\u00e9curit\u00e9. Dr.W. Schwabe :\",\"breadcrumb\":{\"@id\":\"https:\/\/loewentestneu.metafex.io\/fr\/produit\/tebonin-konzent-240mg-film-coated-tablets-30-pcs-07752016#breadcrumb\"},\"inLanguage\":\"fr-FR\",\"potentialAction\":[{\"@type\":\"ReadAction\",\"target\":[\"https:\/\/loewentestneu.metafex.io\/fr\/produit\/tebonin-konzent-240mg-film-coated-tablets-30-pcs-07752016\"]}]},{\"@type\":\"ImageObject\",\"inLanguage\":\"fr-FR\",\"@id\":\"https:\/\/loewentestneu.metafex.io\/fr\/produit\/tebonin-konzent-240mg-film-coated-tablets-30-pcs-07752016#primaryimage\",\"url\":\"https:\/\/loewentestneu.metafex.io\/wp-content\/uploads\/2024\/09\/Tebonin-Konzent-.webp\",\"contentUrl\":\"https:\/\/loewentestneu.metafex.io\/wp-content\/uploads\/2024\/09\/Tebonin-Konzent-.webp\",\"width\":600,\"height\":600,\"caption\":\"Tebonin Konzent 240 mg, Pharmacie Lions, Dr. Schwabe, PZN 02293816\"},{\"@type\":\"BreadcrumbList\",\"@id\":\"https:\/\/loewentestneu.metafex.io\/fr\/produit\/tebonin-konzent-240mg-film-coated-tablets-30-pcs-07752016#breadcrumb\",\"itemListElement\":[{\"@type\":\"ListItem\",\"position\":1,\"name\":\"Home\",\"item\":\"https:\/\/loewentestneu.metafex.io\/fr\/homepage-lion-pharmacy\"},{\"@type\":\"ListItem\",\"position\":2,\"name\":\"Shop\",\"item\":\"https:\/\/loewentestneu.metafex.io\/fr\/boutique\"},{\"@type\":\"ListItem\",\"position\":3,\"name\":\"Tebonin Konzent 240mg comprim\u00e9s pellicul\u00e9s (30 pcs.)\"}]},{\"@type\":\"WebSite\",\"@id\":\"https:\/\/loewentestneu.metafex.io\/fr#website\",\"url\":\"https:\/\/loewentestneu.metafex.io\/fr\",\"name\":\"Lions Pharmacy\",\"description\":\"Pharmacie sp\u00e9cialis\u00e9e en naturopathie de Baden-Baden, Allemagne\",\"publisher\":{\"@id\":\"https:\/\/loewentestneu.metafex.io\/fr#organization\"},\"alternateName\":\"Lion Pharmacy\",\"potentialAction\":[{\"@type\":\"SearchAction\",\"target\":{\"@type\":\"EntryPoint\",\"urlTemplate\":\"https:\/\/loewentestneu.metafex.io\/fr?s={search_term_string}\"},\"query-input\":{\"@type\":\"PropertyValueSpecification\",\"valueRequired\":true,\"valueName\":\"search_term_string\"}}],\"inLanguage\":\"fr-FR\"},{\"@type\":\"Organization\",\"@id\":\"https:\/\/loewentestneu.metafex.io\/fr#organization\",\"name\":\"Lions Pharmacy\",\"alternateName\":\"Lions Pharmacy24\",\"url\":\"https:\/\/loewentestneu.metafex.io\/fr\",\"logo\":{\"@type\":\"ImageObject\",\"inLanguage\":\"fr-FR\",\"@id\":\"https:\/\/loewentestneu.metafex.io\/fr#\/schema\/logo\/image\/\",\"url\":\"https:\/\/loewentestneu.metafex.io\/wp-content\/uploads\/2022\/12\/Logo-Lion-Pharmacy-c-o-Loewen-Apotheke-smal.jpg\",\"contentUrl\":\"https:\/\/loewentestneu.metafex.io\/wp-content\/uploads\/2022\/12\/Logo-Lion-Pharmacy-c-o-Loewen-Apotheke-smal.jpg\",\"width\":298,\"height\":99,\"caption\":\"Lions Pharmacy\"},\"image\":{\"@id\":\"https:\/\/loewentestneu.metafex.io\/fr#\/schema\/logo\/image\/\"}}]}<\/script>\n<!-- \/ Yoast SEO plugin. -->","yoast_head_json":{"title":"Tebonin Konzent 240mg comprim\u00e9s pellicul\u00e9s (30 pcs.) &#187; Lion Pharmacy","description":"Pharmacie allemande agr\u00e9\u00e9e : Livraison internationale rapide, achats en toute s\u00e9curit\u00e9. Dr.W. Schwabe :","robots":{"index":"noindex","follow":"follow","max-snippet":"max-snippet:-1","max-image-preview":"max-image-preview:large","max-video-preview":"max-video-preview:-1"},"og_locale":"fr_FR","og_type":"article","og_title":"Tebonin Konzent 240mg comprim\u00e9s pellicul\u00e9s (30 pcs.) &#187; Lion Pharmacy","og_description":"Pharmacie allemande agr\u00e9\u00e9e : Livraison internationale rapide, achats en toute s\u00e9curit\u00e9. Dr.W. Schwabe :","og_url":"https:\/\/loewentestneu.metafex.io\/fr\/produit\/tebonin-konzent-240mg-film-coated-tablets-30-pcs-07752016","og_site_name":"Lion Pharmacy","article_modified_time":"2026-01-31T07:12:43+00:00","og_image":[{"width":600,"height":600,"url":"https:\/\/loewentestneu.metafex.io\/wp-content\/uploads\/2024\/09\/Tebonin-Konzent-.webp","type":"image\/webp"}],"twitter_card":"summary_large_image","twitter_misc":{"Dur\u00e9e de lecture estim\u00e9e":"2 minutes"},"schema":{"@context":"https:\/\/schema.org","@graph":[{"@type":"WebPage","@id":"https:\/\/loewentestneu.metafex.io\/fr\/produit\/tebonin-konzent-240mg-film-coated-tablets-30-pcs-07752016","url":"https:\/\/loewentestneu.metafex.io\/fr\/produit\/tebonin-konzent-240mg-film-coated-tablets-30-pcs-07752016","name":"Tebonin Konzent 240mg comprim\u00e9s pellicul\u00e9s (30 pcs.) &#187; Lion Pharmacy","isPartOf":{"@id":"https:\/\/loewentestneu.metafex.io\/fr#website"},"primaryImageOfPage":{"@id":"https:\/\/loewentestneu.metafex.io\/fr\/produit\/tebonin-konzent-240mg-film-coated-tablets-30-pcs-07752016#primaryimage"},"image":{"@id":"https:\/\/loewentestneu.metafex.io\/fr\/produit\/tebonin-konzent-240mg-film-coated-tablets-30-pcs-07752016#primaryimage"},"thumbnailUrl":"https:\/\/loewentestneu.metafex.io\/wp-content\/uploads\/2024\/09\/Tebonin-Konzent-.webp","datePublished":"2026-01-31T06:57:51+00:00","dateModified":"2026-01-31T07:12:43+00:00","description":"Pharmacie allemande agr\u00e9\u00e9e : Livraison internationale rapide, achats en toute s\u00e9curit\u00e9. Dr.W. Schwabe :","breadcrumb":{"@id":"https:\/\/loewentestneu.metafex.io\/fr\/produit\/tebonin-konzent-240mg-film-coated-tablets-30-pcs-07752016#breadcrumb"},"inLanguage":"fr-FR","potentialAction":[{"@type":"ReadAction","target":["https:\/\/loewentestneu.metafex.io\/fr\/produit\/tebonin-konzent-240mg-film-coated-tablets-30-pcs-07752016"]}]},{"@type":"ImageObject","inLanguage":"fr-FR","@id":"https:\/\/loewentestneu.metafex.io\/fr\/produit\/tebonin-konzent-240mg-film-coated-tablets-30-pcs-07752016#primaryimage","url":"https:\/\/loewentestneu.metafex.io\/wp-content\/uploads\/2024\/09\/Tebonin-Konzent-.webp","contentUrl":"https:\/\/loewentestneu.metafex.io\/wp-content\/uploads\/2024\/09\/Tebonin-Konzent-.webp","width":600,"height":600,"caption":"Tebonin Konzent 240 mg, Pharmacie Lions, Dr. Schwabe, PZN 02293816"},{"@type":"BreadcrumbList","@id":"https:\/\/loewentestneu.metafex.io\/fr\/produit\/tebonin-konzent-240mg-film-coated-tablets-30-pcs-07752016#breadcrumb","itemListElement":[{"@type":"ListItem","position":1,"name":"Home","item":"https:\/\/loewentestneu.metafex.io\/fr\/homepage-lion-pharmacy"},{"@type":"ListItem","position":2,"name":"Shop","item":"https:\/\/loewentestneu.metafex.io\/fr\/boutique"},{"@type":"ListItem","position":3,"name":"Tebonin Konzent 240mg comprim\u00e9s pellicul\u00e9s (30 pcs.)"}]},{"@type":"WebSite","@id":"https:\/\/loewentestneu.metafex.io\/fr#website","url":"https:\/\/loewentestneu.metafex.io\/fr","name":"Lions Pharmacy","description":"Pharmacie sp\u00e9cialis\u00e9e en naturopathie de Baden-Baden, Allemagne","publisher":{"@id":"https:\/\/loewentestneu.metafex.io\/fr#organization"},"alternateName":"Lion Pharmacy","potentialAction":[{"@type":"SearchAction","target":{"@type":"EntryPoint","urlTemplate":"https:\/\/loewentestneu.metafex.io\/fr?s={search_term_string}"},"query-input":{"@type":"PropertyValueSpecification","valueRequired":true,"valueName":"search_term_string"}}],"inLanguage":"fr-FR"},{"@type":"Organization","@id":"https:\/\/loewentestneu.metafex.io\/fr#organization","name":"Lions Pharmacy","alternateName":"Lions Pharmacy24","url":"https:\/\/loewentestneu.metafex.io\/fr","logo":{"@type":"ImageObject","inLanguage":"fr-FR","@id":"https:\/\/loewentestneu.metafex.io\/fr#\/schema\/logo\/image\/","url":"https:\/\/loewentestneu.metafex.io\/wp-content\/uploads\/2022\/12\/Logo-Lion-Pharmacy-c-o-Loewen-Apotheke-smal.jpg","contentUrl":"https:\/\/loewentestneu.metafex.io\/wp-content\/uploads\/2022\/12\/Logo-Lion-Pharmacy-c-o-Loewen-Apotheke-smal.jpg","width":298,"height":99,"caption":"Lions Pharmacy"},"image":{"@id":"https:\/\/loewentestneu.metafex.io\/fr#\/schema\/logo\/image\/"}}]}},"_links":{"self":[{"href":"https:\/\/loewentestneu.metafex.io\/fr\/wp-json\/wp\/v2\/product\/20085","targetHints":{"allow":["GET"]}}],"collection":[{"href":"https:\/\/loewentestneu.metafex.io\/fr\/wp-json\/wp\/v2\/product"}],"about":[{"href":"https:\/\/loewentestneu.metafex.io\/fr\/wp-json\/wp\/v2\/types\/product"}],"replies":[{"embeddable":true,"href":"https:\/\/loewentestneu.metafex.io\/fr\/wp-json\/wp\/v2\/comments?post=20085"}],"wp:featuredmedia":[{"embeddable":true,"href":"https:\/\/loewentestneu.metafex.io\/fr\/wp-json\/wp\/v2\/media\/4344"}],"wp:attachment":[{"href":"https:\/\/loewentestneu.metafex.io\/fr\/wp-json\/wp\/v2\/media?parent=20085"}],"wp:term":[{"taxonomy":"product_brand","embeddable":true,"href":"https:\/\/loewentestneu.metafex.io\/fr\/wp-json\/wp\/v2\/product_brand?post=20085"},{"taxonomy":"product_cat","embeddable":true,"href":"https:\/\/loewentestneu.metafex.io\/fr\/wp-json\/wp\/v2\/product_cat?post=20085"},{"taxonomy":"product_tag","embeddable":true,"href":"https:\/\/loewentestneu.metafex.io\/fr\/wp-json\/wp\/v2\/product_tag?post=20085"}],"curies":[{"name":"wp","href":"https:\/\/api.w.org\/{rel}","templated":true}]}}