{"id":20143,"date":"2026-02-01T07:26:12","date_gmt":"2026-02-01T06:26:12","guid":{"rendered":"https:\/\/lions-pharmacy.com\/?post_type=product&#038;p=20143"},"modified":"2026-02-01T08:44:25","modified_gmt":"2026-02-01T07:44:25","slug":"folic-acid-injektopas-5-mg-100-x-2ml-11155786","status":"publish","type":"product","link":"https:\/\/loewentestneu.metafex.io\/fr\/produit\/folic-acid-injektopas-5-mg-100-x-2ml-11155786","title":{"rendered":"Acide folique Injektopas 5 mg (100 x 1ml)"},"content":{"rendered":"<h2>Acide folique Injektopas 5 mg<\/h2>\n<p>Acide folique Injektopas\u00ae 5 mg est une pr\u00e9paration vitaminique destin\u00e9e \u00e0 la prophylaxie et \u00e0 la th\u00e9rapie des \u00e9tats de carence en acide folique lorsque la suppl\u00e9mentation orale en acide folique n&#8217;est pas possible ou que la correction rapide d&#8217;un \u00e9tat de carence prononc\u00e9 est requise d&#8217;urgence.<\/p>\n<p>Injektopas\u00ae 5 mg<br \/>\nIngr\u00e9dient actif : Acide folique 5 mg de solution injectable.<\/p>\n<p>Le portefeuille Pascoe comprend environ 200 produits. Il s\u2019agit notamment des m\u00e9dicaments \u00e0 base de plantes, des pr\u00e9parations vitamin\u00e9es \u00e0 forte dose, des rem\u00e8des complexes hom\u00e9opathiques et des compl\u00e9ments alimentaires. La vari\u00e9t\u00e9 des m\u00e9dicaments tient compte des exigences complexes des produits de sant\u00e9. Notre succ\u00e8s nous donne \u00e9galement raison \u00e0 l\u2019international : nos produits sont export\u00e9s dans plus de 30 pays \u00e0 travers le monde, et la tendance est \u00e0 la hausse.<\/p>\n<p>Autres produits pour l\u2019application&nbsp;: <a href=\"https:\/\/loewentestneu.metafex.io\/fr\/etiquette-produit\/homeopathie\">Hom\u00e9opathie<\/a> | <a href=\"https:\/\/loewentestneu.metafex.io\/fr\/etiquette-produit\/vitamines-et-supplements\">Vitamines<\/a> | <a href=\"https:\/\/loewentestneu.metafex.io\/fr\/etiquette-produit\/infection-virale\">Infections <\/a> <\/p>\n<p>En apprendre plus sur manufactorer et ce produit: <a href=\"https:\/\/www.pascoe.de\/\" target=\"_blank\" rel=\"noopener\">Pascoe pharmazeutische Pr\u00e4parate GmbH<\/a> (lien vers site Web externe)<\/p>\n<p>Les informations contenues dans ce site web sont fournies \u00e0 titre informatif uniquement. Ils ne remplacent en aucun cas l&#8217;examen et le traitement par un m\u00e9decin. Veuillez noter que cela signifie qu&#8217;aucun diagnostic ne peut \u00eatre \u00e9tabli et qu&#8217;aucune th\u00e9rapie ne peut \u00eatre mise en place.<\/p>\n<p>Les compl\u00e9ments alimentaires ne remplacent pas une alimentation \u00e9quilibr\u00e9e et vari\u00e9e et un mode de vie sain.<\/p>\n<p>Pour conna\u00eetre les risques et les effets secondaires, lisez la notice et demandez conseil \u00e0 votre m\u00e9decin ou \u00e0 votre pharmacien.<\/p>\n<h3>Remplir la prescription ou l&#8217;ordonnance \u00e9lectronique :<\/h3>\n<p>Avez-vous une ordonnance ou une prescription \u00e9lectronique ? Soumettez-la confortablement via notre application de <a class=\"ProsemirrorEditor-link\" href=\"https:\/\/e-rezept-app.de\/shop-rezept\">prescription \u00e9lectronique<\/a> &#8211; les ordonnances priv\u00e9es pour les personnes qui paient elles-m\u00eames sont \u00e9galement possibles. Rapide, s\u00fbr et facile.<\/p>\n<p class=\"TypographyPresentation TypographyPresentation--medium RichText3-paragraph--withVSpacingNormal RichText3-paragraph HighlightSol HighlightSol--buildingBlock\"><strong>Des questions ? Nous sommes l\u00e0 pour vous !<\/strong><\/p>\n<p class=\"TypographyPresentation TypographyPresentation--medium RichText3-paragraph--withVSpacingNormal RichText3-paragraph HighlightSol HighlightSol--buildingBlock\">Notre pharmacienne responsable, <strong>Dr. Sandra Hoff<\/strong>, et son \u00e9quipe se feront un plaisir de vous conseiller personnellement &#8211; par t\u00e9l\u00e9phone ou par e-mail. En tant que <strong>v\u00e9ritable pharmacie de quartier<\/strong> et <strong>pharmacie de vente par correspondance agr\u00e9\u00e9e<\/strong>, nous vous offrons un soutien comp\u00e9tent, en particulier dans les domaines de la <strong>naturopathie<\/strong> et des <strong>compl\u00e9ments alimentaires<\/strong>, ici les produits de Pascoe pharmazeutische Pr\u00e4parate GmbH, vitOrgan Arzneimittel et Labo Life. <a href=\"https:\/\/versandhandel.dimdi.de\/websearch\/servlet\/Gate;jsessionid=0D29D15655BE1174E9178A340E8FE6BC?accessid=dimdi_var&amp;term=3c387956690121ccc8763184f052b93f\" target=\"_blank\" rel=\"noopener\">Pour l&#8217;inscription au registre de la vente par correspondance.<\/a><\/p>\n","protected":false},"excerpt":{"rendered":"<h2>Acide folique Injektopas 5 mg<\/h2>\n<p>Injektopas 5 mg solution injectable, carence en acide folique<\/p>\n<p>&nbsp;<\/p>\n<p><strong>PZN<\/strong>: 11155786 (num\u00e9ro central de la pharmacie)<\/p>\n<p><strong>Forme pharmaceutique<\/strong>: ampoules<\/p>\n<p><strong>Type d\u2019ordonnance<\/strong> : sans ordonnance<\/p>\n<p><strong>Fabricant<\/strong>&nbsp;: Pascoe pharmazeutische Pr\u00e4parate GmbH<\/p>\n<p><strong>Taille de l&#8217;emballage<\/strong>: 100 x 1ml<\/p>\n","protected":false},"featured_media":20148,"comment_status":"closed","ping_status":"closed","template":"","meta":[],"product_brand":[],"product_cat":[598,114],"product_tag":[266,511,306,264],"class_list":{"0":"post-20143","1":"product","2":"type-product","3":"status-publish","4":"has-post-thumbnail","6":"product_cat-pascoe-fr","7":"product_cat-non-classifiee","8":"product_tag-bien-etre","9":"product_tag-corona-et-defense-immunitaire","10":"product_tag-homeopathie","11":"product_tag-vitamines-et-supplements","12":"ts_product_brand-all-fr","13":"ts_product_brand-pascoe","15":"first","16":"instock","17":"taxable","18":"shipping-taxable","19":"purchasable","20":"product-type-simple"},"yoast_head":"<!-- This site is optimized with the Yoast SEO plugin v26.5 - https:\/\/yoast.com\/wordpress\/plugins\/seo\/ -->\n<title>Acide folique Injektopas 5 mg (100 x 1ml) &#187; sur Lion Pharmacy<\/title>\n<meta name=\"description\" content=\"Lions Pharmacy est une pharmacie allemande enregistr\u00e9e. Exp\u00e9dition internationale rapide avec DHL. En savoir plus sur Pascoe et Acide folique Injektopas 5 mg (100 x 1ml)\" \/>\n<meta name=\"robots\" content=\"noindex, follow, max-snippet:-1, max-image-preview:large, max-video-preview:-1\" \/>\n<meta property=\"og:locale\" content=\"fr_FR\" \/>\n<meta property=\"og:type\" content=\"article\" \/>\n<meta property=\"og:title\" content=\"Acide folique Injektopas 5 mg (100 x 1ml) &#187; sur Lion Pharmacy\" \/>\n<meta property=\"og:description\" content=\"Lions Pharmacy est une pharmacie allemande enregistr\u00e9e. Exp\u00e9dition internationale rapide avec DHL. En savoir plus sur Pascoe et Acide folique Injektopas 5 mg (100 x 1ml)\" \/>\n<meta property=\"og:url\" content=\"https:\/\/loewentestneu.metafex.io\/fr\/produit\/folic-acid-injektopas-5-mg-100-x-2ml-11155786\" \/>\n<meta property=\"og:site_name\" content=\"Lion Pharmacy\" \/>\n<meta property=\"article:modified_time\" content=\"2026-02-01T07:44:25+00:00\" \/>\n<meta property=\"og:image\" content=\"https:\/\/loewentestneu.metafex.io\/wp-content\/uploads\/2026\/02\/Folic-Acid-Injektopas-5-mg-PZN-11155786.webp\" \/>\n\t<meta property=\"og:image:width\" content=\"600\" \/>\n\t<meta property=\"og:image:height\" content=\"600\" \/>\n\t<meta property=\"og:image:type\" content=\"image\/webp\" \/>\n<meta name=\"twitter:card\" content=\"summary_large_image\" \/>\n<meta name=\"twitter:label1\" content=\"Dur\u00e9e de lecture estim\u00e9e\" \/>\n\t<meta name=\"twitter:data1\" content=\"2 minutes\" \/>\n<script type=\"application\/ld+json\" class=\"yoast-schema-graph\">{\"@context\":\"https:\/\/schema.org\",\"@graph\":[{\"@type\":\"WebPage\",\"@id\":\"https:\/\/loewentestneu.metafex.io\/fr\/produit\/folic-acid-injektopas-5-mg-100-x-2ml-11155786\",\"url\":\"https:\/\/loewentestneu.metafex.io\/fr\/produit\/folic-acid-injektopas-5-mg-100-x-2ml-11155786\",\"name\":\"Acide folique Injektopas 5 mg (100 x 1ml) &#187; sur Lion Pharmacy\",\"isPartOf\":{\"@id\":\"https:\/\/loewentestneu.metafex.io\/fr#website\"},\"primaryImageOfPage\":{\"@id\":\"https:\/\/loewentestneu.metafex.io\/fr\/produit\/folic-acid-injektopas-5-mg-100-x-2ml-11155786#primaryimage\"},\"image\":{\"@id\":\"https:\/\/loewentestneu.metafex.io\/fr\/produit\/folic-acid-injektopas-5-mg-100-x-2ml-11155786#primaryimage\"},\"thumbnailUrl\":\"https:\/\/loewentestneu.metafex.io\/wp-content\/uploads\/2026\/02\/Folic-Acid-Injektopas-5-mg-PZN-11155786.webp\",\"datePublished\":\"2026-02-01T06:26:12+00:00\",\"dateModified\":\"2026-02-01T07:44:25+00:00\",\"description\":\"Lions Pharmacy est une pharmacie allemande enregistr\u00e9e. Exp\u00e9dition internationale rapide avec DHL. En savoir plus sur Pascoe et Acide folique Injektopas 5 mg (100 x 1ml)\",\"breadcrumb\":{\"@id\":\"https:\/\/loewentestneu.metafex.io\/fr\/produit\/folic-acid-injektopas-5-mg-100-x-2ml-11155786#breadcrumb\"},\"inLanguage\":\"fr-FR\",\"potentialAction\":[{\"@type\":\"ReadAction\",\"target\":[\"https:\/\/loewentestneu.metafex.io\/fr\/produit\/folic-acid-injektopas-5-mg-100-x-2ml-11155786\"]}]},{\"@type\":\"ImageObject\",\"inLanguage\":\"fr-FR\",\"@id\":\"https:\/\/loewentestneu.metafex.io\/fr\/produit\/folic-acid-injektopas-5-mg-100-x-2ml-11155786#primaryimage\",\"url\":\"https:\/\/loewentestneu.metafex.io\/wp-content\/uploads\/2026\/02\/Folic-Acid-Injektopas-5-mg-PZN-11155786.webp\",\"contentUrl\":\"https:\/\/loewentestneu.metafex.io\/wp-content\/uploads\/2026\/02\/Folic-Acid-Injektopas-5-mg-PZN-11155786.webp\",\"width\":600,\"height\":600,\"caption\":\"Acide folique Injektopas 5 mg PZN 11155786\"},{\"@type\":\"BreadcrumbList\",\"@id\":\"https:\/\/loewentestneu.metafex.io\/fr\/produit\/folic-acid-injektopas-5-mg-100-x-2ml-11155786#breadcrumb\",\"itemListElement\":[{\"@type\":\"ListItem\",\"position\":1,\"name\":\"Home\",\"item\":\"https:\/\/loewentestneu.metafex.io\/fr\/homepage-lion-pharmacy\"},{\"@type\":\"ListItem\",\"position\":2,\"name\":\"Shop\",\"item\":\"https:\/\/loewentestneu.metafex.io\/fr\/boutique\"},{\"@type\":\"ListItem\",\"position\":3,\"name\":\"Acide folique Injektopas 5 mg (100 x 1ml)\"}]},{\"@type\":\"WebSite\",\"@id\":\"https:\/\/loewentestneu.metafex.io\/fr#website\",\"url\":\"https:\/\/loewentestneu.metafex.io\/fr\",\"name\":\"Lions Pharmacy\",\"description\":\"Pharmacie sp\u00e9cialis\u00e9e en naturopathie de Baden-Baden, Allemagne\",\"publisher\":{\"@id\":\"https:\/\/loewentestneu.metafex.io\/fr#organization\"},\"alternateName\":\"Lion Pharmacy\",\"potentialAction\":[{\"@type\":\"SearchAction\",\"target\":{\"@type\":\"EntryPoint\",\"urlTemplate\":\"https:\/\/loewentestneu.metafex.io\/fr?s={search_term_string}\"},\"query-input\":{\"@type\":\"PropertyValueSpecification\",\"valueRequired\":true,\"valueName\":\"search_term_string\"}}],\"inLanguage\":\"fr-FR\"},{\"@type\":\"Organization\",\"@id\":\"https:\/\/loewentestneu.metafex.io\/fr#organization\",\"name\":\"Lions Pharmacy\",\"alternateName\":\"Lions Pharmacy24\",\"url\":\"https:\/\/loewentestneu.metafex.io\/fr\",\"logo\":{\"@type\":\"ImageObject\",\"inLanguage\":\"fr-FR\",\"@id\":\"https:\/\/loewentestneu.metafex.io\/fr#\/schema\/logo\/image\/\",\"url\":\"https:\/\/loewentestneu.metafex.io\/wp-content\/uploads\/2022\/12\/Logo-Lion-Pharmacy-c-o-Loewen-Apotheke-smal.jpg\",\"contentUrl\":\"https:\/\/loewentestneu.metafex.io\/wp-content\/uploads\/2022\/12\/Logo-Lion-Pharmacy-c-o-Loewen-Apotheke-smal.jpg\",\"width\":298,\"height\":99,\"caption\":\"Lions Pharmacy\"},\"image\":{\"@id\":\"https:\/\/loewentestneu.metafex.io\/fr#\/schema\/logo\/image\/\"}}]}<\/script>\n<!-- \/ Yoast SEO plugin. -->","yoast_head_json":{"title":"Acide folique Injektopas 5 mg (100 x 1ml) &#187; sur Lion Pharmacy","description":"Lions Pharmacy est une pharmacie allemande enregistr\u00e9e. Exp\u00e9dition internationale rapide avec DHL. En savoir plus sur Pascoe et Acide folique Injektopas 5 mg (100 x 1ml)","robots":{"index":"noindex","follow":"follow","max-snippet":"max-snippet:-1","max-image-preview":"max-image-preview:large","max-video-preview":"max-video-preview:-1"},"og_locale":"fr_FR","og_type":"article","og_title":"Acide folique Injektopas 5 mg (100 x 1ml) &#187; sur Lion Pharmacy","og_description":"Lions Pharmacy est une pharmacie allemande enregistr\u00e9e. Exp\u00e9dition internationale rapide avec DHL. En savoir plus sur Pascoe et Acide folique Injektopas 5 mg (100 x 1ml)","og_url":"https:\/\/loewentestneu.metafex.io\/fr\/produit\/folic-acid-injektopas-5-mg-100-x-2ml-11155786","og_site_name":"Lion Pharmacy","article_modified_time":"2026-02-01T07:44:25+00:00","og_image":[{"width":600,"height":600,"url":"https:\/\/loewentestneu.metafex.io\/wp-content\/uploads\/2026\/02\/Folic-Acid-Injektopas-5-mg-PZN-11155786.webp","type":"image\/webp"}],"twitter_card":"summary_large_image","twitter_misc":{"Dur\u00e9e de lecture estim\u00e9e":"2 minutes"},"schema":{"@context":"https:\/\/schema.org","@graph":[{"@type":"WebPage","@id":"https:\/\/loewentestneu.metafex.io\/fr\/produit\/folic-acid-injektopas-5-mg-100-x-2ml-11155786","url":"https:\/\/loewentestneu.metafex.io\/fr\/produit\/folic-acid-injektopas-5-mg-100-x-2ml-11155786","name":"Acide folique Injektopas 5 mg (100 x 1ml) &#187; sur Lion Pharmacy","isPartOf":{"@id":"https:\/\/loewentestneu.metafex.io\/fr#website"},"primaryImageOfPage":{"@id":"https:\/\/loewentestneu.metafex.io\/fr\/produit\/folic-acid-injektopas-5-mg-100-x-2ml-11155786#primaryimage"},"image":{"@id":"https:\/\/loewentestneu.metafex.io\/fr\/produit\/folic-acid-injektopas-5-mg-100-x-2ml-11155786#primaryimage"},"thumbnailUrl":"https:\/\/loewentestneu.metafex.io\/wp-content\/uploads\/2026\/02\/Folic-Acid-Injektopas-5-mg-PZN-11155786.webp","datePublished":"2026-02-01T06:26:12+00:00","dateModified":"2026-02-01T07:44:25+00:00","description":"Lions Pharmacy est une pharmacie allemande enregistr\u00e9e. Exp\u00e9dition internationale rapide avec DHL. En savoir plus sur Pascoe et Acide folique Injektopas 5 mg (100 x 1ml)","breadcrumb":{"@id":"https:\/\/loewentestneu.metafex.io\/fr\/produit\/folic-acid-injektopas-5-mg-100-x-2ml-11155786#breadcrumb"},"inLanguage":"fr-FR","potentialAction":[{"@type":"ReadAction","target":["https:\/\/loewentestneu.metafex.io\/fr\/produit\/folic-acid-injektopas-5-mg-100-x-2ml-11155786"]}]},{"@type":"ImageObject","inLanguage":"fr-FR","@id":"https:\/\/loewentestneu.metafex.io\/fr\/produit\/folic-acid-injektopas-5-mg-100-x-2ml-11155786#primaryimage","url":"https:\/\/loewentestneu.metafex.io\/wp-content\/uploads\/2026\/02\/Folic-Acid-Injektopas-5-mg-PZN-11155786.webp","contentUrl":"https:\/\/loewentestneu.metafex.io\/wp-content\/uploads\/2026\/02\/Folic-Acid-Injektopas-5-mg-PZN-11155786.webp","width":600,"height":600,"caption":"Acide folique Injektopas 5 mg PZN 11155786"},{"@type":"BreadcrumbList","@id":"https:\/\/loewentestneu.metafex.io\/fr\/produit\/folic-acid-injektopas-5-mg-100-x-2ml-11155786#breadcrumb","itemListElement":[{"@type":"ListItem","position":1,"name":"Home","item":"https:\/\/loewentestneu.metafex.io\/fr\/homepage-lion-pharmacy"},{"@type":"ListItem","position":2,"name":"Shop","item":"https:\/\/loewentestneu.metafex.io\/fr\/boutique"},{"@type":"ListItem","position":3,"name":"Acide folique Injektopas 5 mg (100 x 1ml)"}]},{"@type":"WebSite","@id":"https:\/\/loewentestneu.metafex.io\/fr#website","url":"https:\/\/loewentestneu.metafex.io\/fr","name":"Lions Pharmacy","description":"Pharmacie sp\u00e9cialis\u00e9e en naturopathie de Baden-Baden, Allemagne","publisher":{"@id":"https:\/\/loewentestneu.metafex.io\/fr#organization"},"alternateName":"Lion Pharmacy","potentialAction":[{"@type":"SearchAction","target":{"@type":"EntryPoint","urlTemplate":"https:\/\/loewentestneu.metafex.io\/fr?s={search_term_string}"},"query-input":{"@type":"PropertyValueSpecification","valueRequired":true,"valueName":"search_term_string"}}],"inLanguage":"fr-FR"},{"@type":"Organization","@id":"https:\/\/loewentestneu.metafex.io\/fr#organization","name":"Lions Pharmacy","alternateName":"Lions Pharmacy24","url":"https:\/\/loewentestneu.metafex.io\/fr","logo":{"@type":"ImageObject","inLanguage":"fr-FR","@id":"https:\/\/loewentestneu.metafex.io\/fr#\/schema\/logo\/image\/","url":"https:\/\/loewentestneu.metafex.io\/wp-content\/uploads\/2022\/12\/Logo-Lion-Pharmacy-c-o-Loewen-Apotheke-smal.jpg","contentUrl":"https:\/\/loewentestneu.metafex.io\/wp-content\/uploads\/2022\/12\/Logo-Lion-Pharmacy-c-o-Loewen-Apotheke-smal.jpg","width":298,"height":99,"caption":"Lions Pharmacy"},"image":{"@id":"https:\/\/loewentestneu.metafex.io\/fr#\/schema\/logo\/image\/"}}]}},"_links":{"self":[{"href":"https:\/\/loewentestneu.metafex.io\/fr\/wp-json\/wp\/v2\/product\/20143","targetHints":{"allow":["GET"]}}],"collection":[{"href":"https:\/\/loewentestneu.metafex.io\/fr\/wp-json\/wp\/v2\/product"}],"about":[{"href":"https:\/\/loewentestneu.metafex.io\/fr\/wp-json\/wp\/v2\/types\/product"}],"replies":[{"embeddable":true,"href":"https:\/\/loewentestneu.metafex.io\/fr\/wp-json\/wp\/v2\/comments?post=20143"}],"wp:featuredmedia":[{"embeddable":true,"href":"https:\/\/loewentestneu.metafex.io\/fr\/wp-json\/wp\/v2\/media\/20148"}],"wp:attachment":[{"href":"https:\/\/loewentestneu.metafex.io\/fr\/wp-json\/wp\/v2\/media?parent=20143"}],"wp:term":[{"taxonomy":"product_brand","embeddable":true,"href":"https:\/\/loewentestneu.metafex.io\/fr\/wp-json\/wp\/v2\/product_brand?post=20143"},{"taxonomy":"product_cat","embeddable":true,"href":"https:\/\/loewentestneu.metafex.io\/fr\/wp-json\/wp\/v2\/product_cat?post=20143"},{"taxonomy":"product_tag","embeddable":true,"href":"https:\/\/loewentestneu.metafex.io\/fr\/wp-json\/wp\/v2\/product_tag?post=20143"}],"curies":[{"name":"wp","href":"https:\/\/api.w.org\/{rel}","templated":true}]}}