{"id":20178,"date":"2026-02-01T10:58:12","date_gmt":"2026-02-01T09:58:12","guid":{"rendered":"https:\/\/lions-pharmacy.com\/?post_type=product&#038;p=20178"},"modified":"2026-02-01T14:08:39","modified_gmt":"2026-02-01T13:08:39","slug":"buscopan-coated-tablets-60-pcs-19105670","status":"publish","type":"product","link":"https:\/\/loewentestneu.metafex.io\/fr\/produit\/buscopan-coated-tablets-60-pcs-19105670","title":{"rendered":"Buscopan comprim\u00e9s enrob\u00e9s (60 pcs.)"},"content":{"rendered":"<h2>Buscopan comprim\u00e9s enrob\u00e9s<\/h2>\n<p>Buscopan comprim\u00e9s enrob\u00e9s avec butylscopolamine pour les douleurs abdominales l\u00e9g\u00e8res \u00e0 mod\u00e9r\u00e9es et les crampes &#8211; action rapide. Les comprim\u00e9s agissent apr\u00e8s environ 15 minutes, soulagent efficacement les crampes et douleurs abdominales caus\u00e9es par les ballonnements, le stress ou les intol\u00e9rances alimentaires, agissent sp\u00e9cifiquement sur le tractus gastro-intestinal, sont bien tol\u00e9r\u00e9s et faciles \u00e0 prendre.<\/p>\n<p>Lorsque vous prenez Buscopan\u00ae IBS Relief, les comprim\u00e9s se d\u00e9placent dans votre tube digestif. L&#8217;ingr\u00e9dient actif, le bromure de butyle d&#8217;hyoscine, cible directement les muscles lisses de votre abdomen en exer\u00e7ant un effet antispasmodique. Il interrompt le signal indiquant aux muscles de l&#8217;intestin d&#8217;avoir des crampes, rel\u00e2chant ainsi les contractions et soulageant les douleurs li\u00e9es au syndrome de l&#8217;intestin irritable.<\/p>\n<p>En 15 minutes, Buscopan\u00ae IBS Relief commence \u00e0 travailler en harmonie avec votre estomac, pour que vous puissiez commencer \u00e0 vous sentir mieux.<\/p>\n<p>En savoir plus sur le fabricant et ce produit : <a href=\"https:\/\/www.buscopan.com\/de-de\/produkte-bei-bauchschmerzen\/buscopan-dragees\" target=\"_blank\" rel=\"noopener\">Buscopan product info<\/a> (lien vers un site web externe)<\/p>\n<p>Pour conna\u00eetre les risques et les effets secondaires, lisez la notice et demandez conseil \u00e0 votre m\u00e9decin ou \u00e0 votre pharmacien.<\/p>\n<p class=\"TypographyPresentation TypographyPresentation--medium RichText3-paragraph--withVSpacingNormal RichText3-paragraph HighlightSol HighlightSol--buildingBlock\"><strong>Des questions ? Nous sommes l\u00e0 pour vous !<\/strong><\/p>\n<p class=\"TypographyPresentation TypographyPresentation--medium RichText3-paragraph--withVSpacingNormal RichText3-paragraph HighlightSol HighlightSol--buildingBlock\">Notre pharmacienne responsable, <strong>Dr. Sandra Hoff<\/strong>, et son \u00e9quipe se feront un plaisir de vous conseiller personnellement &#8211; par t\u00e9l\u00e9phone ou par e-mail. En tant que <strong>v\u00e9ritable pharmacie de quartier<\/strong> et <strong>pharmacie de vente par correspondance agr\u00e9\u00e9e<\/strong>, nous vous offrons un soutien comp\u00e9tent, en particulier dans les domaines de la <strong>naturopathie<\/strong> et des <strong>compl\u00e9ments alimentaires<\/strong>, ici les produits de Pascoe pharmazeutische Pr\u00e4parate GmbH, vitOrgan Arzneimittel et Labo Life. <a href=\"https:\/\/versandhandel.dimdi.de\/websearch\/servlet\/Gate;jsessionid=0D29D15655BE1174E9178A340E8FE6BC?accessid=dimdi_var&amp;term=3c387956690121ccc8763184f052b93f\" target=\"_blank\" rel=\"noopener\">Pour l&#8217;inscription au registre de la vente par correspondance.<\/a><\/p>\n","protected":false},"excerpt":{"rendered":"<h2>Buscopan comprim\u00e9s enrob\u00e9s<\/h2>\n<p>Buscopan comprim\u00e9s enrob\u00e9s avec butylscopolamine pour les douleurs abdominales l\u00e9g\u00e8res \u00e0 mod\u00e9r\u00e9es et les crampes &#8211; action rapide.<\/p>\n<p>&nbsp;<\/p>\n<p><strong>PZN<\/strong>: 19105670 (num\u00e9ro central de pharmacie)<\/p>\n<p><strong>Forme pharmaceutique :<\/strong> comprim\u00e9s<\/p>\n<p><strong>Type d\u2019ordonnance :<\/strong> sans ordonnance<\/p>\n<p><strong>Marque<\/strong>: Buscopan<\/p>\n<p><strong>Fabricant :<\/strong> Sanofi-Aventis GmbH, A. Nattermann &amp; Cie GmbH, Francfort-sur-le-Main<\/p>\n<p><strong>Taille de l&#8217;emballage<\/strong>: 60 pi\u00e8ces.<\/p>\n","protected":false},"featured_media":20182,"comment_status":"closed","ping_status":"closed","template":"","meta":[],"product_brand":[],"product_cat":[120,114],"product_tag":[297,309],"class_list":{"0":"post-20178","1":"product","2":"type-product","3":"status-publish","4":"has-post-thumbnail","6":"product_cat-sale-fr","7":"product_cat-non-classifiee","8":"product_tag-concentration-stress-fr","9":"product_tag-vente-mensuelle","10":"ts_product_brand-all-fr","12":"first","13":"instock","14":"sale","15":"taxable","16":"shipping-taxable","17":"purchasable","18":"product-type-simple"},"yoast_head":"<!-- This site is optimized with the Yoast SEO plugin v26.5 - https:\/\/yoast.com\/wordpress\/plugins\/seo\/ -->\n<title>Buscopan comprim\u00e9s enrob\u00e9s (60 pcs.) &#187; commander \u00e0 prix r\u00e9duit<\/title>\n<meta name=\"description\" content=\"Une pharmacie en ligne allemande : Offrant une livraison internationale rapide et des achats en ligne en toute s\u00e9curit\u00e9. Buscopan comprim\u00e9s enrob\u00e9s (60 pcs.) pour les crampes et douleurs abdominales\" \/>\n<meta name=\"robots\" content=\"noindex, follow, max-snippet:-1, max-image-preview:large, max-video-preview:-1\" \/>\n<meta property=\"og:locale\" content=\"fr_FR\" \/>\n<meta property=\"og:type\" content=\"article\" \/>\n<meta property=\"og:title\" content=\"Buscopan comprim\u00e9s enrob\u00e9s (60 pcs.) &#187; commander \u00e0 prix r\u00e9duit\" \/>\n<meta property=\"og:description\" content=\"Une pharmacie en ligne allemande : Offrant une livraison internationale rapide et des achats en ligne en toute s\u00e9curit\u00e9. Buscopan comprim\u00e9s enrob\u00e9s (60 pcs.) pour les crampes et douleurs abdominales\" \/>\n<meta property=\"og:url\" content=\"https:\/\/loewentestneu.metafex.io\/fr\/produit\/buscopan-coated-tablets-60-pcs-19105670\" \/>\n<meta property=\"og:site_name\" content=\"Lion Pharmacy\" \/>\n<meta property=\"article:modified_time\" content=\"2026-02-01T13:08:39+00:00\" \/>\n<meta property=\"og:image\" content=\"https:\/\/loewentestneu.metafex.io\/wp-content\/uploads\/2026\/02\/Buscopan-Dragees-60-Stuck-PZN-19105670.webp\" \/>\n\t<meta property=\"og:image:width\" content=\"600\" \/>\n\t<meta property=\"og:image:height\" content=\"600\" \/>\n\t<meta property=\"og:image:type\" content=\"image\/webp\" \/>\n<meta name=\"twitter:card\" content=\"summary_large_image\" \/>\n<meta name=\"twitter:label1\" content=\"Dur\u00e9e de lecture estim\u00e9e\" \/>\n\t<meta name=\"twitter:data1\" content=\"1 minute\" \/>\n<script type=\"application\/ld+json\" class=\"yoast-schema-graph\">{\"@context\":\"https:\/\/schema.org\",\"@graph\":[{\"@type\":\"WebPage\",\"@id\":\"https:\/\/loewentestneu.metafex.io\/fr\/produit\/buscopan-coated-tablets-60-pcs-19105670\",\"url\":\"https:\/\/loewentestneu.metafex.io\/fr\/produit\/buscopan-coated-tablets-60-pcs-19105670\",\"name\":\"Buscopan comprim\u00e9s enrob\u00e9s (60 pcs.) &#187; commander \u00e0 prix r\u00e9duit\",\"isPartOf\":{\"@id\":\"https:\/\/loewentestneu.metafex.io\/fr#website\"},\"primaryImageOfPage\":{\"@id\":\"https:\/\/loewentestneu.metafex.io\/fr\/produit\/buscopan-coated-tablets-60-pcs-19105670#primaryimage\"},\"image\":{\"@id\":\"https:\/\/loewentestneu.metafex.io\/fr\/produit\/buscopan-coated-tablets-60-pcs-19105670#primaryimage\"},\"thumbnailUrl\":\"https:\/\/loewentestneu.metafex.io\/wp-content\/uploads\/2026\/02\/Buscopan-Dragees-60-Stuck-PZN-19105670.webp\",\"datePublished\":\"2026-02-01T09:58:12+00:00\",\"dateModified\":\"2026-02-01T13:08:39+00:00\",\"description\":\"Une pharmacie en ligne allemande : Offrant une livraison internationale rapide et des achats en ligne en toute s\u00e9curit\u00e9. Buscopan comprim\u00e9s enrob\u00e9s (60 pcs.) pour les crampes et douleurs abdominales\",\"breadcrumb\":{\"@id\":\"https:\/\/loewentestneu.metafex.io\/fr\/produit\/buscopan-coated-tablets-60-pcs-19105670#breadcrumb\"},\"inLanguage\":\"fr-FR\",\"potentialAction\":[{\"@type\":\"ReadAction\",\"target\":[\"https:\/\/loewentestneu.metafex.io\/fr\/produit\/buscopan-coated-tablets-60-pcs-19105670\"]}]},{\"@type\":\"ImageObject\",\"inLanguage\":\"fr-FR\",\"@id\":\"https:\/\/loewentestneu.metafex.io\/fr\/produit\/buscopan-coated-tablets-60-pcs-19105670#primaryimage\",\"url\":\"https:\/\/loewentestneu.metafex.io\/wp-content\/uploads\/2026\/02\/Buscopan-Dragees-60-Stuck-PZN-19105670.webp\",\"contentUrl\":\"https:\/\/loewentestneu.metafex.io\/wp-content\/uploads\/2026\/02\/Buscopan-Dragees-60-Stuck-PZN-19105670.webp\",\"width\":600,\"height\":600,\"caption\":\"Buscopan Dragees 60 pcs PZN-19105670\"},{\"@type\":\"BreadcrumbList\",\"@id\":\"https:\/\/loewentestneu.metafex.io\/fr\/produit\/buscopan-coated-tablets-60-pcs-19105670#breadcrumb\",\"itemListElement\":[{\"@type\":\"ListItem\",\"position\":1,\"name\":\"Home\",\"item\":\"https:\/\/loewentestneu.metafex.io\/fr\/homepage-lion-pharmacy\"},{\"@type\":\"ListItem\",\"position\":2,\"name\":\"Shop\",\"item\":\"https:\/\/loewentestneu.metafex.io\/fr\/boutique\"},{\"@type\":\"ListItem\",\"position\":3,\"name\":\"Buscopan comprim\u00e9s enrob\u00e9s (60 pcs.)\"}]},{\"@type\":\"WebSite\",\"@id\":\"https:\/\/loewentestneu.metafex.io\/fr#website\",\"url\":\"https:\/\/loewentestneu.metafex.io\/fr\",\"name\":\"Lions Pharmacy\",\"description\":\"Pharmacie sp\u00e9cialis\u00e9e en naturopathie de Baden-Baden, Allemagne\",\"publisher\":{\"@id\":\"https:\/\/loewentestneu.metafex.io\/fr#organization\"},\"alternateName\":\"Lion Pharmacy\",\"potentialAction\":[{\"@type\":\"SearchAction\",\"target\":{\"@type\":\"EntryPoint\",\"urlTemplate\":\"https:\/\/loewentestneu.metafex.io\/fr?s={search_term_string}\"},\"query-input\":{\"@type\":\"PropertyValueSpecification\",\"valueRequired\":true,\"valueName\":\"search_term_string\"}}],\"inLanguage\":\"fr-FR\"},{\"@type\":\"Organization\",\"@id\":\"https:\/\/loewentestneu.metafex.io\/fr#organization\",\"name\":\"Lions Pharmacy\",\"alternateName\":\"Lions Pharmacy24\",\"url\":\"https:\/\/loewentestneu.metafex.io\/fr\",\"logo\":{\"@type\":\"ImageObject\",\"inLanguage\":\"fr-FR\",\"@id\":\"https:\/\/loewentestneu.metafex.io\/fr#\/schema\/logo\/image\/\",\"url\":\"https:\/\/loewentestneu.metafex.io\/wp-content\/uploads\/2022\/12\/Logo-Lion-Pharmacy-c-o-Loewen-Apotheke-smal.jpg\",\"contentUrl\":\"https:\/\/loewentestneu.metafex.io\/wp-content\/uploads\/2022\/12\/Logo-Lion-Pharmacy-c-o-Loewen-Apotheke-smal.jpg\",\"width\":298,\"height\":99,\"caption\":\"Lions Pharmacy\"},\"image\":{\"@id\":\"https:\/\/loewentestneu.metafex.io\/fr#\/schema\/logo\/image\/\"}}]}<\/script>\n<!-- \/ Yoast SEO plugin. -->","yoast_head_json":{"title":"Buscopan comprim\u00e9s enrob\u00e9s (60 pcs.) &#187; commander \u00e0 prix r\u00e9duit","description":"Une pharmacie en ligne allemande : Offrant une livraison internationale rapide et des achats en ligne en toute s\u00e9curit\u00e9. Buscopan comprim\u00e9s enrob\u00e9s (60 pcs.) pour les crampes et douleurs abdominales","robots":{"index":"noindex","follow":"follow","max-snippet":"max-snippet:-1","max-image-preview":"max-image-preview:large","max-video-preview":"max-video-preview:-1"},"og_locale":"fr_FR","og_type":"article","og_title":"Buscopan comprim\u00e9s enrob\u00e9s (60 pcs.) &#187; commander \u00e0 prix r\u00e9duit","og_description":"Une pharmacie en ligne allemande : Offrant une livraison internationale rapide et des achats en ligne en toute s\u00e9curit\u00e9. Buscopan comprim\u00e9s enrob\u00e9s (60 pcs.) pour les crampes et douleurs abdominales","og_url":"https:\/\/loewentestneu.metafex.io\/fr\/produit\/buscopan-coated-tablets-60-pcs-19105670","og_site_name":"Lion Pharmacy","article_modified_time":"2026-02-01T13:08:39+00:00","og_image":[{"width":600,"height":600,"url":"https:\/\/loewentestneu.metafex.io\/wp-content\/uploads\/2026\/02\/Buscopan-Dragees-60-Stuck-PZN-19105670.webp","type":"image\/webp"}],"twitter_card":"summary_large_image","twitter_misc":{"Dur\u00e9e de lecture estim\u00e9e":"1 minute"},"schema":{"@context":"https:\/\/schema.org","@graph":[{"@type":"WebPage","@id":"https:\/\/loewentestneu.metafex.io\/fr\/produit\/buscopan-coated-tablets-60-pcs-19105670","url":"https:\/\/loewentestneu.metafex.io\/fr\/produit\/buscopan-coated-tablets-60-pcs-19105670","name":"Buscopan comprim\u00e9s enrob\u00e9s (60 pcs.) &#187; commander \u00e0 prix r\u00e9duit","isPartOf":{"@id":"https:\/\/loewentestneu.metafex.io\/fr#website"},"primaryImageOfPage":{"@id":"https:\/\/loewentestneu.metafex.io\/fr\/produit\/buscopan-coated-tablets-60-pcs-19105670#primaryimage"},"image":{"@id":"https:\/\/loewentestneu.metafex.io\/fr\/produit\/buscopan-coated-tablets-60-pcs-19105670#primaryimage"},"thumbnailUrl":"https:\/\/loewentestneu.metafex.io\/wp-content\/uploads\/2026\/02\/Buscopan-Dragees-60-Stuck-PZN-19105670.webp","datePublished":"2026-02-01T09:58:12+00:00","dateModified":"2026-02-01T13:08:39+00:00","description":"Une pharmacie en ligne allemande : Offrant une livraison internationale rapide et des achats en ligne en toute s\u00e9curit\u00e9. Buscopan comprim\u00e9s enrob\u00e9s (60 pcs.) pour les crampes et douleurs abdominales","breadcrumb":{"@id":"https:\/\/loewentestneu.metafex.io\/fr\/produit\/buscopan-coated-tablets-60-pcs-19105670#breadcrumb"},"inLanguage":"fr-FR","potentialAction":[{"@type":"ReadAction","target":["https:\/\/loewentestneu.metafex.io\/fr\/produit\/buscopan-coated-tablets-60-pcs-19105670"]}]},{"@type":"ImageObject","inLanguage":"fr-FR","@id":"https:\/\/loewentestneu.metafex.io\/fr\/produit\/buscopan-coated-tablets-60-pcs-19105670#primaryimage","url":"https:\/\/loewentestneu.metafex.io\/wp-content\/uploads\/2026\/02\/Buscopan-Dragees-60-Stuck-PZN-19105670.webp","contentUrl":"https:\/\/loewentestneu.metafex.io\/wp-content\/uploads\/2026\/02\/Buscopan-Dragees-60-Stuck-PZN-19105670.webp","width":600,"height":600,"caption":"Buscopan Dragees 60 pcs PZN-19105670"},{"@type":"BreadcrumbList","@id":"https:\/\/loewentestneu.metafex.io\/fr\/produit\/buscopan-coated-tablets-60-pcs-19105670#breadcrumb","itemListElement":[{"@type":"ListItem","position":1,"name":"Home","item":"https:\/\/loewentestneu.metafex.io\/fr\/homepage-lion-pharmacy"},{"@type":"ListItem","position":2,"name":"Shop","item":"https:\/\/loewentestneu.metafex.io\/fr\/boutique"},{"@type":"ListItem","position":3,"name":"Buscopan comprim\u00e9s enrob\u00e9s (60 pcs.)"}]},{"@type":"WebSite","@id":"https:\/\/loewentestneu.metafex.io\/fr#website","url":"https:\/\/loewentestneu.metafex.io\/fr","name":"Lions Pharmacy","description":"Pharmacie sp\u00e9cialis\u00e9e en naturopathie de Baden-Baden, Allemagne","publisher":{"@id":"https:\/\/loewentestneu.metafex.io\/fr#organization"},"alternateName":"Lion Pharmacy","potentialAction":[{"@type":"SearchAction","target":{"@type":"EntryPoint","urlTemplate":"https:\/\/loewentestneu.metafex.io\/fr?s={search_term_string}"},"query-input":{"@type":"PropertyValueSpecification","valueRequired":true,"valueName":"search_term_string"}}],"inLanguage":"fr-FR"},{"@type":"Organization","@id":"https:\/\/loewentestneu.metafex.io\/fr#organization","name":"Lions Pharmacy","alternateName":"Lions Pharmacy24","url":"https:\/\/loewentestneu.metafex.io\/fr","logo":{"@type":"ImageObject","inLanguage":"fr-FR","@id":"https:\/\/loewentestneu.metafex.io\/fr#\/schema\/logo\/image\/","url":"https:\/\/loewentestneu.metafex.io\/wp-content\/uploads\/2022\/12\/Logo-Lion-Pharmacy-c-o-Loewen-Apotheke-smal.jpg","contentUrl":"https:\/\/loewentestneu.metafex.io\/wp-content\/uploads\/2022\/12\/Logo-Lion-Pharmacy-c-o-Loewen-Apotheke-smal.jpg","width":298,"height":99,"caption":"Lions Pharmacy"},"image":{"@id":"https:\/\/loewentestneu.metafex.io\/fr#\/schema\/logo\/image\/"}}]}},"_links":{"self":[{"href":"https:\/\/loewentestneu.metafex.io\/fr\/wp-json\/wp\/v2\/product\/20178","targetHints":{"allow":["GET"]}}],"collection":[{"href":"https:\/\/loewentestneu.metafex.io\/fr\/wp-json\/wp\/v2\/product"}],"about":[{"href":"https:\/\/loewentestneu.metafex.io\/fr\/wp-json\/wp\/v2\/types\/product"}],"replies":[{"embeddable":true,"href":"https:\/\/loewentestneu.metafex.io\/fr\/wp-json\/wp\/v2\/comments?post=20178"}],"wp:featuredmedia":[{"embeddable":true,"href":"https:\/\/loewentestneu.metafex.io\/fr\/wp-json\/wp\/v2\/media\/20182"}],"wp:attachment":[{"href":"https:\/\/loewentestneu.metafex.io\/fr\/wp-json\/wp\/v2\/media?parent=20178"}],"wp:term":[{"taxonomy":"product_brand","embeddable":true,"href":"https:\/\/loewentestneu.metafex.io\/fr\/wp-json\/wp\/v2\/product_brand?post=20178"},{"taxonomy":"product_cat","embeddable":true,"href":"https:\/\/loewentestneu.metafex.io\/fr\/wp-json\/wp\/v2\/product_cat?post=20178"},{"taxonomy":"product_tag","embeddable":true,"href":"https:\/\/loewentestneu.metafex.io\/fr\/wp-json\/wp\/v2\/product_tag?post=20178"}],"curies":[{"name":"wp","href":"https:\/\/api.w.org\/{rel}","templated":true}]}}