{"id":2299,"date":"2023-09-16T05:36:23","date_gmt":"2023-09-16T04:36:23","guid":{"rendered":"https:\/\/lions-pharmacy.com\/?post_type=product&#038;p=2299"},"modified":"2025-01-27T16:11:10","modified_gmt":"2025-01-27T15:11:10","slug":"conisan-n-eye-drops-11669918","status":"publish","type":"product","link":"https:\/\/loewentestneu.metafex.io\/fr\/produit\/conisan-n-eye-drops-11669918","title":{"rendered":"Conisan N collyre 20x 0,5 ml"},"content":{"rendered":"<h2>Conisan N collyre<\/h2>\n<p>Les gouttes ophtalmiques Conisan N construisent rapidement un film protecteur pour la corn\u00e9e et la conjonctive gr\u00e2ce \u00e0 la formule innovante sp\u00e9ciale. Il prot\u00e8ge la corn\u00e9e non seulement des influences environnementales et de la d\u00e9shydratation &#8211; la conjonctive irrit\u00e9e, enflamm\u00e9e ou allergique est \u00e9galement soutenue par le complexe vitOrgan AT dans votre r\u00e9g\u00e9n\u00e9ration.<\/p>\n<p>Les pr\u00e9parations hom\u00e9opathiques pour organes propos\u00e9es par vitOrgan pour la th\u00e9rapie biomol\u00e9culaire utilisent des substances organiques naturelles ayant un effet r\u00e9gulateur et m\u00e9tabolique afin de normaliser physiologiquement les processus d\u00e9s\u00e9quilibr\u00e9s. La th\u00e9rapie biomol\u00e9culaire des organes vitaux est une th\u00e9rapie tr\u00e8s efficace depuis 60 ans. Elle constitue un pont entre les domaines dits de la m\u00e9decine orthodoxe et de la naturopathie. Elle utilise des substances naturelles, r\u00e9gulatrices et m\u00e9taboliques, disponibles chez l&#8217;homme et l&#8217;animal, pour normaliser les maladies en modifiant les processus physiologiques qui ne sont plus en \u00e9quilibre &#8211; et ainsi traiter le patient non seulement sur le plan symptomatique, mais aussi sur le plan causal. Selon le principe &#8220;le c\u0153ur gu\u00e9rit le c\u0153ur, le rein gu\u00e9rit le rein, l&#8217;organe gu\u00e9rit l&#8217;organe&#8221;, il est important de r\u00e9veiller la puissance des cellules affaiblies par une r\u00e9gulation cibl\u00e9e.<\/p>\n<p>Notice\/mode d\u2019emploi\/fiche technique de l\u2019article: Conisan N collyre (lecteur PDF)<\/p>\n<p>Nom alternatif du produit: Conisan N collyre<br \/>\nAutres produits pour l&#8217;application : <a href=\"https:\/\/loewentestneu.metafex.io\/produkt-kategorie\/vitorgan\">vitOrgan<\/a><br \/>\nEn savoir plus sur le fabricant et ce produit : <a href=\"https:\/\/vitorgan.de\/en\/products\/\" target=\"_blank\" rel=\"noopener\">vitOrgan<\/a> (lien vers un site web externe)<\/p>\n<p>Les informations contenues dans ce site web sont fournies \u00e0 titre informatif uniquement. Ils ne remplacent en aucun cas l&#8217;examen et le traitement par un m\u00e9decin. Veuillez noter que cela signifie qu&#8217;aucun diagnostic ne peut \u00eatre \u00e9tabli et qu&#8217;aucune th\u00e9rapie ne peut \u00eatre mise en place.<\/p>\n<p>Pour conna\u00eetre les risques et les effets secondaires, lisez la notice et demandez conseil \u00e0 votre m\u00e9decin ou \u00e0 votre pharmacien.<\/p>\n","protected":false},"excerpt":{"rendered":"<h2>Conisan N collyre 20x 0,5 ml<\/h2>\n<p>Conisan N collyre pour la conjonctive irrit\u00e9e, enflamm\u00e9e ou allergique.<\/p>\n<p>&nbsp;<\/p>\n<p>PZN : 11669918 (num\u00e9ro central de la pharmacie)<\/p>\n<p>Forme pharmaceutique : ampoules<\/p>\n<p>Type de prescription : sans ordonnance<\/p>\n<p>Marque : vitOrgan<\/p>\n<p>Fabricant : vitOrgan GmbH &amp; Co.KG, Ostfildern, Allemagne<\/p>\n<p>Conditionnement : 5 pi\u00e8ces par 2ml<\/p>\n","protected":false},"featured_media":2303,"comment_status":"closed","ping_status":"closed","template":"","meta":[],"product_brand":[],"product_cat":[114,129],"product_tag":[306,230],"class_list":{"0":"post-2299","1":"product","2":"type-product","3":"status-publish","4":"has-post-thumbnail","6":"product_cat-non-classifiee","7":"product_cat-vitorgan-fr","8":"product_tag-homeopathie","9":"product_tag-neydil-fr","10":"ts_product_brand-all-fr","11":"ts_product_brand-vitorgan-fr","13":"first","14":"instock","15":"taxable","16":"shipping-taxable","17":"purchasable","18":"product-type-simple"},"yoast_head":"<!-- This site is optimized with the Yoast SEO plugin v26.5 - https:\/\/yoast.com\/wordpress\/plugins\/seo\/ -->\n<title>Conisan N collyre 20x 0,5 ml &#187; vitOrgan - Commandez ici<\/title>\n<meta name=\"description\" content=\"Pharmacie en ligne allemande enregistr\u00e9e | Exp\u00e9dition internationale rapide | Produit fabriqu\u00e9 par vitOrgan | Conisan N collyre 20x 0,5 ml\" \/>\n<meta name=\"robots\" content=\"noindex, follow, max-snippet:-1, max-image-preview:large, max-video-preview:-1\" \/>\n<meta property=\"og:locale\" content=\"fr_FR\" \/>\n<meta property=\"og:type\" content=\"article\" \/>\n<meta property=\"og:title\" content=\"Conisan N collyre 20x 0,5 ml &#187; vitOrgan - Commandez ici\" \/>\n<meta property=\"og:description\" content=\"Pharmacie en ligne allemande enregistr\u00e9e | Exp\u00e9dition internationale rapide | Produit fabriqu\u00e9 par vitOrgan | Conisan N collyre 20x 0,5 ml\" \/>\n<meta property=\"og:url\" content=\"https:\/\/loewentestneu.metafex.io\/fr\/produit\/conisan-n-eye-drops-11669918\" \/>\n<meta property=\"og:site_name\" content=\"Lion Pharmacy\" \/>\n<meta property=\"article:modified_time\" content=\"2025-01-27T15:11:10+00:00\" \/>\n<meta property=\"og:image\" content=\"https:\/\/loewentestneu.metafex.io\/wp-content\/uploads\/2023\/09\/Conisan-N-eye-drops-11669918-vitorgan-Lions-Pharmacy-loewen-apotheke24.webp\" \/>\n\t<meta property=\"og:image:width\" content=\"600\" \/>\n\t<meta property=\"og:image:height\" content=\"600\" \/>\n\t<meta property=\"og:image:type\" content=\"image\/webp\" \/>\n<meta name=\"twitter:card\" content=\"summary_large_image\" \/>\n<meta name=\"twitter:label1\" content=\"Dur\u00e9e de lecture estim\u00e9e\" \/>\n\t<meta name=\"twitter:data1\" content=\"2 minutes\" \/>\n<script type=\"application\/ld+json\" class=\"yoast-schema-graph\">{\"@context\":\"https:\/\/schema.org\",\"@graph\":[{\"@type\":\"WebPage\",\"@id\":\"https:\/\/loewentestneu.metafex.io\/fr\/produit\/conisan-n-eye-drops-11669918\",\"url\":\"https:\/\/loewentestneu.metafex.io\/fr\/produit\/conisan-n-eye-drops-11669918\",\"name\":\"Conisan N collyre 20x 0,5 ml &#187; vitOrgan - Commandez ici\",\"isPartOf\":{\"@id\":\"https:\/\/loewentestneu.metafex.io\/fr#website\"},\"primaryImageOfPage\":{\"@id\":\"https:\/\/loewentestneu.metafex.io\/fr\/produit\/conisan-n-eye-drops-11669918#primaryimage\"},\"image\":{\"@id\":\"https:\/\/loewentestneu.metafex.io\/fr\/produit\/conisan-n-eye-drops-11669918#primaryimage\"},\"thumbnailUrl\":\"https:\/\/loewentestneu.metafex.io\/wp-content\/uploads\/2023\/09\/Conisan-N-eye-drops-11669918-vitorgan-Lions-Pharmacy-loewen-apotheke24.webp\",\"datePublished\":\"2023-09-16T04:36:23+00:00\",\"dateModified\":\"2025-01-27T15:11:10+00:00\",\"description\":\"Pharmacie en ligne allemande enregistr\u00e9e | Exp\u00e9dition internationale rapide | Produit fabriqu\u00e9 par vitOrgan | Conisan N collyre 20x 0,5 ml\",\"breadcrumb\":{\"@id\":\"https:\/\/loewentestneu.metafex.io\/fr\/produit\/conisan-n-eye-drops-11669918#breadcrumb\"},\"inLanguage\":\"fr-FR\",\"potentialAction\":[{\"@type\":\"ReadAction\",\"target\":[\"https:\/\/loewentestneu.metafex.io\/fr\/produit\/conisan-n-eye-drops-11669918\"]}]},{\"@type\":\"ImageObject\",\"inLanguage\":\"fr-FR\",\"@id\":\"https:\/\/loewentestneu.metafex.io\/fr\/produit\/conisan-n-eye-drops-11669918#primaryimage\",\"url\":\"https:\/\/loewentestneu.metafex.io\/wp-content\/uploads\/2023\/09\/Conisan-N-eye-drops-11669918-vitorgan-Lions-Pharmacy-loewen-apotheke24.webp\",\"contentUrl\":\"https:\/\/loewentestneu.metafex.io\/wp-content\/uploads\/2023\/09\/Conisan-N-eye-drops-11669918-vitorgan-Lions-Pharmacy-loewen-apotheke24.webp\",\"width\":600,\"height\":600,\"caption\":\"Conisan N collyre 11669918 vitorgan Lions Pharmacy loewen-apotheke24\"},{\"@type\":\"BreadcrumbList\",\"@id\":\"https:\/\/loewentestneu.metafex.io\/fr\/produit\/conisan-n-eye-drops-11669918#breadcrumb\",\"itemListElement\":[{\"@type\":\"ListItem\",\"position\":1,\"name\":\"Home\",\"item\":\"https:\/\/loewentestneu.metafex.io\/fr\/homepage-lion-pharmacy\"},{\"@type\":\"ListItem\",\"position\":2,\"name\":\"Shop\",\"item\":\"https:\/\/loewentestneu.metafex.io\/fr\/boutique\"},{\"@type\":\"ListItem\",\"position\":3,\"name\":\"Conisan N collyre 20x 0,5 ml\"}]},{\"@type\":\"WebSite\",\"@id\":\"https:\/\/loewentestneu.metafex.io\/fr#website\",\"url\":\"https:\/\/loewentestneu.metafex.io\/fr\",\"name\":\"Lions Pharmacy\",\"description\":\"Pharmacie sp\u00e9cialis\u00e9e en naturopathie de Baden-Baden, Allemagne\",\"publisher\":{\"@id\":\"https:\/\/loewentestneu.metafex.io\/fr#organization\"},\"alternateName\":\"Lion Pharmacy\",\"potentialAction\":[{\"@type\":\"SearchAction\",\"target\":{\"@type\":\"EntryPoint\",\"urlTemplate\":\"https:\/\/loewentestneu.metafex.io\/fr?s={search_term_string}\"},\"query-input\":{\"@type\":\"PropertyValueSpecification\",\"valueRequired\":true,\"valueName\":\"search_term_string\"}}],\"inLanguage\":\"fr-FR\"},{\"@type\":\"Organization\",\"@id\":\"https:\/\/loewentestneu.metafex.io\/fr#organization\",\"name\":\"Lions Pharmacy\",\"alternateName\":\"Lions Pharmacy24\",\"url\":\"https:\/\/loewentestneu.metafex.io\/fr\",\"logo\":{\"@type\":\"ImageObject\",\"inLanguage\":\"fr-FR\",\"@id\":\"https:\/\/loewentestneu.metafex.io\/fr#\/schema\/logo\/image\/\",\"url\":\"https:\/\/loewentestneu.metafex.io\/wp-content\/uploads\/2022\/12\/Logo-Lion-Pharmacy-c-o-Loewen-Apotheke-smal.jpg\",\"contentUrl\":\"https:\/\/loewentestneu.metafex.io\/wp-content\/uploads\/2022\/12\/Logo-Lion-Pharmacy-c-o-Loewen-Apotheke-smal.jpg\",\"width\":298,\"height\":99,\"caption\":\"Lions Pharmacy\"},\"image\":{\"@id\":\"https:\/\/loewentestneu.metafex.io\/fr#\/schema\/logo\/image\/\"}}]}<\/script>\n<!-- \/ Yoast SEO plugin. -->","yoast_head_json":{"title":"Conisan N collyre 20x 0,5 ml &#187; vitOrgan - Commandez ici","description":"Pharmacie en ligne allemande enregistr\u00e9e | Exp\u00e9dition internationale rapide | Produit fabriqu\u00e9 par vitOrgan | Conisan N collyre 20x 0,5 ml","robots":{"index":"noindex","follow":"follow","max-snippet":"max-snippet:-1","max-image-preview":"max-image-preview:large","max-video-preview":"max-video-preview:-1"},"og_locale":"fr_FR","og_type":"article","og_title":"Conisan N collyre 20x 0,5 ml &#187; vitOrgan - Commandez ici","og_description":"Pharmacie en ligne allemande enregistr\u00e9e | Exp\u00e9dition internationale rapide | Produit fabriqu\u00e9 par vitOrgan | Conisan N collyre 20x 0,5 ml","og_url":"https:\/\/loewentestneu.metafex.io\/fr\/produit\/conisan-n-eye-drops-11669918","og_site_name":"Lion Pharmacy","article_modified_time":"2025-01-27T15:11:10+00:00","og_image":[{"width":600,"height":600,"url":"https:\/\/loewentestneu.metafex.io\/wp-content\/uploads\/2023\/09\/Conisan-N-eye-drops-11669918-vitorgan-Lions-Pharmacy-loewen-apotheke24.webp","type":"image\/webp"}],"twitter_card":"summary_large_image","twitter_misc":{"Dur\u00e9e de lecture estim\u00e9e":"2 minutes"},"schema":{"@context":"https:\/\/schema.org","@graph":[{"@type":"WebPage","@id":"https:\/\/loewentestneu.metafex.io\/fr\/produit\/conisan-n-eye-drops-11669918","url":"https:\/\/loewentestneu.metafex.io\/fr\/produit\/conisan-n-eye-drops-11669918","name":"Conisan N collyre 20x 0,5 ml &#187; vitOrgan - Commandez ici","isPartOf":{"@id":"https:\/\/loewentestneu.metafex.io\/fr#website"},"primaryImageOfPage":{"@id":"https:\/\/loewentestneu.metafex.io\/fr\/produit\/conisan-n-eye-drops-11669918#primaryimage"},"image":{"@id":"https:\/\/loewentestneu.metafex.io\/fr\/produit\/conisan-n-eye-drops-11669918#primaryimage"},"thumbnailUrl":"https:\/\/loewentestneu.metafex.io\/wp-content\/uploads\/2023\/09\/Conisan-N-eye-drops-11669918-vitorgan-Lions-Pharmacy-loewen-apotheke24.webp","datePublished":"2023-09-16T04:36:23+00:00","dateModified":"2025-01-27T15:11:10+00:00","description":"Pharmacie en ligne allemande enregistr\u00e9e | Exp\u00e9dition internationale rapide | Produit fabriqu\u00e9 par vitOrgan | Conisan N collyre 20x 0,5 ml","breadcrumb":{"@id":"https:\/\/loewentestneu.metafex.io\/fr\/produit\/conisan-n-eye-drops-11669918#breadcrumb"},"inLanguage":"fr-FR","potentialAction":[{"@type":"ReadAction","target":["https:\/\/loewentestneu.metafex.io\/fr\/produit\/conisan-n-eye-drops-11669918"]}]},{"@type":"ImageObject","inLanguage":"fr-FR","@id":"https:\/\/loewentestneu.metafex.io\/fr\/produit\/conisan-n-eye-drops-11669918#primaryimage","url":"https:\/\/loewentestneu.metafex.io\/wp-content\/uploads\/2023\/09\/Conisan-N-eye-drops-11669918-vitorgan-Lions-Pharmacy-loewen-apotheke24.webp","contentUrl":"https:\/\/loewentestneu.metafex.io\/wp-content\/uploads\/2023\/09\/Conisan-N-eye-drops-11669918-vitorgan-Lions-Pharmacy-loewen-apotheke24.webp","width":600,"height":600,"caption":"Conisan N collyre 11669918 vitorgan Lions Pharmacy loewen-apotheke24"},{"@type":"BreadcrumbList","@id":"https:\/\/loewentestneu.metafex.io\/fr\/produit\/conisan-n-eye-drops-11669918#breadcrumb","itemListElement":[{"@type":"ListItem","position":1,"name":"Home","item":"https:\/\/loewentestneu.metafex.io\/fr\/homepage-lion-pharmacy"},{"@type":"ListItem","position":2,"name":"Shop","item":"https:\/\/loewentestneu.metafex.io\/fr\/boutique"},{"@type":"ListItem","position":3,"name":"Conisan N collyre 20x 0,5 ml"}]},{"@type":"WebSite","@id":"https:\/\/loewentestneu.metafex.io\/fr#website","url":"https:\/\/loewentestneu.metafex.io\/fr","name":"Lions Pharmacy","description":"Pharmacie sp\u00e9cialis\u00e9e en naturopathie de Baden-Baden, Allemagne","publisher":{"@id":"https:\/\/loewentestneu.metafex.io\/fr#organization"},"alternateName":"Lion Pharmacy","potentialAction":[{"@type":"SearchAction","target":{"@type":"EntryPoint","urlTemplate":"https:\/\/loewentestneu.metafex.io\/fr?s={search_term_string}"},"query-input":{"@type":"PropertyValueSpecification","valueRequired":true,"valueName":"search_term_string"}}],"inLanguage":"fr-FR"},{"@type":"Organization","@id":"https:\/\/loewentestneu.metafex.io\/fr#organization","name":"Lions Pharmacy","alternateName":"Lions Pharmacy24","url":"https:\/\/loewentestneu.metafex.io\/fr","logo":{"@type":"ImageObject","inLanguage":"fr-FR","@id":"https:\/\/loewentestneu.metafex.io\/fr#\/schema\/logo\/image\/","url":"https:\/\/loewentestneu.metafex.io\/wp-content\/uploads\/2022\/12\/Logo-Lion-Pharmacy-c-o-Loewen-Apotheke-smal.jpg","contentUrl":"https:\/\/loewentestneu.metafex.io\/wp-content\/uploads\/2022\/12\/Logo-Lion-Pharmacy-c-o-Loewen-Apotheke-smal.jpg","width":298,"height":99,"caption":"Lions Pharmacy"},"image":{"@id":"https:\/\/loewentestneu.metafex.io\/fr#\/schema\/logo\/image\/"}}]}},"_links":{"self":[{"href":"https:\/\/loewentestneu.metafex.io\/fr\/wp-json\/wp\/v2\/product\/2299","targetHints":{"allow":["GET"]}}],"collection":[{"href":"https:\/\/loewentestneu.metafex.io\/fr\/wp-json\/wp\/v2\/product"}],"about":[{"href":"https:\/\/loewentestneu.metafex.io\/fr\/wp-json\/wp\/v2\/types\/product"}],"replies":[{"embeddable":true,"href":"https:\/\/loewentestneu.metafex.io\/fr\/wp-json\/wp\/v2\/comments?post=2299"}],"wp:featuredmedia":[{"embeddable":true,"href":"https:\/\/loewentestneu.metafex.io\/fr\/wp-json\/wp\/v2\/media\/2303"}],"wp:attachment":[{"href":"https:\/\/loewentestneu.metafex.io\/fr\/wp-json\/wp\/v2\/media?parent=2299"}],"wp:term":[{"taxonomy":"product_brand","embeddable":true,"href":"https:\/\/loewentestneu.metafex.io\/fr\/wp-json\/wp\/v2\/product_brand?post=2299"},{"taxonomy":"product_cat","embeddable":true,"href":"https:\/\/loewentestneu.metafex.io\/fr\/wp-json\/wp\/v2\/product_cat?post=2299"},{"taxonomy":"product_tag","embeddable":true,"href":"https:\/\/loewentestneu.metafex.io\/fr\/wp-json\/wp\/v2\/product_tag?post=2299"}],"curies":[{"name":"wp","href":"https:\/\/api.w.org\/{rel}","templated":true}]}}