{"id":3000,"date":"2024-01-16T23:05:46","date_gmt":"2024-01-16T22:05:46","guid":{"rendered":"https:\/\/lions-pharmacy.com\/?post_type=product&#038;p=3000"},"modified":"2025-01-25T13:11:15","modified_gmt":"2025-01-25T12:11:15","slug":"cri-regen-spag-peka-gouttes-100ml","status":"publish","type":"product","link":"https:\/\/loewentestneu.metafex.io\/fr\/produit\/cri-regen-spag-peka-gouttes-100ml","title":{"rendered":"Cri-regen spag. Gouttes de Peka 100ml"},"content":{"rendered":"<h3>Cri-regen spag. Gouttes de Peka<\/h3>\n<p>Cri-regen spag. Gouttes Peka &#8211; m\u00e9dicament hom\u00e9opathique enregistr\u00e9, donc sans indication th\u00e9rapeutique. Si les sympt\u00f4mes persistent pendant l\u2019utilisation, consultez un m\u00e9decin.<\/p>\n<p>PEKANA Naturheilmittel GmbH impose les exigences les plus \u00e9lev\u00e9es \u00e0 ses produits, tant dans la s\u00e9lection que dans le traitement des mati\u00e8res premi\u00e8res. Des produits de haute qualit\u00e9 sur une base naturelle \u2013 c\u2019est ce dans quoi nous nous sp\u00e9cialisons.<\/p>\n<p>\u2013 S\u00e9lection rigoureuse des mati\u00e8res premi\u00e8res<\/p>\n<p>\u2013 Des m\u00e9thodes de production douces et naturelles<\/p>\n<p>\u2013 Renonciation compl\u00e8te aux ingr\u00e9dients d\u2019origine animale<\/p>\n<p>\u2013 Combinaison naturelle et \u00e9quilibr\u00e9e des diff\u00e9rentes substances v\u00e9g\u00e9tales<\/p>\n<p>Autres produits pour l\u2019application: <a href=\"https:\/\/loewentestneu.metafex.io\/product-tag\/vitamins-supplements\">Vitamines &amp; suppl\u00e9ments Produits<\/a><br \/>\nEn apprendre plus sur fabricant et ce produit: <a href=\"https:\/\/www.pekana.com\/en-EN\/\" target=\"_blank\" rel=\"noopener\">PEKANA Naturheilmittel GmbH<\/a> (lien vers site Web externe)<\/p>\n<p>Les informations contenues dans ce site web sont fournies \u00e0 titre informatif uniquement. Ils ne remplacent en aucun cas l&#8217;examen et le traitement par un m\u00e9decin. Veuillez noter que cela signifie qu&#8217;aucun diagnostic ne peut \u00eatre \u00e9tabli et qu&#8217;aucune th\u00e9rapie ne peut \u00eatre mise en place.<\/p>\n<p>Pour conna\u00eetre les risques et les effets secondaires, lisez la notice et demandez conseil \u00e0 votre m\u00e9decin ou \u00e0 votre pharmacien.<\/p>\n","protected":false},"excerpt":{"rendered":"<h2>Cri-regen spag. Gouttes de Peka 100ml<\/h2>\n<p>m\u00e9dicament hom\u00e9opathique enregistr\u00e9.<\/p>\n<p>&nbsp;<\/p>\n<p>PZN : 03821772 (num\u00e9ro central de l\u2019industrie pharmaceutique)<\/p>\n<p>Forme posologique : gouttes<\/p>\n<p>Type de prescription : sans ordonnance<\/p>\n<p>Marque&nbsp;: Peka<\/p>\n<p>Fabricant: PEKANA Naturheilmittel GmbH<\/p>\n<p>Taille d\u2019emballage: 100ml<\/p>\n","protected":false},"featured_media":3005,"comment_status":"closed","ping_status":"closed","template":"","meta":[],"product_brand":[],"product_cat":[342,120,114],"product_tag":[309],"class_list":{"0":"post-3000","1":"product","2":"type-product","3":"status-publish","4":"has-post-thumbnail","6":"product_cat-pekana-fr","7":"product_cat-sale-fr","8":"product_cat-non-classifiee","9":"product_tag-vente-mensuelle","10":"ts_product_brand-all-fr","11":"ts_product_brand-pekana-fr","13":"first","14":"instock","15":"sale","16":"taxable","17":"shipping-taxable","18":"purchasable","19":"product-type-simple"},"yoast_head":"<!-- This site is optimized with the Yoast SEO plugin v26.5 - https:\/\/yoast.com\/wordpress\/plugins\/seo\/ -->\n<title>Cri-regen spag. Gouttes de Peka 100ml &#187; Lion Pharmacy &#187; soins de la peau<\/title>\n<meta name=\"description\" content=\"Pharmacie en ligne allemande enregistr\u00e9e. Exp\u00e9dition internationale rapide et achats en ligne en toute s\u00e9curit\u00e9. Pekana m\u00e9dicaments: Cri-regen spag. Gouttes de Peka 100ml &gt; commander ici\" \/>\n<meta name=\"robots\" content=\"noindex, follow, max-snippet:-1, max-image-preview:large, max-video-preview:-1\" \/>\n<meta property=\"og:locale\" content=\"fr_FR\" \/>\n<meta property=\"og:type\" content=\"article\" \/>\n<meta property=\"og:title\" content=\"Cri-regen spag. Gouttes de Peka 100ml &#187; Lion Pharmacy &#187; soins de la peau\" \/>\n<meta property=\"og:description\" content=\"Pharmacie en ligne allemande enregistr\u00e9e. Exp\u00e9dition internationale rapide et achats en ligne en toute s\u00e9curit\u00e9. Pekana m\u00e9dicaments: Cri-regen spag. Gouttes de Peka 100ml &gt; commander ici\" \/>\n<meta property=\"og:url\" content=\"https:\/\/loewentestneu.metafex.io\/fr\/produit\/cri-regen-spag-peka-gouttes-100ml\" \/>\n<meta property=\"og:site_name\" content=\"Lion Pharmacy\" \/>\n<meta property=\"article:modified_time\" content=\"2025-01-25T12:11:15+00:00\" \/>\n<meta property=\"og:image\" content=\"https:\/\/loewentestneu.metafex.io\/wp-content\/uploads\/2024\/01\/cri-regen-spag-peka-100ml-Pekana-Lions-Pharmacy.webp\" \/>\n\t<meta property=\"og:image:width\" content=\"600\" \/>\n\t<meta property=\"og:image:height\" content=\"600\" \/>\n\t<meta property=\"og:image:type\" content=\"image\/webp\" \/>\n<meta name=\"twitter:card\" content=\"summary_large_image\" \/>\n<meta name=\"twitter:label1\" content=\"Dur\u00e9e de lecture estim\u00e9e\" \/>\n\t<meta name=\"twitter:data1\" content=\"1 minute\" \/>\n<script type=\"application\/ld+json\" class=\"yoast-schema-graph\">{\"@context\":\"https:\/\/schema.org\",\"@graph\":[{\"@type\":\"WebPage\",\"@id\":\"https:\/\/loewentestneu.metafex.io\/fr\/produit\/cri-regen-spag-peka-gouttes-100ml\",\"url\":\"https:\/\/loewentestneu.metafex.io\/fr\/produit\/cri-regen-spag-peka-gouttes-100ml\",\"name\":\"Cri-regen spag. Gouttes de Peka 100ml &#187; Lion Pharmacy &#187; soins de la peau\",\"isPartOf\":{\"@id\":\"https:\/\/loewentestneu.metafex.io\/fr#website\"},\"primaryImageOfPage\":{\"@id\":\"https:\/\/loewentestneu.metafex.io\/fr\/produit\/cri-regen-spag-peka-gouttes-100ml#primaryimage\"},\"image\":{\"@id\":\"https:\/\/loewentestneu.metafex.io\/fr\/produit\/cri-regen-spag-peka-gouttes-100ml#primaryimage\"},\"thumbnailUrl\":\"https:\/\/loewentestneu.metafex.io\/wp-content\/uploads\/2024\/01\/cri-regen-spag-peka-100ml-Pekana-Lions-Pharmacy.webp\",\"datePublished\":\"2024-01-16T22:05:46+00:00\",\"dateModified\":\"2025-01-25T12:11:15+00:00\",\"description\":\"Pharmacie en ligne allemande enregistr\u00e9e. Exp\u00e9dition internationale rapide et achats en ligne en toute s\u00e9curit\u00e9. Pekana m\u00e9dicaments: Cri-regen spag. Gouttes de Peka 100ml > commander ici\",\"breadcrumb\":{\"@id\":\"https:\/\/loewentestneu.metafex.io\/fr\/produit\/cri-regen-spag-peka-gouttes-100ml#breadcrumb\"},\"inLanguage\":\"fr-FR\",\"potentialAction\":[{\"@type\":\"ReadAction\",\"target\":[\"https:\/\/loewentestneu.metafex.io\/fr\/produit\/cri-regen-spag-peka-gouttes-100ml\"]}]},{\"@type\":\"ImageObject\",\"inLanguage\":\"fr-FR\",\"@id\":\"https:\/\/loewentestneu.metafex.io\/fr\/produit\/cri-regen-spag-peka-gouttes-100ml#primaryimage\",\"url\":\"https:\/\/loewentestneu.metafex.io\/wp-content\/uploads\/2024\/01\/cri-regen-spag-peka-100ml-Pekana-Lions-Pharmacy.webp\",\"contentUrl\":\"https:\/\/loewentestneu.metafex.io\/wp-content\/uploads\/2024\/01\/cri-regen-spag-peka-100ml-Pekana-Lions-Pharmacy.webp\",\"width\":600,\"height\":600,\"caption\":\"cri-regen-spag-peka-100ml, Pekana, Pharmacie Lions\"},{\"@type\":\"BreadcrumbList\",\"@id\":\"https:\/\/loewentestneu.metafex.io\/fr\/produit\/cri-regen-spag-peka-gouttes-100ml#breadcrumb\",\"itemListElement\":[{\"@type\":\"ListItem\",\"position\":1,\"name\":\"Home\",\"item\":\"https:\/\/loewentestneu.metafex.io\/fr\/homepage-lion-pharmacy\"},{\"@type\":\"ListItem\",\"position\":2,\"name\":\"Shop\",\"item\":\"https:\/\/loewentestneu.metafex.io\/fr\/boutique\"},{\"@type\":\"ListItem\",\"position\":3,\"name\":\"Cri-regen spag. Gouttes de Peka 100ml\"}]},{\"@type\":\"WebSite\",\"@id\":\"https:\/\/loewentestneu.metafex.io\/fr#website\",\"url\":\"https:\/\/loewentestneu.metafex.io\/fr\",\"name\":\"Lions Pharmacy\",\"description\":\"Pharmacie sp\u00e9cialis\u00e9e en naturopathie de Baden-Baden, Allemagne\",\"publisher\":{\"@id\":\"https:\/\/loewentestneu.metafex.io\/fr#organization\"},\"alternateName\":\"Lion Pharmacy\",\"potentialAction\":[{\"@type\":\"SearchAction\",\"target\":{\"@type\":\"EntryPoint\",\"urlTemplate\":\"https:\/\/loewentestneu.metafex.io\/fr?s={search_term_string}\"},\"query-input\":{\"@type\":\"PropertyValueSpecification\",\"valueRequired\":true,\"valueName\":\"search_term_string\"}}],\"inLanguage\":\"fr-FR\"},{\"@type\":\"Organization\",\"@id\":\"https:\/\/loewentestneu.metafex.io\/fr#organization\",\"name\":\"Lions Pharmacy\",\"alternateName\":\"Lions Pharmacy24\",\"url\":\"https:\/\/loewentestneu.metafex.io\/fr\",\"logo\":{\"@type\":\"ImageObject\",\"inLanguage\":\"fr-FR\",\"@id\":\"https:\/\/loewentestneu.metafex.io\/fr#\/schema\/logo\/image\/\",\"url\":\"https:\/\/loewentestneu.metafex.io\/wp-content\/uploads\/2022\/12\/Logo-Lion-Pharmacy-c-o-Loewen-Apotheke-smal.jpg\",\"contentUrl\":\"https:\/\/loewentestneu.metafex.io\/wp-content\/uploads\/2022\/12\/Logo-Lion-Pharmacy-c-o-Loewen-Apotheke-smal.jpg\",\"width\":298,\"height\":99,\"caption\":\"Lions Pharmacy\"},\"image\":{\"@id\":\"https:\/\/loewentestneu.metafex.io\/fr#\/schema\/logo\/image\/\"}}]}<\/script>\n<!-- \/ Yoast SEO plugin. -->","yoast_head_json":{"title":"Cri-regen spag. Gouttes de Peka 100ml &#187; Lion Pharmacy &#187; soins de la peau","description":"Pharmacie en ligne allemande enregistr\u00e9e. Exp\u00e9dition internationale rapide et achats en ligne en toute s\u00e9curit\u00e9. Pekana m\u00e9dicaments: Cri-regen spag. Gouttes de Peka 100ml > commander ici","robots":{"index":"noindex","follow":"follow","max-snippet":"max-snippet:-1","max-image-preview":"max-image-preview:large","max-video-preview":"max-video-preview:-1"},"og_locale":"fr_FR","og_type":"article","og_title":"Cri-regen spag. Gouttes de Peka 100ml &#187; Lion Pharmacy &#187; soins de la peau","og_description":"Pharmacie en ligne allemande enregistr\u00e9e. Exp\u00e9dition internationale rapide et achats en ligne en toute s\u00e9curit\u00e9. Pekana m\u00e9dicaments: Cri-regen spag. Gouttes de Peka 100ml > commander ici","og_url":"https:\/\/loewentestneu.metafex.io\/fr\/produit\/cri-regen-spag-peka-gouttes-100ml","og_site_name":"Lion Pharmacy","article_modified_time":"2025-01-25T12:11:15+00:00","og_image":[{"width":600,"height":600,"url":"https:\/\/loewentestneu.metafex.io\/wp-content\/uploads\/2024\/01\/cri-regen-spag-peka-100ml-Pekana-Lions-Pharmacy.webp","type":"image\/webp"}],"twitter_card":"summary_large_image","twitter_misc":{"Dur\u00e9e de lecture estim\u00e9e":"1 minute"},"schema":{"@context":"https:\/\/schema.org","@graph":[{"@type":"WebPage","@id":"https:\/\/loewentestneu.metafex.io\/fr\/produit\/cri-regen-spag-peka-gouttes-100ml","url":"https:\/\/loewentestneu.metafex.io\/fr\/produit\/cri-regen-spag-peka-gouttes-100ml","name":"Cri-regen spag. Gouttes de Peka 100ml &#187; Lion Pharmacy &#187; soins de la peau","isPartOf":{"@id":"https:\/\/loewentestneu.metafex.io\/fr#website"},"primaryImageOfPage":{"@id":"https:\/\/loewentestneu.metafex.io\/fr\/produit\/cri-regen-spag-peka-gouttes-100ml#primaryimage"},"image":{"@id":"https:\/\/loewentestneu.metafex.io\/fr\/produit\/cri-regen-spag-peka-gouttes-100ml#primaryimage"},"thumbnailUrl":"https:\/\/loewentestneu.metafex.io\/wp-content\/uploads\/2024\/01\/cri-regen-spag-peka-100ml-Pekana-Lions-Pharmacy.webp","datePublished":"2024-01-16T22:05:46+00:00","dateModified":"2025-01-25T12:11:15+00:00","description":"Pharmacie en ligne allemande enregistr\u00e9e. Exp\u00e9dition internationale rapide et achats en ligne en toute s\u00e9curit\u00e9. Pekana m\u00e9dicaments: Cri-regen spag. Gouttes de Peka 100ml > commander ici","breadcrumb":{"@id":"https:\/\/loewentestneu.metafex.io\/fr\/produit\/cri-regen-spag-peka-gouttes-100ml#breadcrumb"},"inLanguage":"fr-FR","potentialAction":[{"@type":"ReadAction","target":["https:\/\/loewentestneu.metafex.io\/fr\/produit\/cri-regen-spag-peka-gouttes-100ml"]}]},{"@type":"ImageObject","inLanguage":"fr-FR","@id":"https:\/\/loewentestneu.metafex.io\/fr\/produit\/cri-regen-spag-peka-gouttes-100ml#primaryimage","url":"https:\/\/loewentestneu.metafex.io\/wp-content\/uploads\/2024\/01\/cri-regen-spag-peka-100ml-Pekana-Lions-Pharmacy.webp","contentUrl":"https:\/\/loewentestneu.metafex.io\/wp-content\/uploads\/2024\/01\/cri-regen-spag-peka-100ml-Pekana-Lions-Pharmacy.webp","width":600,"height":600,"caption":"cri-regen-spag-peka-100ml, Pekana, Pharmacie Lions"},{"@type":"BreadcrumbList","@id":"https:\/\/loewentestneu.metafex.io\/fr\/produit\/cri-regen-spag-peka-gouttes-100ml#breadcrumb","itemListElement":[{"@type":"ListItem","position":1,"name":"Home","item":"https:\/\/loewentestneu.metafex.io\/fr\/homepage-lion-pharmacy"},{"@type":"ListItem","position":2,"name":"Shop","item":"https:\/\/loewentestneu.metafex.io\/fr\/boutique"},{"@type":"ListItem","position":3,"name":"Cri-regen spag. Gouttes de Peka 100ml"}]},{"@type":"WebSite","@id":"https:\/\/loewentestneu.metafex.io\/fr#website","url":"https:\/\/loewentestneu.metafex.io\/fr","name":"Lions Pharmacy","description":"Pharmacie sp\u00e9cialis\u00e9e en naturopathie de Baden-Baden, Allemagne","publisher":{"@id":"https:\/\/loewentestneu.metafex.io\/fr#organization"},"alternateName":"Lion Pharmacy","potentialAction":[{"@type":"SearchAction","target":{"@type":"EntryPoint","urlTemplate":"https:\/\/loewentestneu.metafex.io\/fr?s={search_term_string}"},"query-input":{"@type":"PropertyValueSpecification","valueRequired":true,"valueName":"search_term_string"}}],"inLanguage":"fr-FR"},{"@type":"Organization","@id":"https:\/\/loewentestneu.metafex.io\/fr#organization","name":"Lions Pharmacy","alternateName":"Lions Pharmacy24","url":"https:\/\/loewentestneu.metafex.io\/fr","logo":{"@type":"ImageObject","inLanguage":"fr-FR","@id":"https:\/\/loewentestneu.metafex.io\/fr#\/schema\/logo\/image\/","url":"https:\/\/loewentestneu.metafex.io\/wp-content\/uploads\/2022\/12\/Logo-Lion-Pharmacy-c-o-Loewen-Apotheke-smal.jpg","contentUrl":"https:\/\/loewentestneu.metafex.io\/wp-content\/uploads\/2022\/12\/Logo-Lion-Pharmacy-c-o-Loewen-Apotheke-smal.jpg","width":298,"height":99,"caption":"Lions Pharmacy"},"image":{"@id":"https:\/\/loewentestneu.metafex.io\/fr#\/schema\/logo\/image\/"}}]}},"_links":{"self":[{"href":"https:\/\/loewentestneu.metafex.io\/fr\/wp-json\/wp\/v2\/product\/3000","targetHints":{"allow":["GET"]}}],"collection":[{"href":"https:\/\/loewentestneu.metafex.io\/fr\/wp-json\/wp\/v2\/product"}],"about":[{"href":"https:\/\/loewentestneu.metafex.io\/fr\/wp-json\/wp\/v2\/types\/product"}],"replies":[{"embeddable":true,"href":"https:\/\/loewentestneu.metafex.io\/fr\/wp-json\/wp\/v2\/comments?post=3000"}],"wp:featuredmedia":[{"embeddable":true,"href":"https:\/\/loewentestneu.metafex.io\/fr\/wp-json\/wp\/v2\/media\/3005"}],"wp:attachment":[{"href":"https:\/\/loewentestneu.metafex.io\/fr\/wp-json\/wp\/v2\/media?parent=3000"}],"wp:term":[{"taxonomy":"product_brand","embeddable":true,"href":"https:\/\/loewentestneu.metafex.io\/fr\/wp-json\/wp\/v2\/product_brand?post=3000"},{"taxonomy":"product_cat","embeddable":true,"href":"https:\/\/loewentestneu.metafex.io\/fr\/wp-json\/wp\/v2\/product_cat?post=3000"},{"taxonomy":"product_tag","embeddable":true,"href":"https:\/\/loewentestneu.metafex.io\/fr\/wp-json\/wp\/v2\/product_tag?post=3000"}],"curies":[{"name":"wp","href":"https:\/\/api.w.org\/{rel}","templated":true}]}}