{"id":3624,"date":"2024-03-14T15:13:41","date_gmt":"2024-03-14T14:13:41","guid":{"rendered":"https:\/\/lions-pharmacy.com\/?post_type=product&#038;p=3624"},"modified":"2024-03-15T06:50:16","modified_gmt":"2024-03-15T05:50:16","slug":"ibu-ratiopharm-400-mg-comprimes-anti-douleur-aigue-10019621","status":"publish","type":"product","link":"https:\/\/loewentestneu.metafex.io\/fr\/produit\/ibu-ratiopharm-400-mg-comprimes-anti-douleur-aigue-10019621","title":{"rendered":"IBU ratiopharm 400 mg comprim\u00e9s analg\u00e9siques aigus"},"content":{"rendered":"<h3>IBU ratiopharm 400 mg comprim\u00e9s analg\u00e9siques aigus<\/h3>\n<p>IBU ratiopharm comprim\u00e9s analg\u00e9siques aigus. Aide aigu\u00eb pour la douleur aigu\u00eb \u2013 Ibuprof\u00e8ne de ratiopharm.<\/p>\n<p>Pour les douleurs l\u00e9g\u00e8res \u00e0 mod\u00e9r\u00e9es :<br \/>\n-Pour les maux de t\u00eate, les maux de dents et les douleurs menstruelles<br \/>\n-Combat l\u2019inflammation et la fi\u00e8vre<\/p>\n<p>Comprim\u00e9 divisible pour un dosage facile. Sans lactose, sans gluten et sans ingr\u00e9dients d\u2019origine animale<\/p>\n<p>Vous trouverez de plus amples informations sur le produit aupr\u00e8s du <a href=\"https:\/\/www.ratiopharm.de\/produkte\/details\/praeparate\/praeparatedaten\/detail\/pzn-266011.html\" target=\"_blank\" rel=\"noopener\">fabricant<\/a>.<\/p>\n<p>Notice \/ mode d\u2019emploi\/fiche technique de l\u2019article: &#8211; (Lecteur PDF)<\/p>\n<p>Autres produits pour l\u2019application&nbsp;: Pharmacie de voyage | <a href=\"https:\/\/loewentestneu.metafex.io\/product-tag\/cold-flu\">Infections<\/a><\/p>\n<p>Les informations contenues dans ce site web sont fournies \u00e0 titre informatif uniquement. Ils ne remplacent en aucun cas l&#8217;examen et le traitement par un m\u00e9decin. Veuillez noter que cela signifie qu&#8217;aucun diagnostic ne peut \u00eatre \u00e9tabli et qu&#8217;aucune th\u00e9rapie ne peut \u00eatre mise en place.<\/p>\n<p>Pour conna\u00eetre les risques et les effets secondaires, lisez la notice et demandez conseil \u00e0 votre m\u00e9decin ou \u00e0 votre pharmacien.<\/p>\n","protected":false},"excerpt":{"rendered":"<h2>IBU ratiopharm 400 mg comprim\u00e9s analg\u00e9siques aigus<\/h2>\n<p>Ibuprof\u00e8ne 400mg \u00e0 utiliser dans les douleurs l\u00e9g\u00e8res \u00e0 mod\u00e9r\u00e9es telles que les maux de t\u00eate, les maux de dents, les douleurs menstruelles et la fi\u00e8vre.<\/p>\n<p>&nbsp;<\/p>\n<p>PZN : 10019621 (num\u00e9ro central de la pharmacie)<\/p>\n<p>Forme posologique: comprim\u00e9s<\/p>\n<p>Type de prescription : sans ordonnance<\/p>\n<p>Marque&nbsp;: ratiopharm<\/p>\n<p>Fabricant : ratiopharm GmbH, Allemagne<\/p>\n<p>Taille d\u2019emballage: 50 pc.<\/p>\n","protected":false},"featured_media":3629,"comment_status":"closed","ping_status":"closed","template":"","meta":[],"product_brand":[],"product_cat":[120,114],"product_tag":[233,294,309],"class_list":{"0":"post-3624","1":"product","2":"type-product","3":"status-publish","4":"has-post-thumbnail","6":"product_cat-sale-fr","7":"product_cat-non-classifiee","8":"product_tag-infection-virale","9":"product_tag-rhume","10":"product_tag-vente-mensuelle","11":"ts_product_brand-all-fr","13":"first","14":"instock","15":"taxable","16":"shipping-taxable","17":"purchasable","18":"product-type-simple"},"yoast_head":"<!-- This site is optimized with the Yoast SEO plugin v26.5 - https:\/\/yoast.com\/wordpress\/plugins\/seo\/ -->\n<title>IBU ratiopharm 400 mg comprim\u00e9s analg\u00e9siques aigus &#187; Lion Pharmacy &#187; commander ici<\/title>\n<meta name=\"description\" content=\"Pharmacie allemande enregistr\u00e9e. Nous offrons\u00a0: Exp\u00e9dition internationale rapide et achats en ligne s\u00e9curis\u00e9s. IBU ratiopharm 400 mg comprim\u00e9s analg\u00e9siques aigus\" \/>\n<meta name=\"robots\" content=\"noindex, follow, max-snippet:-1, max-image-preview:large, max-video-preview:-1\" \/>\n<meta property=\"og:locale\" content=\"fr_FR\" \/>\n<meta property=\"og:type\" content=\"article\" \/>\n<meta property=\"og:title\" content=\"IBU ratiopharm 400 mg comprim\u00e9s analg\u00e9siques aigus &#187; Lion Pharmacy &#187; commander ici\" \/>\n<meta property=\"og:description\" content=\"Pharmacie allemande enregistr\u00e9e. Nous offrons\u00a0: Exp\u00e9dition internationale rapide et achats en ligne s\u00e9curis\u00e9s. IBU ratiopharm 400 mg comprim\u00e9s analg\u00e9siques aigus\" \/>\n<meta property=\"og:url\" content=\"https:\/\/loewentestneu.metafex.io\/fr\/produit\/ibu-ratiopharm-400-mg-comprimes-anti-douleur-aigue-10019621\" \/>\n<meta property=\"og:site_name\" content=\"Lion Pharmacy\" \/>\n<meta property=\"article:modified_time\" content=\"2024-03-15T05:50:16+00:00\" \/>\n<meta property=\"og:image\" content=\"https:\/\/loewentestneu.metafex.io\/wp-content\/uploads\/2024\/03\/IBU-ratiopharm-400-mg-akut-Schmerztabletten-PZN-10019621.webp\" \/>\n\t<meta property=\"og:image:width\" content=\"600\" \/>\n\t<meta property=\"og:image:height\" content=\"600\" \/>\n\t<meta property=\"og:image:type\" content=\"image\/webp\" \/>\n<meta name=\"twitter:card\" content=\"summary_large_image\" \/>\n<meta name=\"twitter:label1\" content=\"Dur\u00e9e de lecture estim\u00e9e\" \/>\n\t<meta name=\"twitter:data1\" content=\"1 minute\" \/>\n<script type=\"application\/ld+json\" class=\"yoast-schema-graph\">{\"@context\":\"https:\/\/schema.org\",\"@graph\":[{\"@type\":\"WebPage\",\"@id\":\"https:\/\/loewentestneu.metafex.io\/fr\/produit\/ibu-ratiopharm-400-mg-comprimes-anti-douleur-aigue-10019621\",\"url\":\"https:\/\/loewentestneu.metafex.io\/fr\/produit\/ibu-ratiopharm-400-mg-comprimes-anti-douleur-aigue-10019621\",\"name\":\"IBU ratiopharm 400 mg comprim\u00e9s analg\u00e9siques aigus &#187; Lion Pharmacy &#187; commander ici\",\"isPartOf\":{\"@id\":\"https:\/\/loewentestneu.metafex.io\/fr#website\"},\"primaryImageOfPage\":{\"@id\":\"https:\/\/loewentestneu.metafex.io\/fr\/produit\/ibu-ratiopharm-400-mg-comprimes-anti-douleur-aigue-10019621#primaryimage\"},\"image\":{\"@id\":\"https:\/\/loewentestneu.metafex.io\/fr\/produit\/ibu-ratiopharm-400-mg-comprimes-anti-douleur-aigue-10019621#primaryimage\"},\"thumbnailUrl\":\"https:\/\/loewentestneu.metafex.io\/wp-content\/uploads\/2024\/03\/IBU-ratiopharm-400-mg-akut-Schmerztabletten-PZN-10019621.webp\",\"datePublished\":\"2024-03-14T14:13:41+00:00\",\"dateModified\":\"2024-03-15T05:50:16+00:00\",\"description\":\"Pharmacie allemande enregistr\u00e9e. Nous offrons\u00a0: Exp\u00e9dition internationale rapide et achats en ligne s\u00e9curis\u00e9s. IBU ratiopharm 400 mg comprim\u00e9s analg\u00e9siques aigus\",\"breadcrumb\":{\"@id\":\"https:\/\/loewentestneu.metafex.io\/fr\/produit\/ibu-ratiopharm-400-mg-comprimes-anti-douleur-aigue-10019621#breadcrumb\"},\"inLanguage\":\"fr-FR\",\"potentialAction\":[{\"@type\":\"ReadAction\",\"target\":[\"https:\/\/loewentestneu.metafex.io\/fr\/produit\/ibu-ratiopharm-400-mg-comprimes-anti-douleur-aigue-10019621\"]}]},{\"@type\":\"ImageObject\",\"inLanguage\":\"fr-FR\",\"@id\":\"https:\/\/loewentestneu.metafex.io\/fr\/produit\/ibu-ratiopharm-400-mg-comprimes-anti-douleur-aigue-10019621#primaryimage\",\"url\":\"https:\/\/loewentestneu.metafex.io\/wp-content\/uploads\/2024\/03\/IBU-ratiopharm-400-mg-akut-Schmerztabletten-PZN-10019621.webp\",\"contentUrl\":\"https:\/\/loewentestneu.metafex.io\/wp-content\/uploads\/2024\/03\/IBU-ratiopharm-400-mg-akut-Schmerztabletten-PZN-10019621.webp\",\"width\":600,\"height\":600,\"caption\":\"comprim\u00e9s analg\u00e9siques aigus. IBU par ratiopharm 400mg PZN-10019621\"},{\"@type\":\"BreadcrumbList\",\"@id\":\"https:\/\/loewentestneu.metafex.io\/fr\/produit\/ibu-ratiopharm-400-mg-comprimes-anti-douleur-aigue-10019621#breadcrumb\",\"itemListElement\":[{\"@type\":\"ListItem\",\"position\":1,\"name\":\"Home\",\"item\":\"https:\/\/loewentestneu.metafex.io\/fr\/homepage-lion-pharmacy\"},{\"@type\":\"ListItem\",\"position\":2,\"name\":\"Shop\",\"item\":\"https:\/\/loewentestneu.metafex.io\/fr\/boutique\"},{\"@type\":\"ListItem\",\"position\":3,\"name\":\"IBU ratiopharm 400 mg comprim\u00e9s analg\u00e9siques aigus\"}]},{\"@type\":\"WebSite\",\"@id\":\"https:\/\/loewentestneu.metafex.io\/fr#website\",\"url\":\"https:\/\/loewentestneu.metafex.io\/fr\",\"name\":\"Lions Pharmacy\",\"description\":\"Pharmacie sp\u00e9cialis\u00e9e en naturopathie de Baden-Baden, Allemagne\",\"publisher\":{\"@id\":\"https:\/\/loewentestneu.metafex.io\/fr#organization\"},\"alternateName\":\"Lion Pharmacy\",\"potentialAction\":[{\"@type\":\"SearchAction\",\"target\":{\"@type\":\"EntryPoint\",\"urlTemplate\":\"https:\/\/loewentestneu.metafex.io\/fr?s={search_term_string}\"},\"query-input\":{\"@type\":\"PropertyValueSpecification\",\"valueRequired\":true,\"valueName\":\"search_term_string\"}}],\"inLanguage\":\"fr-FR\"},{\"@type\":\"Organization\",\"@id\":\"https:\/\/loewentestneu.metafex.io\/fr#organization\",\"name\":\"Lions Pharmacy\",\"alternateName\":\"Lions Pharmacy24\",\"url\":\"https:\/\/loewentestneu.metafex.io\/fr\",\"logo\":{\"@type\":\"ImageObject\",\"inLanguage\":\"fr-FR\",\"@id\":\"https:\/\/loewentestneu.metafex.io\/fr#\/schema\/logo\/image\/\",\"url\":\"https:\/\/loewentestneu.metafex.io\/wp-content\/uploads\/2022\/12\/Logo-Lion-Pharmacy-c-o-Loewen-Apotheke-smal.jpg\",\"contentUrl\":\"https:\/\/loewentestneu.metafex.io\/wp-content\/uploads\/2022\/12\/Logo-Lion-Pharmacy-c-o-Loewen-Apotheke-smal.jpg\",\"width\":298,\"height\":99,\"caption\":\"Lions Pharmacy\"},\"image\":{\"@id\":\"https:\/\/loewentestneu.metafex.io\/fr#\/schema\/logo\/image\/\"}}]}<\/script>\n<!-- \/ Yoast SEO plugin. -->","yoast_head_json":{"title":"IBU ratiopharm 400 mg comprim\u00e9s analg\u00e9siques aigus &#187; Lion Pharmacy &#187; commander ici","description":"Pharmacie allemande enregistr\u00e9e. Nous offrons\u00a0: Exp\u00e9dition internationale rapide et achats en ligne s\u00e9curis\u00e9s. IBU ratiopharm 400 mg comprim\u00e9s analg\u00e9siques aigus","robots":{"index":"noindex","follow":"follow","max-snippet":"max-snippet:-1","max-image-preview":"max-image-preview:large","max-video-preview":"max-video-preview:-1"},"og_locale":"fr_FR","og_type":"article","og_title":"IBU ratiopharm 400 mg comprim\u00e9s analg\u00e9siques aigus &#187; Lion Pharmacy &#187; commander ici","og_description":"Pharmacie allemande enregistr\u00e9e. Nous offrons\u00a0: Exp\u00e9dition internationale rapide et achats en ligne s\u00e9curis\u00e9s. IBU ratiopharm 400 mg comprim\u00e9s analg\u00e9siques aigus","og_url":"https:\/\/loewentestneu.metafex.io\/fr\/produit\/ibu-ratiopharm-400-mg-comprimes-anti-douleur-aigue-10019621","og_site_name":"Lion Pharmacy","article_modified_time":"2024-03-15T05:50:16+00:00","og_image":[{"width":600,"height":600,"url":"https:\/\/loewentestneu.metafex.io\/wp-content\/uploads\/2024\/03\/IBU-ratiopharm-400-mg-akut-Schmerztabletten-PZN-10019621.webp","type":"image\/webp"}],"twitter_card":"summary_large_image","twitter_misc":{"Dur\u00e9e de lecture estim\u00e9e":"1 minute"},"schema":{"@context":"https:\/\/schema.org","@graph":[{"@type":"WebPage","@id":"https:\/\/loewentestneu.metafex.io\/fr\/produit\/ibu-ratiopharm-400-mg-comprimes-anti-douleur-aigue-10019621","url":"https:\/\/loewentestneu.metafex.io\/fr\/produit\/ibu-ratiopharm-400-mg-comprimes-anti-douleur-aigue-10019621","name":"IBU ratiopharm 400 mg comprim\u00e9s analg\u00e9siques aigus &#187; Lion Pharmacy &#187; commander ici","isPartOf":{"@id":"https:\/\/loewentestneu.metafex.io\/fr#website"},"primaryImageOfPage":{"@id":"https:\/\/loewentestneu.metafex.io\/fr\/produit\/ibu-ratiopharm-400-mg-comprimes-anti-douleur-aigue-10019621#primaryimage"},"image":{"@id":"https:\/\/loewentestneu.metafex.io\/fr\/produit\/ibu-ratiopharm-400-mg-comprimes-anti-douleur-aigue-10019621#primaryimage"},"thumbnailUrl":"https:\/\/loewentestneu.metafex.io\/wp-content\/uploads\/2024\/03\/IBU-ratiopharm-400-mg-akut-Schmerztabletten-PZN-10019621.webp","datePublished":"2024-03-14T14:13:41+00:00","dateModified":"2024-03-15T05:50:16+00:00","description":"Pharmacie allemande enregistr\u00e9e. Nous offrons\u00a0: Exp\u00e9dition internationale rapide et achats en ligne s\u00e9curis\u00e9s. IBU ratiopharm 400 mg comprim\u00e9s analg\u00e9siques aigus","breadcrumb":{"@id":"https:\/\/loewentestneu.metafex.io\/fr\/produit\/ibu-ratiopharm-400-mg-comprimes-anti-douleur-aigue-10019621#breadcrumb"},"inLanguage":"fr-FR","potentialAction":[{"@type":"ReadAction","target":["https:\/\/loewentestneu.metafex.io\/fr\/produit\/ibu-ratiopharm-400-mg-comprimes-anti-douleur-aigue-10019621"]}]},{"@type":"ImageObject","inLanguage":"fr-FR","@id":"https:\/\/loewentestneu.metafex.io\/fr\/produit\/ibu-ratiopharm-400-mg-comprimes-anti-douleur-aigue-10019621#primaryimage","url":"https:\/\/loewentestneu.metafex.io\/wp-content\/uploads\/2024\/03\/IBU-ratiopharm-400-mg-akut-Schmerztabletten-PZN-10019621.webp","contentUrl":"https:\/\/loewentestneu.metafex.io\/wp-content\/uploads\/2024\/03\/IBU-ratiopharm-400-mg-akut-Schmerztabletten-PZN-10019621.webp","width":600,"height":600,"caption":"comprim\u00e9s analg\u00e9siques aigus. IBU par ratiopharm 400mg PZN-10019621"},{"@type":"BreadcrumbList","@id":"https:\/\/loewentestneu.metafex.io\/fr\/produit\/ibu-ratiopharm-400-mg-comprimes-anti-douleur-aigue-10019621#breadcrumb","itemListElement":[{"@type":"ListItem","position":1,"name":"Home","item":"https:\/\/loewentestneu.metafex.io\/fr\/homepage-lion-pharmacy"},{"@type":"ListItem","position":2,"name":"Shop","item":"https:\/\/loewentestneu.metafex.io\/fr\/boutique"},{"@type":"ListItem","position":3,"name":"IBU ratiopharm 400 mg comprim\u00e9s analg\u00e9siques aigus"}]},{"@type":"WebSite","@id":"https:\/\/loewentestneu.metafex.io\/fr#website","url":"https:\/\/loewentestneu.metafex.io\/fr","name":"Lions Pharmacy","description":"Pharmacie sp\u00e9cialis\u00e9e en naturopathie de Baden-Baden, Allemagne","publisher":{"@id":"https:\/\/loewentestneu.metafex.io\/fr#organization"},"alternateName":"Lion Pharmacy","potentialAction":[{"@type":"SearchAction","target":{"@type":"EntryPoint","urlTemplate":"https:\/\/loewentestneu.metafex.io\/fr?s={search_term_string}"},"query-input":{"@type":"PropertyValueSpecification","valueRequired":true,"valueName":"search_term_string"}}],"inLanguage":"fr-FR"},{"@type":"Organization","@id":"https:\/\/loewentestneu.metafex.io\/fr#organization","name":"Lions Pharmacy","alternateName":"Lions Pharmacy24","url":"https:\/\/loewentestneu.metafex.io\/fr","logo":{"@type":"ImageObject","inLanguage":"fr-FR","@id":"https:\/\/loewentestneu.metafex.io\/fr#\/schema\/logo\/image\/","url":"https:\/\/loewentestneu.metafex.io\/wp-content\/uploads\/2022\/12\/Logo-Lion-Pharmacy-c-o-Loewen-Apotheke-smal.jpg","contentUrl":"https:\/\/loewentestneu.metafex.io\/wp-content\/uploads\/2022\/12\/Logo-Lion-Pharmacy-c-o-Loewen-Apotheke-smal.jpg","width":298,"height":99,"caption":"Lions Pharmacy"},"image":{"@id":"https:\/\/loewentestneu.metafex.io\/fr#\/schema\/logo\/image\/"}}]}},"_links":{"self":[{"href":"https:\/\/loewentestneu.metafex.io\/fr\/wp-json\/wp\/v2\/product\/3624","targetHints":{"allow":["GET"]}}],"collection":[{"href":"https:\/\/loewentestneu.metafex.io\/fr\/wp-json\/wp\/v2\/product"}],"about":[{"href":"https:\/\/loewentestneu.metafex.io\/fr\/wp-json\/wp\/v2\/types\/product"}],"replies":[{"embeddable":true,"href":"https:\/\/loewentestneu.metafex.io\/fr\/wp-json\/wp\/v2\/comments?post=3624"}],"wp:featuredmedia":[{"embeddable":true,"href":"https:\/\/loewentestneu.metafex.io\/fr\/wp-json\/wp\/v2\/media\/3629"}],"wp:attachment":[{"href":"https:\/\/loewentestneu.metafex.io\/fr\/wp-json\/wp\/v2\/media?parent=3624"}],"wp:term":[{"taxonomy":"product_brand","embeddable":true,"href":"https:\/\/loewentestneu.metafex.io\/fr\/wp-json\/wp\/v2\/product_brand?post=3624"},{"taxonomy":"product_cat","embeddable":true,"href":"https:\/\/loewentestneu.metafex.io\/fr\/wp-json\/wp\/v2\/product_cat?post=3624"},{"taxonomy":"product_tag","embeddable":true,"href":"https:\/\/loewentestneu.metafex.io\/fr\/wp-json\/wp\/v2\/product_tag?post=3624"}],"curies":[{"name":"wp","href":"https:\/\/api.w.org\/{rel}","templated":true}]}}