{"id":3634,"date":"2024-03-15T06:31:55","date_gmt":"2024-03-15T05:31:55","guid":{"rendered":"https:\/\/lions-pharmacy.com\/?post_type=product&#038;p=3634"},"modified":"2024-08-08T15:16:03","modified_gmt":"2024-08-08T14:16:03","slug":"ibuprofene-stada-40mg-09424322","status":"publish","type":"product","link":"https:\/\/loewentestneu.metafex.io\/fr\/produit\/ibuprofene-stada-40mg-09424322","title":{"rendered":"Ibuprof\u00e8ne STADA 40mg\/ml"},"content":{"rendered":"<h3>Ibuprof\u00e8ne STADA 40mg\/ml<\/h3>\n<p>  Ibuprof\u00e8ne STADA 40mg\/ml pour les douleurs l\u00e9g\u00e8res \u00e0 mod\u00e9r\u00e9es. Fi\u00e8vre. La substance m\u00e9dicinale a un effet anti-inflammatoire, analg\u00e9sique et antipyr\u00e9tique. Si l\u2019administration est n\u00e9cessaire pendant plus de 3 jours chez les enfants et les adolescents ou plus de 4 jours chez les adultes, ou si les sympt\u00f4mes s\u2019aggravent, consultez un m\u00e9decin. <strong>Ingr\u00e9dients actifs<\/strong> : Ibuprof\u00e8ne Stada 40mg STADA est l\u2019un des principaux fabricants de produits pharmaceutiques de haute qualit\u00e9. Avec une longue tradition enracin\u00e9e dans le secteur de la pharmacie, nous sommes reconnus comme un partenaire fiable et digne de confiance depuis 125 ans. Avec nos produits, nous aidons les gens \u00e0 rester en bonne sant\u00e9 et en forme. Vous trouverez d\u2019autres d\u00e9tails sur le produit aupr\u00e8s du fabricant : <a href=\"https:\/\/www.grippostad.de\/erkaeltungsmittel\" target=\"_blank\" rel=\"noopener\">STADA Consumer Health Deutschland GmbH<\/a> D\u00e9pliant\/mode d\u2019emploi\/fiche technique de l\u2019article : &#8211; (lecteur PDF) Autres produits pour l\u2019application : Pharmacie de voyage | <a href=\"https:\/\/loewentestneu.metafex.io\/product-tag\/cold-flu\">Infections<\/a> Les informations sur ce site Web sont fournies \u00e0 titre informatif uniquement. Ils ne remplacent en aucun cas l&#8217;examen et le traitement par un m\u00e9decin. Veuillez noter que cela signifie qu&#8217;aucun diagnostic ne peut \u00eatre \u00e9tabli et qu&#8217;aucune th\u00e9rapie ne peut \u00eatre mise en place. Pour conna\u00eetre les risques et les effets secondaires, lisez la notice et demandez conseil \u00e0 votre m\u00e9decin ou \u00e0 votre pharmacien.<\/p>\n","protected":false},"excerpt":{"rendered":"<h2>Ibuprof\u00e8ne STADA 40mg\/ml<\/h2>\n<p>  Ibuprof\u00e8ne STADA 40mg\/ml pour les douleurs l\u00e9g\u00e8res \u00e0 mod\u00e9r\u00e9es. Fi\u00e8vre. Enfants et adolescents.  &nbsp;  PZN : 09424322 (num\u00e9ro central de pharmacie) Forme posologique : comprim\u00e9s Type d\u2019ordonnance : sans ordonnance Marque : &#8211; Fabricant : STADA Consumer Health Deutschland GmbH Taille de l\u2019emballage : 100 ml<\/p>\n","protected":false},"featured_media":3639,"comment_status":"closed","ping_status":"closed","template":"","meta":[],"product_brand":[],"product_cat":[120,114],"product_tag":[233,294,259,309],"class_list":{"0":"post-3634","1":"product","2":"type-product","3":"status-publish","4":"has-post-thumbnail","6":"product_cat-sale-fr","7":"product_cat-non-classifiee","8":"product_tag-infection-virale","9":"product_tag-rhume","10":"product_tag-rhume-des-foins","11":"product_tag-vente-mensuelle","12":"ts_product_brand-all-fr","14":"first","15":"instock","16":"taxable","17":"shipping-taxable","18":"purchasable","19":"product-type-simple"},"yoast_head":"<!-- This site is optimized with the Yoast SEO plugin v26.5 - https:\/\/yoast.com\/wordpress\/plugins\/seo\/ -->\n<title>Ibuprof\u00e8ne STADA 40mg\/ml &#187; Lion Pharmacy &#187; commander ici<\/title>\n<meta name=\"description\" content=\"Lions Pharmay est une pharmacie allemande enregistr\u00e9e. Nous offrons\u00a0: Exp\u00e9dition internationale rapide et achats en ligne s\u00e9curis\u00e9s. Ibuprof\u00e8ne STADA 40mg\/ml\" \/>\n<meta name=\"robots\" content=\"noindex, follow, max-snippet:-1, max-image-preview:large, max-video-preview:-1\" \/>\n<meta property=\"og:locale\" content=\"fr_FR\" \/>\n<meta property=\"og:type\" content=\"article\" \/>\n<meta property=\"og:title\" content=\"Ibuprof\u00e8ne STADA 40mg\/ml &#187; Lion Pharmacy &#187; commander ici\" \/>\n<meta property=\"og:description\" content=\"Lions Pharmay est une pharmacie allemande enregistr\u00e9e. Nous offrons\u00a0: Exp\u00e9dition internationale rapide et achats en ligne s\u00e9curis\u00e9s. Ibuprof\u00e8ne STADA 40mg\/ml\" \/>\n<meta property=\"og:url\" content=\"https:\/\/loewentestneu.metafex.io\/fr\/produit\/ibuprofene-stada-40mg-09424322\" \/>\n<meta property=\"og:site_name\" content=\"Lion Pharmacy\" \/>\n<meta property=\"article:modified_time\" content=\"2024-08-08T14:16:03+00:00\" \/>\n<meta property=\"og:image\" content=\"https:\/\/loewentestneu.metafex.io\/wp-content\/uploads\/2024\/03\/ibuprofen-stada-liquid-40mg-kids-Lions-Pharmcay.webp\" \/>\n\t<meta property=\"og:image:width\" content=\"600\" \/>\n\t<meta property=\"og:image:height\" content=\"600\" \/>\n\t<meta property=\"og:image:type\" content=\"image\/webp\" \/>\n<meta name=\"twitter:card\" content=\"summary_large_image\" \/>\n<meta name=\"twitter:label1\" content=\"Dur\u00e9e de lecture estim\u00e9e\" \/>\n\t<meta name=\"twitter:data1\" content=\"1 minute\" \/>\n<script type=\"application\/ld+json\" class=\"yoast-schema-graph\">{\"@context\":\"https:\/\/schema.org\",\"@graph\":[{\"@type\":\"WebPage\",\"@id\":\"https:\/\/loewentestneu.metafex.io\/fr\/produit\/ibuprofene-stada-40mg-09424322\",\"url\":\"https:\/\/loewentestneu.metafex.io\/fr\/produit\/ibuprofene-stada-40mg-09424322\",\"name\":\"Ibuprof\u00e8ne STADA 40mg\/ml &#187; Lion Pharmacy &#187; commander ici\",\"isPartOf\":{\"@id\":\"https:\/\/loewentestneu.metafex.io\/fr#website\"},\"primaryImageOfPage\":{\"@id\":\"https:\/\/loewentestneu.metafex.io\/fr\/produit\/ibuprofene-stada-40mg-09424322#primaryimage\"},\"image\":{\"@id\":\"https:\/\/loewentestneu.metafex.io\/fr\/produit\/ibuprofene-stada-40mg-09424322#primaryimage\"},\"thumbnailUrl\":\"https:\/\/loewentestneu.metafex.io\/wp-content\/uploads\/2024\/03\/ibuprofen-stada-liquid-40mg-kids-Lions-Pharmcay.webp\",\"datePublished\":\"2024-03-15T05:31:55+00:00\",\"dateModified\":\"2024-08-08T14:16:03+00:00\",\"description\":\"Lions Pharmay est une pharmacie allemande enregistr\u00e9e. Nous offrons\u00a0: Exp\u00e9dition internationale rapide et achats en ligne s\u00e9curis\u00e9s. Ibuprof\u00e8ne STADA 40mg\/ml\",\"breadcrumb\":{\"@id\":\"https:\/\/loewentestneu.metafex.io\/fr\/produit\/ibuprofene-stada-40mg-09424322#breadcrumb\"},\"inLanguage\":\"fr-FR\",\"potentialAction\":[{\"@type\":\"ReadAction\",\"target\":[\"https:\/\/loewentestneu.metafex.io\/fr\/produit\/ibuprofene-stada-40mg-09424322\"]}]},{\"@type\":\"ImageObject\",\"inLanguage\":\"fr-FR\",\"@id\":\"https:\/\/loewentestneu.metafex.io\/fr\/produit\/ibuprofene-stada-40mg-09424322#primaryimage\",\"url\":\"https:\/\/loewentestneu.metafex.io\/wp-content\/uploads\/2024\/03\/ibuprofen-stada-liquid-40mg-kids-Lions-Pharmcay.webp\",\"contentUrl\":\"https:\/\/loewentestneu.metafex.io\/wp-content\/uploads\/2024\/03\/ibuprofen-stada-liquid-40mg-kids-Lions-Pharmcay.webp\",\"width\":600,\"height\":600,\"caption\":\"ibuprof\u00e8ne stada liquide 40mg enfants Lions Pharmcay\"},{\"@type\":\"BreadcrumbList\",\"@id\":\"https:\/\/loewentestneu.metafex.io\/fr\/produit\/ibuprofene-stada-40mg-09424322#breadcrumb\",\"itemListElement\":[{\"@type\":\"ListItem\",\"position\":1,\"name\":\"Home\",\"item\":\"https:\/\/loewentestneu.metafex.io\/fr\/homepage-lion-pharmacy\"},{\"@type\":\"ListItem\",\"position\":2,\"name\":\"Shop\",\"item\":\"https:\/\/loewentestneu.metafex.io\/fr\/boutique\"},{\"@type\":\"ListItem\",\"position\":3,\"name\":\"Ibuprof\u00e8ne STADA 40mg\/ml\"}]},{\"@type\":\"WebSite\",\"@id\":\"https:\/\/loewentestneu.metafex.io\/fr#website\",\"url\":\"https:\/\/loewentestneu.metafex.io\/fr\",\"name\":\"Lions Pharmacy\",\"description\":\"Pharmacie sp\u00e9cialis\u00e9e en naturopathie de Baden-Baden, Allemagne\",\"publisher\":{\"@id\":\"https:\/\/loewentestneu.metafex.io\/fr#organization\"},\"alternateName\":\"Lion Pharmacy\",\"potentialAction\":[{\"@type\":\"SearchAction\",\"target\":{\"@type\":\"EntryPoint\",\"urlTemplate\":\"https:\/\/loewentestneu.metafex.io\/fr?s={search_term_string}\"},\"query-input\":{\"@type\":\"PropertyValueSpecification\",\"valueRequired\":true,\"valueName\":\"search_term_string\"}}],\"inLanguage\":\"fr-FR\"},{\"@type\":\"Organization\",\"@id\":\"https:\/\/loewentestneu.metafex.io\/fr#organization\",\"name\":\"Lions Pharmacy\",\"alternateName\":\"Lions Pharmacy24\",\"url\":\"https:\/\/loewentestneu.metafex.io\/fr\",\"logo\":{\"@type\":\"ImageObject\",\"inLanguage\":\"fr-FR\",\"@id\":\"https:\/\/loewentestneu.metafex.io\/fr#\/schema\/logo\/image\/\",\"url\":\"https:\/\/loewentestneu.metafex.io\/wp-content\/uploads\/2022\/12\/Logo-Lion-Pharmacy-c-o-Loewen-Apotheke-smal.jpg\",\"contentUrl\":\"https:\/\/loewentestneu.metafex.io\/wp-content\/uploads\/2022\/12\/Logo-Lion-Pharmacy-c-o-Loewen-Apotheke-smal.jpg\",\"width\":298,\"height\":99,\"caption\":\"Lions Pharmacy\"},\"image\":{\"@id\":\"https:\/\/loewentestneu.metafex.io\/fr#\/schema\/logo\/image\/\"}}]}<\/script>\n<!-- \/ Yoast SEO plugin. -->","yoast_head_json":{"title":"Ibuprof\u00e8ne STADA 40mg\/ml &#187; Lion Pharmacy &#187; commander ici","description":"Lions Pharmay est une pharmacie allemande enregistr\u00e9e. Nous offrons\u00a0: Exp\u00e9dition internationale rapide et achats en ligne s\u00e9curis\u00e9s. Ibuprof\u00e8ne STADA 40mg\/ml","robots":{"index":"noindex","follow":"follow","max-snippet":"max-snippet:-1","max-image-preview":"max-image-preview:large","max-video-preview":"max-video-preview:-1"},"og_locale":"fr_FR","og_type":"article","og_title":"Ibuprof\u00e8ne STADA 40mg\/ml &#187; Lion Pharmacy &#187; commander ici","og_description":"Lions Pharmay est une pharmacie allemande enregistr\u00e9e. Nous offrons\u00a0: Exp\u00e9dition internationale rapide et achats en ligne s\u00e9curis\u00e9s. Ibuprof\u00e8ne STADA 40mg\/ml","og_url":"https:\/\/loewentestneu.metafex.io\/fr\/produit\/ibuprofene-stada-40mg-09424322","og_site_name":"Lion Pharmacy","article_modified_time":"2024-08-08T14:16:03+00:00","og_image":[{"width":600,"height":600,"url":"https:\/\/loewentestneu.metafex.io\/wp-content\/uploads\/2024\/03\/ibuprofen-stada-liquid-40mg-kids-Lions-Pharmcay.webp","type":"image\/webp"}],"twitter_card":"summary_large_image","twitter_misc":{"Dur\u00e9e de lecture estim\u00e9e":"1 minute"},"schema":{"@context":"https:\/\/schema.org","@graph":[{"@type":"WebPage","@id":"https:\/\/loewentestneu.metafex.io\/fr\/produit\/ibuprofene-stada-40mg-09424322","url":"https:\/\/loewentestneu.metafex.io\/fr\/produit\/ibuprofene-stada-40mg-09424322","name":"Ibuprof\u00e8ne STADA 40mg\/ml &#187; Lion Pharmacy &#187; commander ici","isPartOf":{"@id":"https:\/\/loewentestneu.metafex.io\/fr#website"},"primaryImageOfPage":{"@id":"https:\/\/loewentestneu.metafex.io\/fr\/produit\/ibuprofene-stada-40mg-09424322#primaryimage"},"image":{"@id":"https:\/\/loewentestneu.metafex.io\/fr\/produit\/ibuprofene-stada-40mg-09424322#primaryimage"},"thumbnailUrl":"https:\/\/loewentestneu.metafex.io\/wp-content\/uploads\/2024\/03\/ibuprofen-stada-liquid-40mg-kids-Lions-Pharmcay.webp","datePublished":"2024-03-15T05:31:55+00:00","dateModified":"2024-08-08T14:16:03+00:00","description":"Lions Pharmay est une pharmacie allemande enregistr\u00e9e. Nous offrons\u00a0: Exp\u00e9dition internationale rapide et achats en ligne s\u00e9curis\u00e9s. Ibuprof\u00e8ne STADA 40mg\/ml","breadcrumb":{"@id":"https:\/\/loewentestneu.metafex.io\/fr\/produit\/ibuprofene-stada-40mg-09424322#breadcrumb"},"inLanguage":"fr-FR","potentialAction":[{"@type":"ReadAction","target":["https:\/\/loewentestneu.metafex.io\/fr\/produit\/ibuprofene-stada-40mg-09424322"]}]},{"@type":"ImageObject","inLanguage":"fr-FR","@id":"https:\/\/loewentestneu.metafex.io\/fr\/produit\/ibuprofene-stada-40mg-09424322#primaryimage","url":"https:\/\/loewentestneu.metafex.io\/wp-content\/uploads\/2024\/03\/ibuprofen-stada-liquid-40mg-kids-Lions-Pharmcay.webp","contentUrl":"https:\/\/loewentestneu.metafex.io\/wp-content\/uploads\/2024\/03\/ibuprofen-stada-liquid-40mg-kids-Lions-Pharmcay.webp","width":600,"height":600,"caption":"ibuprof\u00e8ne stada liquide 40mg enfants Lions Pharmcay"},{"@type":"BreadcrumbList","@id":"https:\/\/loewentestneu.metafex.io\/fr\/produit\/ibuprofene-stada-40mg-09424322#breadcrumb","itemListElement":[{"@type":"ListItem","position":1,"name":"Home","item":"https:\/\/loewentestneu.metafex.io\/fr\/homepage-lion-pharmacy"},{"@type":"ListItem","position":2,"name":"Shop","item":"https:\/\/loewentestneu.metafex.io\/fr\/boutique"},{"@type":"ListItem","position":3,"name":"Ibuprof\u00e8ne STADA 40mg\/ml"}]},{"@type":"WebSite","@id":"https:\/\/loewentestneu.metafex.io\/fr#website","url":"https:\/\/loewentestneu.metafex.io\/fr","name":"Lions Pharmacy","description":"Pharmacie sp\u00e9cialis\u00e9e en naturopathie de Baden-Baden, Allemagne","publisher":{"@id":"https:\/\/loewentestneu.metafex.io\/fr#organization"},"alternateName":"Lion Pharmacy","potentialAction":[{"@type":"SearchAction","target":{"@type":"EntryPoint","urlTemplate":"https:\/\/loewentestneu.metafex.io\/fr?s={search_term_string}"},"query-input":{"@type":"PropertyValueSpecification","valueRequired":true,"valueName":"search_term_string"}}],"inLanguage":"fr-FR"},{"@type":"Organization","@id":"https:\/\/loewentestneu.metafex.io\/fr#organization","name":"Lions Pharmacy","alternateName":"Lions Pharmacy24","url":"https:\/\/loewentestneu.metafex.io\/fr","logo":{"@type":"ImageObject","inLanguage":"fr-FR","@id":"https:\/\/loewentestneu.metafex.io\/fr#\/schema\/logo\/image\/","url":"https:\/\/loewentestneu.metafex.io\/wp-content\/uploads\/2022\/12\/Logo-Lion-Pharmacy-c-o-Loewen-Apotheke-smal.jpg","contentUrl":"https:\/\/loewentestneu.metafex.io\/wp-content\/uploads\/2022\/12\/Logo-Lion-Pharmacy-c-o-Loewen-Apotheke-smal.jpg","width":298,"height":99,"caption":"Lions Pharmacy"},"image":{"@id":"https:\/\/loewentestneu.metafex.io\/fr#\/schema\/logo\/image\/"}}]}},"_links":{"self":[{"href":"https:\/\/loewentestneu.metafex.io\/fr\/wp-json\/wp\/v2\/product\/3634","targetHints":{"allow":["GET"]}}],"collection":[{"href":"https:\/\/loewentestneu.metafex.io\/fr\/wp-json\/wp\/v2\/product"}],"about":[{"href":"https:\/\/loewentestneu.metafex.io\/fr\/wp-json\/wp\/v2\/types\/product"}],"replies":[{"embeddable":true,"href":"https:\/\/loewentestneu.metafex.io\/fr\/wp-json\/wp\/v2\/comments?post=3634"}],"wp:featuredmedia":[{"embeddable":true,"href":"https:\/\/loewentestneu.metafex.io\/fr\/wp-json\/wp\/v2\/media\/3639"}],"wp:attachment":[{"href":"https:\/\/loewentestneu.metafex.io\/fr\/wp-json\/wp\/v2\/media?parent=3634"}],"wp:term":[{"taxonomy":"product_brand","embeddable":true,"href":"https:\/\/loewentestneu.metafex.io\/fr\/wp-json\/wp\/v2\/product_brand?post=3634"},{"taxonomy":"product_cat","embeddable":true,"href":"https:\/\/loewentestneu.metafex.io\/fr\/wp-json\/wp\/v2\/product_cat?post=3634"},{"taxonomy":"product_tag","embeddable":true,"href":"https:\/\/loewentestneu.metafex.io\/fr\/wp-json\/wp\/v2\/product_tag?post=3634"}],"curies":[{"name":"wp","href":"https:\/\/api.w.org\/{rel}","templated":true}]}}