{"id":3740,"date":"2024-04-26T13:14:01","date_gmt":"2024-04-26T12:14:01","guid":{"rendered":"https:\/\/lions-pharmacy.com\/?post_type=product&#038;p=3740"},"modified":"2025-01-28T09:49:32","modified_gmt":"2025-01-28T08:49:32","slug":"livre-de-pratique-de-micro-immunotherapie","status":"publish","type":"product","link":"https:\/\/loewentestneu.metafex.io\/fr\/produit\/livre-de-pratique-de-micro-immunotherapie","title":{"rendered":"Livre de pratique de la micro-immunoth\u00e9rapie (anglais)"},"content":{"rendered":"<h2>Cahier de pratique de la micro-immunoth\u00e9rapie<\/h2>\n<p>Livre pratique de micro-immunoth\u00e9rapie pour les m\u00e9decins, th\u00e9rapeutes et m\u00e9decins<br \/>\nLivre pratique de micro-immunoth\u00e9rapie : Ce livre leur donne des exemples concrets de l\u2019application de la micro-immunoth\u00e9rapie dans la pratique pour le diagnostic et l\u2019utilisation dans les maladies et les agents pathog\u00e8nes les plus courants.<\/p>\n<p>L\u2019auteure Corinne I. Heitz a pr\u00e9sent\u00e9 ici de mani\u00e8re exhaustive les diff\u00e9rentes possibilit\u00e9s d\u2019application de ses nombreuses ann\u00e9es d\u2019exp\u00e9rience.<\/p>\n<p>La micro-immunoth\u00e9rapie en application pratique. S\u2019appuyant sur les fondements th\u00e9oriques de la \u00ab Microimmunoth\u00e9rapie \u00bb (Volume 1), ce cahier d\u2019exercices fournit des exemples concrets d\u2019application dans la pratique quotidienne. L\u2019auteure Corinne I. Heitz s\u2019appuie sur ses nombreuses ann\u00e9es de pratique pour pr\u00e9senter de mani\u00e8re exhaustive les domaines d\u2019application de la m\u00e9thode dans une grande vari\u00e9t\u00e9 de tableaux cliniques.<\/p>\n<p>En plus d\u2019une description des agents pathog\u00e8nes, le th\u00e9rapeute trouvera le concept diagnostique et th\u00e9rapeutique appropri\u00e9, tri\u00e9 par maladies allant de l\u2019allergie \u00e0 la maladie c\u0153liaque. Un lien vers la combinaison avec d\u2019autres th\u00e9rapies compl\u00e8te le travail.<\/p>\n<p>Dans ce livre, les praticiens alternatifs, les m\u00e9decins et les th\u00e9rapeutes apprennent l\u2019introduction pratique aux possibilit\u00e9s ainsi que l\u2019utilisation concr\u00e8te de la micro-immunoth\u00e9rapie.<\/p>\n<p>L\u2019\u00e9dition allemande est disponible <a href=\"https:\/\/www.loewen-apotheke24.com\/de\/shop\/labo-life\/praxisbuch-der-mikroimmuntherapie\/\" target=\"_blank\" rel=\"noopener\">ici sur L\u00f6wen Apotheke24<\/a>.<\/p>\n<p>\u00c0 propos du concept et des <a href=\"https:\/\/loewentestneu.metafex.io\/product-brand\/labo-life\">produits associ\u00e9s.<\/a><\/p>\n","protected":false},"excerpt":{"rendered":"<h2>Cahier de pratique de la micro-immunoth\u00e9rapie<\/h2>\n<p>LIVRE DE PRATIQUE DE LA MICRO-IMMUNOTH\u00c9RAPIE POUR LES M\u00c9DECINS, LES TH\u00c9RAPEUTES ET LES M\u00c9DECINS<br \/>\nCe livre leur donne des exemples concrets de l\u2019application de la micro-immunoth\u00e9rapie dans la pratique pour le diagnostic et l\u2019utilisation dans les maladies et les agents pathog\u00e8nes les plus courants.<\/p>\n<p>Id\u00e9al pour les praticiens alternatifs, les m\u00e9decins et les th\u00e9rapeutes.<\/p>\n<p>\u00c9dition&nbsp;: 2024<\/p>\n<p>Langue : Anglais<\/p>\n<p>Num\u00e9ro ISBN : 978-3-96474-732-7<\/p>\n<p>Auteur&nbsp;: Corinne I Heitz<\/p>\n","protected":false},"featured_media":3745,"comment_status":"closed","ping_status":"closed","template":"","meta":[],"product_brand":[],"product_cat":[117,114],"product_tag":[229],"class_list":{"0":"post-3740","1":"product","2":"type-product","3":"status-publish","4":"has-post-thumbnail","6":"product_cat-labo-life-fr","7":"product_cat-non-classifiee","8":"product_tag-micro-immunotherapie","9":"ts_product_brand-all-fr","10":"ts_product_brand-labo-life-fr","12":"first","13":"instock","14":"taxable","15":"shipping-taxable","16":"purchasable","17":"product-type-simple"},"yoast_head":"<!-- This site is optimized with the Yoast SEO plugin v26.5 - https:\/\/yoast.com\/wordpress\/plugins\/seo\/ -->\n<title>Livre de pratique de la micro-immunoth\u00e9rapie (anglais) &#187; Lion Pharmacy &gt;&gt; commander ici<\/title>\n<meta name=\"description\" content=\"Pharmacie en ligne allemande enregistr\u00e9e | Paiement s\u00e9curis\u00e9 | En savoir plus sur la micro-immunoth\u00e9rapie | Livre de pratique de la micro-immunoth\u00e9rapie (anglais)\" \/>\n<meta name=\"robots\" content=\"noindex, follow, max-snippet:-1, max-image-preview:large, max-video-preview:-1\" \/>\n<meta property=\"og:locale\" content=\"fr_FR\" \/>\n<meta property=\"og:type\" content=\"article\" \/>\n<meta property=\"og:title\" content=\"Livre de pratique de la micro-immunoth\u00e9rapie (anglais) &#187; Lion Pharmacy &gt;&gt; commander ici\" \/>\n<meta property=\"og:description\" content=\"Pharmacie en ligne allemande enregistr\u00e9e | Paiement s\u00e9curis\u00e9 | En savoir plus sur la micro-immunoth\u00e9rapie | Livre de pratique de la micro-immunoth\u00e9rapie (anglais)\" \/>\n<meta property=\"og:url\" content=\"https:\/\/loewentestneu.metafex.io\/fr\/produit\/livre-de-pratique-de-micro-immunotherapie\" \/>\n<meta property=\"og:site_name\" content=\"Lion Pharmacy\" \/>\n<meta property=\"article:modified_time\" content=\"2025-01-28T08:49:32+00:00\" \/>\n<meta property=\"og:image\" content=\"https:\/\/loewentestneu.metafex.io\/wp-content\/uploads\/2024\/04\/Practice-book-of-micro-immunotherapy-Author-Corinne-I-Heitz.webp\" \/>\n\t<meta property=\"og:image:width\" content=\"600\" \/>\n\t<meta property=\"og:image:height\" content=\"600\" \/>\n\t<meta property=\"og:image:type\" content=\"image\/webp\" \/>\n<meta name=\"twitter:card\" content=\"summary_large_image\" \/>\n<meta name=\"twitter:label1\" content=\"Dur\u00e9e de lecture estim\u00e9e\" \/>\n\t<meta name=\"twitter:data1\" content=\"1 minute\" \/>\n<script type=\"application\/ld+json\" class=\"yoast-schema-graph\">{\"@context\":\"https:\/\/schema.org\",\"@graph\":[{\"@type\":\"WebPage\",\"@id\":\"https:\/\/loewentestneu.metafex.io\/fr\/produit\/livre-de-pratique-de-micro-immunotherapie\",\"url\":\"https:\/\/loewentestneu.metafex.io\/fr\/produit\/livre-de-pratique-de-micro-immunotherapie\",\"name\":\"Livre de pratique de la micro-immunoth\u00e9rapie (anglais) &#187; Lion Pharmacy >> commander ici\",\"isPartOf\":{\"@id\":\"https:\/\/loewentestneu.metafex.io\/fr#website\"},\"primaryImageOfPage\":{\"@id\":\"https:\/\/loewentestneu.metafex.io\/fr\/produit\/livre-de-pratique-de-micro-immunotherapie#primaryimage\"},\"image\":{\"@id\":\"https:\/\/loewentestneu.metafex.io\/fr\/produit\/livre-de-pratique-de-micro-immunotherapie#primaryimage\"},\"thumbnailUrl\":\"https:\/\/loewentestneu.metafex.io\/wp-content\/uploads\/2024\/04\/Practice-book-of-micro-immunotherapy-Author-Corinne-I-Heitz.webp\",\"datePublished\":\"2024-04-26T12:14:01+00:00\",\"dateModified\":\"2025-01-28T08:49:32+00:00\",\"description\":\"Pharmacie en ligne allemande enregistr\u00e9e | Paiement s\u00e9curis\u00e9 | En savoir plus sur la micro-immunoth\u00e9rapie | Livre de pratique de la micro-immunoth\u00e9rapie (anglais)\",\"breadcrumb\":{\"@id\":\"https:\/\/loewentestneu.metafex.io\/fr\/produit\/livre-de-pratique-de-micro-immunotherapie#breadcrumb\"},\"inLanguage\":\"fr-FR\",\"potentialAction\":[{\"@type\":\"ReadAction\",\"target\":[\"https:\/\/loewentestneu.metafex.io\/fr\/produit\/livre-de-pratique-de-micro-immunotherapie\"]}]},{\"@type\":\"ImageObject\",\"inLanguage\":\"fr-FR\",\"@id\":\"https:\/\/loewentestneu.metafex.io\/fr\/produit\/livre-de-pratique-de-micro-immunotherapie#primaryimage\",\"url\":\"https:\/\/loewentestneu.metafex.io\/wp-content\/uploads\/2024\/04\/Practice-book-of-micro-immunotherapy-Author-Corinne-I-Heitz.webp\",\"contentUrl\":\"https:\/\/loewentestneu.metafex.io\/wp-content\/uploads\/2024\/04\/Practice-book-of-micro-immunotherapy-Author-Corinne-I-Heitz.webp\",\"width\":600,\"height\":600,\"caption\":\"Livre de pratique de la micro-immunoth\u00e9rapie Auteur-Corinne-I-Heitz\"},{\"@type\":\"BreadcrumbList\",\"@id\":\"https:\/\/loewentestneu.metafex.io\/fr\/produit\/livre-de-pratique-de-micro-immunotherapie#breadcrumb\",\"itemListElement\":[{\"@type\":\"ListItem\",\"position\":1,\"name\":\"Home\",\"item\":\"https:\/\/loewentestneu.metafex.io\/fr\/homepage-lion-pharmacy\"},{\"@type\":\"ListItem\",\"position\":2,\"name\":\"Shop\",\"item\":\"https:\/\/loewentestneu.metafex.io\/fr\/boutique\"},{\"@type\":\"ListItem\",\"position\":3,\"name\":\"Livre de pratique de la micro-immunoth\u00e9rapie (anglais)\"}]},{\"@type\":\"WebSite\",\"@id\":\"https:\/\/loewentestneu.metafex.io\/fr#website\",\"url\":\"https:\/\/loewentestneu.metafex.io\/fr\",\"name\":\"Lions Pharmacy\",\"description\":\"Pharmacie sp\u00e9cialis\u00e9e en naturopathie de Baden-Baden, Allemagne\",\"publisher\":{\"@id\":\"https:\/\/loewentestneu.metafex.io\/fr#organization\"},\"alternateName\":\"Lion Pharmacy\",\"potentialAction\":[{\"@type\":\"SearchAction\",\"target\":{\"@type\":\"EntryPoint\",\"urlTemplate\":\"https:\/\/loewentestneu.metafex.io\/fr?s={search_term_string}\"},\"query-input\":{\"@type\":\"PropertyValueSpecification\",\"valueRequired\":true,\"valueName\":\"search_term_string\"}}],\"inLanguage\":\"fr-FR\"},{\"@type\":\"Organization\",\"@id\":\"https:\/\/loewentestneu.metafex.io\/fr#organization\",\"name\":\"Lions Pharmacy\",\"alternateName\":\"Lions Pharmacy24\",\"url\":\"https:\/\/loewentestneu.metafex.io\/fr\",\"logo\":{\"@type\":\"ImageObject\",\"inLanguage\":\"fr-FR\",\"@id\":\"https:\/\/loewentestneu.metafex.io\/fr#\/schema\/logo\/image\/\",\"url\":\"https:\/\/loewentestneu.metafex.io\/wp-content\/uploads\/2022\/12\/Logo-Lion-Pharmacy-c-o-Loewen-Apotheke-smal.jpg\",\"contentUrl\":\"https:\/\/loewentestneu.metafex.io\/wp-content\/uploads\/2022\/12\/Logo-Lion-Pharmacy-c-o-Loewen-Apotheke-smal.jpg\",\"width\":298,\"height\":99,\"caption\":\"Lions Pharmacy\"},\"image\":{\"@id\":\"https:\/\/loewentestneu.metafex.io\/fr#\/schema\/logo\/image\/\"}}]}<\/script>\n<!-- \/ Yoast SEO plugin. -->","yoast_head_json":{"title":"Livre de pratique de la micro-immunoth\u00e9rapie (anglais) &#187; Lion Pharmacy >> commander ici","description":"Pharmacie en ligne allemande enregistr\u00e9e | Paiement s\u00e9curis\u00e9 | En savoir plus sur la micro-immunoth\u00e9rapie | Livre de pratique de la micro-immunoth\u00e9rapie (anglais)","robots":{"index":"noindex","follow":"follow","max-snippet":"max-snippet:-1","max-image-preview":"max-image-preview:large","max-video-preview":"max-video-preview:-1"},"og_locale":"fr_FR","og_type":"article","og_title":"Livre de pratique de la micro-immunoth\u00e9rapie (anglais) &#187; Lion Pharmacy >> commander ici","og_description":"Pharmacie en ligne allemande enregistr\u00e9e | Paiement s\u00e9curis\u00e9 | En savoir plus sur la micro-immunoth\u00e9rapie | Livre de pratique de la micro-immunoth\u00e9rapie (anglais)","og_url":"https:\/\/loewentestneu.metafex.io\/fr\/produit\/livre-de-pratique-de-micro-immunotherapie","og_site_name":"Lion Pharmacy","article_modified_time":"2025-01-28T08:49:32+00:00","og_image":[{"width":600,"height":600,"url":"https:\/\/loewentestneu.metafex.io\/wp-content\/uploads\/2024\/04\/Practice-book-of-micro-immunotherapy-Author-Corinne-I-Heitz.webp","type":"image\/webp"}],"twitter_card":"summary_large_image","twitter_misc":{"Dur\u00e9e de lecture estim\u00e9e":"1 minute"},"schema":{"@context":"https:\/\/schema.org","@graph":[{"@type":"WebPage","@id":"https:\/\/loewentestneu.metafex.io\/fr\/produit\/livre-de-pratique-de-micro-immunotherapie","url":"https:\/\/loewentestneu.metafex.io\/fr\/produit\/livre-de-pratique-de-micro-immunotherapie","name":"Livre de pratique de la micro-immunoth\u00e9rapie (anglais) &#187; Lion Pharmacy >> commander ici","isPartOf":{"@id":"https:\/\/loewentestneu.metafex.io\/fr#website"},"primaryImageOfPage":{"@id":"https:\/\/loewentestneu.metafex.io\/fr\/produit\/livre-de-pratique-de-micro-immunotherapie#primaryimage"},"image":{"@id":"https:\/\/loewentestneu.metafex.io\/fr\/produit\/livre-de-pratique-de-micro-immunotherapie#primaryimage"},"thumbnailUrl":"https:\/\/loewentestneu.metafex.io\/wp-content\/uploads\/2024\/04\/Practice-book-of-micro-immunotherapy-Author-Corinne-I-Heitz.webp","datePublished":"2024-04-26T12:14:01+00:00","dateModified":"2025-01-28T08:49:32+00:00","description":"Pharmacie en ligne allemande enregistr\u00e9e | Paiement s\u00e9curis\u00e9 | En savoir plus sur la micro-immunoth\u00e9rapie | Livre de pratique de la micro-immunoth\u00e9rapie (anglais)","breadcrumb":{"@id":"https:\/\/loewentestneu.metafex.io\/fr\/produit\/livre-de-pratique-de-micro-immunotherapie#breadcrumb"},"inLanguage":"fr-FR","potentialAction":[{"@type":"ReadAction","target":["https:\/\/loewentestneu.metafex.io\/fr\/produit\/livre-de-pratique-de-micro-immunotherapie"]}]},{"@type":"ImageObject","inLanguage":"fr-FR","@id":"https:\/\/loewentestneu.metafex.io\/fr\/produit\/livre-de-pratique-de-micro-immunotherapie#primaryimage","url":"https:\/\/loewentestneu.metafex.io\/wp-content\/uploads\/2024\/04\/Practice-book-of-micro-immunotherapy-Author-Corinne-I-Heitz.webp","contentUrl":"https:\/\/loewentestneu.metafex.io\/wp-content\/uploads\/2024\/04\/Practice-book-of-micro-immunotherapy-Author-Corinne-I-Heitz.webp","width":600,"height":600,"caption":"Livre de pratique de la micro-immunoth\u00e9rapie Auteur-Corinne-I-Heitz"},{"@type":"BreadcrumbList","@id":"https:\/\/loewentestneu.metafex.io\/fr\/produit\/livre-de-pratique-de-micro-immunotherapie#breadcrumb","itemListElement":[{"@type":"ListItem","position":1,"name":"Home","item":"https:\/\/loewentestneu.metafex.io\/fr\/homepage-lion-pharmacy"},{"@type":"ListItem","position":2,"name":"Shop","item":"https:\/\/loewentestneu.metafex.io\/fr\/boutique"},{"@type":"ListItem","position":3,"name":"Livre de pratique de la micro-immunoth\u00e9rapie (anglais)"}]},{"@type":"WebSite","@id":"https:\/\/loewentestneu.metafex.io\/fr#website","url":"https:\/\/loewentestneu.metafex.io\/fr","name":"Lions Pharmacy","description":"Pharmacie sp\u00e9cialis\u00e9e en naturopathie de Baden-Baden, Allemagne","publisher":{"@id":"https:\/\/loewentestneu.metafex.io\/fr#organization"},"alternateName":"Lion Pharmacy","potentialAction":[{"@type":"SearchAction","target":{"@type":"EntryPoint","urlTemplate":"https:\/\/loewentestneu.metafex.io\/fr?s={search_term_string}"},"query-input":{"@type":"PropertyValueSpecification","valueRequired":true,"valueName":"search_term_string"}}],"inLanguage":"fr-FR"},{"@type":"Organization","@id":"https:\/\/loewentestneu.metafex.io\/fr#organization","name":"Lions Pharmacy","alternateName":"Lions Pharmacy24","url":"https:\/\/loewentestneu.metafex.io\/fr","logo":{"@type":"ImageObject","inLanguage":"fr-FR","@id":"https:\/\/loewentestneu.metafex.io\/fr#\/schema\/logo\/image\/","url":"https:\/\/loewentestneu.metafex.io\/wp-content\/uploads\/2022\/12\/Logo-Lion-Pharmacy-c-o-Loewen-Apotheke-smal.jpg","contentUrl":"https:\/\/loewentestneu.metafex.io\/wp-content\/uploads\/2022\/12\/Logo-Lion-Pharmacy-c-o-Loewen-Apotheke-smal.jpg","width":298,"height":99,"caption":"Lions Pharmacy"},"image":{"@id":"https:\/\/loewentestneu.metafex.io\/fr#\/schema\/logo\/image\/"}}]}},"_links":{"self":[{"href":"https:\/\/loewentestneu.metafex.io\/fr\/wp-json\/wp\/v2\/product\/3740","targetHints":{"allow":["GET"]}}],"collection":[{"href":"https:\/\/loewentestneu.metafex.io\/fr\/wp-json\/wp\/v2\/product"}],"about":[{"href":"https:\/\/loewentestneu.metafex.io\/fr\/wp-json\/wp\/v2\/types\/product"}],"replies":[{"embeddable":true,"href":"https:\/\/loewentestneu.metafex.io\/fr\/wp-json\/wp\/v2\/comments?post=3740"}],"wp:featuredmedia":[{"embeddable":true,"href":"https:\/\/loewentestneu.metafex.io\/fr\/wp-json\/wp\/v2\/media\/3745"}],"wp:attachment":[{"href":"https:\/\/loewentestneu.metafex.io\/fr\/wp-json\/wp\/v2\/media?parent=3740"}],"wp:term":[{"taxonomy":"product_brand","embeddable":true,"href":"https:\/\/loewentestneu.metafex.io\/fr\/wp-json\/wp\/v2\/product_brand?post=3740"},{"taxonomy":"product_cat","embeddable":true,"href":"https:\/\/loewentestneu.metafex.io\/fr\/wp-json\/wp\/v2\/product_cat?post=3740"},{"taxonomy":"product_tag","embeddable":true,"href":"https:\/\/loewentestneu.metafex.io\/fr\/wp-json\/wp\/v2\/product_tag?post=3740"}],"curies":[{"name":"wp","href":"https:\/\/api.w.org\/{rel}","templated":true}]}}