{"id":4391,"date":"2024-09-06T06:11:07","date_gmt":"2024-09-06T05:11:07","guid":{"rendered":"https:\/\/lions-pharmacy.com\/?post_type=product&#038;p=4391"},"modified":"2025-01-24T17:50:04","modified_gmt":"2025-01-24T16:50:04","slug":"crataegutt-450-mg-cardiovascular-tablets-14064541","status":"publish","type":"product","link":"https:\/\/loewentestneu.metafex.io\/fr\/produit\/crataegutt-450-mg-cardiovascular-tablets-14064541","title":{"rendered":"CRATAEGUTT 450 mg comprim\u00e9s 200 pcs."},"content":{"rendered":"<h2 style=\"text-align: left;\">CRATAEGUTT 450 mg comprim\u00e9s cardiovasculaires<\/h2>\n<p>Les comprim\u00e9s Crataegutt 450 mg Cardiovascular sont des m\u00e9dicaments \u00e0 base de plantes bien tol\u00e9r\u00e9s qui soutiennent la fonction cardiovasculaire. Ils contiennent l&#8217;extrait sp\u00e9cial d&#8217;aub\u00e9pine WS\u00ae 1442 provenant de feuilles et de fleurs d&#8217;aub\u00e9pine. Il soutient votre syst\u00e8me cardiovasculaire en renfor\u00e7ant la capacit\u00e9 de pompage du c\u0153ur et en maintenant l&#8217;\u00e9lasticit\u00e9 des vaisseaux. Cela permet au sang de circuler plus facilement dans le corps et d&#8217;approvisionner l&#8217;organisme en oxyg\u00e8ne.<\/p>\n<p>L&#8217;extrait d&#8217;aub\u00e9pine qu&#8217;il contient peut \u00e9galement \u00eatre utilis\u00e9 comme effet anti-\u00e2ge, il prot\u00e8ge les cellules nerveuses et am\u00e9liore \u00e9galement les troubles cognitifs et la maladie d&#8217;Alzheimer.<br \/>\nLe Crataegutt a un effet positif sur la cicatrisation des plaies et peut \u00e9galement accompagner la d\u00e9pression et l&#8217;anxi\u00e9t\u00e9.<\/p>\n<p>Dr. Willmar Schwabe GmbH &amp; Co. KG est la soci\u00e9t\u00e9 m\u00e8re du groupe Schwabe et est \u00e9galement appel\u00e9e groupe de soci\u00e9t\u00e9s Schwabe ou groupe Schwabe. L\u2019entreprise pharmaceutique a \u00e9t\u00e9 fond\u00e9e \u00e0 Leipzig en 1865. Le si\u00e8ge social a \u00e9t\u00e9 transf\u00e9r\u00e9 \u00e0 Karlsruhe en 1946. Le groupe se concentre sur les industries de la sant\u00e9 et pharmaceutique, se sp\u00e9cialisant dans les m\u00e9dicaments m\u00e9dicinaux \u00e0 base de plantes et hom\u00e9opathiques, les produits phytopharmaceutiques et hom\u00e9opathiques, les suppl\u00e9ments nutritionnels d\u2019origine v\u00e9g\u00e9tale m\u00e9dicinale et les services suppl\u00e9mentaires pour les soins de sant\u00e9 holistiques et l\u2019auto-assistance, tels que les programmes de formation pour la forme mentale et physique. Il s\u2019agit notamment des marques Tebonin, Umckaloabo.<\/p>\n<p>Autres produits de <a href=\"\/de?product_cat=schwabe\">Dr. Schwabe dans notre assortiment<\/a><br \/>\nVous trouverez de plus amples informations sur le produit Crataegutt 450 mg sur le site web du fabricant : <a href=\"https:\/\/www.crataegutt.de\/produkte\/crataegutt-tabletten\" target=\"_blank\" rel=\"noopener\">Informations sur le produit et le fabricant Dr. Schwabe<\/a><br \/>\nD&#8217;autres clients ont \u00e9galement \u00e9t\u00e9 int\u00e9ress\u00e9s par des produits sur le th\u00e8me : <a href=\"\/de?product_tag=vital\">Vitalit\u00e9, perte de performance et oubli<\/a> | Cardiovasculaire<\/p>\n<p>Les informations contenues dans ce site web sont fournies \u00e0 titre informatif uniquement. Ils ne remplacent en aucun cas l&#8217;examen et le traitement par un m\u00e9decin. Veuillez noter que cela signifie qu&#8217;aucun diagnostic ne peut \u00eatre \u00e9tabli et qu&#8217;aucune th\u00e9rapie ne peut \u00eatre mise en place.<\/p>\n<p>Pour conna\u00eetre les risques et les effets secondaires, lisez la notice et demandez conseil \u00e0 votre m\u00e9decin ou \u00e0 votre pharmacien.<\/p>\n","protected":false},"excerpt":{"rendered":"<h2 style=\"text-align: left;\">crataegutt 450 mg Comprim\u00e9s cardiovasculaires<\/h2>\n<p>crataegutt 450 mg comprim\u00e9s cardiovasculaires &#8211; m\u00e9dicaments \u00e0 base de plantes pour soutenir la fonction cardiovasculaire.<\/p>\n<p>&nbsp;<\/p>\n<p><strong>PZN<\/strong>: 14064541 (num\u00e9ro central de pharmacie)<\/p>\n<p><strong>Forme posologique<\/strong>&nbsp;: comprim\u00e9s pellicul\u00e9s &#8211; 200 pcs.<\/p>\n<p><strong>Type d\u2019ordonnance<\/strong> : sans ordonnance<\/p>\n<p><strong>Marque<\/strong>: Crataegutt\u00ae<\/p>\n<p><strong>Fabricant<\/strong> : Dr.Willmar Schwabe GmbH &amp; Co.KG<\/p>\n","protected":false},"featured_media":5906,"comment_status":"closed","ping_status":"closed","template":"","meta":[],"product_brand":[],"product_cat":[460,120,114],"product_tag":[465,466,464,498],"class_list":{"0":"post-4391","1":"product","2":"type-product","3":"status-publish","4":"has-post-thumbnail","6":"product_cat-dr-schwabe","7":"product_cat-sale-fr","8":"product_cat-non-classifiee","9":"product_tag-dr-schwabe-fr","10":"product_tag-ingredient-actif-a-base-de-plantes","11":"product_tag-remedes-naturels","12":"product_tag-vertiges","13":"ts_product_brand-all-fr","14":"ts_product_brand-dr-schwabe-fr","16":"first","17":"instock","18":"sale","19":"taxable","20":"shipping-taxable","21":"purchasable","22":"product-type-simple"},"yoast_head":"<!-- This site is optimized with the Yoast SEO plugin v26.5 - https:\/\/yoast.com\/wordpress\/plugins\/seo\/ -->\n<title>CRATAEGUTT 450 mg comprim\u00e9s 200 pcs. &#187; Lion Pharmacy<\/title>\n<meta name=\"description\" content=\"Lions Pharmacy | Pharmacie en ligne allemande enregistr\u00e9e. Nous offrons : une livraison internationale rapide et des achats pratiques. CRATAEGUTT 450 mg comprim\u00e9s 200 pcs.\" \/>\n<meta name=\"robots\" content=\"noindex, follow, max-snippet:-1, max-image-preview:large, max-video-preview:-1\" \/>\n<meta property=\"og:locale\" content=\"fr_FR\" \/>\n<meta property=\"og:type\" content=\"article\" \/>\n<meta property=\"og:title\" content=\"CRATAEGUTT 450 mg comprim\u00e9s 200 pcs. &#187; Lion Pharmacy\" \/>\n<meta property=\"og:description\" content=\"Lions Pharmacy | Pharmacie en ligne allemande enregistr\u00e9e. Nous offrons : une livraison internationale rapide et des achats pratiques. CRATAEGUTT 450 mg comprim\u00e9s 200 pcs.\" \/>\n<meta property=\"og:url\" content=\"https:\/\/loewentestneu.metafex.io\/fr\/produit\/crataegutt-450-mg-cardiovascular-tablets-14064541\" \/>\n<meta property=\"og:site_name\" content=\"Lion Pharmacy\" \/>\n<meta property=\"article:modified_time\" content=\"2025-01-24T16:50:04+00:00\" \/>\n<meta property=\"og:image\" content=\"https:\/\/loewentestneu.metafex.io\/wp-content\/uploads\/2024\/09\/crata-1-1.webp\" \/>\n\t<meta property=\"og:image:width\" content=\"600\" \/>\n\t<meta property=\"og:image:height\" content=\"600\" \/>\n\t<meta property=\"og:image:type\" content=\"image\/webp\" \/>\n<meta name=\"twitter:card\" content=\"summary_large_image\" \/>\n<meta name=\"twitter:label1\" content=\"Dur\u00e9e de lecture estim\u00e9e\" \/>\n\t<meta name=\"twitter:data1\" content=\"2 minutes\" \/>\n<script type=\"application\/ld+json\" class=\"yoast-schema-graph\">{\"@context\":\"https:\/\/schema.org\",\"@graph\":[{\"@type\":\"WebPage\",\"@id\":\"https:\/\/loewentestneu.metafex.io\/fr\/produit\/crataegutt-450-mg-cardiovascular-tablets-14064541\",\"url\":\"https:\/\/loewentestneu.metafex.io\/fr\/produit\/crataegutt-450-mg-cardiovascular-tablets-14064541\",\"name\":\"CRATAEGUTT 450 mg comprim\u00e9s 200 pcs. &#187; Lion Pharmacy\",\"isPartOf\":{\"@id\":\"https:\/\/loewentestneu.metafex.io\/fr#website\"},\"primaryImageOfPage\":{\"@id\":\"https:\/\/loewentestneu.metafex.io\/fr\/produit\/crataegutt-450-mg-cardiovascular-tablets-14064541#primaryimage\"},\"image\":{\"@id\":\"https:\/\/loewentestneu.metafex.io\/fr\/produit\/crataegutt-450-mg-cardiovascular-tablets-14064541#primaryimage\"},\"thumbnailUrl\":\"https:\/\/loewentestneu.metafex.io\/wp-content\/uploads\/2024\/09\/crata-1-1.webp\",\"datePublished\":\"2024-09-06T05:11:07+00:00\",\"dateModified\":\"2025-01-24T16:50:04+00:00\",\"description\":\"Lions Pharmacy | Pharmacie en ligne allemande enregistr\u00e9e. Nous offrons : une livraison internationale rapide et des achats pratiques. CRATAEGUTT 450 mg comprim\u00e9s 200 pcs.\",\"breadcrumb\":{\"@id\":\"https:\/\/loewentestneu.metafex.io\/fr\/produit\/crataegutt-450-mg-cardiovascular-tablets-14064541#breadcrumb\"},\"inLanguage\":\"fr-FR\",\"potentialAction\":[{\"@type\":\"ReadAction\",\"target\":[\"https:\/\/loewentestneu.metafex.io\/fr\/produit\/crataegutt-450-mg-cardiovascular-tablets-14064541\"]}]},{\"@type\":\"ImageObject\",\"inLanguage\":\"fr-FR\",\"@id\":\"https:\/\/loewentestneu.metafex.io\/fr\/produit\/crataegutt-450-mg-cardiovascular-tablets-14064541#primaryimage\",\"url\":\"https:\/\/loewentestneu.metafex.io\/wp-content\/uploads\/2024\/09\/crata-1-1.webp\",\"contentUrl\":\"https:\/\/loewentestneu.metafex.io\/wp-content\/uploads\/2024\/09\/crata-1-1.webp\",\"width\":600,\"height\":600,\"caption\":\"Crataegutt 200 pi\u00e8ces Pharmacie Lions 14064541\"},{\"@type\":\"BreadcrumbList\",\"@id\":\"https:\/\/loewentestneu.metafex.io\/fr\/produit\/crataegutt-450-mg-cardiovascular-tablets-14064541#breadcrumb\",\"itemListElement\":[{\"@type\":\"ListItem\",\"position\":1,\"name\":\"Home\",\"item\":\"https:\/\/loewentestneu.metafex.io\/fr\/homepage-lion-pharmacy\"},{\"@type\":\"ListItem\",\"position\":2,\"name\":\"Shop\",\"item\":\"https:\/\/loewentestneu.metafex.io\/fr\/boutique\"},{\"@type\":\"ListItem\",\"position\":3,\"name\":\"CRATAEGUTT 450 mg comprim\u00e9s 200 pcs.\"}]},{\"@type\":\"WebSite\",\"@id\":\"https:\/\/loewentestneu.metafex.io\/fr#website\",\"url\":\"https:\/\/loewentestneu.metafex.io\/fr\",\"name\":\"Lions Pharmacy\",\"description\":\"Pharmacie sp\u00e9cialis\u00e9e en naturopathie de Baden-Baden, Allemagne\",\"publisher\":{\"@id\":\"https:\/\/loewentestneu.metafex.io\/fr#organization\"},\"alternateName\":\"Lion Pharmacy\",\"potentialAction\":[{\"@type\":\"SearchAction\",\"target\":{\"@type\":\"EntryPoint\",\"urlTemplate\":\"https:\/\/loewentestneu.metafex.io\/fr?s={search_term_string}\"},\"query-input\":{\"@type\":\"PropertyValueSpecification\",\"valueRequired\":true,\"valueName\":\"search_term_string\"}}],\"inLanguage\":\"fr-FR\"},{\"@type\":\"Organization\",\"@id\":\"https:\/\/loewentestneu.metafex.io\/fr#organization\",\"name\":\"Lions Pharmacy\",\"alternateName\":\"Lions Pharmacy24\",\"url\":\"https:\/\/loewentestneu.metafex.io\/fr\",\"logo\":{\"@type\":\"ImageObject\",\"inLanguage\":\"fr-FR\",\"@id\":\"https:\/\/loewentestneu.metafex.io\/fr#\/schema\/logo\/image\/\",\"url\":\"https:\/\/loewentestneu.metafex.io\/wp-content\/uploads\/2022\/12\/Logo-Lion-Pharmacy-c-o-Loewen-Apotheke-smal.jpg\",\"contentUrl\":\"https:\/\/loewentestneu.metafex.io\/wp-content\/uploads\/2022\/12\/Logo-Lion-Pharmacy-c-o-Loewen-Apotheke-smal.jpg\",\"width\":298,\"height\":99,\"caption\":\"Lions Pharmacy\"},\"image\":{\"@id\":\"https:\/\/loewentestneu.metafex.io\/fr#\/schema\/logo\/image\/\"}}]}<\/script>\n<!-- \/ Yoast SEO plugin. -->","yoast_head_json":{"title":"CRATAEGUTT 450 mg comprim\u00e9s 200 pcs. &#187; Lion Pharmacy","description":"Lions Pharmacy | Pharmacie en ligne allemande enregistr\u00e9e. Nous offrons : une livraison internationale rapide et des achats pratiques. CRATAEGUTT 450 mg comprim\u00e9s 200 pcs.","robots":{"index":"noindex","follow":"follow","max-snippet":"max-snippet:-1","max-image-preview":"max-image-preview:large","max-video-preview":"max-video-preview:-1"},"og_locale":"fr_FR","og_type":"article","og_title":"CRATAEGUTT 450 mg comprim\u00e9s 200 pcs. &#187; Lion Pharmacy","og_description":"Lions Pharmacy | Pharmacie en ligne allemande enregistr\u00e9e. Nous offrons : une livraison internationale rapide et des achats pratiques. CRATAEGUTT 450 mg comprim\u00e9s 200 pcs.","og_url":"https:\/\/loewentestneu.metafex.io\/fr\/produit\/crataegutt-450-mg-cardiovascular-tablets-14064541","og_site_name":"Lion Pharmacy","article_modified_time":"2025-01-24T16:50:04+00:00","og_image":[{"width":600,"height":600,"url":"https:\/\/loewentestneu.metafex.io\/wp-content\/uploads\/2024\/09\/crata-1-1.webp","type":"image\/webp"}],"twitter_card":"summary_large_image","twitter_misc":{"Dur\u00e9e de lecture estim\u00e9e":"2 minutes"},"schema":{"@context":"https:\/\/schema.org","@graph":[{"@type":"WebPage","@id":"https:\/\/loewentestneu.metafex.io\/fr\/produit\/crataegutt-450-mg-cardiovascular-tablets-14064541","url":"https:\/\/loewentestneu.metafex.io\/fr\/produit\/crataegutt-450-mg-cardiovascular-tablets-14064541","name":"CRATAEGUTT 450 mg comprim\u00e9s 200 pcs. &#187; Lion Pharmacy","isPartOf":{"@id":"https:\/\/loewentestneu.metafex.io\/fr#website"},"primaryImageOfPage":{"@id":"https:\/\/loewentestneu.metafex.io\/fr\/produit\/crataegutt-450-mg-cardiovascular-tablets-14064541#primaryimage"},"image":{"@id":"https:\/\/loewentestneu.metafex.io\/fr\/produit\/crataegutt-450-mg-cardiovascular-tablets-14064541#primaryimage"},"thumbnailUrl":"https:\/\/loewentestneu.metafex.io\/wp-content\/uploads\/2024\/09\/crata-1-1.webp","datePublished":"2024-09-06T05:11:07+00:00","dateModified":"2025-01-24T16:50:04+00:00","description":"Lions Pharmacy | Pharmacie en ligne allemande enregistr\u00e9e. Nous offrons : une livraison internationale rapide et des achats pratiques. CRATAEGUTT 450 mg comprim\u00e9s 200 pcs.","breadcrumb":{"@id":"https:\/\/loewentestneu.metafex.io\/fr\/produit\/crataegutt-450-mg-cardiovascular-tablets-14064541#breadcrumb"},"inLanguage":"fr-FR","potentialAction":[{"@type":"ReadAction","target":["https:\/\/loewentestneu.metafex.io\/fr\/produit\/crataegutt-450-mg-cardiovascular-tablets-14064541"]}]},{"@type":"ImageObject","inLanguage":"fr-FR","@id":"https:\/\/loewentestneu.metafex.io\/fr\/produit\/crataegutt-450-mg-cardiovascular-tablets-14064541#primaryimage","url":"https:\/\/loewentestneu.metafex.io\/wp-content\/uploads\/2024\/09\/crata-1-1.webp","contentUrl":"https:\/\/loewentestneu.metafex.io\/wp-content\/uploads\/2024\/09\/crata-1-1.webp","width":600,"height":600,"caption":"Crataegutt 200 pi\u00e8ces Pharmacie Lions 14064541"},{"@type":"BreadcrumbList","@id":"https:\/\/loewentestneu.metafex.io\/fr\/produit\/crataegutt-450-mg-cardiovascular-tablets-14064541#breadcrumb","itemListElement":[{"@type":"ListItem","position":1,"name":"Home","item":"https:\/\/loewentestneu.metafex.io\/fr\/homepage-lion-pharmacy"},{"@type":"ListItem","position":2,"name":"Shop","item":"https:\/\/loewentestneu.metafex.io\/fr\/boutique"},{"@type":"ListItem","position":3,"name":"CRATAEGUTT 450 mg comprim\u00e9s 200 pcs."}]},{"@type":"WebSite","@id":"https:\/\/loewentestneu.metafex.io\/fr#website","url":"https:\/\/loewentestneu.metafex.io\/fr","name":"Lions Pharmacy","description":"Pharmacie sp\u00e9cialis\u00e9e en naturopathie de Baden-Baden, Allemagne","publisher":{"@id":"https:\/\/loewentestneu.metafex.io\/fr#organization"},"alternateName":"Lion Pharmacy","potentialAction":[{"@type":"SearchAction","target":{"@type":"EntryPoint","urlTemplate":"https:\/\/loewentestneu.metafex.io\/fr?s={search_term_string}"},"query-input":{"@type":"PropertyValueSpecification","valueRequired":true,"valueName":"search_term_string"}}],"inLanguage":"fr-FR"},{"@type":"Organization","@id":"https:\/\/loewentestneu.metafex.io\/fr#organization","name":"Lions Pharmacy","alternateName":"Lions Pharmacy24","url":"https:\/\/loewentestneu.metafex.io\/fr","logo":{"@type":"ImageObject","inLanguage":"fr-FR","@id":"https:\/\/loewentestneu.metafex.io\/fr#\/schema\/logo\/image\/","url":"https:\/\/loewentestneu.metafex.io\/wp-content\/uploads\/2022\/12\/Logo-Lion-Pharmacy-c-o-Loewen-Apotheke-smal.jpg","contentUrl":"https:\/\/loewentestneu.metafex.io\/wp-content\/uploads\/2022\/12\/Logo-Lion-Pharmacy-c-o-Loewen-Apotheke-smal.jpg","width":298,"height":99,"caption":"Lions Pharmacy"},"image":{"@id":"https:\/\/loewentestneu.metafex.io\/fr#\/schema\/logo\/image\/"}}]}},"_links":{"self":[{"href":"https:\/\/loewentestneu.metafex.io\/fr\/wp-json\/wp\/v2\/product\/4391","targetHints":{"allow":["GET"]}}],"collection":[{"href":"https:\/\/loewentestneu.metafex.io\/fr\/wp-json\/wp\/v2\/product"}],"about":[{"href":"https:\/\/loewentestneu.metafex.io\/fr\/wp-json\/wp\/v2\/types\/product"}],"replies":[{"embeddable":true,"href":"https:\/\/loewentestneu.metafex.io\/fr\/wp-json\/wp\/v2\/comments?post=4391"}],"wp:featuredmedia":[{"embeddable":true,"href":"https:\/\/loewentestneu.metafex.io\/fr\/wp-json\/wp\/v2\/media\/5906"}],"wp:attachment":[{"href":"https:\/\/loewentestneu.metafex.io\/fr\/wp-json\/wp\/v2\/media?parent=4391"}],"wp:term":[{"taxonomy":"product_brand","embeddable":true,"href":"https:\/\/loewentestneu.metafex.io\/fr\/wp-json\/wp\/v2\/product_brand?post=4391"},{"taxonomy":"product_cat","embeddable":true,"href":"https:\/\/loewentestneu.metafex.io\/fr\/wp-json\/wp\/v2\/product_cat?post=4391"},{"taxonomy":"product_tag","embeddable":true,"href":"https:\/\/loewentestneu.metafex.io\/fr\/wp-json\/wp\/v2\/product_tag?post=4391"}],"curies":[{"name":"wp","href":"https:\/\/api.w.org\/{rel}","templated":true}]}}