{"id":4455,"date":"2024-09-07T19:39:29","date_gmt":"2024-09-07T18:39:29","guid":{"rendered":"https:\/\/lions-pharmacy.com\/?post_type=product&#038;p=4455"},"modified":"2025-01-24T17:39:57","modified_gmt":"2025-01-24T16:39:57","slug":"tebonin-intens-120-mg-200-03379106","status":"publish","type":"product","link":"https:\/\/loewentestneu.metafex.io\/fr\/produit\/tebonin-intens-120-mg-200-03379106","title":{"rendered":"Tebonin intens 120 mg, comprim\u00e9s pellicul\u00e9s, 200 pcs."},"content":{"rendered":"<h2 style=\"text-align: left;\">Tebonin intens 120 mg, comprim\u00e9s pellicul\u00e9s<\/h2>\n<p>Tebonin intens 120 mg est un m\u00e9dicament \u00e0 base de plantes de haute qualit\u00e9 utilis\u00e9 pour le traitement des oublis et du manque de concentration chez les personnes \u00e2g\u00e9es, de certaines formes d\u2019\u00e9tourdissements ainsi que des bourdonnements d\u2019oreilles et des acouph\u00e8nes.<\/p>\n<p>L\u2019intens Tebonin original avec un dosage de 120 mg d\u2019extrait de gingko contribue \u00e0 une meilleure circulation sanguine et peut \u00eatre utilis\u00e9 pour les bruits d\u2019oreille aigus ou chroniques tels que les acouph\u00e8nes, les bourdonnements ou les sifflements comme les acouph\u00e8nes. Tebonin intens convient \u00e9galement \u00e0 la maladie d\u2019Alzheimer et peut aider \u00e0 am\u00e9liorer les sympt\u00f4mes associ\u00e9s \u00e0 la d\u00e9mence.<br \/>\nLe cerveau est mieux aliment\u00e9 en sang avec des intensit\u00e9s de t\u00e9bonine et son activit\u00e9 c\u00e9r\u00e9brale est renforc\u00e9e.<br \/>\nL\u2019effet favorisant la circulation sanguine convient \u00e9galement aux \u00e9tourdissements et aux sensations de froid dans les mains et les pieds<\/p>\n<p>Dr. Willmar Schwabe GmbH &amp; Co. KG est la soci\u00e9t\u00e9 m\u00e8re du groupe Schwabe et est \u00e9galement appel\u00e9e groupe de soci\u00e9t\u00e9s Schwabe ou groupe Schwabe. L\u2019entreprise pharmaceutique a \u00e9t\u00e9 fond\u00e9e \u00e0 Leipzig en 1865. Le si\u00e8ge social a \u00e9t\u00e9 transf\u00e9r\u00e9 \u00e0 Karlsruhe en 1946. Le groupe se concentre sur les industries de la sant\u00e9 et pharmaceutique, se sp\u00e9cialisant dans les m\u00e9dicaments m\u00e9dicinaux \u00e0 base de plantes et hom\u00e9opathiques, les produits phytopharmaceutiques et hom\u00e9opathiques, les suppl\u00e9ments nutritionnels d\u2019origine v\u00e9g\u00e9tale m\u00e9dicinale et les services suppl\u00e9mentaires pour les soins de sant\u00e9 holistiques et l\u2019auto-assistance, tels que les programmes de formation pour la forme mentale et physique. Il s\u2019agit notamment des marques Tebonin, Umckaloabo.<\/p>\n<p>Autres produits de <a href=\"https:\/\/loewentestneu.metafex.io\/product-category\/schwabe\">Dr. Schwabe dans notre assortiment<\/a><\/p>\n<p>Vous trouverez d\u2019autres d\u00e9tails sur le produit aupr\u00e8s du fabricant : <a href=\"https:\/\/www.tebonin.de\/\" target=\"_blank\" rel=\"noopener\">Informations sur le produit et le fabricant Dr. Schwabe<\/a><\/p>\n<p>D\u2019autres clients ont \u00e9galement \u00e9t\u00e9 int\u00e9ress\u00e9s par des produits li\u00e9s \u00e0 : Dememz | <a href=\"https:\/\/loewentestneu.metafex.io\/de?product_tag=vital\">Vitalit\u00e9, perte de performance et oubli<\/a> | Manque de concentration<\/p>\n<p>Pour conna\u00eetre les risques et les effets secondaires, lisez la notice et demandez conseil \u00e0 votre m\u00e9decin ou \u00e0 votre pharmacien.<\/p>\n","protected":false},"excerpt":{"rendered":"<h2 style=\"text-align: left;\">Tebonin intens 120 mg<\/h2>\n<p>Pour les \u00e9tourdissements d\u2019origine circulatoire ou li\u00e9e \u00e0 l\u2019\u00e2ge.<\/p>\n<p>&nbsp;<\/p>\n<p><strong>PZN<\/strong> : 03379106 (num\u00e9ro pharmaceutique central)<\/p>\n<p><strong>Forme posologique<\/strong>&nbsp;: comprim\u00e9s pellicul\u00e9s &#8211; 200 pcs.<\/p>\n<p><strong>Type d\u2019ordonnance<\/strong> : sans ordonnance<\/p>\n<p><strong>Marque<\/strong>&nbsp;: Tebonin<\/p>\n<p><strong>Fabricant<\/strong> : Dr.Willmar Schwabe GmbH &amp; Co.KG<\/p>\n","protected":false},"featured_media":4336,"comment_status":"closed","ping_status":"closed","template":"","meta":[],"product_brand":[],"product_cat":[460,120,114],"product_tag":[318,465,466,464,535,498],"class_list":{"0":"post-4455","1":"product","2":"type-product","3":"status-publish","4":"has-post-thumbnail","6":"product_cat-dr-schwabe","7":"product_cat-sale-fr","8":"product_cat-non-classifiee","9":"product_tag-acouphene","10":"product_tag-dr-schwabe-fr","11":"product_tag-ingredient-actif-a-base-de-plantes","12":"product_tag-remedes-naturels","13":"product_tag-tebonin-fr","14":"product_tag-vertiges","15":"ts_product_brand-all-fr","16":"ts_product_brand-dr-schwabe-fr","18":"first","19":"instock","20":"sale","21":"taxable","22":"shipping-taxable","23":"purchasable","24":"product-type-simple"},"yoast_head":"<!-- This site is optimized with the Yoast SEO plugin v26.5 - https:\/\/yoast.com\/wordpress\/plugins\/seo\/ -->\n<title>Tebonin intens 120 mg, comprim\u00e9s pellicul\u00e9s, 200 pcs. &#187; Lion Pharmacy<\/title>\n<meta name=\"description\" content=\"Lions Pharmacy | Pharmacie allemande agr\u00e9\u00e9e. Nous offrons : une exp\u00e9dition internationale rapide. Dr W. Schwabe | Tebonin intens 120 mg, comprim\u00e9s pellicul\u00e9s, 200 pcs.\" \/>\n<meta name=\"robots\" content=\"noindex, follow, max-snippet:-1, max-image-preview:large, max-video-preview:-1\" \/>\n<meta property=\"og:locale\" content=\"fr_FR\" \/>\n<meta property=\"og:type\" content=\"article\" \/>\n<meta property=\"og:title\" content=\"Tebonin intens 120 mg, comprim\u00e9s pellicul\u00e9s, 200 pcs. &#187; Lion Pharmacy\" \/>\n<meta property=\"og:description\" content=\"Lions Pharmacy | Pharmacie allemande agr\u00e9\u00e9e. Nous offrons : une exp\u00e9dition internationale rapide. Dr W. Schwabe | Tebonin intens 120 mg, comprim\u00e9s pellicul\u00e9s, 200 pcs.\" \/>\n<meta property=\"og:url\" content=\"https:\/\/loewentestneu.metafex.io\/fr\/produit\/tebonin-intens-120-mg-200-03379106\" \/>\n<meta property=\"og:site_name\" content=\"Lion Pharmacy\" \/>\n<meta property=\"article:modified_time\" content=\"2025-01-24T16:39:57+00:00\" \/>\n<meta property=\"og:image\" content=\"https:\/\/loewentestneu.metafex.io\/wp-content\/uploads\/2024\/09\/tebonin-intens-60-pcs.webp\" \/>\n\t<meta property=\"og:image:width\" content=\"600\" \/>\n\t<meta property=\"og:image:height\" content=\"600\" \/>\n\t<meta property=\"og:image:type\" content=\"image\/webp\" \/>\n<meta name=\"twitter:card\" content=\"summary_large_image\" \/>\n<meta name=\"twitter:label1\" content=\"Dur\u00e9e de lecture estim\u00e9e\" \/>\n\t<meta name=\"twitter:data1\" content=\"2 minutes\" \/>\n<script type=\"application\/ld+json\" class=\"yoast-schema-graph\">{\"@context\":\"https:\/\/schema.org\",\"@graph\":[{\"@type\":\"WebPage\",\"@id\":\"https:\/\/loewentestneu.metafex.io\/fr\/produit\/tebonin-intens-120-mg-200-03379106\",\"url\":\"https:\/\/loewentestneu.metafex.io\/fr\/produit\/tebonin-intens-120-mg-200-03379106\",\"name\":\"Tebonin intens 120 mg, comprim\u00e9s pellicul\u00e9s, 200 pcs. &#187; Lion Pharmacy\",\"isPartOf\":{\"@id\":\"https:\/\/loewentestneu.metafex.io\/fr#website\"},\"primaryImageOfPage\":{\"@id\":\"https:\/\/loewentestneu.metafex.io\/fr\/produit\/tebonin-intens-120-mg-200-03379106#primaryimage\"},\"image\":{\"@id\":\"https:\/\/loewentestneu.metafex.io\/fr\/produit\/tebonin-intens-120-mg-200-03379106#primaryimage\"},\"thumbnailUrl\":\"https:\/\/loewentestneu.metafex.io\/wp-content\/uploads\/2024\/09\/tebonin-intens-60-pcs.webp\",\"datePublished\":\"2024-09-07T18:39:29+00:00\",\"dateModified\":\"2025-01-24T16:39:57+00:00\",\"description\":\"Lions Pharmacy | Pharmacie allemande agr\u00e9\u00e9e. Nous offrons : une exp\u00e9dition internationale rapide. Dr W. Schwabe | Tebonin intens 120 mg, comprim\u00e9s pellicul\u00e9s, 200 pcs.\",\"breadcrumb\":{\"@id\":\"https:\/\/loewentestneu.metafex.io\/fr\/produit\/tebonin-intens-120-mg-200-03379106#breadcrumb\"},\"inLanguage\":\"fr-FR\",\"potentialAction\":[{\"@type\":\"ReadAction\",\"target\":[\"https:\/\/loewentestneu.metafex.io\/fr\/produit\/tebonin-intens-120-mg-200-03379106\"]}]},{\"@type\":\"ImageObject\",\"inLanguage\":\"fr-FR\",\"@id\":\"https:\/\/loewentestneu.metafex.io\/fr\/produit\/tebonin-intens-120-mg-200-03379106#primaryimage\",\"url\":\"https:\/\/loewentestneu.metafex.io\/wp-content\/uploads\/2024\/09\/tebonin-intens-60-pcs.webp\",\"contentUrl\":\"https:\/\/loewentestneu.metafex.io\/wp-content\/uploads\/2024\/09\/tebonin-intens-60-pcs.webp\",\"width\":600,\"height\":600,\"caption\":\"tebonin intens 120mg capsoules, Dr. W. Schwabe, Lions Pharmacy, PZN 03379106\"},{\"@type\":\"BreadcrumbList\",\"@id\":\"https:\/\/loewentestneu.metafex.io\/fr\/produit\/tebonin-intens-120-mg-200-03379106#breadcrumb\",\"itemListElement\":[{\"@type\":\"ListItem\",\"position\":1,\"name\":\"Home\",\"item\":\"https:\/\/loewentestneu.metafex.io\/fr\/homepage-lion-pharmacy\"},{\"@type\":\"ListItem\",\"position\":2,\"name\":\"Shop\",\"item\":\"https:\/\/loewentestneu.metafex.io\/fr\/boutique\"},{\"@type\":\"ListItem\",\"position\":3,\"name\":\"Tebonin intens 120 mg, comprim\u00e9s pellicul\u00e9s, 200 pcs.\"}]},{\"@type\":\"WebSite\",\"@id\":\"https:\/\/loewentestneu.metafex.io\/fr#website\",\"url\":\"https:\/\/loewentestneu.metafex.io\/fr\",\"name\":\"Lions Pharmacy\",\"description\":\"Pharmacie sp\u00e9cialis\u00e9e en naturopathie de Baden-Baden, Allemagne\",\"publisher\":{\"@id\":\"https:\/\/loewentestneu.metafex.io\/fr#organization\"},\"alternateName\":\"Lion Pharmacy\",\"potentialAction\":[{\"@type\":\"SearchAction\",\"target\":{\"@type\":\"EntryPoint\",\"urlTemplate\":\"https:\/\/loewentestneu.metafex.io\/fr?s={search_term_string}\"},\"query-input\":{\"@type\":\"PropertyValueSpecification\",\"valueRequired\":true,\"valueName\":\"search_term_string\"}}],\"inLanguage\":\"fr-FR\"},{\"@type\":\"Organization\",\"@id\":\"https:\/\/loewentestneu.metafex.io\/fr#organization\",\"name\":\"Lions Pharmacy\",\"alternateName\":\"Lions Pharmacy24\",\"url\":\"https:\/\/loewentestneu.metafex.io\/fr\",\"logo\":{\"@type\":\"ImageObject\",\"inLanguage\":\"fr-FR\",\"@id\":\"https:\/\/loewentestneu.metafex.io\/fr#\/schema\/logo\/image\/\",\"url\":\"https:\/\/loewentestneu.metafex.io\/wp-content\/uploads\/2022\/12\/Logo-Lion-Pharmacy-c-o-Loewen-Apotheke-smal.jpg\",\"contentUrl\":\"https:\/\/loewentestneu.metafex.io\/wp-content\/uploads\/2022\/12\/Logo-Lion-Pharmacy-c-o-Loewen-Apotheke-smal.jpg\",\"width\":298,\"height\":99,\"caption\":\"Lions Pharmacy\"},\"image\":{\"@id\":\"https:\/\/loewentestneu.metafex.io\/fr#\/schema\/logo\/image\/\"}}]}<\/script>\n<!-- \/ Yoast SEO plugin. -->","yoast_head_json":{"title":"Tebonin intens 120 mg, comprim\u00e9s pellicul\u00e9s, 200 pcs. &#187; Lion Pharmacy","description":"Lions Pharmacy | Pharmacie allemande agr\u00e9\u00e9e. Nous offrons : une exp\u00e9dition internationale rapide. Dr W. Schwabe | Tebonin intens 120 mg, comprim\u00e9s pellicul\u00e9s, 200 pcs.","robots":{"index":"noindex","follow":"follow","max-snippet":"max-snippet:-1","max-image-preview":"max-image-preview:large","max-video-preview":"max-video-preview:-1"},"og_locale":"fr_FR","og_type":"article","og_title":"Tebonin intens 120 mg, comprim\u00e9s pellicul\u00e9s, 200 pcs. &#187; Lion Pharmacy","og_description":"Lions Pharmacy | Pharmacie allemande agr\u00e9\u00e9e. Nous offrons : une exp\u00e9dition internationale rapide. Dr W. Schwabe | Tebonin intens 120 mg, comprim\u00e9s pellicul\u00e9s, 200 pcs.","og_url":"https:\/\/loewentestneu.metafex.io\/fr\/produit\/tebonin-intens-120-mg-200-03379106","og_site_name":"Lion Pharmacy","article_modified_time":"2025-01-24T16:39:57+00:00","og_image":[{"width":600,"height":600,"url":"https:\/\/loewentestneu.metafex.io\/wp-content\/uploads\/2024\/09\/tebonin-intens-60-pcs.webp","type":"image\/webp"}],"twitter_card":"summary_large_image","twitter_misc":{"Dur\u00e9e de lecture estim\u00e9e":"2 minutes"},"schema":{"@context":"https:\/\/schema.org","@graph":[{"@type":"WebPage","@id":"https:\/\/loewentestneu.metafex.io\/fr\/produit\/tebonin-intens-120-mg-200-03379106","url":"https:\/\/loewentestneu.metafex.io\/fr\/produit\/tebonin-intens-120-mg-200-03379106","name":"Tebonin intens 120 mg, comprim\u00e9s pellicul\u00e9s, 200 pcs. &#187; Lion Pharmacy","isPartOf":{"@id":"https:\/\/loewentestneu.metafex.io\/fr#website"},"primaryImageOfPage":{"@id":"https:\/\/loewentestneu.metafex.io\/fr\/produit\/tebonin-intens-120-mg-200-03379106#primaryimage"},"image":{"@id":"https:\/\/loewentestneu.metafex.io\/fr\/produit\/tebonin-intens-120-mg-200-03379106#primaryimage"},"thumbnailUrl":"https:\/\/loewentestneu.metafex.io\/wp-content\/uploads\/2024\/09\/tebonin-intens-60-pcs.webp","datePublished":"2024-09-07T18:39:29+00:00","dateModified":"2025-01-24T16:39:57+00:00","description":"Lions Pharmacy | Pharmacie allemande agr\u00e9\u00e9e. Nous offrons : une exp\u00e9dition internationale rapide. Dr W. Schwabe | Tebonin intens 120 mg, comprim\u00e9s pellicul\u00e9s, 200 pcs.","breadcrumb":{"@id":"https:\/\/loewentestneu.metafex.io\/fr\/produit\/tebonin-intens-120-mg-200-03379106#breadcrumb"},"inLanguage":"fr-FR","potentialAction":[{"@type":"ReadAction","target":["https:\/\/loewentestneu.metafex.io\/fr\/produit\/tebonin-intens-120-mg-200-03379106"]}]},{"@type":"ImageObject","inLanguage":"fr-FR","@id":"https:\/\/loewentestneu.metafex.io\/fr\/produit\/tebonin-intens-120-mg-200-03379106#primaryimage","url":"https:\/\/loewentestneu.metafex.io\/wp-content\/uploads\/2024\/09\/tebonin-intens-60-pcs.webp","contentUrl":"https:\/\/loewentestneu.metafex.io\/wp-content\/uploads\/2024\/09\/tebonin-intens-60-pcs.webp","width":600,"height":600,"caption":"tebonin intens 120mg capsoules, Dr. W. Schwabe, Lions Pharmacy, PZN 03379106"},{"@type":"BreadcrumbList","@id":"https:\/\/loewentestneu.metafex.io\/fr\/produit\/tebonin-intens-120-mg-200-03379106#breadcrumb","itemListElement":[{"@type":"ListItem","position":1,"name":"Home","item":"https:\/\/loewentestneu.metafex.io\/fr\/homepage-lion-pharmacy"},{"@type":"ListItem","position":2,"name":"Shop","item":"https:\/\/loewentestneu.metafex.io\/fr\/boutique"},{"@type":"ListItem","position":3,"name":"Tebonin intens 120 mg, comprim\u00e9s pellicul\u00e9s, 200 pcs."}]},{"@type":"WebSite","@id":"https:\/\/loewentestneu.metafex.io\/fr#website","url":"https:\/\/loewentestneu.metafex.io\/fr","name":"Lions Pharmacy","description":"Pharmacie sp\u00e9cialis\u00e9e en naturopathie de Baden-Baden, Allemagne","publisher":{"@id":"https:\/\/loewentestneu.metafex.io\/fr#organization"},"alternateName":"Lion Pharmacy","potentialAction":[{"@type":"SearchAction","target":{"@type":"EntryPoint","urlTemplate":"https:\/\/loewentestneu.metafex.io\/fr?s={search_term_string}"},"query-input":{"@type":"PropertyValueSpecification","valueRequired":true,"valueName":"search_term_string"}}],"inLanguage":"fr-FR"},{"@type":"Organization","@id":"https:\/\/loewentestneu.metafex.io\/fr#organization","name":"Lions Pharmacy","alternateName":"Lions Pharmacy24","url":"https:\/\/loewentestneu.metafex.io\/fr","logo":{"@type":"ImageObject","inLanguage":"fr-FR","@id":"https:\/\/loewentestneu.metafex.io\/fr#\/schema\/logo\/image\/","url":"https:\/\/loewentestneu.metafex.io\/wp-content\/uploads\/2022\/12\/Logo-Lion-Pharmacy-c-o-Loewen-Apotheke-smal.jpg","contentUrl":"https:\/\/loewentestneu.metafex.io\/wp-content\/uploads\/2022\/12\/Logo-Lion-Pharmacy-c-o-Loewen-Apotheke-smal.jpg","width":298,"height":99,"caption":"Lions Pharmacy"},"image":{"@id":"https:\/\/loewentestneu.metafex.io\/fr#\/schema\/logo\/image\/"}}]}},"_links":{"self":[{"href":"https:\/\/loewentestneu.metafex.io\/fr\/wp-json\/wp\/v2\/product\/4455","targetHints":{"allow":["GET"]}}],"collection":[{"href":"https:\/\/loewentestneu.metafex.io\/fr\/wp-json\/wp\/v2\/product"}],"about":[{"href":"https:\/\/loewentestneu.metafex.io\/fr\/wp-json\/wp\/v2\/types\/product"}],"replies":[{"embeddable":true,"href":"https:\/\/loewentestneu.metafex.io\/fr\/wp-json\/wp\/v2\/comments?post=4455"}],"wp:featuredmedia":[{"embeddable":true,"href":"https:\/\/loewentestneu.metafex.io\/fr\/wp-json\/wp\/v2\/media\/4336"}],"wp:attachment":[{"href":"https:\/\/loewentestneu.metafex.io\/fr\/wp-json\/wp\/v2\/media?parent=4455"}],"wp:term":[{"taxonomy":"product_brand","embeddable":true,"href":"https:\/\/loewentestneu.metafex.io\/fr\/wp-json\/wp\/v2\/product_brand?post=4455"},{"taxonomy":"product_cat","embeddable":true,"href":"https:\/\/loewentestneu.metafex.io\/fr\/wp-json\/wp\/v2\/product_cat?post=4455"},{"taxonomy":"product_tag","embeddable":true,"href":"https:\/\/loewentestneu.metafex.io\/fr\/wp-json\/wp\/v2\/product_tag?post=4455"}],"curies":[{"name":"wp","href":"https:\/\/api.w.org\/{rel}","templated":true}]}}