{"id":4469,"date":"2024-09-06T15:07:59","date_gmt":"2024-09-06T14:07:59","guid":{"rendered":"https:\/\/lions-pharmacy.com\/?post_type=product&#038;p=4469"},"modified":"2025-01-24T17:25:59","modified_gmt":"2025-01-24T16:25:59","slug":"tebonin-konzent-120-pcs-240mg-07752045-film-coated-tablets","status":"publish","type":"product","link":"https:\/\/loewentestneu.metafex.io\/fr\/produit\/tebonin-konzent-120-pcs-240mg-07752045-film-coated-tablets","title":{"rendered":"Tebonin Konzent 240mg Comprim\u00e9s pellicul\u00e9s 120 pcs."},"content":{"rendered":"<h2 style=\"text-align: left;\">Tebonin Konzent 240mg Comprim\u00e9s pellicul\u00e9s<\/h2>\n<p>Tebonin Konzent 240mg Filmtabletten est un m\u00e9dicament \u00e0 base de plantes de haute qualit\u00e9 utilis\u00e9 pour le traitement de l&#8217;oubli et du manque de concentration chez les personnes \u00e2g\u00e9es, pour l&#8217;am\u00e9lioration des d\u00e9ficits de performance mentale.<br \/>\nest utilis\u00e9 dans les cas de d\u00e9mence l\u00e9g\u00e8re et dans certaines formes de vertiges, ainsi que dans les cas de bourdonnements d&#8217;oreille et d&#8217;acouph\u00e8nes. L\u2019extrait sp\u00e9cial standardis\u00e9 de ginkgo EGb 761\u00ae (dans Tebonin\u00ae konzent\u00ae 240 mg) &#8211; \u00e9tudi\u00e9, d\u00e9velopp\u00e9 et fabriqu\u00e9 en Allemagne &#8211; peut contrer le d\u00e9clin mental d\u00e8s l\u2019apparition des premiers signes de troubles de la m\u00e9moire et \u00e0 condition qu\u2019il soit pris sur une p\u00e9riode plus longue et \u00e0 fortes doses.<\/p>\n<p>Dr. Willmar Schwabe GmbH &amp; Co. KG est la soci\u00e9t\u00e9 m\u00e8re du groupe Schwabe et est \u00e9galement appel\u00e9e groupe de soci\u00e9t\u00e9s Schwabe ou groupe Schwabe. L\u2019entreprise pharmaceutique a \u00e9t\u00e9 fond\u00e9e \u00e0 Leipzig en 1865. Le si\u00e8ge social a \u00e9t\u00e9 transf\u00e9r\u00e9 \u00e0 Karlsruhe en 1946. Le groupe se concentre sur les industries de la sant\u00e9 et pharmaceutique, se sp\u00e9cialisant dans les m\u00e9dicaments m\u00e9dicinaux \u00e0 base de plantes et hom\u00e9opathiques, les produits phytopharmaceutiques et hom\u00e9opathiques, les suppl\u00e9ments nutritionnels d\u2019origine v\u00e9g\u00e9tale m\u00e9dicinale et les services suppl\u00e9mentaires pour les soins de sant\u00e9 holistiques et l\u2019auto-assistance, tels que les programmes de formation pour la forme mentale et physique. Il s\u2019agit notamment des marques Tebonin, Umckaloabo.<\/p>\n<p>Autres produits de <a href=\"\/de?product_cat=schwabe\">Dr. Schwabe dans notre assortiment<\/a><\/p>\n<p>Vous trouverez d\u2019autres d\u00e9tails sur le produit aupr\u00e8s du fabricant : <a href=\"https:\/\/www.tebonin.de\/\" target=\"_blank\" rel=\"noopener\">Informations sur le produit et le fabricant Dr. Schwabe<\/a><\/p>\n<p>D\u2019autres clients ont \u00e9galement \u00e9t\u00e9 int\u00e9ress\u00e9s par des produits li\u00e9s \u00e0 : Dememz | <a href=\"\/de?product_tag=vital\">Vitalit\u00e9, perte de performance et oubli<\/a> | Manque de concentration<\/p>\n<p>Pour conna\u00eetre les risques et les effets secondaires, lisez la notice et demandez conseil \u00e0 votre m\u00e9decin ou \u00e0 votre pharmacien.<\/p>\n","protected":false},"excerpt":{"rendered":"<h2 style=\"text-align: left;\">Tebonin Konzent 240mg Comprim\u00e9s pellicul\u00e9s<\/h2>\n<p>Pour l\u2019am\u00e9lioration des d\u00e9ficits de performance mentale, dans la d\u00e9mence l\u00e9g\u00e8re.<\/p>\n<p>&nbsp;<\/p>\n<p><strong>PZN<\/strong>: 07752045 (num\u00e9ro central de pharmacie)<\/p>\n<p><strong>Forme pharmaceutique<\/strong>: comprim\u00e9s pellicul\u00e9s &#8211; 120 pi\u00e8ces<\/p>\n<p><strong>Type d\u2019ordonnance<\/strong> : sans ordonnance<\/p>\n<p><strong>Marque<\/strong>&nbsp;: Tebonin<\/p>\n<p><strong>Fabricant<\/strong> : Dr.Willmar Schwabe GmbH &amp; Co.KG<\/p>\n","protected":false},"featured_media":4344,"comment_status":"closed","ping_status":"closed","template":"","meta":[],"product_brand":[],"product_cat":[460,120,114],"product_tag":[318,510,465,464,535,498],"class_list":{"0":"post-4469","1":"product","2":"type-product","3":"status-publish","4":"has-post-thumbnail","6":"product_cat-dr-schwabe","7":"product_cat-sale-fr","8":"product_cat-non-classifiee","9":"product_tag-acouphene","10":"product_tag-actif-dorigine-vegetale","11":"product_tag-dr-schwabe-fr","12":"product_tag-remedes-naturels","13":"product_tag-tebonin-fr","14":"product_tag-vertiges","15":"ts_product_brand-all-fr","16":"ts_product_brand-dr-schwabe-fr","18":"first","19":"instock","20":"sale","21":"taxable","22":"shipping-taxable","23":"purchasable","24":"product-type-simple"},"yoast_head":"<!-- This site is optimized with the Yoast SEO plugin v26.5 - https:\/\/yoast.com\/wordpress\/plugins\/seo\/ -->\n<title>Tebonin Konzent 240mg Comprim\u00e9s pellicul\u00e9s 120 pcs. &#187; Lion Pharmacy<\/title>\n<meta name=\"description\" content=\"Lions Pharmacy | Pharmacie en ligne allemande enregistr\u00e9e | Exp\u00e9dition internationale rapide | Achat en ligne pratique et s\u00fbr Tebonin Konzent 240mg Comprim\u00e9s pellicul\u00e9s 120 pcs.\" \/>\n<meta name=\"robots\" content=\"noindex, follow, max-snippet:-1, max-image-preview:large, max-video-preview:-1\" \/>\n<meta property=\"og:locale\" content=\"fr_FR\" \/>\n<meta property=\"og:type\" content=\"article\" \/>\n<meta property=\"og:title\" content=\"Tebonin Konzent 240mg Comprim\u00e9s pellicul\u00e9s 120 pcs. &#187; Lion Pharmacy\" \/>\n<meta property=\"og:description\" content=\"Lions Pharmacy | Pharmacie en ligne allemande enregistr\u00e9e | Exp\u00e9dition internationale rapide | Achat en ligne pratique et s\u00fbr Tebonin Konzent 240mg Comprim\u00e9s pellicul\u00e9s 120 pcs.\" \/>\n<meta property=\"og:url\" content=\"https:\/\/loewentestneu.metafex.io\/fr\/produit\/tebonin-konzent-120-pcs-240mg-07752045-film-coated-tablets\" \/>\n<meta property=\"og:site_name\" content=\"Lion Pharmacy\" \/>\n<meta property=\"article:modified_time\" content=\"2025-01-24T16:25:59+00:00\" \/>\n<meta property=\"og:image\" content=\"https:\/\/loewentestneu.metafex.io\/wp-content\/uploads\/2024\/09\/Tebonin-Konzent-.webp\" \/>\n\t<meta property=\"og:image:width\" content=\"600\" \/>\n\t<meta property=\"og:image:height\" content=\"600\" \/>\n\t<meta property=\"og:image:type\" content=\"image\/webp\" \/>\n<meta name=\"twitter:card\" content=\"summary_large_image\" \/>\n<meta name=\"twitter:label1\" content=\"Dur\u00e9e de lecture estim\u00e9e\" \/>\n\t<meta name=\"twitter:data1\" content=\"2 minutes\" \/>\n<script type=\"application\/ld+json\" class=\"yoast-schema-graph\">{\"@context\":\"https:\/\/schema.org\",\"@graph\":[{\"@type\":\"WebPage\",\"@id\":\"https:\/\/loewentestneu.metafex.io\/fr\/produit\/tebonin-konzent-120-pcs-240mg-07752045-film-coated-tablets\",\"url\":\"https:\/\/loewentestneu.metafex.io\/fr\/produit\/tebonin-konzent-120-pcs-240mg-07752045-film-coated-tablets\",\"name\":\"Tebonin Konzent 240mg Comprim\u00e9s pellicul\u00e9s 120 pcs. &#187; Lion Pharmacy\",\"isPartOf\":{\"@id\":\"https:\/\/loewentestneu.metafex.io\/fr#website\"},\"primaryImageOfPage\":{\"@id\":\"https:\/\/loewentestneu.metafex.io\/fr\/produit\/tebonin-konzent-120-pcs-240mg-07752045-film-coated-tablets#primaryimage\"},\"image\":{\"@id\":\"https:\/\/loewentestneu.metafex.io\/fr\/produit\/tebonin-konzent-120-pcs-240mg-07752045-film-coated-tablets#primaryimage\"},\"thumbnailUrl\":\"https:\/\/loewentestneu.metafex.io\/wp-content\/uploads\/2024\/09\/Tebonin-Konzent-.webp\",\"datePublished\":\"2024-09-06T14:07:59+00:00\",\"dateModified\":\"2025-01-24T16:25:59+00:00\",\"description\":\"Lions Pharmacy | Pharmacie en ligne allemande enregistr\u00e9e | Exp\u00e9dition internationale rapide | Achat en ligne pratique et s\u00fbr Tebonin Konzent 240mg Comprim\u00e9s pellicul\u00e9s 120 pcs.\",\"breadcrumb\":{\"@id\":\"https:\/\/loewentestneu.metafex.io\/fr\/produit\/tebonin-konzent-120-pcs-240mg-07752045-film-coated-tablets#breadcrumb\"},\"inLanguage\":\"fr-FR\",\"potentialAction\":[{\"@type\":\"ReadAction\",\"target\":[\"https:\/\/loewentestneu.metafex.io\/fr\/produit\/tebonin-konzent-120-pcs-240mg-07752045-film-coated-tablets\"]}]},{\"@type\":\"ImageObject\",\"inLanguage\":\"fr-FR\",\"@id\":\"https:\/\/loewentestneu.metafex.io\/fr\/produit\/tebonin-konzent-120-pcs-240mg-07752045-film-coated-tablets#primaryimage\",\"url\":\"https:\/\/loewentestneu.metafex.io\/wp-content\/uploads\/2024\/09\/Tebonin-Konzent-.webp\",\"contentUrl\":\"https:\/\/loewentestneu.metafex.io\/wp-content\/uploads\/2024\/09\/Tebonin-Konzent-.webp\",\"width\":600,\"height\":600,\"caption\":\"Tebonin Konzent 240 mg, Pharmacie Lions, Dr. Schwabe, PZN 02293816\"},{\"@type\":\"BreadcrumbList\",\"@id\":\"https:\/\/loewentestneu.metafex.io\/fr\/produit\/tebonin-konzent-120-pcs-240mg-07752045-film-coated-tablets#breadcrumb\",\"itemListElement\":[{\"@type\":\"ListItem\",\"position\":1,\"name\":\"Home\",\"item\":\"https:\/\/loewentestneu.metafex.io\/fr\/homepage-lion-pharmacy\"},{\"@type\":\"ListItem\",\"position\":2,\"name\":\"Shop\",\"item\":\"https:\/\/loewentestneu.metafex.io\/fr\/boutique\"},{\"@type\":\"ListItem\",\"position\":3,\"name\":\"Tebonin Konzent 240mg Comprim\u00e9s pellicul\u00e9s 120 pcs.\"}]},{\"@type\":\"WebSite\",\"@id\":\"https:\/\/loewentestneu.metafex.io\/fr#website\",\"url\":\"https:\/\/loewentestneu.metafex.io\/fr\",\"name\":\"Lions Pharmacy\",\"description\":\"Pharmacie sp\u00e9cialis\u00e9e en naturopathie de Baden-Baden, Allemagne\",\"publisher\":{\"@id\":\"https:\/\/loewentestneu.metafex.io\/fr#organization\"},\"alternateName\":\"Lion Pharmacy\",\"potentialAction\":[{\"@type\":\"SearchAction\",\"target\":{\"@type\":\"EntryPoint\",\"urlTemplate\":\"https:\/\/loewentestneu.metafex.io\/fr?s={search_term_string}\"},\"query-input\":{\"@type\":\"PropertyValueSpecification\",\"valueRequired\":true,\"valueName\":\"search_term_string\"}}],\"inLanguage\":\"fr-FR\"},{\"@type\":\"Organization\",\"@id\":\"https:\/\/loewentestneu.metafex.io\/fr#organization\",\"name\":\"Lions Pharmacy\",\"alternateName\":\"Lions Pharmacy24\",\"url\":\"https:\/\/loewentestneu.metafex.io\/fr\",\"logo\":{\"@type\":\"ImageObject\",\"inLanguage\":\"fr-FR\",\"@id\":\"https:\/\/loewentestneu.metafex.io\/fr#\/schema\/logo\/image\/\",\"url\":\"https:\/\/loewentestneu.metafex.io\/wp-content\/uploads\/2022\/12\/Logo-Lion-Pharmacy-c-o-Loewen-Apotheke-smal.jpg\",\"contentUrl\":\"https:\/\/loewentestneu.metafex.io\/wp-content\/uploads\/2022\/12\/Logo-Lion-Pharmacy-c-o-Loewen-Apotheke-smal.jpg\",\"width\":298,\"height\":99,\"caption\":\"Lions Pharmacy\"},\"image\":{\"@id\":\"https:\/\/loewentestneu.metafex.io\/fr#\/schema\/logo\/image\/\"}}]}<\/script>\n<!-- \/ Yoast SEO plugin. -->","yoast_head_json":{"title":"Tebonin Konzent 240mg Comprim\u00e9s pellicul\u00e9s 120 pcs. &#187; Lion Pharmacy","description":"Lions Pharmacy | Pharmacie en ligne allemande enregistr\u00e9e | Exp\u00e9dition internationale rapide | Achat en ligne pratique et s\u00fbr Tebonin Konzent 240mg Comprim\u00e9s pellicul\u00e9s 120 pcs.","robots":{"index":"noindex","follow":"follow","max-snippet":"max-snippet:-1","max-image-preview":"max-image-preview:large","max-video-preview":"max-video-preview:-1"},"og_locale":"fr_FR","og_type":"article","og_title":"Tebonin Konzent 240mg Comprim\u00e9s pellicul\u00e9s 120 pcs. &#187; Lion Pharmacy","og_description":"Lions Pharmacy | Pharmacie en ligne allemande enregistr\u00e9e | Exp\u00e9dition internationale rapide | Achat en ligne pratique et s\u00fbr Tebonin Konzent 240mg Comprim\u00e9s pellicul\u00e9s 120 pcs.","og_url":"https:\/\/loewentestneu.metafex.io\/fr\/produit\/tebonin-konzent-120-pcs-240mg-07752045-film-coated-tablets","og_site_name":"Lion Pharmacy","article_modified_time":"2025-01-24T16:25:59+00:00","og_image":[{"width":600,"height":600,"url":"https:\/\/loewentestneu.metafex.io\/wp-content\/uploads\/2024\/09\/Tebonin-Konzent-.webp","type":"image\/webp"}],"twitter_card":"summary_large_image","twitter_misc":{"Dur\u00e9e de lecture estim\u00e9e":"2 minutes"},"schema":{"@context":"https:\/\/schema.org","@graph":[{"@type":"WebPage","@id":"https:\/\/loewentestneu.metafex.io\/fr\/produit\/tebonin-konzent-120-pcs-240mg-07752045-film-coated-tablets","url":"https:\/\/loewentestneu.metafex.io\/fr\/produit\/tebonin-konzent-120-pcs-240mg-07752045-film-coated-tablets","name":"Tebonin Konzent 240mg Comprim\u00e9s pellicul\u00e9s 120 pcs. &#187; Lion Pharmacy","isPartOf":{"@id":"https:\/\/loewentestneu.metafex.io\/fr#website"},"primaryImageOfPage":{"@id":"https:\/\/loewentestneu.metafex.io\/fr\/produit\/tebonin-konzent-120-pcs-240mg-07752045-film-coated-tablets#primaryimage"},"image":{"@id":"https:\/\/loewentestneu.metafex.io\/fr\/produit\/tebonin-konzent-120-pcs-240mg-07752045-film-coated-tablets#primaryimage"},"thumbnailUrl":"https:\/\/loewentestneu.metafex.io\/wp-content\/uploads\/2024\/09\/Tebonin-Konzent-.webp","datePublished":"2024-09-06T14:07:59+00:00","dateModified":"2025-01-24T16:25:59+00:00","description":"Lions Pharmacy | Pharmacie en ligne allemande enregistr\u00e9e | Exp\u00e9dition internationale rapide | Achat en ligne pratique et s\u00fbr Tebonin Konzent 240mg Comprim\u00e9s pellicul\u00e9s 120 pcs.","breadcrumb":{"@id":"https:\/\/loewentestneu.metafex.io\/fr\/produit\/tebonin-konzent-120-pcs-240mg-07752045-film-coated-tablets#breadcrumb"},"inLanguage":"fr-FR","potentialAction":[{"@type":"ReadAction","target":["https:\/\/loewentestneu.metafex.io\/fr\/produit\/tebonin-konzent-120-pcs-240mg-07752045-film-coated-tablets"]}]},{"@type":"ImageObject","inLanguage":"fr-FR","@id":"https:\/\/loewentestneu.metafex.io\/fr\/produit\/tebonin-konzent-120-pcs-240mg-07752045-film-coated-tablets#primaryimage","url":"https:\/\/loewentestneu.metafex.io\/wp-content\/uploads\/2024\/09\/Tebonin-Konzent-.webp","contentUrl":"https:\/\/loewentestneu.metafex.io\/wp-content\/uploads\/2024\/09\/Tebonin-Konzent-.webp","width":600,"height":600,"caption":"Tebonin Konzent 240 mg, Pharmacie Lions, Dr. Schwabe, PZN 02293816"},{"@type":"BreadcrumbList","@id":"https:\/\/loewentestneu.metafex.io\/fr\/produit\/tebonin-konzent-120-pcs-240mg-07752045-film-coated-tablets#breadcrumb","itemListElement":[{"@type":"ListItem","position":1,"name":"Home","item":"https:\/\/loewentestneu.metafex.io\/fr\/homepage-lion-pharmacy"},{"@type":"ListItem","position":2,"name":"Shop","item":"https:\/\/loewentestneu.metafex.io\/fr\/boutique"},{"@type":"ListItem","position":3,"name":"Tebonin Konzent 240mg Comprim\u00e9s pellicul\u00e9s 120 pcs."}]},{"@type":"WebSite","@id":"https:\/\/loewentestneu.metafex.io\/fr#website","url":"https:\/\/loewentestneu.metafex.io\/fr","name":"Lions Pharmacy","description":"Pharmacie sp\u00e9cialis\u00e9e en naturopathie de Baden-Baden, Allemagne","publisher":{"@id":"https:\/\/loewentestneu.metafex.io\/fr#organization"},"alternateName":"Lion Pharmacy","potentialAction":[{"@type":"SearchAction","target":{"@type":"EntryPoint","urlTemplate":"https:\/\/loewentestneu.metafex.io\/fr?s={search_term_string}"},"query-input":{"@type":"PropertyValueSpecification","valueRequired":true,"valueName":"search_term_string"}}],"inLanguage":"fr-FR"},{"@type":"Organization","@id":"https:\/\/loewentestneu.metafex.io\/fr#organization","name":"Lions Pharmacy","alternateName":"Lions Pharmacy24","url":"https:\/\/loewentestneu.metafex.io\/fr","logo":{"@type":"ImageObject","inLanguage":"fr-FR","@id":"https:\/\/loewentestneu.metafex.io\/fr#\/schema\/logo\/image\/","url":"https:\/\/loewentestneu.metafex.io\/wp-content\/uploads\/2022\/12\/Logo-Lion-Pharmacy-c-o-Loewen-Apotheke-smal.jpg","contentUrl":"https:\/\/loewentestneu.metafex.io\/wp-content\/uploads\/2022\/12\/Logo-Lion-Pharmacy-c-o-Loewen-Apotheke-smal.jpg","width":298,"height":99,"caption":"Lions Pharmacy"},"image":{"@id":"https:\/\/loewentestneu.metafex.io\/fr#\/schema\/logo\/image\/"}}]}},"_links":{"self":[{"href":"https:\/\/loewentestneu.metafex.io\/fr\/wp-json\/wp\/v2\/product\/4469","targetHints":{"allow":["GET"]}}],"collection":[{"href":"https:\/\/loewentestneu.metafex.io\/fr\/wp-json\/wp\/v2\/product"}],"about":[{"href":"https:\/\/loewentestneu.metafex.io\/fr\/wp-json\/wp\/v2\/types\/product"}],"replies":[{"embeddable":true,"href":"https:\/\/loewentestneu.metafex.io\/fr\/wp-json\/wp\/v2\/comments?post=4469"}],"wp:featuredmedia":[{"embeddable":true,"href":"https:\/\/loewentestneu.metafex.io\/fr\/wp-json\/wp\/v2\/media\/4344"}],"wp:attachment":[{"href":"https:\/\/loewentestneu.metafex.io\/fr\/wp-json\/wp\/v2\/media?parent=4469"}],"wp:term":[{"taxonomy":"product_brand","embeddable":true,"href":"https:\/\/loewentestneu.metafex.io\/fr\/wp-json\/wp\/v2\/product_brand?post=4469"},{"taxonomy":"product_cat","embeddable":true,"href":"https:\/\/loewentestneu.metafex.io\/fr\/wp-json\/wp\/v2\/product_cat?post=4469"},{"taxonomy":"product_tag","embeddable":true,"href":"https:\/\/loewentestneu.metafex.io\/fr\/wp-json\/wp\/v2\/product_tag?post=4469"}],"curies":[{"name":"wp","href":"https:\/\/api.w.org\/{rel}","templated":true}]}}