{"id":4486,"date":"2024-09-07T08:07:47","date_gmt":"2024-09-07T07:07:47","guid":{"rendered":"https:\/\/lions-pharmacy.com\/?post_type=product&#038;p=4486"},"modified":"2025-01-26T10:55:58","modified_gmt":"2025-01-26T09:55:58","slug":"neydil-no-20-d7-ampules-5x2ml-6486593","status":"publish","type":"product","link":"https:\/\/loewentestneu.metafex.io\/fr\/produit\/neydil-no-20-d7-ampules-5x2ml-6486593","title":{"rendered":"Neydil n\u00b020\nD7 ampoules 5x2ml"},"content":{"rendered":"<h3 style=\"text-align: left;\">Neydil n\u00b020 Ampoules D7<\/h3>\n<p>&#8220;Glandula suprarenalis&#8221; &#8211; Neydil No.20 D7 ampoules.<\/p>\n<p>Les pr\u00e9parations hom\u00e9opathiques pour organes propos\u00e9es par vitOrgan pour la th\u00e9rapie biomol\u00e9culaire utilisent des substances organiques naturelles ayant un effet r\u00e9gulateur et m\u00e9tabolique afin de normaliser physiologiquement les processus d\u00e9s\u00e9quilibr\u00e9s. La th\u00e9rapie biomol\u00e9culaire des organes vitaux est une th\u00e9rapie tr\u00e8s efficace depuis 60 ans. Elle constitue un pont entre les domaines dits de la m\u00e9decine orthodoxe et de la naturopathie. Il utilise des substances naturelles, r\u00e9gulatrices et m\u00e9taboliques, qui sont disponibles chez les humains et les animaux, pour normaliser les maladies en modifiant les processus physiologiques qui ne sont plus en \u00e9quilibre &#8211; et avec cela, traiter le patient non seulement de mani\u00e8re symptomatique, mais aussi causale. Selon le principe \u00ab&nbsp;le c\u0153ur gu\u00e9rit le c\u0153ur, le rein gu\u00e9rit le rein, l\u2019organe gu\u00e9rit l\u2019organe&nbsp;\u00bb, il est important d\u2019\u00e9veiller le pouvoir des cellules affaiblies par une r\u00e9gulation cibl\u00e9e.<\/p>\n<p>La vitOrgan th\u00e9rapie biomol\u00e9culaire est une th\u00e9rapie efficace. Il comble le foss\u00e9 entre la m\u00e9decine dite conventionnelle et les m\u00e9thodes de gu\u00e9rison naturelles. Ce faisant, elle utilise les substances r\u00e9gulatrices et m\u00e9taboliques naturelles pr\u00e9sentes chez l\u2019homme et l\u2019animal afin de normaliser physiologiquement les processus devenus d\u00e9s\u00e9quilibr\u00e9s en cas de maladie &#8211; et ainsi traiter le patient non seulement de mani\u00e8re symptomatique, mais aussi causale.<br \/>\nNe pas bloquer, r\u00e9guler. C\u2019est le principe central de la th\u00e9rapie vitOrgan, qui traite les gens dans leur int\u00e9gralit\u00e9 gr\u00e2ce \u00e0 son mode de pens\u00e9e holistique et en r\u00e9seau.<\/p>\n<p>En savoir plus sur le fabricant &#8211; lien vers le site web&nbsp;: <a href=\"https:\/\/vitorgan.de\/en\/products\/\" target=\"_blank\" rel=\"noopener noreferrer\">vitOrgan.de<\/a><br \/>\nVous trouverez d\u2019autres produits vitOrgan ici : <a href=\"\/de?product_cat=vitorgan\">vitOrgan<\/a><\/p>\n<p>Pour conna\u00eetre les risques et les effets secondaires, lisez la notice et demandez conseil \u00e0 votre m\u00e9decin ou \u00e0 votre pharmacien.<\/p>\n","protected":false},"excerpt":{"rendered":"<h2 style=\"text-align: left;\">Neydil n\u00b020 Ampoules D7<\/h2>\n<p>&#8220;Glandula suprarenalis<\/p>\n<p>&nbsp;<\/p>\n<p><strong>PZN :<\/strong> 06486593 (num\u00e9ro pharmaceutique central)<\/p>\n<p><strong>Forme gal\u00e9nologique<\/strong> : ampoules<\/p>\n<p><strong>Type d\u2019ordonnance :<\/strong> sans ordonnance<\/p>\n<p><strong>Taille de l\u2019emballage<\/strong>&nbsp;: 5x2ml<\/p>\n<p><strong>Marque<\/strong>&nbsp;: <a href=\"https:\/\/www.loewen-apotheke24.com\/de\/product_tag\/vitorgan\/\">vitorgan<\/a><\/p>\n<p><strong>Fabricant<\/strong> : vitOrgan GmbH &amp; Co.KG<\/p>\n","protected":false},"featured_media":4186,"comment_status":"closed","ping_status":"closed","template":"","meta":[],"product_brand":[],"product_cat":[120,114,129],"product_tag":[306,230],"class_list":{"0":"post-4486","1":"product","2":"type-product","3":"status-publish","4":"has-post-thumbnail","6":"product_cat-sale-fr","7":"product_cat-non-classifiee","8":"product_cat-vitorgan-fr","9":"product_tag-homeopathie","10":"product_tag-neydil-fr","11":"ts_product_brand-all-fr","12":"ts_product_brand-vitorgan-fr","14":"first","15":"instock","16":"sale","17":"taxable","18":"shipping-taxable","19":"purchasable","20":"product-type-simple"},"yoast_head":"<!-- This site is optimized with the Yoast SEO plugin v26.5 - https:\/\/yoast.com\/wordpress\/plugins\/seo\/ -->\n<title>Neydil n\u00b020 D7 ampoules 5x2ml &#187; Lion Pharmacy<\/title>\n<meta name=\"description\" content=\"Lions Pharmacy | Pharmacie en ligne allemande enregistr\u00e9e. Nous offrons : une exp\u00e9dition internationale rapide et des achats pratiques. vitOrgan | Neydil n\u00b020 D7 ampoules 5x2ml\" \/>\n<meta name=\"robots\" content=\"noindex, follow, max-snippet:-1, max-image-preview:large, max-video-preview:-1\" \/>\n<meta property=\"og:locale\" content=\"fr_FR\" \/>\n<meta property=\"og:type\" content=\"article\" \/>\n<meta property=\"og:title\" content=\"Neydil n\u00b020 D7 ampoules 5x2ml &#187; Lion Pharmacy\" \/>\n<meta property=\"og:description\" content=\"Lions Pharmacy | Pharmacie en ligne allemande enregistr\u00e9e. Nous offrons : une exp\u00e9dition internationale rapide et des achats pratiques. vitOrgan | Neydil n\u00b020 D7 ampoules 5x2ml\" \/>\n<meta property=\"og:url\" content=\"https:\/\/loewentestneu.metafex.io\/fr\/produit\/neydil-no-20-d7-ampules-5x2ml-6486593\" \/>\n<meta property=\"og:site_name\" content=\"Lion Pharmacy\" \/>\n<meta property=\"article:modified_time\" content=\"2025-01-26T09:55:58+00:00\" \/>\n<meta property=\"og:image\" content=\"https:\/\/loewentestneu.metafex.io\/wp-content\/uploads\/2024\/08\/06486593-Neydil-No.-20.webp\" \/>\n\t<meta property=\"og:image:width\" content=\"600\" \/>\n\t<meta property=\"og:image:height\" content=\"600\" \/>\n\t<meta property=\"og:image:type\" content=\"image\/webp\" \/>\n<meta name=\"twitter:card\" content=\"summary_large_image\" \/>\n<meta name=\"twitter:label1\" content=\"Dur\u00e9e de lecture estim\u00e9e\" \/>\n\t<meta name=\"twitter:data1\" content=\"2 minutes\" \/>\n<script type=\"application\/ld+json\" class=\"yoast-schema-graph\">{\"@context\":\"https:\/\/schema.org\",\"@graph\":[{\"@type\":\"WebPage\",\"@id\":\"https:\/\/loewentestneu.metafex.io\/fr\/produit\/neydil-no-20-d7-ampules-5x2ml-6486593\",\"url\":\"https:\/\/loewentestneu.metafex.io\/fr\/produit\/neydil-no-20-d7-ampules-5x2ml-6486593\",\"name\":\"Neydil n\u00b020 D7 ampoules 5x2ml &#187; Lion Pharmacy\",\"isPartOf\":{\"@id\":\"https:\/\/loewentestneu.metafex.io\/fr#website\"},\"primaryImageOfPage\":{\"@id\":\"https:\/\/loewentestneu.metafex.io\/fr\/produit\/neydil-no-20-d7-ampules-5x2ml-6486593#primaryimage\"},\"image\":{\"@id\":\"https:\/\/loewentestneu.metafex.io\/fr\/produit\/neydil-no-20-d7-ampules-5x2ml-6486593#primaryimage\"},\"thumbnailUrl\":\"https:\/\/loewentestneu.metafex.io\/wp-content\/uploads\/2024\/08\/06486593-Neydil-No.-20.webp\",\"datePublished\":\"2024-09-07T07:07:47+00:00\",\"dateModified\":\"2025-01-26T09:55:58+00:00\",\"description\":\"Lions Pharmacy | Pharmacie en ligne allemande enregistr\u00e9e. Nous offrons : une exp\u00e9dition internationale rapide et des achats pratiques. vitOrgan | Neydil n\u00b020 D7 ampoules 5x2ml\",\"breadcrumb\":{\"@id\":\"https:\/\/loewentestneu.metafex.io\/fr\/produit\/neydil-no-20-d7-ampules-5x2ml-6486593#breadcrumb\"},\"inLanguage\":\"fr-FR\",\"potentialAction\":[{\"@type\":\"ReadAction\",\"target\":[\"https:\/\/loewentestneu.metafex.io\/fr\/produit\/neydil-no-20-d7-ampules-5x2ml-6486593\"]}]},{\"@type\":\"ImageObject\",\"inLanguage\":\"fr-FR\",\"@id\":\"https:\/\/loewentestneu.metafex.io\/fr\/produit\/neydil-no-20-d7-ampules-5x2ml-6486593#primaryimage\",\"url\":\"https:\/\/loewentestneu.metafex.io\/wp-content\/uploads\/2024\/08\/06486593-Neydil-No.-20.webp\",\"contentUrl\":\"https:\/\/loewentestneu.metafex.io\/wp-content\/uploads\/2024\/08\/06486593-Neydil-No.-20.webp\",\"width\":600,\"height\":600,\"caption\":\"Neydil n\u00b020 D7 ampoules 5x2ml 06486593 Lions Pharmacy\"},{\"@type\":\"BreadcrumbList\",\"@id\":\"https:\/\/loewentestneu.metafex.io\/fr\/produit\/neydil-no-20-d7-ampules-5x2ml-6486593#breadcrumb\",\"itemListElement\":[{\"@type\":\"ListItem\",\"position\":1,\"name\":\"Home\",\"item\":\"https:\/\/loewentestneu.metafex.io\/fr\/homepage-lion-pharmacy\"},{\"@type\":\"ListItem\",\"position\":2,\"name\":\"Shop\",\"item\":\"https:\/\/loewentestneu.metafex.io\/fr\/boutique\"},{\"@type\":\"ListItem\",\"position\":3,\"name\":\"Neydil n\u00b020 D7 ampoules 5x2ml\"}]},{\"@type\":\"WebSite\",\"@id\":\"https:\/\/loewentestneu.metafex.io\/fr#website\",\"url\":\"https:\/\/loewentestneu.metafex.io\/fr\",\"name\":\"Lions Pharmacy\",\"description\":\"Pharmacie sp\u00e9cialis\u00e9e en naturopathie de Baden-Baden, Allemagne\",\"publisher\":{\"@id\":\"https:\/\/loewentestneu.metafex.io\/fr#organization\"},\"alternateName\":\"Lion Pharmacy\",\"potentialAction\":[{\"@type\":\"SearchAction\",\"target\":{\"@type\":\"EntryPoint\",\"urlTemplate\":\"https:\/\/loewentestneu.metafex.io\/fr?s={search_term_string}\"},\"query-input\":{\"@type\":\"PropertyValueSpecification\",\"valueRequired\":true,\"valueName\":\"search_term_string\"}}],\"inLanguage\":\"fr-FR\"},{\"@type\":\"Organization\",\"@id\":\"https:\/\/loewentestneu.metafex.io\/fr#organization\",\"name\":\"Lions Pharmacy\",\"alternateName\":\"Lions Pharmacy24\",\"url\":\"https:\/\/loewentestneu.metafex.io\/fr\",\"logo\":{\"@type\":\"ImageObject\",\"inLanguage\":\"fr-FR\",\"@id\":\"https:\/\/loewentestneu.metafex.io\/fr#\/schema\/logo\/image\/\",\"url\":\"https:\/\/loewentestneu.metafex.io\/wp-content\/uploads\/2022\/12\/Logo-Lion-Pharmacy-c-o-Loewen-Apotheke-smal.jpg\",\"contentUrl\":\"https:\/\/loewentestneu.metafex.io\/wp-content\/uploads\/2022\/12\/Logo-Lion-Pharmacy-c-o-Loewen-Apotheke-smal.jpg\",\"width\":298,\"height\":99,\"caption\":\"Lions Pharmacy\"},\"image\":{\"@id\":\"https:\/\/loewentestneu.metafex.io\/fr#\/schema\/logo\/image\/\"}}]}<\/script>\n<!-- \/ Yoast SEO plugin. -->","yoast_head_json":{"title":"Neydil n\u00b020 D7 ampoules 5x2ml &#187; Lion Pharmacy","description":"Lions Pharmacy | Pharmacie en ligne allemande enregistr\u00e9e. Nous offrons : une exp\u00e9dition internationale rapide et des achats pratiques. vitOrgan | Neydil n\u00b020 D7 ampoules 5x2ml","robots":{"index":"noindex","follow":"follow","max-snippet":"max-snippet:-1","max-image-preview":"max-image-preview:large","max-video-preview":"max-video-preview:-1"},"og_locale":"fr_FR","og_type":"article","og_title":"Neydil n\u00b020 D7 ampoules 5x2ml &#187; Lion Pharmacy","og_description":"Lions Pharmacy | Pharmacie en ligne allemande enregistr\u00e9e. Nous offrons : une exp\u00e9dition internationale rapide et des achats pratiques. vitOrgan | Neydil n\u00b020 D7 ampoules 5x2ml","og_url":"https:\/\/loewentestneu.metafex.io\/fr\/produit\/neydil-no-20-d7-ampules-5x2ml-6486593","og_site_name":"Lion Pharmacy","article_modified_time":"2025-01-26T09:55:58+00:00","og_image":[{"width":600,"height":600,"url":"https:\/\/loewentestneu.metafex.io\/wp-content\/uploads\/2024\/08\/06486593-Neydil-No.-20.webp","type":"image\/webp"}],"twitter_card":"summary_large_image","twitter_misc":{"Dur\u00e9e de lecture estim\u00e9e":"2 minutes"},"schema":{"@context":"https:\/\/schema.org","@graph":[{"@type":"WebPage","@id":"https:\/\/loewentestneu.metafex.io\/fr\/produit\/neydil-no-20-d7-ampules-5x2ml-6486593","url":"https:\/\/loewentestneu.metafex.io\/fr\/produit\/neydil-no-20-d7-ampules-5x2ml-6486593","name":"Neydil n\u00b020 D7 ampoules 5x2ml &#187; Lion Pharmacy","isPartOf":{"@id":"https:\/\/loewentestneu.metafex.io\/fr#website"},"primaryImageOfPage":{"@id":"https:\/\/loewentestneu.metafex.io\/fr\/produit\/neydil-no-20-d7-ampules-5x2ml-6486593#primaryimage"},"image":{"@id":"https:\/\/loewentestneu.metafex.io\/fr\/produit\/neydil-no-20-d7-ampules-5x2ml-6486593#primaryimage"},"thumbnailUrl":"https:\/\/loewentestneu.metafex.io\/wp-content\/uploads\/2024\/08\/06486593-Neydil-No.-20.webp","datePublished":"2024-09-07T07:07:47+00:00","dateModified":"2025-01-26T09:55:58+00:00","description":"Lions Pharmacy | Pharmacie en ligne allemande enregistr\u00e9e. Nous offrons : une exp\u00e9dition internationale rapide et des achats pratiques. vitOrgan | Neydil n\u00b020 D7 ampoules 5x2ml","breadcrumb":{"@id":"https:\/\/loewentestneu.metafex.io\/fr\/produit\/neydil-no-20-d7-ampules-5x2ml-6486593#breadcrumb"},"inLanguage":"fr-FR","potentialAction":[{"@type":"ReadAction","target":["https:\/\/loewentestneu.metafex.io\/fr\/produit\/neydil-no-20-d7-ampules-5x2ml-6486593"]}]},{"@type":"ImageObject","inLanguage":"fr-FR","@id":"https:\/\/loewentestneu.metafex.io\/fr\/produit\/neydil-no-20-d7-ampules-5x2ml-6486593#primaryimage","url":"https:\/\/loewentestneu.metafex.io\/wp-content\/uploads\/2024\/08\/06486593-Neydil-No.-20.webp","contentUrl":"https:\/\/loewentestneu.metafex.io\/wp-content\/uploads\/2024\/08\/06486593-Neydil-No.-20.webp","width":600,"height":600,"caption":"Neydil n\u00b020 D7 ampoules 5x2ml 06486593 Lions Pharmacy"},{"@type":"BreadcrumbList","@id":"https:\/\/loewentestneu.metafex.io\/fr\/produit\/neydil-no-20-d7-ampules-5x2ml-6486593#breadcrumb","itemListElement":[{"@type":"ListItem","position":1,"name":"Home","item":"https:\/\/loewentestneu.metafex.io\/fr\/homepage-lion-pharmacy"},{"@type":"ListItem","position":2,"name":"Shop","item":"https:\/\/loewentestneu.metafex.io\/fr\/boutique"},{"@type":"ListItem","position":3,"name":"Neydil n\u00b020 D7 ampoules 5x2ml"}]},{"@type":"WebSite","@id":"https:\/\/loewentestneu.metafex.io\/fr#website","url":"https:\/\/loewentestneu.metafex.io\/fr","name":"Lions Pharmacy","description":"Pharmacie sp\u00e9cialis\u00e9e en naturopathie de Baden-Baden, Allemagne","publisher":{"@id":"https:\/\/loewentestneu.metafex.io\/fr#organization"},"alternateName":"Lion Pharmacy","potentialAction":[{"@type":"SearchAction","target":{"@type":"EntryPoint","urlTemplate":"https:\/\/loewentestneu.metafex.io\/fr?s={search_term_string}"},"query-input":{"@type":"PropertyValueSpecification","valueRequired":true,"valueName":"search_term_string"}}],"inLanguage":"fr-FR"},{"@type":"Organization","@id":"https:\/\/loewentestneu.metafex.io\/fr#organization","name":"Lions Pharmacy","alternateName":"Lions Pharmacy24","url":"https:\/\/loewentestneu.metafex.io\/fr","logo":{"@type":"ImageObject","inLanguage":"fr-FR","@id":"https:\/\/loewentestneu.metafex.io\/fr#\/schema\/logo\/image\/","url":"https:\/\/loewentestneu.metafex.io\/wp-content\/uploads\/2022\/12\/Logo-Lion-Pharmacy-c-o-Loewen-Apotheke-smal.jpg","contentUrl":"https:\/\/loewentestneu.metafex.io\/wp-content\/uploads\/2022\/12\/Logo-Lion-Pharmacy-c-o-Loewen-Apotheke-smal.jpg","width":298,"height":99,"caption":"Lions Pharmacy"},"image":{"@id":"https:\/\/loewentestneu.metafex.io\/fr#\/schema\/logo\/image\/"}}]}},"_links":{"self":[{"href":"https:\/\/loewentestneu.metafex.io\/fr\/wp-json\/wp\/v2\/product\/4486","targetHints":{"allow":["GET"]}}],"collection":[{"href":"https:\/\/loewentestneu.metafex.io\/fr\/wp-json\/wp\/v2\/product"}],"about":[{"href":"https:\/\/loewentestneu.metafex.io\/fr\/wp-json\/wp\/v2\/types\/product"}],"replies":[{"embeddable":true,"href":"https:\/\/loewentestneu.metafex.io\/fr\/wp-json\/wp\/v2\/comments?post=4486"}],"wp:featuredmedia":[{"embeddable":true,"href":"https:\/\/loewentestneu.metafex.io\/fr\/wp-json\/wp\/v2\/media\/4186"}],"wp:attachment":[{"href":"https:\/\/loewentestneu.metafex.io\/fr\/wp-json\/wp\/v2\/media?parent=4486"}],"wp:term":[{"taxonomy":"product_brand","embeddable":true,"href":"https:\/\/loewentestneu.metafex.io\/fr\/wp-json\/wp\/v2\/product_brand?post=4486"},{"taxonomy":"product_cat","embeddable":true,"href":"https:\/\/loewentestneu.metafex.io\/fr\/wp-json\/wp\/v2\/product_cat?post=4486"},{"taxonomy":"product_tag","embeddable":true,"href":"https:\/\/loewentestneu.metafex.io\/fr\/wp-json\/wp\/v2\/product_tag?post=4486"}],"curies":[{"name":"wp","href":"https:\/\/api.w.org\/{rel}","templated":true}]}}