{"id":4520,"date":"2024-09-07T08:26:32","date_gmt":"2024-09-07T07:26:32","guid":{"rendered":"https:\/\/lions-pharmacy.com\/?post_type=product&#038;p=4520"},"modified":"2025-01-26T15:45:20","modified_gmt":"2025-01-26T14:45:20","slug":"neyfollik-no-17-d7-ampoules-5x2ml-06486564","status":"publish","type":"product","link":"https:\/\/loewentestneu.metafex.io\/fr\/produit\/neyfollik-no-17-d7-ampoules-5x2ml-06486564","title":{"rendered":"Neyfollik n\u00b017 D7 ampoules 5x2ml"},"content":{"rendered":"<h3 style=\"text-align: left;\">Neyfollik n\u00b017 Ampoules D7<\/h3>\n<p>Neyfollik n\u00b017 Ampoules D7 &#8211; &#8220;follicule, corps jaune&#8221;.<\/p>\n<p>Les pr\u00e9parations hom\u00e9opathiques pour organes propos\u00e9es par vitOrgan pour la th\u00e9rapie biomol\u00e9culaire utilisent des substances organiques naturelles ayant un effet r\u00e9gulateur et m\u00e9tabolique afin de normaliser physiologiquement les processus d\u00e9s\u00e9quilibr\u00e9s. La th\u00e9rapie biomol\u00e9culaire des organes vitaux est une th\u00e9rapie tr\u00e8s efficace depuis 60 ans. Elle constitue un pont entre les domaines dits de la m\u00e9decine orthodoxe et de la naturopathie. Elle utilise des substances naturelles, r\u00e9gulatrices et m\u00e9taboliques, disponibles chez l&#8217;homme et l&#8217;animal, pour normaliser les maladies en modifiant les processus physiologiques qui ne sont plus en \u00e9quilibre &#8211; et ainsi traiter le patient non seulement sur le plan symptomatique, mais aussi sur le plan causal. Selon le principe &#8220;le c\u0153ur gu\u00e9rit le c\u0153ur, le rein gu\u00e9rit le rein, l&#8217;organe gu\u00e9rit l&#8217;organe&#8221;, il est important de r\u00e9veiller la puissance des cellules affaiblies par une r\u00e9gulation cibl\u00e9e.<\/p>\n<p>La vitOrgan th\u00e9rapie biomol\u00e9culaire est une th\u00e9rapie efficace. Il comble le foss\u00e9 entre la m\u00e9decine dite conventionnelle et les m\u00e9thodes de gu\u00e9rison naturelles. Ce faisant, elle utilise les substances r\u00e9gulatrices et m\u00e9taboliques naturelles pr\u00e9sentes chez l\u2019homme et l\u2019animal afin de normaliser physiologiquement les processus devenus d\u00e9s\u00e9quilibr\u00e9s en cas de maladie \u2013 et ainsi traiter le patient non seulement de mani\u00e8re symptomatique, mais aussi causale.<br \/>\nNe pas bloquer, r\u00e9guler. C\u2019est le principe central de la th\u00e9rapie vitOrgan, qui traite les gens dans leur int\u00e9gralit\u00e9 gr\u00e2ce \u00e0 son mode de pens\u00e9e holistique et en r\u00e9seau.<\/p>\n<p>En savoir plus sur le manufactorer \u2013 lien vers le site web : <a href=\"https:\/\/vitorgan.de\/en\/products\/\" target=\"_blank\" rel=\"noopener noreferrer\">vitOrgan.de<\/a><br \/>\nVous trouverez d\u2019autres produits vitOrgan ici : <a href=\"https:\/\/loewentestneu.metafex.io\/product-category\/vitorgan\">vitOrgan<\/a><\/p>\n<p>Pour conna\u00eetre les risques et les effets secondaires, lisez la notice et demandez conseil \u00e0 votre m\u00e9decin ou \u00e0 votre pharmacien.<\/p>\n","protected":false},"excerpt":{"rendered":"<h2>Neyfollik n\u00b017<br \/>\nAmpoules D7 <\/h2>\n<p>&#8220;follicule, corps jaune&#8221;.<\/p>\n<p>&nbsp;<\/p>\n<p><strong>PZN :<\/strong> 06486564 (num\u00e9ro pharmaceutique central)<\/p>\n<p><strong>Forme gal\u00e9nologique<\/strong> : ampoules<\/p>\n<p><strong>Type d\u2019ordonnance :<\/strong> sans ordonnance<\/p>\n<p><strong>Taille de l\u2019emballage<\/strong>&nbsp;: 5x2ml<\/p>\n<p><strong>Marque<\/strong>&nbsp;: <a href=\"https:\/\/www.loewen-apotheke24.com\/de\/product_tag\/vitorgan\/\">vitorgan<\/a><\/p>\n<p><strong>Fabricant<\/strong> : vitOrgan GmbH &amp; Co.KG<\/p>\n","protected":false},"featured_media":4114,"comment_status":"closed","ping_status":"closed","template":"","meta":[],"product_brand":[],"product_cat":[120,114,129],"product_tag":[306,230],"class_list":{"0":"post-4520","1":"product","2":"type-product","3":"status-publish","4":"has-post-thumbnail","6":"product_cat-sale-fr","7":"product_cat-non-classifiee","8":"product_cat-vitorgan-fr","9":"product_tag-homeopathie","10":"product_tag-neydil-fr","11":"ts_product_brand-all-fr","12":"ts_product_brand-vitorgan-fr","14":"first","15":"outofstock","16":"taxable","17":"shipping-taxable","18":"purchasable","19":"product-type-simple"},"yoast_head":"<!-- This site is optimized with the Yoast SEO plugin v26.5 - https:\/\/yoast.com\/wordpress\/plugins\/seo\/ -->\n<title>Neyfollik n\u00b017 D7 ampoules 5x2ml &#187; Lion Pharmacy<\/title>\n<meta name=\"description\" content=\"Lions Pharmacy | Pharmacie en ligne allemande enregistr\u00e9e. Nous offrons : une exp\u00e9dition internationale rapide et des achats pratiques. vitOrgan | Neyfollik n\u00b017 D7 ampoules 5x2ml\" \/>\n<meta name=\"robots\" content=\"noindex, follow, max-snippet:-1, max-image-preview:large, max-video-preview:-1\" \/>\n<meta property=\"og:locale\" content=\"fr_FR\" \/>\n<meta property=\"og:type\" content=\"article\" \/>\n<meta property=\"og:title\" content=\"Neyfollik n\u00b017 D7 ampoules 5x2ml &#187; Lion Pharmacy\" \/>\n<meta property=\"og:description\" content=\"Lions Pharmacy | Pharmacie en ligne allemande enregistr\u00e9e. Nous offrons : une exp\u00e9dition internationale rapide et des achats pratiques. vitOrgan | Neyfollik n\u00b017 D7 ampoules 5x2ml\" \/>\n<meta property=\"og:url\" content=\"https:\/\/loewentestneu.metafex.io\/fr\/produit\/neyfollik-no-17-d7-ampoules-5x2ml-06486564\" \/>\n<meta property=\"og:site_name\" content=\"Lion Pharmacy\" \/>\n<meta property=\"article:modified_time\" content=\"2025-01-26T14:45:20+00:00\" \/>\n<meta property=\"og:image\" content=\"https:\/\/loewentestneu.metafex.io\/wp-content\/uploads\/2024\/08\/06486564.webp\" \/>\n\t<meta property=\"og:image:width\" content=\"600\" \/>\n\t<meta property=\"og:image:height\" content=\"600\" \/>\n\t<meta property=\"og:image:type\" content=\"image\/webp\" \/>\n<meta name=\"twitter:card\" content=\"summary_large_image\" \/>\n<meta name=\"twitter:label1\" content=\"Dur\u00e9e de lecture estim\u00e9e\" \/>\n\t<meta name=\"twitter:data1\" content=\"2 minutes\" \/>\n<script type=\"application\/ld+json\" class=\"yoast-schema-graph\">{\"@context\":\"https:\/\/schema.org\",\"@graph\":[{\"@type\":\"WebPage\",\"@id\":\"https:\/\/loewentestneu.metafex.io\/fr\/produit\/neyfollik-no-17-d7-ampoules-5x2ml-06486564\",\"url\":\"https:\/\/loewentestneu.metafex.io\/fr\/produit\/neyfollik-no-17-d7-ampoules-5x2ml-06486564\",\"name\":\"Neyfollik n\u00b017 D7 ampoules 5x2ml &#187; Lion Pharmacy\",\"isPartOf\":{\"@id\":\"https:\/\/loewentestneu.metafex.io\/fr#website\"},\"primaryImageOfPage\":{\"@id\":\"https:\/\/loewentestneu.metafex.io\/fr\/produit\/neyfollik-no-17-d7-ampoules-5x2ml-06486564#primaryimage\"},\"image\":{\"@id\":\"https:\/\/loewentestneu.metafex.io\/fr\/produit\/neyfollik-no-17-d7-ampoules-5x2ml-06486564#primaryimage\"},\"thumbnailUrl\":\"https:\/\/loewentestneu.metafex.io\/wp-content\/uploads\/2024\/08\/06486564.webp\",\"datePublished\":\"2024-09-07T07:26:32+00:00\",\"dateModified\":\"2025-01-26T14:45:20+00:00\",\"description\":\"Lions Pharmacy | Pharmacie en ligne allemande enregistr\u00e9e. Nous offrons : une exp\u00e9dition internationale rapide et des achats pratiques. vitOrgan | Neyfollik n\u00b017 D7 ampoules 5x2ml\",\"breadcrumb\":{\"@id\":\"https:\/\/loewentestneu.metafex.io\/fr\/produit\/neyfollik-no-17-d7-ampoules-5x2ml-06486564#breadcrumb\"},\"inLanguage\":\"fr-FR\",\"potentialAction\":[{\"@type\":\"ReadAction\",\"target\":[\"https:\/\/loewentestneu.metafex.io\/fr\/produit\/neyfollik-no-17-d7-ampoules-5x2ml-06486564\"]}]},{\"@type\":\"ImageObject\",\"inLanguage\":\"fr-FR\",\"@id\":\"https:\/\/loewentestneu.metafex.io\/fr\/produit\/neyfollik-no-17-d7-ampoules-5x2ml-06486564#primaryimage\",\"url\":\"https:\/\/loewentestneu.metafex.io\/wp-content\/uploads\/2024\/08\/06486564.webp\",\"contentUrl\":\"https:\/\/loewentestneu.metafex.io\/wp-content\/uploads\/2024\/08\/06486564.webp\",\"width\":600,\"height\":600,\"caption\":\"Neyfollik n\u00b017 D7 ampoules 5x2ml, PZN 06486564, vitOrgan, Lions Pharmacy\"},{\"@type\":\"BreadcrumbList\",\"@id\":\"https:\/\/loewentestneu.metafex.io\/fr\/produit\/neyfollik-no-17-d7-ampoules-5x2ml-06486564#breadcrumb\",\"itemListElement\":[{\"@type\":\"ListItem\",\"position\":1,\"name\":\"Home\",\"item\":\"https:\/\/loewentestneu.metafex.io\/fr\/homepage-lion-pharmacy\"},{\"@type\":\"ListItem\",\"position\":2,\"name\":\"Shop\",\"item\":\"https:\/\/loewentestneu.metafex.io\/fr\/boutique\"},{\"@type\":\"ListItem\",\"position\":3,\"name\":\"Neyfollik n\u00b017 D7 ampoules 5x2ml\"}]},{\"@type\":\"WebSite\",\"@id\":\"https:\/\/loewentestneu.metafex.io\/fr#website\",\"url\":\"https:\/\/loewentestneu.metafex.io\/fr\",\"name\":\"Lions Pharmacy\",\"description\":\"Pharmacie sp\u00e9cialis\u00e9e en naturopathie de Baden-Baden, Allemagne\",\"publisher\":{\"@id\":\"https:\/\/loewentestneu.metafex.io\/fr#organization\"},\"alternateName\":\"Lion Pharmacy\",\"potentialAction\":[{\"@type\":\"SearchAction\",\"target\":{\"@type\":\"EntryPoint\",\"urlTemplate\":\"https:\/\/loewentestneu.metafex.io\/fr?s={search_term_string}\"},\"query-input\":{\"@type\":\"PropertyValueSpecification\",\"valueRequired\":true,\"valueName\":\"search_term_string\"}}],\"inLanguage\":\"fr-FR\"},{\"@type\":\"Organization\",\"@id\":\"https:\/\/loewentestneu.metafex.io\/fr#organization\",\"name\":\"Lions Pharmacy\",\"alternateName\":\"Lions Pharmacy24\",\"url\":\"https:\/\/loewentestneu.metafex.io\/fr\",\"logo\":{\"@type\":\"ImageObject\",\"inLanguage\":\"fr-FR\",\"@id\":\"https:\/\/loewentestneu.metafex.io\/fr#\/schema\/logo\/image\/\",\"url\":\"https:\/\/loewentestneu.metafex.io\/wp-content\/uploads\/2022\/12\/Logo-Lion-Pharmacy-c-o-Loewen-Apotheke-smal.jpg\",\"contentUrl\":\"https:\/\/loewentestneu.metafex.io\/wp-content\/uploads\/2022\/12\/Logo-Lion-Pharmacy-c-o-Loewen-Apotheke-smal.jpg\",\"width\":298,\"height\":99,\"caption\":\"Lions Pharmacy\"},\"image\":{\"@id\":\"https:\/\/loewentestneu.metafex.io\/fr#\/schema\/logo\/image\/\"}}]}<\/script>\n<!-- \/ Yoast SEO plugin. -->","yoast_head_json":{"title":"Neyfollik n\u00b017 D7 ampoules 5x2ml &#187; Lion Pharmacy","description":"Lions Pharmacy | Pharmacie en ligne allemande enregistr\u00e9e. Nous offrons : une exp\u00e9dition internationale rapide et des achats pratiques. vitOrgan | Neyfollik n\u00b017 D7 ampoules 5x2ml","robots":{"index":"noindex","follow":"follow","max-snippet":"max-snippet:-1","max-image-preview":"max-image-preview:large","max-video-preview":"max-video-preview:-1"},"og_locale":"fr_FR","og_type":"article","og_title":"Neyfollik n\u00b017 D7 ampoules 5x2ml &#187; Lion Pharmacy","og_description":"Lions Pharmacy | Pharmacie en ligne allemande enregistr\u00e9e. Nous offrons : une exp\u00e9dition internationale rapide et des achats pratiques. vitOrgan | Neyfollik n\u00b017 D7 ampoules 5x2ml","og_url":"https:\/\/loewentestneu.metafex.io\/fr\/produit\/neyfollik-no-17-d7-ampoules-5x2ml-06486564","og_site_name":"Lion Pharmacy","article_modified_time":"2025-01-26T14:45:20+00:00","og_image":[{"width":600,"height":600,"url":"https:\/\/loewentestneu.metafex.io\/wp-content\/uploads\/2024\/08\/06486564.webp","type":"image\/webp"}],"twitter_card":"summary_large_image","twitter_misc":{"Dur\u00e9e de lecture estim\u00e9e":"2 minutes"},"schema":{"@context":"https:\/\/schema.org","@graph":[{"@type":"WebPage","@id":"https:\/\/loewentestneu.metafex.io\/fr\/produit\/neyfollik-no-17-d7-ampoules-5x2ml-06486564","url":"https:\/\/loewentestneu.metafex.io\/fr\/produit\/neyfollik-no-17-d7-ampoules-5x2ml-06486564","name":"Neyfollik n\u00b017 D7 ampoules 5x2ml &#187; Lion Pharmacy","isPartOf":{"@id":"https:\/\/loewentestneu.metafex.io\/fr#website"},"primaryImageOfPage":{"@id":"https:\/\/loewentestneu.metafex.io\/fr\/produit\/neyfollik-no-17-d7-ampoules-5x2ml-06486564#primaryimage"},"image":{"@id":"https:\/\/loewentestneu.metafex.io\/fr\/produit\/neyfollik-no-17-d7-ampoules-5x2ml-06486564#primaryimage"},"thumbnailUrl":"https:\/\/loewentestneu.metafex.io\/wp-content\/uploads\/2024\/08\/06486564.webp","datePublished":"2024-09-07T07:26:32+00:00","dateModified":"2025-01-26T14:45:20+00:00","description":"Lions Pharmacy | Pharmacie en ligne allemande enregistr\u00e9e. Nous offrons : une exp\u00e9dition internationale rapide et des achats pratiques. vitOrgan | Neyfollik n\u00b017 D7 ampoules 5x2ml","breadcrumb":{"@id":"https:\/\/loewentestneu.metafex.io\/fr\/produit\/neyfollik-no-17-d7-ampoules-5x2ml-06486564#breadcrumb"},"inLanguage":"fr-FR","potentialAction":[{"@type":"ReadAction","target":["https:\/\/loewentestneu.metafex.io\/fr\/produit\/neyfollik-no-17-d7-ampoules-5x2ml-06486564"]}]},{"@type":"ImageObject","inLanguage":"fr-FR","@id":"https:\/\/loewentestneu.metafex.io\/fr\/produit\/neyfollik-no-17-d7-ampoules-5x2ml-06486564#primaryimage","url":"https:\/\/loewentestneu.metafex.io\/wp-content\/uploads\/2024\/08\/06486564.webp","contentUrl":"https:\/\/loewentestneu.metafex.io\/wp-content\/uploads\/2024\/08\/06486564.webp","width":600,"height":600,"caption":"Neyfollik n\u00b017 D7 ampoules 5x2ml, PZN 06486564, vitOrgan, Lions Pharmacy"},{"@type":"BreadcrumbList","@id":"https:\/\/loewentestneu.metafex.io\/fr\/produit\/neyfollik-no-17-d7-ampoules-5x2ml-06486564#breadcrumb","itemListElement":[{"@type":"ListItem","position":1,"name":"Home","item":"https:\/\/loewentestneu.metafex.io\/fr\/homepage-lion-pharmacy"},{"@type":"ListItem","position":2,"name":"Shop","item":"https:\/\/loewentestneu.metafex.io\/fr\/boutique"},{"@type":"ListItem","position":3,"name":"Neyfollik n\u00b017 D7 ampoules 5x2ml"}]},{"@type":"WebSite","@id":"https:\/\/loewentestneu.metafex.io\/fr#website","url":"https:\/\/loewentestneu.metafex.io\/fr","name":"Lions Pharmacy","description":"Pharmacie sp\u00e9cialis\u00e9e en naturopathie de Baden-Baden, Allemagne","publisher":{"@id":"https:\/\/loewentestneu.metafex.io\/fr#organization"},"alternateName":"Lion Pharmacy","potentialAction":[{"@type":"SearchAction","target":{"@type":"EntryPoint","urlTemplate":"https:\/\/loewentestneu.metafex.io\/fr?s={search_term_string}"},"query-input":{"@type":"PropertyValueSpecification","valueRequired":true,"valueName":"search_term_string"}}],"inLanguage":"fr-FR"},{"@type":"Organization","@id":"https:\/\/loewentestneu.metafex.io\/fr#organization","name":"Lions Pharmacy","alternateName":"Lions Pharmacy24","url":"https:\/\/loewentestneu.metafex.io\/fr","logo":{"@type":"ImageObject","inLanguage":"fr-FR","@id":"https:\/\/loewentestneu.metafex.io\/fr#\/schema\/logo\/image\/","url":"https:\/\/loewentestneu.metafex.io\/wp-content\/uploads\/2022\/12\/Logo-Lion-Pharmacy-c-o-Loewen-Apotheke-smal.jpg","contentUrl":"https:\/\/loewentestneu.metafex.io\/wp-content\/uploads\/2022\/12\/Logo-Lion-Pharmacy-c-o-Loewen-Apotheke-smal.jpg","width":298,"height":99,"caption":"Lions Pharmacy"},"image":{"@id":"https:\/\/loewentestneu.metafex.io\/fr#\/schema\/logo\/image\/"}}]}},"_links":{"self":[{"href":"https:\/\/loewentestneu.metafex.io\/fr\/wp-json\/wp\/v2\/product\/4520","targetHints":{"allow":["GET"]}}],"collection":[{"href":"https:\/\/loewentestneu.metafex.io\/fr\/wp-json\/wp\/v2\/product"}],"about":[{"href":"https:\/\/loewentestneu.metafex.io\/fr\/wp-json\/wp\/v2\/types\/product"}],"replies":[{"embeddable":true,"href":"https:\/\/loewentestneu.metafex.io\/fr\/wp-json\/wp\/v2\/comments?post=4520"}],"wp:featuredmedia":[{"embeddable":true,"href":"https:\/\/loewentestneu.metafex.io\/fr\/wp-json\/wp\/v2\/media\/4114"}],"wp:attachment":[{"href":"https:\/\/loewentestneu.metafex.io\/fr\/wp-json\/wp\/v2\/media?parent=4520"}],"wp:term":[{"taxonomy":"product_brand","embeddable":true,"href":"https:\/\/loewentestneu.metafex.io\/fr\/wp-json\/wp\/v2\/product_brand?post=4520"},{"taxonomy":"product_cat","embeddable":true,"href":"https:\/\/loewentestneu.metafex.io\/fr\/wp-json\/wp\/v2\/product_cat?post=4520"},{"taxonomy":"product_tag","embeddable":true,"href":"https:\/\/loewentestneu.metafex.io\/fr\/wp-json\/wp\/v2\/product_tag?post=4520"}],"curies":[{"name":"wp","href":"https:\/\/api.w.org\/{rel}","templated":true}]}}