{"id":4865,"date":"2024-10-02T12:39:36","date_gmt":"2024-10-02T11:39:36","guid":{"rendered":"https:\/\/lions-pharmacy.com\/?post_type=product&#038;p=4865"},"modified":"2024-10-03T17:23:49","modified_gmt":"2024-10-03T16:23:49","slug":"ratiopharm-spray-nasal-adultes-15-ml-copy-2","status":"publish","type":"product","link":"https:\/\/loewentestneu.metafex.io\/fr\/produit\/ratiopharm-spray-nasal-adultes-15-ml-copy-2","title":{"rendered":"Bepanthen Pommade pour les yeux et le nez 10 g"},"content":{"rendered":"<h2>Bepanthen Pommade pour les yeux et le nez<\/h2>\n<p>Soutenez votre muqueuse nasale avec la pommade pour les yeux et le nez Bepanthen. Celle-ci peut \u00eatre affect\u00e9e par des allergies, des rhumes et, en hiver, par l\u2019air sec du chauffage. La poussi\u00e8re fine, les gaz d\u2019\u00e9chappement des voitures et la fum\u00e9e de tabac peuvent \u00e9galement \u00eatre stressants pour votre muqueuse nasale. Cela semble alors douloureux et sec.<br \/>\nLa pommade pour les yeux et le nez a \u00e9t\u00e9 sp\u00e9cialement d\u00e9velopp\u00e9e sans conservateurs. L\u2019ingr\u00e9dient actif dexpanth\u00e9nol p\u00e9n\u00e8tre dans les zones endommag\u00e9es et favorise la reconstruction de la muqueuse et lui apporte de l\u2019hydratation.<br \/>\nUn mal de nez peut se manifester par divers sympt\u00f4mes, notamment :<\/p>\n<ul>\n<li>Douleur ou sensation de br\u00fblure constante<\/li>\n<li>Cro\u00fbtes ou cro\u00fbtes \u00e0 l\u2019int\u00e9rieur des narines<\/li>\n<li>Fissures et rougeurs<\/li>\n<\/ul>\n<p><strong>Ingr\u00e9dient actif :<\/strong><\/p>\n<section class=\"text-dark-primary-max\">\n<ul>\n<li>50 mg de dexpanth\u00e9nol<\/li>\n<\/ul>\n<p><strong>Excipients<\/strong><br \/>\nPantolactone<br \/>\nParaffine, visqueuse<br \/>\nEau, purifi\u00e9e<br \/>\nVaseline, blanc<br \/>\nlanoline<\/p>\n<p>Soutenez votre nez et vos yeux avec la pommade pour les yeux et le nez Bepanthen et entrez dans l\u2019hiver sans soucis.<\/p>\n<p><strong>L\u2019application est simple :<\/strong><br \/>\nAppliquez la pommade pour les yeux et le nez sur la partie appropri\u00e9e du nez plusieurs fois par jour, sauf indication contraire de votre m\u00e9decin.<br \/>\nPour une utilisation dans l\u2019\u0153il, utilisez la canule pour appliquer un jet de pommade de 1 cm de long sur la paupi\u00e8re inf\u00e9rieure afin qu\u2019elle puisse se propager dans l\u2019\u0153il.<\/p>\n<p>Vous trouverez ici plus d\u2019informations sur le produit et le fabricant&nbsp;: <a href=\"https:\/\/www.bepanthen.de\/augen-und-nasensalbe\" target=\"_blank\" rel=\"noopener\">Bayer AG &#8211; Bepanthen<\/a>.<\/p>\n<p>Autres produits pour l\u2019application&nbsp;: <a href=\"https:\/\/loewentestneu.metafex.io\/produkt-schlagwort\/cold-flu\">Rhume et grippe<\/a>.<\/p>\n<p>Les informations contenues dans ce site web sont fournies \u00e0 titre informatif uniquement. Ils ne remplacent en aucun cas l&#8217;examen et le traitement par un m\u00e9decin. Veuillez noter que cela signifie qu&#8217;aucun diagnostic ne peut \u00eatre \u00e9tabli et qu&#8217;aucune th\u00e9rapie ne peut \u00eatre mise en place.<\/p>\n<\/section>\n<p>Pour conna\u00eetre les risques et les effets secondaires, lisez la notice et demandez conseil \u00e0 votre m\u00e9decin ou \u00e0 votre pharmacien.<\/p>\n<h3 style=\"text-align: left;\">Ordonnance | e-prescription disponible ?<\/h3>\n<p>Soumettez votre e-prescription d\u00e8s maintenant. Utilisez notre application <a href=\"https:\/\/e-rezept-app.de\/shop-rezept\" target=\"_blank\" rel=\"noopener\">d\u2019ordonnance \u00e9lectronique<\/a> . Et nous vous donnons les frais de port gratuits en Allemagne !<\/p>\n","protected":false},"excerpt":{"rendered":"<h2>Bepanthen Pommade pour les yeux et le nez<\/h2>\n<div class=\"rating__wrap\">\n<p>Bepanthen Pommade pour les yeux et le nez 10 g \u00e9galement pour les nourrissons et les tout-petits.<\/p>\n<p>&nbsp;<\/p>\n<p><strong>PZN<\/strong> : 01578675 (num\u00e9ro central pharmaceutique)<\/p>\n<p><strong>Forme posologique<\/strong> : Pommade 10 g<\/p>\n<p><strong>Type de r\u00e9glementation :<\/strong> Sans ordonnance<\/p>\n<p><strong>Marque<\/strong>&nbsp;: Bayer\u00ae<\/p>\n<p><strong>Fabricant<\/strong>&nbsp;: Bayer Vital GmbH, Allemagne<\/p>\n<\/div>\n","protected":false},"featured_media":4871,"comment_status":"closed","ping_status":"closed","template":"","meta":[],"product_brand":[],"product_cat":[120,114],"product_tag":[468,233,294],"class_list":{"0":"post-4865","1":"product","2":"type-product","3":"status-publish","4":"has-post-thumbnail","6":"product_cat-sale-fr","7":"product_cat-non-classifiee","8":"product_tag-grippe-et-rhume","9":"product_tag-infection-virale","10":"product_tag-rhume","11":"ts_product_brand-all-fr","13":"first","14":"instock","15":"taxable","16":"shipping-taxable","17":"purchasable","18":"product-type-simple"},"yoast_head":"<!-- This site is optimized with the Yoast SEO plugin v26.5 - https:\/\/yoast.com\/wordpress\/plugins\/seo\/ -->\n<title>Bepanthen Pommade pour les yeux et le nez 10 g &#187; commander ici<\/title>\n<meta name=\"description\" content=\"Bepanthen Pommade pour les yeux et le nez 10 g pour l\u2019inflammation de la peau. Fabricant : Bayer AG. Livr\u00e9 depuis votre pharmacie en ligne allemande. Exp\u00e9dition rapide. Service au top.\" \/>\n<meta name=\"robots\" content=\"noindex, follow, max-snippet:-1, max-image-preview:large, max-video-preview:-1\" \/>\n<meta property=\"og:locale\" content=\"fr_FR\" \/>\n<meta property=\"og:type\" content=\"article\" \/>\n<meta property=\"og:title\" content=\"Bepanthen Pommade pour les yeux et le nez 10 g &#187; commander ici\" \/>\n<meta property=\"og:description\" content=\"Bepanthen Pommade pour les yeux et le nez 10 g pour l\u2019inflammation de la peau. Fabricant : Bayer AG. Livr\u00e9 depuis votre pharmacie en ligne allemande. Exp\u00e9dition rapide. Service au top.\" \/>\n<meta property=\"og:url\" content=\"https:\/\/loewentestneu.metafex.io\/fr\/produit\/ratiopharm-spray-nasal-adultes-15-ml-copy-2\" \/>\n<meta property=\"og:site_name\" content=\"Lion Pharmacy\" \/>\n<meta property=\"article:modified_time\" content=\"2024-10-03T16:23:49+00:00\" \/>\n<meta property=\"og:image\" content=\"https:\/\/loewentestneu.metafex.io\/wp-content\/uploads\/2024\/10\/Bepanthen-Augen-und-Nasensalbe.webp\" \/>\n\t<meta property=\"og:image:width\" content=\"600\" \/>\n\t<meta property=\"og:image:height\" content=\"600\" \/>\n\t<meta property=\"og:image:type\" content=\"image\/webp\" \/>\n<meta name=\"twitter:card\" content=\"summary_large_image\" \/>\n<meta name=\"twitter:label1\" content=\"Dur\u00e9e de lecture estim\u00e9e\" \/>\n\t<meta name=\"twitter:data1\" content=\"2 minutes\" \/>\n<script type=\"application\/ld+json\" class=\"yoast-schema-graph\">{\"@context\":\"https:\/\/schema.org\",\"@graph\":[{\"@type\":\"WebPage\",\"@id\":\"https:\/\/loewentestneu.metafex.io\/fr\/produit\/ratiopharm-spray-nasal-adultes-15-ml-copy-2\",\"url\":\"https:\/\/loewentestneu.metafex.io\/fr\/produit\/ratiopharm-spray-nasal-adultes-15-ml-copy-2\",\"name\":\"Bepanthen Pommade pour les yeux et le nez 10 g &#187; commander ici\",\"isPartOf\":{\"@id\":\"https:\/\/loewentestneu.metafex.io\/fr#website\"},\"primaryImageOfPage\":{\"@id\":\"https:\/\/loewentestneu.metafex.io\/fr\/produit\/ratiopharm-spray-nasal-adultes-15-ml-copy-2#primaryimage\"},\"image\":{\"@id\":\"https:\/\/loewentestneu.metafex.io\/fr\/produit\/ratiopharm-spray-nasal-adultes-15-ml-copy-2#primaryimage\"},\"thumbnailUrl\":\"https:\/\/loewentestneu.metafex.io\/wp-content\/uploads\/2024\/10\/Bepanthen-Augen-und-Nasensalbe.webp\",\"datePublished\":\"2024-10-02T11:39:36+00:00\",\"dateModified\":\"2024-10-03T16:23:49+00:00\",\"description\":\"Bepanthen Pommade pour les yeux et le nez 10 g pour l\u2019inflammation de la peau. Fabricant : Bayer AG. Livr\u00e9 depuis votre pharmacie en ligne allemande. Exp\u00e9dition rapide. Service au top.\",\"breadcrumb\":{\"@id\":\"https:\/\/loewentestneu.metafex.io\/fr\/produit\/ratiopharm-spray-nasal-adultes-15-ml-copy-2#breadcrumb\"},\"inLanguage\":\"fr-FR\",\"potentialAction\":[{\"@type\":\"ReadAction\",\"target\":[\"https:\/\/loewentestneu.metafex.io\/fr\/produit\/ratiopharm-spray-nasal-adultes-15-ml-copy-2\"]}]},{\"@type\":\"ImageObject\",\"inLanguage\":\"fr-FR\",\"@id\":\"https:\/\/loewentestneu.metafex.io\/fr\/produit\/ratiopharm-spray-nasal-adultes-15-ml-copy-2#primaryimage\",\"url\":\"https:\/\/loewentestneu.metafex.io\/wp-content\/uploads\/2024\/10\/Bepanthen-Augen-und-Nasensalbe.webp\",\"contentUrl\":\"https:\/\/loewentestneu.metafex.io\/wp-content\/uploads\/2024\/10\/Bepanthen-Augen-und-Nasensalbe.webp\",\"width\":600,\"height\":600,\"caption\":\"Bepanthen Pommade pour les yeux et le nez 10 g Bayer Lions Pharmacy 01578675\"},{\"@type\":\"BreadcrumbList\",\"@id\":\"https:\/\/loewentestneu.metafex.io\/fr\/produit\/ratiopharm-spray-nasal-adultes-15-ml-copy-2#breadcrumb\",\"itemListElement\":[{\"@type\":\"ListItem\",\"position\":1,\"name\":\"Home\",\"item\":\"https:\/\/loewentestneu.metafex.io\/fr\/homepage-lion-pharmacy\"},{\"@type\":\"ListItem\",\"position\":2,\"name\":\"Shop\",\"item\":\"https:\/\/loewentestneu.metafex.io\/fr\/boutique\"},{\"@type\":\"ListItem\",\"position\":3,\"name\":\"Bepanthen Pommade pour les yeux et le nez 10 g\"}]},{\"@type\":\"WebSite\",\"@id\":\"https:\/\/loewentestneu.metafex.io\/fr#website\",\"url\":\"https:\/\/loewentestneu.metafex.io\/fr\",\"name\":\"Lions Pharmacy\",\"description\":\"Pharmacie sp\u00e9cialis\u00e9e en naturopathie de Baden-Baden, Allemagne\",\"publisher\":{\"@id\":\"https:\/\/loewentestneu.metafex.io\/fr#organization\"},\"alternateName\":\"Lion Pharmacy\",\"potentialAction\":[{\"@type\":\"SearchAction\",\"target\":{\"@type\":\"EntryPoint\",\"urlTemplate\":\"https:\/\/loewentestneu.metafex.io\/fr?s={search_term_string}\"},\"query-input\":{\"@type\":\"PropertyValueSpecification\",\"valueRequired\":true,\"valueName\":\"search_term_string\"}}],\"inLanguage\":\"fr-FR\"},{\"@type\":\"Organization\",\"@id\":\"https:\/\/loewentestneu.metafex.io\/fr#organization\",\"name\":\"Lions Pharmacy\",\"alternateName\":\"Lions Pharmacy24\",\"url\":\"https:\/\/loewentestneu.metafex.io\/fr\",\"logo\":{\"@type\":\"ImageObject\",\"inLanguage\":\"fr-FR\",\"@id\":\"https:\/\/loewentestneu.metafex.io\/fr#\/schema\/logo\/image\/\",\"url\":\"https:\/\/loewentestneu.metafex.io\/wp-content\/uploads\/2022\/12\/Logo-Lion-Pharmacy-c-o-Loewen-Apotheke-smal.jpg\",\"contentUrl\":\"https:\/\/loewentestneu.metafex.io\/wp-content\/uploads\/2022\/12\/Logo-Lion-Pharmacy-c-o-Loewen-Apotheke-smal.jpg\",\"width\":298,\"height\":99,\"caption\":\"Lions Pharmacy\"},\"image\":{\"@id\":\"https:\/\/loewentestneu.metafex.io\/fr#\/schema\/logo\/image\/\"}}]}<\/script>\n<!-- \/ Yoast SEO plugin. -->","yoast_head_json":{"title":"Bepanthen Pommade pour les yeux et le nez 10 g &#187; commander ici","description":"Bepanthen Pommade pour les yeux et le nez 10 g pour l\u2019inflammation de la peau. Fabricant : Bayer AG. Livr\u00e9 depuis votre pharmacie en ligne allemande. Exp\u00e9dition rapide. Service au top.","robots":{"index":"noindex","follow":"follow","max-snippet":"max-snippet:-1","max-image-preview":"max-image-preview:large","max-video-preview":"max-video-preview:-1"},"og_locale":"fr_FR","og_type":"article","og_title":"Bepanthen Pommade pour les yeux et le nez 10 g &#187; commander ici","og_description":"Bepanthen Pommade pour les yeux et le nez 10 g pour l\u2019inflammation de la peau. Fabricant : Bayer AG. Livr\u00e9 depuis votre pharmacie en ligne allemande. Exp\u00e9dition rapide. Service au top.","og_url":"https:\/\/loewentestneu.metafex.io\/fr\/produit\/ratiopharm-spray-nasal-adultes-15-ml-copy-2","og_site_name":"Lion Pharmacy","article_modified_time":"2024-10-03T16:23:49+00:00","og_image":[{"width":600,"height":600,"url":"https:\/\/loewentestneu.metafex.io\/wp-content\/uploads\/2024\/10\/Bepanthen-Augen-und-Nasensalbe.webp","type":"image\/webp"}],"twitter_card":"summary_large_image","twitter_misc":{"Dur\u00e9e de lecture estim\u00e9e":"2 minutes"},"schema":{"@context":"https:\/\/schema.org","@graph":[{"@type":"WebPage","@id":"https:\/\/loewentestneu.metafex.io\/fr\/produit\/ratiopharm-spray-nasal-adultes-15-ml-copy-2","url":"https:\/\/loewentestneu.metafex.io\/fr\/produit\/ratiopharm-spray-nasal-adultes-15-ml-copy-2","name":"Bepanthen Pommade pour les yeux et le nez 10 g &#187; commander ici","isPartOf":{"@id":"https:\/\/loewentestneu.metafex.io\/fr#website"},"primaryImageOfPage":{"@id":"https:\/\/loewentestneu.metafex.io\/fr\/produit\/ratiopharm-spray-nasal-adultes-15-ml-copy-2#primaryimage"},"image":{"@id":"https:\/\/loewentestneu.metafex.io\/fr\/produit\/ratiopharm-spray-nasal-adultes-15-ml-copy-2#primaryimage"},"thumbnailUrl":"https:\/\/loewentestneu.metafex.io\/wp-content\/uploads\/2024\/10\/Bepanthen-Augen-und-Nasensalbe.webp","datePublished":"2024-10-02T11:39:36+00:00","dateModified":"2024-10-03T16:23:49+00:00","description":"Bepanthen Pommade pour les yeux et le nez 10 g pour l\u2019inflammation de la peau. Fabricant : Bayer AG. Livr\u00e9 depuis votre pharmacie en ligne allemande. Exp\u00e9dition rapide. Service au top.","breadcrumb":{"@id":"https:\/\/loewentestneu.metafex.io\/fr\/produit\/ratiopharm-spray-nasal-adultes-15-ml-copy-2#breadcrumb"},"inLanguage":"fr-FR","potentialAction":[{"@type":"ReadAction","target":["https:\/\/loewentestneu.metafex.io\/fr\/produit\/ratiopharm-spray-nasal-adultes-15-ml-copy-2"]}]},{"@type":"ImageObject","inLanguage":"fr-FR","@id":"https:\/\/loewentestneu.metafex.io\/fr\/produit\/ratiopharm-spray-nasal-adultes-15-ml-copy-2#primaryimage","url":"https:\/\/loewentestneu.metafex.io\/wp-content\/uploads\/2024\/10\/Bepanthen-Augen-und-Nasensalbe.webp","contentUrl":"https:\/\/loewentestneu.metafex.io\/wp-content\/uploads\/2024\/10\/Bepanthen-Augen-und-Nasensalbe.webp","width":600,"height":600,"caption":"Bepanthen Pommade pour les yeux et le nez 10 g Bayer Lions Pharmacy 01578675"},{"@type":"BreadcrumbList","@id":"https:\/\/loewentestneu.metafex.io\/fr\/produit\/ratiopharm-spray-nasal-adultes-15-ml-copy-2#breadcrumb","itemListElement":[{"@type":"ListItem","position":1,"name":"Home","item":"https:\/\/loewentestneu.metafex.io\/fr\/homepage-lion-pharmacy"},{"@type":"ListItem","position":2,"name":"Shop","item":"https:\/\/loewentestneu.metafex.io\/fr\/boutique"},{"@type":"ListItem","position":3,"name":"Bepanthen Pommade pour les yeux et le nez 10 g"}]},{"@type":"WebSite","@id":"https:\/\/loewentestneu.metafex.io\/fr#website","url":"https:\/\/loewentestneu.metafex.io\/fr","name":"Lions Pharmacy","description":"Pharmacie sp\u00e9cialis\u00e9e en naturopathie de Baden-Baden, Allemagne","publisher":{"@id":"https:\/\/loewentestneu.metafex.io\/fr#organization"},"alternateName":"Lion Pharmacy","potentialAction":[{"@type":"SearchAction","target":{"@type":"EntryPoint","urlTemplate":"https:\/\/loewentestneu.metafex.io\/fr?s={search_term_string}"},"query-input":{"@type":"PropertyValueSpecification","valueRequired":true,"valueName":"search_term_string"}}],"inLanguage":"fr-FR"},{"@type":"Organization","@id":"https:\/\/loewentestneu.metafex.io\/fr#organization","name":"Lions Pharmacy","alternateName":"Lions Pharmacy24","url":"https:\/\/loewentestneu.metafex.io\/fr","logo":{"@type":"ImageObject","inLanguage":"fr-FR","@id":"https:\/\/loewentestneu.metafex.io\/fr#\/schema\/logo\/image\/","url":"https:\/\/loewentestneu.metafex.io\/wp-content\/uploads\/2022\/12\/Logo-Lion-Pharmacy-c-o-Loewen-Apotheke-smal.jpg","contentUrl":"https:\/\/loewentestneu.metafex.io\/wp-content\/uploads\/2022\/12\/Logo-Lion-Pharmacy-c-o-Loewen-Apotheke-smal.jpg","width":298,"height":99,"caption":"Lions Pharmacy"},"image":{"@id":"https:\/\/loewentestneu.metafex.io\/fr#\/schema\/logo\/image\/"}}]}},"_links":{"self":[{"href":"https:\/\/loewentestneu.metafex.io\/fr\/wp-json\/wp\/v2\/product\/4865","targetHints":{"allow":["GET"]}}],"collection":[{"href":"https:\/\/loewentestneu.metafex.io\/fr\/wp-json\/wp\/v2\/product"}],"about":[{"href":"https:\/\/loewentestneu.metafex.io\/fr\/wp-json\/wp\/v2\/types\/product"}],"replies":[{"embeddable":true,"href":"https:\/\/loewentestneu.metafex.io\/fr\/wp-json\/wp\/v2\/comments?post=4865"}],"wp:featuredmedia":[{"embeddable":true,"href":"https:\/\/loewentestneu.metafex.io\/fr\/wp-json\/wp\/v2\/media\/4871"}],"wp:attachment":[{"href":"https:\/\/loewentestneu.metafex.io\/fr\/wp-json\/wp\/v2\/media?parent=4865"}],"wp:term":[{"taxonomy":"product_brand","embeddable":true,"href":"https:\/\/loewentestneu.metafex.io\/fr\/wp-json\/wp\/v2\/product_brand?post=4865"},{"taxonomy":"product_cat","embeddable":true,"href":"https:\/\/loewentestneu.metafex.io\/fr\/wp-json\/wp\/v2\/product_cat?post=4865"},{"taxonomy":"product_tag","embeddable":true,"href":"https:\/\/loewentestneu.metafex.io\/fr\/wp-json\/wp\/v2\/product_tag?post=4865"}],"curies":[{"name":"wp","href":"https:\/\/api.w.org\/{rel}","templated":true}]}}