{"id":4876,"date":"2024-10-02T13:41:42","date_gmt":"2024-10-02T12:41:42","guid":{"rendered":"https:\/\/lions-pharmacy.com\/?post_type=product&#038;p=4876"},"modified":"2024-10-11T05:55:57","modified_gmt":"2024-10-11T04:55:57","slug":"ratiopharm-spray-nasal-adultes-15-ml-copy","status":"publish","type":"product","link":"https:\/\/loewentestneu.metafex.io\/fr\/produit\/ratiopharm-spray-nasal-adultes-15-ml-copy","title":{"rendered":"Extrait de Sinupret 40 pcs."},"content":{"rendered":"<h2>Extrait de sinupret 40 pcs.<\/h2>\n<p>Comprim\u00e9s d\u2019extrait de Sinupret : vous souffrez d\u2019une inflammation chronique ou aigu\u00eb des sinus paranasaux, alors le sinupret est exactement ce qu\u2019il vous faut. Avec ses 5 ingr\u00e9dients actifs naturels, il aide exactement l\u00e0 o\u00f9 le mucus enflamm\u00e9 et coinc\u00e9 n\u2019est plus \u00e9limin\u00e9.<\/p>\n<p>Les principes actifs primev\u00e8re, gentiane, oseille, sureau et verveine dissolvent le mucus, ouvrent le nez et d\u00e9gagent la t\u00eate de mani\u00e8re naturelle. Sinupret est tr\u00e8s efficace et bien tol\u00e9r\u00e9. De plus, vous devez boire beaucoup et donner un peu de repos \u00e0 votre corps. Si vous souffrez de probl\u00e8mes de sommeil, vous trouverez \u00e9galement chez nous des aides naturelles pour une r\u00e9cup\u00e9ration optimale.<\/p>\n<p>L\u2019extrait de Sinupret a \u00e9t\u00e9 sp\u00e9cialement d\u00e9velopp\u00e9 pour les sinus paranasaux, ce qu\u2019on appelle une sinusite. Cela s\u2019exprime souvent par les sympt\u00f4mes suivants : Maux de t\u00eate qui s\u2019aggravent lorsque vous penchez la t\u00eate en avant<br \/>\nUne grande partie du visage fait mal, un nez \u00ab bouch\u00e9 \u00bb. Apparition de s\u00e9cr\u00e9tions \u00e9paisses, parfois purulentes, Probl\u00e8mes respiratoires, Sensation de malaise.<br \/>\nSouvent de la fi\u00e8vre, des troubles de l\u2019odorat, le Sinupret aide \u00e0 att\u00e9nuer ces sympt\u00f4mes et am\u00e9liore votre bien-\u00eatre pendant la p\u00e9riode de r\u00e9cup\u00e9ration. Vous pouvez \u00e9galement utiliser l\u2019extrait de Sinupret si vous \u00eates intol\u00e9rant au lactose.<\/p>\n<p><strong>Ingr\u00e9dient actif :<\/strong><\/p>\n<p>Actifs<br \/>\nExtrait sec de fleur d\u2019onagre<br \/>\nExtrait sec d\u2019herbe d\u2019oseille<br \/>\nExtrait sec de verveine<br \/>\nExtrait sec de racine de gentiane<br \/>\nExtrait sec de fleur de sureau<\/p>\n<p>Vous trouverez ici plus d\u2019informations sur le produit et le fabricant&nbsp;: <a href=\"https:\/\/bionorica.de\/de\/produkte\/atemwege\/sinupret.html\" target=\"_blank\" rel=\"noopener\">Bionorica SE &#8211; Sinupret<\/a>.<\/p>\n<p>Autres produits pour l\u2019application: <a href=\"https:\/\/loewentestneu.metafex.io\/produkt-schlagwort\/cold-flu\">Rhume et grippe<\/a><\/p>\n<p>Les informations contenues dans ce site web sont fournies \u00e0 titre informatif uniquement. Ils ne remplacent en aucun cas l&#8217;examen et le traitement par un m\u00e9decin. Veuillez noter que cela signifie qu&#8217;aucun diagnostic ne peut \u00eatre \u00e9tabli et qu&#8217;aucune th\u00e9rapie ne peut \u00eatre mise en place.<\/p>\n<p>Pour conna\u00eetre les risques et les effets secondaires, lisez la notice et demandez conseil \u00e0 votre m\u00e9decin ou \u00e0 votre pharmacien.<\/p>\n<h3 style=\"text-align: left;\">Ordonnance | e-prescription disponible ?<\/h3>\n<p>Soumettez votre e-prescription d\u00e8s maintenant. Utilisez notre application <a href=\"https:\/\/e-rezept-app.de\/shop-rezept\" target=\"_blank\" rel=\"noopener\">d\u2019ordonnance \u00e9lectronique<\/a> . Et nous vous donnons les frais de port gratuits en Allemagne !<\/p>\n","protected":false},"excerpt":{"rendered":"<h2>Extrait de Sinupret<\/h2>\n<p>Comprim\u00e9s d\u2019extrait de Sinupret pour adultes et enfants \u00e0 partir de 12 ans.<\/p>\n<div class=\"rating__wrap\">\n<p>&nbsp;<\/p>\n<p><strong>PZN<\/strong> : 09285547 (num\u00e9ro central pharmaceutique)<\/p>\n<p><strong>Forme gal\u00e9nique<\/strong> : comprim\u00e9s &#8211; 40 pi\u00e8ces<\/p>\n<p><strong>Type de r\u00e9glementation :<\/strong> Sans ordonnance<\/p>\n<p><strong>Marque<\/strong>&nbsp;: Bionorica\u00ae<\/p>\n<p><strong>Fabricant<\/strong>&nbsp;: Bionorica SE, Neumarkt , Allemagne<\/p>\n<\/div>\n","protected":false},"featured_media":4926,"comment_status":"closed","ping_status":"closed","template":"","meta":[],"product_brand":[],"product_cat":[120,114],"product_tag":[468,233,294],"class_list":{"0":"post-4876","1":"product","2":"type-product","3":"status-publish","4":"has-post-thumbnail","6":"product_cat-sale-fr","7":"product_cat-non-classifiee","8":"product_tag-grippe-et-rhume","9":"product_tag-infection-virale","10":"product_tag-rhume","11":"ts_product_brand-all-fr","13":"first","14":"instock","15":"sale","16":"taxable","17":"shipping-taxable","18":"purchasable","19":"product-type-simple"},"yoast_head":"<!-- This site is optimized with the Yoast SEO plugin v26.5 - https:\/\/yoast.com\/wordpress\/plugins\/seo\/ -->\n<title>Extrait de Sinupret 40 pcs. &#187; En stock - Commandez maintenant<\/title>\n<meta name=\"description\" content=\"Extrait de Sinupret 40 pcs. pour l\u2019inflammation des sinus. Fabricant : Bionorica SE. Livr\u00e9 depuis votre pharmacie en ligne allemande. Exp\u00e9dition rapide. Service au top.\" \/>\n<meta name=\"robots\" content=\"noindex, follow, max-snippet:-1, max-image-preview:large, max-video-preview:-1\" \/>\n<meta property=\"og:locale\" content=\"fr_FR\" \/>\n<meta property=\"og:type\" content=\"article\" \/>\n<meta property=\"og:title\" content=\"Extrait de Sinupret 40 pcs. &#187; En stock - Commandez maintenant\" \/>\n<meta property=\"og:description\" content=\"Extrait de Sinupret 40 pcs. pour l\u2019inflammation des sinus. Fabricant : Bionorica SE. Livr\u00e9 depuis votre pharmacie en ligne allemande. Exp\u00e9dition rapide. Service au top.\" \/>\n<meta property=\"og:url\" content=\"https:\/\/loewentestneu.metafex.io\/fr\/produit\/ratiopharm-spray-nasal-adultes-15-ml-copy\" \/>\n<meta property=\"og:site_name\" content=\"Lion Pharmacy\" \/>\n<meta property=\"article:modified_time\" content=\"2024-10-11T04:55:57+00:00\" \/>\n<meta property=\"og:image\" content=\"https:\/\/loewentestneu.metafex.io\/wp-content\/uploads\/2024\/10\/Sinupret-extract-40-tablets-Lions-Pharmacy-PZN-09285547.webp\" \/>\n\t<meta property=\"og:image:width\" content=\"600\" \/>\n\t<meta property=\"og:image:height\" content=\"600\" \/>\n\t<meta property=\"og:image:type\" content=\"image\/webp\" \/>\n<meta name=\"twitter:card\" content=\"summary_large_image\" \/>\n<meta name=\"twitter:label1\" content=\"Dur\u00e9e de lecture estim\u00e9e\" \/>\n\t<meta name=\"twitter:data1\" content=\"2 minutes\" \/>\n<script type=\"application\/ld+json\" class=\"yoast-schema-graph\">{\"@context\":\"https:\/\/schema.org\",\"@graph\":[{\"@type\":\"WebPage\",\"@id\":\"https:\/\/loewentestneu.metafex.io\/fr\/produit\/ratiopharm-spray-nasal-adultes-15-ml-copy\",\"url\":\"https:\/\/loewentestneu.metafex.io\/fr\/produit\/ratiopharm-spray-nasal-adultes-15-ml-copy\",\"name\":\"Extrait de Sinupret 40 pcs. &#187; En stock - Commandez maintenant\",\"isPartOf\":{\"@id\":\"https:\/\/loewentestneu.metafex.io\/fr#website\"},\"primaryImageOfPage\":{\"@id\":\"https:\/\/loewentestneu.metafex.io\/fr\/produit\/ratiopharm-spray-nasal-adultes-15-ml-copy#primaryimage\"},\"image\":{\"@id\":\"https:\/\/loewentestneu.metafex.io\/fr\/produit\/ratiopharm-spray-nasal-adultes-15-ml-copy#primaryimage\"},\"thumbnailUrl\":\"https:\/\/loewentestneu.metafex.io\/wp-content\/uploads\/2024\/10\/Sinupret-extract-40-tablets-Lions-Pharmacy-PZN-09285547.webp\",\"datePublished\":\"2024-10-02T12:41:42+00:00\",\"dateModified\":\"2024-10-11T04:55:57+00:00\",\"description\":\"Extrait de Sinupret 40 pcs. pour l\u2019inflammation des sinus. Fabricant : Bionorica SE. Livr\u00e9 depuis votre pharmacie en ligne allemande. Exp\u00e9dition rapide. Service au top.\",\"breadcrumb\":{\"@id\":\"https:\/\/loewentestneu.metafex.io\/fr\/produit\/ratiopharm-spray-nasal-adultes-15-ml-copy#breadcrumb\"},\"inLanguage\":\"fr-FR\",\"potentialAction\":[{\"@type\":\"ReadAction\",\"target\":[\"https:\/\/loewentestneu.metafex.io\/fr\/produit\/ratiopharm-spray-nasal-adultes-15-ml-copy\"]}]},{\"@type\":\"ImageObject\",\"inLanguage\":\"fr-FR\",\"@id\":\"https:\/\/loewentestneu.metafex.io\/fr\/produit\/ratiopharm-spray-nasal-adultes-15-ml-copy#primaryimage\",\"url\":\"https:\/\/loewentestneu.metafex.io\/wp-content\/uploads\/2024\/10\/Sinupret-extract-40-tablets-Lions-Pharmacy-PZN-09285547.webp\",\"contentUrl\":\"https:\/\/loewentestneu.metafex.io\/wp-content\/uploads\/2024\/10\/Sinupret-extract-40-tablets-Lions-Pharmacy-PZN-09285547.webp\",\"width\":600,\"height\":600,\"caption\":\"Extrait de Sinupret 40 comprim\u00e9s Lions Pharmacy PZN 09285547\"},{\"@type\":\"BreadcrumbList\",\"@id\":\"https:\/\/loewentestneu.metafex.io\/fr\/produit\/ratiopharm-spray-nasal-adultes-15-ml-copy#breadcrumb\",\"itemListElement\":[{\"@type\":\"ListItem\",\"position\":1,\"name\":\"Home\",\"item\":\"https:\/\/loewentestneu.metafex.io\/fr\/homepage-lion-pharmacy\"},{\"@type\":\"ListItem\",\"position\":2,\"name\":\"Shop\",\"item\":\"https:\/\/loewentestneu.metafex.io\/fr\/boutique\"},{\"@type\":\"ListItem\",\"position\":3,\"name\":\"Extrait de Sinupret 40 pcs.\"}]},{\"@type\":\"WebSite\",\"@id\":\"https:\/\/loewentestneu.metafex.io\/fr#website\",\"url\":\"https:\/\/loewentestneu.metafex.io\/fr\",\"name\":\"Lions Pharmacy\",\"description\":\"Pharmacie sp\u00e9cialis\u00e9e en naturopathie de Baden-Baden, Allemagne\",\"publisher\":{\"@id\":\"https:\/\/loewentestneu.metafex.io\/fr#organization\"},\"alternateName\":\"Lion Pharmacy\",\"potentialAction\":[{\"@type\":\"SearchAction\",\"target\":{\"@type\":\"EntryPoint\",\"urlTemplate\":\"https:\/\/loewentestneu.metafex.io\/fr?s={search_term_string}\"},\"query-input\":{\"@type\":\"PropertyValueSpecification\",\"valueRequired\":true,\"valueName\":\"search_term_string\"}}],\"inLanguage\":\"fr-FR\"},{\"@type\":\"Organization\",\"@id\":\"https:\/\/loewentestneu.metafex.io\/fr#organization\",\"name\":\"Lions Pharmacy\",\"alternateName\":\"Lions Pharmacy24\",\"url\":\"https:\/\/loewentestneu.metafex.io\/fr\",\"logo\":{\"@type\":\"ImageObject\",\"inLanguage\":\"fr-FR\",\"@id\":\"https:\/\/loewentestneu.metafex.io\/fr#\/schema\/logo\/image\/\",\"url\":\"https:\/\/loewentestneu.metafex.io\/wp-content\/uploads\/2022\/12\/Logo-Lion-Pharmacy-c-o-Loewen-Apotheke-smal.jpg\",\"contentUrl\":\"https:\/\/loewentestneu.metafex.io\/wp-content\/uploads\/2022\/12\/Logo-Lion-Pharmacy-c-o-Loewen-Apotheke-smal.jpg\",\"width\":298,\"height\":99,\"caption\":\"Lions Pharmacy\"},\"image\":{\"@id\":\"https:\/\/loewentestneu.metafex.io\/fr#\/schema\/logo\/image\/\"}}]}<\/script>\n<!-- \/ Yoast SEO plugin. -->","yoast_head_json":{"title":"Extrait de Sinupret 40 pcs. &#187; En stock - Commandez maintenant","description":"Extrait de Sinupret 40 pcs. pour l\u2019inflammation des sinus. Fabricant : Bionorica SE. Livr\u00e9 depuis votre pharmacie en ligne allemande. Exp\u00e9dition rapide. Service au top.","robots":{"index":"noindex","follow":"follow","max-snippet":"max-snippet:-1","max-image-preview":"max-image-preview:large","max-video-preview":"max-video-preview:-1"},"og_locale":"fr_FR","og_type":"article","og_title":"Extrait de Sinupret 40 pcs. &#187; En stock - Commandez maintenant","og_description":"Extrait de Sinupret 40 pcs. pour l\u2019inflammation des sinus. Fabricant : Bionorica SE. Livr\u00e9 depuis votre pharmacie en ligne allemande. Exp\u00e9dition rapide. Service au top.","og_url":"https:\/\/loewentestneu.metafex.io\/fr\/produit\/ratiopharm-spray-nasal-adultes-15-ml-copy","og_site_name":"Lion Pharmacy","article_modified_time":"2024-10-11T04:55:57+00:00","og_image":[{"width":600,"height":600,"url":"https:\/\/loewentestneu.metafex.io\/wp-content\/uploads\/2024\/10\/Sinupret-extract-40-tablets-Lions-Pharmacy-PZN-09285547.webp","type":"image\/webp"}],"twitter_card":"summary_large_image","twitter_misc":{"Dur\u00e9e de lecture estim\u00e9e":"2 minutes"},"schema":{"@context":"https:\/\/schema.org","@graph":[{"@type":"WebPage","@id":"https:\/\/loewentestneu.metafex.io\/fr\/produit\/ratiopharm-spray-nasal-adultes-15-ml-copy","url":"https:\/\/loewentestneu.metafex.io\/fr\/produit\/ratiopharm-spray-nasal-adultes-15-ml-copy","name":"Extrait de Sinupret 40 pcs. &#187; En stock - Commandez maintenant","isPartOf":{"@id":"https:\/\/loewentestneu.metafex.io\/fr#website"},"primaryImageOfPage":{"@id":"https:\/\/loewentestneu.metafex.io\/fr\/produit\/ratiopharm-spray-nasal-adultes-15-ml-copy#primaryimage"},"image":{"@id":"https:\/\/loewentestneu.metafex.io\/fr\/produit\/ratiopharm-spray-nasal-adultes-15-ml-copy#primaryimage"},"thumbnailUrl":"https:\/\/loewentestneu.metafex.io\/wp-content\/uploads\/2024\/10\/Sinupret-extract-40-tablets-Lions-Pharmacy-PZN-09285547.webp","datePublished":"2024-10-02T12:41:42+00:00","dateModified":"2024-10-11T04:55:57+00:00","description":"Extrait de Sinupret 40 pcs. pour l\u2019inflammation des sinus. Fabricant : Bionorica SE. Livr\u00e9 depuis votre pharmacie en ligne allemande. Exp\u00e9dition rapide. Service au top.","breadcrumb":{"@id":"https:\/\/loewentestneu.metafex.io\/fr\/produit\/ratiopharm-spray-nasal-adultes-15-ml-copy#breadcrumb"},"inLanguage":"fr-FR","potentialAction":[{"@type":"ReadAction","target":["https:\/\/loewentestneu.metafex.io\/fr\/produit\/ratiopharm-spray-nasal-adultes-15-ml-copy"]}]},{"@type":"ImageObject","inLanguage":"fr-FR","@id":"https:\/\/loewentestneu.metafex.io\/fr\/produit\/ratiopharm-spray-nasal-adultes-15-ml-copy#primaryimage","url":"https:\/\/loewentestneu.metafex.io\/wp-content\/uploads\/2024\/10\/Sinupret-extract-40-tablets-Lions-Pharmacy-PZN-09285547.webp","contentUrl":"https:\/\/loewentestneu.metafex.io\/wp-content\/uploads\/2024\/10\/Sinupret-extract-40-tablets-Lions-Pharmacy-PZN-09285547.webp","width":600,"height":600,"caption":"Extrait de Sinupret 40 comprim\u00e9s Lions Pharmacy PZN 09285547"},{"@type":"BreadcrumbList","@id":"https:\/\/loewentestneu.metafex.io\/fr\/produit\/ratiopharm-spray-nasal-adultes-15-ml-copy#breadcrumb","itemListElement":[{"@type":"ListItem","position":1,"name":"Home","item":"https:\/\/loewentestneu.metafex.io\/fr\/homepage-lion-pharmacy"},{"@type":"ListItem","position":2,"name":"Shop","item":"https:\/\/loewentestneu.metafex.io\/fr\/boutique"},{"@type":"ListItem","position":3,"name":"Extrait de Sinupret 40 pcs."}]},{"@type":"WebSite","@id":"https:\/\/loewentestneu.metafex.io\/fr#website","url":"https:\/\/loewentestneu.metafex.io\/fr","name":"Lions Pharmacy","description":"Pharmacie sp\u00e9cialis\u00e9e en naturopathie de Baden-Baden, Allemagne","publisher":{"@id":"https:\/\/loewentestneu.metafex.io\/fr#organization"},"alternateName":"Lion Pharmacy","potentialAction":[{"@type":"SearchAction","target":{"@type":"EntryPoint","urlTemplate":"https:\/\/loewentestneu.metafex.io\/fr?s={search_term_string}"},"query-input":{"@type":"PropertyValueSpecification","valueRequired":true,"valueName":"search_term_string"}}],"inLanguage":"fr-FR"},{"@type":"Organization","@id":"https:\/\/loewentestneu.metafex.io\/fr#organization","name":"Lions Pharmacy","alternateName":"Lions Pharmacy24","url":"https:\/\/loewentestneu.metafex.io\/fr","logo":{"@type":"ImageObject","inLanguage":"fr-FR","@id":"https:\/\/loewentestneu.metafex.io\/fr#\/schema\/logo\/image\/","url":"https:\/\/loewentestneu.metafex.io\/wp-content\/uploads\/2022\/12\/Logo-Lion-Pharmacy-c-o-Loewen-Apotheke-smal.jpg","contentUrl":"https:\/\/loewentestneu.metafex.io\/wp-content\/uploads\/2022\/12\/Logo-Lion-Pharmacy-c-o-Loewen-Apotheke-smal.jpg","width":298,"height":99,"caption":"Lions Pharmacy"},"image":{"@id":"https:\/\/loewentestneu.metafex.io\/fr#\/schema\/logo\/image\/"}}]}},"_links":{"self":[{"href":"https:\/\/loewentestneu.metafex.io\/fr\/wp-json\/wp\/v2\/product\/4876","targetHints":{"allow":["GET"]}}],"collection":[{"href":"https:\/\/loewentestneu.metafex.io\/fr\/wp-json\/wp\/v2\/product"}],"about":[{"href":"https:\/\/loewentestneu.metafex.io\/fr\/wp-json\/wp\/v2\/types\/product"}],"replies":[{"embeddable":true,"href":"https:\/\/loewentestneu.metafex.io\/fr\/wp-json\/wp\/v2\/comments?post=4876"}],"wp:featuredmedia":[{"embeddable":true,"href":"https:\/\/loewentestneu.metafex.io\/fr\/wp-json\/wp\/v2\/media\/4926"}],"wp:attachment":[{"href":"https:\/\/loewentestneu.metafex.io\/fr\/wp-json\/wp\/v2\/media?parent=4876"}],"wp:term":[{"taxonomy":"product_brand","embeddable":true,"href":"https:\/\/loewentestneu.metafex.io\/fr\/wp-json\/wp\/v2\/product_brand?post=4876"},{"taxonomy":"product_cat","embeddable":true,"href":"https:\/\/loewentestneu.metafex.io\/fr\/wp-json\/wp\/v2\/product_cat?post=4876"},{"taxonomy":"product_tag","embeddable":true,"href":"https:\/\/loewentestneu.metafex.io\/fr\/wp-json\/wp\/v2\/product_tag?post=4876"}],"curies":[{"name":"wp","href":"https:\/\/api.w.org\/{rel}","templated":true}]}}