{"id":4886,"date":"2024-10-02T18:47:57","date_gmt":"2024-10-02T17:47:57","guid":{"rendered":"https:\/\/lions-pharmacy.com\/?post_type=product&#038;p=4886"},"modified":"2024-10-11T07:21:32","modified_gmt":"2024-10-11T06:21:32","slug":"ratiopharm-spray-nasal-adultes-15-ml-copy-copy","status":"publish","type":"product","link":"https:\/\/loewentestneu.metafex.io\/fr\/produit\/ratiopharm-spray-nasal-adultes-15-ml-copy-copy","title":{"rendered":"VOLTAREN Gel anti-douleur forte 23,2 mg\/g 180g"},"content":{"rendered":"<div class=\"n4sEPd\">\n<div>\n<h3>VOLTAREN Gel anti-douleur forte 23,2 mg\/g<\/h3>\n<p><span style=\"font-size: 16px;\">Voltaren Pain Gel Forte soulage la douleur jusqu\u2019\u00e0 12 heures et peut \u00eatre utilis\u00e9 rapidement et de mani\u00e8re fiable.<\/span><\/p>\n<\/div>\n<\/div>\n<p>Il offre un traitement efficace pour les douleurs dorsales et articulaires aigu\u00ebs, utilise l\u2019ingr\u00e9dient actif exactement l\u00e0 o\u00f9 il est cens\u00e9 agir et est anti-inflammatoire et acc\u00e9l\u00e8re la gu\u00e9rison. Voltaren Pain Gel Forte contient deux fois la concentration de diclof\u00e9nac et est donc particuli\u00e8rement efficace dans le domaine du soulagement de la douleur et de l\u2019anti-inflammatoire.<\/p>\n<p>Si vous souffrez d\u2019ecchymoses, de foulures et d\u2019entorses ou si vous ressentez des douleurs \u00e0 la suite d\u2019un traumatisme contondant, appliquez Voltaren Pain Gel Forte directement sur la zone locale et le gel p\u00e9n\u00e8tre directement dans l\u2019articulation ou le muscle. Le gel a un effet rafra\u00eechissant et peut \u00eatre facilement \u00e9tal\u00e9 sur la peau. Il p\u00e9n\u00e8tre dans la couche sup\u00e9rieure de la peau, y stocke le diclof\u00e9nac, qui peut ensuite \u00eatre lib\u00e9r\u00e9 dans les couches inf\u00e9rieures de la peau.<\/p>\n<p>Il convient aux adultes. Chez les adolescents de plus de 14 ans, le m\u00e9dicament n\u2019est destin\u00e9 qu\u2019\u00e0 un traitement \u00e0 court terme.<\/p>\n<h4><strong>Application<\/strong><\/h4>\n<p>Un tube de 100 g dure jusqu\u2019\u00e0 20 jours d\u2019utilisation. Appliquez le gel directement sur la zone et massez doucement. Une petite quantit\u00e9, de la taille d\u2019une cerise ou d\u2019une noix, suffit. La fermeture \u00e0 clic facile \u00e0 ouvrir est alors tr\u00e8s facile \u00e0 refermer. Apr\u00e8s avoir attendu quelques minutes apr\u00e8s l\u2019application pour que le gel puisse \u00eatre mieux absorb\u00e9, vous pouvez vous habiller \u00e0 nouveau et commencer la journ\u00e9e ou la nuit sans douleur. Le gel est appliqu\u00e9 sur les zones touch\u00e9es le matin et le soir. Lavez-vous les mains apr\u00e8s utilisation.<\/p>\n<p>Vous trouverez d\u2019autres d\u00e9tails sur le produit aupr\u00e8s du fabricant : <a href=\"https:\/\/www.voltaren.de\/voltaren-produkte\/voltaren-schmerzgel-forte\/\" target=\"_blank\" rel=\"noopener noreferrer\">voltaren<\/a><\/p>\n<p>D\u00e9pliant\/mode d\u2019emploi\/fiche technique de l\u2019article : \u2013 (lecteur PDF)<\/p>\n<p>Autres produits pour l\u2019application : Pharmacie de voyage | <a href=\"https:\/\/loewentestneu.metafex.io\/product-tag\/vitamins-supplements\">Vitamines et suppl\u00e9ments Produits<\/a><\/p>\n<p>Les informations contenues dans ce site web sont fournies \u00e0 titre informatif uniquement. Ils ne remplacent en aucun cas l&#8217;examen et le traitement par un m\u00e9decin. Veuillez noter que cela signifie qu&#8217;aucun diagnostic ne peut \u00eatre \u00e9tabli et qu&#8217;aucune th\u00e9rapie ne peut \u00eatre mise en place.<\/p>\n<p>Pour conna\u00eetre les risques et les effets secondaires, lisez la notice et demandez conseil \u00e0 votre m\u00e9decin ou \u00e0 votre pharmacien.<\/p>\n<p>&nbsp;<\/p>\n<h3 style=\"text-align: left;\">Ordonnance | e-prescription disponible ?<\/h3>\n<p>Soumettez votre e-prescription d\u00e8s maintenant. Utilisez notre application <a href=\"https:\/\/e-rezept-app.de\/shop-rezept\" target=\"_blank\" rel=\"noopener\">d\u2019ordonnance \u00e9lectronique<\/a> . Et nous vous donnons les frais de port gratuits en Allemagne !<\/p>\n","protected":false},"excerpt":{"rendered":"<h2>VOLTAREN Gel anti-douleur forte 23,2 mg\/g<\/h2>\n<div class=\"rating__wrap\">\n<p><span style=\"font-size: 16px;\">Voltaren Pain Gel Forte soulage la douleur jusqu\u2019\u00e0 12 heures. Contient : Diclof\u00e9nac  <\/span><\/p>\n<p>&nbsp;<\/p>\n<p><strong>PZN<\/strong> : 11240397 (num\u00e9ro central pharmaceutique)<\/p>\n<p><strong>Forme posologique<\/strong> : Pommade 180 g<\/p>\n<p><strong>Type de r\u00e9glementation :<\/strong> Sans ordonnance<\/p>\n<p><strong>Marque<\/strong>&nbsp;: voltaren<\/p>\n<p><strong>Fabricant<\/strong>&nbsp;: Haleon Germany GmbH<\/p>\n<\/div>\n","protected":false},"featured_media":4906,"comment_status":"closed","ping_status":"closed","template":"","meta":[],"product_brand":[],"product_cat":[120,114],"product_tag":[266,265,267,264],"class_list":{"0":"post-4886","1":"product","2":"type-product","3":"status-publish","4":"has-post-thumbnail","6":"product_cat-sale-fr","7":"product_cat-non-classifiee","8":"product_tag-bien-etre","9":"product_tag-gestion-du-poids","10":"product_tag-poids-et-forme","11":"product_tag-vitamines-et-supplements","12":"ts_product_brand-all-fr","14":"first","15":"instock","16":"sale","17":"taxable","18":"shipping-taxable","19":"purchasable","20":"product-type-simple"},"yoast_head":"<!-- This site is optimized with the Yoast SEO plugin v26.5 - https:\/\/yoast.com\/wordpress\/plugins\/seo\/ -->\n<title>VOLTAREN Gel anti-douleur forte 23,2 mg\/g 180g &#187; En stock. Commandez ici.<\/title>\n<meta name=\"description\" content=\"VOLTAREN Gel anti-douleur forte 23,2 mg\/g 180g pour les douleurs dorsales ou articulaires. Fabricant : Haleon. Livr\u00e9 depuis votre pharmacie en ligne allemande. Exp\u00e9dition rapide. Service au top.\" \/>\n<meta name=\"robots\" content=\"noindex, follow, max-snippet:-1, max-image-preview:large, max-video-preview:-1\" \/>\n<meta property=\"og:locale\" content=\"fr_FR\" \/>\n<meta property=\"og:type\" content=\"article\" \/>\n<meta property=\"og:title\" content=\"VOLTAREN Gel anti-douleur forte 23,2 mg\/g 180g &#187; En stock. Commandez ici.\" \/>\n<meta property=\"og:description\" content=\"VOLTAREN Gel anti-douleur forte 23,2 mg\/g 180g pour les douleurs dorsales ou articulaires. Fabricant : Haleon. Livr\u00e9 depuis votre pharmacie en ligne allemande. Exp\u00e9dition rapide. Service au top.\" \/>\n<meta property=\"og:url\" content=\"https:\/\/loewentestneu.metafex.io\/fr\/produit\/ratiopharm-spray-nasal-adultes-15-ml-copy-copy\" \/>\n<meta property=\"og:site_name\" content=\"Lion Pharmacy\" \/>\n<meta property=\"article:modified_time\" content=\"2024-10-11T06:21:32+00:00\" \/>\n<meta property=\"og:image\" content=\"https:\/\/loewentestneu.metafex.io\/wp-content\/uploads\/2024\/10\/VOLTAREN-Pain-Gel-forte-232-mg-180g-PZN-11240397-Lions-Pharmacy.webp\" \/>\n\t<meta property=\"og:image:width\" content=\"512\" \/>\n\t<meta property=\"og:image:height\" content=\"512\" \/>\n\t<meta property=\"og:image:type\" content=\"image\/webp\" \/>\n<meta name=\"twitter:card\" content=\"summary_large_image\" \/>\n<meta name=\"twitter:label1\" content=\"Dur\u00e9e de lecture estim\u00e9e\" \/>\n\t<meta name=\"twitter:data1\" content=\"2 minutes\" \/>\n<script type=\"application\/ld+json\" class=\"yoast-schema-graph\">{\"@context\":\"https:\/\/schema.org\",\"@graph\":[{\"@type\":\"WebPage\",\"@id\":\"https:\/\/loewentestneu.metafex.io\/fr\/produit\/ratiopharm-spray-nasal-adultes-15-ml-copy-copy\",\"url\":\"https:\/\/loewentestneu.metafex.io\/fr\/produit\/ratiopharm-spray-nasal-adultes-15-ml-copy-copy\",\"name\":\"VOLTAREN Gel anti-douleur forte 23,2 mg\/g 180g &#187; En stock. Commandez ici.\",\"isPartOf\":{\"@id\":\"https:\/\/loewentestneu.metafex.io\/fr#website\"},\"primaryImageOfPage\":{\"@id\":\"https:\/\/loewentestneu.metafex.io\/fr\/produit\/ratiopharm-spray-nasal-adultes-15-ml-copy-copy#primaryimage\"},\"image\":{\"@id\":\"https:\/\/loewentestneu.metafex.io\/fr\/produit\/ratiopharm-spray-nasal-adultes-15-ml-copy-copy#primaryimage\"},\"thumbnailUrl\":\"https:\/\/loewentestneu.metafex.io\/wp-content\/uploads\/2024\/10\/VOLTAREN-Pain-Gel-forte-232-mg-180g-PZN-11240397-Lions-Pharmacy.webp\",\"datePublished\":\"2024-10-02T17:47:57+00:00\",\"dateModified\":\"2024-10-11T06:21:32+00:00\",\"description\":\"VOLTAREN Gel anti-douleur forte 23,2 mg\/g 180g pour les douleurs dorsales ou articulaires. Fabricant : Haleon. Livr\u00e9 depuis votre pharmacie en ligne allemande. Exp\u00e9dition rapide. Service au top.\",\"breadcrumb\":{\"@id\":\"https:\/\/loewentestneu.metafex.io\/fr\/produit\/ratiopharm-spray-nasal-adultes-15-ml-copy-copy#breadcrumb\"},\"inLanguage\":\"fr-FR\",\"potentialAction\":[{\"@type\":\"ReadAction\",\"target\":[\"https:\/\/loewentestneu.metafex.io\/fr\/produit\/ratiopharm-spray-nasal-adultes-15-ml-copy-copy\"]}]},{\"@type\":\"ImageObject\",\"inLanguage\":\"fr-FR\",\"@id\":\"https:\/\/loewentestneu.metafex.io\/fr\/produit\/ratiopharm-spray-nasal-adultes-15-ml-copy-copy#primaryimage\",\"url\":\"https:\/\/loewentestneu.metafex.io\/wp-content\/uploads\/2024\/10\/VOLTAREN-Pain-Gel-forte-232-mg-180g-PZN-11240397-Lions-Pharmacy.webp\",\"contentUrl\":\"https:\/\/loewentestneu.metafex.io\/wp-content\/uploads\/2024\/10\/VOLTAREN-Pain-Gel-forte-232-mg-180g-PZN-11240397-Lions-Pharmacy.webp\",\"width\":512,\"height\":512,\"caption\":\"VOLTAREN Gel anti-douleur forte 23,2 mg 180g PZN 11240397 Lions Pharmacie\"},{\"@type\":\"BreadcrumbList\",\"@id\":\"https:\/\/loewentestneu.metafex.io\/fr\/produit\/ratiopharm-spray-nasal-adultes-15-ml-copy-copy#breadcrumb\",\"itemListElement\":[{\"@type\":\"ListItem\",\"position\":1,\"name\":\"Home\",\"item\":\"https:\/\/loewentestneu.metafex.io\/fr\/homepage-lion-pharmacy\"},{\"@type\":\"ListItem\",\"position\":2,\"name\":\"Shop\",\"item\":\"https:\/\/loewentestneu.metafex.io\/fr\/boutique\"},{\"@type\":\"ListItem\",\"position\":3,\"name\":\"VOLTAREN Gel anti-douleur forte 23,2 mg\/g 180g\"}]},{\"@type\":\"WebSite\",\"@id\":\"https:\/\/loewentestneu.metafex.io\/fr#website\",\"url\":\"https:\/\/loewentestneu.metafex.io\/fr\",\"name\":\"Lions Pharmacy\",\"description\":\"Pharmacie sp\u00e9cialis\u00e9e en naturopathie de Baden-Baden, Allemagne\",\"publisher\":{\"@id\":\"https:\/\/loewentestneu.metafex.io\/fr#organization\"},\"alternateName\":\"Lion Pharmacy\",\"potentialAction\":[{\"@type\":\"SearchAction\",\"target\":{\"@type\":\"EntryPoint\",\"urlTemplate\":\"https:\/\/loewentestneu.metafex.io\/fr?s={search_term_string}\"},\"query-input\":{\"@type\":\"PropertyValueSpecification\",\"valueRequired\":true,\"valueName\":\"search_term_string\"}}],\"inLanguage\":\"fr-FR\"},{\"@type\":\"Organization\",\"@id\":\"https:\/\/loewentestneu.metafex.io\/fr#organization\",\"name\":\"Lions Pharmacy\",\"alternateName\":\"Lions Pharmacy24\",\"url\":\"https:\/\/loewentestneu.metafex.io\/fr\",\"logo\":{\"@type\":\"ImageObject\",\"inLanguage\":\"fr-FR\",\"@id\":\"https:\/\/loewentestneu.metafex.io\/fr#\/schema\/logo\/image\/\",\"url\":\"https:\/\/loewentestneu.metafex.io\/wp-content\/uploads\/2022\/12\/Logo-Lion-Pharmacy-c-o-Loewen-Apotheke-smal.jpg\",\"contentUrl\":\"https:\/\/loewentestneu.metafex.io\/wp-content\/uploads\/2022\/12\/Logo-Lion-Pharmacy-c-o-Loewen-Apotheke-smal.jpg\",\"width\":298,\"height\":99,\"caption\":\"Lions Pharmacy\"},\"image\":{\"@id\":\"https:\/\/loewentestneu.metafex.io\/fr#\/schema\/logo\/image\/\"}}]}<\/script>\n<!-- \/ Yoast SEO plugin. -->","yoast_head_json":{"title":"VOLTAREN Gel anti-douleur forte 23,2 mg\/g 180g &#187; En stock. Commandez ici.","description":"VOLTAREN Gel anti-douleur forte 23,2 mg\/g 180g pour les douleurs dorsales ou articulaires. Fabricant : Haleon. Livr\u00e9 depuis votre pharmacie en ligne allemande. Exp\u00e9dition rapide. Service au top.","robots":{"index":"noindex","follow":"follow","max-snippet":"max-snippet:-1","max-image-preview":"max-image-preview:large","max-video-preview":"max-video-preview:-1"},"og_locale":"fr_FR","og_type":"article","og_title":"VOLTAREN Gel anti-douleur forte 23,2 mg\/g 180g &#187; En stock. Commandez ici.","og_description":"VOLTAREN Gel anti-douleur forte 23,2 mg\/g 180g pour les douleurs dorsales ou articulaires. Fabricant : Haleon. Livr\u00e9 depuis votre pharmacie en ligne allemande. Exp\u00e9dition rapide. Service au top.","og_url":"https:\/\/loewentestneu.metafex.io\/fr\/produit\/ratiopharm-spray-nasal-adultes-15-ml-copy-copy","og_site_name":"Lion Pharmacy","article_modified_time":"2024-10-11T06:21:32+00:00","og_image":[{"width":512,"height":512,"url":"https:\/\/loewentestneu.metafex.io\/wp-content\/uploads\/2024\/10\/VOLTAREN-Pain-Gel-forte-232-mg-180g-PZN-11240397-Lions-Pharmacy.webp","type":"image\/webp"}],"twitter_card":"summary_large_image","twitter_misc":{"Dur\u00e9e de lecture estim\u00e9e":"2 minutes"},"schema":{"@context":"https:\/\/schema.org","@graph":[{"@type":"WebPage","@id":"https:\/\/loewentestneu.metafex.io\/fr\/produit\/ratiopharm-spray-nasal-adultes-15-ml-copy-copy","url":"https:\/\/loewentestneu.metafex.io\/fr\/produit\/ratiopharm-spray-nasal-adultes-15-ml-copy-copy","name":"VOLTAREN Gel anti-douleur forte 23,2 mg\/g 180g &#187; En stock. Commandez ici.","isPartOf":{"@id":"https:\/\/loewentestneu.metafex.io\/fr#website"},"primaryImageOfPage":{"@id":"https:\/\/loewentestneu.metafex.io\/fr\/produit\/ratiopharm-spray-nasal-adultes-15-ml-copy-copy#primaryimage"},"image":{"@id":"https:\/\/loewentestneu.metafex.io\/fr\/produit\/ratiopharm-spray-nasal-adultes-15-ml-copy-copy#primaryimage"},"thumbnailUrl":"https:\/\/loewentestneu.metafex.io\/wp-content\/uploads\/2024\/10\/VOLTAREN-Pain-Gel-forte-232-mg-180g-PZN-11240397-Lions-Pharmacy.webp","datePublished":"2024-10-02T17:47:57+00:00","dateModified":"2024-10-11T06:21:32+00:00","description":"VOLTAREN Gel anti-douleur forte 23,2 mg\/g 180g pour les douleurs dorsales ou articulaires. Fabricant : Haleon. Livr\u00e9 depuis votre pharmacie en ligne allemande. Exp\u00e9dition rapide. Service au top.","breadcrumb":{"@id":"https:\/\/loewentestneu.metafex.io\/fr\/produit\/ratiopharm-spray-nasal-adultes-15-ml-copy-copy#breadcrumb"},"inLanguage":"fr-FR","potentialAction":[{"@type":"ReadAction","target":["https:\/\/loewentestneu.metafex.io\/fr\/produit\/ratiopharm-spray-nasal-adultes-15-ml-copy-copy"]}]},{"@type":"ImageObject","inLanguage":"fr-FR","@id":"https:\/\/loewentestneu.metafex.io\/fr\/produit\/ratiopharm-spray-nasal-adultes-15-ml-copy-copy#primaryimage","url":"https:\/\/loewentestneu.metafex.io\/wp-content\/uploads\/2024\/10\/VOLTAREN-Pain-Gel-forte-232-mg-180g-PZN-11240397-Lions-Pharmacy.webp","contentUrl":"https:\/\/loewentestneu.metafex.io\/wp-content\/uploads\/2024\/10\/VOLTAREN-Pain-Gel-forte-232-mg-180g-PZN-11240397-Lions-Pharmacy.webp","width":512,"height":512,"caption":"VOLTAREN Gel anti-douleur forte 23,2 mg 180g PZN 11240397 Lions Pharmacie"},{"@type":"BreadcrumbList","@id":"https:\/\/loewentestneu.metafex.io\/fr\/produit\/ratiopharm-spray-nasal-adultes-15-ml-copy-copy#breadcrumb","itemListElement":[{"@type":"ListItem","position":1,"name":"Home","item":"https:\/\/loewentestneu.metafex.io\/fr\/homepage-lion-pharmacy"},{"@type":"ListItem","position":2,"name":"Shop","item":"https:\/\/loewentestneu.metafex.io\/fr\/boutique"},{"@type":"ListItem","position":3,"name":"VOLTAREN Gel anti-douleur forte 23,2 mg\/g 180g"}]},{"@type":"WebSite","@id":"https:\/\/loewentestneu.metafex.io\/fr#website","url":"https:\/\/loewentestneu.metafex.io\/fr","name":"Lions Pharmacy","description":"Pharmacie sp\u00e9cialis\u00e9e en naturopathie de Baden-Baden, Allemagne","publisher":{"@id":"https:\/\/loewentestneu.metafex.io\/fr#organization"},"alternateName":"Lion Pharmacy","potentialAction":[{"@type":"SearchAction","target":{"@type":"EntryPoint","urlTemplate":"https:\/\/loewentestneu.metafex.io\/fr?s={search_term_string}"},"query-input":{"@type":"PropertyValueSpecification","valueRequired":true,"valueName":"search_term_string"}}],"inLanguage":"fr-FR"},{"@type":"Organization","@id":"https:\/\/loewentestneu.metafex.io\/fr#organization","name":"Lions Pharmacy","alternateName":"Lions Pharmacy24","url":"https:\/\/loewentestneu.metafex.io\/fr","logo":{"@type":"ImageObject","inLanguage":"fr-FR","@id":"https:\/\/loewentestneu.metafex.io\/fr#\/schema\/logo\/image\/","url":"https:\/\/loewentestneu.metafex.io\/wp-content\/uploads\/2022\/12\/Logo-Lion-Pharmacy-c-o-Loewen-Apotheke-smal.jpg","contentUrl":"https:\/\/loewentestneu.metafex.io\/wp-content\/uploads\/2022\/12\/Logo-Lion-Pharmacy-c-o-Loewen-Apotheke-smal.jpg","width":298,"height":99,"caption":"Lions Pharmacy"},"image":{"@id":"https:\/\/loewentestneu.metafex.io\/fr#\/schema\/logo\/image\/"}}]}},"_links":{"self":[{"href":"https:\/\/loewentestneu.metafex.io\/fr\/wp-json\/wp\/v2\/product\/4886","targetHints":{"allow":["GET"]}}],"collection":[{"href":"https:\/\/loewentestneu.metafex.io\/fr\/wp-json\/wp\/v2\/product"}],"about":[{"href":"https:\/\/loewentestneu.metafex.io\/fr\/wp-json\/wp\/v2\/types\/product"}],"replies":[{"embeddable":true,"href":"https:\/\/loewentestneu.metafex.io\/fr\/wp-json\/wp\/v2\/comments?post=4886"}],"wp:featuredmedia":[{"embeddable":true,"href":"https:\/\/loewentestneu.metafex.io\/fr\/wp-json\/wp\/v2\/media\/4906"}],"wp:attachment":[{"href":"https:\/\/loewentestneu.metafex.io\/fr\/wp-json\/wp\/v2\/media?parent=4886"}],"wp:term":[{"taxonomy":"product_brand","embeddable":true,"href":"https:\/\/loewentestneu.metafex.io\/fr\/wp-json\/wp\/v2\/product_brand?post=4886"},{"taxonomy":"product_cat","embeddable":true,"href":"https:\/\/loewentestneu.metafex.io\/fr\/wp-json\/wp\/v2\/product_cat?post=4886"},{"taxonomy":"product_tag","embeddable":true,"href":"https:\/\/loewentestneu.metafex.io\/fr\/wp-json\/wp\/v2\/product_tag?post=4886"}],"curies":[{"name":"wp","href":"https:\/\/api.w.org\/{rel}","templated":true}]}}