{"id":4949,"date":"2024-10-08T14:40:32","date_gmt":"2024-10-08T13:40:32","guid":{"rendered":"https:\/\/lions-pharmacy.com\/?post_type=product&#038;p=4949"},"modified":"2024-10-11T15:07:01","modified_gmt":"2024-10-11T14:07:01","slug":"bepanthen-pommade-pour-les-yeux-et-le-nez-10-g-copy","status":"publish","type":"product","link":"https:\/\/loewentestneu.metafex.io\/fr\/produit\/bepanthen-pommade-pour-les-yeux-et-le-nez-10-g-copy","title":{"rendered":"ACC akut 600 comprim\u00e9s effervescents"},"content":{"rendered":"<h2>ACC akut 600 mg comprim\u00e9s effervescents<\/h2>\n<p>Les comprim\u00e9s effervescents ACC akut 600 peuvent \u00eatre utilis\u00e9s pour traiter la toux flegmatique et le mucus coinc\u00e9 dans les bronches.<\/p>\n<p>Mati\u00e8re active : Ac\u00e9tylcyst\u00e9ine 600 mg<\/p>\n<p>Souffrez-vous d\u2019un mucus \u00e9pais et tenace et avez-vous du mal \u00e0 tousser ? Ensuite, ACC akut 600 mg expectorant contre la toux vous aidera \u00e0 dissoudre le mucus coinc\u00e9 en toute s\u00e9curit\u00e9 et rapidement.<br \/>\nSurtout en hiver, la plupart des gens souffrent de rhume et de toux. Les bronches enflamm\u00e9es forment un mucus \u00e9pais, qui est liqu\u00e9fi\u00e9 par l\u2019ac\u00e9tylcyst\u00e9ine pr\u00e9sente dans l\u2019expectorant contre la toux ACC et peut donc \u00eatre \u00e9limin\u00e9 plus facilement. Les bronches et les voies respiratoires sont \u00e0 nouveau d\u00e9gag\u00e9es et l\u2019inflammation peut se r\u00e9g\u00e9n\u00e9rer.<\/p>\n<section class=\"text-dark-primary-max\">Autres produits pour l\u2019application&nbsp;: <a href=\"https:\/\/loewentestneu.metafex.io\/produkt-schlagwort\/cold-flu\">Rhume et grippe<\/a>.<\/section>\n<section><\/section>\n<section class=\"text-dark-primary-max\">Les informations contenues dans ce site web sont fournies \u00e0 titre informatif uniquement. Ils ne remplacent en aucun cas l&#8217;examen et le traitement par un m\u00e9decin. Veuillez noter que cela signifie qu\u2019il n\u2019est pas possible d\u2019\u00e9tablir un diagnostic ou d\u2019initier une th\u00e9rapie.  <\/section>\n<p>Pour conna\u00eetre les risques et les effets secondaires, lisez la notice et demandez conseil \u00e0 votre m\u00e9decin ou \u00e0 votre pharmacien.<\/p>\n<h3 style=\"text-align: left;\">Ordonnance | e-prescription disponible ?<\/h3>\n<p>Soumettez votre e-prescription d\u00e8s maintenant. Utilisez notre application <a href=\"https:\/\/e-rezept-app.de\/shop-rezept\" target=\"_blank\" rel=\"noopener\">d\u2019ordonnance \u00e9lectronique<\/a> . Et nous vous donnons les frais de port gratuits en Allemagne !<\/p>\n","protected":false},"excerpt":{"rendered":"<h2>ACC akut 600 mg comprim\u00e9s effervescents<\/h2>\n<p>ACC akut comprim\u00e9s expectorant contre la toux<span style=\"font-size: 16px;\"> pour adultes et adolescents \u00e2g\u00e9s de 14 ans et plus.<\/span><\/p>\n<p>&nbsp;<\/p>\n<div class=\"rating__wrap\">\n<p><strong>PZN<\/strong> : 00520917 (num\u00e9ro central pharmaceutique)<\/p>\n<p><strong>Forme posologique<\/strong>&nbsp;: comprim\u00e9s effervescents 40 pcs.<\/p>\n<p><strong>Type de r\u00e9glementation :<\/strong> Sans ordonnance<\/p>\n<p><strong>Marque<\/strong>&nbsp;: ACC\u00ae<\/p>\n<p><strong>Fabricant<\/strong>&nbsp;: Hexal AG<\/p>\n<\/div>\n","protected":false},"featured_media":4954,"comment_status":"closed","ping_status":"closed","template":"","meta":[],"product_brand":[],"product_cat":[120,114],"product_tag":[468,233,294],"class_list":{"0":"post-4949","1":"product","2":"type-product","3":"status-publish","4":"has-post-thumbnail","6":"product_cat-sale-fr","7":"product_cat-non-classifiee","8":"product_tag-grippe-et-rhume","9":"product_tag-infection-virale","10":"product_tag-rhume","11":"ts_product_brand-all-fr","13":"first","14":"instock","15":"sale","16":"taxable","17":"shipping-taxable","18":"purchasable","19":"product-type-simple"},"yoast_head":"<!-- This site is optimized with the Yoast SEO plugin v26.5 - https:\/\/yoast.com\/wordpress\/plugins\/seo\/ -->\n<title>ACC akut 600 comprim\u00e9s effervescents &#187; commander ici<\/title>\n<meta name=\"description\" content=\"ACC akut 600 comprim\u00e9s effervescents pour traiter la toux flegmique - bronches. Livr\u00e9 depuis votre pharmacie en ligne allemande. Exp\u00e9dition rapide. Service au top.\" \/>\n<meta name=\"robots\" content=\"noindex, follow, max-snippet:-1, max-image-preview:large, max-video-preview:-1\" \/>\n<meta property=\"og:locale\" content=\"fr_FR\" \/>\n<meta property=\"og:type\" content=\"article\" \/>\n<meta property=\"og:title\" content=\"ACC akut 600 comprim\u00e9s effervescents &#187; commander ici\" \/>\n<meta property=\"og:description\" content=\"ACC akut 600 comprim\u00e9s effervescents pour traiter la toux flegmique - bronches. Livr\u00e9 depuis votre pharmacie en ligne allemande. Exp\u00e9dition rapide. Service au top.\" \/>\n<meta property=\"og:url\" content=\"https:\/\/loewentestneu.metafex.io\/fr\/produit\/bepanthen-pommade-pour-les-yeux-et-le-nez-10-g-copy\" \/>\n<meta property=\"og:site_name\" content=\"Lion Pharmacy\" \/>\n<meta property=\"article:modified_time\" content=\"2024-10-11T14:07:01+00:00\" \/>\n<meta property=\"og:image\" content=\"https:\/\/loewentestneu.metafex.io\/wp-content\/uploads\/2024\/10\/ACC-Akut-Hexal.webp\" \/>\n\t<meta property=\"og:image:width\" content=\"600\" \/>\n\t<meta property=\"og:image:height\" content=\"600\" \/>\n\t<meta property=\"og:image:type\" content=\"image\/webp\" \/>\n<meta name=\"twitter:card\" content=\"summary_large_image\" \/>\n<meta name=\"twitter:label1\" content=\"Dur\u00e9e de lecture estim\u00e9e\" \/>\n\t<meta name=\"twitter:data1\" content=\"1 minute\" \/>\n<script type=\"application\/ld+json\" class=\"yoast-schema-graph\">{\"@context\":\"https:\/\/schema.org\",\"@graph\":[{\"@type\":\"WebPage\",\"@id\":\"https:\/\/loewentestneu.metafex.io\/fr\/produit\/bepanthen-pommade-pour-les-yeux-et-le-nez-10-g-copy\",\"url\":\"https:\/\/loewentestneu.metafex.io\/fr\/produit\/bepanthen-pommade-pour-les-yeux-et-le-nez-10-g-copy\",\"name\":\"ACC akut 600 comprim\u00e9s effervescents &#187; commander ici\",\"isPartOf\":{\"@id\":\"https:\/\/loewentestneu.metafex.io\/fr#website\"},\"primaryImageOfPage\":{\"@id\":\"https:\/\/loewentestneu.metafex.io\/fr\/produit\/bepanthen-pommade-pour-les-yeux-et-le-nez-10-g-copy#primaryimage\"},\"image\":{\"@id\":\"https:\/\/loewentestneu.metafex.io\/fr\/produit\/bepanthen-pommade-pour-les-yeux-et-le-nez-10-g-copy#primaryimage\"},\"thumbnailUrl\":\"https:\/\/loewentestneu.metafex.io\/wp-content\/uploads\/2024\/10\/ACC-Akut-Hexal.webp\",\"datePublished\":\"2024-10-08T13:40:32+00:00\",\"dateModified\":\"2024-10-11T14:07:01+00:00\",\"description\":\"ACC akut 600 comprim\u00e9s effervescents pour traiter la toux flegmique - bronches. Livr\u00e9 depuis votre pharmacie en ligne allemande. Exp\u00e9dition rapide. Service au top.\",\"breadcrumb\":{\"@id\":\"https:\/\/loewentestneu.metafex.io\/fr\/produit\/bepanthen-pommade-pour-les-yeux-et-le-nez-10-g-copy#breadcrumb\"},\"inLanguage\":\"fr-FR\",\"potentialAction\":[{\"@type\":\"ReadAction\",\"target\":[\"https:\/\/loewentestneu.metafex.io\/fr\/produit\/bepanthen-pommade-pour-les-yeux-et-le-nez-10-g-copy\"]}]},{\"@type\":\"ImageObject\",\"inLanguage\":\"fr-FR\",\"@id\":\"https:\/\/loewentestneu.metafex.io\/fr\/produit\/bepanthen-pommade-pour-les-yeux-et-le-nez-10-g-copy#primaryimage\",\"url\":\"https:\/\/loewentestneu.metafex.io\/wp-content\/uploads\/2024\/10\/ACC-Akut-Hexal.webp\",\"contentUrl\":\"https:\/\/loewentestneu.metafex.io\/wp-content\/uploads\/2024\/10\/ACC-Akut-Hexal.webp\",\"width\":600,\"height\":600,\"caption\":\"ACC Akut comprim\u00e9s effervescents 600 mg Lions Pharmacy PZN 00520917\"},{\"@type\":\"BreadcrumbList\",\"@id\":\"https:\/\/loewentestneu.metafex.io\/fr\/produit\/bepanthen-pommade-pour-les-yeux-et-le-nez-10-g-copy#breadcrumb\",\"itemListElement\":[{\"@type\":\"ListItem\",\"position\":1,\"name\":\"Home\",\"item\":\"https:\/\/loewentestneu.metafex.io\/fr\/homepage-lion-pharmacy\"},{\"@type\":\"ListItem\",\"position\":2,\"name\":\"Shop\",\"item\":\"https:\/\/loewentestneu.metafex.io\/fr\/boutique\"},{\"@type\":\"ListItem\",\"position\":3,\"name\":\"ACC akut 600 comprim\u00e9s effervescents\"}]},{\"@type\":\"WebSite\",\"@id\":\"https:\/\/loewentestneu.metafex.io\/fr#website\",\"url\":\"https:\/\/loewentestneu.metafex.io\/fr\",\"name\":\"Lions Pharmacy\",\"description\":\"Pharmacie sp\u00e9cialis\u00e9e en naturopathie de Baden-Baden, Allemagne\",\"publisher\":{\"@id\":\"https:\/\/loewentestneu.metafex.io\/fr#organization\"},\"alternateName\":\"Lion Pharmacy\",\"potentialAction\":[{\"@type\":\"SearchAction\",\"target\":{\"@type\":\"EntryPoint\",\"urlTemplate\":\"https:\/\/loewentestneu.metafex.io\/fr?s={search_term_string}\"},\"query-input\":{\"@type\":\"PropertyValueSpecification\",\"valueRequired\":true,\"valueName\":\"search_term_string\"}}],\"inLanguage\":\"fr-FR\"},{\"@type\":\"Organization\",\"@id\":\"https:\/\/loewentestneu.metafex.io\/fr#organization\",\"name\":\"Lions Pharmacy\",\"alternateName\":\"Lions Pharmacy24\",\"url\":\"https:\/\/loewentestneu.metafex.io\/fr\",\"logo\":{\"@type\":\"ImageObject\",\"inLanguage\":\"fr-FR\",\"@id\":\"https:\/\/loewentestneu.metafex.io\/fr#\/schema\/logo\/image\/\",\"url\":\"https:\/\/loewentestneu.metafex.io\/wp-content\/uploads\/2022\/12\/Logo-Lion-Pharmacy-c-o-Loewen-Apotheke-smal.jpg\",\"contentUrl\":\"https:\/\/loewentestneu.metafex.io\/wp-content\/uploads\/2022\/12\/Logo-Lion-Pharmacy-c-o-Loewen-Apotheke-smal.jpg\",\"width\":298,\"height\":99,\"caption\":\"Lions Pharmacy\"},\"image\":{\"@id\":\"https:\/\/loewentestneu.metafex.io\/fr#\/schema\/logo\/image\/\"}}]}<\/script>\n<!-- \/ Yoast SEO plugin. -->","yoast_head_json":{"title":"ACC akut 600 comprim\u00e9s effervescents &#187; commander ici","description":"ACC akut 600 comprim\u00e9s effervescents pour traiter la toux flegmique - bronches. Livr\u00e9 depuis votre pharmacie en ligne allemande. Exp\u00e9dition rapide. Service au top.","robots":{"index":"noindex","follow":"follow","max-snippet":"max-snippet:-1","max-image-preview":"max-image-preview:large","max-video-preview":"max-video-preview:-1"},"og_locale":"fr_FR","og_type":"article","og_title":"ACC akut 600 comprim\u00e9s effervescents &#187; commander ici","og_description":"ACC akut 600 comprim\u00e9s effervescents pour traiter la toux flegmique - bronches. Livr\u00e9 depuis votre pharmacie en ligne allemande. Exp\u00e9dition rapide. Service au top.","og_url":"https:\/\/loewentestneu.metafex.io\/fr\/produit\/bepanthen-pommade-pour-les-yeux-et-le-nez-10-g-copy","og_site_name":"Lion Pharmacy","article_modified_time":"2024-10-11T14:07:01+00:00","og_image":[{"width":600,"height":600,"url":"https:\/\/loewentestneu.metafex.io\/wp-content\/uploads\/2024\/10\/ACC-Akut-Hexal.webp","type":"image\/webp"}],"twitter_card":"summary_large_image","twitter_misc":{"Dur\u00e9e de lecture estim\u00e9e":"1 minute"},"schema":{"@context":"https:\/\/schema.org","@graph":[{"@type":"WebPage","@id":"https:\/\/loewentestneu.metafex.io\/fr\/produit\/bepanthen-pommade-pour-les-yeux-et-le-nez-10-g-copy","url":"https:\/\/loewentestneu.metafex.io\/fr\/produit\/bepanthen-pommade-pour-les-yeux-et-le-nez-10-g-copy","name":"ACC akut 600 comprim\u00e9s effervescents &#187; commander ici","isPartOf":{"@id":"https:\/\/loewentestneu.metafex.io\/fr#website"},"primaryImageOfPage":{"@id":"https:\/\/loewentestneu.metafex.io\/fr\/produit\/bepanthen-pommade-pour-les-yeux-et-le-nez-10-g-copy#primaryimage"},"image":{"@id":"https:\/\/loewentestneu.metafex.io\/fr\/produit\/bepanthen-pommade-pour-les-yeux-et-le-nez-10-g-copy#primaryimage"},"thumbnailUrl":"https:\/\/loewentestneu.metafex.io\/wp-content\/uploads\/2024\/10\/ACC-Akut-Hexal.webp","datePublished":"2024-10-08T13:40:32+00:00","dateModified":"2024-10-11T14:07:01+00:00","description":"ACC akut 600 comprim\u00e9s effervescents pour traiter la toux flegmique - bronches. Livr\u00e9 depuis votre pharmacie en ligne allemande. Exp\u00e9dition rapide. Service au top.","breadcrumb":{"@id":"https:\/\/loewentestneu.metafex.io\/fr\/produit\/bepanthen-pommade-pour-les-yeux-et-le-nez-10-g-copy#breadcrumb"},"inLanguage":"fr-FR","potentialAction":[{"@type":"ReadAction","target":["https:\/\/loewentestneu.metafex.io\/fr\/produit\/bepanthen-pommade-pour-les-yeux-et-le-nez-10-g-copy"]}]},{"@type":"ImageObject","inLanguage":"fr-FR","@id":"https:\/\/loewentestneu.metafex.io\/fr\/produit\/bepanthen-pommade-pour-les-yeux-et-le-nez-10-g-copy#primaryimage","url":"https:\/\/loewentestneu.metafex.io\/wp-content\/uploads\/2024\/10\/ACC-Akut-Hexal.webp","contentUrl":"https:\/\/loewentestneu.metafex.io\/wp-content\/uploads\/2024\/10\/ACC-Akut-Hexal.webp","width":600,"height":600,"caption":"ACC Akut comprim\u00e9s effervescents 600 mg Lions Pharmacy PZN 00520917"},{"@type":"BreadcrumbList","@id":"https:\/\/loewentestneu.metafex.io\/fr\/produit\/bepanthen-pommade-pour-les-yeux-et-le-nez-10-g-copy#breadcrumb","itemListElement":[{"@type":"ListItem","position":1,"name":"Home","item":"https:\/\/loewentestneu.metafex.io\/fr\/homepage-lion-pharmacy"},{"@type":"ListItem","position":2,"name":"Shop","item":"https:\/\/loewentestneu.metafex.io\/fr\/boutique"},{"@type":"ListItem","position":3,"name":"ACC akut 600 comprim\u00e9s effervescents"}]},{"@type":"WebSite","@id":"https:\/\/loewentestneu.metafex.io\/fr#website","url":"https:\/\/loewentestneu.metafex.io\/fr","name":"Lions Pharmacy","description":"Pharmacie sp\u00e9cialis\u00e9e en naturopathie de Baden-Baden, Allemagne","publisher":{"@id":"https:\/\/loewentestneu.metafex.io\/fr#organization"},"alternateName":"Lion Pharmacy","potentialAction":[{"@type":"SearchAction","target":{"@type":"EntryPoint","urlTemplate":"https:\/\/loewentestneu.metafex.io\/fr?s={search_term_string}"},"query-input":{"@type":"PropertyValueSpecification","valueRequired":true,"valueName":"search_term_string"}}],"inLanguage":"fr-FR"},{"@type":"Organization","@id":"https:\/\/loewentestneu.metafex.io\/fr#organization","name":"Lions Pharmacy","alternateName":"Lions Pharmacy24","url":"https:\/\/loewentestneu.metafex.io\/fr","logo":{"@type":"ImageObject","inLanguage":"fr-FR","@id":"https:\/\/loewentestneu.metafex.io\/fr#\/schema\/logo\/image\/","url":"https:\/\/loewentestneu.metafex.io\/wp-content\/uploads\/2022\/12\/Logo-Lion-Pharmacy-c-o-Loewen-Apotheke-smal.jpg","contentUrl":"https:\/\/loewentestneu.metafex.io\/wp-content\/uploads\/2022\/12\/Logo-Lion-Pharmacy-c-o-Loewen-Apotheke-smal.jpg","width":298,"height":99,"caption":"Lions Pharmacy"},"image":{"@id":"https:\/\/loewentestneu.metafex.io\/fr#\/schema\/logo\/image\/"}}]}},"_links":{"self":[{"href":"https:\/\/loewentestneu.metafex.io\/fr\/wp-json\/wp\/v2\/product\/4949","targetHints":{"allow":["GET"]}}],"collection":[{"href":"https:\/\/loewentestneu.metafex.io\/fr\/wp-json\/wp\/v2\/product"}],"about":[{"href":"https:\/\/loewentestneu.metafex.io\/fr\/wp-json\/wp\/v2\/types\/product"}],"replies":[{"embeddable":true,"href":"https:\/\/loewentestneu.metafex.io\/fr\/wp-json\/wp\/v2\/comments?post=4949"}],"wp:featuredmedia":[{"embeddable":true,"href":"https:\/\/loewentestneu.metafex.io\/fr\/wp-json\/wp\/v2\/media\/4954"}],"wp:attachment":[{"href":"https:\/\/loewentestneu.metafex.io\/fr\/wp-json\/wp\/v2\/media?parent=4949"}],"wp:term":[{"taxonomy":"product_brand","embeddable":true,"href":"https:\/\/loewentestneu.metafex.io\/fr\/wp-json\/wp\/v2\/product_brand?post=4949"},{"taxonomy":"product_cat","embeddable":true,"href":"https:\/\/loewentestneu.metafex.io\/fr\/wp-json\/wp\/v2\/product_cat?post=4949"},{"taxonomy":"product_tag","embeddable":true,"href":"https:\/\/loewentestneu.metafex.io\/fr\/wp-json\/wp\/v2\/product_tag?post=4949"}],"curies":[{"name":"wp","href":"https:\/\/api.w.org\/{rel}","templated":true}]}}