{"id":5180,"date":"2024-10-15T15:49:59","date_gmt":"2024-10-15T14:49:59","guid":{"rendered":"https:\/\/lions-pharmacy.com\/?post_type=product&#038;p=5180"},"modified":"2025-01-17T07:57:38","modified_gmt":"2025-01-17T06:57:38","slug":"fenistil-gel-dimetindene-maleate-1-mg-g","status":"publish","type":"product","link":"https:\/\/loewentestneu.metafex.io\/fr\/produit\/fenistil-gel-dimetindene-maleate-1-mg-g","title":{"rendered":"Fenistil Gel Mal\u00e9ate de Dimetindene 1 mg\/g"},"content":{"rendered":"<h3>Fenistil Gel \u00ab&nbsp;Mal\u00e9ate de Dimetindene&nbsp;\u00bb 1 mg\/g<\/h3>\n<p>Le gel Fenistil procure un soulagement rapide pour diverses irritations cutan\u00e9es telles que les piq\u00fbres d\u2019insectes, les coups de soleil ou les r\u00e9actions allergiques. Febistil soulage les d\u00e9mangeaisons et rafra\u00eechit les zones touch\u00e9es gr\u00e2ce \u00e0 son principe actif mal\u00e9ate de dimetindene.<\/p>\n<p>Fenistil Gel convient \u00e0 toute la famille. Si vous aimez \u00eatre dans la nature, vous risquez souvent d\u2019\u00eatre piqu\u00e9 par les moustiques. Les morsures peuvent d\u00e9clencher une r\u00e9action allergique dans le corps et l\u2019histamine est lib\u00e9r\u00e9e, provoquant des rougeurs et des gonflements. L\u2019antihistaminique contenu dans le fenistil aide \u00e0 bloquer la lib\u00e9ration d\u2019histamine afin que le corps r\u00e9agisse moins avec l\u2019enflure et la rougeur.<\/p>\n<p>L\u2019histamine peut \u00e9galement \u00eatre lib\u00e9r\u00e9e lorsque vous avez un coup de soleil. Si la peau a \u00e9t\u00e9 expos\u00e9e au soleil trop longtemps, souvent sans protection, elle prendra des coups de soleil. Il peut s\u2019agir d\u2019une br\u00fblure \u00e0 des degr\u00e9s divers. Ici aussi, le gel Fenistil aide \u00e0 minimiser l\u2019enflure et les rougeurs et \u00e0 apaiser la peau irrit\u00e9e gr\u00e2ce \u00e0 son effet rafra\u00eechissant.<\/p>\n<p>Fenistil Gel 30g pour adultes et enfants \u00e0 partir de 0 ans<\/p>\n<p>M\u00eame en hiver, des irritations cutan\u00e9es peuvent survenir \u00e0 cause de l\u2019air chaud froid et sec. Fenistil propose \u00e9galement une pommade pour cela, FeniHydrocort 0,5%. Dans la maison, vous pouvez \u00e9galement installer un humidificateur pour minimiser l\u2019air sec. Si vous \u00eates sur les pistes, le gel Fenistil vous aidera \u00e9galement contre les coups de soleil.<\/p>\n<p>&nbsp;<\/p>\n<p>Autres produits pour l\u2019application : <a href=\"https:\/\/loewentestneu.metafex.io\/product-tag\/weight-fitness\">Bien-\u00eatre et sant\u00e9<\/a> | <a href=\"https:\/\/loewentestneu.metafex.io\/product-tag\/vitamins-supplements\">Vitamines et suppl\u00e9ments Produits<\/a><\/p>\n<p>Les informations contenues dans ce site web sont fournies \u00e0 titre informatif uniquement. Ils ne remplacent en aucun cas l&#8217;examen et le traitement par un m\u00e9decin. Veuillez noter que cela signifie qu&#8217;aucun diagnostic ne peut \u00eatre \u00e9tabli et qu&#8217;aucune th\u00e9rapie ne peut \u00eatre mise en place.<\/p>\n<p>Pour conna\u00eetre les risques et les effets secondaires, lisez la notice et demandez conseil \u00e0 votre m\u00e9decin ou \u00e0 votre pharmacien.<\/p>\n<p>&nbsp;<\/p>\n<h3 style=\"text-align: left;\">Ordonnance | e-prescription disponible ?<\/h3>\n<p>Soumettez votre e-prescription d\u00e8s maintenant. Utilisez notre application <a href=\"https:\/\/e-rezept-app.de\/shop-rezept\" target=\"_blank\" rel=\"noopener\">d\u2019ordonnance \u00e9lectronique<\/a> . Et nous vous donnons les frais de port gratuits en Allemagne !<\/p>\n","protected":false},"excerpt":{"rendered":"<h2>Fenistil Gel \u00ab&nbsp;Mal\u00e9ate de Dimetindene&nbsp;\u00bb 1 mg\/g<\/h2>\n<p>Soulagement rapide de diverses irritations cutan\u00e9es telles que les piq\u00fbres d\u2019insectes, les coups de soleil ou les r\u00e9actions allergiques.<\/p>\n<p>&nbsp;<\/p>\n<div class=\"rating__wrap\">\n<p><strong>PZN<\/strong> : 12550409<\/p>\n<p><strong>Forme gal\u00e9nique<\/strong> : gel &#8211; 30 g<\/p>\n<p><strong>Type de r\u00e9glementation :<\/strong> Sans ordonnance<\/p>\n<p><strong>Marque<\/strong>&nbsp;: Fenistil<\/p>\n<p><strong>Fabricant&nbsp;: <\/strong>Haleon Germany GmbH<\/p>\n<\/div>\n","protected":false},"featured_media":5185,"comment_status":"closed","ping_status":"closed","template":"","meta":[],"product_brand":[],"product_cat":[120,114],"product_tag":[228,266,267],"class_list":{"0":"post-5180","1":"product","2":"type-product","3":"status-publish","4":"has-post-thumbnail","6":"product_cat-sale-fr","7":"product_cat-non-classifiee","8":"product_tag-asthme-et-allergies","9":"product_tag-bien-etre","10":"product_tag-poids-et-forme","11":"ts_product_brand-all-fr","13":"first","14":"instock","15":"taxable","16":"shipping-taxable","17":"purchasable","18":"product-type-simple"},"yoast_head":"<!-- This site is optimized with the Yoast SEO plugin v26.5 - https:\/\/yoast.com\/wordpress\/plugins\/seo\/ -->\n<title>Fenistil Gel Mal\u00e9ate de Dimetindene 1 mg\/g &#187; commander ici<\/title>\n<meta name=\"description\" content=\"Fenistil Gel Mal\u00e9ate de Dimetindene 1 mg\/g pour les irritations cutan\u00e9es. Livr\u00e9 depuis votre pharmacie en ligne allemande. Exp\u00e9dition rapide. Service au top.\" \/>\n<meta name=\"robots\" content=\"noindex, follow, max-snippet:-1, max-image-preview:large, max-video-preview:-1\" \/>\n<meta property=\"og:locale\" content=\"fr_FR\" \/>\n<meta property=\"og:type\" content=\"article\" \/>\n<meta property=\"og:title\" content=\"Fenistil Gel Mal\u00e9ate de Dimetindene 1 mg\/g &#187; commander ici\" \/>\n<meta property=\"og:description\" content=\"Fenistil Gel Mal\u00e9ate de Dimetindene 1 mg\/g pour les irritations cutan\u00e9es. Livr\u00e9 depuis votre pharmacie en ligne allemande. Exp\u00e9dition rapide. Service au top.\" \/>\n<meta property=\"og:url\" content=\"https:\/\/loewentestneu.metafex.io\/fr\/produit\/fenistil-gel-dimetindene-maleate-1-mg-g\" \/>\n<meta property=\"og:site_name\" content=\"Lion Pharmacy\" \/>\n<meta property=\"article:modified_time\" content=\"2025-01-17T06:57:38+00:00\" \/>\n<meta property=\"og:image\" content=\"https:\/\/loewentestneu.metafex.io\/wp-content\/uploads\/2024\/10\/D12550409-p1.webp\" \/>\n\t<meta property=\"og:image:width\" content=\"400\" \/>\n\t<meta property=\"og:image:height\" content=\"400\" \/>\n\t<meta property=\"og:image:type\" content=\"image\/webp\" \/>\n<meta name=\"twitter:card\" content=\"summary_large_image\" \/>\n<meta name=\"twitter:label1\" content=\"Dur\u00e9e de lecture estim\u00e9e\" \/>\n\t<meta name=\"twitter:data1\" content=\"2 minutes\" \/>\n<script type=\"application\/ld+json\" class=\"yoast-schema-graph\">{\"@context\":\"https:\/\/schema.org\",\"@graph\":[{\"@type\":\"WebPage\",\"@id\":\"https:\/\/loewentestneu.metafex.io\/fr\/produit\/fenistil-gel-dimetindene-maleate-1-mg-g\",\"url\":\"https:\/\/loewentestneu.metafex.io\/fr\/produit\/fenistil-gel-dimetindene-maleate-1-mg-g\",\"name\":\"Fenistil Gel Mal\u00e9ate de Dimetindene 1 mg\/g &#187; commander ici\",\"isPartOf\":{\"@id\":\"https:\/\/loewentestneu.metafex.io\/fr#website\"},\"primaryImageOfPage\":{\"@id\":\"https:\/\/loewentestneu.metafex.io\/fr\/produit\/fenistil-gel-dimetindene-maleate-1-mg-g#primaryimage\"},\"image\":{\"@id\":\"https:\/\/loewentestneu.metafex.io\/fr\/produit\/fenistil-gel-dimetindene-maleate-1-mg-g#primaryimage\"},\"thumbnailUrl\":\"https:\/\/loewentestneu.metafex.io\/wp-content\/uploads\/2024\/10\/D12550409-p1.webp\",\"datePublished\":\"2024-10-15T14:49:59+00:00\",\"dateModified\":\"2025-01-17T06:57:38+00:00\",\"description\":\"Fenistil Gel Mal\u00e9ate de Dimetindene 1 mg\/g pour les irritations cutan\u00e9es. Livr\u00e9 depuis votre pharmacie en ligne allemande. Exp\u00e9dition rapide. Service au top.\",\"breadcrumb\":{\"@id\":\"https:\/\/loewentestneu.metafex.io\/fr\/produit\/fenistil-gel-dimetindene-maleate-1-mg-g#breadcrumb\"},\"inLanguage\":\"fr-FR\",\"potentialAction\":[{\"@type\":\"ReadAction\",\"target\":[\"https:\/\/loewentestneu.metafex.io\/fr\/produit\/fenistil-gel-dimetindene-maleate-1-mg-g\"]}]},{\"@type\":\"ImageObject\",\"inLanguage\":\"fr-FR\",\"@id\":\"https:\/\/loewentestneu.metafex.io\/fr\/produit\/fenistil-gel-dimetindene-maleate-1-mg-g#primaryimage\",\"url\":\"https:\/\/loewentestneu.metafex.io\/wp-content\/uploads\/2024\/10\/D12550409-p1.webp\",\"contentUrl\":\"https:\/\/loewentestneu.metafex.io\/wp-content\/uploads\/2024\/10\/D12550409-p1.webp\",\"width\":400,\"height\":400,\"caption\":\"Gel Fenistil 30mg PZN 12550409 Lions Pharmacie\"},{\"@type\":\"BreadcrumbList\",\"@id\":\"https:\/\/loewentestneu.metafex.io\/fr\/produit\/fenistil-gel-dimetindene-maleate-1-mg-g#breadcrumb\",\"itemListElement\":[{\"@type\":\"ListItem\",\"position\":1,\"name\":\"Home\",\"item\":\"https:\/\/loewentestneu.metafex.io\/fr\/homepage-lion-pharmacy\"},{\"@type\":\"ListItem\",\"position\":2,\"name\":\"Shop\",\"item\":\"https:\/\/loewentestneu.metafex.io\/fr\/boutique\"},{\"@type\":\"ListItem\",\"position\":3,\"name\":\"Fenistil Gel Mal\u00e9ate de Dimetindene 1 mg\/g\"}]},{\"@type\":\"WebSite\",\"@id\":\"https:\/\/loewentestneu.metafex.io\/fr#website\",\"url\":\"https:\/\/loewentestneu.metafex.io\/fr\",\"name\":\"Lions Pharmacy\",\"description\":\"Pharmacie sp\u00e9cialis\u00e9e en naturopathie de Baden-Baden, Allemagne\",\"publisher\":{\"@id\":\"https:\/\/loewentestneu.metafex.io\/fr#organization\"},\"alternateName\":\"Lion Pharmacy\",\"potentialAction\":[{\"@type\":\"SearchAction\",\"target\":{\"@type\":\"EntryPoint\",\"urlTemplate\":\"https:\/\/loewentestneu.metafex.io\/fr?s={search_term_string}\"},\"query-input\":{\"@type\":\"PropertyValueSpecification\",\"valueRequired\":true,\"valueName\":\"search_term_string\"}}],\"inLanguage\":\"fr-FR\"},{\"@type\":\"Organization\",\"@id\":\"https:\/\/loewentestneu.metafex.io\/fr#organization\",\"name\":\"Lions Pharmacy\",\"alternateName\":\"Lions Pharmacy24\",\"url\":\"https:\/\/loewentestneu.metafex.io\/fr\",\"logo\":{\"@type\":\"ImageObject\",\"inLanguage\":\"fr-FR\",\"@id\":\"https:\/\/loewentestneu.metafex.io\/fr#\/schema\/logo\/image\/\",\"url\":\"https:\/\/loewentestneu.metafex.io\/wp-content\/uploads\/2022\/12\/Logo-Lion-Pharmacy-c-o-Loewen-Apotheke-smal.jpg\",\"contentUrl\":\"https:\/\/loewentestneu.metafex.io\/wp-content\/uploads\/2022\/12\/Logo-Lion-Pharmacy-c-o-Loewen-Apotheke-smal.jpg\",\"width\":298,\"height\":99,\"caption\":\"Lions Pharmacy\"},\"image\":{\"@id\":\"https:\/\/loewentestneu.metafex.io\/fr#\/schema\/logo\/image\/\"}}]}<\/script>\n<!-- \/ Yoast SEO plugin. -->","yoast_head_json":{"title":"Fenistil Gel Mal\u00e9ate de Dimetindene 1 mg\/g &#187; commander ici","description":"Fenistil Gel Mal\u00e9ate de Dimetindene 1 mg\/g pour les irritations cutan\u00e9es. Livr\u00e9 depuis votre pharmacie en ligne allemande. Exp\u00e9dition rapide. Service au top.","robots":{"index":"noindex","follow":"follow","max-snippet":"max-snippet:-1","max-image-preview":"max-image-preview:large","max-video-preview":"max-video-preview:-1"},"og_locale":"fr_FR","og_type":"article","og_title":"Fenistil Gel Mal\u00e9ate de Dimetindene 1 mg\/g &#187; commander ici","og_description":"Fenistil Gel Mal\u00e9ate de Dimetindene 1 mg\/g pour les irritations cutan\u00e9es. Livr\u00e9 depuis votre pharmacie en ligne allemande. Exp\u00e9dition rapide. Service au top.","og_url":"https:\/\/loewentestneu.metafex.io\/fr\/produit\/fenistil-gel-dimetindene-maleate-1-mg-g","og_site_name":"Lion Pharmacy","article_modified_time":"2025-01-17T06:57:38+00:00","og_image":[{"width":400,"height":400,"url":"https:\/\/loewentestneu.metafex.io\/wp-content\/uploads\/2024\/10\/D12550409-p1.webp","type":"image\/webp"}],"twitter_card":"summary_large_image","twitter_misc":{"Dur\u00e9e de lecture estim\u00e9e":"2 minutes"},"schema":{"@context":"https:\/\/schema.org","@graph":[{"@type":"WebPage","@id":"https:\/\/loewentestneu.metafex.io\/fr\/produit\/fenistil-gel-dimetindene-maleate-1-mg-g","url":"https:\/\/loewentestneu.metafex.io\/fr\/produit\/fenistil-gel-dimetindene-maleate-1-mg-g","name":"Fenistil Gel Mal\u00e9ate de Dimetindene 1 mg\/g &#187; commander ici","isPartOf":{"@id":"https:\/\/loewentestneu.metafex.io\/fr#website"},"primaryImageOfPage":{"@id":"https:\/\/loewentestneu.metafex.io\/fr\/produit\/fenistil-gel-dimetindene-maleate-1-mg-g#primaryimage"},"image":{"@id":"https:\/\/loewentestneu.metafex.io\/fr\/produit\/fenistil-gel-dimetindene-maleate-1-mg-g#primaryimage"},"thumbnailUrl":"https:\/\/loewentestneu.metafex.io\/wp-content\/uploads\/2024\/10\/D12550409-p1.webp","datePublished":"2024-10-15T14:49:59+00:00","dateModified":"2025-01-17T06:57:38+00:00","description":"Fenistil Gel Mal\u00e9ate de Dimetindene 1 mg\/g pour les irritations cutan\u00e9es. Livr\u00e9 depuis votre pharmacie en ligne allemande. Exp\u00e9dition rapide. Service au top.","breadcrumb":{"@id":"https:\/\/loewentestneu.metafex.io\/fr\/produit\/fenistil-gel-dimetindene-maleate-1-mg-g#breadcrumb"},"inLanguage":"fr-FR","potentialAction":[{"@type":"ReadAction","target":["https:\/\/loewentestneu.metafex.io\/fr\/produit\/fenistil-gel-dimetindene-maleate-1-mg-g"]}]},{"@type":"ImageObject","inLanguage":"fr-FR","@id":"https:\/\/loewentestneu.metafex.io\/fr\/produit\/fenistil-gel-dimetindene-maleate-1-mg-g#primaryimage","url":"https:\/\/loewentestneu.metafex.io\/wp-content\/uploads\/2024\/10\/D12550409-p1.webp","contentUrl":"https:\/\/loewentestneu.metafex.io\/wp-content\/uploads\/2024\/10\/D12550409-p1.webp","width":400,"height":400,"caption":"Gel Fenistil 30mg PZN 12550409 Lions Pharmacie"},{"@type":"BreadcrumbList","@id":"https:\/\/loewentestneu.metafex.io\/fr\/produit\/fenistil-gel-dimetindene-maleate-1-mg-g#breadcrumb","itemListElement":[{"@type":"ListItem","position":1,"name":"Home","item":"https:\/\/loewentestneu.metafex.io\/fr\/homepage-lion-pharmacy"},{"@type":"ListItem","position":2,"name":"Shop","item":"https:\/\/loewentestneu.metafex.io\/fr\/boutique"},{"@type":"ListItem","position":3,"name":"Fenistil Gel Mal\u00e9ate de Dimetindene 1 mg\/g"}]},{"@type":"WebSite","@id":"https:\/\/loewentestneu.metafex.io\/fr#website","url":"https:\/\/loewentestneu.metafex.io\/fr","name":"Lions Pharmacy","description":"Pharmacie sp\u00e9cialis\u00e9e en naturopathie de Baden-Baden, Allemagne","publisher":{"@id":"https:\/\/loewentestneu.metafex.io\/fr#organization"},"alternateName":"Lion Pharmacy","potentialAction":[{"@type":"SearchAction","target":{"@type":"EntryPoint","urlTemplate":"https:\/\/loewentestneu.metafex.io\/fr?s={search_term_string}"},"query-input":{"@type":"PropertyValueSpecification","valueRequired":true,"valueName":"search_term_string"}}],"inLanguage":"fr-FR"},{"@type":"Organization","@id":"https:\/\/loewentestneu.metafex.io\/fr#organization","name":"Lions Pharmacy","alternateName":"Lions Pharmacy24","url":"https:\/\/loewentestneu.metafex.io\/fr","logo":{"@type":"ImageObject","inLanguage":"fr-FR","@id":"https:\/\/loewentestneu.metafex.io\/fr#\/schema\/logo\/image\/","url":"https:\/\/loewentestneu.metafex.io\/wp-content\/uploads\/2022\/12\/Logo-Lion-Pharmacy-c-o-Loewen-Apotheke-smal.jpg","contentUrl":"https:\/\/loewentestneu.metafex.io\/wp-content\/uploads\/2022\/12\/Logo-Lion-Pharmacy-c-o-Loewen-Apotheke-smal.jpg","width":298,"height":99,"caption":"Lions Pharmacy"},"image":{"@id":"https:\/\/loewentestneu.metafex.io\/fr#\/schema\/logo\/image\/"}}]}},"_links":{"self":[{"href":"https:\/\/loewentestneu.metafex.io\/fr\/wp-json\/wp\/v2\/product\/5180","targetHints":{"allow":["GET"]}}],"collection":[{"href":"https:\/\/loewentestneu.metafex.io\/fr\/wp-json\/wp\/v2\/product"}],"about":[{"href":"https:\/\/loewentestneu.metafex.io\/fr\/wp-json\/wp\/v2\/types\/product"}],"replies":[{"embeddable":true,"href":"https:\/\/loewentestneu.metafex.io\/fr\/wp-json\/wp\/v2\/comments?post=5180"}],"wp:featuredmedia":[{"embeddable":true,"href":"https:\/\/loewentestneu.metafex.io\/fr\/wp-json\/wp\/v2\/media\/5185"}],"wp:attachment":[{"href":"https:\/\/loewentestneu.metafex.io\/fr\/wp-json\/wp\/v2\/media?parent=5180"}],"wp:term":[{"taxonomy":"product_brand","embeddable":true,"href":"https:\/\/loewentestneu.metafex.io\/fr\/wp-json\/wp\/v2\/product_brand?post=5180"},{"taxonomy":"product_cat","embeddable":true,"href":"https:\/\/loewentestneu.metafex.io\/fr\/wp-json\/wp\/v2\/product_cat?post=5180"},{"taxonomy":"product_tag","embeddable":true,"href":"https:\/\/loewentestneu.metafex.io\/fr\/wp-json\/wp\/v2\/product_tag?post=5180"}],"curies":[{"name":"wp","href":"https:\/\/api.w.org\/{rel}","templated":true}]}}