{"id":5202,"date":"2024-10-16T09:35:04","date_gmt":"2024-10-16T08:35:04","guid":{"rendered":"https:\/\/lions-pharmacy.com\/?post_type=product&#038;p=5202"},"modified":"2024-10-21T11:17:58","modified_gmt":"2024-10-21T10:17:58","slug":"acc-akut-600-comprimes-effervescents-copy-copy-copy","status":"publish","type":"product","link":"https:\/\/loewentestneu.metafex.io\/fr\/produit\/acc-akut-600-comprimes-effervescents-copy-copy-copy","title":{"rendered":"Grippostad C pour le rhume et la grippe 24 pcs."},"content":{"rendered":"<h3>Grippostad C pour le rhume et la grippe<\/h3>\n<p>Grippostad C aide \u00e0 soulager les sympt\u00f4mes du rhume.<\/p>\n<p>Gr\u00e2ce \u00e0 sa combinaison sp\u00e9ciale d\u2019ingr\u00e9dients actifs, il aide \u00e0 lutter contre la fi\u00e8vre, la toux s\u00e8che, l\u2019\u00e9coulement nasal et les douleurs dues au rhume. La vitamine C soutient \u00e9galement le syst\u00e8me immunitaire.<\/p>\n<p>Les rhumes sont g\u00e9n\u00e9ralement caus\u00e9s par des virus, qui se propagent ensuite dans le corps via les voies respiratoires et provoquent une sensation g\u00e9n\u00e9rale de l\u00e9thargie et de fatigue. Des douleurs dans les membres se produisent \u00e9galement et vous souffrez malheureusement d\u2019un nez qui coule, de toux et de fi\u00e8vre.<\/p>\n<p>Avec Grippostad C, vous pouvez traiter tous les sympt\u00f4mes \u00e0 la fois. Le parac\u00e9tamol qu\u2019il contient aide \u00e0 lutter contre la douleur et est soutenu par l\u2019ingr\u00e9dient actif caf\u00e9ine, qui a un effet intensifiant sur le parac\u00e9tamol. Cela signifie que vous n\u2019avez besoin que d\u2019une petite quantit\u00e9 pour ma\u00eetriser la douleur. La chlorph\u00e9namine emp\u00eache la formation accrue de mucus dans les bronches et le nez et soulage ainsi les sympt\u00f4mes d\u2019une toux s\u00e8che et d\u2019un nez bouch\u00e9. Les enfants de plus de 12 ans et les adultes peuvent prendre deux g\u00e9lules avec du liquide jusqu\u2019\u00e0 3 fois par jour. Un verre d\u2019eau est pr\u00e9f\u00e9rable ici. Si vous avez un rhume, vous devez vous assurer de boire beaucoup de liquides et de prendre beaucoup d\u2019air frais.<\/p>\n<section class=\"text-dark-primary-max\">Autres produits pour l\u2019application&nbsp;: <a href=\"https:\/\/loewentestneu.metafex.io\/product-tag\/cold-flu\">Rhume et grippe<\/a><\/section>\n<section><\/section>\n<section><\/section>\n<section><\/section>\n<section class=\"text-dark-primary-max\">Les informations contenues dans ce site web sont fournies \u00e0 titre informatif uniquement. Ils ne remplacent en aucun cas l&#8217;examen et le traitement par un m\u00e9decin. Veuillez noter que cela signifie qu&#8217;aucun diagnostic ne peut \u00eatre \u00e9tabli et qu&#8217;aucune th\u00e9rapie ne peut \u00eatre mise en place.<\/p>\n<\/section>\n<p>Pour conna\u00eetre les risques et les effets secondaires, lisez la notice et demandez conseil \u00e0 votre m\u00e9decin ou \u00e0 votre pharmacien.<\/p>\n<p>&nbsp;<\/p>\n<h3 style=\"text-align: left;\">Ordonnance | e-prescription disponible ?<\/h3>\n<p>Soumettez votre e-prescription d\u00e8s maintenant. Utilisez notre application <a href=\"https:\/\/e-rezept-app.de\/shop-rezept\" target=\"_blank\" rel=\"noopener\">d\u2019ordonnance \u00e9lectronique<\/a> . Et nous vous donnons les frais de port gratuits en Allemagne !<\/p>\n","protected":false},"excerpt":{"rendered":"<h2>Grippostad C pour le rhume et la grippe<\/h2>\n<p>Grippostad C aide \u00e0 soulager les sympt\u00f4mes du rhume.<\/p>\n<p>&nbsp;<\/p>\n<div class=\"rating__wrap\">\n<p><strong>PZN<\/strong> : 00571748 (num\u00e9ro central pharmaceutique)<\/p>\n<p><strong>Forme posologique<\/strong>&nbsp;: g\u00e9lules &#8211; 24 pcs.<\/p>\n<p><strong>Type de r\u00e9glementation :<\/strong> Sans ordonnance<\/p>\n<p><strong>Marque<\/strong>&nbsp;: Grippostad<\/p>\n<p><strong>Fabricant&nbsp;: <\/strong>STADA Consumer Health Deutschland GmbH<\/p>\n<\/div>\n","protected":false},"featured_media":5886,"comment_status":"closed","ping_status":"closed","template":"","meta":[],"product_brand":[],"product_cat":[120,114],"product_tag":[468,233,294],"class_list":{"0":"post-5202","1":"product","2":"type-product","3":"status-publish","4":"has-post-thumbnail","6":"product_cat-sale-fr","7":"product_cat-non-classifiee","8":"product_tag-grippe-et-rhume","9":"product_tag-infection-virale","10":"product_tag-rhume","11":"ts_product_brand-all-fr","13":"first","14":"instock","15":"taxable","16":"shipping-taxable","17":"purchasable","18":"product-type-simple"},"yoast_head":"<!-- This site is optimized with the Yoast SEO plugin v26.5 - https:\/\/yoast.com\/wordpress\/plugins\/seo\/ -->\n<title>Grippostad C pour le rhume et la grippe 24 pcs. &#187; commander ici<\/title>\n<meta name=\"description\" content=\"Grippostad C pour le rhume et la grippe 24 pcs. pour soulager les sympt\u00f4mes du rhume. Livr\u00e9 depuis votre pharmacie en ligne allemande. Exp\u00e9dition rapide. Service au top.\" \/>\n<meta name=\"robots\" content=\"noindex, follow, max-snippet:-1, max-image-preview:large, max-video-preview:-1\" \/>\n<meta property=\"og:locale\" content=\"fr_FR\" \/>\n<meta property=\"og:type\" content=\"article\" \/>\n<meta property=\"og:title\" content=\"Grippostad C pour le rhume et la grippe 24 pcs. &#187; commander ici\" \/>\n<meta property=\"og:description\" content=\"Grippostad C pour le rhume et la grippe 24 pcs. pour soulager les sympt\u00f4mes du rhume. Livr\u00e9 depuis votre pharmacie en ligne allemande. Exp\u00e9dition rapide. Service au top.\" \/>\n<meta property=\"og:url\" content=\"https:\/\/loewentestneu.metafex.io\/fr\/produit\/acc-akut-600-comprimes-effervescents-copy-copy-copy\" \/>\n<meta property=\"og:site_name\" content=\"Lion Pharmacy\" \/>\n<meta property=\"article:modified_time\" content=\"2024-10-21T10:17:58+00:00\" \/>\n<meta property=\"og:image\" content=\"https:\/\/loewentestneu.metafex.io\/wp-content\/uploads\/2024\/10\/Grippostad.webp\" \/>\n\t<meta property=\"og:image:width\" content=\"600\" \/>\n\t<meta property=\"og:image:height\" content=\"600\" \/>\n\t<meta property=\"og:image:type\" content=\"image\/webp\" \/>\n<meta name=\"twitter:card\" content=\"summary_large_image\" \/>\n<meta name=\"twitter:label1\" content=\"Dur\u00e9e de lecture estim\u00e9e\" \/>\n\t<meta name=\"twitter:data1\" content=\"2 minutes\" \/>\n<script type=\"application\/ld+json\" class=\"yoast-schema-graph\">{\"@context\":\"https:\/\/schema.org\",\"@graph\":[{\"@type\":\"WebPage\",\"@id\":\"https:\/\/loewentestneu.metafex.io\/fr\/produit\/acc-akut-600-comprimes-effervescents-copy-copy-copy\",\"url\":\"https:\/\/loewentestneu.metafex.io\/fr\/produit\/acc-akut-600-comprimes-effervescents-copy-copy-copy\",\"name\":\"Grippostad C pour le rhume et la grippe 24 pcs. &#187; commander ici\",\"isPartOf\":{\"@id\":\"https:\/\/loewentestneu.metafex.io\/fr#website\"},\"primaryImageOfPage\":{\"@id\":\"https:\/\/loewentestneu.metafex.io\/fr\/produit\/acc-akut-600-comprimes-effervescents-copy-copy-copy#primaryimage\"},\"image\":{\"@id\":\"https:\/\/loewentestneu.metafex.io\/fr\/produit\/acc-akut-600-comprimes-effervescents-copy-copy-copy#primaryimage\"},\"thumbnailUrl\":\"https:\/\/loewentestneu.metafex.io\/wp-content\/uploads\/2024\/10\/grippo.webp\",\"datePublished\":\"2024-10-16T08:35:04+00:00\",\"dateModified\":\"2024-10-21T10:17:58+00:00\",\"description\":\"Grippostad C pour le rhume et la grippe 24 pcs. pour soulager les sympt\u00f4mes du rhume. Livr\u00e9 depuis votre pharmacie en ligne allemande. Exp\u00e9dition rapide. Service au top.\",\"breadcrumb\":{\"@id\":\"https:\/\/loewentestneu.metafex.io\/fr\/produit\/acc-akut-600-comprimes-effervescents-copy-copy-copy#breadcrumb\"},\"inLanguage\":\"fr-FR\",\"potentialAction\":[{\"@type\":\"ReadAction\",\"target\":[\"https:\/\/loewentestneu.metafex.io\/fr\/produit\/acc-akut-600-comprimes-effervescents-copy-copy-copy\"]}]},{\"@type\":\"ImageObject\",\"inLanguage\":\"fr-FR\",\"@id\":\"https:\/\/loewentestneu.metafex.io\/fr\/produit\/acc-akut-600-comprimes-effervescents-copy-copy-copy#primaryimage\",\"url\":\"https:\/\/loewentestneu.metafex.io\/wp-content\/uploads\/2024\/10\/grippo.webp\",\"contentUrl\":\"https:\/\/loewentestneu.metafex.io\/wp-content\/uploads\/2024\/10\/grippo.webp\",\"width\":600,\"height\":600,\"caption\":\"Grippostad C for colds and flu infections PZN 00571748 Lions Pharmacy\"},{\"@type\":\"BreadcrumbList\",\"@id\":\"https:\/\/loewentestneu.metafex.io\/fr\/produit\/acc-akut-600-comprimes-effervescents-copy-copy-copy#breadcrumb\",\"itemListElement\":[{\"@type\":\"ListItem\",\"position\":1,\"name\":\"Home\",\"item\":\"https:\/\/loewentestneu.metafex.io\/fr\/homepage-lion-pharmacy\"},{\"@type\":\"ListItem\",\"position\":2,\"name\":\"Shop\",\"item\":\"https:\/\/loewentestneu.metafex.io\/fr\/boutique\"},{\"@type\":\"ListItem\",\"position\":3,\"name\":\"Grippostad C pour le rhume et la grippe 24 pcs.\"}]},{\"@type\":\"WebSite\",\"@id\":\"https:\/\/loewentestneu.metafex.io\/fr#website\",\"url\":\"https:\/\/loewentestneu.metafex.io\/fr\",\"name\":\"Lions Pharmacy\",\"description\":\"Pharmacie sp\u00e9cialis\u00e9e en naturopathie de Baden-Baden, Allemagne\",\"publisher\":{\"@id\":\"https:\/\/loewentestneu.metafex.io\/fr#organization\"},\"alternateName\":\"Lion Pharmacy\",\"potentialAction\":[{\"@type\":\"SearchAction\",\"target\":{\"@type\":\"EntryPoint\",\"urlTemplate\":\"https:\/\/loewentestneu.metafex.io\/fr?s={search_term_string}\"},\"query-input\":{\"@type\":\"PropertyValueSpecification\",\"valueRequired\":true,\"valueName\":\"search_term_string\"}}],\"inLanguage\":\"fr-FR\"},{\"@type\":\"Organization\",\"@id\":\"https:\/\/loewentestneu.metafex.io\/fr#organization\",\"name\":\"Lions Pharmacy\",\"alternateName\":\"Lions Pharmacy24\",\"url\":\"https:\/\/loewentestneu.metafex.io\/fr\",\"logo\":{\"@type\":\"ImageObject\",\"inLanguage\":\"fr-FR\",\"@id\":\"https:\/\/loewentestneu.metafex.io\/fr#\/schema\/logo\/image\/\",\"url\":\"https:\/\/loewentestneu.metafex.io\/wp-content\/uploads\/2022\/12\/Logo-Lion-Pharmacy-c-o-Loewen-Apotheke-smal.jpg\",\"contentUrl\":\"https:\/\/loewentestneu.metafex.io\/wp-content\/uploads\/2022\/12\/Logo-Lion-Pharmacy-c-o-Loewen-Apotheke-smal.jpg\",\"width\":298,\"height\":99,\"caption\":\"Lions Pharmacy\"},\"image\":{\"@id\":\"https:\/\/loewentestneu.metafex.io\/fr#\/schema\/logo\/image\/\"}}]}<\/script>\n<!-- \/ Yoast SEO plugin. -->","yoast_head_json":{"title":"Grippostad C pour le rhume et la grippe 24 pcs. &#187; commander ici","description":"Grippostad C pour le rhume et la grippe 24 pcs. pour soulager les sympt\u00f4mes du rhume. Livr\u00e9 depuis votre pharmacie en ligne allemande. Exp\u00e9dition rapide. Service au top.","robots":{"index":"noindex","follow":"follow","max-snippet":"max-snippet:-1","max-image-preview":"max-image-preview:large","max-video-preview":"max-video-preview:-1"},"og_locale":"fr_FR","og_type":"article","og_title":"Grippostad C pour le rhume et la grippe 24 pcs. &#187; commander ici","og_description":"Grippostad C pour le rhume et la grippe 24 pcs. pour soulager les sympt\u00f4mes du rhume. Livr\u00e9 depuis votre pharmacie en ligne allemande. Exp\u00e9dition rapide. Service au top.","og_url":"https:\/\/loewentestneu.metafex.io\/fr\/produit\/acc-akut-600-comprimes-effervescents-copy-copy-copy","og_site_name":"Lion Pharmacy","article_modified_time":"2024-10-21T10:17:58+00:00","og_image":[{"width":600,"height":600,"url":"https:\/\/loewentestneu.metafex.io\/wp-content\/uploads\/2024\/10\/Grippostad.webp","type":"image\/webp"}],"twitter_card":"summary_large_image","twitter_misc":{"Dur\u00e9e de lecture estim\u00e9e":"2 minutes"},"schema":{"@context":"https:\/\/schema.org","@graph":[{"@type":"WebPage","@id":"https:\/\/loewentestneu.metafex.io\/fr\/produit\/acc-akut-600-comprimes-effervescents-copy-copy-copy","url":"https:\/\/loewentestneu.metafex.io\/fr\/produit\/acc-akut-600-comprimes-effervescents-copy-copy-copy","name":"Grippostad C pour le rhume et la grippe 24 pcs. &#187; commander ici","isPartOf":{"@id":"https:\/\/loewentestneu.metafex.io\/fr#website"},"primaryImageOfPage":{"@id":"https:\/\/loewentestneu.metafex.io\/fr\/produit\/acc-akut-600-comprimes-effervescents-copy-copy-copy#primaryimage"},"image":{"@id":"https:\/\/loewentestneu.metafex.io\/fr\/produit\/acc-akut-600-comprimes-effervescents-copy-copy-copy#primaryimage"},"thumbnailUrl":"https:\/\/loewentestneu.metafex.io\/wp-content\/uploads\/2024\/10\/grippo.webp","datePublished":"2024-10-16T08:35:04+00:00","dateModified":"2024-10-21T10:17:58+00:00","description":"Grippostad C pour le rhume et la grippe 24 pcs. pour soulager les sympt\u00f4mes du rhume. Livr\u00e9 depuis votre pharmacie en ligne allemande. Exp\u00e9dition rapide. Service au top.","breadcrumb":{"@id":"https:\/\/loewentestneu.metafex.io\/fr\/produit\/acc-akut-600-comprimes-effervescents-copy-copy-copy#breadcrumb"},"inLanguage":"fr-FR","potentialAction":[{"@type":"ReadAction","target":["https:\/\/loewentestneu.metafex.io\/fr\/produit\/acc-akut-600-comprimes-effervescents-copy-copy-copy"]}]},{"@type":"ImageObject","inLanguage":"fr-FR","@id":"https:\/\/loewentestneu.metafex.io\/fr\/produit\/acc-akut-600-comprimes-effervescents-copy-copy-copy#primaryimage","url":"https:\/\/loewentestneu.metafex.io\/wp-content\/uploads\/2024\/10\/grippo.webp","contentUrl":"https:\/\/loewentestneu.metafex.io\/wp-content\/uploads\/2024\/10\/grippo.webp","width":600,"height":600,"caption":"Grippostad C for colds and flu infections PZN 00571748 Lions Pharmacy"},{"@type":"BreadcrumbList","@id":"https:\/\/loewentestneu.metafex.io\/fr\/produit\/acc-akut-600-comprimes-effervescents-copy-copy-copy#breadcrumb","itemListElement":[{"@type":"ListItem","position":1,"name":"Home","item":"https:\/\/loewentestneu.metafex.io\/fr\/homepage-lion-pharmacy"},{"@type":"ListItem","position":2,"name":"Shop","item":"https:\/\/loewentestneu.metafex.io\/fr\/boutique"},{"@type":"ListItem","position":3,"name":"Grippostad C pour le rhume et la grippe 24 pcs."}]},{"@type":"WebSite","@id":"https:\/\/loewentestneu.metafex.io\/fr#website","url":"https:\/\/loewentestneu.metafex.io\/fr","name":"Lions Pharmacy","description":"Pharmacie sp\u00e9cialis\u00e9e en naturopathie de Baden-Baden, Allemagne","publisher":{"@id":"https:\/\/loewentestneu.metafex.io\/fr#organization"},"alternateName":"Lion Pharmacy","potentialAction":[{"@type":"SearchAction","target":{"@type":"EntryPoint","urlTemplate":"https:\/\/loewentestneu.metafex.io\/fr?s={search_term_string}"},"query-input":{"@type":"PropertyValueSpecification","valueRequired":true,"valueName":"search_term_string"}}],"inLanguage":"fr-FR"},{"@type":"Organization","@id":"https:\/\/loewentestneu.metafex.io\/fr#organization","name":"Lions Pharmacy","alternateName":"Lions Pharmacy24","url":"https:\/\/loewentestneu.metafex.io\/fr","logo":{"@type":"ImageObject","inLanguage":"fr-FR","@id":"https:\/\/loewentestneu.metafex.io\/fr#\/schema\/logo\/image\/","url":"https:\/\/loewentestneu.metafex.io\/wp-content\/uploads\/2022\/12\/Logo-Lion-Pharmacy-c-o-Loewen-Apotheke-smal.jpg","contentUrl":"https:\/\/loewentestneu.metafex.io\/wp-content\/uploads\/2022\/12\/Logo-Lion-Pharmacy-c-o-Loewen-Apotheke-smal.jpg","width":298,"height":99,"caption":"Lions Pharmacy"},"image":{"@id":"https:\/\/loewentestneu.metafex.io\/fr#\/schema\/logo\/image\/"}}]}},"_links":{"self":[{"href":"https:\/\/loewentestneu.metafex.io\/fr\/wp-json\/wp\/v2\/product\/5202","targetHints":{"allow":["GET"]}}],"collection":[{"href":"https:\/\/loewentestneu.metafex.io\/fr\/wp-json\/wp\/v2\/product"}],"about":[{"href":"https:\/\/loewentestneu.metafex.io\/fr\/wp-json\/wp\/v2\/types\/product"}],"replies":[{"embeddable":true,"href":"https:\/\/loewentestneu.metafex.io\/fr\/wp-json\/wp\/v2\/comments?post=5202"}],"wp:featuredmedia":[{"embeddable":true,"href":"https:\/\/loewentestneu.metafex.io\/fr\/wp-json\/wp\/v2\/media\/5886"}],"wp:attachment":[{"href":"https:\/\/loewentestneu.metafex.io\/fr\/wp-json\/wp\/v2\/media?parent=5202"}],"wp:term":[{"taxonomy":"product_brand","embeddable":true,"href":"https:\/\/loewentestneu.metafex.io\/fr\/wp-json\/wp\/v2\/product_brand?post=5202"},{"taxonomy":"product_cat","embeddable":true,"href":"https:\/\/loewentestneu.metafex.io\/fr\/wp-json\/wp\/v2\/product_cat?post=5202"},{"taxonomy":"product_tag","embeddable":true,"href":"https:\/\/loewentestneu.metafex.io\/fr\/wp-json\/wp\/v2\/product_tag?post=5202"}],"curies":[{"name":"wp","href":"https:\/\/api.w.org\/{rel}","templated":true}]}}