{"id":5212,"date":"2024-10-16T10:29:41","date_gmt":"2024-10-16T09:29:41","guid":{"rendered":"https:\/\/lions-pharmacy.com\/?post_type=product&#038;p=5212"},"modified":"2024-10-21T11:18:21","modified_gmt":"2024-10-21T10:18:21","slug":"acc-akut-600-comprimes-effervescents-copy-copy-copy-copy","status":"publish","type":"product","link":"https:\/\/loewentestneu.metafex.io\/fr\/produit\/acc-akut-600-comprimes-effervescents-copy-copy-copy-copy","title":{"rendered":"Complexe d\u2019aspirine Granulat 20 pcs."},"content":{"rendered":"<h3>Complexe d\u2019aspirine Granulat<\/h3>\n<p>Les granules complexes d\u2019aspirine soulagent les sympt\u00f4mes du rhume et vous aident \u00e0 passer la journ\u00e9e. Le complexe d\u2019aspirine aide \u00e0 soulager les sympt\u00f4mes du rhume, a un effet anti-inflammatoire, antipyr\u00e9tique et analg\u00e9sique. Gr\u00e2ce \u00e0 sa combinaison unique d\u2019ingr\u00e9dients actifs, il peut \u00e9galement \u00eatre un support pour un nez bouch\u00e9.<\/p>\n<p>Il suffit de dissoudre le contenu d\u2019un sachet dans suffisamment de liquide, par exemple dans un verre d\u2019eau. Si n\u00e9cessaire, vous pouvez augmenter la dose \u00e0 deux sachets. Ensuite, remuez le liquide et buvez imm\u00e9diatement le verre entier.<br \/>\nVous pouvez reprendre la dose apr\u00e8s un intervalle d\u2019au moins 4 heures. Contient : Acide ac\u00e9tylsalicylique, chlorhydrate de pseudo\u00e9ph\u00e9drine.<\/p>\n<p>Autres produits pour l\u2019application&nbsp;: <a href=\"https:\/\/loewentestneu.metafex.io\/product-tag\/cold-flu\">Rhume et grippe<\/a><\/p>\n<p>Les informations contenues dans ce site web sont fournies \u00e0 titre informatif uniquement. Ils ne remplacent en aucun cas l&#8217;examen et le traitement par un m\u00e9decin. Veuillez noter que cela signifie qu&#8217;aucun diagnostic ne peut \u00eatre \u00e9tabli et qu&#8217;aucune th\u00e9rapie ne peut \u00eatre mise en place.<\/p>\n<p>Pour conna\u00eetre les risques et les effets secondaires, lisez la notice et demandez conseil \u00e0 votre m\u00e9decin ou \u00e0 votre pharmacien.<\/p>\n<p>&nbsp;<\/p>\n<h3 style=\"text-align: left;\">Ordonnance | e-prescription disponible ?<\/h3>\n<p>Soumettez votre e-prescription d\u00e8s maintenant. Utilisez notre application <a href=\"https:\/\/e-rezept-app.de\/shop-rezept\" target=\"_blank\" rel=\"noopener\">d\u2019ordonnance \u00e9lectronique<\/a> . Et nous vous donnons les frais de port gratuits en Allemagne !<\/p>\n","protected":false},"excerpt":{"rendered":"<h2>Complexe d\u2019aspirine Granulat<\/h2>\n<p>Soulage les rhumes et soulage rapidement les douleurs dues au froid.<\/p>\n<p>&nbsp;<\/p>\n<div class=\"rating__wrap\">\n<p><strong>PZN<\/strong> : 04114918 (num\u00e9ro central pharmaceutique)<\/p>\n<p><strong>Forme posologique<\/strong> : Granul\u00e9<\/p>\n<p><strong>Type de r\u00e9glementation :<\/strong> Sans ordonnance<\/p>\n<p><strong>Marque<\/strong>&nbsp;: Aspirine<\/p>\n<p><strong>Fabricant&nbsp;: <\/strong>Bayer Vital AG<\/p>\n<\/div>\n","protected":false},"featured_media":5217,"comment_status":"closed","ping_status":"closed","template":"","meta":[],"product_brand":[],"product_cat":[114],"product_tag":[468,233,294],"class_list":{"0":"post-5212","1":"product","2":"type-product","3":"status-publish","4":"has-post-thumbnail","6":"product_cat-non-classifiee","7":"product_tag-grippe-et-rhume","8":"product_tag-infection-virale","9":"product_tag-rhume","10":"ts_product_brand-all-fr","12":"first","13":"instock","14":"taxable","15":"shipping-taxable","16":"purchasable","17":"product-type-simple"},"yoast_head":"<!-- This site is optimized with the Yoast SEO plugin v26.5 - https:\/\/yoast.com\/wordpress\/plugins\/seo\/ -->\n<title>Complexe d\u2019aspirine Granulat 20 pcs. &#187; commander ici<\/title>\n<meta name=\"description\" content=\"Complexe d\u2019aspirine Granulat 20 pcs. soulage la douleur froide. Livr\u00e9 depuis votre pharmacie en ligne allemande. Exp\u00e9dition rapide. Service au top.\" \/>\n<meta name=\"robots\" content=\"noindex, follow, max-snippet:-1, max-image-preview:large, max-video-preview:-1\" \/>\n<meta property=\"og:locale\" content=\"fr_FR\" \/>\n<meta property=\"og:type\" content=\"article\" \/>\n<meta property=\"og:title\" content=\"Complexe d\u2019aspirine Granulat 20 pcs. &#187; commander ici\" \/>\n<meta property=\"og:description\" content=\"Complexe d\u2019aspirine Granulat 20 pcs. soulage la douleur froide. Livr\u00e9 depuis votre pharmacie en ligne allemande. Exp\u00e9dition rapide. Service au top.\" \/>\n<meta property=\"og:url\" content=\"https:\/\/loewentestneu.metafex.io\/fr\/produit\/acc-akut-600-comprimes-effervescents-copy-copy-copy-copy\" \/>\n<meta property=\"og:site_name\" content=\"Lion Pharmacy\" \/>\n<meta property=\"article:modified_time\" content=\"2024-10-21T10:18:21+00:00\" \/>\n<meta property=\"og:image\" content=\"https:\/\/loewentestneu.metafex.io\/wp-content\/uploads\/2024\/10\/Aspirin-Complex.webp\" \/>\n\t<meta property=\"og:image:width\" content=\"600\" \/>\n\t<meta property=\"og:image:height\" content=\"600\" \/>\n\t<meta property=\"og:image:type\" content=\"image\/webp\" \/>\n<meta name=\"twitter:card\" content=\"summary_large_image\" \/>\n<meta name=\"twitter:label1\" content=\"Dur\u00e9e de lecture estim\u00e9e\" \/>\n\t<meta name=\"twitter:data1\" content=\"1 minute\" \/>\n<script type=\"application\/ld+json\" class=\"yoast-schema-graph\">{\"@context\":\"https:\/\/schema.org\",\"@graph\":[{\"@type\":\"WebPage\",\"@id\":\"https:\/\/loewentestneu.metafex.io\/fr\/produit\/acc-akut-600-comprimes-effervescents-copy-copy-copy-copy\",\"url\":\"https:\/\/loewentestneu.metafex.io\/fr\/produit\/acc-akut-600-comprimes-effervescents-copy-copy-copy-copy\",\"name\":\"Complexe d\u2019aspirine Granulat 20 pcs. &#187; commander ici\",\"isPartOf\":{\"@id\":\"https:\/\/loewentestneu.metafex.io\/fr#website\"},\"primaryImageOfPage\":{\"@id\":\"https:\/\/loewentestneu.metafex.io\/fr\/produit\/acc-akut-600-comprimes-effervescents-copy-copy-copy-copy#primaryimage\"},\"image\":{\"@id\":\"https:\/\/loewentestneu.metafex.io\/fr\/produit\/acc-akut-600-comprimes-effervescents-copy-copy-copy-copy#primaryimage\"},\"thumbnailUrl\":\"https:\/\/loewentestneu.metafex.io\/wp-content\/uploads\/2024\/10\/Aspirin-Complex.webp\",\"datePublished\":\"2024-10-16T09:29:41+00:00\",\"dateModified\":\"2024-10-21T10:18:21+00:00\",\"description\":\"Complexe d\u2019aspirine Granulat 20 pcs. soulage la douleur froide. Livr\u00e9 depuis votre pharmacie en ligne allemande. Exp\u00e9dition rapide. Service au top.\",\"breadcrumb\":{\"@id\":\"https:\/\/loewentestneu.metafex.io\/fr\/produit\/acc-akut-600-comprimes-effervescents-copy-copy-copy-copy#breadcrumb\"},\"inLanguage\":\"fr-FR\",\"potentialAction\":[{\"@type\":\"ReadAction\",\"target\":[\"https:\/\/loewentestneu.metafex.io\/fr\/produit\/acc-akut-600-comprimes-effervescents-copy-copy-copy-copy\"]}]},{\"@type\":\"ImageObject\",\"inLanguage\":\"fr-FR\",\"@id\":\"https:\/\/loewentestneu.metafex.io\/fr\/produit\/acc-akut-600-comprimes-effervescents-copy-copy-copy-copy#primaryimage\",\"url\":\"https:\/\/loewentestneu.metafex.io\/wp-content\/uploads\/2024\/10\/Aspirin-Complex.webp\",\"contentUrl\":\"https:\/\/loewentestneu.metafex.io\/wp-content\/uploads\/2024\/10\/Aspirin-Complex.webp\",\"width\":600,\"height\":600,\"caption\":\"Complexe d\u2019aspirine PZN 04114918 Bayer L\u00f6wen Apotheke Lions Pharmacy\"},{\"@type\":\"BreadcrumbList\",\"@id\":\"https:\/\/loewentestneu.metafex.io\/fr\/produit\/acc-akut-600-comprimes-effervescents-copy-copy-copy-copy#breadcrumb\",\"itemListElement\":[{\"@type\":\"ListItem\",\"position\":1,\"name\":\"Home\",\"item\":\"https:\/\/loewentestneu.metafex.io\/fr\/homepage-lion-pharmacy\"},{\"@type\":\"ListItem\",\"position\":2,\"name\":\"Shop\",\"item\":\"https:\/\/loewentestneu.metafex.io\/fr\/boutique\"},{\"@type\":\"ListItem\",\"position\":3,\"name\":\"Complexe d\u2019aspirine Granulat 20 pcs.\"}]},{\"@type\":\"WebSite\",\"@id\":\"https:\/\/loewentestneu.metafex.io\/fr#website\",\"url\":\"https:\/\/loewentestneu.metafex.io\/fr\",\"name\":\"Lions Pharmacy\",\"description\":\"Pharmacie sp\u00e9cialis\u00e9e en naturopathie de Baden-Baden, Allemagne\",\"publisher\":{\"@id\":\"https:\/\/loewentestneu.metafex.io\/fr#organization\"},\"alternateName\":\"Lion Pharmacy\",\"potentialAction\":[{\"@type\":\"SearchAction\",\"target\":{\"@type\":\"EntryPoint\",\"urlTemplate\":\"https:\/\/loewentestneu.metafex.io\/fr?s={search_term_string}\"},\"query-input\":{\"@type\":\"PropertyValueSpecification\",\"valueRequired\":true,\"valueName\":\"search_term_string\"}}],\"inLanguage\":\"fr-FR\"},{\"@type\":\"Organization\",\"@id\":\"https:\/\/loewentestneu.metafex.io\/fr#organization\",\"name\":\"Lions Pharmacy\",\"alternateName\":\"Lions Pharmacy24\",\"url\":\"https:\/\/loewentestneu.metafex.io\/fr\",\"logo\":{\"@type\":\"ImageObject\",\"inLanguage\":\"fr-FR\",\"@id\":\"https:\/\/loewentestneu.metafex.io\/fr#\/schema\/logo\/image\/\",\"url\":\"https:\/\/loewentestneu.metafex.io\/wp-content\/uploads\/2022\/12\/Logo-Lion-Pharmacy-c-o-Loewen-Apotheke-smal.jpg\",\"contentUrl\":\"https:\/\/loewentestneu.metafex.io\/wp-content\/uploads\/2022\/12\/Logo-Lion-Pharmacy-c-o-Loewen-Apotheke-smal.jpg\",\"width\":298,\"height\":99,\"caption\":\"Lions Pharmacy\"},\"image\":{\"@id\":\"https:\/\/loewentestneu.metafex.io\/fr#\/schema\/logo\/image\/\"}}]}<\/script>\n<!-- \/ Yoast SEO plugin. -->","yoast_head_json":{"title":"Complexe d\u2019aspirine Granulat 20 pcs. &#187; commander ici","description":"Complexe d\u2019aspirine Granulat 20 pcs. soulage la douleur froide. Livr\u00e9 depuis votre pharmacie en ligne allemande. Exp\u00e9dition rapide. Service au top.","robots":{"index":"noindex","follow":"follow","max-snippet":"max-snippet:-1","max-image-preview":"max-image-preview:large","max-video-preview":"max-video-preview:-1"},"og_locale":"fr_FR","og_type":"article","og_title":"Complexe d\u2019aspirine Granulat 20 pcs. &#187; commander ici","og_description":"Complexe d\u2019aspirine Granulat 20 pcs. soulage la douleur froide. Livr\u00e9 depuis votre pharmacie en ligne allemande. Exp\u00e9dition rapide. Service au top.","og_url":"https:\/\/loewentestneu.metafex.io\/fr\/produit\/acc-akut-600-comprimes-effervescents-copy-copy-copy-copy","og_site_name":"Lion Pharmacy","article_modified_time":"2024-10-21T10:18:21+00:00","og_image":[{"width":600,"height":600,"url":"https:\/\/loewentestneu.metafex.io\/wp-content\/uploads\/2024\/10\/Aspirin-Complex.webp","type":"image\/webp"}],"twitter_card":"summary_large_image","twitter_misc":{"Dur\u00e9e de lecture estim\u00e9e":"1 minute"},"schema":{"@context":"https:\/\/schema.org","@graph":[{"@type":"WebPage","@id":"https:\/\/loewentestneu.metafex.io\/fr\/produit\/acc-akut-600-comprimes-effervescents-copy-copy-copy-copy","url":"https:\/\/loewentestneu.metafex.io\/fr\/produit\/acc-akut-600-comprimes-effervescents-copy-copy-copy-copy","name":"Complexe d\u2019aspirine Granulat 20 pcs. &#187; commander ici","isPartOf":{"@id":"https:\/\/loewentestneu.metafex.io\/fr#website"},"primaryImageOfPage":{"@id":"https:\/\/loewentestneu.metafex.io\/fr\/produit\/acc-akut-600-comprimes-effervescents-copy-copy-copy-copy#primaryimage"},"image":{"@id":"https:\/\/loewentestneu.metafex.io\/fr\/produit\/acc-akut-600-comprimes-effervescents-copy-copy-copy-copy#primaryimage"},"thumbnailUrl":"https:\/\/loewentestneu.metafex.io\/wp-content\/uploads\/2024\/10\/Aspirin-Complex.webp","datePublished":"2024-10-16T09:29:41+00:00","dateModified":"2024-10-21T10:18:21+00:00","description":"Complexe d\u2019aspirine Granulat 20 pcs. soulage la douleur froide. Livr\u00e9 depuis votre pharmacie en ligne allemande. Exp\u00e9dition rapide. Service au top.","breadcrumb":{"@id":"https:\/\/loewentestneu.metafex.io\/fr\/produit\/acc-akut-600-comprimes-effervescents-copy-copy-copy-copy#breadcrumb"},"inLanguage":"fr-FR","potentialAction":[{"@type":"ReadAction","target":["https:\/\/loewentestneu.metafex.io\/fr\/produit\/acc-akut-600-comprimes-effervescents-copy-copy-copy-copy"]}]},{"@type":"ImageObject","inLanguage":"fr-FR","@id":"https:\/\/loewentestneu.metafex.io\/fr\/produit\/acc-akut-600-comprimes-effervescents-copy-copy-copy-copy#primaryimage","url":"https:\/\/loewentestneu.metafex.io\/wp-content\/uploads\/2024\/10\/Aspirin-Complex.webp","contentUrl":"https:\/\/loewentestneu.metafex.io\/wp-content\/uploads\/2024\/10\/Aspirin-Complex.webp","width":600,"height":600,"caption":"Complexe d\u2019aspirine PZN 04114918 Bayer L\u00f6wen Apotheke Lions Pharmacy"},{"@type":"BreadcrumbList","@id":"https:\/\/loewentestneu.metafex.io\/fr\/produit\/acc-akut-600-comprimes-effervescents-copy-copy-copy-copy#breadcrumb","itemListElement":[{"@type":"ListItem","position":1,"name":"Home","item":"https:\/\/loewentestneu.metafex.io\/fr\/homepage-lion-pharmacy"},{"@type":"ListItem","position":2,"name":"Shop","item":"https:\/\/loewentestneu.metafex.io\/fr\/boutique"},{"@type":"ListItem","position":3,"name":"Complexe d\u2019aspirine Granulat 20 pcs."}]},{"@type":"WebSite","@id":"https:\/\/loewentestneu.metafex.io\/fr#website","url":"https:\/\/loewentestneu.metafex.io\/fr","name":"Lions Pharmacy","description":"Pharmacie sp\u00e9cialis\u00e9e en naturopathie de Baden-Baden, Allemagne","publisher":{"@id":"https:\/\/loewentestneu.metafex.io\/fr#organization"},"alternateName":"Lion Pharmacy","potentialAction":[{"@type":"SearchAction","target":{"@type":"EntryPoint","urlTemplate":"https:\/\/loewentestneu.metafex.io\/fr?s={search_term_string}"},"query-input":{"@type":"PropertyValueSpecification","valueRequired":true,"valueName":"search_term_string"}}],"inLanguage":"fr-FR"},{"@type":"Organization","@id":"https:\/\/loewentestneu.metafex.io\/fr#organization","name":"Lions Pharmacy","alternateName":"Lions Pharmacy24","url":"https:\/\/loewentestneu.metafex.io\/fr","logo":{"@type":"ImageObject","inLanguage":"fr-FR","@id":"https:\/\/loewentestneu.metafex.io\/fr#\/schema\/logo\/image\/","url":"https:\/\/loewentestneu.metafex.io\/wp-content\/uploads\/2022\/12\/Logo-Lion-Pharmacy-c-o-Loewen-Apotheke-smal.jpg","contentUrl":"https:\/\/loewentestneu.metafex.io\/wp-content\/uploads\/2022\/12\/Logo-Lion-Pharmacy-c-o-Loewen-Apotheke-smal.jpg","width":298,"height":99,"caption":"Lions Pharmacy"},"image":{"@id":"https:\/\/loewentestneu.metafex.io\/fr#\/schema\/logo\/image\/"}}]}},"_links":{"self":[{"href":"https:\/\/loewentestneu.metafex.io\/fr\/wp-json\/wp\/v2\/product\/5212","targetHints":{"allow":["GET"]}}],"collection":[{"href":"https:\/\/loewentestneu.metafex.io\/fr\/wp-json\/wp\/v2\/product"}],"about":[{"href":"https:\/\/loewentestneu.metafex.io\/fr\/wp-json\/wp\/v2\/types\/product"}],"replies":[{"embeddable":true,"href":"https:\/\/loewentestneu.metafex.io\/fr\/wp-json\/wp\/v2\/comments?post=5212"}],"wp:featuredmedia":[{"embeddable":true,"href":"https:\/\/loewentestneu.metafex.io\/fr\/wp-json\/wp\/v2\/media\/5217"}],"wp:attachment":[{"href":"https:\/\/loewentestneu.metafex.io\/fr\/wp-json\/wp\/v2\/media?parent=5212"}],"wp:term":[{"taxonomy":"product_brand","embeddable":true,"href":"https:\/\/loewentestneu.metafex.io\/fr\/wp-json\/wp\/v2\/product_brand?post=5212"},{"taxonomy":"product_cat","embeddable":true,"href":"https:\/\/loewentestneu.metafex.io\/fr\/wp-json\/wp\/v2\/product_cat?post=5212"},{"taxonomy":"product_tag","embeddable":true,"href":"https:\/\/loewentestneu.metafex.io\/fr\/wp-json\/wp\/v2\/product_tag?post=5212"}],"curies":[{"name":"wp","href":"https:\/\/api.w.org\/{rel}","templated":true}]}}