{"id":5802,"date":"2024-11-05T06:53:31","date_gmt":"2024-11-05T05:53:31","guid":{"rendered":"https:\/\/lions-pharmacy.com\/?post_type=product&#038;p=5802"},"modified":"2024-12-14T06:23:59","modified_gmt":"2024-12-14T05:23:59","slug":"fenistil-gel-maleate-de-dimetindene-1-mg-g-copy","status":"publish","type":"product","link":"https:\/\/loewentestneu.metafex.io\/fr\/produit\/fenistil-gel-maleate-de-dimetindene-1-mg-g-copy","title":{"rendered":"Verla Magn\u00e9sium Verla N Drag\u00e9es 200 pcs."},"content":{"rendered":"<h3>Verla Magn\u00e9sium Verla N Drag\u00e9es 200 pcs.<\/h3>\n<p>Magnesium Verla pour une utilisation en cas de carence en magn\u00e9sium qui ne n\u00e9cessitent pas d\u2019infusion.<\/p>\n<p>En cas de carence l\u00e9g\u00e8re en magn\u00e9sium, le magn\u00e9sium Verla agit imm\u00e9diatement et r\u00e9tablit l\u2019\u00e9quilibre min\u00e9ral.<\/p>\n<p>Des troubles mineurs tels que des crampes, des tensions dans la r\u00e9gion du cou et des \u00e9paules, des contractions des paupi\u00e8res, une agitation int\u00e9rieure et de la nervosit\u00e9 peuvent \u00eatre des signes de carence en magn\u00e9sium. Magnesium Verla peut rapidement vous aider.<\/p>\n<p>Il peut \u00e9galement \u00eatre utile de prendre du magn\u00e9sium suppl\u00e9mentaire si vous faites plus d\u2019exercice et pendant la grossesse et l\u2019allaitement. En effet, il y a un besoin accru pendant cette p\u00e9riode.<\/p>\n<p>Le m\u00e9dicament contient du saccharose et du glucose. La posologie est d\u00e9crite dans la notice et d\u00e9pend de l\u2019\u00e9tendue de votre carence en magn\u00e9sium.<\/p>\n<p>Autres produits pour l\u2019application : <a href=\"https:\/\/loewentestneu.metafex.io\/product-tag\/weight-fitness\">Bien-\u00eatre et sant\u00e9<\/a> | <a href=\"https:\/\/loewentestneu.metafex.io\/product-tag\/vitamins-supplements\">Vitamines et suppl\u00e9ments Produits<\/a><\/p>\n<p>Les informations contenues dans ce site web sont fournies \u00e0 titre informatif uniquement. Ils ne remplacent en aucun cas l&#8217;examen et le traitement par un m\u00e9decin. Veuillez noter que cela signifie qu&#8217;aucun diagnostic ne peut \u00eatre \u00e9tabli et qu&#8217;aucune th\u00e9rapie ne peut \u00eatre mise en place.<\/p>\n<p>Pour conna\u00eetre les risques et les effets secondaires, lisez la notice et demandez conseil \u00e0 votre m\u00e9decin ou \u00e0 votre pharmacien.<\/p>\n<p>&nbsp;<\/p>\n<h3 style=\"text-align: left;\">Ordonnance | e-prescription disponible ?<\/h3>\n<p>Soumettez votre e-prescription d\u00e8s maintenant. Utilisez notre application <a href=\"https:\/\/e-rezept-app.de\/shop-rezept\" target=\"_blank\" rel=\"noopener\">d\u2019ordonnance \u00e9lectronique<\/a> . Et nous vous donnons les frais de port gratuits en Allemagne !<\/p>\n","protected":false},"excerpt":{"rendered":"<h2>Verla Magn\u00e9sium Verla N Drag\u00e9es 200 pcs.<\/h2>\n<p>Une aide rapide en cas de carence l\u00e9g\u00e8re en magn\u00e9sium<\/p>\n<p>&nbsp;<\/p>\n<div class=\"rating__wrap\">\n<p><strong>PZN<\/strong> : 04911945 (num\u00e9ro central pharmaceutique)<\/p>\n<p><strong>Forme gal\u00e9naire<\/strong> : drag\u00e9es &#8211; 200 pcs<\/p>\n<p><strong>Type de r\u00e9glementation :<\/strong> Sans ordonnance<\/p>\n<p><strong>Marque<\/strong>&nbsp;: Magnesium Verla<\/p>\n<p><strong>Fabricant&nbsp;:<\/strong>Verla-Pharm Arzneimittel GmbH &amp; Co. KG<\/p>\n<p>&nbsp;<\/p>\n<\/div>\n","protected":false},"featured_media":5807,"comment_status":"closed","ping_status":"closed","template":"","meta":[],"product_brand":[],"product_cat":[120,114],"product_tag":[266,267,264],"class_list":{"0":"post-5802","1":"product","2":"type-product","3":"status-publish","4":"has-post-thumbnail","6":"product_cat-sale-fr","7":"product_cat-non-classifiee","8":"product_tag-bien-etre","9":"product_tag-poids-et-forme","10":"product_tag-vitamines-et-supplements","11":"ts_product_brand-all-fr","13":"first","14":"instock","15":"featured","16":"taxable","17":"shipping-taxable","18":"purchasable","19":"product-type-simple"},"yoast_head":"<!-- This site is optimized with the Yoast SEO plugin v26.5 - https:\/\/yoast.com\/wordpress\/plugins\/seo\/ -->\n<title>Verla Magn\u00e9sium Verla N Drag\u00e9es 200 pcs. &#187; commander ici<\/title>\n<meta name=\"description\" content=\"Verla Magn\u00e9sium Verla N Drag\u00e9es 200 pcs. pour Carence en magn\u00e9sium. Livr\u00e9 depuis votre pharmacie en ligne allemande. Exp\u00e9dition rapide. Service au top.\" \/>\n<meta name=\"robots\" content=\"noindex, follow, max-snippet:-1, max-image-preview:large, max-video-preview:-1\" \/>\n<meta property=\"og:locale\" content=\"fr_FR\" \/>\n<meta property=\"og:type\" content=\"article\" \/>\n<meta property=\"og:title\" content=\"Verla Magn\u00e9sium Verla N Drag\u00e9es 200 pcs. &#187; commander ici\" \/>\n<meta property=\"og:description\" content=\"Verla Magn\u00e9sium Verla N Drag\u00e9es 200 pcs. pour Carence en magn\u00e9sium. Livr\u00e9 depuis votre pharmacie en ligne allemande. Exp\u00e9dition rapide. Service au top.\" \/>\n<meta property=\"og:url\" content=\"https:\/\/loewentestneu.metafex.io\/fr\/produit\/fenistil-gel-maleate-de-dimetindene-1-mg-g-copy\" \/>\n<meta property=\"og:site_name\" content=\"Lion Pharmacy\" \/>\n<meta property=\"article:modified_time\" content=\"2024-12-14T05:23:59+00:00\" \/>\n<meta property=\"og:image\" content=\"https:\/\/loewentestneu.metafex.io\/wp-content\/uploads\/2024\/11\/Verla-Magnesium-Verla-N-Dragees-200-pcs.-04911945-Lions-Pharmacy.webp\" \/>\n\t<meta property=\"og:image:width\" content=\"600\" \/>\n\t<meta property=\"og:image:height\" content=\"600\" \/>\n\t<meta property=\"og:image:type\" content=\"image\/webp\" \/>\n<meta name=\"twitter:card\" content=\"summary_large_image\" \/>\n<meta name=\"twitter:label1\" content=\"Dur\u00e9e de lecture estim\u00e9e\" \/>\n\t<meta name=\"twitter:data1\" content=\"1 minute\" \/>\n<script type=\"application\/ld+json\" class=\"yoast-schema-graph\">{\"@context\":\"https:\/\/schema.org\",\"@graph\":[{\"@type\":\"WebPage\",\"@id\":\"https:\/\/loewentestneu.metafex.io\/fr\/produit\/fenistil-gel-maleate-de-dimetindene-1-mg-g-copy\",\"url\":\"https:\/\/loewentestneu.metafex.io\/fr\/produit\/fenistil-gel-maleate-de-dimetindene-1-mg-g-copy\",\"name\":\"Verla Magn\u00e9sium Verla N Drag\u00e9es 200 pcs. &#187; commander ici\",\"isPartOf\":{\"@id\":\"https:\/\/loewentestneu.metafex.io\/fr#website\"},\"primaryImageOfPage\":{\"@id\":\"https:\/\/loewentestneu.metafex.io\/fr\/produit\/fenistil-gel-maleate-de-dimetindene-1-mg-g-copy#primaryimage\"},\"image\":{\"@id\":\"https:\/\/loewentestneu.metafex.io\/fr\/produit\/fenistil-gel-maleate-de-dimetindene-1-mg-g-copy#primaryimage\"},\"thumbnailUrl\":\"https:\/\/loewentestneu.metafex.io\/wp-content\/uploads\/2024\/11\/Verla-Magnesium-Verla-N-Dragees-200-pcs.-04911945-Lions-Pharmacy.webp\",\"datePublished\":\"2024-11-05T05:53:31+00:00\",\"dateModified\":\"2024-12-14T05:23:59+00:00\",\"description\":\"Verla Magn\u00e9sium Verla N Drag\u00e9es 200 pcs. pour Carence en magn\u00e9sium. Livr\u00e9 depuis votre pharmacie en ligne allemande. Exp\u00e9dition rapide. Service au top.\",\"breadcrumb\":{\"@id\":\"https:\/\/loewentestneu.metafex.io\/fr\/produit\/fenistil-gel-maleate-de-dimetindene-1-mg-g-copy#breadcrumb\"},\"inLanguage\":\"fr-FR\",\"potentialAction\":[{\"@type\":\"ReadAction\",\"target\":[\"https:\/\/loewentestneu.metafex.io\/fr\/produit\/fenistil-gel-maleate-de-dimetindene-1-mg-g-copy\"]}]},{\"@type\":\"ImageObject\",\"inLanguage\":\"fr-FR\",\"@id\":\"https:\/\/loewentestneu.metafex.io\/fr\/produit\/fenistil-gel-maleate-de-dimetindene-1-mg-g-copy#primaryimage\",\"url\":\"https:\/\/loewentestneu.metafex.io\/wp-content\/uploads\/2024\/11\/Verla-Magnesium-Verla-N-Dragees-200-pcs.-04911945-Lions-Pharmacy.webp\",\"contentUrl\":\"https:\/\/loewentestneu.metafex.io\/wp-content\/uploads\/2024\/11\/Verla-Magnesium-Verla-N-Dragees-200-pcs.-04911945-Lions-Pharmacy.webp\",\"width\":600,\"height\":600,\"caption\":\"Verla Magn\u00e9sium Verla N Drag\u00e9es 200 pcs. Pharmacie 04911945 Lions Pharmacie\"},{\"@type\":\"BreadcrumbList\",\"@id\":\"https:\/\/loewentestneu.metafex.io\/fr\/produit\/fenistil-gel-maleate-de-dimetindene-1-mg-g-copy#breadcrumb\",\"itemListElement\":[{\"@type\":\"ListItem\",\"position\":1,\"name\":\"Home\",\"item\":\"https:\/\/loewentestneu.metafex.io\/fr\/homepage-lion-pharmacy\"},{\"@type\":\"ListItem\",\"position\":2,\"name\":\"Shop\",\"item\":\"https:\/\/loewentestneu.metafex.io\/fr\/boutique\"},{\"@type\":\"ListItem\",\"position\":3,\"name\":\"Verla Magn\u00e9sium Verla N Drag\u00e9es 200 pcs.\"}]},{\"@type\":\"WebSite\",\"@id\":\"https:\/\/loewentestneu.metafex.io\/fr#website\",\"url\":\"https:\/\/loewentestneu.metafex.io\/fr\",\"name\":\"Lions Pharmacy\",\"description\":\"Pharmacie sp\u00e9cialis\u00e9e en naturopathie de Baden-Baden, Allemagne\",\"publisher\":{\"@id\":\"https:\/\/loewentestneu.metafex.io\/fr#organization\"},\"alternateName\":\"Lion Pharmacy\",\"potentialAction\":[{\"@type\":\"SearchAction\",\"target\":{\"@type\":\"EntryPoint\",\"urlTemplate\":\"https:\/\/loewentestneu.metafex.io\/fr?s={search_term_string}\"},\"query-input\":{\"@type\":\"PropertyValueSpecification\",\"valueRequired\":true,\"valueName\":\"search_term_string\"}}],\"inLanguage\":\"fr-FR\"},{\"@type\":\"Organization\",\"@id\":\"https:\/\/loewentestneu.metafex.io\/fr#organization\",\"name\":\"Lions Pharmacy\",\"alternateName\":\"Lions Pharmacy24\",\"url\":\"https:\/\/loewentestneu.metafex.io\/fr\",\"logo\":{\"@type\":\"ImageObject\",\"inLanguage\":\"fr-FR\",\"@id\":\"https:\/\/loewentestneu.metafex.io\/fr#\/schema\/logo\/image\/\",\"url\":\"https:\/\/loewentestneu.metafex.io\/wp-content\/uploads\/2022\/12\/Logo-Lion-Pharmacy-c-o-Loewen-Apotheke-smal.jpg\",\"contentUrl\":\"https:\/\/loewentestneu.metafex.io\/wp-content\/uploads\/2022\/12\/Logo-Lion-Pharmacy-c-o-Loewen-Apotheke-smal.jpg\",\"width\":298,\"height\":99,\"caption\":\"Lions Pharmacy\"},\"image\":{\"@id\":\"https:\/\/loewentestneu.metafex.io\/fr#\/schema\/logo\/image\/\"}}]}<\/script>\n<!-- \/ Yoast SEO plugin. -->","yoast_head_json":{"title":"Verla Magn\u00e9sium Verla N Drag\u00e9es 200 pcs. &#187; commander ici","description":"Verla Magn\u00e9sium Verla N Drag\u00e9es 200 pcs. pour Carence en magn\u00e9sium. Livr\u00e9 depuis votre pharmacie en ligne allemande. Exp\u00e9dition rapide. Service au top.","robots":{"index":"noindex","follow":"follow","max-snippet":"max-snippet:-1","max-image-preview":"max-image-preview:large","max-video-preview":"max-video-preview:-1"},"og_locale":"fr_FR","og_type":"article","og_title":"Verla Magn\u00e9sium Verla N Drag\u00e9es 200 pcs. &#187; commander ici","og_description":"Verla Magn\u00e9sium Verla N Drag\u00e9es 200 pcs. pour Carence en magn\u00e9sium. Livr\u00e9 depuis votre pharmacie en ligne allemande. Exp\u00e9dition rapide. Service au top.","og_url":"https:\/\/loewentestneu.metafex.io\/fr\/produit\/fenistil-gel-maleate-de-dimetindene-1-mg-g-copy","og_site_name":"Lion Pharmacy","article_modified_time":"2024-12-14T05:23:59+00:00","og_image":[{"width":600,"height":600,"url":"https:\/\/loewentestneu.metafex.io\/wp-content\/uploads\/2024\/11\/Verla-Magnesium-Verla-N-Dragees-200-pcs.-04911945-Lions-Pharmacy.webp","type":"image\/webp"}],"twitter_card":"summary_large_image","twitter_misc":{"Dur\u00e9e de lecture estim\u00e9e":"1 minute"},"schema":{"@context":"https:\/\/schema.org","@graph":[{"@type":"WebPage","@id":"https:\/\/loewentestneu.metafex.io\/fr\/produit\/fenistil-gel-maleate-de-dimetindene-1-mg-g-copy","url":"https:\/\/loewentestneu.metafex.io\/fr\/produit\/fenistil-gel-maleate-de-dimetindene-1-mg-g-copy","name":"Verla Magn\u00e9sium Verla N Drag\u00e9es 200 pcs. &#187; commander ici","isPartOf":{"@id":"https:\/\/loewentestneu.metafex.io\/fr#website"},"primaryImageOfPage":{"@id":"https:\/\/loewentestneu.metafex.io\/fr\/produit\/fenistil-gel-maleate-de-dimetindene-1-mg-g-copy#primaryimage"},"image":{"@id":"https:\/\/loewentestneu.metafex.io\/fr\/produit\/fenistil-gel-maleate-de-dimetindene-1-mg-g-copy#primaryimage"},"thumbnailUrl":"https:\/\/loewentestneu.metafex.io\/wp-content\/uploads\/2024\/11\/Verla-Magnesium-Verla-N-Dragees-200-pcs.-04911945-Lions-Pharmacy.webp","datePublished":"2024-11-05T05:53:31+00:00","dateModified":"2024-12-14T05:23:59+00:00","description":"Verla Magn\u00e9sium Verla N Drag\u00e9es 200 pcs. pour Carence en magn\u00e9sium. Livr\u00e9 depuis votre pharmacie en ligne allemande. Exp\u00e9dition rapide. Service au top.","breadcrumb":{"@id":"https:\/\/loewentestneu.metafex.io\/fr\/produit\/fenistil-gel-maleate-de-dimetindene-1-mg-g-copy#breadcrumb"},"inLanguage":"fr-FR","potentialAction":[{"@type":"ReadAction","target":["https:\/\/loewentestneu.metafex.io\/fr\/produit\/fenistil-gel-maleate-de-dimetindene-1-mg-g-copy"]}]},{"@type":"ImageObject","inLanguage":"fr-FR","@id":"https:\/\/loewentestneu.metafex.io\/fr\/produit\/fenistil-gel-maleate-de-dimetindene-1-mg-g-copy#primaryimage","url":"https:\/\/loewentestneu.metafex.io\/wp-content\/uploads\/2024\/11\/Verla-Magnesium-Verla-N-Dragees-200-pcs.-04911945-Lions-Pharmacy.webp","contentUrl":"https:\/\/loewentestneu.metafex.io\/wp-content\/uploads\/2024\/11\/Verla-Magnesium-Verla-N-Dragees-200-pcs.-04911945-Lions-Pharmacy.webp","width":600,"height":600,"caption":"Verla Magn\u00e9sium Verla N Drag\u00e9es 200 pcs. Pharmacie 04911945 Lions Pharmacie"},{"@type":"BreadcrumbList","@id":"https:\/\/loewentestneu.metafex.io\/fr\/produit\/fenistil-gel-maleate-de-dimetindene-1-mg-g-copy#breadcrumb","itemListElement":[{"@type":"ListItem","position":1,"name":"Home","item":"https:\/\/loewentestneu.metafex.io\/fr\/homepage-lion-pharmacy"},{"@type":"ListItem","position":2,"name":"Shop","item":"https:\/\/loewentestneu.metafex.io\/fr\/boutique"},{"@type":"ListItem","position":3,"name":"Verla Magn\u00e9sium Verla N Drag\u00e9es 200 pcs."}]},{"@type":"WebSite","@id":"https:\/\/loewentestneu.metafex.io\/fr#website","url":"https:\/\/loewentestneu.metafex.io\/fr","name":"Lions Pharmacy","description":"Pharmacie sp\u00e9cialis\u00e9e en naturopathie de Baden-Baden, Allemagne","publisher":{"@id":"https:\/\/loewentestneu.metafex.io\/fr#organization"},"alternateName":"Lion Pharmacy","potentialAction":[{"@type":"SearchAction","target":{"@type":"EntryPoint","urlTemplate":"https:\/\/loewentestneu.metafex.io\/fr?s={search_term_string}"},"query-input":{"@type":"PropertyValueSpecification","valueRequired":true,"valueName":"search_term_string"}}],"inLanguage":"fr-FR"},{"@type":"Organization","@id":"https:\/\/loewentestneu.metafex.io\/fr#organization","name":"Lions Pharmacy","alternateName":"Lions Pharmacy24","url":"https:\/\/loewentestneu.metafex.io\/fr","logo":{"@type":"ImageObject","inLanguage":"fr-FR","@id":"https:\/\/loewentestneu.metafex.io\/fr#\/schema\/logo\/image\/","url":"https:\/\/loewentestneu.metafex.io\/wp-content\/uploads\/2022\/12\/Logo-Lion-Pharmacy-c-o-Loewen-Apotheke-smal.jpg","contentUrl":"https:\/\/loewentestneu.metafex.io\/wp-content\/uploads\/2022\/12\/Logo-Lion-Pharmacy-c-o-Loewen-Apotheke-smal.jpg","width":298,"height":99,"caption":"Lions Pharmacy"},"image":{"@id":"https:\/\/loewentestneu.metafex.io\/fr#\/schema\/logo\/image\/"}}]}},"_links":{"self":[{"href":"https:\/\/loewentestneu.metafex.io\/fr\/wp-json\/wp\/v2\/product\/5802","targetHints":{"allow":["GET"]}}],"collection":[{"href":"https:\/\/loewentestneu.metafex.io\/fr\/wp-json\/wp\/v2\/product"}],"about":[{"href":"https:\/\/loewentestneu.metafex.io\/fr\/wp-json\/wp\/v2\/types\/product"}],"replies":[{"embeddable":true,"href":"https:\/\/loewentestneu.metafex.io\/fr\/wp-json\/wp\/v2\/comments?post=5802"}],"wp:featuredmedia":[{"embeddable":true,"href":"https:\/\/loewentestneu.metafex.io\/fr\/wp-json\/wp\/v2\/media\/5807"}],"wp:attachment":[{"href":"https:\/\/loewentestneu.metafex.io\/fr\/wp-json\/wp\/v2\/media?parent=5802"}],"wp:term":[{"taxonomy":"product_brand","embeddable":true,"href":"https:\/\/loewentestneu.metafex.io\/fr\/wp-json\/wp\/v2\/product_brand?post=5802"},{"taxonomy":"product_cat","embeddable":true,"href":"https:\/\/loewentestneu.metafex.io\/fr\/wp-json\/wp\/v2\/product_cat?post=5802"},{"taxonomy":"product_tag","embeddable":true,"href":"https:\/\/loewentestneu.metafex.io\/fr\/wp-json\/wp\/v2\/product_tag?post=5802"}],"curies":[{"name":"wp","href":"https:\/\/api.w.org\/{rel}","templated":true}]}}