{"id":6664,"date":"2024-11-26T16:21:48","date_gmt":"2024-11-26T15:21:48","guid":{"rendered":"https:\/\/lions-pharmacy.com\/?post_type=product&#038;p=6664"},"modified":"2025-01-24T22:08:09","modified_gmt":"2025-01-24T21:08:09","slug":"rytmopasc-100-ml-4150087471357","status":"publish","type":"product","link":"https:\/\/loewentestneu.metafex.io\/fr\/produit\/rytmopasc-100-ml-4150087471357","title":{"rendered":"Rytmopasc 100 ml"},"content":{"rendered":"<h3>Rytmopasc<\/h3>\n<p class=\"product-rating__name\">Rytmopasc M\u00e9dicament hom\u00e9opathique pour les arythmies cardiaques, soutient et renforce en douceur la fonction cardiaque et rem\u00e8de naturel pour le c\u0153ur avec 8 ingr\u00e9dients actifs \u00e9prouv\u00e9s, dont l\u2019aub\u00e9pine et le gen\u00eat. Le stress constant est nocif ! &#8211; \u00e9galement au c\u0153ur, en particulier par l\u2019hypertension art\u00e9rielle et un rythme cardiaque irr\u00e9gulier.<\/p>\n<p>Toutes les personnes concern\u00e9es doivent se demander quelles sont les options dont elles disposent pour r\u00e9duire les cons\u00e9quences potentiellement dangereuses et d\u00e9sagr\u00e9ables du stress. L\u2019activit\u00e9 est n\u00e9cessaire et un changement de mode de vie : souvent, la perte de poids en faisant plus d\u2019exercice et en \u00e9vitant trop de viande, de sucreries et d\u2019alcool conduit \u00e0 des r\u00e9sultats \u00e9tonnants. Tr\u00e8s important : la r\u00e9duction du stress.<\/p>\n<p>Le portefeuille Pascoe comprend environ 200 produits. Il s\u2019agit notamment des m\u00e9dicaments \u00e0 base de plantes, des pr\u00e9parations vitamin\u00e9es \u00e0 forte dose, des rem\u00e8des complexes hom\u00e9opathiques et des compl\u00e9ments alimentaires. La vari\u00e9t\u00e9 des m\u00e9dicaments tient compte des exigences complexes des produits de sant\u00e9. Notre succ\u00e8s nous donne \u00e9galement raison \u00e0 l\u2019international : nos produits sont export\u00e9s dans plus de 30 pays \u00e0 travers le monde, et la tendance est \u00e0 la hausse.<\/p>\n<p>Autres produits pour l\u2019application&nbsp;: <a href=\"https:\/\/loewentestneu.metafex.io\/product-tag\/homeopathy\">Hom\u00e9opathie<\/a> | <a href=\"https:\/\/loewentestneu.metafex.io\/product-tag\/vitamins-supplements\">Vitamines<\/a> | <a href=\"https:\/\/loewentestneu.metafex.io\/product-tag\/virus-infection\">Infections <\/a> <\/p>\n<p>En apprendre plus sur manufactorer et ce produit: <a href=\"https:\/\/www.pascoe.de\/\" target=\"_blank\" rel=\"noopener\">Pascoe pharmazeutische Pr\u00e4parate GmbH<\/a> (lien vers site Web externe)<\/p>\n<p>Les informations contenues dans ce site web sont fournies \u00e0 titre informatif uniquement. Ils ne remplacent en aucun cas l&#8217;examen et le traitement par un m\u00e9decin. Veuillez noter que cela signifie qu&#8217;aucun diagnostic ne peut \u00eatre \u00e9tabli et qu&#8217;aucune th\u00e9rapie ne peut \u00eatre mise en place.<\/p>\n<p>Pour conna\u00eetre les risques et les effets secondaires, lisez la notice et demandez conseil \u00e0 votre m\u00e9decin ou \u00e0 votre pharmacien.<\/p>\n","protected":false},"excerpt":{"rendered":"<h2>Rytmopasc<\/h2>\n<p>Rytmopasc M\u00e9dicament hom\u00e9opathique pour les arythmies cardiaques.<\/p>\n<p>&nbsp;<\/p>\n<p><strong>PZN<\/strong> : 08747135<\/p>\n<p><strong>Forme gal\u00e9nique<\/strong> : gouttes<\/p>\n<p><strong>Type d\u2019ordonnance<\/strong> : sans ordonnance<\/p>\n<p><strong>Fabricant<\/strong>&nbsp;: Pascoe pharmazeutische Pr\u00e4parate GmbH<\/p>\n<p><strong>Contenance de l\u2019emballage<\/strong> : 100 ml<\/p>\n","protected":false},"featured_media":6669,"comment_status":"closed","ping_status":"closed","template":"","meta":[],"product_brand":[],"product_cat":[598,120,114],"product_tag":[266,297,306,264],"class_list":{"0":"post-6664","1":"product","2":"type-product","3":"status-publish","4":"has-post-thumbnail","6":"product_cat-pascoe-fr","7":"product_cat-sale-fr","8":"product_cat-non-classifiee","9":"product_tag-bien-etre","10":"product_tag-concentration-stress-fr","11":"product_tag-homeopathie","12":"product_tag-vitamines-et-supplements","13":"ts_product_brand-all-fr","14":"ts_product_brand-pascoe","16":"first","17":"instock","18":"sale","19":"taxable","20":"shipping-taxable","21":"purchasable","22":"product-type-simple"},"yoast_head":"<!-- This site is optimized with the Yoast SEO plugin v26.5 - https:\/\/yoast.com\/wordpress\/plugins\/seo\/ -->\n<title>Rytmopasc 100 ml &#187; sur Lion Pharmacy<\/title>\n<meta name=\"description\" content=\"Lions Pharmacy est une pharmacie allemande enregistr\u00e9e. Exp\u00e9dition internationale rapide avec DHL. En savoir plus sur Pascoe et Rytmopasc 100 ml\" \/>\n<meta name=\"robots\" content=\"noindex, follow, max-snippet:-1, max-image-preview:large, max-video-preview:-1\" \/>\n<meta property=\"og:locale\" content=\"fr_FR\" \/>\n<meta property=\"og:type\" content=\"article\" \/>\n<meta property=\"og:title\" content=\"Rytmopasc 100 ml &#187; sur Lion Pharmacy\" \/>\n<meta property=\"og:description\" content=\"Lions Pharmacy est une pharmacie allemande enregistr\u00e9e. Exp\u00e9dition internationale rapide avec DHL. En savoir plus sur Pascoe et Rytmopasc 100 ml\" \/>\n<meta property=\"og:url\" content=\"https:\/\/loewentestneu.metafex.io\/fr\/produit\/rytmopasc-100-ml-4150087471357\" \/>\n<meta property=\"og:site_name\" content=\"Lion Pharmacy\" \/>\n<meta property=\"article:modified_time\" content=\"2025-01-24T21:08:09+00:00\" \/>\n<meta property=\"og:image\" content=\"https:\/\/loewentestneu.metafex.io\/wp-content\/uploads\/2024\/11\/Rhytmopasc-PZN-08747135-Pascoe-Lionspharmacy.webp\" \/>\n\t<meta property=\"og:image:width\" content=\"600\" \/>\n\t<meta property=\"og:image:height\" content=\"600\" \/>\n\t<meta property=\"og:image:type\" content=\"image\/webp\" \/>\n<meta name=\"twitter:card\" content=\"summary_large_image\" \/>\n<meta name=\"twitter:label1\" content=\"Dur\u00e9e de lecture estim\u00e9e\" \/>\n\t<meta name=\"twitter:data1\" content=\"2 minutes\" \/>\n<script type=\"application\/ld+json\" class=\"yoast-schema-graph\">{\"@context\":\"https:\/\/schema.org\",\"@graph\":[{\"@type\":\"WebPage\",\"@id\":\"https:\/\/loewentestneu.metafex.io\/fr\/produit\/rytmopasc-100-ml-4150087471357\",\"url\":\"https:\/\/loewentestneu.metafex.io\/fr\/produit\/rytmopasc-100-ml-4150087471357\",\"name\":\"Rytmopasc 100 ml &#187; sur Lion Pharmacy\",\"isPartOf\":{\"@id\":\"https:\/\/loewentestneu.metafex.io\/fr#website\"},\"primaryImageOfPage\":{\"@id\":\"https:\/\/loewentestneu.metafex.io\/fr\/produit\/rytmopasc-100-ml-4150087471357#primaryimage\"},\"image\":{\"@id\":\"https:\/\/loewentestneu.metafex.io\/fr\/produit\/rytmopasc-100-ml-4150087471357#primaryimage\"},\"thumbnailUrl\":\"https:\/\/loewentestneu.metafex.io\/wp-content\/uploads\/2024\/11\/Rhytmopasc-PZN-08747135-Pascoe-Lionspharmacy.webp\",\"datePublished\":\"2024-11-26T15:21:48+00:00\",\"dateModified\":\"2025-01-24T21:08:09+00:00\",\"description\":\"Lions Pharmacy est une pharmacie allemande enregistr\u00e9e. Exp\u00e9dition internationale rapide avec DHL. En savoir plus sur Pascoe et Rytmopasc 100 ml\",\"breadcrumb\":{\"@id\":\"https:\/\/loewentestneu.metafex.io\/fr\/produit\/rytmopasc-100-ml-4150087471357#breadcrumb\"},\"inLanguage\":\"fr-FR\",\"potentialAction\":[{\"@type\":\"ReadAction\",\"target\":[\"https:\/\/loewentestneu.metafex.io\/fr\/produit\/rytmopasc-100-ml-4150087471357\"]}]},{\"@type\":\"ImageObject\",\"inLanguage\":\"fr-FR\",\"@id\":\"https:\/\/loewentestneu.metafex.io\/fr\/produit\/rytmopasc-100-ml-4150087471357#primaryimage\",\"url\":\"https:\/\/loewentestneu.metafex.io\/wp-content\/uploads\/2024\/11\/Rhytmopasc-PZN-08747135-Pascoe-Lionspharmacy.webp\",\"contentUrl\":\"https:\/\/loewentestneu.metafex.io\/wp-content\/uploads\/2024\/11\/Rhytmopasc-PZN-08747135-Pascoe-Lionspharmacy.webp\",\"width\":600,\"height\":600,\"caption\":\"L\u2019image montre Rhytmopasc. PZN 08747135. Pascoe. Pharmacie Lions\"},{\"@type\":\"BreadcrumbList\",\"@id\":\"https:\/\/loewentestneu.metafex.io\/fr\/produit\/rytmopasc-100-ml-4150087471357#breadcrumb\",\"itemListElement\":[{\"@type\":\"ListItem\",\"position\":1,\"name\":\"Home\",\"item\":\"https:\/\/loewentestneu.metafex.io\/fr\/homepage-lion-pharmacy\"},{\"@type\":\"ListItem\",\"position\":2,\"name\":\"Shop\",\"item\":\"https:\/\/loewentestneu.metafex.io\/fr\/boutique\"},{\"@type\":\"ListItem\",\"position\":3,\"name\":\"Rytmopasc 100 ml\"}]},{\"@type\":\"WebSite\",\"@id\":\"https:\/\/loewentestneu.metafex.io\/fr#website\",\"url\":\"https:\/\/loewentestneu.metafex.io\/fr\",\"name\":\"Lions Pharmacy\",\"description\":\"Pharmacie sp\u00e9cialis\u00e9e en naturopathie de Baden-Baden, Allemagne\",\"publisher\":{\"@id\":\"https:\/\/loewentestneu.metafex.io\/fr#organization\"},\"alternateName\":\"Lion Pharmacy\",\"potentialAction\":[{\"@type\":\"SearchAction\",\"target\":{\"@type\":\"EntryPoint\",\"urlTemplate\":\"https:\/\/loewentestneu.metafex.io\/fr?s={search_term_string}\"},\"query-input\":{\"@type\":\"PropertyValueSpecification\",\"valueRequired\":true,\"valueName\":\"search_term_string\"}}],\"inLanguage\":\"fr-FR\"},{\"@type\":\"Organization\",\"@id\":\"https:\/\/loewentestneu.metafex.io\/fr#organization\",\"name\":\"Lions Pharmacy\",\"alternateName\":\"Lions Pharmacy24\",\"url\":\"https:\/\/loewentestneu.metafex.io\/fr\",\"logo\":{\"@type\":\"ImageObject\",\"inLanguage\":\"fr-FR\",\"@id\":\"https:\/\/loewentestneu.metafex.io\/fr#\/schema\/logo\/image\/\",\"url\":\"https:\/\/loewentestneu.metafex.io\/wp-content\/uploads\/2022\/12\/Logo-Lion-Pharmacy-c-o-Loewen-Apotheke-smal.jpg\",\"contentUrl\":\"https:\/\/loewentestneu.metafex.io\/wp-content\/uploads\/2022\/12\/Logo-Lion-Pharmacy-c-o-Loewen-Apotheke-smal.jpg\",\"width\":298,\"height\":99,\"caption\":\"Lions Pharmacy\"},\"image\":{\"@id\":\"https:\/\/loewentestneu.metafex.io\/fr#\/schema\/logo\/image\/\"}}]}<\/script>\n<!-- \/ Yoast SEO plugin. -->","yoast_head_json":{"title":"Rytmopasc 100 ml &#187; sur Lion Pharmacy","description":"Lions Pharmacy est une pharmacie allemande enregistr\u00e9e. Exp\u00e9dition internationale rapide avec DHL. En savoir plus sur Pascoe et Rytmopasc 100 ml","robots":{"index":"noindex","follow":"follow","max-snippet":"max-snippet:-1","max-image-preview":"max-image-preview:large","max-video-preview":"max-video-preview:-1"},"og_locale":"fr_FR","og_type":"article","og_title":"Rytmopasc 100 ml &#187; sur Lion Pharmacy","og_description":"Lions Pharmacy est une pharmacie allemande enregistr\u00e9e. Exp\u00e9dition internationale rapide avec DHL. En savoir plus sur Pascoe et Rytmopasc 100 ml","og_url":"https:\/\/loewentestneu.metafex.io\/fr\/produit\/rytmopasc-100-ml-4150087471357","og_site_name":"Lion Pharmacy","article_modified_time":"2025-01-24T21:08:09+00:00","og_image":[{"width":600,"height":600,"url":"https:\/\/loewentestneu.metafex.io\/wp-content\/uploads\/2024\/11\/Rhytmopasc-PZN-08747135-Pascoe-Lionspharmacy.webp","type":"image\/webp"}],"twitter_card":"summary_large_image","twitter_misc":{"Dur\u00e9e de lecture estim\u00e9e":"2 minutes"},"schema":{"@context":"https:\/\/schema.org","@graph":[{"@type":"WebPage","@id":"https:\/\/loewentestneu.metafex.io\/fr\/produit\/rytmopasc-100-ml-4150087471357","url":"https:\/\/loewentestneu.metafex.io\/fr\/produit\/rytmopasc-100-ml-4150087471357","name":"Rytmopasc 100 ml &#187; sur Lion Pharmacy","isPartOf":{"@id":"https:\/\/loewentestneu.metafex.io\/fr#website"},"primaryImageOfPage":{"@id":"https:\/\/loewentestneu.metafex.io\/fr\/produit\/rytmopasc-100-ml-4150087471357#primaryimage"},"image":{"@id":"https:\/\/loewentestneu.metafex.io\/fr\/produit\/rytmopasc-100-ml-4150087471357#primaryimage"},"thumbnailUrl":"https:\/\/loewentestneu.metafex.io\/wp-content\/uploads\/2024\/11\/Rhytmopasc-PZN-08747135-Pascoe-Lionspharmacy.webp","datePublished":"2024-11-26T15:21:48+00:00","dateModified":"2025-01-24T21:08:09+00:00","description":"Lions Pharmacy est une pharmacie allemande enregistr\u00e9e. Exp\u00e9dition internationale rapide avec DHL. En savoir plus sur Pascoe et Rytmopasc 100 ml","breadcrumb":{"@id":"https:\/\/loewentestneu.metafex.io\/fr\/produit\/rytmopasc-100-ml-4150087471357#breadcrumb"},"inLanguage":"fr-FR","potentialAction":[{"@type":"ReadAction","target":["https:\/\/loewentestneu.metafex.io\/fr\/produit\/rytmopasc-100-ml-4150087471357"]}]},{"@type":"ImageObject","inLanguage":"fr-FR","@id":"https:\/\/loewentestneu.metafex.io\/fr\/produit\/rytmopasc-100-ml-4150087471357#primaryimage","url":"https:\/\/loewentestneu.metafex.io\/wp-content\/uploads\/2024\/11\/Rhytmopasc-PZN-08747135-Pascoe-Lionspharmacy.webp","contentUrl":"https:\/\/loewentestneu.metafex.io\/wp-content\/uploads\/2024\/11\/Rhytmopasc-PZN-08747135-Pascoe-Lionspharmacy.webp","width":600,"height":600,"caption":"L\u2019image montre Rhytmopasc. PZN 08747135. Pascoe. Pharmacie Lions"},{"@type":"BreadcrumbList","@id":"https:\/\/loewentestneu.metafex.io\/fr\/produit\/rytmopasc-100-ml-4150087471357#breadcrumb","itemListElement":[{"@type":"ListItem","position":1,"name":"Home","item":"https:\/\/loewentestneu.metafex.io\/fr\/homepage-lion-pharmacy"},{"@type":"ListItem","position":2,"name":"Shop","item":"https:\/\/loewentestneu.metafex.io\/fr\/boutique"},{"@type":"ListItem","position":3,"name":"Rytmopasc 100 ml"}]},{"@type":"WebSite","@id":"https:\/\/loewentestneu.metafex.io\/fr#website","url":"https:\/\/loewentestneu.metafex.io\/fr","name":"Lions Pharmacy","description":"Pharmacie sp\u00e9cialis\u00e9e en naturopathie de Baden-Baden, Allemagne","publisher":{"@id":"https:\/\/loewentestneu.metafex.io\/fr#organization"},"alternateName":"Lion Pharmacy","potentialAction":[{"@type":"SearchAction","target":{"@type":"EntryPoint","urlTemplate":"https:\/\/loewentestneu.metafex.io\/fr?s={search_term_string}"},"query-input":{"@type":"PropertyValueSpecification","valueRequired":true,"valueName":"search_term_string"}}],"inLanguage":"fr-FR"},{"@type":"Organization","@id":"https:\/\/loewentestneu.metafex.io\/fr#organization","name":"Lions Pharmacy","alternateName":"Lions Pharmacy24","url":"https:\/\/loewentestneu.metafex.io\/fr","logo":{"@type":"ImageObject","inLanguage":"fr-FR","@id":"https:\/\/loewentestneu.metafex.io\/fr#\/schema\/logo\/image\/","url":"https:\/\/loewentestneu.metafex.io\/wp-content\/uploads\/2022\/12\/Logo-Lion-Pharmacy-c-o-Loewen-Apotheke-smal.jpg","contentUrl":"https:\/\/loewentestneu.metafex.io\/wp-content\/uploads\/2022\/12\/Logo-Lion-Pharmacy-c-o-Loewen-Apotheke-smal.jpg","width":298,"height":99,"caption":"Lions Pharmacy"},"image":{"@id":"https:\/\/loewentestneu.metafex.io\/fr#\/schema\/logo\/image\/"}}]}},"_links":{"self":[{"href":"https:\/\/loewentestneu.metafex.io\/fr\/wp-json\/wp\/v2\/product\/6664","targetHints":{"allow":["GET"]}}],"collection":[{"href":"https:\/\/loewentestneu.metafex.io\/fr\/wp-json\/wp\/v2\/product"}],"about":[{"href":"https:\/\/loewentestneu.metafex.io\/fr\/wp-json\/wp\/v2\/types\/product"}],"replies":[{"embeddable":true,"href":"https:\/\/loewentestneu.metafex.io\/fr\/wp-json\/wp\/v2\/comments?post=6664"}],"wp:featuredmedia":[{"embeddable":true,"href":"https:\/\/loewentestneu.metafex.io\/fr\/wp-json\/wp\/v2\/media\/6669"}],"wp:attachment":[{"href":"https:\/\/loewentestneu.metafex.io\/fr\/wp-json\/wp\/v2\/media?parent=6664"}],"wp:term":[{"taxonomy":"product_brand","embeddable":true,"href":"https:\/\/loewentestneu.metafex.io\/fr\/wp-json\/wp\/v2\/product_brand?post=6664"},{"taxonomy":"product_cat","embeddable":true,"href":"https:\/\/loewentestneu.metafex.io\/fr\/wp-json\/wp\/v2\/product_cat?post=6664"},{"taxonomy":"product_tag","embeddable":true,"href":"https:\/\/loewentestneu.metafex.io\/fr\/wp-json\/wp\/v2\/product_tag?post=6664"}],"curies":[{"name":"wp","href":"https:\/\/api.w.org\/{rel}","templated":true}]}}