{"id":6786,"date":"2024-12-03T10:10:00","date_gmt":"2024-12-03T09:10:00","guid":{"rendered":"https:\/\/lions-pharmacy.com\/?post_type=product&#038;p=6786"},"modified":"2025-01-25T22:31:46","modified_gmt":"2025-01-25T21:31:46","slug":"neyvit-no-66-cell-power-tablets-60pcs-4150134212230","status":"publish","type":"product","link":"https:\/\/loewentestneu.metafex.io\/fr\/produit\/neyvit-no-66-cell-power-tablets-60pcs-4150134212230","title":{"rendered":"NeyVit n\u00b066 Comprim\u00e9s Cell Power 60pcs."},"content":{"rendered":"<h3>NeyVit n\u00b066 Tablettes Cell Power<\/h3>\n<p>NeyVit n\u00b0 66 comprim\u00e9s d\u2019alimentation cellulaire. Comprim\u00e9s gastro-r\u00e9sistants \u00e0 l\u2019extrait d\u2019organe et \u00e0 la vitamine D.<\/p>\n<p>Les pr\u00e9parations hom\u00e9opathiques pour organes propos\u00e9es par vitOrgan pour la th\u00e9rapie biomol\u00e9culaire utilisent des substances organiques naturelles ayant un effet r\u00e9gulateur et m\u00e9tabolique afin de normaliser physiologiquement les processus d\u00e9s\u00e9quilibr\u00e9s. La th\u00e9rapie biomol\u00e9culaire des organes vitaux est une th\u00e9rapie tr\u00e8s efficace depuis 60 ans. Elle constitue un pont entre les domaines dits de la m\u00e9decine orthodoxe et de la naturopathie. Elle utilise des substances naturelles, r\u00e9gulatrices et m\u00e9taboliques, disponibles chez l&#8217;homme et l&#8217;animal, pour normaliser les maladies en modifiant les processus physiologiques qui ne sont plus en \u00e9quilibre &#8211; et ainsi traiter le patient non seulement sur le plan symptomatique, mais aussi sur le plan causal. Selon le principe &#8220;le c\u0153ur gu\u00e9rit le c\u0153ur, le rein gu\u00e9rit le rein, l&#8217;organe gu\u00e9rit l&#8217;organe&#8221;, il est important de r\u00e9veiller la puissance des cellules affaiblies par une r\u00e9gulation cibl\u00e9e.<\/p>\n<p>D\u00e9pliant \/ flyer : <a href=\"https:\/\/www.loewen-apotheke24.com\/wp-content\/uploads\/2017\/11\/Flyer_NeyVit_Nr.66.pdf\">Flyer NeyVit No.66<\/a><\/p>\n<p>Informations du fabricant vitOrgan sur NeyVit n\u00b066 &#8211; <a href=\"https:\/\/vitorgan.de\/produkte-human\/neyvit\/\">vers le site web du partenaire<\/a><br \/>\nAutres produits <a href=\"https:\/\/loewentestneu.metafex.io\/product-category\/vitorgan\">de vitOrgan<\/a>.<\/p>\n<p>Les informations contenues dans ce site web sont fournies \u00e0 titre informatif uniquement. Ils ne remplacent en aucun cas l&#8217;examen et le traitement par un m\u00e9decin. Veuillez noter que cela signifie qu&#8217;aucun diagnostic ne peut \u00eatre \u00e9tabli et qu&#8217;aucune th\u00e9rapie ne peut \u00eatre mise en place.<\/p>\n<p>Pour conna\u00eetre les risques et les effets secondaires, lisez la notice et demandez conseil \u00e0 votre m\u00e9decin ou \u00e0 votre pharmacien.<\/p>\n","protected":false},"excerpt":{"rendered":"<h2>NeyVit n\u00b066 Comprim\u00e9s Cell Power 60pcs.<\/h2>\n<p>Comprim\u00e9s gastro-r\u00e9sistants \u00e0 l\u2019extrait d\u2019organe et \u00e0 la vitamine D. NeyVit n\u00b0 66 comprim\u00e9s de puissance cellulaire.<\/p>\n<p>&nbsp;<\/p>\n<p>PZN : 13421223 (num\u00e9ro central de pharmacie)<\/p>\n<p>Forme posologique: comprim\u00e9s<\/p>\n<p>Type de prescription : sans ordonnance<\/p>\n<p>Marque : vitOrgan<\/p>\n<p>Fabricant : vitOrgan GmbH &amp; Co.KG, Ostfildern, Allemagne<\/p>\n<p>Taille de l\u2019emballage&nbsp;: 60 pcs.<\/p>\n","protected":false},"featured_media":6791,"comment_status":"closed","ping_status":"closed","template":"","meta":[],"product_brand":[],"product_cat":[120,114,129],"product_tag":[306,230],"class_list":{"0":"post-6786","1":"product","2":"type-product","3":"status-publish","4":"has-post-thumbnail","6":"product_cat-sale-fr","7":"product_cat-non-classifiee","8":"product_cat-vitorgan-fr","9":"product_tag-homeopathie","10":"product_tag-neydil-fr","11":"ts_product_brand-all-fr","12":"ts_product_brand-vitorgan-fr","14":"first","15":"instock","16":"sale","17":"taxable","18":"shipping-taxable","19":"purchasable","20":"product-type-simple"},"yoast_head":"<!-- This site is optimized with the Yoast SEO plugin v26.5 - https:\/\/yoast.com\/wordpress\/plugins\/seo\/ -->\n<title>NeyVit n\u00b066 Comprim\u00e9s Cell Power 60pcs. &#187; Pharmacie - commandez ici<\/title>\n<meta name=\"description\" content=\"Pharmacie en ligne allemande enregistr\u00e9e | Exp\u00e9dition internationale rapide | Produit fabriqu\u00e9 par vitOrgan : NeyVit n\u00b066 Comprim\u00e9s Cell Power 60pcs.\" \/>\n<meta name=\"robots\" content=\"noindex, follow, max-snippet:-1, max-image-preview:large, max-video-preview:-1\" \/>\n<meta property=\"og:locale\" content=\"fr_FR\" \/>\n<meta property=\"og:type\" content=\"article\" \/>\n<meta property=\"og:title\" content=\"NeyVit n\u00b066 Comprim\u00e9s Cell Power 60pcs. &#187; Pharmacie - commandez ici\" \/>\n<meta property=\"og:description\" content=\"Pharmacie en ligne allemande enregistr\u00e9e | Exp\u00e9dition internationale rapide | Produit fabriqu\u00e9 par vitOrgan : NeyVit n\u00b066 Comprim\u00e9s Cell Power 60pcs.\" \/>\n<meta property=\"og:url\" content=\"https:\/\/loewentestneu.metafex.io\/fr\/produit\/neyvit-no-66-cell-power-tablets-60pcs-4150134212230\" \/>\n<meta property=\"og:site_name\" content=\"Lion Pharmacy\" \/>\n<meta property=\"article:modified_time\" content=\"2025-01-25T21:31:46+00:00\" \/>\n<meta property=\"og:image\" content=\"https:\/\/loewentestneu.metafex.io\/wp-content\/uploads\/2024\/11\/Neyvit-No.-66-cell-power-Vitorgan-PZN-13421223-Lions-Pharmacy.webp\" \/>\n\t<meta property=\"og:image:width\" content=\"600\" \/>\n\t<meta property=\"og:image:height\" content=\"570\" \/>\n\t<meta property=\"og:image:type\" content=\"image\/webp\" \/>\n<meta name=\"twitter:card\" content=\"summary_large_image\" \/>\n<meta name=\"twitter:label1\" content=\"Dur\u00e9e de lecture estim\u00e9e\" \/>\n\t<meta name=\"twitter:data1\" content=\"1 minute\" \/>\n<script type=\"application\/ld+json\" class=\"yoast-schema-graph\">{\"@context\":\"https:\/\/schema.org\",\"@graph\":[{\"@type\":\"WebPage\",\"@id\":\"https:\/\/loewentestneu.metafex.io\/fr\/produit\/neyvit-no-66-cell-power-tablets-60pcs-4150134212230\",\"url\":\"https:\/\/loewentestneu.metafex.io\/fr\/produit\/neyvit-no-66-cell-power-tablets-60pcs-4150134212230\",\"name\":\"NeyVit n\u00b066 Comprim\u00e9s Cell Power 60pcs. &#187; Pharmacie - commandez ici\",\"isPartOf\":{\"@id\":\"https:\/\/loewentestneu.metafex.io\/fr#website\"},\"primaryImageOfPage\":{\"@id\":\"https:\/\/loewentestneu.metafex.io\/fr\/produit\/neyvit-no-66-cell-power-tablets-60pcs-4150134212230#primaryimage\"},\"image\":{\"@id\":\"https:\/\/loewentestneu.metafex.io\/fr\/produit\/neyvit-no-66-cell-power-tablets-60pcs-4150134212230#primaryimage\"},\"thumbnailUrl\":\"https:\/\/loewentestneu.metafex.io\/wp-content\/uploads\/2024\/11\/Neyvit-No.-66-cell-power-Vitorgan-PZN-13421223-Lions-Pharmacy.webp\",\"datePublished\":\"2024-12-03T09:10:00+00:00\",\"dateModified\":\"2025-01-25T21:31:46+00:00\",\"description\":\"Pharmacie en ligne allemande enregistr\u00e9e | Exp\u00e9dition internationale rapide | Produit fabriqu\u00e9 par vitOrgan : NeyVit n\u00b066 Comprim\u00e9s Cell Power 60pcs.\",\"breadcrumb\":{\"@id\":\"https:\/\/loewentestneu.metafex.io\/fr\/produit\/neyvit-no-66-cell-power-tablets-60pcs-4150134212230#breadcrumb\"},\"inLanguage\":\"fr-FR\",\"potentialAction\":[{\"@type\":\"ReadAction\",\"target\":[\"https:\/\/loewentestneu.metafex.io\/fr\/produit\/neyvit-no-66-cell-power-tablets-60pcs-4150134212230\"]}]},{\"@type\":\"ImageObject\",\"inLanguage\":\"fr-FR\",\"@id\":\"https:\/\/loewentestneu.metafex.io\/fr\/produit\/neyvit-no-66-cell-power-tablets-60pcs-4150134212230#primaryimage\",\"url\":\"https:\/\/loewentestneu.metafex.io\/wp-content\/uploads\/2024\/11\/Neyvit-No.-66-cell-power-Vitorgan-PZN-13421223-Lions-Pharmacy.webp\",\"contentUrl\":\"https:\/\/loewentestneu.metafex.io\/wp-content\/uploads\/2024\/11\/Neyvit-No.-66-cell-power-Vitorgan-PZN-13421223-Lions-Pharmacy.webp\",\"width\":600,\"height\":570,\"caption\":\"L\u2019image montre la puissance cellulaire Neyvit n\u00b0 66 - Vitorgan-PZN 13421223-Lions Pharmacy\"},{\"@type\":\"BreadcrumbList\",\"@id\":\"https:\/\/loewentestneu.metafex.io\/fr\/produit\/neyvit-no-66-cell-power-tablets-60pcs-4150134212230#breadcrumb\",\"itemListElement\":[{\"@type\":\"ListItem\",\"position\":1,\"name\":\"Home\",\"item\":\"https:\/\/loewentestneu.metafex.io\/fr\/homepage-lion-pharmacy\"},{\"@type\":\"ListItem\",\"position\":2,\"name\":\"Shop\",\"item\":\"https:\/\/loewentestneu.metafex.io\/fr\/boutique\"},{\"@type\":\"ListItem\",\"position\":3,\"name\":\"NeyVit n\u00b066 Comprim\u00e9s Cell Power 60pcs.\"}]},{\"@type\":\"WebSite\",\"@id\":\"https:\/\/loewentestneu.metafex.io\/fr#website\",\"url\":\"https:\/\/loewentestneu.metafex.io\/fr\",\"name\":\"Lions Pharmacy\",\"description\":\"Pharmacie sp\u00e9cialis\u00e9e en naturopathie de Baden-Baden, Allemagne\",\"publisher\":{\"@id\":\"https:\/\/loewentestneu.metafex.io\/fr#organization\"},\"alternateName\":\"Lion Pharmacy\",\"potentialAction\":[{\"@type\":\"SearchAction\",\"target\":{\"@type\":\"EntryPoint\",\"urlTemplate\":\"https:\/\/loewentestneu.metafex.io\/fr?s={search_term_string}\"},\"query-input\":{\"@type\":\"PropertyValueSpecification\",\"valueRequired\":true,\"valueName\":\"search_term_string\"}}],\"inLanguage\":\"fr-FR\"},{\"@type\":\"Organization\",\"@id\":\"https:\/\/loewentestneu.metafex.io\/fr#organization\",\"name\":\"Lions Pharmacy\",\"alternateName\":\"Lions Pharmacy24\",\"url\":\"https:\/\/loewentestneu.metafex.io\/fr\",\"logo\":{\"@type\":\"ImageObject\",\"inLanguage\":\"fr-FR\",\"@id\":\"https:\/\/loewentestneu.metafex.io\/fr#\/schema\/logo\/image\/\",\"url\":\"https:\/\/loewentestneu.metafex.io\/wp-content\/uploads\/2022\/12\/Logo-Lion-Pharmacy-c-o-Loewen-Apotheke-smal.jpg\",\"contentUrl\":\"https:\/\/loewentestneu.metafex.io\/wp-content\/uploads\/2022\/12\/Logo-Lion-Pharmacy-c-o-Loewen-Apotheke-smal.jpg\",\"width\":298,\"height\":99,\"caption\":\"Lions Pharmacy\"},\"image\":{\"@id\":\"https:\/\/loewentestneu.metafex.io\/fr#\/schema\/logo\/image\/\"}}]}<\/script>\n<!-- \/ Yoast SEO plugin. -->","yoast_head_json":{"title":"NeyVit n\u00b066 Comprim\u00e9s Cell Power 60pcs. &#187; Pharmacie - commandez ici","description":"Pharmacie en ligne allemande enregistr\u00e9e | Exp\u00e9dition internationale rapide | Produit fabriqu\u00e9 par vitOrgan : NeyVit n\u00b066 Comprim\u00e9s Cell Power 60pcs.","robots":{"index":"noindex","follow":"follow","max-snippet":"max-snippet:-1","max-image-preview":"max-image-preview:large","max-video-preview":"max-video-preview:-1"},"og_locale":"fr_FR","og_type":"article","og_title":"NeyVit n\u00b066 Comprim\u00e9s Cell Power 60pcs. &#187; Pharmacie - commandez ici","og_description":"Pharmacie en ligne allemande enregistr\u00e9e | Exp\u00e9dition internationale rapide | Produit fabriqu\u00e9 par vitOrgan : NeyVit n\u00b066 Comprim\u00e9s Cell Power 60pcs.","og_url":"https:\/\/loewentestneu.metafex.io\/fr\/produit\/neyvit-no-66-cell-power-tablets-60pcs-4150134212230","og_site_name":"Lion Pharmacy","article_modified_time":"2025-01-25T21:31:46+00:00","og_image":[{"width":600,"height":570,"url":"https:\/\/loewentestneu.metafex.io\/wp-content\/uploads\/2024\/11\/Neyvit-No.-66-cell-power-Vitorgan-PZN-13421223-Lions-Pharmacy.webp","type":"image\/webp"}],"twitter_card":"summary_large_image","twitter_misc":{"Dur\u00e9e de lecture estim\u00e9e":"1 minute"},"schema":{"@context":"https:\/\/schema.org","@graph":[{"@type":"WebPage","@id":"https:\/\/loewentestneu.metafex.io\/fr\/produit\/neyvit-no-66-cell-power-tablets-60pcs-4150134212230","url":"https:\/\/loewentestneu.metafex.io\/fr\/produit\/neyvit-no-66-cell-power-tablets-60pcs-4150134212230","name":"NeyVit n\u00b066 Comprim\u00e9s Cell Power 60pcs. &#187; Pharmacie - commandez ici","isPartOf":{"@id":"https:\/\/loewentestneu.metafex.io\/fr#website"},"primaryImageOfPage":{"@id":"https:\/\/loewentestneu.metafex.io\/fr\/produit\/neyvit-no-66-cell-power-tablets-60pcs-4150134212230#primaryimage"},"image":{"@id":"https:\/\/loewentestneu.metafex.io\/fr\/produit\/neyvit-no-66-cell-power-tablets-60pcs-4150134212230#primaryimage"},"thumbnailUrl":"https:\/\/loewentestneu.metafex.io\/wp-content\/uploads\/2024\/11\/Neyvit-No.-66-cell-power-Vitorgan-PZN-13421223-Lions-Pharmacy.webp","datePublished":"2024-12-03T09:10:00+00:00","dateModified":"2025-01-25T21:31:46+00:00","description":"Pharmacie en ligne allemande enregistr\u00e9e | Exp\u00e9dition internationale rapide | Produit fabriqu\u00e9 par vitOrgan : NeyVit n\u00b066 Comprim\u00e9s Cell Power 60pcs.","breadcrumb":{"@id":"https:\/\/loewentestneu.metafex.io\/fr\/produit\/neyvit-no-66-cell-power-tablets-60pcs-4150134212230#breadcrumb"},"inLanguage":"fr-FR","potentialAction":[{"@type":"ReadAction","target":["https:\/\/loewentestneu.metafex.io\/fr\/produit\/neyvit-no-66-cell-power-tablets-60pcs-4150134212230"]}]},{"@type":"ImageObject","inLanguage":"fr-FR","@id":"https:\/\/loewentestneu.metafex.io\/fr\/produit\/neyvit-no-66-cell-power-tablets-60pcs-4150134212230#primaryimage","url":"https:\/\/loewentestneu.metafex.io\/wp-content\/uploads\/2024\/11\/Neyvit-No.-66-cell-power-Vitorgan-PZN-13421223-Lions-Pharmacy.webp","contentUrl":"https:\/\/loewentestneu.metafex.io\/wp-content\/uploads\/2024\/11\/Neyvit-No.-66-cell-power-Vitorgan-PZN-13421223-Lions-Pharmacy.webp","width":600,"height":570,"caption":"L\u2019image montre la puissance cellulaire Neyvit n\u00b0 66 - Vitorgan-PZN 13421223-Lions Pharmacy"},{"@type":"BreadcrumbList","@id":"https:\/\/loewentestneu.metafex.io\/fr\/produit\/neyvit-no-66-cell-power-tablets-60pcs-4150134212230#breadcrumb","itemListElement":[{"@type":"ListItem","position":1,"name":"Home","item":"https:\/\/loewentestneu.metafex.io\/fr\/homepage-lion-pharmacy"},{"@type":"ListItem","position":2,"name":"Shop","item":"https:\/\/loewentestneu.metafex.io\/fr\/boutique"},{"@type":"ListItem","position":3,"name":"NeyVit n\u00b066 Comprim\u00e9s Cell Power 60pcs."}]},{"@type":"WebSite","@id":"https:\/\/loewentestneu.metafex.io\/fr#website","url":"https:\/\/loewentestneu.metafex.io\/fr","name":"Lions Pharmacy","description":"Pharmacie sp\u00e9cialis\u00e9e en naturopathie de Baden-Baden, Allemagne","publisher":{"@id":"https:\/\/loewentestneu.metafex.io\/fr#organization"},"alternateName":"Lion Pharmacy","potentialAction":[{"@type":"SearchAction","target":{"@type":"EntryPoint","urlTemplate":"https:\/\/loewentestneu.metafex.io\/fr?s={search_term_string}"},"query-input":{"@type":"PropertyValueSpecification","valueRequired":true,"valueName":"search_term_string"}}],"inLanguage":"fr-FR"},{"@type":"Organization","@id":"https:\/\/loewentestneu.metafex.io\/fr#organization","name":"Lions Pharmacy","alternateName":"Lions Pharmacy24","url":"https:\/\/loewentestneu.metafex.io\/fr","logo":{"@type":"ImageObject","inLanguage":"fr-FR","@id":"https:\/\/loewentestneu.metafex.io\/fr#\/schema\/logo\/image\/","url":"https:\/\/loewentestneu.metafex.io\/wp-content\/uploads\/2022\/12\/Logo-Lion-Pharmacy-c-o-Loewen-Apotheke-smal.jpg","contentUrl":"https:\/\/loewentestneu.metafex.io\/wp-content\/uploads\/2022\/12\/Logo-Lion-Pharmacy-c-o-Loewen-Apotheke-smal.jpg","width":298,"height":99,"caption":"Lions Pharmacy"},"image":{"@id":"https:\/\/loewentestneu.metafex.io\/fr#\/schema\/logo\/image\/"}}]}},"_links":{"self":[{"href":"https:\/\/loewentestneu.metafex.io\/fr\/wp-json\/wp\/v2\/product\/6786","targetHints":{"allow":["GET"]}}],"collection":[{"href":"https:\/\/loewentestneu.metafex.io\/fr\/wp-json\/wp\/v2\/product"}],"about":[{"href":"https:\/\/loewentestneu.metafex.io\/fr\/wp-json\/wp\/v2\/types\/product"}],"replies":[{"embeddable":true,"href":"https:\/\/loewentestneu.metafex.io\/fr\/wp-json\/wp\/v2\/comments?post=6786"}],"wp:featuredmedia":[{"embeddable":true,"href":"https:\/\/loewentestneu.metafex.io\/fr\/wp-json\/wp\/v2\/media\/6791"}],"wp:attachment":[{"href":"https:\/\/loewentestneu.metafex.io\/fr\/wp-json\/wp\/v2\/media?parent=6786"}],"wp:term":[{"taxonomy":"product_brand","embeddable":true,"href":"https:\/\/loewentestneu.metafex.io\/fr\/wp-json\/wp\/v2\/product_brand?post=6786"},{"taxonomy":"product_cat","embeddable":true,"href":"https:\/\/loewentestneu.metafex.io\/fr\/wp-json\/wp\/v2\/product_cat?post=6786"},{"taxonomy":"product_tag","embeddable":true,"href":"https:\/\/loewentestneu.metafex.io\/fr\/wp-json\/wp\/v2\/product_tag?post=6786"}],"curies":[{"name":"wp","href":"https:\/\/api.w.org\/{rel}","templated":true}]}}