{"id":6796,"date":"2024-12-07T09:21:13","date_gmt":"2024-12-07T08:21:13","guid":{"rendered":"https:\/\/lions-pharmacy.com\/?post_type=product&#038;p=6796"},"modified":"2025-01-25T22:16:30","modified_gmt":"2025-01-25T21:16:30","slug":"neyskin-day-cream-with-coenzyme-q10-50ml-07146416","status":"publish","type":"product","link":"https:\/\/loewentestneu.metafex.io\/fr\/produit\/neyskin-day-cream-with-coenzyme-q10-50ml-07146416","title":{"rendered":"Neyskin Cr\u00e8me de Jour \u00e0 la Coenzyme Q10 50ml"},"content":{"rendered":"<h3>Cr\u00e8me de jour Neyskin \u00e0 la coenzyme Q10<\/h3>\n<p>Cr\u00e8me de jour Neyskin \u00e0 la coenzyme Q10. La coenzyme Q10 soutient le m\u00e9tabolisme des centrales \u00e9nerg\u00e9tiques des cellules mitochondriales et fournit \u00e0 la peau le regain d\u2019\u00e9nergie n\u00e9cessaire.<br \/>\nL\u2019huile d\u2019argan biologique stimule et soutient la r\u00e9g\u00e9n\u00e9ration cellulaire. L\u2019huile de calendula a un effet calmant, nourrissant et hydratant ; Il prot\u00e8ge contre la d\u00e9shydratation et favorise la r\u00e9g\u00e9n\u00e9ration cellulaire.<br \/>\nLe beurre de karit\u00e9 contient de la vitamine A de beaut\u00e9 et de la vitamine E protectrice des cellules.<\/p>\n<p>L\u2019huile de camomille de haute qualit\u00e9 apaise la peau, les facteurs de fixation de l\u2019humidit\u00e9 contrecarrent le vieillissement pr\u00e9matur\u00e9 de la peau et nourrissent la peau tout au long de la journ\u00e9e. La peau est lisse et souple. Id\u00e9al comme base de maquillage.<br \/>\nL\u2019absorbeur d\u2019UV prot\u00e8ge contre les rayons UV nocifs et retarde le processus de vieillissement de la peau. Extraits cellulaires &#8211; sp\u00e9cialement pr\u00e9par\u00e9s, ils soutiennent le pouvoir de renouvellement cellulaire gr\u00e2ce \u00e0 leurs m\u00e9canismes de stimulation de la r\u00e9paration et pr\u00e9viennent le vieillissement pr\u00e9matur\u00e9 de la peau. Le processus de vieillissement de chaque peau commence par une perte d\u2019hydratation. Des rides apparaissent, la peau perd de son \u00e9lasticit\u00e9 et de sa fermet\u00e9. Les influences environnementales nocives et les radicaux libres acc\u00e9l\u00e8rent le vieillissement. La peau devient cassante, craquel\u00e9e, rid\u00e9e et flasque.<\/p>\n<p>Avec les extraits cellulaires sp\u00e9cialement pr\u00e9par\u00e9s des soins actifs naturels Regena Ney, nous pouvons soutenir les m\u00e9canismes de r\u00e9paration de la peau. De cette fa\u00e7on, nous activons les processus sains de la peau et renfor\u00e7ons les cellules de la peau.<\/p>\n<p>Nous avons d\u00e9velopp\u00e9 les ingr\u00e9dients actifs naturels cosm\u00e9tiques \u00e0 l\u2019aide de proc\u00e9d\u00e9s brevet\u00e9s et sommes une innovation en dermatologie. Les extraits cellulaires uniques de l\u2019ingr\u00e9dient actif naturel du soin soutiennent la peau dans toutes les phases de son renouvellement et la renforcent contre les effets du vieillissement et les influences environnementales n\u00e9fastes.<\/p>\n<p>Des soins de la peau 100% naturels pour des besoins cutan\u00e9s tr\u00e8s sp\u00e9cifiques.<\/p>\n<p>Autres produits pour l\u2019application : <a href=\"https:\/\/loewentestneu.metafex.io\/produkt-kategorie\/vitorgan\">vitOrgan<\/a> | <a href=\"https:\/\/loewentestneu.metafex.io\/product-tag\/vitamins-supplements\">Vitamines et suppl\u00e9ments Produits<\/a><br \/>\nEn savoir plus sur le fabricant et ce produit : <a href=\"https:\/\/vitorgan.de\/en\/products\/\" target=\"_blank\" rel=\"noopener\">vitOrgan<\/a> (lien vers un site web externe)<\/p>\n<p>Les informations contenues dans ce site web sont fournies \u00e0 titre informatif uniquement. Ils ne remplacent en aucun cas l&#8217;examen et le traitement par un m\u00e9decin. Veuillez noter que cela signifie qu&#8217;aucun diagnostic ne peut \u00eatre \u00e9tabli et qu&#8217;aucune th\u00e9rapie ne peut \u00eatre mise en place.<\/p>\n<p>Pour conna\u00eetre les risques et les effets secondaires, lisez la notice et demandez conseil \u00e0 votre m\u00e9decin ou \u00e0 votre pharmacien.<\/p>\n","protected":false},"excerpt":{"rendered":"<h2>Neyskin Cr\u00e8me de Jour \u00e0 la Coenzyme Q10 50ml<\/h2>\n<p>Des soins de la peau 100% naturels pour des besoins cutan\u00e9s tr\u00e8s sp\u00e9cifiques avec de la coenzyme Q10.<\/p>\n<p>&nbsp;<\/p>\n<p>PZN : 07146416<\/p>\n<p>Forme gal\u00e9nique : cr\u00e8me<\/p>\n<p>Type de prescription : sans ordonnance<\/p>\n<p>Marque&nbsp;: Regena Ney<\/p>\n<p>Fabricant : vitOrgan GmbH &amp; Co.KG, Ostfildern, Allemagne<\/p>\n<p>Contenance de l\u2019emballage : 50 ml<\/p>\n","protected":false},"featured_media":6801,"comment_status":"closed","ping_status":"closed","template":"","meta":[],"product_brand":[],"product_cat":[114,129],"product_tag":[266,265,306,267,309],"class_list":{"0":"post-6796","1":"product","2":"type-product","3":"status-publish","4":"has-post-thumbnail","6":"product_cat-non-classifiee","7":"product_cat-vitorgan-fr","8":"product_tag-bien-etre","9":"product_tag-gestion-du-poids","10":"product_tag-homeopathie","11":"product_tag-poids-et-forme","12":"product_tag-vente-mensuelle","13":"ts_product_brand-all-fr","14":"ts_product_brand-vitorgan-fr","16":"first","17":"instock","18":"sale","19":"taxable","20":"shipping-taxable","21":"purchasable","22":"product-type-simple"},"yoast_head":"<!-- This site is optimized with the Yoast SEO plugin v26.5 - https:\/\/yoast.com\/wordpress\/plugins\/seo\/ -->\n<title>Neyskin Cr\u00e8me de Jour \u00e0 la Coenzyme Q10 50ml &#187; En savoir plus<\/title>\n<meta name=\"description\" content=\"Pharmacie en ligne allemande enregistr\u00e9e | Exp\u00e9dition internationale rapide | Produit fabriqu\u00e9 par vitOrgan : Neyskin Cr\u00e8me de Jour \u00e0 la Coenzyme Q10 50ml\" \/>\n<meta name=\"robots\" content=\"noindex, follow, max-snippet:-1, max-image-preview:large, max-video-preview:-1\" \/>\n<meta property=\"og:locale\" content=\"fr_FR\" \/>\n<meta property=\"og:type\" content=\"article\" \/>\n<meta property=\"og:title\" content=\"Neyskin Cr\u00e8me de Jour \u00e0 la Coenzyme Q10 50ml &#187; En savoir plus\" \/>\n<meta property=\"og:description\" content=\"Pharmacie en ligne allemande enregistr\u00e9e | Exp\u00e9dition internationale rapide | Produit fabriqu\u00e9 par vitOrgan : Neyskin Cr\u00e8me de Jour \u00e0 la Coenzyme Q10 50ml\" \/>\n<meta property=\"og:url\" content=\"https:\/\/loewentestneu.metafex.io\/fr\/produit\/neyskin-day-cream-with-coenzyme-q10-50ml-07146416\" \/>\n<meta property=\"og:site_name\" content=\"Lion Pharmacy\" \/>\n<meta property=\"article:modified_time\" content=\"2025-01-25T21:16:30+00:00\" \/>\n<meta property=\"og:image\" content=\"https:\/\/loewentestneu.metafex.io\/wp-content\/uploads\/2024\/11\/Neyskin-day-Vitorgan-Lowenapotheke24-PZN-7146416.webp\" \/>\n\t<meta property=\"og:image:width\" content=\"600\" \/>\n\t<meta property=\"og:image:height\" content=\"600\" \/>\n\t<meta property=\"og:image:type\" content=\"image\/webp\" \/>\n<meta name=\"twitter:card\" content=\"summary_large_image\" \/>\n<meta name=\"twitter:label1\" content=\"Dur\u00e9e de lecture estim\u00e9e\" \/>\n\t<meta name=\"twitter:data1\" content=\"2 minutes\" \/>\n<script type=\"application\/ld+json\" class=\"yoast-schema-graph\">{\"@context\":\"https:\/\/schema.org\",\"@graph\":[{\"@type\":\"WebPage\",\"@id\":\"https:\/\/loewentestneu.metafex.io\/fr\/produit\/neyskin-day-cream-with-coenzyme-q10-50ml-07146416\",\"url\":\"https:\/\/loewentestneu.metafex.io\/fr\/produit\/neyskin-day-cream-with-coenzyme-q10-50ml-07146416\",\"name\":\"Neyskin Cr\u00e8me de Jour \u00e0 la Coenzyme Q10 50ml &#187; En savoir plus\",\"isPartOf\":{\"@id\":\"https:\/\/loewentestneu.metafex.io\/fr#website\"},\"primaryImageOfPage\":{\"@id\":\"https:\/\/loewentestneu.metafex.io\/fr\/produit\/neyskin-day-cream-with-coenzyme-q10-50ml-07146416#primaryimage\"},\"image\":{\"@id\":\"https:\/\/loewentestneu.metafex.io\/fr\/produit\/neyskin-day-cream-with-coenzyme-q10-50ml-07146416#primaryimage\"},\"thumbnailUrl\":\"https:\/\/loewentestneu.metafex.io\/wp-content\/uploads\/2024\/11\/Neyskin-day-Vitorgan-Lowenapotheke24-PZN-7146416.webp\",\"datePublished\":\"2024-12-07T08:21:13+00:00\",\"dateModified\":\"2025-01-25T21:16:30+00:00\",\"description\":\"Pharmacie en ligne allemande enregistr\u00e9e | Exp\u00e9dition internationale rapide | Produit fabriqu\u00e9 par vitOrgan : Neyskin Cr\u00e8me de Jour \u00e0 la Coenzyme Q10 50ml\",\"breadcrumb\":{\"@id\":\"https:\/\/loewentestneu.metafex.io\/fr\/produit\/neyskin-day-cream-with-coenzyme-q10-50ml-07146416#breadcrumb\"},\"inLanguage\":\"fr-FR\",\"potentialAction\":[{\"@type\":\"ReadAction\",\"target\":[\"https:\/\/loewentestneu.metafex.io\/fr\/produit\/neyskin-day-cream-with-coenzyme-q10-50ml-07146416\"]}]},{\"@type\":\"ImageObject\",\"inLanguage\":\"fr-FR\",\"@id\":\"https:\/\/loewentestneu.metafex.io\/fr\/produit\/neyskin-day-cream-with-coenzyme-q10-50ml-07146416#primaryimage\",\"url\":\"https:\/\/loewentestneu.metafex.io\/wp-content\/uploads\/2024\/11\/Neyskin-day-Vitorgan-Lowenapotheke24-PZN-7146416.webp\",\"contentUrl\":\"https:\/\/loewentestneu.metafex.io\/wp-content\/uploads\/2024\/11\/Neyskin-day-Vitorgan-Lowenapotheke24-PZN-7146416.webp\",\"width\":600,\"height\":600,\"caption\":\"l\u2019image montre la cr\u00e8me de jour Neyskin. Vitorgan. Pharmacie Lions. PZN 07146416\"},{\"@type\":\"BreadcrumbList\",\"@id\":\"https:\/\/loewentestneu.metafex.io\/fr\/produit\/neyskin-day-cream-with-coenzyme-q10-50ml-07146416#breadcrumb\",\"itemListElement\":[{\"@type\":\"ListItem\",\"position\":1,\"name\":\"Home\",\"item\":\"https:\/\/loewentestneu.metafex.io\/fr\/homepage-lion-pharmacy\"},{\"@type\":\"ListItem\",\"position\":2,\"name\":\"Shop\",\"item\":\"https:\/\/loewentestneu.metafex.io\/fr\/boutique\"},{\"@type\":\"ListItem\",\"position\":3,\"name\":\"Neyskin Cr\u00e8me de Jour \u00e0 la Coenzyme Q10 50ml\"}]},{\"@type\":\"WebSite\",\"@id\":\"https:\/\/loewentestneu.metafex.io\/fr#website\",\"url\":\"https:\/\/loewentestneu.metafex.io\/fr\",\"name\":\"Lions Pharmacy\",\"description\":\"Pharmacie sp\u00e9cialis\u00e9e en naturopathie de Baden-Baden, Allemagne\",\"publisher\":{\"@id\":\"https:\/\/loewentestneu.metafex.io\/fr#organization\"},\"alternateName\":\"Lion Pharmacy\",\"potentialAction\":[{\"@type\":\"SearchAction\",\"target\":{\"@type\":\"EntryPoint\",\"urlTemplate\":\"https:\/\/loewentestneu.metafex.io\/fr?s={search_term_string}\"},\"query-input\":{\"@type\":\"PropertyValueSpecification\",\"valueRequired\":true,\"valueName\":\"search_term_string\"}}],\"inLanguage\":\"fr-FR\"},{\"@type\":\"Organization\",\"@id\":\"https:\/\/loewentestneu.metafex.io\/fr#organization\",\"name\":\"Lions Pharmacy\",\"alternateName\":\"Lions Pharmacy24\",\"url\":\"https:\/\/loewentestneu.metafex.io\/fr\",\"logo\":{\"@type\":\"ImageObject\",\"inLanguage\":\"fr-FR\",\"@id\":\"https:\/\/loewentestneu.metafex.io\/fr#\/schema\/logo\/image\/\",\"url\":\"https:\/\/loewentestneu.metafex.io\/wp-content\/uploads\/2022\/12\/Logo-Lion-Pharmacy-c-o-Loewen-Apotheke-smal.jpg\",\"contentUrl\":\"https:\/\/loewentestneu.metafex.io\/wp-content\/uploads\/2022\/12\/Logo-Lion-Pharmacy-c-o-Loewen-Apotheke-smal.jpg\",\"width\":298,\"height\":99,\"caption\":\"Lions Pharmacy\"},\"image\":{\"@id\":\"https:\/\/loewentestneu.metafex.io\/fr#\/schema\/logo\/image\/\"}}]}<\/script>\n<!-- \/ Yoast SEO plugin. -->","yoast_head_json":{"title":"Neyskin Cr\u00e8me de Jour \u00e0 la Coenzyme Q10 50ml &#187; En savoir plus","description":"Pharmacie en ligne allemande enregistr\u00e9e | Exp\u00e9dition internationale rapide | Produit fabriqu\u00e9 par vitOrgan : Neyskin Cr\u00e8me de Jour \u00e0 la Coenzyme Q10 50ml","robots":{"index":"noindex","follow":"follow","max-snippet":"max-snippet:-1","max-image-preview":"max-image-preview:large","max-video-preview":"max-video-preview:-1"},"og_locale":"fr_FR","og_type":"article","og_title":"Neyskin Cr\u00e8me de Jour \u00e0 la Coenzyme Q10 50ml &#187; En savoir plus","og_description":"Pharmacie en ligne allemande enregistr\u00e9e | Exp\u00e9dition internationale rapide | Produit fabriqu\u00e9 par vitOrgan : Neyskin Cr\u00e8me de Jour \u00e0 la Coenzyme Q10 50ml","og_url":"https:\/\/loewentestneu.metafex.io\/fr\/produit\/neyskin-day-cream-with-coenzyme-q10-50ml-07146416","og_site_name":"Lion Pharmacy","article_modified_time":"2025-01-25T21:16:30+00:00","og_image":[{"width":600,"height":600,"url":"https:\/\/loewentestneu.metafex.io\/wp-content\/uploads\/2024\/11\/Neyskin-day-Vitorgan-Lowenapotheke24-PZN-7146416.webp","type":"image\/webp"}],"twitter_card":"summary_large_image","twitter_misc":{"Dur\u00e9e de lecture estim\u00e9e":"2 minutes"},"schema":{"@context":"https:\/\/schema.org","@graph":[{"@type":"WebPage","@id":"https:\/\/loewentestneu.metafex.io\/fr\/produit\/neyskin-day-cream-with-coenzyme-q10-50ml-07146416","url":"https:\/\/loewentestneu.metafex.io\/fr\/produit\/neyskin-day-cream-with-coenzyme-q10-50ml-07146416","name":"Neyskin Cr\u00e8me de Jour \u00e0 la Coenzyme Q10 50ml &#187; En savoir plus","isPartOf":{"@id":"https:\/\/loewentestneu.metafex.io\/fr#website"},"primaryImageOfPage":{"@id":"https:\/\/loewentestneu.metafex.io\/fr\/produit\/neyskin-day-cream-with-coenzyme-q10-50ml-07146416#primaryimage"},"image":{"@id":"https:\/\/loewentestneu.metafex.io\/fr\/produit\/neyskin-day-cream-with-coenzyme-q10-50ml-07146416#primaryimage"},"thumbnailUrl":"https:\/\/loewentestneu.metafex.io\/wp-content\/uploads\/2024\/11\/Neyskin-day-Vitorgan-Lowenapotheke24-PZN-7146416.webp","datePublished":"2024-12-07T08:21:13+00:00","dateModified":"2025-01-25T21:16:30+00:00","description":"Pharmacie en ligne allemande enregistr\u00e9e | Exp\u00e9dition internationale rapide | Produit fabriqu\u00e9 par vitOrgan : Neyskin Cr\u00e8me de Jour \u00e0 la Coenzyme Q10 50ml","breadcrumb":{"@id":"https:\/\/loewentestneu.metafex.io\/fr\/produit\/neyskin-day-cream-with-coenzyme-q10-50ml-07146416#breadcrumb"},"inLanguage":"fr-FR","potentialAction":[{"@type":"ReadAction","target":["https:\/\/loewentestneu.metafex.io\/fr\/produit\/neyskin-day-cream-with-coenzyme-q10-50ml-07146416"]}]},{"@type":"ImageObject","inLanguage":"fr-FR","@id":"https:\/\/loewentestneu.metafex.io\/fr\/produit\/neyskin-day-cream-with-coenzyme-q10-50ml-07146416#primaryimage","url":"https:\/\/loewentestneu.metafex.io\/wp-content\/uploads\/2024\/11\/Neyskin-day-Vitorgan-Lowenapotheke24-PZN-7146416.webp","contentUrl":"https:\/\/loewentestneu.metafex.io\/wp-content\/uploads\/2024\/11\/Neyskin-day-Vitorgan-Lowenapotheke24-PZN-7146416.webp","width":600,"height":600,"caption":"l\u2019image montre la cr\u00e8me de jour Neyskin. Vitorgan. Pharmacie Lions. PZN 07146416"},{"@type":"BreadcrumbList","@id":"https:\/\/loewentestneu.metafex.io\/fr\/produit\/neyskin-day-cream-with-coenzyme-q10-50ml-07146416#breadcrumb","itemListElement":[{"@type":"ListItem","position":1,"name":"Home","item":"https:\/\/loewentestneu.metafex.io\/fr\/homepage-lion-pharmacy"},{"@type":"ListItem","position":2,"name":"Shop","item":"https:\/\/loewentestneu.metafex.io\/fr\/boutique"},{"@type":"ListItem","position":3,"name":"Neyskin Cr\u00e8me de Jour \u00e0 la Coenzyme Q10 50ml"}]},{"@type":"WebSite","@id":"https:\/\/loewentestneu.metafex.io\/fr#website","url":"https:\/\/loewentestneu.metafex.io\/fr","name":"Lions Pharmacy","description":"Pharmacie sp\u00e9cialis\u00e9e en naturopathie de Baden-Baden, Allemagne","publisher":{"@id":"https:\/\/loewentestneu.metafex.io\/fr#organization"},"alternateName":"Lion Pharmacy","potentialAction":[{"@type":"SearchAction","target":{"@type":"EntryPoint","urlTemplate":"https:\/\/loewentestneu.metafex.io\/fr?s={search_term_string}"},"query-input":{"@type":"PropertyValueSpecification","valueRequired":true,"valueName":"search_term_string"}}],"inLanguage":"fr-FR"},{"@type":"Organization","@id":"https:\/\/loewentestneu.metafex.io\/fr#organization","name":"Lions Pharmacy","alternateName":"Lions Pharmacy24","url":"https:\/\/loewentestneu.metafex.io\/fr","logo":{"@type":"ImageObject","inLanguage":"fr-FR","@id":"https:\/\/loewentestneu.metafex.io\/fr#\/schema\/logo\/image\/","url":"https:\/\/loewentestneu.metafex.io\/wp-content\/uploads\/2022\/12\/Logo-Lion-Pharmacy-c-o-Loewen-Apotheke-smal.jpg","contentUrl":"https:\/\/loewentestneu.metafex.io\/wp-content\/uploads\/2022\/12\/Logo-Lion-Pharmacy-c-o-Loewen-Apotheke-smal.jpg","width":298,"height":99,"caption":"Lions Pharmacy"},"image":{"@id":"https:\/\/loewentestneu.metafex.io\/fr#\/schema\/logo\/image\/"}}]}},"_links":{"self":[{"href":"https:\/\/loewentestneu.metafex.io\/fr\/wp-json\/wp\/v2\/product\/6796","targetHints":{"allow":["GET"]}}],"collection":[{"href":"https:\/\/loewentestneu.metafex.io\/fr\/wp-json\/wp\/v2\/product"}],"about":[{"href":"https:\/\/loewentestneu.metafex.io\/fr\/wp-json\/wp\/v2\/types\/product"}],"replies":[{"embeddable":true,"href":"https:\/\/loewentestneu.metafex.io\/fr\/wp-json\/wp\/v2\/comments?post=6796"}],"wp:featuredmedia":[{"embeddable":true,"href":"https:\/\/loewentestneu.metafex.io\/fr\/wp-json\/wp\/v2\/media\/6801"}],"wp:attachment":[{"href":"https:\/\/loewentestneu.metafex.io\/fr\/wp-json\/wp\/v2\/media?parent=6796"}],"wp:term":[{"taxonomy":"product_brand","embeddable":true,"href":"https:\/\/loewentestneu.metafex.io\/fr\/wp-json\/wp\/v2\/product_brand?post=6796"},{"taxonomy":"product_cat","embeddable":true,"href":"https:\/\/loewentestneu.metafex.io\/fr\/wp-json\/wp\/v2\/product_cat?post=6796"},{"taxonomy":"product_tag","embeddable":true,"href":"https:\/\/loewentestneu.metafex.io\/fr\/wp-json\/wp\/v2\/product_tag?post=6796"}],"curies":[{"name":"wp","href":"https:\/\/api.w.org\/{rel}","templated":true}]}}