{"id":6879,"date":"2024-11-28T10:51:44","date_gmt":"2024-11-28T09:51:44","guid":{"rendered":"https:\/\/lions-pharmacy.com\/?post_type=product&#038;p=6879"},"modified":"2025-01-25T19:59:17","modified_gmt":"2025-01-25T18:59:17","slug":"neyparadent-liposome-mouth-drops-15ml-4150014204317","status":"publish","type":"product","link":"https:\/\/loewentestneu.metafex.io\/fr\/produit\/neyparadent-liposome-mouth-drops-15ml-4150014204317","title":{"rendered":"NeyParadent Gouttes Liposomiques Bouche 15ml"},"content":{"rendered":"<h2>NeyParadent Gouttes buccales liposomiques<\/h2>\n<p>Avec les gouttes buccales liposomiques NeyParadent, vous avez \u00e0 port\u00e9e de main un rem\u00e8de qui renforce la muqueuse buccale de mani\u00e8re naturelle.<\/p>\n<p>Les liposomes (gouttelettes de graisse les plus fines) transportent les ingr\u00e9dients actifs de NeyParadent\u00ae exactement l\u00e0 o\u00f9 ils sont cens\u00e9s agir. Ce processus, connu sous le nom d&#8217;\u00ab organtropisme \u00bb, augmente sensiblement l\u2019effet th\u00e9rapeutique. La composition efficace de Neyparadent Liposome avec une formule antibact\u00e9rienne contient les ingr\u00e9dients actifs s\u00e9lectionn\u00e9s de la camomille, de l\u2019arnica et de la myrrhe, qui sont connus pour leur effet anti-irritant.<\/p>\n<p>Les gouttes buccales Neyparadent Liposome sont appliqu\u00e9es non dilu\u00e9es sur les zones touch\u00e9es \u00e0 l\u2019aide d\u2019un coton-tige, utilis\u00e9es dilu\u00e9es comme bain de bouche ou pulv\u00e9ris\u00e9es directement dans la cavit\u00e9 buccale avec notre embout de pulv\u00e9risation. Ils peuvent \u00e9galement \u00eatre ajout\u00e9s \u00e0 l\u2019irrigateur buccal.<\/p>\n<p>Autres produits pour l\u2019application : <a href=\"https:\/\/loewentestneu.metafex.io\/produkt-kategorie\/vitorgan\">vitOrgan<\/a> | <a href=\"https:\/\/loewentestneu.metafex.io\/product-tag\/vitamins-supplements\">Vitamine<\/a><br \/>\nEn savoir plus sur le manufactorer et le liposome Neyparadent\u00a9 : <a href=\"https:\/\/vitorgan.de\/en\/products\/\" target=\"_blank\" rel=\"noopener\">vitOrgan<\/a> (lien vers un site externe). Nom alternatif du produit : Ney-Paradent Liposome Mouth Drops.<\/p>\n<p>Les informations contenues dans ce site web sont fournies \u00e0 titre informatif uniquement. Ils ne remplacent en aucun cas l&#8217;examen et le traitement par un m\u00e9decin. Veuillez noter que cela signifie qu&#8217;aucun diagnostic ne peut \u00eatre \u00e9tabli et qu&#8217;aucune th\u00e9rapie ne peut \u00eatre mise en place.<\/p>\n<p>Pour conna\u00eetre les risques et les effets secondaires, lisez la notice et demandez conseil \u00e0 votre m\u00e9decin ou \u00e0 votre pharmacien.<\/p>\n<p>&nbsp;<\/p>\n","protected":false},"excerpt":{"rendered":"<h2>NeyParadent Gouttes Liposomiques Bouche 15ml<\/h2>\n<p>avec les gouttes buccales NeyParadent Liposome, vous avez \u00e0 port\u00e9e de main un rem\u00e8de qui renforce la muqueuse buccale de mani\u00e8re naturelle.<\/p>\n<p>&nbsp;<\/p>\n<p>PZN : 01420431<\/p>\n<p>Forme posologique : gouttes<\/p>\n<p>Type de prescription : sans ordonnance<\/p>\n<p>Marque : vitOrgan<\/p>\n<p>Fabricant : vitOrgan GmbH &amp; Co.KG, Ostfildern, Allemagne<\/p>\n<p>Taille de l\u2019emballage : 15 ml<\/p>\n","protected":false},"featured_media":6884,"comment_status":"closed","ping_status":"closed","template":"","meta":[],"product_brand":[],"product_cat":[120,114,129],"product_tag":[306,230],"class_list":{"0":"post-6879","1":"product","2":"type-product","3":"status-publish","4":"has-post-thumbnail","6":"product_cat-sale-fr","7":"product_cat-non-classifiee","8":"product_cat-vitorgan-fr","9":"product_tag-homeopathie","10":"product_tag-neydil-fr","11":"ts_product_brand-all-fr","12":"ts_product_brand-vitorgan-fr","14":"first","15":"instock","16":"sale","17":"taxable","18":"shipping-taxable","19":"purchasable","20":"product-type-simple"},"yoast_head":"<!-- This site is optimized with the Yoast SEO plugin v26.5 - https:\/\/yoast.com\/wordpress\/plugins\/seo\/ -->\n<title>NeyParadent Gouttes Liposomiques Bouche 15ml &#187; Pharmacie - commandez ici<\/title>\n<meta name=\"description\" content=\"Pharmacie en ligne allemande enregistr\u00e9e. Nous offrons\u00a0: Exp\u00e9dition internationale rapide. Fabriqu\u00e9 par vitOrgan : NeyParadent Gouttes Liposomiques Bouche 15ml\" \/>\n<meta name=\"robots\" content=\"noindex, follow, max-snippet:-1, max-image-preview:large, max-video-preview:-1\" \/>\n<meta property=\"og:locale\" content=\"fr_FR\" \/>\n<meta property=\"og:type\" content=\"article\" \/>\n<meta property=\"og:title\" content=\"NeyParadent Gouttes Liposomiques Bouche 15ml &#187; Pharmacie - commandez ici\" \/>\n<meta property=\"og:description\" content=\"Pharmacie en ligne allemande enregistr\u00e9e. Nous offrons\u00a0: Exp\u00e9dition internationale rapide. Fabriqu\u00e9 par vitOrgan : NeyParadent Gouttes Liposomiques Bouche 15ml\" \/>\n<meta property=\"og:url\" content=\"https:\/\/loewentestneu.metafex.io\/fr\/produit\/neyparadent-liposome-mouth-drops-15ml-4150014204317\" \/>\n<meta property=\"og:site_name\" content=\"Lion Pharmacy\" \/>\n<meta property=\"article:modified_time\" content=\"2025-01-25T18:59:17+00:00\" \/>\n<meta property=\"og:image\" content=\"https:\/\/loewentestneu.metafex.io\/wp-content\/uploads\/2024\/11\/Ney-paradent-15ml-vitorgan-PZN-1420431-Lowenapotheke24.webp\" \/>\n\t<meta property=\"og:image:width\" content=\"600\" \/>\n\t<meta property=\"og:image:height\" content=\"600\" \/>\n\t<meta property=\"og:image:type\" content=\"image\/webp\" \/>\n<meta name=\"twitter:card\" content=\"summary_large_image\" \/>\n<meta name=\"twitter:label1\" content=\"Dur\u00e9e de lecture estim\u00e9e\" \/>\n\t<meta name=\"twitter:data1\" content=\"1 minute\" \/>\n<script type=\"application\/ld+json\" class=\"yoast-schema-graph\">{\"@context\":\"https:\/\/schema.org\",\"@graph\":[{\"@type\":\"WebPage\",\"@id\":\"https:\/\/loewentestneu.metafex.io\/fr\/produit\/neyparadent-liposome-mouth-drops-15ml-4150014204317\",\"url\":\"https:\/\/loewentestneu.metafex.io\/fr\/produit\/neyparadent-liposome-mouth-drops-15ml-4150014204317\",\"name\":\"NeyParadent Gouttes Liposomiques Bouche 15ml &#187; Pharmacie - commandez ici\",\"isPartOf\":{\"@id\":\"https:\/\/loewentestneu.metafex.io\/fr#website\"},\"primaryImageOfPage\":{\"@id\":\"https:\/\/loewentestneu.metafex.io\/fr\/produit\/neyparadent-liposome-mouth-drops-15ml-4150014204317#primaryimage\"},\"image\":{\"@id\":\"https:\/\/loewentestneu.metafex.io\/fr\/produit\/neyparadent-liposome-mouth-drops-15ml-4150014204317#primaryimage\"},\"thumbnailUrl\":\"https:\/\/loewentestneu.metafex.io\/wp-content\/uploads\/2024\/11\/Ney-paradent-15ml-vitorgan-PZN-1420431-Lowenapotheke24.webp\",\"datePublished\":\"2024-11-28T09:51:44+00:00\",\"dateModified\":\"2025-01-25T18:59:17+00:00\",\"description\":\"Pharmacie en ligne allemande enregistr\u00e9e. Nous offrons\u00a0: Exp\u00e9dition internationale rapide. Fabriqu\u00e9 par vitOrgan : NeyParadent Gouttes Liposomiques Bouche 15ml\",\"breadcrumb\":{\"@id\":\"https:\/\/loewentestneu.metafex.io\/fr\/produit\/neyparadent-liposome-mouth-drops-15ml-4150014204317#breadcrumb\"},\"inLanguage\":\"fr-FR\",\"potentialAction\":[{\"@type\":\"ReadAction\",\"target\":[\"https:\/\/loewentestneu.metafex.io\/fr\/produit\/neyparadent-liposome-mouth-drops-15ml-4150014204317\"]}]},{\"@type\":\"ImageObject\",\"inLanguage\":\"fr-FR\",\"@id\":\"https:\/\/loewentestneu.metafex.io\/fr\/produit\/neyparadent-liposome-mouth-drops-15ml-4150014204317#primaryimage\",\"url\":\"https:\/\/loewentestneu.metafex.io\/wp-content\/uploads\/2024\/11\/Ney-paradent-15ml-vitorgan-PZN-1420431-Lowenapotheke24.webp\",\"contentUrl\":\"https:\/\/loewentestneu.metafex.io\/wp-content\/uploads\/2024\/11\/Ney-paradent-15ml-vitorgan-PZN-1420431-Lowenapotheke24.webp\",\"width\":600,\"height\":600,\"caption\":\"L\u2019image montre Neyparadent 15ml vitorgan. PZN 1420431-Pharmacie Lions\"},{\"@type\":\"BreadcrumbList\",\"@id\":\"https:\/\/loewentestneu.metafex.io\/fr\/produit\/neyparadent-liposome-mouth-drops-15ml-4150014204317#breadcrumb\",\"itemListElement\":[{\"@type\":\"ListItem\",\"position\":1,\"name\":\"Home\",\"item\":\"https:\/\/loewentestneu.metafex.io\/fr\/homepage-lion-pharmacy\"},{\"@type\":\"ListItem\",\"position\":2,\"name\":\"Shop\",\"item\":\"https:\/\/loewentestneu.metafex.io\/fr\/boutique\"},{\"@type\":\"ListItem\",\"position\":3,\"name\":\"NeyParadent Gouttes Liposomiques Bouche 15ml\"}]},{\"@type\":\"WebSite\",\"@id\":\"https:\/\/loewentestneu.metafex.io\/fr#website\",\"url\":\"https:\/\/loewentestneu.metafex.io\/fr\",\"name\":\"Lions Pharmacy\",\"description\":\"Pharmacie sp\u00e9cialis\u00e9e en naturopathie de Baden-Baden, Allemagne\",\"publisher\":{\"@id\":\"https:\/\/loewentestneu.metafex.io\/fr#organization\"},\"alternateName\":\"Lion Pharmacy\",\"potentialAction\":[{\"@type\":\"SearchAction\",\"target\":{\"@type\":\"EntryPoint\",\"urlTemplate\":\"https:\/\/loewentestneu.metafex.io\/fr?s={search_term_string}\"},\"query-input\":{\"@type\":\"PropertyValueSpecification\",\"valueRequired\":true,\"valueName\":\"search_term_string\"}}],\"inLanguage\":\"fr-FR\"},{\"@type\":\"Organization\",\"@id\":\"https:\/\/loewentestneu.metafex.io\/fr#organization\",\"name\":\"Lions Pharmacy\",\"alternateName\":\"Lions Pharmacy24\",\"url\":\"https:\/\/loewentestneu.metafex.io\/fr\",\"logo\":{\"@type\":\"ImageObject\",\"inLanguage\":\"fr-FR\",\"@id\":\"https:\/\/loewentestneu.metafex.io\/fr#\/schema\/logo\/image\/\",\"url\":\"https:\/\/loewentestneu.metafex.io\/wp-content\/uploads\/2022\/12\/Logo-Lion-Pharmacy-c-o-Loewen-Apotheke-smal.jpg\",\"contentUrl\":\"https:\/\/loewentestneu.metafex.io\/wp-content\/uploads\/2022\/12\/Logo-Lion-Pharmacy-c-o-Loewen-Apotheke-smal.jpg\",\"width\":298,\"height\":99,\"caption\":\"Lions Pharmacy\"},\"image\":{\"@id\":\"https:\/\/loewentestneu.metafex.io\/fr#\/schema\/logo\/image\/\"}}]}<\/script>\n<!-- \/ Yoast SEO plugin. -->","yoast_head_json":{"title":"NeyParadent Gouttes Liposomiques Bouche 15ml &#187; Pharmacie - commandez ici","description":"Pharmacie en ligne allemande enregistr\u00e9e. Nous offrons\u00a0: Exp\u00e9dition internationale rapide. Fabriqu\u00e9 par vitOrgan : NeyParadent Gouttes Liposomiques Bouche 15ml","robots":{"index":"noindex","follow":"follow","max-snippet":"max-snippet:-1","max-image-preview":"max-image-preview:large","max-video-preview":"max-video-preview:-1"},"og_locale":"fr_FR","og_type":"article","og_title":"NeyParadent Gouttes Liposomiques Bouche 15ml &#187; Pharmacie - commandez ici","og_description":"Pharmacie en ligne allemande enregistr\u00e9e. Nous offrons\u00a0: Exp\u00e9dition internationale rapide. Fabriqu\u00e9 par vitOrgan : NeyParadent Gouttes Liposomiques Bouche 15ml","og_url":"https:\/\/loewentestneu.metafex.io\/fr\/produit\/neyparadent-liposome-mouth-drops-15ml-4150014204317","og_site_name":"Lion Pharmacy","article_modified_time":"2025-01-25T18:59:17+00:00","og_image":[{"width":600,"height":600,"url":"https:\/\/loewentestneu.metafex.io\/wp-content\/uploads\/2024\/11\/Ney-paradent-15ml-vitorgan-PZN-1420431-Lowenapotheke24.webp","type":"image\/webp"}],"twitter_card":"summary_large_image","twitter_misc":{"Dur\u00e9e de lecture estim\u00e9e":"1 minute"},"schema":{"@context":"https:\/\/schema.org","@graph":[{"@type":"WebPage","@id":"https:\/\/loewentestneu.metafex.io\/fr\/produit\/neyparadent-liposome-mouth-drops-15ml-4150014204317","url":"https:\/\/loewentestneu.metafex.io\/fr\/produit\/neyparadent-liposome-mouth-drops-15ml-4150014204317","name":"NeyParadent Gouttes Liposomiques Bouche 15ml &#187; Pharmacie - commandez ici","isPartOf":{"@id":"https:\/\/loewentestneu.metafex.io\/fr#website"},"primaryImageOfPage":{"@id":"https:\/\/loewentestneu.metafex.io\/fr\/produit\/neyparadent-liposome-mouth-drops-15ml-4150014204317#primaryimage"},"image":{"@id":"https:\/\/loewentestneu.metafex.io\/fr\/produit\/neyparadent-liposome-mouth-drops-15ml-4150014204317#primaryimage"},"thumbnailUrl":"https:\/\/loewentestneu.metafex.io\/wp-content\/uploads\/2024\/11\/Ney-paradent-15ml-vitorgan-PZN-1420431-Lowenapotheke24.webp","datePublished":"2024-11-28T09:51:44+00:00","dateModified":"2025-01-25T18:59:17+00:00","description":"Pharmacie en ligne allemande enregistr\u00e9e. Nous offrons\u00a0: Exp\u00e9dition internationale rapide. Fabriqu\u00e9 par vitOrgan : NeyParadent Gouttes Liposomiques Bouche 15ml","breadcrumb":{"@id":"https:\/\/loewentestneu.metafex.io\/fr\/produit\/neyparadent-liposome-mouth-drops-15ml-4150014204317#breadcrumb"},"inLanguage":"fr-FR","potentialAction":[{"@type":"ReadAction","target":["https:\/\/loewentestneu.metafex.io\/fr\/produit\/neyparadent-liposome-mouth-drops-15ml-4150014204317"]}]},{"@type":"ImageObject","inLanguage":"fr-FR","@id":"https:\/\/loewentestneu.metafex.io\/fr\/produit\/neyparadent-liposome-mouth-drops-15ml-4150014204317#primaryimage","url":"https:\/\/loewentestneu.metafex.io\/wp-content\/uploads\/2024\/11\/Ney-paradent-15ml-vitorgan-PZN-1420431-Lowenapotheke24.webp","contentUrl":"https:\/\/loewentestneu.metafex.io\/wp-content\/uploads\/2024\/11\/Ney-paradent-15ml-vitorgan-PZN-1420431-Lowenapotheke24.webp","width":600,"height":600,"caption":"L\u2019image montre Neyparadent 15ml vitorgan. PZN 1420431-Pharmacie Lions"},{"@type":"BreadcrumbList","@id":"https:\/\/loewentestneu.metafex.io\/fr\/produit\/neyparadent-liposome-mouth-drops-15ml-4150014204317#breadcrumb","itemListElement":[{"@type":"ListItem","position":1,"name":"Home","item":"https:\/\/loewentestneu.metafex.io\/fr\/homepage-lion-pharmacy"},{"@type":"ListItem","position":2,"name":"Shop","item":"https:\/\/loewentestneu.metafex.io\/fr\/boutique"},{"@type":"ListItem","position":3,"name":"NeyParadent Gouttes Liposomiques Bouche 15ml"}]},{"@type":"WebSite","@id":"https:\/\/loewentestneu.metafex.io\/fr#website","url":"https:\/\/loewentestneu.metafex.io\/fr","name":"Lions Pharmacy","description":"Pharmacie sp\u00e9cialis\u00e9e en naturopathie de Baden-Baden, Allemagne","publisher":{"@id":"https:\/\/loewentestneu.metafex.io\/fr#organization"},"alternateName":"Lion Pharmacy","potentialAction":[{"@type":"SearchAction","target":{"@type":"EntryPoint","urlTemplate":"https:\/\/loewentestneu.metafex.io\/fr?s={search_term_string}"},"query-input":{"@type":"PropertyValueSpecification","valueRequired":true,"valueName":"search_term_string"}}],"inLanguage":"fr-FR"},{"@type":"Organization","@id":"https:\/\/loewentestneu.metafex.io\/fr#organization","name":"Lions Pharmacy","alternateName":"Lions Pharmacy24","url":"https:\/\/loewentestneu.metafex.io\/fr","logo":{"@type":"ImageObject","inLanguage":"fr-FR","@id":"https:\/\/loewentestneu.metafex.io\/fr#\/schema\/logo\/image\/","url":"https:\/\/loewentestneu.metafex.io\/wp-content\/uploads\/2022\/12\/Logo-Lion-Pharmacy-c-o-Loewen-Apotheke-smal.jpg","contentUrl":"https:\/\/loewentestneu.metafex.io\/wp-content\/uploads\/2022\/12\/Logo-Lion-Pharmacy-c-o-Loewen-Apotheke-smal.jpg","width":298,"height":99,"caption":"Lions Pharmacy"},"image":{"@id":"https:\/\/loewentestneu.metafex.io\/fr#\/schema\/logo\/image\/"}}]}},"_links":{"self":[{"href":"https:\/\/loewentestneu.metafex.io\/fr\/wp-json\/wp\/v2\/product\/6879","targetHints":{"allow":["GET"]}}],"collection":[{"href":"https:\/\/loewentestneu.metafex.io\/fr\/wp-json\/wp\/v2\/product"}],"about":[{"href":"https:\/\/loewentestneu.metafex.io\/fr\/wp-json\/wp\/v2\/types\/product"}],"replies":[{"embeddable":true,"href":"https:\/\/loewentestneu.metafex.io\/fr\/wp-json\/wp\/v2\/comments?post=6879"}],"wp:featuredmedia":[{"embeddable":true,"href":"https:\/\/loewentestneu.metafex.io\/fr\/wp-json\/wp\/v2\/media\/6884"}],"wp:attachment":[{"href":"https:\/\/loewentestneu.metafex.io\/fr\/wp-json\/wp\/v2\/media?parent=6879"}],"wp:term":[{"taxonomy":"product_brand","embeddable":true,"href":"https:\/\/loewentestneu.metafex.io\/fr\/wp-json\/wp\/v2\/product_brand?post=6879"},{"taxonomy":"product_cat","embeddable":true,"href":"https:\/\/loewentestneu.metafex.io\/fr\/wp-json\/wp\/v2\/product_cat?post=6879"},{"taxonomy":"product_tag","embeddable":true,"href":"https:\/\/loewentestneu.metafex.io\/fr\/wp-json\/wp\/v2\/product_tag?post=6879"}],"curies":[{"name":"wp","href":"https:\/\/api.w.org\/{rel}","templated":true}]}}