{"id":6911,"date":"2024-11-28T11:27:18","date_gmt":"2024-11-28T10:27:18","guid":{"rendered":"https:\/\/lions-pharmacy.com\/?post_type=product&#038;p=6911"},"modified":"2025-01-25T19:09:48","modified_gmt":"2025-01-25T18:09:48","slug":"chondron-film-coated-tablets-60-pcs-00373824","status":"publish","type":"product","link":"https:\/\/loewentestneu.metafex.io\/fr\/produit\/chondron-film-coated-tablets-60-pcs-00373824","title":{"rendered":"Chondron pellicul\u00e9 comprim\u00e9s &#8211; Regena Ney &#8211; 60 pcs."},"content":{"rendered":"<h3>Chondron comprim\u00e9s pellicul\u00e9s<\/h3>\n<p>Chondron comprim\u00e9s pellicul\u00e9s compl\u00e9ment nutritionnel pour les articulations. Compl\u00e9ment alimentaire \u00e0 base de sulfate de glucosamine, de m\u00e9thylsulfonylm\u00e9thane, de sulfate de chondro\u00eftine, de brom\u00e9la\u00efne, d\u2019ac\u00e9tate de vitamine E, de vitamine B6, de s\u00e9l\u00e9nium, d\u2019acide folique, de mangan\u00e8se et de zinc La glucosamine et la chondro\u00eftine sont des \u00e9l\u00e9ments constitutifs naturels du cartilage articulaire.<\/p>\n<p>La chondro\u00eftine est utilis\u00e9e dans l\u2019articulation pour assurer l\u2019\u00e9lasticit\u00e9 du cartilage. Les additifs antioxydants de la vitamine E, du zinc et du s\u00e9l\u00e9nium peuvent fournir une fonction protectrice importante pour les cellules du corps. Le zinc contribue au maintien d\u2019une ossature normale et l\u2019acide folique joue un r\u00f4le important dans la r\u00e9g\u00e9n\u00e9ration cellulaire.<\/p>\n<p>Les pr\u00e9parations hom\u00e9opathiques pour organes propos\u00e9es par vitOrgan pour la th\u00e9rapie biomol\u00e9culaire utilisent des substances organiques naturelles ayant des effets r\u00e9gulateurs et m\u00e9taboliques pour normaliser physiologiquement les processus devenus d\u00e9s\u00e9quilibr\u00e9s. Selon le principe \u00ab&nbsp;le c\u0153ur gu\u00e9rit le c\u0153ur, le rein gu\u00e9rit le rein, l\u2019organe gu\u00e9rit l\u2019organe&nbsp;\u00bb, l\u2019objectif est d\u2019\u00e9veiller la force des cellules affaiblies par une r\u00e9gulation cibl\u00e9e.<br \/>\nNotre vaste gamme vous propose des m\u00e9dicaments de haute qualit\u00e9 et enregistr\u00e9s pour le traitement holistique des affections allant des allergies A comme Z \u00e0 la cirrhose Z. La gamme est compl\u00e9t\u00e9e par des cosm\u00e9tiques naturels, des compl\u00e9ments alimentaires, des produits pour la croissance des cheveux et des complexes d\u2019organes floraux de Bach de nos filiales Regena Ney et Innovapharm.<\/p>\n<p>Les compl\u00e9ments alimentaires ne se substituent pas \u00e0 une alimentation \u00e9quilibr\u00e9e et vari\u00e9e et \u00e0 un mode de vie sain. L\u2019apport journalier recommand\u00e9 ne doit pas \u00eatre d\u00e9pass\u00e9. Conservez le produit hors de la port\u00e9e des jeunes enfants.<\/p>\n<p>Autres produits pour l\u2019application : <a href=\"https:\/\/loewentestneu.metafex.io\/produkt-kategorie\/vitorgan\">vitOrgan<\/a> | <a href=\"https:\/\/loewentestneu.metafex.io\/product-tag\/vitamins-supplements\">Vitamines et suppl\u00e9ments Produits<\/a><br \/>\nEn savoir plus sur le fabricant et ce produit : <a href=\"https:\/\/vitorgan.de\/en\/products\/\" target=\"_blank\" rel=\"noopener\">vitOrgan<\/a> (lien vers un site web externe)<\/p>\n<p>Les informations contenues dans ce site web sont fournies \u00e0 titre informatif uniquement. Ils ne remplacent en aucun cas l&#8217;examen et le traitement par un m\u00e9decin. Veuillez noter que cela signifie qu&#8217;aucun diagnostic ne peut \u00eatre \u00e9tabli et qu&#8217;aucune th\u00e9rapie ne peut \u00eatre mise en place.<\/p>\n<p>Pour conna\u00eetre les risques et les effets secondaires, lisez la notice et demandez \u00e0 votre m\u00e9decin ou \u00e0 votre pharmacien.<\/p>\n","protected":false},"excerpt":{"rendered":"<h2>Chondron comprim\u00e9s pellicul\u00e9s 60 pcs.<\/h2>\n<p>Compl\u00e9ment alimentaire pour les articulations.<\/p>\n<p>&nbsp;<\/p>\n<p>PZN : 00373824 (num\u00e9ro central de pharmacie)<\/p>\n<p>Forme gal\u00e9nique : comprim\u00e9s pellicul\u00e9s<\/p>\n<p>Type de prescription : sans ordonnance<\/p>\n<p>Marque&nbsp;: Regena Ney<\/p>\n<p>Fabricant : vitOrgan GmbH &amp; Co.KG, Ostfildern, Allemagne<\/p>\n<p>Taille de l\u2019emballage&nbsp;: 60 pcs.<\/p>\n","protected":false},"featured_media":6916,"comment_status":"closed","ping_status":"closed","template":"","meta":[],"product_brand":[],"product_cat":[114,129],"product_tag":[306,230],"class_list":{"0":"post-6911","1":"product","2":"type-product","3":"status-publish","4":"has-post-thumbnail","6":"product_cat-non-classifiee","7":"product_cat-vitorgan-fr","8":"product_tag-homeopathie","9":"product_tag-neydil-fr","10":"ts_product_brand-all-fr","11":"ts_product_brand-vitorgan-fr","13":"first","14":"instock","15":"sale","16":"taxable","17":"shipping-taxable","18":"purchasable","19":"product-type-simple"},"yoast_head":"<!-- This site is optimized with the Yoast SEO plugin v26.5 - https:\/\/yoast.com\/wordpress\/plugins\/seo\/ -->\n<title>Chondron pellicul\u00e9 comprim\u00e9s - Regena Ney - 60 pcs. &#187; commander ici<\/title>\n<meta name=\"description\" content=\"Pharmacie en ligne allemande enregistr\u00e9e | Exp\u00e9dition internationale rapide | Produit fabriqu\u00e9 par vitOrgan : Chondron pellicul\u00e9 comprim\u00e9s - Regena Ney - 60 pcs.\" \/>\n<meta name=\"robots\" content=\"noindex, follow, max-snippet:-1, max-image-preview:large, max-video-preview:-1\" \/>\n<meta property=\"og:locale\" content=\"fr_FR\" \/>\n<meta property=\"og:type\" content=\"article\" \/>\n<meta property=\"og:title\" content=\"Chondron pellicul\u00e9 comprim\u00e9s - Regena Ney - 60 pcs. &#187; commander ici\" \/>\n<meta property=\"og:description\" content=\"Pharmacie en ligne allemande enregistr\u00e9e | Exp\u00e9dition internationale rapide | Produit fabriqu\u00e9 par vitOrgan : Chondron pellicul\u00e9 comprim\u00e9s - Regena Ney - 60 pcs.\" \/>\n<meta property=\"og:url\" content=\"https:\/\/loewentestneu.metafex.io\/fr\/produit\/chondron-film-coated-tablets-60-pcs-00373824\" \/>\n<meta property=\"og:site_name\" content=\"Lion Pharmacy\" \/>\n<meta property=\"article:modified_time\" content=\"2025-01-25T18:09:48+00:00\" \/>\n<meta property=\"og:image\" content=\"https:\/\/loewentestneu.metafex.io\/wp-content\/uploads\/2024\/11\/Chondron-Vitorgan-PZN-00373824-Lowenapotheke24.webp\" \/>\n\t<meta property=\"og:image:width\" content=\"600\" \/>\n\t<meta property=\"og:image:height\" content=\"600\" \/>\n\t<meta property=\"og:image:type\" content=\"image\/webp\" \/>\n<meta name=\"twitter:card\" content=\"summary_large_image\" \/>\n<meta name=\"twitter:label1\" content=\"Dur\u00e9e de lecture estim\u00e9e\" \/>\n\t<meta name=\"twitter:data1\" content=\"2 minutes\" \/>\n<script type=\"application\/ld+json\" class=\"yoast-schema-graph\">{\"@context\":\"https:\/\/schema.org\",\"@graph\":[{\"@type\":\"WebPage\",\"@id\":\"https:\/\/loewentestneu.metafex.io\/fr\/produit\/chondron-film-coated-tablets-60-pcs-00373824\",\"url\":\"https:\/\/loewentestneu.metafex.io\/fr\/produit\/chondron-film-coated-tablets-60-pcs-00373824\",\"name\":\"Chondron pellicul\u00e9 comprim\u00e9s - Regena Ney - 60 pcs. &#187; commander ici\",\"isPartOf\":{\"@id\":\"https:\/\/loewentestneu.metafex.io\/fr#website\"},\"primaryImageOfPage\":{\"@id\":\"https:\/\/loewentestneu.metafex.io\/fr\/produit\/chondron-film-coated-tablets-60-pcs-00373824#primaryimage\"},\"image\":{\"@id\":\"https:\/\/loewentestneu.metafex.io\/fr\/produit\/chondron-film-coated-tablets-60-pcs-00373824#primaryimage\"},\"thumbnailUrl\":\"https:\/\/loewentestneu.metafex.io\/wp-content\/uploads\/2024\/11\/Chondron-Vitorgan-PZN-00373824-Lowenapotheke24.webp\",\"datePublished\":\"2024-11-28T10:27:18+00:00\",\"dateModified\":\"2025-01-25T18:09:48+00:00\",\"description\":\"Pharmacie en ligne allemande enregistr\u00e9e | Exp\u00e9dition internationale rapide | Produit fabriqu\u00e9 par vitOrgan : Chondron pellicul\u00e9 comprim\u00e9s - Regena Ney - 60 pcs.\",\"breadcrumb\":{\"@id\":\"https:\/\/loewentestneu.metafex.io\/fr\/produit\/chondron-film-coated-tablets-60-pcs-00373824#breadcrumb\"},\"inLanguage\":\"fr-FR\",\"potentialAction\":[{\"@type\":\"ReadAction\",\"target\":[\"https:\/\/loewentestneu.metafex.io\/fr\/produit\/chondron-film-coated-tablets-60-pcs-00373824\"]}]},{\"@type\":\"ImageObject\",\"inLanguage\":\"fr-FR\",\"@id\":\"https:\/\/loewentestneu.metafex.io\/fr\/produit\/chondron-film-coated-tablets-60-pcs-00373824#primaryimage\",\"url\":\"https:\/\/loewentestneu.metafex.io\/wp-content\/uploads\/2024\/11\/Chondron-Vitorgan-PZN-00373824-Lowenapotheke24.webp\",\"contentUrl\":\"https:\/\/loewentestneu.metafex.io\/wp-content\/uploads\/2024\/11\/Chondron-Vitorgan-PZN-00373824-Lowenapotheke24.webp\",\"width\":600,\"height\":600,\"caption\":\"L\u2019image montre Chondron de Vitorgan. PZN 00373824. Pharmacie Lions\"},{\"@type\":\"BreadcrumbList\",\"@id\":\"https:\/\/loewentestneu.metafex.io\/fr\/produit\/chondron-film-coated-tablets-60-pcs-00373824#breadcrumb\",\"itemListElement\":[{\"@type\":\"ListItem\",\"position\":1,\"name\":\"Home\",\"item\":\"https:\/\/loewentestneu.metafex.io\/fr\/homepage-lion-pharmacy\"},{\"@type\":\"ListItem\",\"position\":2,\"name\":\"Shop\",\"item\":\"https:\/\/loewentestneu.metafex.io\/fr\/boutique\"},{\"@type\":\"ListItem\",\"position\":3,\"name\":\"Chondron pellicul\u00e9 comprim\u00e9s &#8211; Regena Ney &#8211; 60 pcs.\"}]},{\"@type\":\"WebSite\",\"@id\":\"https:\/\/loewentestneu.metafex.io\/fr#website\",\"url\":\"https:\/\/loewentestneu.metafex.io\/fr\",\"name\":\"Lions Pharmacy\",\"description\":\"Pharmacie sp\u00e9cialis\u00e9e en naturopathie de Baden-Baden, Allemagne\",\"publisher\":{\"@id\":\"https:\/\/loewentestneu.metafex.io\/fr#organization\"},\"alternateName\":\"Lion Pharmacy\",\"potentialAction\":[{\"@type\":\"SearchAction\",\"target\":{\"@type\":\"EntryPoint\",\"urlTemplate\":\"https:\/\/loewentestneu.metafex.io\/fr?s={search_term_string}\"},\"query-input\":{\"@type\":\"PropertyValueSpecification\",\"valueRequired\":true,\"valueName\":\"search_term_string\"}}],\"inLanguage\":\"fr-FR\"},{\"@type\":\"Organization\",\"@id\":\"https:\/\/loewentestneu.metafex.io\/fr#organization\",\"name\":\"Lions Pharmacy\",\"alternateName\":\"Lions Pharmacy24\",\"url\":\"https:\/\/loewentestneu.metafex.io\/fr\",\"logo\":{\"@type\":\"ImageObject\",\"inLanguage\":\"fr-FR\",\"@id\":\"https:\/\/loewentestneu.metafex.io\/fr#\/schema\/logo\/image\/\",\"url\":\"https:\/\/loewentestneu.metafex.io\/wp-content\/uploads\/2022\/12\/Logo-Lion-Pharmacy-c-o-Loewen-Apotheke-smal.jpg\",\"contentUrl\":\"https:\/\/loewentestneu.metafex.io\/wp-content\/uploads\/2022\/12\/Logo-Lion-Pharmacy-c-o-Loewen-Apotheke-smal.jpg\",\"width\":298,\"height\":99,\"caption\":\"Lions Pharmacy\"},\"image\":{\"@id\":\"https:\/\/loewentestneu.metafex.io\/fr#\/schema\/logo\/image\/\"}}]}<\/script>\n<!-- \/ Yoast SEO plugin. -->","yoast_head_json":{"title":"Chondron pellicul\u00e9 comprim\u00e9s - Regena Ney - 60 pcs. &#187; commander ici","description":"Pharmacie en ligne allemande enregistr\u00e9e | Exp\u00e9dition internationale rapide | Produit fabriqu\u00e9 par vitOrgan : Chondron pellicul\u00e9 comprim\u00e9s - Regena Ney - 60 pcs.","robots":{"index":"noindex","follow":"follow","max-snippet":"max-snippet:-1","max-image-preview":"max-image-preview:large","max-video-preview":"max-video-preview:-1"},"og_locale":"fr_FR","og_type":"article","og_title":"Chondron pellicul\u00e9 comprim\u00e9s - Regena Ney - 60 pcs. &#187; commander ici","og_description":"Pharmacie en ligne allemande enregistr\u00e9e | Exp\u00e9dition internationale rapide | Produit fabriqu\u00e9 par vitOrgan : Chondron pellicul\u00e9 comprim\u00e9s - Regena Ney - 60 pcs.","og_url":"https:\/\/loewentestneu.metafex.io\/fr\/produit\/chondron-film-coated-tablets-60-pcs-00373824","og_site_name":"Lion Pharmacy","article_modified_time":"2025-01-25T18:09:48+00:00","og_image":[{"width":600,"height":600,"url":"https:\/\/loewentestneu.metafex.io\/wp-content\/uploads\/2024\/11\/Chondron-Vitorgan-PZN-00373824-Lowenapotheke24.webp","type":"image\/webp"}],"twitter_card":"summary_large_image","twitter_misc":{"Dur\u00e9e de lecture estim\u00e9e":"2 minutes"},"schema":{"@context":"https:\/\/schema.org","@graph":[{"@type":"WebPage","@id":"https:\/\/loewentestneu.metafex.io\/fr\/produit\/chondron-film-coated-tablets-60-pcs-00373824","url":"https:\/\/loewentestneu.metafex.io\/fr\/produit\/chondron-film-coated-tablets-60-pcs-00373824","name":"Chondron pellicul\u00e9 comprim\u00e9s - Regena Ney - 60 pcs. &#187; commander ici","isPartOf":{"@id":"https:\/\/loewentestneu.metafex.io\/fr#website"},"primaryImageOfPage":{"@id":"https:\/\/loewentestneu.metafex.io\/fr\/produit\/chondron-film-coated-tablets-60-pcs-00373824#primaryimage"},"image":{"@id":"https:\/\/loewentestneu.metafex.io\/fr\/produit\/chondron-film-coated-tablets-60-pcs-00373824#primaryimage"},"thumbnailUrl":"https:\/\/loewentestneu.metafex.io\/wp-content\/uploads\/2024\/11\/Chondron-Vitorgan-PZN-00373824-Lowenapotheke24.webp","datePublished":"2024-11-28T10:27:18+00:00","dateModified":"2025-01-25T18:09:48+00:00","description":"Pharmacie en ligne allemande enregistr\u00e9e | Exp\u00e9dition internationale rapide | Produit fabriqu\u00e9 par vitOrgan : Chondron pellicul\u00e9 comprim\u00e9s - Regena Ney - 60 pcs.","breadcrumb":{"@id":"https:\/\/loewentestneu.metafex.io\/fr\/produit\/chondron-film-coated-tablets-60-pcs-00373824#breadcrumb"},"inLanguage":"fr-FR","potentialAction":[{"@type":"ReadAction","target":["https:\/\/loewentestneu.metafex.io\/fr\/produit\/chondron-film-coated-tablets-60-pcs-00373824"]}]},{"@type":"ImageObject","inLanguage":"fr-FR","@id":"https:\/\/loewentestneu.metafex.io\/fr\/produit\/chondron-film-coated-tablets-60-pcs-00373824#primaryimage","url":"https:\/\/loewentestneu.metafex.io\/wp-content\/uploads\/2024\/11\/Chondron-Vitorgan-PZN-00373824-Lowenapotheke24.webp","contentUrl":"https:\/\/loewentestneu.metafex.io\/wp-content\/uploads\/2024\/11\/Chondron-Vitorgan-PZN-00373824-Lowenapotheke24.webp","width":600,"height":600,"caption":"L\u2019image montre Chondron de Vitorgan. PZN 00373824. Pharmacie Lions"},{"@type":"BreadcrumbList","@id":"https:\/\/loewentestneu.metafex.io\/fr\/produit\/chondron-film-coated-tablets-60-pcs-00373824#breadcrumb","itemListElement":[{"@type":"ListItem","position":1,"name":"Home","item":"https:\/\/loewentestneu.metafex.io\/fr\/homepage-lion-pharmacy"},{"@type":"ListItem","position":2,"name":"Shop","item":"https:\/\/loewentestneu.metafex.io\/fr\/boutique"},{"@type":"ListItem","position":3,"name":"Chondron pellicul\u00e9 comprim\u00e9s &#8211; Regena Ney &#8211; 60 pcs."}]},{"@type":"WebSite","@id":"https:\/\/loewentestneu.metafex.io\/fr#website","url":"https:\/\/loewentestneu.metafex.io\/fr","name":"Lions Pharmacy","description":"Pharmacie sp\u00e9cialis\u00e9e en naturopathie de Baden-Baden, Allemagne","publisher":{"@id":"https:\/\/loewentestneu.metafex.io\/fr#organization"},"alternateName":"Lion Pharmacy","potentialAction":[{"@type":"SearchAction","target":{"@type":"EntryPoint","urlTemplate":"https:\/\/loewentestneu.metafex.io\/fr?s={search_term_string}"},"query-input":{"@type":"PropertyValueSpecification","valueRequired":true,"valueName":"search_term_string"}}],"inLanguage":"fr-FR"},{"@type":"Organization","@id":"https:\/\/loewentestneu.metafex.io\/fr#organization","name":"Lions Pharmacy","alternateName":"Lions Pharmacy24","url":"https:\/\/loewentestneu.metafex.io\/fr","logo":{"@type":"ImageObject","inLanguage":"fr-FR","@id":"https:\/\/loewentestneu.metafex.io\/fr#\/schema\/logo\/image\/","url":"https:\/\/loewentestneu.metafex.io\/wp-content\/uploads\/2022\/12\/Logo-Lion-Pharmacy-c-o-Loewen-Apotheke-smal.jpg","contentUrl":"https:\/\/loewentestneu.metafex.io\/wp-content\/uploads\/2022\/12\/Logo-Lion-Pharmacy-c-o-Loewen-Apotheke-smal.jpg","width":298,"height":99,"caption":"Lions Pharmacy"},"image":{"@id":"https:\/\/loewentestneu.metafex.io\/fr#\/schema\/logo\/image\/"}}]}},"_links":{"self":[{"href":"https:\/\/loewentestneu.metafex.io\/fr\/wp-json\/wp\/v2\/product\/6911","targetHints":{"allow":["GET"]}}],"collection":[{"href":"https:\/\/loewentestneu.metafex.io\/fr\/wp-json\/wp\/v2\/product"}],"about":[{"href":"https:\/\/loewentestneu.metafex.io\/fr\/wp-json\/wp\/v2\/types\/product"}],"replies":[{"embeddable":true,"href":"https:\/\/loewentestneu.metafex.io\/fr\/wp-json\/wp\/v2\/comments?post=6911"}],"wp:featuredmedia":[{"embeddable":true,"href":"https:\/\/loewentestneu.metafex.io\/fr\/wp-json\/wp\/v2\/media\/6916"}],"wp:attachment":[{"href":"https:\/\/loewentestneu.metafex.io\/fr\/wp-json\/wp\/v2\/media?parent=6911"}],"wp:term":[{"taxonomy":"product_brand","embeddable":true,"href":"https:\/\/loewentestneu.metafex.io\/fr\/wp-json\/wp\/v2\/product_brand?post=6911"},{"taxonomy":"product_cat","embeddable":true,"href":"https:\/\/loewentestneu.metafex.io\/fr\/wp-json\/wp\/v2\/product_cat?post=6911"},{"taxonomy":"product_tag","embeddable":true,"href":"https:\/\/loewentestneu.metafex.io\/fr\/wp-json\/wp\/v2\/product_tag?post=6911"}],"curies":[{"name":"wp","href":"https:\/\/api.w.org\/{rel}","templated":true}]}}