{"id":6942,"date":"2024-11-28T11:54:34","date_gmt":"2024-11-28T10:54:34","guid":{"rendered":"https:\/\/lions-pharmacy.com\/?post_type=product&#038;p=6942"},"modified":"2025-01-25T19:04:34","modified_gmt":"2025-01-25T18:04:34","slug":"eye-nutrition-tablets-regena-ney-60-pcs-03317536","status":"publish","type":"product","link":"https:\/\/loewentestneu.metafex.io\/fr\/produit\/eye-nutrition-tablets-regena-ney-60-pcs-03317536","title":{"rendered":"Comprim\u00e9s de nutrition pour les yeux &#8211; Regena Ney &#8211; 60 pcs."},"content":{"rendered":"<h3>Comprim\u00e9s de nutrition pour les yeux &#8211; Regena Ney<\/h3>\n<p>Nutrition oculaire comprim\u00e9s pellicul\u00e9s une combinaison de lut\u00e9ine, de z\u00e9axanthine, de vitamines et de min\u00e9raux. Compl\u00e9ment alimentaire. La vitamine A et la vitamine B2 aident \u00e0 maintenir une vision normale.<\/p>\n<p>La vraie beaut\u00e9 vient de l\u2019int\u00e9rieur, mais tout le monde veut pouvoir montrer clairement son attractivit\u00e9 \u00e0 l\u2019ext\u00e9rieur. Le meilleur moyen d\u2019y parvenir est d\u2019utiliser des facteurs biomol\u00e9culaires qui favorisent la r\u00e9g\u00e9n\u00e9ration cellulaire. VitOrgan est un sp\u00e9cialiste de la recherche et du d\u00e9veloppement, et sa \u00ab belle fille \u00bb Regena Ney Cosmetic peut s\u2019appuyer sur une multitude de ressources. Avant tout, le naturel doit \u00eatre pr\u00e9serv\u00e9, c\u2019est pourquoi une attention particuli\u00e8re est accord\u00e9e aux ingr\u00e9dients s\u00e9lectionn\u00e9s lors du d\u00e9veloppement de nouveaux produits.<\/p>\n<p>La dose journali\u00e8re recommand\u00e9e de 1 comprim\u00e9 pellicul\u00e9 par jour ne doit pas \u00eatre d\u00e9pass\u00e9e.<\/p>\n<p>La nutrition oculaire ne se substitue pas \u00e0 une alimentation \u00e9quilibr\u00e9e et vari\u00e9e et \u00e0 un mode de vie sain.<\/p>\n<p>Le produit contient de la vitamine A. Les femmes enceintes et les femmes pour lesquelles une grossesse ne peut \u00eatre exclue doivent consulter leur m\u00e9decin avant de commencer \u00e0 consommer le produit.<\/p>\n<p>Les compl\u00e9ments alimentaires ne se substituent pas \u00e0 une alimentation \u00e9quilibr\u00e9e et vari\u00e9e et \u00e0 un mode de vie sain. L\u2019apport journalier recommand\u00e9 ne doit pas \u00eatre d\u00e9pass\u00e9. Conservez le produit hors de la port\u00e9e des jeunes enfants.<\/p>\n<p>Autres produits pour l\u2019application : <a href=\"https:\/\/loewentestneu.metafex.io\/produkt-kategorie\/vitorgan\">vitOrgan<\/a> | <a href=\"https:\/\/loewentestneu.metafex.io\/product-tag\/vitamins-supplements\">Vitamines et suppl\u00e9ments Produits<\/a><br \/>\nEn savoir plus sur le fabricant et ce produit : <a href=\"https:\/\/vitorgan.de\/en\/products\/\" target=\"_blank\" rel=\"noopener\">vitOrgan<\/a> (lien vers un site web externe)<\/p>\n<p>Les informations contenues dans ce site web sont fournies \u00e0 titre informatif uniquement. Ils ne remplacent en aucun cas l&#8217;examen et le traitement par un m\u00e9decin. Veuillez noter que cela signifie qu&#8217;aucun diagnostic ne peut \u00eatre \u00e9tabli et qu&#8217;aucune th\u00e9rapie ne peut \u00eatre mise en place.<\/p>\n<p>Pour conna\u00eetre les risques et les effets secondaires, lisez la notice et demandez conseil \u00e0 votre m\u00e9decin ou \u00e0 votre pharmacien.<\/p>\n","protected":false},"excerpt":{"rendered":"<h2>Comprim\u00e9s de nutrition pour les yeux 60 pcs.<\/h2>\n<p>Les comprim\u00e9s de nutrition pour les yeux contiennent une combinaison de lut\u00e9ine, de z\u00e9axanthine, de vitamines et de min\u00e9raux.<\/p>\n<p>&nbsp;<\/p>\n<p>PZN : 03317536 (num\u00e9ro central de pharmacie)<\/p>\n<p>Forme gal\u00e9nique : comprim\u00e9s pellicul\u00e9s<\/p>\n<p>Type de prescription : sans ordonnance<\/p>\n<p>Marque&nbsp;: Regena Ney<\/p>\n<p>Fabricant : vitOrgan GmbH &amp; Co.KG, Ostfildern, Allemagne<\/p>\n<p>Taille de l\u2019emballage&nbsp;: 60 pcs.<\/p>\n","protected":false},"featured_media":6947,"comment_status":"closed","ping_status":"closed","template":"","meta":[],"product_brand":[],"product_cat":[120,114,129],"product_tag":[306,230],"class_list":{"0":"post-6942","1":"product","2":"type-product","3":"status-publish","4":"has-post-thumbnail","6":"product_cat-sale-fr","7":"product_cat-non-classifiee","8":"product_cat-vitorgan-fr","9":"product_tag-homeopathie","10":"product_tag-neydil-fr","11":"ts_product_brand-all-fr","12":"ts_product_brand-vitorgan-fr","14":"first","15":"instock","16":"sale","17":"taxable","18":"shipping-taxable","19":"purchasable","20":"product-type-simple"},"yoast_head":"<!-- This site is optimized with the Yoast SEO plugin v26.5 - https:\/\/yoast.com\/wordpress\/plugins\/seo\/ -->\n<title>Comprim\u00e9s de nutrition pour les yeux - Regena Ney - 60 pcs. &#187; Pharmacie - commandez ici<\/title>\n<meta name=\"description\" content=\"Pharmacie en ligne allemande enregistr\u00e9e | Exp\u00e9dition internationale rapide | Produit fabriqu\u00e9 par vitOrgan : Comprim\u00e9s de nutrition pour les yeux - Regena Ney - 60 pcs.\" \/>\n<meta name=\"robots\" content=\"noindex, follow, max-snippet:-1, max-image-preview:large, max-video-preview:-1\" \/>\n<meta property=\"og:locale\" content=\"fr_FR\" \/>\n<meta property=\"og:type\" content=\"article\" \/>\n<meta property=\"og:title\" content=\"Comprim\u00e9s de nutrition pour les yeux - Regena Ney - 60 pcs. &#187; Pharmacie - commandez ici\" \/>\n<meta property=\"og:description\" content=\"Pharmacie en ligne allemande enregistr\u00e9e | Exp\u00e9dition internationale rapide | Produit fabriqu\u00e9 par vitOrgan : Comprim\u00e9s de nutrition pour les yeux - Regena Ney - 60 pcs.\" \/>\n<meta property=\"og:url\" content=\"https:\/\/loewentestneu.metafex.io\/fr\/produit\/eye-nutrition-tablets-regena-ney-60-pcs-03317536\" \/>\n<meta property=\"og:site_name\" content=\"Lion Pharmacy\" \/>\n<meta property=\"article:modified_time\" content=\"2025-01-25T18:04:34+00:00\" \/>\n<meta property=\"og:image\" content=\"https:\/\/loewentestneu.metafex.io\/wp-content\/uploads\/2024\/11\/Augennahrung-Vitorgan-PZN-03317536-Lowenapotheke24.webp\" \/>\n\t<meta property=\"og:image:width\" content=\"600\" \/>\n\t<meta property=\"og:image:height\" content=\"600\" \/>\n\t<meta property=\"og:image:type\" content=\"image\/webp\" \/>\n<meta name=\"twitter:card\" content=\"summary_large_image\" \/>\n<meta name=\"twitter:label1\" content=\"Dur\u00e9e de lecture estim\u00e9e\" \/>\n\t<meta name=\"twitter:data1\" content=\"2 minutes\" \/>\n<script type=\"application\/ld+json\" class=\"yoast-schema-graph\">{\"@context\":\"https:\/\/schema.org\",\"@graph\":[{\"@type\":\"WebPage\",\"@id\":\"https:\/\/loewentestneu.metafex.io\/fr\/produit\/eye-nutrition-tablets-regena-ney-60-pcs-03317536\",\"url\":\"https:\/\/loewentestneu.metafex.io\/fr\/produit\/eye-nutrition-tablets-regena-ney-60-pcs-03317536\",\"name\":\"Comprim\u00e9s de nutrition pour les yeux - Regena Ney - 60 pcs. &#187; Pharmacie - commandez ici\",\"isPartOf\":{\"@id\":\"https:\/\/loewentestneu.metafex.io\/fr#website\"},\"primaryImageOfPage\":{\"@id\":\"https:\/\/loewentestneu.metafex.io\/fr\/produit\/eye-nutrition-tablets-regena-ney-60-pcs-03317536#primaryimage\"},\"image\":{\"@id\":\"https:\/\/loewentestneu.metafex.io\/fr\/produit\/eye-nutrition-tablets-regena-ney-60-pcs-03317536#primaryimage\"},\"thumbnailUrl\":\"https:\/\/loewentestneu.metafex.io\/wp-content\/uploads\/2024\/11\/Augennahrung-Vitorgan-PZN-03317536-Lowenapotheke24.webp\",\"datePublished\":\"2024-11-28T10:54:34+00:00\",\"dateModified\":\"2025-01-25T18:04:34+00:00\",\"description\":\"Pharmacie en ligne allemande enregistr\u00e9e | Exp\u00e9dition internationale rapide | Produit fabriqu\u00e9 par vitOrgan : Comprim\u00e9s de nutrition pour les yeux - Regena Ney - 60 pcs.\",\"breadcrumb\":{\"@id\":\"https:\/\/loewentestneu.metafex.io\/fr\/produit\/eye-nutrition-tablets-regena-ney-60-pcs-03317536#breadcrumb\"},\"inLanguage\":\"fr-FR\",\"potentialAction\":[{\"@type\":\"ReadAction\",\"target\":[\"https:\/\/loewentestneu.metafex.io\/fr\/produit\/eye-nutrition-tablets-regena-ney-60-pcs-03317536\"]}]},{\"@type\":\"ImageObject\",\"inLanguage\":\"fr-FR\",\"@id\":\"https:\/\/loewentestneu.metafex.io\/fr\/produit\/eye-nutrition-tablets-regena-ney-60-pcs-03317536#primaryimage\",\"url\":\"https:\/\/loewentestneu.metafex.io\/wp-content\/uploads\/2024\/11\/Augennahrung-Vitorgan-PZN-03317536-Lowenapotheke24.webp\",\"contentUrl\":\"https:\/\/loewentestneu.metafex.io\/wp-content\/uploads\/2024\/11\/Augennahrung-Vitorgan-PZN-03317536-Lowenapotheke24.webp\",\"width\":600,\"height\":600,\"caption\":\"L\u2019image montre les comprim\u00e9s de nutrition oculaire - Regena Ney 60 Pcs. Pharmacie Vitorgan PZN 03317536 Lions\"},{\"@type\":\"BreadcrumbList\",\"@id\":\"https:\/\/loewentestneu.metafex.io\/fr\/produit\/eye-nutrition-tablets-regena-ney-60-pcs-03317536#breadcrumb\",\"itemListElement\":[{\"@type\":\"ListItem\",\"position\":1,\"name\":\"Home\",\"item\":\"https:\/\/loewentestneu.metafex.io\/fr\/homepage-lion-pharmacy\"},{\"@type\":\"ListItem\",\"position\":2,\"name\":\"Shop\",\"item\":\"https:\/\/loewentestneu.metafex.io\/fr\/boutique\"},{\"@type\":\"ListItem\",\"position\":3,\"name\":\"Comprim\u00e9s de nutrition pour les yeux &#8211; Regena Ney &#8211; 60 pcs.\"}]},{\"@type\":\"WebSite\",\"@id\":\"https:\/\/loewentestneu.metafex.io\/fr#website\",\"url\":\"https:\/\/loewentestneu.metafex.io\/fr\",\"name\":\"Lions Pharmacy\",\"description\":\"Pharmacie sp\u00e9cialis\u00e9e en naturopathie de Baden-Baden, Allemagne\",\"publisher\":{\"@id\":\"https:\/\/loewentestneu.metafex.io\/fr#organization\"},\"alternateName\":\"Lion Pharmacy\",\"potentialAction\":[{\"@type\":\"SearchAction\",\"target\":{\"@type\":\"EntryPoint\",\"urlTemplate\":\"https:\/\/loewentestneu.metafex.io\/fr?s={search_term_string}\"},\"query-input\":{\"@type\":\"PropertyValueSpecification\",\"valueRequired\":true,\"valueName\":\"search_term_string\"}}],\"inLanguage\":\"fr-FR\"},{\"@type\":\"Organization\",\"@id\":\"https:\/\/loewentestneu.metafex.io\/fr#organization\",\"name\":\"Lions Pharmacy\",\"alternateName\":\"Lions Pharmacy24\",\"url\":\"https:\/\/loewentestneu.metafex.io\/fr\",\"logo\":{\"@type\":\"ImageObject\",\"inLanguage\":\"fr-FR\",\"@id\":\"https:\/\/loewentestneu.metafex.io\/fr#\/schema\/logo\/image\/\",\"url\":\"https:\/\/loewentestneu.metafex.io\/wp-content\/uploads\/2022\/12\/Logo-Lion-Pharmacy-c-o-Loewen-Apotheke-smal.jpg\",\"contentUrl\":\"https:\/\/loewentestneu.metafex.io\/wp-content\/uploads\/2022\/12\/Logo-Lion-Pharmacy-c-o-Loewen-Apotheke-smal.jpg\",\"width\":298,\"height\":99,\"caption\":\"Lions Pharmacy\"},\"image\":{\"@id\":\"https:\/\/loewentestneu.metafex.io\/fr#\/schema\/logo\/image\/\"}}]}<\/script>\n<!-- \/ Yoast SEO plugin. -->","yoast_head_json":{"title":"Comprim\u00e9s de nutrition pour les yeux - Regena Ney - 60 pcs. &#187; Pharmacie - commandez ici","description":"Pharmacie en ligne allemande enregistr\u00e9e | Exp\u00e9dition internationale rapide | Produit fabriqu\u00e9 par vitOrgan : Comprim\u00e9s de nutrition pour les yeux - Regena Ney - 60 pcs.","robots":{"index":"noindex","follow":"follow","max-snippet":"max-snippet:-1","max-image-preview":"max-image-preview:large","max-video-preview":"max-video-preview:-1"},"og_locale":"fr_FR","og_type":"article","og_title":"Comprim\u00e9s de nutrition pour les yeux - Regena Ney - 60 pcs. &#187; Pharmacie - commandez ici","og_description":"Pharmacie en ligne allemande enregistr\u00e9e | Exp\u00e9dition internationale rapide | Produit fabriqu\u00e9 par vitOrgan : Comprim\u00e9s de nutrition pour les yeux - Regena Ney - 60 pcs.","og_url":"https:\/\/loewentestneu.metafex.io\/fr\/produit\/eye-nutrition-tablets-regena-ney-60-pcs-03317536","og_site_name":"Lion Pharmacy","article_modified_time":"2025-01-25T18:04:34+00:00","og_image":[{"width":600,"height":600,"url":"https:\/\/loewentestneu.metafex.io\/wp-content\/uploads\/2024\/11\/Augennahrung-Vitorgan-PZN-03317536-Lowenapotheke24.webp","type":"image\/webp"}],"twitter_card":"summary_large_image","twitter_misc":{"Dur\u00e9e de lecture estim\u00e9e":"2 minutes"},"schema":{"@context":"https:\/\/schema.org","@graph":[{"@type":"WebPage","@id":"https:\/\/loewentestneu.metafex.io\/fr\/produit\/eye-nutrition-tablets-regena-ney-60-pcs-03317536","url":"https:\/\/loewentestneu.metafex.io\/fr\/produit\/eye-nutrition-tablets-regena-ney-60-pcs-03317536","name":"Comprim\u00e9s de nutrition pour les yeux - Regena Ney - 60 pcs. &#187; Pharmacie - commandez ici","isPartOf":{"@id":"https:\/\/loewentestneu.metafex.io\/fr#website"},"primaryImageOfPage":{"@id":"https:\/\/loewentestneu.metafex.io\/fr\/produit\/eye-nutrition-tablets-regena-ney-60-pcs-03317536#primaryimage"},"image":{"@id":"https:\/\/loewentestneu.metafex.io\/fr\/produit\/eye-nutrition-tablets-regena-ney-60-pcs-03317536#primaryimage"},"thumbnailUrl":"https:\/\/loewentestneu.metafex.io\/wp-content\/uploads\/2024\/11\/Augennahrung-Vitorgan-PZN-03317536-Lowenapotheke24.webp","datePublished":"2024-11-28T10:54:34+00:00","dateModified":"2025-01-25T18:04:34+00:00","description":"Pharmacie en ligne allemande enregistr\u00e9e | Exp\u00e9dition internationale rapide | Produit fabriqu\u00e9 par vitOrgan : Comprim\u00e9s de nutrition pour les yeux - Regena Ney - 60 pcs.","breadcrumb":{"@id":"https:\/\/loewentestneu.metafex.io\/fr\/produit\/eye-nutrition-tablets-regena-ney-60-pcs-03317536#breadcrumb"},"inLanguage":"fr-FR","potentialAction":[{"@type":"ReadAction","target":["https:\/\/loewentestneu.metafex.io\/fr\/produit\/eye-nutrition-tablets-regena-ney-60-pcs-03317536"]}]},{"@type":"ImageObject","inLanguage":"fr-FR","@id":"https:\/\/loewentestneu.metafex.io\/fr\/produit\/eye-nutrition-tablets-regena-ney-60-pcs-03317536#primaryimage","url":"https:\/\/loewentestneu.metafex.io\/wp-content\/uploads\/2024\/11\/Augennahrung-Vitorgan-PZN-03317536-Lowenapotheke24.webp","contentUrl":"https:\/\/loewentestneu.metafex.io\/wp-content\/uploads\/2024\/11\/Augennahrung-Vitorgan-PZN-03317536-Lowenapotheke24.webp","width":600,"height":600,"caption":"L\u2019image montre les comprim\u00e9s de nutrition oculaire - Regena Ney 60 Pcs. Pharmacie Vitorgan PZN 03317536 Lions"},{"@type":"BreadcrumbList","@id":"https:\/\/loewentestneu.metafex.io\/fr\/produit\/eye-nutrition-tablets-regena-ney-60-pcs-03317536#breadcrumb","itemListElement":[{"@type":"ListItem","position":1,"name":"Home","item":"https:\/\/loewentestneu.metafex.io\/fr\/homepage-lion-pharmacy"},{"@type":"ListItem","position":2,"name":"Shop","item":"https:\/\/loewentestneu.metafex.io\/fr\/boutique"},{"@type":"ListItem","position":3,"name":"Comprim\u00e9s de nutrition pour les yeux &#8211; Regena Ney &#8211; 60 pcs."}]},{"@type":"WebSite","@id":"https:\/\/loewentestneu.metafex.io\/fr#website","url":"https:\/\/loewentestneu.metafex.io\/fr","name":"Lions Pharmacy","description":"Pharmacie sp\u00e9cialis\u00e9e en naturopathie de Baden-Baden, Allemagne","publisher":{"@id":"https:\/\/loewentestneu.metafex.io\/fr#organization"},"alternateName":"Lion Pharmacy","potentialAction":[{"@type":"SearchAction","target":{"@type":"EntryPoint","urlTemplate":"https:\/\/loewentestneu.metafex.io\/fr?s={search_term_string}"},"query-input":{"@type":"PropertyValueSpecification","valueRequired":true,"valueName":"search_term_string"}}],"inLanguage":"fr-FR"},{"@type":"Organization","@id":"https:\/\/loewentestneu.metafex.io\/fr#organization","name":"Lions Pharmacy","alternateName":"Lions Pharmacy24","url":"https:\/\/loewentestneu.metafex.io\/fr","logo":{"@type":"ImageObject","inLanguage":"fr-FR","@id":"https:\/\/loewentestneu.metafex.io\/fr#\/schema\/logo\/image\/","url":"https:\/\/loewentestneu.metafex.io\/wp-content\/uploads\/2022\/12\/Logo-Lion-Pharmacy-c-o-Loewen-Apotheke-smal.jpg","contentUrl":"https:\/\/loewentestneu.metafex.io\/wp-content\/uploads\/2022\/12\/Logo-Lion-Pharmacy-c-o-Loewen-Apotheke-smal.jpg","width":298,"height":99,"caption":"Lions Pharmacy"},"image":{"@id":"https:\/\/loewentestneu.metafex.io\/fr#\/schema\/logo\/image\/"}}]}},"_links":{"self":[{"href":"https:\/\/loewentestneu.metafex.io\/fr\/wp-json\/wp\/v2\/product\/6942","targetHints":{"allow":["GET"]}}],"collection":[{"href":"https:\/\/loewentestneu.metafex.io\/fr\/wp-json\/wp\/v2\/product"}],"about":[{"href":"https:\/\/loewentestneu.metafex.io\/fr\/wp-json\/wp\/v2\/types\/product"}],"replies":[{"embeddable":true,"href":"https:\/\/loewentestneu.metafex.io\/fr\/wp-json\/wp\/v2\/comments?post=6942"}],"wp:featuredmedia":[{"embeddable":true,"href":"https:\/\/loewentestneu.metafex.io\/fr\/wp-json\/wp\/v2\/media\/6947"}],"wp:attachment":[{"href":"https:\/\/loewentestneu.metafex.io\/fr\/wp-json\/wp\/v2\/media?parent=6942"}],"wp:term":[{"taxonomy":"product_brand","embeddable":true,"href":"https:\/\/loewentestneu.metafex.io\/fr\/wp-json\/wp\/v2\/product_brand?post=6942"},{"taxonomy":"product_cat","embeddable":true,"href":"https:\/\/loewentestneu.metafex.io\/fr\/wp-json\/wp\/v2\/product_cat?post=6942"},{"taxonomy":"product_tag","embeddable":true,"href":"https:\/\/loewentestneu.metafex.io\/fr\/wp-json\/wp\/v2\/product_tag?post=6942"}],"curies":[{"name":"wp","href":"https:\/\/api.w.org\/{rel}","templated":true}]}}