{"id":6973,"date":"2024-11-28T12:20:15","date_gmt":"2024-11-28T11:20:15","guid":{"rendered":"https:\/\/lions-pharmacy.com\/?post_type=product&#038;p=6973"},"modified":"2025-01-25T18:53:05","modified_gmt":"2025-01-25T17:53:05","slug":"regena-ney-geront-plus-capsules-60-pcs-4260084038191","status":"publish","type":"product","link":"https:\/\/loewentestneu.metafex.io\/fr\/produit\/regena-ney-geront-plus-capsules-60-pcs-4260084038191","title":{"rendered":"Regena Ney Geront plus g\u00e9lules 60 pcs."},"content":{"rendered":"<h2>Regena Ney Geront plus g\u00e9lules<\/h2>\n<p>Regena Ney Geront g\u00e9lules &#8211; compl\u00e9ment alimentaire. Pour am\u00e9liorer g\u00e9n\u00e9ralement l\u2019\u00e9quilibre \u00e9nerg\u00e9tique, des vitamines pour la concentration et les performances mentales. B6, B12, vitamine C pour le fonctionnement du syst\u00e8me nerveux et les performances de la m\u00e9moire.<\/p>\n<p>Ils contribuent au m\u00e9tabolisme \u00e9nerg\u00e9tique, au fonctionnement normal du syst\u00e8me immunitaire, \u00e0 la formation normale des globules rouges et \u00e0 la fonction psychologique normale.<\/p>\n<p>La vraie beaut\u00e9 vient de l\u2019int\u00e9rieur, mais tout le monde veut aussi pouvoir montrer visiblement son attractivit\u00e9 \u00e0 l\u2019ext\u00e9rieur. Le meilleur moyen d\u2019y parvenir est d\u2019utiliser des facteurs biomol\u00e9culaires qui favorisent la r\u00e9g\u00e9n\u00e9ration cellulaire. vitOrgan est un sp\u00e9cialiste de la recherche et du d\u00e9veloppement, et sa \u00ab belle fille \u00bb Regena Ney Cosmetic peut s\u2019appuyer sur une multitude de ressources. Avant tout, la naturalit\u00e9 doit \u00eatre pr\u00e9serv\u00e9e, c\u2019est pourquoi une attention particuli\u00e8re est port\u00e9e aux ingr\u00e9dients s\u00e9lectionn\u00e9s lors du d\u00e9veloppement de nouveaux produits.<\/p>\n<p>Les vitamines contenues dans Regena Ney GERONT\u00ae plus jouent un r\u00f4le cl\u00e9 dans la concentration et les performances mentales.<\/p>\n<p>Les vitamines B6, B12 et C sont importantes pour le fonctionnement du syst\u00e8me nerveux et soutiennent les performances de la m\u00e9moire. Ils contribuent \u00e0 un m\u00e9tabolisme \u00e9nerg\u00e9tique normal, au fonctionnement normal du syst\u00e8me immunitaire, \u00e0 la formation normale des globules rouges et \u00e0 une fonction psychologique normale. Ils aident \u00e9galement \u00e0 r\u00e9duire la fatigue et l\u2019\u00e9puisement. Regena Ney GERONT\u00ae plus, avec ses nombreux antioxydants naturels, aide le corps \u00e0 se prot\u00e9ger des radicaux libres et \u00e0 aider \u00e0 d\u00e9composer les m\u00e9dicaments et autres substances \u00e9trang\u00e8res.<\/p>\n<p>En savoir plus sur le manufactorer \u2013 lien vers le site web : <a href=\"https:\/\/vitorgan.de\/en\/products\/\" target=\"_blank\" rel=\"noopener noreferrer\">vitOrgan.de<\/a><br \/>\nVous trouverez d\u2019autres produits vitOrgan ici : <a href=\"https:\/\/loewentestneu.metafex.io\/product-category\/vitorgan\">vitOrgan<\/a><\/p>\n<p>Pour conna\u00eetre les risques et les effets secondaires, lisez la notice et demandez conseil \u00e0 votre m\u00e9decin ou \u00e0 votre pharmacien.<\/p>\n","protected":false},"excerpt":{"rendered":"<h2>Regena Ney Geront plus g\u00e9lules 60 pcs.<\/h2>\n<p>Pour am\u00e9liorer g\u00e9n\u00e9ralement l\u2019\u00e9quilibre \u00e9nerg\u00e9tique, des vitamines pour la concentration et les performances mentales.<\/p>\n<p>&nbsp;<\/p>\n<p>PZN : 09542406 (num\u00e9ro central de pharmacie)<\/p>\n<p>Forme posologique: capsules<\/p>\n<p>Type de prescription : sans ordonnance<\/p>\n<p>Marque : vitOrgan<\/p>\n<p>Fabricant : vitOrgan GmbH &amp; Co.KG, Ostfildern, Allemagne<\/p>\n<p>Taille de l\u2019emballage&nbsp;: 60 pcs.<\/p>\n","protected":false},"featured_media":6978,"comment_status":"closed","ping_status":"closed","template":"","meta":[],"product_brand":[],"product_cat":[120,114,129],"product_tag":[306,230],"class_list":{"0":"post-6973","1":"product","2":"type-product","3":"status-publish","4":"has-post-thumbnail","6":"product_cat-sale-fr","7":"product_cat-non-classifiee","8":"product_cat-vitorgan-fr","9":"product_tag-homeopathie","10":"product_tag-neydil-fr","11":"ts_product_brand-all-fr","12":"ts_product_brand-vitorgan-fr","14":"first","15":"instock","16":"sale","17":"taxable","18":"shipping-taxable","19":"purchasable","20":"product-type-simple"},"yoast_head":"<!-- This site is optimized with the Yoast SEO plugin v26.5 - https:\/\/yoast.com\/wordpress\/plugins\/seo\/ -->\n<title>Regena Ney Geront plus g\u00e9lules 60 pcs. &#187; Pharmacie - commandez ici<\/title>\n<meta name=\"description\" content=\"Pharmacie en ligne allemande enregistr\u00e9e | Exp\u00e9dition internationale rapide | Produit fabriqu\u00e9 par vitOrgan : Regena Ney Geront plus g\u00e9lules 60 pcs.\" \/>\n<meta name=\"robots\" content=\"noindex, follow, max-snippet:-1, max-image-preview:large, max-video-preview:-1\" \/>\n<meta property=\"og:locale\" content=\"fr_FR\" \/>\n<meta property=\"og:type\" content=\"article\" \/>\n<meta property=\"og:title\" content=\"Regena Ney Geront plus g\u00e9lules 60 pcs. &#187; Pharmacie - commandez ici\" \/>\n<meta property=\"og:description\" content=\"Pharmacie en ligne allemande enregistr\u00e9e | Exp\u00e9dition internationale rapide | Produit fabriqu\u00e9 par vitOrgan : Regena Ney Geront plus g\u00e9lules 60 pcs.\" \/>\n<meta property=\"og:url\" content=\"https:\/\/loewentestneu.metafex.io\/fr\/produit\/regena-ney-geront-plus-capsules-60-pcs-4260084038191\" \/>\n<meta property=\"og:site_name\" content=\"Lion Pharmacy\" \/>\n<meta property=\"article:modified_time\" content=\"2025-01-25T17:53:05+00:00\" \/>\n<meta property=\"og:image\" content=\"https:\/\/loewentestneu.metafex.io\/wp-content\/uploads\/2024\/11\/Regena-Ney-Geront-Plus-Vitorgan-PZN-09542406-Lowenapotheke24.webp\" \/>\n\t<meta property=\"og:image:width\" content=\"600\" \/>\n\t<meta property=\"og:image:height\" content=\"600\" \/>\n\t<meta property=\"og:image:type\" content=\"image\/webp\" \/>\n<meta name=\"twitter:card\" content=\"summary_large_image\" \/>\n<meta name=\"twitter:label1\" content=\"Dur\u00e9e de lecture estim\u00e9e\" \/>\n\t<meta name=\"twitter:data1\" content=\"2 minutes\" \/>\n<script type=\"application\/ld+json\" class=\"yoast-schema-graph\">{\"@context\":\"https:\/\/schema.org\",\"@graph\":[{\"@type\":\"WebPage\",\"@id\":\"https:\/\/loewentestneu.metafex.io\/fr\/produit\/regena-ney-geront-plus-capsules-60-pcs-4260084038191\",\"url\":\"https:\/\/loewentestneu.metafex.io\/fr\/produit\/regena-ney-geront-plus-capsules-60-pcs-4260084038191\",\"name\":\"Regena Ney Geront plus g\u00e9lules 60 pcs. &#187; Pharmacie - commandez ici\",\"isPartOf\":{\"@id\":\"https:\/\/loewentestneu.metafex.io\/fr#website\"},\"primaryImageOfPage\":{\"@id\":\"https:\/\/loewentestneu.metafex.io\/fr\/produit\/regena-ney-geront-plus-capsules-60-pcs-4260084038191#primaryimage\"},\"image\":{\"@id\":\"https:\/\/loewentestneu.metafex.io\/fr\/produit\/regena-ney-geront-plus-capsules-60-pcs-4260084038191#primaryimage\"},\"thumbnailUrl\":\"https:\/\/loewentestneu.metafex.io\/wp-content\/uploads\/2024\/11\/Regena-Ney-Geront-Plus-Vitorgan-PZN-09542406-Lowenapotheke24.webp\",\"datePublished\":\"2024-11-28T11:20:15+00:00\",\"dateModified\":\"2025-01-25T17:53:05+00:00\",\"description\":\"Pharmacie en ligne allemande enregistr\u00e9e | Exp\u00e9dition internationale rapide | Produit fabriqu\u00e9 par vitOrgan : Regena Ney Geront plus g\u00e9lules 60 pcs.\",\"breadcrumb\":{\"@id\":\"https:\/\/loewentestneu.metafex.io\/fr\/produit\/regena-ney-geront-plus-capsules-60-pcs-4260084038191#breadcrumb\"},\"inLanguage\":\"fr-FR\",\"potentialAction\":[{\"@type\":\"ReadAction\",\"target\":[\"https:\/\/loewentestneu.metafex.io\/fr\/produit\/regena-ney-geront-plus-capsules-60-pcs-4260084038191\"]}]},{\"@type\":\"ImageObject\",\"inLanguage\":\"fr-FR\",\"@id\":\"https:\/\/loewentestneu.metafex.io\/fr\/produit\/regena-ney-geront-plus-capsules-60-pcs-4260084038191#primaryimage\",\"url\":\"https:\/\/loewentestneu.metafex.io\/wp-content\/uploads\/2024\/11\/Regena-Ney-Geront-Plus-Vitorgan-PZN-09542406-Lowenapotheke24.webp\",\"contentUrl\":\"https:\/\/loewentestneu.metafex.io\/wp-content\/uploads\/2024\/11\/Regena-Ney-Geront-Plus-Vitorgan-PZN-09542406-Lowenapotheke24.webp\",\"width\":600,\"height\":600,\"caption\":\"Regena Ney Geront Plus-Vitorgan-PZN 09542406-Pharmacie Lions\"},{\"@type\":\"BreadcrumbList\",\"@id\":\"https:\/\/loewentestneu.metafex.io\/fr\/produit\/regena-ney-geront-plus-capsules-60-pcs-4260084038191#breadcrumb\",\"itemListElement\":[{\"@type\":\"ListItem\",\"position\":1,\"name\":\"Home\",\"item\":\"https:\/\/loewentestneu.metafex.io\/fr\/homepage-lion-pharmacy\"},{\"@type\":\"ListItem\",\"position\":2,\"name\":\"Shop\",\"item\":\"https:\/\/loewentestneu.metafex.io\/fr\/boutique\"},{\"@type\":\"ListItem\",\"position\":3,\"name\":\"Regena Ney Geront plus g\u00e9lules 60 pcs.\"}]},{\"@type\":\"WebSite\",\"@id\":\"https:\/\/loewentestneu.metafex.io\/fr#website\",\"url\":\"https:\/\/loewentestneu.metafex.io\/fr\",\"name\":\"Lions Pharmacy\",\"description\":\"Pharmacie sp\u00e9cialis\u00e9e en naturopathie de Baden-Baden, Allemagne\",\"publisher\":{\"@id\":\"https:\/\/loewentestneu.metafex.io\/fr#organization\"},\"alternateName\":\"Lion Pharmacy\",\"potentialAction\":[{\"@type\":\"SearchAction\",\"target\":{\"@type\":\"EntryPoint\",\"urlTemplate\":\"https:\/\/loewentestneu.metafex.io\/fr?s={search_term_string}\"},\"query-input\":{\"@type\":\"PropertyValueSpecification\",\"valueRequired\":true,\"valueName\":\"search_term_string\"}}],\"inLanguage\":\"fr-FR\"},{\"@type\":\"Organization\",\"@id\":\"https:\/\/loewentestneu.metafex.io\/fr#organization\",\"name\":\"Lions Pharmacy\",\"alternateName\":\"Lions Pharmacy24\",\"url\":\"https:\/\/loewentestneu.metafex.io\/fr\",\"logo\":{\"@type\":\"ImageObject\",\"inLanguage\":\"fr-FR\",\"@id\":\"https:\/\/loewentestneu.metafex.io\/fr#\/schema\/logo\/image\/\",\"url\":\"https:\/\/loewentestneu.metafex.io\/wp-content\/uploads\/2022\/12\/Logo-Lion-Pharmacy-c-o-Loewen-Apotheke-smal.jpg\",\"contentUrl\":\"https:\/\/loewentestneu.metafex.io\/wp-content\/uploads\/2022\/12\/Logo-Lion-Pharmacy-c-o-Loewen-Apotheke-smal.jpg\",\"width\":298,\"height\":99,\"caption\":\"Lions Pharmacy\"},\"image\":{\"@id\":\"https:\/\/loewentestneu.metafex.io\/fr#\/schema\/logo\/image\/\"}}]}<\/script>\n<!-- \/ Yoast SEO plugin. -->","yoast_head_json":{"title":"Regena Ney Geront plus g\u00e9lules 60 pcs. &#187; Pharmacie - commandez ici","description":"Pharmacie en ligne allemande enregistr\u00e9e | Exp\u00e9dition internationale rapide | Produit fabriqu\u00e9 par vitOrgan : Regena Ney Geront plus g\u00e9lules 60 pcs.","robots":{"index":"noindex","follow":"follow","max-snippet":"max-snippet:-1","max-image-preview":"max-image-preview:large","max-video-preview":"max-video-preview:-1"},"og_locale":"fr_FR","og_type":"article","og_title":"Regena Ney Geront plus g\u00e9lules 60 pcs. &#187; Pharmacie - commandez ici","og_description":"Pharmacie en ligne allemande enregistr\u00e9e | Exp\u00e9dition internationale rapide | Produit fabriqu\u00e9 par vitOrgan : Regena Ney Geront plus g\u00e9lules 60 pcs.","og_url":"https:\/\/loewentestneu.metafex.io\/fr\/produit\/regena-ney-geront-plus-capsules-60-pcs-4260084038191","og_site_name":"Lion Pharmacy","article_modified_time":"2025-01-25T17:53:05+00:00","og_image":[{"width":600,"height":600,"url":"https:\/\/loewentestneu.metafex.io\/wp-content\/uploads\/2024\/11\/Regena-Ney-Geront-Plus-Vitorgan-PZN-09542406-Lowenapotheke24.webp","type":"image\/webp"}],"twitter_card":"summary_large_image","twitter_misc":{"Dur\u00e9e de lecture estim\u00e9e":"2 minutes"},"schema":{"@context":"https:\/\/schema.org","@graph":[{"@type":"WebPage","@id":"https:\/\/loewentestneu.metafex.io\/fr\/produit\/regena-ney-geront-plus-capsules-60-pcs-4260084038191","url":"https:\/\/loewentestneu.metafex.io\/fr\/produit\/regena-ney-geront-plus-capsules-60-pcs-4260084038191","name":"Regena Ney Geront plus g\u00e9lules 60 pcs. &#187; Pharmacie - commandez ici","isPartOf":{"@id":"https:\/\/loewentestneu.metafex.io\/fr#website"},"primaryImageOfPage":{"@id":"https:\/\/loewentestneu.metafex.io\/fr\/produit\/regena-ney-geront-plus-capsules-60-pcs-4260084038191#primaryimage"},"image":{"@id":"https:\/\/loewentestneu.metafex.io\/fr\/produit\/regena-ney-geront-plus-capsules-60-pcs-4260084038191#primaryimage"},"thumbnailUrl":"https:\/\/loewentestneu.metafex.io\/wp-content\/uploads\/2024\/11\/Regena-Ney-Geront-Plus-Vitorgan-PZN-09542406-Lowenapotheke24.webp","datePublished":"2024-11-28T11:20:15+00:00","dateModified":"2025-01-25T17:53:05+00:00","description":"Pharmacie en ligne allemande enregistr\u00e9e | Exp\u00e9dition internationale rapide | Produit fabriqu\u00e9 par vitOrgan : Regena Ney Geront plus g\u00e9lules 60 pcs.","breadcrumb":{"@id":"https:\/\/loewentestneu.metafex.io\/fr\/produit\/regena-ney-geront-plus-capsules-60-pcs-4260084038191#breadcrumb"},"inLanguage":"fr-FR","potentialAction":[{"@type":"ReadAction","target":["https:\/\/loewentestneu.metafex.io\/fr\/produit\/regena-ney-geront-plus-capsules-60-pcs-4260084038191"]}]},{"@type":"ImageObject","inLanguage":"fr-FR","@id":"https:\/\/loewentestneu.metafex.io\/fr\/produit\/regena-ney-geront-plus-capsules-60-pcs-4260084038191#primaryimage","url":"https:\/\/loewentestneu.metafex.io\/wp-content\/uploads\/2024\/11\/Regena-Ney-Geront-Plus-Vitorgan-PZN-09542406-Lowenapotheke24.webp","contentUrl":"https:\/\/loewentestneu.metafex.io\/wp-content\/uploads\/2024\/11\/Regena-Ney-Geront-Plus-Vitorgan-PZN-09542406-Lowenapotheke24.webp","width":600,"height":600,"caption":"Regena Ney Geront Plus-Vitorgan-PZN 09542406-Pharmacie Lions"},{"@type":"BreadcrumbList","@id":"https:\/\/loewentestneu.metafex.io\/fr\/produit\/regena-ney-geront-plus-capsules-60-pcs-4260084038191#breadcrumb","itemListElement":[{"@type":"ListItem","position":1,"name":"Home","item":"https:\/\/loewentestneu.metafex.io\/fr\/homepage-lion-pharmacy"},{"@type":"ListItem","position":2,"name":"Shop","item":"https:\/\/loewentestneu.metafex.io\/fr\/boutique"},{"@type":"ListItem","position":3,"name":"Regena Ney Geront plus g\u00e9lules 60 pcs."}]},{"@type":"WebSite","@id":"https:\/\/loewentestneu.metafex.io\/fr#website","url":"https:\/\/loewentestneu.metafex.io\/fr","name":"Lions Pharmacy","description":"Pharmacie sp\u00e9cialis\u00e9e en naturopathie de Baden-Baden, Allemagne","publisher":{"@id":"https:\/\/loewentestneu.metafex.io\/fr#organization"},"alternateName":"Lion Pharmacy","potentialAction":[{"@type":"SearchAction","target":{"@type":"EntryPoint","urlTemplate":"https:\/\/loewentestneu.metafex.io\/fr?s={search_term_string}"},"query-input":{"@type":"PropertyValueSpecification","valueRequired":true,"valueName":"search_term_string"}}],"inLanguage":"fr-FR"},{"@type":"Organization","@id":"https:\/\/loewentestneu.metafex.io\/fr#organization","name":"Lions Pharmacy","alternateName":"Lions Pharmacy24","url":"https:\/\/loewentestneu.metafex.io\/fr","logo":{"@type":"ImageObject","inLanguage":"fr-FR","@id":"https:\/\/loewentestneu.metafex.io\/fr#\/schema\/logo\/image\/","url":"https:\/\/loewentestneu.metafex.io\/wp-content\/uploads\/2022\/12\/Logo-Lion-Pharmacy-c-o-Loewen-Apotheke-smal.jpg","contentUrl":"https:\/\/loewentestneu.metafex.io\/wp-content\/uploads\/2022\/12\/Logo-Lion-Pharmacy-c-o-Loewen-Apotheke-smal.jpg","width":298,"height":99,"caption":"Lions Pharmacy"},"image":{"@id":"https:\/\/loewentestneu.metafex.io\/fr#\/schema\/logo\/image\/"}}]}},"_links":{"self":[{"href":"https:\/\/loewentestneu.metafex.io\/fr\/wp-json\/wp\/v2\/product\/6973","targetHints":{"allow":["GET"]}}],"collection":[{"href":"https:\/\/loewentestneu.metafex.io\/fr\/wp-json\/wp\/v2\/product"}],"about":[{"href":"https:\/\/loewentestneu.metafex.io\/fr\/wp-json\/wp\/v2\/types\/product"}],"replies":[{"embeddable":true,"href":"https:\/\/loewentestneu.metafex.io\/fr\/wp-json\/wp\/v2\/comments?post=6973"}],"wp:featuredmedia":[{"embeddable":true,"href":"https:\/\/loewentestneu.metafex.io\/fr\/wp-json\/wp\/v2\/media\/6978"}],"wp:attachment":[{"href":"https:\/\/loewentestneu.metafex.io\/fr\/wp-json\/wp\/v2\/media?parent=6973"}],"wp:term":[{"taxonomy":"product_brand","embeddable":true,"href":"https:\/\/loewentestneu.metafex.io\/fr\/wp-json\/wp\/v2\/product_brand?post=6973"},{"taxonomy":"product_cat","embeddable":true,"href":"https:\/\/loewentestneu.metafex.io\/fr\/wp-json\/wp\/v2\/product_cat?post=6973"},{"taxonomy":"product_tag","embeddable":true,"href":"https:\/\/loewentestneu.metafex.io\/fr\/wp-json\/wp\/v2\/product_tag?post=6973"}],"curies":[{"name":"wp","href":"https:\/\/api.w.org\/{rel}","templated":true}]}}