{"id":7238,"date":"2024-12-06T15:58:29","date_gmt":"2024-12-06T14:58:29","guid":{"rendered":"https:\/\/lions-pharmacy.com\/?post_type=product&#038;p=7238"},"modified":"2025-01-25T09:40:52","modified_gmt":"2025-01-25T08:40:52","slug":"orthomol-neuro-90-pcs-19440931","status":"publish","type":"product","link":"https:\/\/loewentestneu.metafex.io\/fr\/produit\/orthomol-neuro-90-pcs-19440931","title":{"rendered":"Orthomol Neuro 90 pi\u00e8ces"},"content":{"rendered":"<h3>Orthomol Neuro<\/h3>\n<p>G\u00e9lules Orthomol Neuro &#8211; Micronutriments importants pour le fonctionnement normal du syst\u00e8me nerveux. Les compl\u00e9ments alimentaires ne se substituent pas \u00e0 une alimentation \u00e9quilibr\u00e9e et vari\u00e9e et \u00e0 un mode de vie sain.<\/p>\n<p>Prendre 1 g\u00e9lule par jour, de pr\u00e9f\u00e9rence avec beaucoup de liquide.<\/p>\n<p>Orthomol Neuro contient :<\/p>\n<ul>\n<li>Vitamine B1, vitamine B6, vitamine B12 et acide folique<\/li>\n<li>Magn\u00e9sium<\/li>\n<li>Uridine monophosphate (UMP) et cytidine monophosphate (CMP)<\/li>\n<\/ul>\n<p>Produits d\u2019Orthomol: Pionniers de la m\u00e9decine nutritionnelle orthomol\u00e9culaire en Allemagne. Depuis plus de 30 ans, l\u2019entreprise d\u00e9veloppe et vend des doses \u00e9quilibr\u00e9es de combinaisons de micronutriments pour divers domaines d\u2019application. Ce sont des combinaisons de micronutriments bas\u00e9es sur la m\u00e9decine orthomol\u00e9culaire.<\/p>\n<p>Notice \/ mode d\u2019emploi\/fiche technique de l\u2019article: &#8211; (Lecteur PDF)<\/p>\n<p>Autres produits pour l\u2019application: <a href=\"https:\/\/loewentestneu.metafex.io\/product-tag\/vitamins-supplements\">Vitamines &amp; suppl\u00e9ments Produits<\/a><\/p>\n<p>En savoir plus sur manufactorer et ce produit: <a href=\"https:\/\/www.orthomol.com\/de-de\/produkte\/schoenheit\/orthomol-hair-intense\" target=\"_blank\" rel=\"noopener\">orthomol<\/a> (lien vers site externe)<\/p>\n<p>Les informations contenues dans ce site web sont fournies \u00e0 titre informatif uniquement. Ils ne remplacent en aucun cas l&#8217;examen et le traitement par un m\u00e9decin. Veuillez noter que cela signifie qu&#8217;aucun diagnostic ne peut \u00eatre \u00e9tabli et qu&#8217;aucune th\u00e9rapie ne peut \u00eatre mise en place.<\/p>\n<p>Pour conna\u00eetre les risques et les effets secondaires, lisez la notice et demandez conseil \u00e0 votre m\u00e9decin ou \u00e0 votre pharmacien.<\/p>\n","protected":false},"excerpt":{"rendered":"<h2>Orthomol Neuro 90 pi\u00e8ces<\/h2>\n<p>Les g\u00e9lules Orthomol Neuro contiennent des micronutriments importants pour le fonctionnement normal du syst\u00e8me nerveux.<\/p>\n<p>&nbsp;<\/p>\n<p>PZN : 19440931<\/p>\n<p>Forme posologique: capsules<\/p>\n<p>Type de prescription : sans ordonnance<\/p>\n<p>Marque: orthomol<\/p>\n<p>Fabricant: orthomol Arzneimittel GmbH, Allemagne<\/p>\n<p>Taille d\u2019emballage: 90 pc.<\/p>\n","protected":false},"featured_media":7243,"comment_status":"closed","ping_status":"closed","template":"","meta":[],"product_brand":[],"product_cat":[120,114],"product_tag":[309,264],"class_list":{"0":"post-7238","1":"product","2":"type-product","3":"status-publish","4":"has-post-thumbnail","6":"product_cat-sale-fr","7":"product_cat-non-classifiee","8":"product_tag-vente-mensuelle","9":"product_tag-vitamines-et-supplements","10":"ts_product_brand-all-fr","11":"ts_product_brand-orthomol-fr","13":"first","14":"instock","15":"sale","16":"featured","17":"taxable","18":"shipping-taxable","19":"purchasable","20":"product-type-simple"},"yoast_head":"<!-- This site is optimized with the Yoast SEO plugin v26.5 - https:\/\/yoast.com\/wordpress\/plugins\/seo\/ -->\n<title>Orthomol Neuro 90 pi\u00e8ces &#187; Lion Pharmacy &#187; En savoir plus<\/title>\n<meta name=\"description\" content=\"Pharmacie Lion | pharmacie en ligne allemande enregistr\u00e9e | Exp\u00e9dition internationale rapide et achats en ligne en toute s\u00e9curit\u00e9. Orthomol Neuro 90 pi\u00e8ces\" \/>\n<meta name=\"robots\" content=\"noindex, follow, max-snippet:-1, max-image-preview:large, max-video-preview:-1\" \/>\n<meta property=\"og:locale\" content=\"fr_FR\" \/>\n<meta property=\"og:type\" content=\"article\" \/>\n<meta property=\"og:title\" content=\"Orthomol Neuro 90 pi\u00e8ces &#187; Lion Pharmacy &#187; En savoir plus\" \/>\n<meta property=\"og:description\" content=\"Pharmacie Lion | pharmacie en ligne allemande enregistr\u00e9e | Exp\u00e9dition internationale rapide et achats en ligne en toute s\u00e9curit\u00e9. Orthomol Neuro 90 pi\u00e8ces\" \/>\n<meta property=\"og:url\" content=\"https:\/\/loewentestneu.metafex.io\/fr\/produit\/orthomol-neuro-90-pcs-19440931\" \/>\n<meta property=\"og:site_name\" content=\"Lion Pharmacy\" \/>\n<meta property=\"article:modified_time\" content=\"2025-01-25T08:40:52+00:00\" \/>\n<meta property=\"og:image\" content=\"https:\/\/loewentestneu.metafex.io\/wp-content\/uploads\/2024\/12\/Orthomol-Neuro-PZN-19440931-Lions-Pharmacy.webp\" \/>\n\t<meta property=\"og:image:width\" content=\"600\" \/>\n\t<meta property=\"og:image:height\" content=\"600\" \/>\n\t<meta property=\"og:image:type\" content=\"image\/webp\" \/>\n<meta name=\"twitter:card\" content=\"summary_large_image\" \/>\n<meta name=\"twitter:label1\" content=\"Dur\u00e9e de lecture estim\u00e9e\" \/>\n\t<meta name=\"twitter:data1\" content=\"1 minute\" \/>\n<script type=\"application\/ld+json\" class=\"yoast-schema-graph\">{\"@context\":\"https:\/\/schema.org\",\"@graph\":[{\"@type\":\"WebPage\",\"@id\":\"https:\/\/loewentestneu.metafex.io\/fr\/produit\/orthomol-neuro-90-pcs-19440931\",\"url\":\"https:\/\/loewentestneu.metafex.io\/fr\/produit\/orthomol-neuro-90-pcs-19440931\",\"name\":\"Orthomol Neuro 90 pi\u00e8ces &#187; Lion Pharmacy &#187; En savoir plus\",\"isPartOf\":{\"@id\":\"https:\/\/loewentestneu.metafex.io\/fr#website\"},\"primaryImageOfPage\":{\"@id\":\"https:\/\/loewentestneu.metafex.io\/fr\/produit\/orthomol-neuro-90-pcs-19440931#primaryimage\"},\"image\":{\"@id\":\"https:\/\/loewentestneu.metafex.io\/fr\/produit\/orthomol-neuro-90-pcs-19440931#primaryimage\"},\"thumbnailUrl\":\"https:\/\/loewentestneu.metafex.io\/wp-content\/uploads\/2024\/12\/Orthomol-Neuro-PZN-19440931-Lions-Pharmacy.webp\",\"datePublished\":\"2024-12-06T14:58:29+00:00\",\"dateModified\":\"2025-01-25T08:40:52+00:00\",\"description\":\"Pharmacie Lion | pharmacie en ligne allemande enregistr\u00e9e | Exp\u00e9dition internationale rapide et achats en ligne en toute s\u00e9curit\u00e9. Orthomol Neuro 90 pi\u00e8ces\",\"breadcrumb\":{\"@id\":\"https:\/\/loewentestneu.metafex.io\/fr\/produit\/orthomol-neuro-90-pcs-19440931#breadcrumb\"},\"inLanguage\":\"fr-FR\",\"potentialAction\":[{\"@type\":\"ReadAction\",\"target\":[\"https:\/\/loewentestneu.metafex.io\/fr\/produit\/orthomol-neuro-90-pcs-19440931\"]}]},{\"@type\":\"ImageObject\",\"inLanguage\":\"fr-FR\",\"@id\":\"https:\/\/loewentestneu.metafex.io\/fr\/produit\/orthomol-neuro-90-pcs-19440931#primaryimage\",\"url\":\"https:\/\/loewentestneu.metafex.io\/wp-content\/uploads\/2024\/12\/Orthomol-Neuro-PZN-19440931-Lions-Pharmacy.webp\",\"contentUrl\":\"https:\/\/loewentestneu.metafex.io\/wp-content\/uploads\/2024\/12\/Orthomol-Neuro-PZN-19440931-Lions-Pharmacy.webp\",\"width\":600,\"height\":600,\"caption\":\"images shows Orthomol Neuro PZN 19440931 Pharmacie Lions\"},{\"@type\":\"BreadcrumbList\",\"@id\":\"https:\/\/loewentestneu.metafex.io\/fr\/produit\/orthomol-neuro-90-pcs-19440931#breadcrumb\",\"itemListElement\":[{\"@type\":\"ListItem\",\"position\":1,\"name\":\"Home\",\"item\":\"https:\/\/loewentestneu.metafex.io\/fr\/homepage-lion-pharmacy\"},{\"@type\":\"ListItem\",\"position\":2,\"name\":\"Shop\",\"item\":\"https:\/\/loewentestneu.metafex.io\/fr\/boutique\"},{\"@type\":\"ListItem\",\"position\":3,\"name\":\"Orthomol Neuro 90 pi\u00e8ces\"}]},{\"@type\":\"WebSite\",\"@id\":\"https:\/\/loewentestneu.metafex.io\/fr#website\",\"url\":\"https:\/\/loewentestneu.metafex.io\/fr\",\"name\":\"Lions Pharmacy\",\"description\":\"Pharmacie sp\u00e9cialis\u00e9e en naturopathie de Baden-Baden, Allemagne\",\"publisher\":{\"@id\":\"https:\/\/loewentestneu.metafex.io\/fr#organization\"},\"alternateName\":\"Lion Pharmacy\",\"potentialAction\":[{\"@type\":\"SearchAction\",\"target\":{\"@type\":\"EntryPoint\",\"urlTemplate\":\"https:\/\/loewentestneu.metafex.io\/fr?s={search_term_string}\"},\"query-input\":{\"@type\":\"PropertyValueSpecification\",\"valueRequired\":true,\"valueName\":\"search_term_string\"}}],\"inLanguage\":\"fr-FR\"},{\"@type\":\"Organization\",\"@id\":\"https:\/\/loewentestneu.metafex.io\/fr#organization\",\"name\":\"Lions Pharmacy\",\"alternateName\":\"Lions Pharmacy24\",\"url\":\"https:\/\/loewentestneu.metafex.io\/fr\",\"logo\":{\"@type\":\"ImageObject\",\"inLanguage\":\"fr-FR\",\"@id\":\"https:\/\/loewentestneu.metafex.io\/fr#\/schema\/logo\/image\/\",\"url\":\"https:\/\/loewentestneu.metafex.io\/wp-content\/uploads\/2022\/12\/Logo-Lion-Pharmacy-c-o-Loewen-Apotheke-smal.jpg\",\"contentUrl\":\"https:\/\/loewentestneu.metafex.io\/wp-content\/uploads\/2022\/12\/Logo-Lion-Pharmacy-c-o-Loewen-Apotheke-smal.jpg\",\"width\":298,\"height\":99,\"caption\":\"Lions Pharmacy\"},\"image\":{\"@id\":\"https:\/\/loewentestneu.metafex.io\/fr#\/schema\/logo\/image\/\"}}]}<\/script>\n<!-- \/ Yoast SEO plugin. -->","yoast_head_json":{"title":"Orthomol Neuro 90 pi\u00e8ces &#187; Lion Pharmacy &#187; En savoir plus","description":"Pharmacie Lion | pharmacie en ligne allemande enregistr\u00e9e | Exp\u00e9dition internationale rapide et achats en ligne en toute s\u00e9curit\u00e9. Orthomol Neuro 90 pi\u00e8ces","robots":{"index":"noindex","follow":"follow","max-snippet":"max-snippet:-1","max-image-preview":"max-image-preview:large","max-video-preview":"max-video-preview:-1"},"og_locale":"fr_FR","og_type":"article","og_title":"Orthomol Neuro 90 pi\u00e8ces &#187; Lion Pharmacy &#187; En savoir plus","og_description":"Pharmacie Lion | pharmacie en ligne allemande enregistr\u00e9e | Exp\u00e9dition internationale rapide et achats en ligne en toute s\u00e9curit\u00e9. Orthomol Neuro 90 pi\u00e8ces","og_url":"https:\/\/loewentestneu.metafex.io\/fr\/produit\/orthomol-neuro-90-pcs-19440931","og_site_name":"Lion Pharmacy","article_modified_time":"2025-01-25T08:40:52+00:00","og_image":[{"width":600,"height":600,"url":"https:\/\/loewentestneu.metafex.io\/wp-content\/uploads\/2024\/12\/Orthomol-Neuro-PZN-19440931-Lions-Pharmacy.webp","type":"image\/webp"}],"twitter_card":"summary_large_image","twitter_misc":{"Dur\u00e9e de lecture estim\u00e9e":"1 minute"},"schema":{"@context":"https:\/\/schema.org","@graph":[{"@type":"WebPage","@id":"https:\/\/loewentestneu.metafex.io\/fr\/produit\/orthomol-neuro-90-pcs-19440931","url":"https:\/\/loewentestneu.metafex.io\/fr\/produit\/orthomol-neuro-90-pcs-19440931","name":"Orthomol Neuro 90 pi\u00e8ces &#187; Lion Pharmacy &#187; En savoir plus","isPartOf":{"@id":"https:\/\/loewentestneu.metafex.io\/fr#website"},"primaryImageOfPage":{"@id":"https:\/\/loewentestneu.metafex.io\/fr\/produit\/orthomol-neuro-90-pcs-19440931#primaryimage"},"image":{"@id":"https:\/\/loewentestneu.metafex.io\/fr\/produit\/orthomol-neuro-90-pcs-19440931#primaryimage"},"thumbnailUrl":"https:\/\/loewentestneu.metafex.io\/wp-content\/uploads\/2024\/12\/Orthomol-Neuro-PZN-19440931-Lions-Pharmacy.webp","datePublished":"2024-12-06T14:58:29+00:00","dateModified":"2025-01-25T08:40:52+00:00","description":"Pharmacie Lion | pharmacie en ligne allemande enregistr\u00e9e | Exp\u00e9dition internationale rapide et achats en ligne en toute s\u00e9curit\u00e9. Orthomol Neuro 90 pi\u00e8ces","breadcrumb":{"@id":"https:\/\/loewentestneu.metafex.io\/fr\/produit\/orthomol-neuro-90-pcs-19440931#breadcrumb"},"inLanguage":"fr-FR","potentialAction":[{"@type":"ReadAction","target":["https:\/\/loewentestneu.metafex.io\/fr\/produit\/orthomol-neuro-90-pcs-19440931"]}]},{"@type":"ImageObject","inLanguage":"fr-FR","@id":"https:\/\/loewentestneu.metafex.io\/fr\/produit\/orthomol-neuro-90-pcs-19440931#primaryimage","url":"https:\/\/loewentestneu.metafex.io\/wp-content\/uploads\/2024\/12\/Orthomol-Neuro-PZN-19440931-Lions-Pharmacy.webp","contentUrl":"https:\/\/loewentestneu.metafex.io\/wp-content\/uploads\/2024\/12\/Orthomol-Neuro-PZN-19440931-Lions-Pharmacy.webp","width":600,"height":600,"caption":"images shows Orthomol Neuro PZN 19440931 Pharmacie Lions"},{"@type":"BreadcrumbList","@id":"https:\/\/loewentestneu.metafex.io\/fr\/produit\/orthomol-neuro-90-pcs-19440931#breadcrumb","itemListElement":[{"@type":"ListItem","position":1,"name":"Home","item":"https:\/\/loewentestneu.metafex.io\/fr\/homepage-lion-pharmacy"},{"@type":"ListItem","position":2,"name":"Shop","item":"https:\/\/loewentestneu.metafex.io\/fr\/boutique"},{"@type":"ListItem","position":3,"name":"Orthomol Neuro 90 pi\u00e8ces"}]},{"@type":"WebSite","@id":"https:\/\/loewentestneu.metafex.io\/fr#website","url":"https:\/\/loewentestneu.metafex.io\/fr","name":"Lions Pharmacy","description":"Pharmacie sp\u00e9cialis\u00e9e en naturopathie de Baden-Baden, Allemagne","publisher":{"@id":"https:\/\/loewentestneu.metafex.io\/fr#organization"},"alternateName":"Lion Pharmacy","potentialAction":[{"@type":"SearchAction","target":{"@type":"EntryPoint","urlTemplate":"https:\/\/loewentestneu.metafex.io\/fr?s={search_term_string}"},"query-input":{"@type":"PropertyValueSpecification","valueRequired":true,"valueName":"search_term_string"}}],"inLanguage":"fr-FR"},{"@type":"Organization","@id":"https:\/\/loewentestneu.metafex.io\/fr#organization","name":"Lions Pharmacy","alternateName":"Lions Pharmacy24","url":"https:\/\/loewentestneu.metafex.io\/fr","logo":{"@type":"ImageObject","inLanguage":"fr-FR","@id":"https:\/\/loewentestneu.metafex.io\/fr#\/schema\/logo\/image\/","url":"https:\/\/loewentestneu.metafex.io\/wp-content\/uploads\/2022\/12\/Logo-Lion-Pharmacy-c-o-Loewen-Apotheke-smal.jpg","contentUrl":"https:\/\/loewentestneu.metafex.io\/wp-content\/uploads\/2022\/12\/Logo-Lion-Pharmacy-c-o-Loewen-Apotheke-smal.jpg","width":298,"height":99,"caption":"Lions Pharmacy"},"image":{"@id":"https:\/\/loewentestneu.metafex.io\/fr#\/schema\/logo\/image\/"}}]}},"_links":{"self":[{"href":"https:\/\/loewentestneu.metafex.io\/fr\/wp-json\/wp\/v2\/product\/7238","targetHints":{"allow":["GET"]}}],"collection":[{"href":"https:\/\/loewentestneu.metafex.io\/fr\/wp-json\/wp\/v2\/product"}],"about":[{"href":"https:\/\/loewentestneu.metafex.io\/fr\/wp-json\/wp\/v2\/types\/product"}],"replies":[{"embeddable":true,"href":"https:\/\/loewentestneu.metafex.io\/fr\/wp-json\/wp\/v2\/comments?post=7238"}],"wp:featuredmedia":[{"embeddable":true,"href":"https:\/\/loewentestneu.metafex.io\/fr\/wp-json\/wp\/v2\/media\/7243"}],"wp:attachment":[{"href":"https:\/\/loewentestneu.metafex.io\/fr\/wp-json\/wp\/v2\/media?parent=7238"}],"wp:term":[{"taxonomy":"product_brand","embeddable":true,"href":"https:\/\/loewentestneu.metafex.io\/fr\/wp-json\/wp\/v2\/product_brand?post=7238"},{"taxonomy":"product_cat","embeddable":true,"href":"https:\/\/loewentestneu.metafex.io\/fr\/wp-json\/wp\/v2\/product_cat?post=7238"},{"taxonomy":"product_tag","embeddable":true,"href":"https:\/\/loewentestneu.metafex.io\/fr\/wp-json\/wp\/v2\/product_tag?post=7238"}],"curies":[{"name":"wp","href":"https:\/\/api.w.org\/{rel}","templated":true}]}}